{"id":254,"date":"2023-07-17T17:00:14","date_gmt":"2023-07-17T20:00:14","guid":{"rendered":"https:\/\/www.manaus.am.gov.br\/semmas\/?page_id=254"},"modified":"2023-10-30T10:29:34","modified_gmt":"2023-10-30T13:29:34","slug":"nossa-historia","status":"publish","type":"page","link":"https:\/\/www.manaus.am.gov.br\/semmas\/a-semmas\/nossa-historia\/","title":{"rendered":"Nossa hist\u00f3ria"},"content":{"rendered":"\n<p>A Secretaria de Meio Ambiente (Sema) foi fundada em 1979. Funcionava na sede da Secretaria Municipal de Limpeza P\u00fablica, \u00e0 qual era subordinada. Em 1989, foi implantantada definitivamente a Secretaria de Defesa do Meio Ambiente (Sedema) por for\u00e7a do decreto que instituiu a Lei Municipal no. 2.021, de 12 de julho. A Secretaria continuou funcionando na sede da Limpeza Publica e em 1990 transferiu-se para o antigo balne\u00e1rio do Parque Dez de Novembro.<\/p>\n\n\n\n<p>Atrav\u00e9s da Lei Municipal no. 175, de 10 de mar\u00e7o de 1993, teve sua estrutura e nomenclatura alteradas e passou a chamar-se Sedema, \u00f3rg\u00e3o vinculado ao Sistema Nacional do Meio Ambiente \u2013 SISNAMA, com a finalidade principal de formular e executar a Pol\u00edtica Municipal de Meio Ambiente, em conson\u00e2ncia com as diretrizes estabelecidas pela Lei no. 6.938, de 31 de agosto de 1981, e altera\u00e7\u00f5es posteriores, que estabelecem a Pol\u00edtica Nacional do Meio Ambiente. Em 2005, passou a se chamar Secretaria Municipal de Meio Ambiente (Semma) e teve a sede transferida para a Avenida Andr\u00e9 Ara\u00fajo, 1.500, bairro Aleixo. A partir de 2009, passou teve a nomenclatura modificada para Secretaria Municipal de Meio Ambiente e Sustentabilidade (Semmas), com sede no mesmo local. Em 2013, passou a funcionar na Avenida Constela\u00e7\u00e3o, 30, Morada do Sol, transferindo-se um ano depois para a Rua Rub\u00eddio, 288, Vila da Prata, onde se encontra atualmente.<\/p>\n","protected":false},"excerpt":{"rendered":"","protected":false},"author":27,"featured_media":0,"parent":252,"menu_order":0,"comment_status":"closed","ping_status":"closed","template":"templates\/turismo.php","meta":{"footnotes":""},"acf":[],"yoast_head":"<!-- This site is optimized with the Yoast SEO plugin v23.0 - https:\/\/yoast.com\/wordpress\/plugins\/seo\/ -->\n<title>Nossa hist\u00f3ria - SEMMAS<\/title>\n<meta name=\"robots\" content=\"noindex, follow\" \/>\n<meta property=\"og:locale\" content=\"pt_BR\" \/>\n<meta property=\"og:type\" content=\"article\" \/>\n<meta property=\"og:title\" content=\"Nossa hist\u00f3ria - SEMMAS\" \/>\n<meta property=\"og:url\" content=\"https:\/\/www.manaus.am.gov.br\/semmas\/a-semmas\/nossa-historia\/\" \/>\n<meta property=\"og:site_name\" content=\"SEMMAS\" \/>\n<meta property=\"article:publisher\" content=\"https:\/\/www.facebook.com\/SemmasManaus\" \/>\n<meta property=\"article:modified_time\" content=\"2023-10-30T13:29:34+00:00\" \/>\n<meta property=\"og:image\" content=\"https:\/\/www.manaus.am.gov.br\/semmas\/wp-content\/uploads\/sites\/26\/2024\/07\/thumb-default-2.png\" \/>\n\t<meta property=\"og:image:width\" content=\"966\" \/>\n\t<meta property=\"og:image:height\" content=\"520\" \/>\n\t<meta property=\"og:image:type\" content=\"image\/png\" \/>\n<meta name=\"twitter:card\" content=\"summary_large_image\" \/>\n<meta name=\"twitter:label1\" content=\"Est. reading time\" \/>\n\t<meta name=\"twitter:data1\" content=\"2 minutos\" \/>\n<script type=\"application\/ld+json\" class=\"yoast-schema-graph\">{\"@context\":\"https:\/\/schema.org\",\"@graph\":[{\"@type\":\"WebPage\",\"@id\":\"https:\/\/www.manaus.am.gov.br\/semmas\/a-semmas\/nossa-historia\/\",\"url\":\"https:\/\/www.manaus.am.gov.br\/semmas\/a-semmas\/nossa-historia\/\",\"name\":\"Nossa hist\u00f3ria - SEMMAS\",\"isPartOf\":{\"@id\":\"https:\/\/www.manaus.am.gov.br\/semmas\/#website\"},\"datePublished\":\"2023-07-17T20:00:14+00:00\",\"dateModified\":\"2023-10-30T13:29:34+00:00\",\"breadcrumb\":{\"@id\":\"https:\/\/www.manaus.am.gov.br\/semmas\/a-semmas\/nossa-historia\/#breadcrumb\"},\"inLanguage\":\"pt-BR\",\"potentialAction\":[{\"@type\":\"ReadAction\",\"target\":[\"https:\/\/www.manaus.am.gov.br\/semmas\/a-semmas\/nossa-historia\/\"]}]},{\"@type\":\"BreadcrumbList\",\"@id\":\"https:\/\/www.manaus.am.gov.br\/semmas\/a-semmas\/nossa-historia\/#breadcrumb\",\"itemListElement\":[{\"@type\":\"ListItem\",\"position\":1,\"name\":\"Home\",\"item\":\"https:\/\/www.manaus.am.gov.br\/semmas\/\"},{\"@type\":\"ListItem\",\"position\":2,\"name\":\"A SEMMAS\",\"item\":\"https:\/\/www.manaus.am.gov.br\/semmas\/a-semmas\/\"},{\"@type\":\"ListItem\",\"position\":3,\"name\":\"Nossa hist\u00f3ria\"}]},{\"@type\":\"WebSite\",\"@id\":\"https:\/\/www.manaus.am.gov.br\/semmas\/#website\",\"url\":\"https:\/\/www.manaus.am.gov.br\/semmas\/\",\"name\":\"SEMMAS CLIMA\",\"description\":\"Secretaria Municipal de Meio Ambiente e Sustentabilidade\",\"publisher\":{\"@id\":\"https:\/\/www.manaus.am.gov.br\/semmas\/#organization\"},\"alternateName\":\"Secretaria Municipal de Meio Ambiente e Sustentabilidade\",\"potentialAction\":[{\"@type\":\"SearchAction\",\"target\":{\"@type\":\"EntryPoint\",\"urlTemplate\":\"https:\/\/www.manaus.am.gov.br\/semmas\/?s={search_term_string}\"},\"query-input\":\"required name=search_term_string\"}],\"inLanguage\":\"pt-BR\"},{\"@type\":\"Organization\",\"@id\":\"https:\/\/www.manaus.am.gov.br\/semmas\/#organization\",\"name\":\"Prefeitura de Manaus\",\"alternateName\":\"Prefeitura Municipal de Manaus\",\"url\":\"https:\/\/www.manaus.am.gov.br\/semmas\/\",\"logo\":{\"@type\":\"ImageObject\",\"inLanguage\":\"pt-BR\",\"@id\":\"https:\/\/www.manaus.am.gov.br\/semmas\/#\/schema\/logo\/image\/\",\"url\":\"https:\/\/www.manaus.am.gov.br\/semmas\/wp-content\/uploads\/sites\/26\/2024\/06\/brasao.png\",\"contentUrl\":\"https:\/\/www.manaus.am.gov.br\/semmas\/wp-content\/uploads\/sites\/26\/2024\/06\/brasao.png\",\"width\":286,\"height\":408,\"caption\":\"Prefeitura de Manaus\"},\"image\":{\"@id\":\"https:\/\/www.manaus.am.gov.br\/semmas\/#\/schema\/logo\/image\/\"},\"sameAs\":[\"https:\/\/www.facebook.com\/SemmasManaus\",\"https:\/\/www.instagram.com\/semmasmanaus\/\",\"https:\/\/www.youtube.com\/@semmasmanaus2835\"]}]}<\/script>\n<!-- \/ Yoast SEO plugin. -->","yoast_head_json":{"title":"Nossa hist\u00f3ria - SEMMAS","robots":{"index":"noindex","follow":"follow"},"og_locale":"pt_BR","og_type":"article","og_title":"Nossa hist\u00f3ria - SEMMAS","og_url":"https:\/\/www.manaus.am.gov.br\/semmas\/a-semmas\/nossa-historia\/","og_site_name":"SEMMAS","article_publisher":"https:\/\/www.facebook.com\/SemmasManaus","article_modified_time":"2023-10-30T13:29:34+00:00","og_image":[{"width":966,"height":520,"url":"https:\/\/www.manaus.am.gov.br\/semmas\/wp-content\/uploads\/sites\/26\/2024\/07\/thumb-default-2.png","type":"image\/png"}],"twitter_card":"summary_large_image","twitter_misc":{"Est. reading time":"2 minutos"},"schema":{"@context":"https:\/\/schema.org","@graph":[{"@type":"WebPage","@id":"https:\/\/www.manaus.am.gov.br\/semmas\/a-semmas\/nossa-historia\/","url":"https:\/\/www.manaus.am.gov.br\/semmas\/a-semmas\/nossa-historia\/","name":"Nossa hist\u00f3ria - SEMMAS","isPartOf":{"@id":"https:\/\/www.manaus.am.gov.br\/semmas\/#website"},"datePublished":"2023-07-17T20:00:14+00:00","dateModified":"2023-10-30T13:29:34+00:00","breadcrumb":{"@id":"https:\/\/www.manaus.am.gov.br\/semmas\/a-semmas\/nossa-historia\/#breadcrumb"},"inLanguage":"pt-BR","potentialAction":[{"@type":"ReadAction","target":["https:\/\/www.manaus.am.gov.br\/semmas\/a-semmas\/nossa-historia\/"]}]},{"@type":"BreadcrumbList","@id":"https:\/\/www.manaus.am.gov.br\/semmas\/a-semmas\/nossa-historia\/#breadcrumb","itemListElement":[{"@type":"ListItem","position":1,"name":"Home","item":"https:\/\/www.manaus.am.gov.br\/semmas\/"},{"@type":"ListItem","position":2,"name":"A SEMMAS","item":"https:\/\/www.manaus.am.gov.br\/semmas\/a-semmas\/"},{"@type":"ListItem","position":3,"name":"Nossa hist\u00f3ria"}]},{"@type":"WebSite","@id":"https:\/\/www.manaus.am.gov.br\/semmas\/#website","url":"https:\/\/www.manaus.am.gov.br\/semmas\/","name":"SEMMAS CLIMA","description":"Secretaria Municipal de Meio Ambiente e Sustentabilidade","publisher":{"@id":"https:\/\/www.manaus.am.gov.br\/semmas\/#organization"},"alternateName":"Secretaria Municipal de Meio Ambiente e Sustentabilidade","potentialAction":[{"@type":"SearchAction","target":{"@type":"EntryPoint","urlTemplate":"https:\/\/www.manaus.am.gov.br\/semmas\/?s={search_term_string}"},"query-input":"required name=search_term_string"}],"inLanguage":"pt-BR"},{"@type":"Organization","@id":"https:\/\/www.manaus.am.gov.br\/semmas\/#organization","name":"Prefeitura de Manaus","alternateName":"Prefeitura Municipal de Manaus","url":"https:\/\/www.manaus.am.gov.br\/semmas\/","logo":{"@type":"ImageObject","inLanguage":"pt-BR","@id":"https:\/\/www.manaus.am.gov.br\/semmas\/#\/schema\/logo\/image\/","url":"https:\/\/www.manaus.am.gov.br\/semmas\/wp-content\/uploads\/sites\/26\/2024\/06\/brasao.png","contentUrl":"https:\/\/www.manaus.am.gov.br\/semmas\/wp-content\/uploads\/sites\/26\/2024\/06\/brasao.png","width":286,"height":408,"caption":"Prefeitura de Manaus"},"image":{"@id":"https:\/\/www.manaus.am.gov.br\/semmas\/#\/schema\/logo\/image\/"},"sameAs":["https:\/\/www.facebook.com\/SemmasManaus","https:\/\/www.instagram.com\/semmasmanaus\/","https:\/\/www.youtube.com\/@semmasmanaus2835"]}]}},"_links":{"self":[{"href":"https:\/\/www.manaus.am.gov.br\/semmas\/wp-json\/wp\/v2\/pages\/254"}],"collection":[{"href":"https:\/\/www.manaus.am.gov.br\/semmas\/wp-json\/wp\/v2\/pages"}],"about":[{"href":"https:\/\/www.manaus.am.gov.br\/semmas\/wp-json\/wp\/v2\/types\/page"}],"author":[{"embeddable":true,"href":"https:\/\/www.manaus.am.gov.br\/semmas\/wp-json\/wp\/v2\/users\/27"}],"replies":[{"embeddable":true,"href":"https:\/\/www.manaus.am.gov.br\/semmas\/wp-json\/wp\/v2\/comments?post=254"}],"version-history":[{"count":4,"href":"https:\/\/www.manaus.am.gov.br\/semmas\/wp-json\/wp\/v2\/pages\/254\/revisions"}],"predecessor-version":[{"id":10012,"href":"https:\/\/www.manaus.am.gov.br\/semmas\/wp-json\/wp\/v2\/pages\/254\/revisions\/10012"}],"up":[{"embeddable":true,"href":"https:\/\/www.manaus.am.gov.br\/semmas\/wp-json\/wp\/v2\/pages\/252"}],"wp:attachment":[{"href":"https:\/\/www.manaus.am.gov.br\/semmas\/wp-json\/wp\/v2\/media?parent=254"}],"curies":[{"name":"wp","href":"https:\/\/api.w.org\/{rel}","templated":true}]}}