{"id":11800,"date":"2024-09-23T11:16:43","date_gmt":"2024-09-23T15:16:43","guid":{"rendered":"https:\/\/www.manaus.am.gov.br\/semmas\/?page_id=11800"},"modified":"2024-09-23T11:16:43","modified_gmt":"2024-09-23T15:16:43","slug":"tacas-2014","status":"publish","type":"page","link":"https:\/\/www.manaus.am.gov.br\/semmas\/tacas-2014\/","title":{"rendered":"TACAS 2014"},"content":{"rendered":"\n<h3 class=\"wp-block-heading\">Fevereiro<\/h3>\n\n\n\n<h2 class=\"wp-block-heading\"><a href=\"https:\/\/www.manaus.am.gov.br\/semmas\/wp-content\/uploads\/sites\/26\/2023\/07\/TACA-02-2014-A.-L.-PARENTE-ME.pdf\" target=\"_blank\" rel=\"noreferrer noopener\">TACA 02-2014 \u2013 A. L. PARENTE \u2013 ME<\/a><\/h2>\n\n\n\n<p>TERMO DE AJUSTAMENTO DE CONDUTA AMBIENTAL-TACA que entre si celebram a Secretaria Municipal de Meio Ambiente e Sustentabilidade &#8211; SEMMAS e A.L. PARENTE -ME (PROCESSO N\u00ba 2013\/4933\/6208\/0012).<\/p>\n\n\n\n<h3 class=\"wp-block-heading\">Mar\u00e7o<\/h3>\n\n\n\n<h2 class=\"wp-block-heading\"><a href=\"https:\/\/www.manaus.am.gov.br\/semmas\/wp-content\/uploads\/sites\/26\/2023\/07\/TACA-10-2014-A-VALERIO-BRITO-ME-1.pdf\" target=\"_blank\" rel=\"noreferrer noopener\">TACA 10-2014 A VAL\u00c9RIO BRITO \u2013 ME<\/a><\/h2>\n\n\n\n<p>TERMO DE AJUSTAMENTO DE CONDUTA AMBIENTAL-TACA que entre si celebram a Secretaria Municipal de Meio Ambiente e Sustentabilidade &#8211; SEMMAS e A VAL\u00c9RIO BRITO ME (PROCESSO N\u00ba 2013\/15848\/15872\/00067).<\/p>\n\n\n\n<h2 class=\"wp-block-heading\"><a href=\"https:\/\/www.manaus.am.gov.br\/semmas\/wp-content\/uploads\/sites\/26\/2023\/07\/TACA-09-2014-P.-A.-MOTA-DE-OLIVEIRA-1.pdf\" target=\"_blank\" rel=\"noreferrer noopener\">TACA 09-2014 P. A. MOTA DE OLIVEIRA<\/a><\/h2>\n\n\n\n<p>TERMO DE AJUSTAMENTO DE CONDUTA AMBIENTAL-TACA que entre si celebram a Secretaria Municipal de Meio Ambiente e Sustentabilidade &#8211; SEMMAS e P. A. MOTA DE OLIVEIRA (PROCESSO N\u00ba 2013\/15848\/15868\/00015).<\/p>\n\n\n\n<h2 class=\"wp-block-heading\"><a href=\"https:\/\/www.manaus.am.gov.br\/semmas\/wp-content\/uploads\/sites\/26\/2023\/07\/TACA-07-2014-IME-INSTITUTO-METROPOLITANO-DE-ENSINO-LTDA.pdf\" target=\"_blank\" rel=\"noreferrer noopener\">TACA 07-2014 \u2013 IME \u2013 INSTITUTO METROPOLITANO DE ENSINO LTDA<\/a><\/h2>\n\n\n\n<p>TERMO DE AJUSTAMENTO DE CONDUTA AMBIENTAL-TACA que entre si celebram a Secretaria Municipal de Meio Ambiente e Sustentabilidade &#8211; SEMMAS e IME &#8211; INSTITUTO METROPOLITANO DE ENSINO LTDA (PROCESSO N\u00ba 2012\/4933\/6208\/00204).<\/p>\n\n\n\n<h2 class=\"wp-block-heading\"><a href=\"https:\/\/www.manaus.am.gov.br\/semmas\/wp-content\/uploads\/sites\/26\/2023\/07\/TACA-06-2014-RICARDO-LUNA-DE-SOUZA.pdf\" target=\"_blank\" rel=\"noreferrer noopener\">TACA 06-2014 \u2013 RICARDO LUNA DE SOUZA<\/a><\/h2>\n\n\n\n<p>TERMO DE AJUSTAMENTO DE CONDUTA AMBIENTAL-TACA que entre si celebram a Secretaria Municipal de Meio Ambiente e Sustentabilidade &#8211; SEMMAS e RICARDO LUNA DE SOUZA (PROCESSO N\u00ba 2009\/4933\/6208\/00031).<\/p>\n\n\n\n<h2 class=\"wp-block-heading\"><a href=\"https:\/\/www.manaus.am.gov.br\/semmas\/wp-content\/uploads\/sites\/26\/2023\/07\/TACA-05-2014-DROGARIA-TROPICAL-LTDA.pdf\" target=\"_blank\" rel=\"noreferrer noopener\">TACA 05-2014 \u2013 DROGARIA TROPICAL LTDA<\/a><\/h2>\n\n\n\n<p>TERMO DE AJUSTAMENTO DE CONDUTA AMBIENTAL-TACA que entre si celebram a Secretaria Municipal de Meio Ambiente e Sustentabilidade &#8211; SEMMAS e DROGARIA TROPICAL LTDA (PROCESSO N\u00ba 2012\/4933\/6208\/00074).<\/p>\n\n\n\n<h2 class=\"wp-block-heading\"><a href=\"https:\/\/www.manaus.am.gov.br\/semmas\/wp-content\/uploads\/sites\/26\/2023\/07\/TACA-04-2014-IZOMAR-DA-SILVA-SOUZA.pdf\" target=\"_blank\" rel=\"noreferrer noopener\">TACA 04-2014 \u2013 IZOMAR DA SILVA SOUZA<\/a><\/h2>\n\n\n\n<p>TERMO DE AJUSTAMENTO DE CONDUTA AMBIENTAL-TACA que entre si celebram a Secretaria Municipal de Meio Ambiente e Sustentabilidade &#8211; SEMMAS e IZOMAR DA SILVA SOUZA (PROCESSO N\u00ba 2013\/15848\/15782\/00291).<\/p>\n\n\n\n<h3 class=\"wp-block-heading\">Abril<\/h3>\n\n\n\n<h2 class=\"wp-block-heading\"><a href=\"https:\/\/www.manaus.am.gov.br\/semmas\/wp-content\/uploads\/sites\/26\/2023\/07\/TACA-11-2014-J.J.-DE-SOUZA-NETO-1.pdf\" target=\"_blank\" rel=\"noreferrer noopener\">TACA 11-2014 J.J. DE SOUZA NETO<\/a><\/h2>\n\n\n\n<p>TERMO DE AJUSTAMENTO DE CONDUTA AMBIENTAL-TACA que entre si celebram a Secretaria Municipal de Meio Ambiente e Sustentabilidade &#8211; SEMMAS e J.J. DE SOUZA NETO (PROCESSO N\u00ba 2010\/4933\/6208\/00081).<\/p>\n\n\n\n<h2 class=\"wp-block-heading\"><a href=\"https:\/\/www.manaus.am.gov.br\/semmas\/wp-content\/uploads\/sites\/26\/2023\/07\/TACA-01-2014-MVN-INVESTIMENTOS-IMOBILIARIOS-E-PARTICIPACOES-SA.pdf\" target=\"_blank\" rel=\"noreferrer noopener\">TACA 01-2014 \u2013 MVN INVESTIMENTOS IMOBILI\u00c1RIOS E PARTICIPA\u00c7\u00d5ES SA<\/a><\/h2>\n\n\n\n<p>TERMO DE AJUSTAMENTO DE CONDUTA AMBIENTAL-TACA que entre si celebram a Secretaria Municipal de Meio Ambiente e Sustentabilidade &#8211; SEMMAS e MVN INVESTIMENTOS IMOBILI\u00c1RIOS E PARTICIPA\u00c7\u00d5ES SA (PROCESSO N\u00ba 2013\/15848\/15872\/00177).<\/p>\n\n\n\n<h3 class=\"wp-block-heading\">Maio<\/h3>\n\n\n\n<h2 class=\"wp-block-heading\"><a href=\"https:\/\/www.manaus.am.gov.br\/semmas\/wp-content\/uploads\/sites\/26\/2023\/07\/TACA-12-2014-TAPAJOS-COM.-DE-MEDICAMENTOS-LTDA-2.pdf\" target=\"_blank\" rel=\"noreferrer noopener\">TACA 12-2014 TAPAJ\u00d3S COM. DE MEDICAMENTOS LTDA<\/a><\/h2>\n\n\n\n<p>TERMO DE AJUSTAMENTO DE CONDUTA AMBIENTAL-TACA que entre si celebram a Secretaria Municipal de Meio Ambiente e Sustentabilidade &#8211; SEMMAS e TAPAJ\u00d3S COM. DE MEDICAMENTOS LTDA (PROCESSO N\u00ba 2014\/15848\/15868\/00016).<\/p>\n\n\n\n<h3 class=\"wp-block-heading\">Junho<\/h3>\n\n\n\n<h2 class=\"wp-block-heading\"><a href=\"https:\/\/www.manaus.am.gov.br\/semmas\/wp-content\/uploads\/sites\/26\/2023\/07\/TACA-13-2014-USEPAR-PARTICIPACOES-EMPRESARIAIS-LTDA.pdf\" target=\"_blank\" rel=\"noreferrer noopener\">TACA 13-2014 \u2013 USEPAR PARTICIPA\u00c7OES EMPRESARIAIS LTDA<\/a><\/h2>\n\n\n\n<p>TERMO DE AJUSTAMENTO DE CONDUTA AMBIENTAL-TACA que entre si celebram a Secretaria Municipal de Meio Ambiente e Sustentabilidade &#8211; SEMMAS e USEPAR PARTICIPA\u00c7\u00c3O EMPRESARIAIS LTDA (PROCESSO N\u00ba 2013\/15848\/15868\/00011).<\/p>\n\n\n\n<h3 class=\"wp-block-heading\">Julho<\/h3>\n\n\n\n<h2 class=\"wp-block-heading\"><a href=\"https:\/\/www.manaus.am.gov.br\/semmas\/wp-content\/uploads\/sites\/26\/2023\/07\/TACA-15-2014-SOLINOX-LTDA-EPP-2.pdf\" target=\"_blank\" rel=\"noreferrer noopener\">TACA 15-2014 SOLINOX LTDA \u2013 EPP<\/a><\/h2>\n\n\n\n<p>TERMO DE AJUSTAMENTO DE CONDUTA AMBIENTAL-TACA que entre si celebram a Secretaria Municipal de Meio Ambiente e Sustentabilidade &#8211; SEMMAS e SOLINOX LTDA &#8211; EPP (PROCESSO N\u00ba 2012\/4933\/6288\/00031).<\/p>\n\n\n\n<h2 class=\"wp-block-heading\"><a href=\"https:\/\/www.manaus.am.gov.br\/semmas\/wp-content\/uploads\/sites\/26\/2023\/07\/TACA-14-2014-CONDOMINIO-RESIDENCIAL-RENAISSANCE-1.pdf\">TACA 14-2014 CONDOMINIO RESIDENCIAL RENAISSANCE<\/a><\/h2>\n\n\n\n<p>TERMO DE AJUSTAMENTO DE CONDUTA AMBIENTAL-TACA que entre si celebram a Secretaria Municipal de Meio Ambiente e Sustentabilidade &#8211; SEMMAS e CONDOMINIO RESIDENCIAL RENAISSANCE (PROCESSO N\u00ba 2013\/15848\/15872\/00193).<\/p>\n\n\n\n<h2 class=\"wp-block-heading\">Setembro<\/h2>\n\n\n\n<h2 class=\"wp-block-heading\"><a href=\"https:\/\/www.manaus.am.gov.br\/semmas\/wp-content\/uploads\/sites\/26\/2023\/07\/TACA-16-2014-K.-S.-BAR-1.pdf\" target=\"_blank\" rel=\"noreferrer noopener\">TACA 16-2014 K. S. BAR<\/a><\/h2>\n\n\n\n<p>TERMO DE AJUSTAMENTO DE CONDUTA AMBIENTAL-TACA que entre si celebram a Secretaria Municipal de Meio Ambiente e Sustentabilidade &#8211; SEMMAS e K.S. BAR (PROCESSO N\u00ba 2014\/1584815872\/00149).<\/p>\n\n\n\n<h3 class=\"wp-block-heading\">Outubro<\/h3>\n\n\n\n<h2 class=\"wp-block-heading\"><a href=\"https:\/\/www.manaus.am.gov.br\/semmas\/wp-content\/uploads\/sites\/26\/2023\/07\/TACA-17-2014-M.-DO-S.L.-RUBIM-GANDAIA-SHOW-CLUBE-2.pdf\" target=\"_blank\" rel=\"noreferrer noopener\">TACA 17-2014 \u2013 M. DO S.L. RUBIM \u2013 GANDAIA SHOW CLUBE<\/a><\/h2>\n\n\n\n<p>TERMO DE AJUSTAMENTO DE CONDUTA AMBIENTAL-TACA que entre si celebram a Secretaria Municipal de Meio Ambiente e Sustentabilidade &#8211; SEMMAS e M. DO S.L. RUBIM &#8211; GANDAIA SHOW CLUBE (PROCESSO N\u00ba 2013\/15848\/15872\/00047).<\/p>\n\n\n\n<h3 class=\"wp-block-heading\">Dezembro<\/h3>\n\n\n\n<h2 class=\"wp-block-heading\"><a href=\"https:\/\/www.manaus.am.gov.br\/semmas\/wp-content\/uploads\/sites\/26\/2023\/07\/TACA-19-2014-JOVENTINO-DE-OLIVEIRA.pdf\" target=\"_blank\" rel=\"noreferrer noopener\">TACA 19-2014 \u2013 JOVENTINO DE OLIVEIRA<\/a><\/h2>\n\n\n\n<p>TERMO DE AJUSTAMENTO DE CONDUTA AMBIENTAL-TACA que entre si celebram a Secretaria Municipal de Meio Ambiente e Sustentabilidade &#8211; SEMMAS e JOVENTINO DE OLIVEIRA (PROCESSO N\u00ba 2011\/4933\/6208\/00103).<\/p>\n\n\n\n<h2 class=\"wp-block-heading\"><a href=\"https:\/\/www.manaus.am.gov.br\/semmas\/wp-content\/uploads\/sites\/26\/2023\/07\/TACA-18-2014-DANIEL-DE-MELO-RODRIGUES-BAR-DA-KEILA.pdf\" target=\"_blank\" rel=\"noreferrer noopener\">TACA 18-2014 \u2013 DANIEL DE MELO RODRIGUES \u2013 BAR DA KEILA<\/a><\/h2>\n\n\n\n<p>TERMO DE AJUSTAMENTO DE CONDUTA AMBIENTAL-TACA que entre si celebram a Secretaria Municipal de Meio Ambiente e Sustentabilidade &#8211; SEMMAS e DANIEL DE MELO RODRIGUES &#8211; BAR DA KEILA ((PROCESSO N\u00ba 2013\/15848\/15872\/00281).<\/p>\n","protected":false},"excerpt":{"rendered":"","protected":false},"author":69,"featured_media":0,"parent":0,"menu_order":0,"comment_status":"closed","ping_status":"closed","template":"","meta":{"footnotes":""},"acf":[],"yoast_head":"<!-- This site is optimized with the Yoast SEO plugin v23.0 - https:\/\/yoast.com\/wordpress\/plugins\/seo\/ -->\n<title>TACAS 2014 - SEMMAS<\/title>\n<meta name=\"robots\" content=\"noindex, follow\" \/>\n<meta property=\"og:locale\" content=\"pt_BR\" \/>\n<meta property=\"og:type\" content=\"article\" \/>\n<meta property=\"og:title\" content=\"TACAS 2014 - SEMMAS\" \/>\n<meta property=\"og:url\" content=\"https:\/\/www.manaus.am.gov.br\/semmas\/tacas-2014\/\" \/>\n<meta property=\"og:site_name\" content=\"SEMMAS\" \/>\n<meta property=\"article:publisher\" content=\"https:\/\/www.facebook.com\/SemmasManaus\" \/>\n<meta property=\"og:image\" content=\"https:\/\/www.manaus.am.gov.br\/semmas\/wp-content\/uploads\/sites\/26\/2024\/07\/thumb-default-2.png\" \/>\n\t<meta property=\"og:image:width\" content=\"966\" \/>\n\t<meta property=\"og:image:height\" content=\"520\" \/>\n\t<meta property=\"og:image:type\" content=\"image\/png\" \/>\n<meta name=\"twitter:card\" content=\"summary_large_image\" \/>\n<meta name=\"twitter:label1\" content=\"Est. reading time\" \/>\n\t<meta name=\"twitter:data1\" content=\"4 minutos\" \/>\n<script type=\"application\/ld+json\" class=\"yoast-schema-graph\">{\"@context\":\"https:\/\/schema.org\",\"@graph\":[{\"@type\":\"WebPage\",\"@id\":\"https:\/\/www.manaus.am.gov.br\/semmas\/tacas-2014\/\",\"url\":\"https:\/\/www.manaus.am.gov.br\/semmas\/tacas-2014\/\",\"name\":\"TACAS 2014 - SEMMAS\",\"isPartOf\":{\"@id\":\"https:\/\/www.manaus.am.gov.br\/semmas\/#website\"},\"datePublished\":\"2024-09-23T15:16:43+00:00\",\"dateModified\":\"2024-09-23T15:16:43+00:00\",\"breadcrumb\":{\"@id\":\"https:\/\/www.manaus.am.gov.br\/semmas\/tacas-2014\/#breadcrumb\"},\"inLanguage\":\"pt-BR\",\"potentialAction\":[{\"@type\":\"ReadAction\",\"target\":[\"https:\/\/www.manaus.am.gov.br\/semmas\/tacas-2014\/\"]}]},{\"@type\":\"BreadcrumbList\",\"@id\":\"https:\/\/www.manaus.am.gov.br\/semmas\/tacas-2014\/#breadcrumb\",\"itemListElement\":[{\"@type\":\"ListItem\",\"position\":1,\"name\":\"Home\",\"item\":\"https:\/\/www.manaus.am.gov.br\/semmas\/\"},{\"@type\":\"ListItem\",\"position\":2,\"name\":\"TACAS 2014\"}]},{\"@type\":\"WebSite\",\"@id\":\"https:\/\/www.manaus.am.gov.br\/semmas\/#website\",\"url\":\"https:\/\/www.manaus.am.gov.br\/semmas\/\",\"name\":\"SEMMAS CLIMA\",\"description\":\"Secretaria Municipal de Meio Ambiente e Sustentabilidade\",\"publisher\":{\"@id\":\"https:\/\/www.manaus.am.gov.br\/semmas\/#organization\"},\"alternateName\":\"Secretaria Municipal de Meio Ambiente e Sustentabilidade\",\"potentialAction\":[{\"@type\":\"SearchAction\",\"target\":{\"@type\":\"EntryPoint\",\"urlTemplate\":\"https:\/\/www.manaus.am.gov.br\/semmas\/?s={search_term_string}\"},\"query-input\":\"required name=search_term_string\"}],\"inLanguage\":\"pt-BR\"},{\"@type\":\"Organization\",\"@id\":\"https:\/\/www.manaus.am.gov.br\/semmas\/#organization\",\"name\":\"Prefeitura de Manaus\",\"alternateName\":\"Prefeitura Municipal de Manaus\",\"url\":\"https:\/\/www.manaus.am.gov.br\/semmas\/\",\"logo\":{\"@type\":\"ImageObject\",\"inLanguage\":\"pt-BR\",\"@id\":\"https:\/\/www.manaus.am.gov.br\/semmas\/#\/schema\/logo\/image\/\",\"url\":\"https:\/\/www.manaus.am.gov.br\/semmas\/wp-content\/uploads\/sites\/26\/2024\/06\/brasao.png\",\"contentUrl\":\"https:\/\/www.manaus.am.gov.br\/semmas\/wp-content\/uploads\/sites\/26\/2024\/06\/brasao.png\",\"width\":286,\"height\":408,\"caption\":\"Prefeitura de Manaus\"},\"image\":{\"@id\":\"https:\/\/www.manaus.am.gov.br\/semmas\/#\/schema\/logo\/image\/\"},\"sameAs\":[\"https:\/\/www.facebook.com\/SemmasManaus\",\"https:\/\/www.instagram.com\/semmasmanaus\/\",\"https:\/\/www.youtube.com\/@semmasmanaus2835\"]}]}<\/script>\n<!-- \/ Yoast SEO plugin. -->","yoast_head_json":{"title":"TACAS 2014 - SEMMAS","robots":{"index":"noindex","follow":"follow"},"og_locale":"pt_BR","og_type":"article","og_title":"TACAS 2014 - SEMMAS","og_url":"https:\/\/www.manaus.am.gov.br\/semmas\/tacas-2014\/","og_site_name":"SEMMAS","article_publisher":"https:\/\/www.facebook.com\/SemmasManaus","og_image":[{"width":966,"height":520,"url":"https:\/\/www.manaus.am.gov.br\/semmas\/wp-content\/uploads\/sites\/26\/2024\/07\/thumb-default-2.png","type":"image\/png"}],"twitter_card":"summary_large_image","twitter_misc":{"Est. reading time":"4 minutos"},"schema":{"@context":"https:\/\/schema.org","@graph":[{"@type":"WebPage","@id":"https:\/\/www.manaus.am.gov.br\/semmas\/tacas-2014\/","url":"https:\/\/www.manaus.am.gov.br\/semmas\/tacas-2014\/","name":"TACAS 2014 - SEMMAS","isPartOf":{"@id":"https:\/\/www.manaus.am.gov.br\/semmas\/#website"},"datePublished":"2024-09-23T15:16:43+00:00","dateModified":"2024-09-23T15:16:43+00:00","breadcrumb":{"@id":"https:\/\/www.manaus.am.gov.br\/semmas\/tacas-2014\/#breadcrumb"},"inLanguage":"pt-BR","potentialAction":[{"@type":"ReadAction","target":["https:\/\/www.manaus.am.gov.br\/semmas\/tacas-2014\/"]}]},{"@type":"BreadcrumbList","@id":"https:\/\/www.manaus.am.gov.br\/semmas\/tacas-2014\/#breadcrumb","itemListElement":[{"@type":"ListItem","position":1,"name":"Home","item":"https:\/\/www.manaus.am.gov.br\/semmas\/"},{"@type":"ListItem","position":2,"name":"TACAS 2014"}]},{"@type":"WebSite","@id":"https:\/\/www.manaus.am.gov.br\/semmas\/#website","url":"https:\/\/www.manaus.am.gov.br\/semmas\/","name":"SEMMAS CLIMA","description":"Secretaria Municipal de Meio Ambiente e Sustentabilidade","publisher":{"@id":"https:\/\/www.manaus.am.gov.br\/semmas\/#organization"},"alternateName":"Secretaria Municipal de Meio Ambiente e Sustentabilidade","potentialAction":[{"@type":"SearchAction","target":{"@type":"EntryPoint","urlTemplate":"https:\/\/www.manaus.am.gov.br\/semmas\/?s={search_term_string}"},"query-input":"required name=search_term_string"}],"inLanguage":"pt-BR"},{"@type":"Organization","@id":"https:\/\/www.manaus.am.gov.br\/semmas\/#organization","name":"Prefeitura de Manaus","alternateName":"Prefeitura Municipal de Manaus","url":"https:\/\/www.manaus.am.gov.br\/semmas\/","logo":{"@type":"ImageObject","inLanguage":"pt-BR","@id":"https:\/\/www.manaus.am.gov.br\/semmas\/#\/schema\/logo\/image\/","url":"https:\/\/www.manaus.am.gov.br\/semmas\/wp-content\/uploads\/sites\/26\/2024\/06\/brasao.png","contentUrl":"https:\/\/www.manaus.am.gov.br\/semmas\/wp-content\/uploads\/sites\/26\/2024\/06\/brasao.png","width":286,"height":408,"caption":"Prefeitura de Manaus"},"image":{"@id":"https:\/\/www.manaus.am.gov.br\/semmas\/#\/schema\/logo\/image\/"},"sameAs":["https:\/\/www.facebook.com\/SemmasManaus","https:\/\/www.instagram.com\/semmasmanaus\/","https:\/\/www.youtube.com\/@semmasmanaus2835"]}]}},"_links":{"self":[{"href":"https:\/\/www.manaus.am.gov.br\/semmas\/wp-json\/wp\/v2\/pages\/11800"}],"collection":[{"href":"https:\/\/www.manaus.am.gov.br\/semmas\/wp-json\/wp\/v2\/pages"}],"about":[{"href":"https:\/\/www.manaus.am.gov.br\/semmas\/wp-json\/wp\/v2\/types\/page"}],"author":[{"embeddable":true,"href":"https:\/\/www.manaus.am.gov.br\/semmas\/wp-json\/wp\/v2\/users\/69"}],"replies":[{"embeddable":true,"href":"https:\/\/www.manaus.am.gov.br\/semmas\/wp-json\/wp\/v2\/comments?post=11800"}],"version-history":[{"count":1,"href":"https:\/\/www.manaus.am.gov.br\/semmas\/wp-json\/wp\/v2\/pages\/11800\/revisions"}],"predecessor-version":[{"id":11801,"href":"https:\/\/www.manaus.am.gov.br\/semmas\/wp-json\/wp\/v2\/pages\/11800\/revisions\/11801"}],"wp:attachment":[{"href":"https:\/\/www.manaus.am.gov.br\/semmas\/wp-json\/wp\/v2\/media?parent=11800"}],"curies":[{"name":"wp","href":"https:\/\/api.w.org\/{rel}","templated":true}]}}