{"id":11793,"date":"2024-09-23T11:12:08","date_gmt":"2024-09-23T15:12:08","guid":{"rendered":"https:\/\/www.manaus.am.gov.br\/semmas\/?page_id=11793"},"modified":"2024-09-23T11:12:08","modified_gmt":"2024-09-23T15:12:08","slug":"tacas-2018","status":"publish","type":"page","link":"https:\/\/www.manaus.am.gov.br\/semmas\/tacas-2018\/","title":{"rendered":"TACAS 2018"},"content":{"rendered":"\n<h3 class=\"wp-block-heading\">Fevereiro<\/h3>\n\n\n\n<h2 class=\"wp-block-heading\"><a href=\"https:\/\/www.manaus.am.gov.br\/semmas\/wp-content\/uploads\/sites\/26\/2023\/07\/TACA-01-2018-C.-DE-QUEIROZ-PEDROSA-ME.pdf\" target=\"_blank\" rel=\"noreferrer noopener\">TACA 01-2018 \u2013 C. DE QUEIROZ PEDROSA \u2013 ME<\/a><\/h2>\n\n\n\n<p>TERMO DE AJUSTAMENTO DE CONDUTA AMBIENTAL-TACA que entre si celebram a Secretaria Municipal de Meio Ambiente e Sustentabilidade &#8211; SEMMAS e C. DE QUEIROZ PEDROSA &#8211; ME (PROCESSO N\u00b0 2014.15848.15872.00552 E 2016.15848.15872.0.000453).<\/p>\n\n\n\n<h2 class=\"wp-block-heading\"><a href=\"https:\/\/www.manaus.am.gov.br\/semmas\/wp-content\/uploads\/sites\/26\/2023\/07\/TACA-02-2018-R.-L.-J.-DA-COSTA-EPP.pdf\" target=\"_blank\" rel=\"noreferrer noopener\">TACA 02-2018 \u2013 R. L. J. DA COSTA \u2013 EPP<\/a><\/h2>\n\n\n\n<p>TERMO DE AJUSTAMENTO DE CONDUTA AMBIENTAL-TACA que entre si celebram a Secretaria Municipal de Meio Ambiente e Sustentabilidade &#8211; SEMMAS e R.L.J. DA COSTA &#8211; EPP (PROCESSO N\u00ba 2015\/15848\/15868\/00012).<\/p>\n\n\n\n<h2 class=\"wp-block-heading\"><a href=\"https:\/\/www.manaus.am.gov.br\/semmas\/wp-content\/uploads\/sites\/26\/2023\/07\/TACA-03-2018-QUALITECH-INDUSTRIA-COMERCIO-E-REPRESENTACAO-LTDA.pdf\" target=\"_blank\" rel=\"noreferrer noopener\">TACA 03-2018 \u2013 QUALITECH INDUSTRIA COM\u00c9RCIO E REPRESENTA\u00c7\u00c3O LTDA<\/a><\/h2>\n\n\n\n<p>TERMO DE AJUSTAMENTO DE CONDUTA AMBIENTAL-TACA que entre si celebram a Secretaria Municipal de Meio Ambiente e Sustentabilidade &#8211; SEMMAS e QUALITECH IND\u00daSTRIA COM\u00c9RCIO E REPRESENTA\u00c7\u00c3O LTDA (PROCESSO N\u00ba 2011.4933.6208.00453).<\/p>\n\n\n\n<h3 class=\"wp-block-heading\">Abril<\/h3>\n\n\n\n<h2 class=\"wp-block-heading\"><a href=\"https:\/\/www.manaus.am.gov.br\/semmas\/wp-content\/uploads\/sites\/26\/2023\/07\/TACA-04-2018-CONDOMINIO-DO-EDIFICIO-CASTELLI.pdf\" target=\"_blank\" rel=\"noreferrer noopener\">TACA 04-2018 \u2013 CONDOM\u00cdNIO DO EDIF\u00cdCIO CASTELLI<\/a><\/h2>\n\n\n\n<p>TERMO DE AJUSTAMENTO DE CONDUTA AMBIENTAL-TACA que entre si celebram a Secretaria Municipal de Meio Ambiente e Sustentabilidade &#8211; SEMMAS e CONDOM\u00cdNIO DO EDIF\u00cdCIO CASTELLI (PROCESSO N\u00b0 2014\/15848\/15868\/00053).<\/p>\n\n\n\n<h3 class=\"wp-block-heading\">Maio<\/h3>\n\n\n\n<h2 class=\"wp-block-heading\"><a href=\"https:\/\/www.manaus.am.gov.br\/semmas\/wp-content\/uploads\/sites\/26\/2023\/07\/TACA-05-2018-Eduardo-de-Almeida-Holanda-ME.pdf\" target=\"_blank\" rel=\"noreferrer noopener\">TACA 05-2018 \u2013 Eduardo de Almeida Holanda \u2013 ME<\/a><\/h2>\n\n\n\n<p>TERMO DE AJUSTAMENTO DE CONDUTA AMBIENTAL-TACA que entre si celebram a Secretaria Municipal de Meio Ambiente e Sustentabilidade &#8211; SEMMAS e EDUARDO DE ALMEIDA HOLANDA &#8211; AM (PROCESSO N\u00ba 2015.15848.15872.0.000823).<\/p>\n\n\n\n<h2 class=\"wp-block-heading\"><a href=\"https:\/\/www.manaus.am.gov.br\/semmas\/wp-content\/uploads\/sites\/26\/2023\/07\/TACA-06-2018-Dunorte-Distribuidora-de-Produtos-de-Consumo.pdf\" target=\"_blank\" rel=\"noreferrer noopener\">TACA 06-2018 \u2013 Dunorte Distribuidora de Produtos de Consumo<\/a><\/h2>\n\n\n\n<p>TERMO DE AJUSTAMENTO DE CONDUTA AMBIENTAL-TACA que entre si celebram a Secretaria Municipal de Meio Ambiente e Sustentabilidade &#8211; SEMMAS e DUNORTE DISTRIUIDORA DE PRODUTOS DE CONSUMO LTDA (PROCESSO N\u00ba 211\/4933\/6208\/00417).<\/p>\n\n\n\n<h2 class=\"wp-block-heading\"><a href=\"https:\/\/www.manaus.am.gov.br\/semmas\/wp-content\/uploads\/sites\/26\/2023\/07\/TACA-07-2018-Morada-Bebe-Escola-Creche.pdf\" target=\"_blank\" rel=\"noreferrer noopener\">TACA 07-2018 \u2013 Morada Beb\u00ea Escola Creche<\/a><\/h2>\n\n\n\n<p>TERMO DE AJUSTAMENTO DE CONDUTA AMBIENTAL-TACA que entre si celebram a Secretaria Municipal de Meio Ambiente e Sustentabilidade &#8211; SEMMAS e MORADA BEB\u00ca ESCOLA CRECHE EIRELI (PROCESSO N\u00b0 2014\/15848\/15868\/00013).<\/p>\n\n\n\n<h2 class=\"wp-block-heading\"><a href=\"https:\/\/www.manaus.am.gov.br\/semmas\/wp-content\/uploads\/sites\/26\/2023\/07\/TACA-08-2018-Patriurbis-01-Empreendimento-Imobiliario.pdf\" target=\"_blank\" rel=\"noreferrer noopener\">TACA 08-2018 \u2013 Patriurbis 01 Empreendimento Imobili\u00e1rio<\/a><\/h2>\n\n\n\n<p>TERMO DE AJUSTAMENTO DE CONDUTA AMBIENTAL-TACA que entre si celebram a Secretaria Municipal de Meio Ambiente e Sustentabilidade &#8211; SEMMAS e PATRIURBIS 01 EMPREEDIMENTO IMOBILI\u00c1RIO (PROCESSO N\u00ba 2014\/15848\/15868\/00045).<\/p>\n\n\n\n<h3 class=\"wp-block-heading\">Julho<\/h3>\n\n\n\n<h2 class=\"wp-block-heading\"><a href=\"https:\/\/www.manaus.am.gov.br\/semmas\/wp-content\/uploads\/sites\/26\/2023\/07\/TACA-09-2018-Direcional-Cajueiro-Empreendimentos-Imobiliarios-Ltda.pdf\" target=\"_blank\" rel=\"noreferrer noopener\">TACA 09-2018 \u2013 Direcional Cajueiro Empreendimentos Imobili\u00e1rios Ltda<\/a><\/h2>\n\n\n\n<p>TERMO DE AJUSTAMENTO DE CONDUTA AMBIENTAL-TACA que entre si celebram a Secretaria Municipal de Meio Ambiente e Sustentabilidade &#8211; SEMMAS e DIRECIONAL CAJUEIRO EMPREENDIMENTOS IMOBILI\u00c1RIOS LTDA (PROCESSO N\u00ba 2015\/15848\/15868\/00027).<\/p>\n\n\n\n<h3 class=\"wp-block-heading\">Agosto<\/h3>\n\n\n\n<h2 class=\"wp-block-heading\"><a href=\"https:\/\/www.manaus.am.gov.br\/semmas\/wp-content\/uploads\/sites\/26\/2023\/07\/TACA-10-2018-Z.-F.-MARTINS-DE-OLIVEIRA.pdf\" target=\"_blank\" rel=\"noreferrer noopener\">TACA 10-2018 \u2013 Z. F. MARTINS DE OLIVEIRA<\/a><\/h2>\n\n\n\n<p>TERMO DE AJUSTAMENTO DE CONDUTA AMBIENTAL-TACA que entre si celebram a Secretaria Municipal de Meio Ambiente e Sustentabilidade &#8211; SEMMAS e Z.F. MARTINS DE OLIVEIRA (PROCESSO N\u00ba 2015\/15848\/15872\/00412).<\/p>\n\n\n\n<h2 class=\"wp-block-heading\"><a href=\"https:\/\/www.manaus.am.gov.br\/semmas\/wp-content\/uploads\/sites\/26\/2023\/07\/TACA-11-2018-CHP-Construcoes-Navais-Ltda..pdf\" target=\"_blank\" rel=\"noreferrer noopener\">TACA 11-2018 \u2013 CHP Constru\u00e7\u00f5es Navais Ltda<\/a><\/h2>\n\n\n\n<p>TERMO DE AJUSTAMENTO DE CONDUTA AMBIENTAL-TACA que entre si celebram a Secretaria Municipal de Meio Ambiente e Sustentabilidade &#8211; SEMMAS e C.H.P CONSTRU\u00c7\u00d5ES NAVAIS LTDA (PROCESSO N\u00ba 2012\/4933\/6208\/00187).<\/p>\n\n\n\n<h2 class=\"wp-block-heading\"><a href=\"https:\/\/www.manaus.am.gov.br\/semmas\/wp-content\/uploads\/sites\/26\/2023\/07\/TACA-12-2018-IPES-Industria-de-Produtos-e-Equipamentos-de-Solda-Ltda.pdf\" target=\"_blank\" rel=\"noreferrer noopener\">TACA 12-2018 \u2013 IPES \u2013 Ind\u00fastria de Produtos e Equipamentos de Solda Ltda<\/a><\/h2>\n\n\n\n<p>TERMO DE AJUSTAMENTO DE CONDUTA AMBIENTAL-TACA que entre si celebram a Secretaria Municipal de Meio Ambiente e Sustentabilidade &#8211; SEMMAS e IPES IND\u00daSTRIA DE PRODUTOR E EQUIPAMENTOS DE SOLDA LTDA (PROCESSO N\u00ba 2011\/4933\/6208\/00310).<\/p>\n\n\n\n<h2 class=\"wp-block-heading\"><a href=\"https:\/\/www.manaus.am.gov.br\/semmas\/wp-content\/uploads\/sites\/26\/2023\/07\/TACA-13-2018-Condominio-Residencial-EcoLife-Mindu.pdf\" target=\"_blank\" rel=\"noreferrer noopener\">TACA 13-2018 \u2013 Condom\u00ednio Residencial EcoLife Mindu<\/a><\/h2>\n\n\n\n<p>TERMO DE AJUSTAMENTO DE CONDUTA AMBIENTAL-TACA que entre si celebram a Secretaria Municipal de Meio Ambiente e Sustentabilidade &#8211; SEMMAS e CONDOM\u00cdNIO RESIDENCIAL ECOLIFE MINDU (PROCESSO N\u00b0 2015\/15848\/15868\/00007).<\/p>\n\n\n\n<h3 class=\"wp-block-heading\">Setembro<\/h3>\n\n\n\n<h2 class=\"wp-block-heading\"><a href=\"https:\/\/www.manaus.am.gov.br\/semmas\/wp-content\/uploads\/sites\/26\/2023\/07\/Aditivo-ao-TACA-01-2018-C.-de-Queiroz-Pedrosa-ME.pdf\" target=\"_blank\" rel=\"noreferrer noopener\">Aditivo ao TACA 01-2018 \u2013 C. de Queiroz Pedrosa \u2013 ME<\/a><\/h2>\n\n\n\n<p>TERMO DE AJUSTAMENTO DE CONDUTA AMBIENTAL-TACA que entre si celebram a Secretaria Municipal de Meio Ambiente e Sustentabilidade &#8211; SEMMAS e C. DE QUEIROZ PEDROSA &#8211; ME (PROCESSO N\u00b0 2014.15848.15872.00552 E 216.15848.15872.0.000453).<\/p>\n\n\n\n<h3 class=\"wp-block-heading\">Novembro<\/h3>\n\n\n\n<h2 class=\"wp-block-heading\"><a href=\"https:\/\/www.manaus.am.gov.br\/semmas\/wp-content\/uploads\/sites\/26\/2023\/07\/TACA-15-2018-A.-Valerio-Brito-ME.pdf\" target=\"_blank\" rel=\"noreferrer noopener\">TACA 15-2018 \u2013 A. Val\u00e9rio Brito \u2013 ME<\/a><\/h2>\n\n\n\n<p>TERMO DE AJUSTAMENTO DE CONDUTA AMBIENTAL-TACA que entre si celebram a Secretaria Municipal de Meio Ambiente e Sustentabilidade &#8211; SEMMAS e VAL\u00c9RIO BRITO &#8211; ME (PROCESSO N\u00ba 2013\/15848\/15872\/00067).<\/p>\n\n\n\n<h3 class=\"wp-block-heading\">Dezembro<\/h3>\n\n\n\n<h2 class=\"wp-block-heading\"><a href=\"https:\/\/www.manaus.am.gov.br\/semmas\/wp-content\/uploads\/sites\/26\/2023\/07\/TACA-14-2018-Condominio-Residencial-Torres-de-Andaluzia-1.pdf\" target=\"_blank\" rel=\"noreferrer noopener\">TACA 14 \u2013 2018 \u2013 Condom\u00ednio Residencial Torres de Andaluzia<\/a><\/h2>\n\n\n\n<p>TERMO DE AJUSTAMENTO DE CONDUTA AMBIENTAL-TACA que entre si celebram a Secretaria Municipal de Meio Ambiente e Sustentabilidade &#8211; SEMMAS e CONDOM\u00cdNIO RESIDENCIAL TORRES DE ANDALUZIA (PROCESSO N\u00ba 2014\/15848\/15868\/00005).<\/p>\n","protected":false},"excerpt":{"rendered":"","protected":false},"author":69,"featured_media":0,"parent":0,"menu_order":0,"comment_status":"closed","ping_status":"closed","template":"","meta":{"footnotes":""},"acf":[],"yoast_head":"<!-- This site is optimized with the Yoast SEO plugin v23.0 - https:\/\/yoast.com\/wordpress\/plugins\/seo\/ -->\n<title>TACAS 2018 - SEMMAS<\/title>\n<meta name=\"robots\" content=\"noindex, follow\" \/>\n<meta property=\"og:locale\" content=\"pt_BR\" \/>\n<meta property=\"og:type\" content=\"article\" \/>\n<meta property=\"og:title\" content=\"TACAS 2018 - SEMMAS\" \/>\n<meta property=\"og:url\" content=\"https:\/\/www.manaus.am.gov.br\/semmas\/tacas-2018\/\" \/>\n<meta property=\"og:site_name\" content=\"SEMMAS\" \/>\n<meta property=\"article:publisher\" content=\"https:\/\/www.facebook.com\/SemmasManaus\" \/>\n<meta property=\"og:image\" content=\"https:\/\/www.manaus.am.gov.br\/semmas\/wp-content\/uploads\/sites\/26\/2024\/07\/thumb-default-2.png\" \/>\n\t<meta property=\"og:image:width\" content=\"966\" \/>\n\t<meta property=\"og:image:height\" content=\"520\" \/>\n\t<meta property=\"og:image:type\" content=\"image\/png\" \/>\n<meta name=\"twitter:card\" content=\"summary_large_image\" \/>\n<meta name=\"twitter:label1\" content=\"Est. reading time\" \/>\n\t<meta name=\"twitter:data1\" content=\"4 minutos\" \/>\n<script type=\"application\/ld+json\" class=\"yoast-schema-graph\">{\"@context\":\"https:\/\/schema.org\",\"@graph\":[{\"@type\":\"WebPage\",\"@id\":\"https:\/\/www.manaus.am.gov.br\/semmas\/tacas-2018\/\",\"url\":\"https:\/\/www.manaus.am.gov.br\/semmas\/tacas-2018\/\",\"name\":\"TACAS 2018 - SEMMAS\",\"isPartOf\":{\"@id\":\"https:\/\/www.manaus.am.gov.br\/semmas\/#website\"},\"datePublished\":\"2024-09-23T15:12:08+00:00\",\"dateModified\":\"2024-09-23T15:12:08+00:00\",\"breadcrumb\":{\"@id\":\"https:\/\/www.manaus.am.gov.br\/semmas\/tacas-2018\/#breadcrumb\"},\"inLanguage\":\"pt-BR\",\"potentialAction\":[{\"@type\":\"ReadAction\",\"target\":[\"https:\/\/www.manaus.am.gov.br\/semmas\/tacas-2018\/\"]}]},{\"@type\":\"BreadcrumbList\",\"@id\":\"https:\/\/www.manaus.am.gov.br\/semmas\/tacas-2018\/#breadcrumb\",\"itemListElement\":[{\"@type\":\"ListItem\",\"position\":1,\"name\":\"Home\",\"item\":\"https:\/\/www.manaus.am.gov.br\/semmas\/\"},{\"@type\":\"ListItem\",\"position\":2,\"name\":\"TACAS 2018\"}]},{\"@type\":\"WebSite\",\"@id\":\"https:\/\/www.manaus.am.gov.br\/semmas\/#website\",\"url\":\"https:\/\/www.manaus.am.gov.br\/semmas\/\",\"name\":\"SEMMAS CLIMA\",\"description\":\"Secretaria Municipal de Meio Ambiente e Sustentabilidade\",\"publisher\":{\"@id\":\"https:\/\/www.manaus.am.gov.br\/semmas\/#organization\"},\"alternateName\":\"Secretaria Municipal de Meio Ambiente e Sustentabilidade\",\"potentialAction\":[{\"@type\":\"SearchAction\",\"target\":{\"@type\":\"EntryPoint\",\"urlTemplate\":\"https:\/\/www.manaus.am.gov.br\/semmas\/?s={search_term_string}\"},\"query-input\":\"required name=search_term_string\"}],\"inLanguage\":\"pt-BR\"},{\"@type\":\"Organization\",\"@id\":\"https:\/\/www.manaus.am.gov.br\/semmas\/#organization\",\"name\":\"Prefeitura de Manaus\",\"alternateName\":\"Prefeitura Municipal de Manaus\",\"url\":\"https:\/\/www.manaus.am.gov.br\/semmas\/\",\"logo\":{\"@type\":\"ImageObject\",\"inLanguage\":\"pt-BR\",\"@id\":\"https:\/\/www.manaus.am.gov.br\/semmas\/#\/schema\/logo\/image\/\",\"url\":\"https:\/\/www.manaus.am.gov.br\/semmas\/wp-content\/uploads\/sites\/26\/2024\/06\/brasao.png\",\"contentUrl\":\"https:\/\/www.manaus.am.gov.br\/semmas\/wp-content\/uploads\/sites\/26\/2024\/06\/brasao.png\",\"width\":286,\"height\":408,\"caption\":\"Prefeitura de Manaus\"},\"image\":{\"@id\":\"https:\/\/www.manaus.am.gov.br\/semmas\/#\/schema\/logo\/image\/\"},\"sameAs\":[\"https:\/\/www.facebook.com\/SemmasManaus\",\"https:\/\/www.instagram.com\/semmasmanaus\/\",\"https:\/\/www.youtube.com\/@semmasmanaus2835\"]}]}<\/script>\n<!-- \/ Yoast SEO plugin. -->","yoast_head_json":{"title":"TACAS 2018 - SEMMAS","robots":{"index":"noindex","follow":"follow"},"og_locale":"pt_BR","og_type":"article","og_title":"TACAS 2018 - SEMMAS","og_url":"https:\/\/www.manaus.am.gov.br\/semmas\/tacas-2018\/","og_site_name":"SEMMAS","article_publisher":"https:\/\/www.facebook.com\/SemmasManaus","og_image":[{"width":966,"height":520,"url":"https:\/\/www.manaus.am.gov.br\/semmas\/wp-content\/uploads\/sites\/26\/2024\/07\/thumb-default-2.png","type":"image\/png"}],"twitter_card":"summary_large_image","twitter_misc":{"Est. reading time":"4 minutos"},"schema":{"@context":"https:\/\/schema.org","@graph":[{"@type":"WebPage","@id":"https:\/\/www.manaus.am.gov.br\/semmas\/tacas-2018\/","url":"https:\/\/www.manaus.am.gov.br\/semmas\/tacas-2018\/","name":"TACAS 2018 - SEMMAS","isPartOf":{"@id":"https:\/\/www.manaus.am.gov.br\/semmas\/#website"},"datePublished":"2024-09-23T15:12:08+00:00","dateModified":"2024-09-23T15:12:08+00:00","breadcrumb":{"@id":"https:\/\/www.manaus.am.gov.br\/semmas\/tacas-2018\/#breadcrumb"},"inLanguage":"pt-BR","potentialAction":[{"@type":"ReadAction","target":["https:\/\/www.manaus.am.gov.br\/semmas\/tacas-2018\/"]}]},{"@type":"BreadcrumbList","@id":"https:\/\/www.manaus.am.gov.br\/semmas\/tacas-2018\/#breadcrumb","itemListElement":[{"@type":"ListItem","position":1,"name":"Home","item":"https:\/\/www.manaus.am.gov.br\/semmas\/"},{"@type":"ListItem","position":2,"name":"TACAS 2018"}]},{"@type":"WebSite","@id":"https:\/\/www.manaus.am.gov.br\/semmas\/#website","url":"https:\/\/www.manaus.am.gov.br\/semmas\/","name":"SEMMAS CLIMA","description":"Secretaria Municipal de Meio Ambiente e Sustentabilidade","publisher":{"@id":"https:\/\/www.manaus.am.gov.br\/semmas\/#organization"},"alternateName":"Secretaria Municipal de Meio Ambiente e Sustentabilidade","potentialAction":[{"@type":"SearchAction","target":{"@type":"EntryPoint","urlTemplate":"https:\/\/www.manaus.am.gov.br\/semmas\/?s={search_term_string}"},"query-input":"required name=search_term_string"}],"inLanguage":"pt-BR"},{"@type":"Organization","@id":"https:\/\/www.manaus.am.gov.br\/semmas\/#organization","name":"Prefeitura de Manaus","alternateName":"Prefeitura Municipal de Manaus","url":"https:\/\/www.manaus.am.gov.br\/semmas\/","logo":{"@type":"ImageObject","inLanguage":"pt-BR","@id":"https:\/\/www.manaus.am.gov.br\/semmas\/#\/schema\/logo\/image\/","url":"https:\/\/www.manaus.am.gov.br\/semmas\/wp-content\/uploads\/sites\/26\/2024\/06\/brasao.png","contentUrl":"https:\/\/www.manaus.am.gov.br\/semmas\/wp-content\/uploads\/sites\/26\/2024\/06\/brasao.png","width":286,"height":408,"caption":"Prefeitura de Manaus"},"image":{"@id":"https:\/\/www.manaus.am.gov.br\/semmas\/#\/schema\/logo\/image\/"},"sameAs":["https:\/\/www.facebook.com\/SemmasManaus","https:\/\/www.instagram.com\/semmasmanaus\/","https:\/\/www.youtube.com\/@semmasmanaus2835"]}]}},"_links":{"self":[{"href":"https:\/\/www.manaus.am.gov.br\/semmas\/wp-json\/wp\/v2\/pages\/11793"}],"collection":[{"href":"https:\/\/www.manaus.am.gov.br\/semmas\/wp-json\/wp\/v2\/pages"}],"about":[{"href":"https:\/\/www.manaus.am.gov.br\/semmas\/wp-json\/wp\/v2\/types\/page"}],"author":[{"embeddable":true,"href":"https:\/\/www.manaus.am.gov.br\/semmas\/wp-json\/wp\/v2\/users\/69"}],"replies":[{"embeddable":true,"href":"https:\/\/www.manaus.am.gov.br\/semmas\/wp-json\/wp\/v2\/comments?post=11793"}],"version-history":[{"count":1,"href":"https:\/\/www.manaus.am.gov.br\/semmas\/wp-json\/wp\/v2\/pages\/11793\/revisions"}],"predecessor-version":[{"id":11794,"href":"https:\/\/www.manaus.am.gov.br\/semmas\/wp-json\/wp\/v2\/pages\/11793\/revisions\/11794"}],"wp:attachment":[{"href":"https:\/\/www.manaus.am.gov.br\/semmas\/wp-json\/wp\/v2\/media?parent=11793"}],"curies":[{"name":"wp","href":"https:\/\/api.w.org\/{rel}","templated":true}]}}