{"id":11790,"date":"2024-09-23T11:11:06","date_gmt":"2024-09-23T15:11:06","guid":{"rendered":"https:\/\/www.manaus.am.gov.br\/semmas\/?page_id=11790"},"modified":"2024-09-23T11:11:07","modified_gmt":"2024-09-23T15:11:07","slug":"tacas-2019","status":"publish","type":"page","link":"https:\/\/www.manaus.am.gov.br\/semmas\/tacas-2019\/","title":{"rendered":"TACAS 2019"},"content":{"rendered":"\n<h3 class=\"wp-block-heading\">Janeiro<\/h3>\n\n\n\n<h2 class=\"wp-block-heading\"><a href=\"https:\/\/www.manaus.am.gov.br\/semmas\/wp-content\/uploads\/sites\/26\/2023\/07\/TACA-01-2019-Canudinho-Industria-e-Comercio-de-Salgados-e-Eventos-Ltda-ME.pdf\" target=\"_blank\" rel=\"noreferrer noopener\">TACA 01-2019 \u2013 Canudinho Ind\u00fastria e Com\u00e9rcio de Salgados e Eventos Ltda-ME<\/a><\/h2>\n\n\n\n<p>TERMO DE AJUSTAMENTO DE CONDUTA AMBIENTAL-TACA  que entre si celebram a Secretaria Municipal de Meio Ambiente e Sustentabilidade &#8211; SEMMAS e  CANUDINHO IND\u00daSTRIA E COM\u00c9RCIO DE SALGADOS E EVENTOS LTDA &#8211; ME (PROCESSO N\u00ba 2015\/15848\/15868\/00015).<\/p>\n\n\n\n<h2 class=\"wp-block-heading\"><a href=\"https:\/\/www.manaus.am.gov.br\/semmas\/wp-content\/uploads\/sites\/26\/2023\/07\/TACA-02-2019-Condominio-Residencial-Art-1-Moacir-Andrade.pdf\" target=\"_blank\" rel=\"noreferrer noopener\">TACA 02-2019 \u2013 Condom\u00ednio Residencial Art-1 Moacir Andrade<\/a><\/h2>\n\n\n\n<p>TERMO DE AJUSTAMENTO DE CONDUTA AMBIENTAL-TACA  que entre si celebram a Secretaria Municipal de Meio Ambiente e Sustentabilidade &#8211; SEMMAS e CONDOM\u00cdNIO RESIDENCIAL ART-1 MOARCIR ANDRADE (PROCESSO N\u00ba 2015\/15848\/14868\/00047 E 2018\/15848\/15868.0.000625).<\/p>\n\n\n\n<h3 class=\"wp-block-heading\">Fevereiro<\/h3>\n\n\n\n<h2 class=\"wp-block-heading\"><a href=\"https:\/\/www.manaus.am.gov.br\/semmas\/wp-content\/uploads\/sites\/26\/2023\/07\/TACA-04-2019-Eduardo-de-Almeida-Holanda-ME.pdf\" target=\"_blank\" rel=\"noreferrer noopener\">TACA 04 \u2013 2019 \u2013 Eduardo de Almeida Holanda \u2013 ME<\/a><\/h2>\n\n\n\n<p>TERMO DE AJUSTAMENTO DE CONDUTA AMBIENTAL-TACA  que entre si celebram a Secretaria Municipal de Meio Ambiente e Sustentabilidade &#8211; SEMMAS e EDUARDO DE ALMEIDA HOLANDA &#8211; ME (PROCESSO N\u00ba 2013\/15848\/15872\/00447 E 2014\/15848\/15872\/00516).<\/p>\n\n\n\n<h3 class=\"wp-block-heading\">Mar\u00e7o<\/h3>\n\n\n\n<h2 class=\"wp-block-heading\"><a href=\"https:\/\/www.manaus.am.gov.br\/semmas\/wp-content\/uploads\/sites\/26\/2023\/07\/TACA-03-2019-Sociedade-Brasileira-de-Eubiose.pdf\" target=\"_blank\" rel=\"noreferrer noopener\">TACA 03-2019 \u2013 Sociedade Brasileira de Eubiose<\/a><\/h2>\n\n\n\n<p>TERMO DE AJUSTAMENTO DE CONDUTA AMBIENTAL-TACA  que entre si celebram a Secretaria Municipal de Meio Ambiente e Sustentabilidade &#8211; SEMMAS e SOCIEDADE BRASILEIRA DE EUBIOSE (PROCESSO N\u00ba 2011\/4933\/6208\/00286).<\/p>\n\n\n\n<h2 class=\"wp-block-heading\"><a href=\"https:\/\/www.manaus.am.gov.br\/semmas\/wp-content\/uploads\/sites\/26\/2023\/07\/TACA-06-2019-Procter-Gamble-do-Brasil-Ltda.pdf\" target=\"_blank\" rel=\"noreferrer noopener\">TACA 06 \u2013 2019 \u2013 Procter &amp; Gamble do Brasil Ltda<\/a><\/h2>\n\n\n\n<p>TERMO DE AJUSTAMENTO DE CONDUTA AMBIENTAL-TACA  que entre si celebram a Secretaria Municipal de Meio Ambiente e Sustentabilidade &#8211; SEMMAS e PROCTER &amp; GAMBLE DO BRASIL LTDA (PROCESSO N\u00ba 2013\/4933\/6208\/00089).<\/p>\n\n\n\n<h2 class=\"wp-block-heading\"><a href=\"https:\/\/www.manaus.am.gov.br\/semmas\/wp-content\/uploads\/sites\/26\/2023\/07\/TACA-08-19-Onix-Empreendimentos-Imobiliarios-Ltda.pdf\" target=\"_blank\" rel=\"noreferrer noopener\">TACA 08-19 \u2013 Onix Empreendimentos Imobili\u00e1rios Ltda<\/a><\/h2>\n\n\n\n<p>TERMO DE AJUSTAMENTO DE CONDUTA AMBIENTAL-TACA  que entre si celebram a Secretaria Municipal de Meio Ambiente e Sustentabilidade &#8211; SEMMAS e  \u00d4NIX EMPREENDIMENTOS IMOBILI\u00c1RIOS LTDA (PROCESSO N\u00ba 2014\/15848\/00020).<\/p>\n\n\n\n<h3 class=\"wp-block-heading\">Abril<\/h3>\n\n\n\n<h2 class=\"wp-block-heading\"><a href=\"https:\/\/www.manaus.am.gov.br\/semmas\/wp-content\/uploads\/sites\/26\/2023\/07\/TACA-07-2019-ENE-Empreendimentos-E-participacoes-Ltda.pdf\" target=\"_blank\" rel=\"noreferrer noopener\">TACA 07-2019 \u2013 ENE Empreendimentos E participa\u00e7\u00f5es Ltda<\/a><\/h2>\n\n\n\n<p>TERMO DE AJUSTAMENTO DE CONDUTA AMBIENTAL-TACA  que entre si celebram a Secretaria Municipal de Meio Ambiente e Sustentabilidade &#8211; SEMMAS e ENE EMPREENDIMENTOS E PARTICIPA\u00c7\u00d5ES LTDA (PROCESSO N\u00ba 2013\/15848\/15872\/00046).<\/p>\n\n\n\n<h2 class=\"wp-block-heading\"><a href=\"https:\/\/www.manaus.am.gov.br\/semmas\/wp-content\/uploads\/sites\/26\/2023\/07\/TACA-10-2019-Condominio-Edificio-Maison-Noblesse.pdf\" target=\"_blank\" rel=\"noreferrer noopener\">TACA 10-2019 \u2013 Condom\u00ednio Edif\u00edcio Maison Noblesse<\/a><\/h2>\n\n\n\n<p>TERMO DE AJUSTAMENTO DE CONDUTA AMBIENTAL-TACA  que entre si celebram a Secretaria Municipal de Meio Ambiente e Sustentabilidade &#8211; SEMMAS e CONDOM\u00cdNIO EDIF\u00cdCIO MAISON NOBLESSE (PROCESSO N\u00ba 2015\/15848\/15868\/00019).<\/p>\n\n\n\n<h2 class=\"wp-block-heading\"><a href=\"https:\/\/www.manaus.am.gov.br\/semmas\/wp-content\/uploads\/sites\/26\/2023\/07\/TACA-11-2019-Maronilson-Barros-Monteiro.pdf\" target=\"_blank\" rel=\"noreferrer noopener\">TACA 11-2019 \u2013 Maronilson Barros Monteiro<\/a><\/h2>\n\n\n\n<p>TERMO DE AJUSTAMENTO DE CONDUTA AMBIENTAL-TACA  que entre si celebram a Secretaria Municipal de Meio Ambiente e Sustentabilidade &#8211; SEMMAS e MARONILSON BARROS MONTEIRO (PROCESSO N\u00ba 2013\/15848\/15872\/00356).<\/p>\n\n\n\n<h2 class=\"wp-block-heading\"><a href=\"https:\/\/www.manaus.am.gov.br\/semmas\/wp-content\/uploads\/sites\/26\/2023\/07\/TACA-12-2019-Jose-Bacelar-de-Andrade.pdf\" target=\"_blank\" rel=\"noreferrer noopener\">TACA 12-2019 \u2013 Jos\u00e9 Bacelar de Andrade<\/a><\/h2>\n\n\n\n<p>TERMO DE AJUSTAMENTO DE CONDUTA AMBIENTAL-TACA  que entre si celebram a Secretaria Municipal de Meio Ambiente e Sustentabilidade &#8211; SEMMAS e JOS\u00c9 BARCELAR DE ANDRADE (PROCESSO N\u00ba 2016\/15848.15872.0.001525).<\/p>\n\n\n\n<h3 class=\"wp-block-heading\">Maio<\/h3>\n\n\n\n<h2 class=\"wp-block-heading\"><a href=\"https:\/\/www.manaus.am.gov.br\/semmas\/wp-content\/uploads\/sites\/26\/2023\/07\/TACA-13-2019-Amazon-Temper-Industria-Comercio-e-Servicos-Ltda.pdf\" target=\"_blank\" rel=\"noreferrer noopener\">TACA 13-2019 \u2013 Amazon Temper Ind\u00fastria, Com\u00e9rcio e Servi\u00e7os Ltda<\/a><\/h2>\n\n\n\n<p>TERMO DE AJUSTAMENTO DE CONDUTA AMBIENTAL-TACA  que entre si celebram a Secretaria Municipal de Meio Ambiente e Sustentabilidade &#8211; SEMMAS e AMAZON TEMPER IND\u00daSTRIA COM\u00c9RCIO E SERVI\u00c7OS LTDA (PROCESSO N\u00ba 2013\/15848\/15872\/00081).<\/p>\n\n\n\n<h2 class=\"wp-block-heading\"><a href=\"https:\/\/www.manaus.am.gov.br\/semmas\/wp-content\/uploads\/sites\/26\/2023\/07\/TACA-15-2019-Canaboca-Comercio-e-Representacao-de-Cosmeticos-e-Produtos-de-Perfumaria-Ltda.pdf\" target=\"_blank\" rel=\"noreferrer noopener\">TACA 15-2019 \u2013 Canaboca Com\u00e9rcio e Representa\u00e7\u00e3o de Cosm\u00e9ticos e Produtos de Perfumaria Ltda<\/a><\/h2>\n\n\n\n<p>TERMO DE AJUSTAMENTO DE CONDUTA AMBIENTAL-TACA  que entre si celebram a Secretaria Municipal de Meio Ambiente e Sustentabilidade &#8211; SEMMAS e CANABOCA COM\u00c9RCIO E REPRESENTA\u00c7\u00c3O DE COSM\u00c9TICOS E PRODUTOS DE PERFUMARIA LTDA (PROCESSO N\u00ba 2015\/15848\/15868\/00028).<\/p>\n\n\n\n<h3 class=\"wp-block-heading\">Junho<\/h3>\n\n\n\n<h2 class=\"wp-block-heading\"><a href=\"https:\/\/www.manaus.am.gov.br\/semmas\/wp-content\/uploads\/sites\/26\/2023\/07\/TACA-09-2019-Construtora-Sevilha-Ltda.pdf\" target=\"_blank\" rel=\"noreferrer noopener\">TACA 09-2019 \u2013 Construtora Sevilha Ltda<\/a><\/h2>\n\n\n\n<p>TERMO DE AJUSTAMENTO DE CONDUTA AMBIENTAL-TACA que entre si celebram a Secretaria Municipal de Meio Ambiente e Sustentabilidade &#8211; SEMMAS e CONSTRUTORA SEVILHA LTDA (PROCESSO N\u00ba 2014\/15848\/15868\/00017).<\/p>\n\n\n\n<h2 class=\"wp-block-heading\"><a href=\"https:\/\/www.manaus.am.gov.br\/semmas\/wp-content\/uploads\/sites\/26\/2023\/07\/TACA-14-2019-Empresa-de-Transporte-Dantas-Ltda.pdf\" target=\"_blank\" rel=\"noreferrer noopener\">TACA 14-2019 \u2013 Empresa de Transporte Dantas Ltda<\/a><\/h2>\n\n\n\n<p>TERMO DE AJUSTAMENTO DE CONDUTA AMBIENTAL-TACA que entre si celebram a Secretaria Municipal de Meio Ambiente e Sustentabilidade &#8211; SEMMAS e EMPRESA DE TRANSPORTE DANTAS LTDA (PROCESSO N\u00ba 2015\/15848\/15868\/00016).<\/p>\n\n\n\n<h3 class=\"wp-block-heading\">Julho<\/h3>\n\n\n\n<h2 class=\"wp-block-heading\"><a href=\"https:\/\/www.manaus.am.gov.br\/semmas\/wp-content\/uploads\/sites\/26\/2023\/07\/TACA-16-2019-Teddy-Vieira-dos-Santos.pdf\" target=\"_blank\" rel=\"noreferrer noopener\">TACA 16-2019 \u2013 Teddy Vieira dos Santos<\/a><\/h2>\n\n\n\n<p>TERMO DE AJUSTAMENTO DE CONDUTA AMBIENTAL-TACA que entre si celebram a Secretaria Municipal de Meio Ambiente e Sustentabilidade &#8211; SEMMAS e TEDDY VIERIA DOS SANTOS (PROCESSO N\u00ba 2017.15848.15872.0.001492).<\/p>\n\n\n\n<h2 class=\"wp-block-heading\"><a href=\"https:\/\/www.manaus.am.gov.br\/semmas\/wp-content\/uploads\/sites\/26\/2023\/07\/TACA-18-19-Auto-Posto-Ozival-Ltda.pdf\" target=\"_blank\" rel=\"noreferrer noopener\">TACA 18 \u2013 19 \u2013 Auto Posto Ozival Ltda<\/a><\/h2>\n\n\n\n<p>TERMO DE AJUSTAMENTO DE CONDUTA AMBIENTAL-TACA que entre si celebram a Secretaria Municipal de Meio Ambiente e Sustentabilidade &#8211; SEMMAS e AUTO POSTO OZIVAL (PROCESSO N\u00ba 2015\/15848\/15872\/00401).<\/p>\n\n\n\n<h2 class=\"wp-block-heading\"><a href=\"https:\/\/www.manaus.am.gov.br\/semmas\/wp-content\/uploads\/sites\/26\/2023\/07\/TACA-21-2019-Daniel-Diego-Braga-da-Costa-Tombaqui-Bar.pdf\" target=\"_blank\" rel=\"noreferrer noopener\">TACA 21 \u2013 2019 \u2013 Daniel Diego Braga da Costa \u2013 Tombaqui Bar<\/a><\/h2>\n\n\n\n<p>TERMO DE AJUSTAMENTO DE CONDUTA AMBIENTAL-TACA que entre si celebram a Secretaria Municipal de Meio Ambiente e Sustentabilidade &#8211; SEMMAS e DANIEL DIEGO BRAGA DA COSTA &#8211; (TAMBAQUI BAR) &#8211; PROCESSO N\u00ba 2017.15848.15875.0.001463.<\/p>\n\n\n\n<h2 class=\"wp-block-heading\"><a href=\"https:\/\/www.manaus.am.gov.br\/semmas\/wp-content\/uploads\/sites\/26\/2023\/07\/TACA-20-2019-LEF.-Ferreira-Comercio-Varejista-de-Petroleo-Ltda.pdf\" target=\"_blank\" rel=\"noreferrer noopener\">TACA 20-2019 \u2013 LEF. Ferreira Com\u00e9rcio Varejista de Petr\u00f3leo Ltda<\/a><\/h2>\n\n\n\n<p>TERMO DE AJUSTAMENTO DE CONDUTA AMBIENTAL-TACA que entre si celebram a Secretaria Municipal de Meio Ambiente e Sustentabilidade &#8211; SEMMAS e LEF. FERREIRA COM\u00c9RCIO VAREJISTA DE PRET\u00d3LEO LTDA (PROCESSO N\u00ba 2015\/15848\/15868\/00023).<\/p>\n\n\n\n<h3 class=\"wp-block-heading\">Agosto<\/h3>\n\n\n\n<h2 class=\"wp-block-heading\"><a href=\"https:\/\/www.manaus.am.gov.br\/semmas\/wp-content\/uploads\/sites\/26\/2023\/07\/TACA-25-2019-J.S.-SERVICOS-DE-LAVAGEM-DE-VEICULOS-AUTOMOTORES-LTDA-ME.pdf\" target=\"_blank\" rel=\"noreferrer noopener\">TACA 25-2019 \u2013 J.S. SERVI\u00c7OS DE LAVAGEM DE VE\u00cdCULOS AUTOMOTORES LTDA ME<\/a><\/h2>\n\n\n\n<p>TERMO DE AJUSTAMENTO DE CONDUTA AMBIENTAL-TACA que entre si celebram a Secretaria Municipal de Meio Ambiente e Sustentabilidade &#8211; SEMMAS e J.S SERVI\u00c7OS DE LAVAGEM DE VE\u00cdCULOS AUTOMOTORES LTDA ME (PROCESSO N\u00ba 2018.15848.15872.0.001085).<\/p>\n\n\n\n<h3 class=\"wp-block-heading\">Setembro<\/h3>\n\n\n\n<h2 class=\"wp-block-heading\"><a href=\"https:\/\/www.manaus.am.gov.br\/semmas\/wp-content\/uploads\/sites\/26\/2023\/07\/TACA-24-2019-Paulo-Sergio-de-Araujo-Brasil.pdf\" target=\"_blank\" rel=\"noreferrer noopener\">TACA 24-2019 \u2013 Paulo S\u00e9rgio de Ara\u00fajo Brasil<\/a><\/h2>\n\n\n\n<p>TERMO DE AJUSTAMENTO DE CONDUTA AMBIENTAL-TACA que entre si celebram a Secretaria Municipal de Meio Ambiente e Sustentabilidade &#8211; SEMMAS e PAULO S\u00c9RGIO DE ARA\u00daJO BRASIL (PROCESSO N\u00ba 2014\/15848\/15872\/00704).<\/p>\n\n\n\n<h3 class=\"wp-block-heading\">Dezembro<\/h3>\n\n\n\n<h2 class=\"wp-block-heading\"><a href=\"https:\/\/www.manaus.am.gov.br\/semmas\/wp-content\/uploads\/sites\/26\/2023\/07\/TACA-05-2019-CONSTRUTORA-CAPITAL-S.A.pdf\" target=\"_blank\" rel=\"noreferrer noopener\">TACA 05-2019 \u2013 CONSTRUTORA CAPITAL S.A<\/a><\/h2>\n\n\n\n<p>TERMO DE AJUSTAMENTO DE CONDUTA AMBIENTAL-TACA que entre si celebram a Secretaria Municipal de Meio Ambiente e Sustentabilidade &#8211; SEMMAS e CONSTRUTORA CAPITAL S\/A (PROCESSO N\u00ba 2014\/15848\/15868\/00050).<\/p>\n","protected":false},"excerpt":{"rendered":"","protected":false},"author":69,"featured_media":0,"parent":0,"menu_order":0,"comment_status":"closed","ping_status":"closed","template":"","meta":{"footnotes":""},"acf":[],"yoast_head":"<!-- This site is optimized with the Yoast SEO plugin v23.0 - https:\/\/yoast.com\/wordpress\/plugins\/seo\/ -->\n<title>TACAS 2019 - SEMMAS<\/title>\n<meta name=\"robots\" content=\"noindex, follow\" \/>\n<meta property=\"og:locale\" content=\"pt_BR\" \/>\n<meta property=\"og:type\" content=\"article\" \/>\n<meta property=\"og:title\" content=\"TACAS 2019 - SEMMAS\" \/>\n<meta property=\"og:url\" content=\"https:\/\/www.manaus.am.gov.br\/semmas\/tacas-2019\/\" \/>\n<meta property=\"og:site_name\" content=\"SEMMAS\" \/>\n<meta property=\"article:publisher\" content=\"https:\/\/www.facebook.com\/SemmasManaus\" \/>\n<meta property=\"article:modified_time\" content=\"2024-09-23T15:11:07+00:00\" \/>\n<meta property=\"og:image\" content=\"https:\/\/www.manaus.am.gov.br\/semmas\/wp-content\/uploads\/sites\/26\/2024\/07\/thumb-default-2.png\" \/>\n\t<meta property=\"og:image:width\" content=\"966\" \/>\n\t<meta property=\"og:image:height\" content=\"520\" \/>\n\t<meta property=\"og:image:type\" content=\"image\/png\" \/>\n<meta name=\"twitter:card\" content=\"summary_large_image\" \/>\n<meta name=\"twitter:label1\" content=\"Est. reading time\" \/>\n\t<meta name=\"twitter:data1\" content=\"5 minutos\" \/>\n<script type=\"application\/ld+json\" class=\"yoast-schema-graph\">{\"@context\":\"https:\/\/schema.org\",\"@graph\":[{\"@type\":\"WebPage\",\"@id\":\"https:\/\/www.manaus.am.gov.br\/semmas\/tacas-2019\/\",\"url\":\"https:\/\/www.manaus.am.gov.br\/semmas\/tacas-2019\/\",\"name\":\"TACAS 2019 - SEMMAS\",\"isPartOf\":{\"@id\":\"https:\/\/www.manaus.am.gov.br\/semmas\/#website\"},\"datePublished\":\"2024-09-23T15:11:06+00:00\",\"dateModified\":\"2024-09-23T15:11:07+00:00\",\"breadcrumb\":{\"@id\":\"https:\/\/www.manaus.am.gov.br\/semmas\/tacas-2019\/#breadcrumb\"},\"inLanguage\":\"pt-BR\",\"potentialAction\":[{\"@type\":\"ReadAction\",\"target\":[\"https:\/\/www.manaus.am.gov.br\/semmas\/tacas-2019\/\"]}]},{\"@type\":\"BreadcrumbList\",\"@id\":\"https:\/\/www.manaus.am.gov.br\/semmas\/tacas-2019\/#breadcrumb\",\"itemListElement\":[{\"@type\":\"ListItem\",\"position\":1,\"name\":\"Home\",\"item\":\"https:\/\/www.manaus.am.gov.br\/semmas\/\"},{\"@type\":\"ListItem\",\"position\":2,\"name\":\"TACAS 2019\"}]},{\"@type\":\"WebSite\",\"@id\":\"https:\/\/www.manaus.am.gov.br\/semmas\/#website\",\"url\":\"https:\/\/www.manaus.am.gov.br\/semmas\/\",\"name\":\"SEMMAS CLIMA\",\"description\":\"Secretaria Municipal de Meio Ambiente e Sustentabilidade\",\"publisher\":{\"@id\":\"https:\/\/www.manaus.am.gov.br\/semmas\/#organization\"},\"alternateName\":\"Secretaria Municipal de Meio Ambiente e Sustentabilidade\",\"potentialAction\":[{\"@type\":\"SearchAction\",\"target\":{\"@type\":\"EntryPoint\",\"urlTemplate\":\"https:\/\/www.manaus.am.gov.br\/semmas\/?s={search_term_string}\"},\"query-input\":\"required name=search_term_string\"}],\"inLanguage\":\"pt-BR\"},{\"@type\":\"Organization\",\"@id\":\"https:\/\/www.manaus.am.gov.br\/semmas\/#organization\",\"name\":\"Prefeitura de Manaus\",\"alternateName\":\"Prefeitura Municipal de Manaus\",\"url\":\"https:\/\/www.manaus.am.gov.br\/semmas\/\",\"logo\":{\"@type\":\"ImageObject\",\"inLanguage\":\"pt-BR\",\"@id\":\"https:\/\/www.manaus.am.gov.br\/semmas\/#\/schema\/logo\/image\/\",\"url\":\"https:\/\/www.manaus.am.gov.br\/semmas\/wp-content\/uploads\/sites\/26\/2024\/06\/brasao.png\",\"contentUrl\":\"https:\/\/www.manaus.am.gov.br\/semmas\/wp-content\/uploads\/sites\/26\/2024\/06\/brasao.png\",\"width\":286,\"height\":408,\"caption\":\"Prefeitura de Manaus\"},\"image\":{\"@id\":\"https:\/\/www.manaus.am.gov.br\/semmas\/#\/schema\/logo\/image\/\"},\"sameAs\":[\"https:\/\/www.facebook.com\/SemmasManaus\",\"https:\/\/www.instagram.com\/semmasmanaus\/\",\"https:\/\/www.youtube.com\/@semmasmanaus2835\"]}]}<\/script>\n<!-- \/ Yoast SEO plugin. -->","yoast_head_json":{"title":"TACAS 2019 - SEMMAS","robots":{"index":"noindex","follow":"follow"},"og_locale":"pt_BR","og_type":"article","og_title":"TACAS 2019 - SEMMAS","og_url":"https:\/\/www.manaus.am.gov.br\/semmas\/tacas-2019\/","og_site_name":"SEMMAS","article_publisher":"https:\/\/www.facebook.com\/SemmasManaus","article_modified_time":"2024-09-23T15:11:07+00:00","og_image":[{"width":966,"height":520,"url":"https:\/\/www.manaus.am.gov.br\/semmas\/wp-content\/uploads\/sites\/26\/2024\/07\/thumb-default-2.png","type":"image\/png"}],"twitter_card":"summary_large_image","twitter_misc":{"Est. reading time":"5 minutos"},"schema":{"@context":"https:\/\/schema.org","@graph":[{"@type":"WebPage","@id":"https:\/\/www.manaus.am.gov.br\/semmas\/tacas-2019\/","url":"https:\/\/www.manaus.am.gov.br\/semmas\/tacas-2019\/","name":"TACAS 2019 - SEMMAS","isPartOf":{"@id":"https:\/\/www.manaus.am.gov.br\/semmas\/#website"},"datePublished":"2024-09-23T15:11:06+00:00","dateModified":"2024-09-23T15:11:07+00:00","breadcrumb":{"@id":"https:\/\/www.manaus.am.gov.br\/semmas\/tacas-2019\/#breadcrumb"},"inLanguage":"pt-BR","potentialAction":[{"@type":"ReadAction","target":["https:\/\/www.manaus.am.gov.br\/semmas\/tacas-2019\/"]}]},{"@type":"BreadcrumbList","@id":"https:\/\/www.manaus.am.gov.br\/semmas\/tacas-2019\/#breadcrumb","itemListElement":[{"@type":"ListItem","position":1,"name":"Home","item":"https:\/\/www.manaus.am.gov.br\/semmas\/"},{"@type":"ListItem","position":2,"name":"TACAS 2019"}]},{"@type":"WebSite","@id":"https:\/\/www.manaus.am.gov.br\/semmas\/#website","url":"https:\/\/www.manaus.am.gov.br\/semmas\/","name":"SEMMAS CLIMA","description":"Secretaria Municipal de Meio Ambiente e Sustentabilidade","publisher":{"@id":"https:\/\/www.manaus.am.gov.br\/semmas\/#organization"},"alternateName":"Secretaria Municipal de Meio Ambiente e Sustentabilidade","potentialAction":[{"@type":"SearchAction","target":{"@type":"EntryPoint","urlTemplate":"https:\/\/www.manaus.am.gov.br\/semmas\/?s={search_term_string}"},"query-input":"required name=search_term_string"}],"inLanguage":"pt-BR"},{"@type":"Organization","@id":"https:\/\/www.manaus.am.gov.br\/semmas\/#organization","name":"Prefeitura de Manaus","alternateName":"Prefeitura Municipal de Manaus","url":"https:\/\/www.manaus.am.gov.br\/semmas\/","logo":{"@type":"ImageObject","inLanguage":"pt-BR","@id":"https:\/\/www.manaus.am.gov.br\/semmas\/#\/schema\/logo\/image\/","url":"https:\/\/www.manaus.am.gov.br\/semmas\/wp-content\/uploads\/sites\/26\/2024\/06\/brasao.png","contentUrl":"https:\/\/www.manaus.am.gov.br\/semmas\/wp-content\/uploads\/sites\/26\/2024\/06\/brasao.png","width":286,"height":408,"caption":"Prefeitura de Manaus"},"image":{"@id":"https:\/\/www.manaus.am.gov.br\/semmas\/#\/schema\/logo\/image\/"},"sameAs":["https:\/\/www.facebook.com\/SemmasManaus","https:\/\/www.instagram.com\/semmasmanaus\/","https:\/\/www.youtube.com\/@semmasmanaus2835"]}]}},"_links":{"self":[{"href":"https:\/\/www.manaus.am.gov.br\/semmas\/wp-json\/wp\/v2\/pages\/11790"}],"collection":[{"href":"https:\/\/www.manaus.am.gov.br\/semmas\/wp-json\/wp\/v2\/pages"}],"about":[{"href":"https:\/\/www.manaus.am.gov.br\/semmas\/wp-json\/wp\/v2\/types\/page"}],"author":[{"embeddable":true,"href":"https:\/\/www.manaus.am.gov.br\/semmas\/wp-json\/wp\/v2\/users\/69"}],"replies":[{"embeddable":true,"href":"https:\/\/www.manaus.am.gov.br\/semmas\/wp-json\/wp\/v2\/comments?post=11790"}],"version-history":[{"count":1,"href":"https:\/\/www.manaus.am.gov.br\/semmas\/wp-json\/wp\/v2\/pages\/11790\/revisions"}],"predecessor-version":[{"id":11791,"href":"https:\/\/www.manaus.am.gov.br\/semmas\/wp-json\/wp\/v2\/pages\/11790\/revisions\/11791"}],"wp:attachment":[{"href":"https:\/\/www.manaus.am.gov.br\/semmas\/wp-json\/wp\/v2\/media?parent=11790"}],"curies":[{"name":"wp","href":"https:\/\/api.w.org\/{rel}","templated":true}]}}