{"id":10084,"date":"2023-10-30T16:39:17","date_gmt":"2023-10-30T19:39:17","guid":{"rendered":"https:\/\/www.manaus.am.gov.br\/semmas\/?page_id=10084"},"modified":"2023-10-31T09:40:49","modified_gmt":"2023-10-31T12:40:49","slug":"arborizacao-e-doacao-de-mudas","status":"publish","type":"page","link":"https:\/\/www.manaus.am.gov.br\/semmas\/arborizacao-e-doacao-de-mudas\/","title":{"rendered":"Arboriza\u00e7\u00e3o e Doa\u00e7\u00e3o de Mudas"},"content":{"rendered":"\n<p>Por meio do programa ambiental Manaus Verde a doa\u00e7\u00e3o de mudas de plantas arb\u00f3reas, frut\u00edferas, ornamentais e medicinais foi intensi\ufb01cada na cidade. Antes, as doa\u00e7\u00f5es ocorriam a cada 15 dias, agora s\u00e3o semanalmente.<\/p>\n\n\n\n<h3 class=\"wp-block-heading\">\u2018Ilhas de Calor\u2019<\/h3>\n\n\n\n<p>O primeiro local a receber a\u00e7\u00f5es de arboriza\u00e7\u00e3o foi a avenida Constantino Nery, uma das mais importantes da cidade. No local, ser\u00e3o plantadas 50 mudas no canteiro central em cal\u00e7adas que possuem \u00e1rea su\ufb01ciente para comportar \u00e1rvores, prevendo, ainda, o plantio de mais cem mudas em toda a extens\u00e3o da avenida.<\/p>\n\n\n\n<p>Al\u00e9m de embelezar a via, a vegeta\u00e7\u00e3o ir\u00e1 auxiliar na diminui\u00e7\u00e3o das \u201cIlhas de Calor\u201d urbanas, sobretudo, na esta\u00e7\u00e3o seca (meses de julho, agosto e setembro), devido \u00e0 forte presen\u00e7a de materiais imperme\u00e1veis, como concreto, asfalto e pavimentos e a diminui\u00e7\u00e3o de cobertura vegetal no meio urbano.<\/p>\n\n\n\n<p>Vale destacar que a esp\u00e9cie escolhida pela Semmas para ser plantada na Constantino Nery foi o pau-brasil, \u00e1rvore-s\u00edmbolo do pa\u00eds.<\/p>\n\n\n\n<h3 class=\"wp-block-heading\">Tecnologia<\/h3>\n\n\n\n<p>Para que a popula\u00e7\u00e3o possa acompanhar em tempo real o processo de arboriza\u00e7\u00e3o, a Semmas lan\u00e7ou um aplicativo que realiza o georreferenciamento dos servi\u00e7os. Os t\u00e9cnicos v\u00e3o registrar o local, a esp\u00e9cie e autor do plantio, con\ufb01rmando com uma foto que a muda foi plantada.<br>N\u00fameros da arboriza\u00e7\u00e3o ( janeiro a abril de 2023):<\/p>\n\n\n\n<p>\u2013 Produzidas mais de 60 mil mudas;<br>\u2013 Recebidos e atendidos 45 pedidos de institui\u00e7\u00f5es diversas com mais de 5 mil mudas doadas;<br>\u2013 Mais de 2 mil mudas foram plantadas nos seguintes locais: avenida do Turismo, avenida Ministro Jo\u00e3o Gon\u00e7alves (BR-319), avenida Max Teixeira, avenida Nathan Xavier, \u00c1rea verde do conjunto \u00c1guas Claras, \u00c1rea de Prote\u00e7\u00e3o Permanente (APP) do igarap\u00e9 do Mindu, APP do igarap\u00e9 do Gigante, Espa\u00e7o verde do N\u00facleo 15 \u2013 Cidade Nova, APP do igarap\u00e9 do Franco (avenida Brasil), Corredor ecol\u00f3gico do Mindu e Parque Nascentes do Mindu;<br>\u2013 Vinte e duas a\u00e7\u00f5es itinerantes de doa\u00e7\u00f5es para a popula\u00e7\u00e3o em diferentes zonas de Manaus, quando foram doadas mais de 10 mil mudas;<\/p>\n\n\n\n<h3 class=\"wp-block-heading\">At\u00e9 o \ufb01nal do bi\u00eanio 2023\/2024:<\/h3>\n\n\n\n<p>\u2013 Produzidas 300 mil mudas;<br>\u2013 Atendidos mais de 200 pedidos de doa\u00e7\u00f5es, entregando mais de 60 mil mudas;<br>\u2013 Mais de cem a\u00e7\u00f5es itinerantes de doa\u00e7\u00e3o para a popula\u00e7\u00e3o em geral;<br>\u2013 Plantio de mais de 20 mil mudas em mais de 40 \u00e1reas estrat\u00e9gicas da cidade;<br>\u2013 Nos pr\u00f3ximos dois meses (maio e junho) ser\u00e3o \ufb01rmados mais dois acordos de coopera\u00e7\u00e3o, para intensi\ufb01car e melhorar a arboriza\u00e7\u00e3o de Manaus.<\/p>\n","protected":false},"excerpt":{"rendered":"","protected":false},"author":27,"featured_media":0,"parent":0,"menu_order":0,"comment_status":"closed","ping_status":"closed","template":"page_servicos.php","meta":{"footnotes":""},"acf":[],"yoast_head":"<!-- This site is optimized with the Yoast SEO plugin v23.0 - https:\/\/yoast.com\/wordpress\/plugins\/seo\/ -->\n<title>Arboriza\u00e7\u00e3o e Doa\u00e7\u00e3o de Mudas - SEMMAS<\/title>\n<meta name=\"robots\" content=\"noindex, follow\" \/>\n<meta property=\"og:locale\" content=\"pt_BR\" \/>\n<meta property=\"og:type\" content=\"article\" \/>\n<meta property=\"og:title\" content=\"Arboriza\u00e7\u00e3o e Doa\u00e7\u00e3o de Mudas - SEMMAS\" \/>\n<meta property=\"og:url\" content=\"https:\/\/www.manaus.am.gov.br\/semmas\/arborizacao-e-doacao-de-mudas\/\" \/>\n<meta property=\"og:site_name\" content=\"SEMMAS\" \/>\n<meta property=\"article:publisher\" content=\"https:\/\/www.facebook.com\/SemmasManaus\" \/>\n<meta property=\"article:modified_time\" content=\"2023-10-31T12:40:49+00:00\" \/>\n<meta property=\"og:image\" content=\"https:\/\/www.manaus.am.gov.br\/semmas\/wp-content\/uploads\/sites\/26\/2024\/07\/thumb-default-2.png\" \/>\n\t<meta property=\"og:image:width\" content=\"966\" \/>\n\t<meta property=\"og:image:height\" content=\"520\" \/>\n\t<meta property=\"og:image:type\" content=\"image\/png\" \/>\n<meta name=\"twitter:card\" content=\"summary_large_image\" \/>\n<meta name=\"twitter:label1\" content=\"Est. reading time\" \/>\n\t<meta name=\"twitter:data1\" content=\"3 minutos\" \/>\n<script type=\"application\/ld+json\" class=\"yoast-schema-graph\">{\"@context\":\"https:\/\/schema.org\",\"@graph\":[{\"@type\":\"WebPage\",\"@id\":\"https:\/\/www.manaus.am.gov.br\/semmas\/arborizacao-e-doacao-de-mudas\/\",\"url\":\"https:\/\/www.manaus.am.gov.br\/semmas\/arborizacao-e-doacao-de-mudas\/\",\"name\":\"Arboriza\u00e7\u00e3o e Doa\u00e7\u00e3o de Mudas - SEMMAS\",\"isPartOf\":{\"@id\":\"https:\/\/www.manaus.am.gov.br\/semmas\/#website\"},\"datePublished\":\"2023-10-30T19:39:17+00:00\",\"dateModified\":\"2023-10-31T12:40:49+00:00\",\"breadcrumb\":{\"@id\":\"https:\/\/www.manaus.am.gov.br\/semmas\/arborizacao-e-doacao-de-mudas\/#breadcrumb\"},\"inLanguage\":\"pt-BR\",\"potentialAction\":[{\"@type\":\"ReadAction\",\"target\":[\"https:\/\/www.manaus.am.gov.br\/semmas\/arborizacao-e-doacao-de-mudas\/\"]}]},{\"@type\":\"BreadcrumbList\",\"@id\":\"https:\/\/www.manaus.am.gov.br\/semmas\/arborizacao-e-doacao-de-mudas\/#breadcrumb\",\"itemListElement\":[{\"@type\":\"ListItem\",\"position\":1,\"name\":\"Home\",\"item\":\"https:\/\/www.manaus.am.gov.br\/semmas\/\"},{\"@type\":\"ListItem\",\"position\":2,\"name\":\"Arboriza\u00e7\u00e3o e Doa\u00e7\u00e3o de Mudas\"}]},{\"@type\":\"WebSite\",\"@id\":\"https:\/\/www.manaus.am.gov.br\/semmas\/#website\",\"url\":\"https:\/\/www.manaus.am.gov.br\/semmas\/\",\"name\":\"SEMMAS CLIMA\",\"description\":\"Secretaria Municipal de Meio Ambiente e Sustentabilidade\",\"publisher\":{\"@id\":\"https:\/\/www.manaus.am.gov.br\/semmas\/#organization\"},\"alternateName\":\"Secretaria Municipal de Meio Ambiente e Sustentabilidade\",\"potentialAction\":[{\"@type\":\"SearchAction\",\"target\":{\"@type\":\"EntryPoint\",\"urlTemplate\":\"https:\/\/www.manaus.am.gov.br\/semmas\/?s={search_term_string}\"},\"query-input\":\"required name=search_term_string\"}],\"inLanguage\":\"pt-BR\"},{\"@type\":\"Organization\",\"@id\":\"https:\/\/www.manaus.am.gov.br\/semmas\/#organization\",\"name\":\"Prefeitura de Manaus\",\"alternateName\":\"Prefeitura Municipal de Manaus\",\"url\":\"https:\/\/www.manaus.am.gov.br\/semmas\/\",\"logo\":{\"@type\":\"ImageObject\",\"inLanguage\":\"pt-BR\",\"@id\":\"https:\/\/www.manaus.am.gov.br\/semmas\/#\/schema\/logo\/image\/\",\"url\":\"https:\/\/www.manaus.am.gov.br\/semmas\/wp-content\/uploads\/sites\/26\/2024\/06\/brasao.png\",\"contentUrl\":\"https:\/\/www.manaus.am.gov.br\/semmas\/wp-content\/uploads\/sites\/26\/2024\/06\/brasao.png\",\"width\":286,\"height\":408,\"caption\":\"Prefeitura de Manaus\"},\"image\":{\"@id\":\"https:\/\/www.manaus.am.gov.br\/semmas\/#\/schema\/logo\/image\/\"},\"sameAs\":[\"https:\/\/www.facebook.com\/SemmasManaus\",\"https:\/\/www.instagram.com\/semmasmanaus\/\",\"https:\/\/www.youtube.com\/@semmasmanaus2835\"]}]}<\/script>\n<!-- \/ Yoast SEO plugin. -->","yoast_head_json":{"title":"Arboriza\u00e7\u00e3o e Doa\u00e7\u00e3o de Mudas - SEMMAS","robots":{"index":"noindex","follow":"follow"},"og_locale":"pt_BR","og_type":"article","og_title":"Arboriza\u00e7\u00e3o e Doa\u00e7\u00e3o de Mudas - SEMMAS","og_url":"https:\/\/www.manaus.am.gov.br\/semmas\/arborizacao-e-doacao-de-mudas\/","og_site_name":"SEMMAS","article_publisher":"https:\/\/www.facebook.com\/SemmasManaus","article_modified_time":"2023-10-31T12:40:49+00:00","og_image":[{"width":966,"height":520,"url":"https:\/\/www.manaus.am.gov.br\/semmas\/wp-content\/uploads\/sites\/26\/2024\/07\/thumb-default-2.png","type":"image\/png"}],"twitter_card":"summary_large_image","twitter_misc":{"Est. reading time":"3 minutos"},"schema":{"@context":"https:\/\/schema.org","@graph":[{"@type":"WebPage","@id":"https:\/\/www.manaus.am.gov.br\/semmas\/arborizacao-e-doacao-de-mudas\/","url":"https:\/\/www.manaus.am.gov.br\/semmas\/arborizacao-e-doacao-de-mudas\/","name":"Arboriza\u00e7\u00e3o e Doa\u00e7\u00e3o de Mudas - SEMMAS","isPartOf":{"@id":"https:\/\/www.manaus.am.gov.br\/semmas\/#website"},"datePublished":"2023-10-30T19:39:17+00:00","dateModified":"2023-10-31T12:40:49+00:00","breadcrumb":{"@id":"https:\/\/www.manaus.am.gov.br\/semmas\/arborizacao-e-doacao-de-mudas\/#breadcrumb"},"inLanguage":"pt-BR","potentialAction":[{"@type":"ReadAction","target":["https:\/\/www.manaus.am.gov.br\/semmas\/arborizacao-e-doacao-de-mudas\/"]}]},{"@type":"BreadcrumbList","@id":"https:\/\/www.manaus.am.gov.br\/semmas\/arborizacao-e-doacao-de-mudas\/#breadcrumb","itemListElement":[{"@type":"ListItem","position":1,"name":"Home","item":"https:\/\/www.manaus.am.gov.br\/semmas\/"},{"@type":"ListItem","position":2,"name":"Arboriza\u00e7\u00e3o e Doa\u00e7\u00e3o de Mudas"}]},{"@type":"WebSite","@id":"https:\/\/www.manaus.am.gov.br\/semmas\/#website","url":"https:\/\/www.manaus.am.gov.br\/semmas\/","name":"SEMMAS CLIMA","description":"Secretaria Municipal de Meio Ambiente e Sustentabilidade","publisher":{"@id":"https:\/\/www.manaus.am.gov.br\/semmas\/#organization"},"alternateName":"Secretaria Municipal de Meio Ambiente e Sustentabilidade","potentialAction":[{"@type":"SearchAction","target":{"@type":"EntryPoint","urlTemplate":"https:\/\/www.manaus.am.gov.br\/semmas\/?s={search_term_string}"},"query-input":"required name=search_term_string"}],"inLanguage":"pt-BR"},{"@type":"Organization","@id":"https:\/\/www.manaus.am.gov.br\/semmas\/#organization","name":"Prefeitura de Manaus","alternateName":"Prefeitura Municipal de Manaus","url":"https:\/\/www.manaus.am.gov.br\/semmas\/","logo":{"@type":"ImageObject","inLanguage":"pt-BR","@id":"https:\/\/www.manaus.am.gov.br\/semmas\/#\/schema\/logo\/image\/","url":"https:\/\/www.manaus.am.gov.br\/semmas\/wp-content\/uploads\/sites\/26\/2024\/06\/brasao.png","contentUrl":"https:\/\/www.manaus.am.gov.br\/semmas\/wp-content\/uploads\/sites\/26\/2024\/06\/brasao.png","width":286,"height":408,"caption":"Prefeitura de Manaus"},"image":{"@id":"https:\/\/www.manaus.am.gov.br\/semmas\/#\/schema\/logo\/image\/"},"sameAs":["https:\/\/www.facebook.com\/SemmasManaus","https:\/\/www.instagram.com\/semmasmanaus\/","https:\/\/www.youtube.com\/@semmasmanaus2835"]}]}},"_links":{"self":[{"href":"https:\/\/www.manaus.am.gov.br\/semmas\/wp-json\/wp\/v2\/pages\/10084"}],"collection":[{"href":"https:\/\/www.manaus.am.gov.br\/semmas\/wp-json\/wp\/v2\/pages"}],"about":[{"href":"https:\/\/www.manaus.am.gov.br\/semmas\/wp-json\/wp\/v2\/types\/page"}],"author":[{"embeddable":true,"href":"https:\/\/www.manaus.am.gov.br\/semmas\/wp-json\/wp\/v2\/users\/27"}],"replies":[{"embeddable":true,"href":"https:\/\/www.manaus.am.gov.br\/semmas\/wp-json\/wp\/v2\/comments?post=10084"}],"version-history":[{"count":3,"href":"https:\/\/www.manaus.am.gov.br\/semmas\/wp-json\/wp\/v2\/pages\/10084\/revisions"}],"predecessor-version":[{"id":10139,"href":"https:\/\/www.manaus.am.gov.br\/semmas\/wp-json\/wp\/v2\/pages\/10084\/revisions\/10139"}],"wp:attachment":[{"href":"https:\/\/www.manaus.am.gov.br\/semmas\/wp-json\/wp\/v2\/media?parent=10084"}],"curies":[{"name":"wp","href":"https:\/\/api.w.org\/{rel}","templated":true}]}}