{"id":10057,"date":"2023-10-30T12:15:18","date_gmt":"2023-10-30T15:15:18","guid":{"rendered":"https:\/\/www.manaus.am.gov.br\/semmas\/?page_id=10057"},"modified":"2023-10-30T12:17:39","modified_gmt":"2023-10-30T15:17:39","slug":"estrutura-administrativa-e-responsaveis","status":"publish","type":"page","link":"https:\/\/www.manaus.am.gov.br\/semmas\/fmdma\/estrutura-administrativa-e-responsaveis\/","title":{"rendered":"Estrutura Administrativa e Respons\u00e1veis"},"content":{"rendered":"\n<p>O Fundo Municipal para Desenvolvimento e Meio Ambiente \u2013 FMDMA foi criado em 11 de novembro de 1993, por meio da Lei n\u00ba 219, vincula-se \u00e0 Secretaria Municipal de Meio Ambiente e Sustentabilidade, \u00e9 de natureza cont\u00e1bil e tem por \ufb01nalidade criar condi\u00e7\u00f5es \ufb01nanceiras e coordenar os recursos destinados ao desenvolvimento das a\u00e7\u00f5es e servi\u00e7os relativos ao meio ambiente como um todo, visando \u00e0 melhoria da qualidade de vida da popula\u00e7\u00e3o do munic\u00edpio de Manaus, competindo a sua administra\u00e7\u00e3o ao Secret\u00e1rio da SEMMAS, auxiliado por um Coordenador, sob a fiscaliza\u00e7\u00e3o do Conselho Municipal de Desenvolvimento e Meio Ambiente &#8211; COMDEMA.<\/p>\n\n\n\n<p>Suas atividades est\u00e3o regulamentadas pela Lei n\u00ba 605, de 24 de julho de 2001, artigo 72 e seguintes. De acordo com a Lei, s\u00e3o receitas e despesas do FMDMA:<\/p>\n\n\n\n<h3 class=\"wp-block-heading\">RECEITAS:<\/h3>\n\n\n\n<p>S\u00e3o receitas do FMDMA, de acordo com o artigo 73 da Lei 605 de 24.07.2001:<br>I \u2013 as transfer\u00eancias oriundas do Fundo Nacional do Meio Ambiente, como decorr\u00eancia de contratos de Financiamento a fundo perdido;<br>II \u2013 os rendimentos e os juros provenientes de aplica\u00e7\u00f5es \ufb01nanceiras;<br>III \u2013 o produto de ajustes \ufb01rmados com entidades \ufb01nanceiras;<br>IV \u2013 o produto de arrecada\u00e7\u00e3o de taxas de licenciamento, parecer t\u00e9cnico, multas e juros de mora sobre atos e infra\u00e7\u00f5es cometidas, do ponto de vista ambiental;<br>V \u2013 o produto das parcelas de servi\u00e7os e de outras transfer\u00eancias que o Munic\u00edpio tenha direito a receber por for\u00e7a da lei e de conv\u00eanios, acordos ou contratos no setor; VI \u2013 doa\u00e7\u00f5es em esp\u00e9cies, feitas diretamente para o Fundo;<br>VII \u2013 o produto de condena\u00e7\u00f5es de a\u00e7\u00f5es judiciais relativas ao meio ambiente;<br>VIII \u2013 o produto das opera\u00e7\u00f5es de cr\u00e9dito por antecipa\u00e7\u00e3o da receita or\u00e7ament\u00e1ria ou vinculada \u00e0 obra ou presta\u00e7\u00e3o de servi\u00e7o em meio ambiente, ci\u00eancia e tecnologia;<br>IX \u2013 transfer\u00eancias correntes provenientes de repasse pelo Poder P\u00fablico Municipal.<\/p>\n\n\n\n<h3 class=\"wp-block-heading\">DESPESAS:<\/h3>\n\n\n\n<p>S\u00e3o despesas do FMDMA, de acordo com o artigo 76 da Lei 605 de 24.07.2001:<br>I \u2013 \ufb01nanciamento total ou parcial de programa ou projeto desenvolvidos pela Secretaria Municipal de Desenvolvimento e Meio Ambiente ou por ela conveniados;<br>II \u2013 pagamento pela presta\u00e7\u00e3o de servi\u00e7os de terceiros e a entidades de direito privado para execu\u00e7\u00e3o de programas ou projetos espec\u00ed\ufb01cos dos setores de meio ambiente, ci\u00eancia e tecnologia, observando o disposto na Lei Or\u00e7ament\u00e1ria;<br>III \u2013 aquisi\u00e7\u00e3o de material permanente e de consumo, al\u00e9m de outros insumos necess\u00e1rios ao desenvolvimento dos programas e projetos;<br>IV \u2013 constru\u00e7\u00e3o, reforma, aquisi\u00e7\u00e3o ou loca\u00e7\u00e3o de im\u00f3veis para adequa\u00e7\u00e3o da rede f\u00edsica de presta\u00e7\u00e3o de servi\u00e7os em meio ambiente, ci\u00eancia e tecnologia;<br>V \u2013 desenvolvimento e aperfei\u00e7oamento dos instrumentos de gest\u00e3o, planejamento, administra\u00e7\u00e3o e controle das a\u00e7\u00f5es em meio ambiente, ci\u00eancia e tecnologia;<br>VI \u2013 desenvolvimento de programas de capacita\u00e7\u00e3o e aperfei\u00e7oamento de recursos humanos nas \u00e1reas de meio ambiente, ci\u00eancia e tecnologia;<br>VII \u2013 atendimento de despesas diversas, de car\u00e1ter urgente e inadi\u00e1vel, necess\u00e1rias \u00e0 execu\u00e7\u00e3o das a\u00e7\u00f5es e servi\u00e7os em meio ambiente, ci\u00eancia e tecnologia, mencionadas neste C\u00f3digo.<\/p>\n\n\n\n<p>Par\u00e1grafo \u00danico \u2013 Ser\u00e1 destinado \u00e0 capacita\u00e7\u00e3o e aperfei\u00e7oamento de recursos humanos nas \u00e1reas de meio ambiente, ci\u00eancia e tecnologia, 10% (dez por cento) do Fundo Municipal de Desenvolvimento e Meio Ambiente.<\/p>\n","protected":false},"excerpt":{"rendered":"","protected":false},"author":27,"featured_media":0,"parent":395,"menu_order":0,"comment_status":"closed","ping_status":"closed","template":"templates\/turismo.php","meta":{"footnotes":""},"acf":[],"yoast_head":"<!-- This site is optimized with the Yoast SEO plugin v23.0 - https:\/\/yoast.com\/wordpress\/plugins\/seo\/ -->\n<title>Estrutura Administrativa e Respons\u00e1veis - SEMMAS<\/title>\n<meta name=\"robots\" content=\"noindex, follow\" \/>\n<meta property=\"og:locale\" content=\"pt_BR\" \/>\n<meta property=\"og:type\" content=\"article\" \/>\n<meta property=\"og:title\" content=\"Estrutura Administrativa e Respons\u00e1veis - SEMMAS\" \/>\n<meta property=\"og:url\" content=\"https:\/\/www.manaus.am.gov.br\/semmas\/fmdma\/estrutura-administrativa-e-responsaveis\/\" \/>\n<meta property=\"og:site_name\" content=\"SEMMAS\" \/>\n<meta property=\"article:publisher\" content=\"https:\/\/www.facebook.com\/SemmasManaus\" \/>\n<meta property=\"article:modified_time\" content=\"2023-10-30T15:17:39+00:00\" \/>\n<meta property=\"og:image\" content=\"https:\/\/www.manaus.am.gov.br\/semmas\/wp-content\/uploads\/sites\/26\/2024\/07\/thumb-default-2.png\" \/>\n\t<meta property=\"og:image:width\" content=\"966\" \/>\n\t<meta property=\"og:image:height\" content=\"520\" \/>\n\t<meta property=\"og:image:type\" content=\"image\/png\" \/>\n<meta name=\"twitter:card\" content=\"summary_large_image\" \/>\n<meta name=\"twitter:label1\" content=\"Est. reading time\" \/>\n\t<meta name=\"twitter:data1\" content=\"3 minutos\" \/>\n<script type=\"application\/ld+json\" class=\"yoast-schema-graph\">{\"@context\":\"https:\/\/schema.org\",\"@graph\":[{\"@type\":\"WebPage\",\"@id\":\"https:\/\/www.manaus.am.gov.br\/semmas\/fmdma\/estrutura-administrativa-e-responsaveis\/\",\"url\":\"https:\/\/www.manaus.am.gov.br\/semmas\/fmdma\/estrutura-administrativa-e-responsaveis\/\",\"name\":\"Estrutura Administrativa e Respons\u00e1veis - SEMMAS\",\"isPartOf\":{\"@id\":\"https:\/\/www.manaus.am.gov.br\/semmas\/#website\"},\"datePublished\":\"2023-10-30T15:15:18+00:00\",\"dateModified\":\"2023-10-30T15:17:39+00:00\",\"breadcrumb\":{\"@id\":\"https:\/\/www.manaus.am.gov.br\/semmas\/fmdma\/estrutura-administrativa-e-responsaveis\/#breadcrumb\"},\"inLanguage\":\"pt-BR\",\"potentialAction\":[{\"@type\":\"ReadAction\",\"target\":[\"https:\/\/www.manaus.am.gov.br\/semmas\/fmdma\/estrutura-administrativa-e-responsaveis\/\"]}]},{\"@type\":\"BreadcrumbList\",\"@id\":\"https:\/\/www.manaus.am.gov.br\/semmas\/fmdma\/estrutura-administrativa-e-responsaveis\/#breadcrumb\",\"itemListElement\":[{\"@type\":\"ListItem\",\"position\":1,\"name\":\"Home\",\"item\":\"https:\/\/www.manaus.am.gov.br\/semmas\/\"},{\"@type\":\"ListItem\",\"position\":2,\"name\":\"FMDMA\",\"item\":\"https:\/\/www.manaus.am.gov.br\/semmas\/fmdma\/\"},{\"@type\":\"ListItem\",\"position\":3,\"name\":\"Estrutura Administrativa e Respons\u00e1veis\"}]},{\"@type\":\"WebSite\",\"@id\":\"https:\/\/www.manaus.am.gov.br\/semmas\/#website\",\"url\":\"https:\/\/www.manaus.am.gov.br\/semmas\/\",\"name\":\"SEMMAS CLIMA\",\"description\":\"Secretaria Municipal de Meio Ambiente e Sustentabilidade\",\"publisher\":{\"@id\":\"https:\/\/www.manaus.am.gov.br\/semmas\/#organization\"},\"alternateName\":\"Secretaria Municipal de Meio Ambiente e Sustentabilidade\",\"potentialAction\":[{\"@type\":\"SearchAction\",\"target\":{\"@type\":\"EntryPoint\",\"urlTemplate\":\"https:\/\/www.manaus.am.gov.br\/semmas\/?s={search_term_string}\"},\"query-input\":\"required name=search_term_string\"}],\"inLanguage\":\"pt-BR\"},{\"@type\":\"Organization\",\"@id\":\"https:\/\/www.manaus.am.gov.br\/semmas\/#organization\",\"name\":\"Prefeitura de Manaus\",\"alternateName\":\"Prefeitura Municipal de Manaus\",\"url\":\"https:\/\/www.manaus.am.gov.br\/semmas\/\",\"logo\":{\"@type\":\"ImageObject\",\"inLanguage\":\"pt-BR\",\"@id\":\"https:\/\/www.manaus.am.gov.br\/semmas\/#\/schema\/logo\/image\/\",\"url\":\"https:\/\/www.manaus.am.gov.br\/semmas\/wp-content\/uploads\/sites\/26\/2024\/06\/brasao.png\",\"contentUrl\":\"https:\/\/www.manaus.am.gov.br\/semmas\/wp-content\/uploads\/sites\/26\/2024\/06\/brasao.png\",\"width\":286,\"height\":408,\"caption\":\"Prefeitura de Manaus\"},\"image\":{\"@id\":\"https:\/\/www.manaus.am.gov.br\/semmas\/#\/schema\/logo\/image\/\"},\"sameAs\":[\"https:\/\/www.facebook.com\/SemmasManaus\",\"https:\/\/www.instagram.com\/semmasmanaus\/\",\"https:\/\/www.youtube.com\/@semmasmanaus2835\"]}]}<\/script>\n<!-- \/ Yoast SEO plugin. -->","yoast_head_json":{"title":"Estrutura Administrativa e Respons\u00e1veis - SEMMAS","robots":{"index":"noindex","follow":"follow"},"og_locale":"pt_BR","og_type":"article","og_title":"Estrutura Administrativa e Respons\u00e1veis - SEMMAS","og_url":"https:\/\/www.manaus.am.gov.br\/semmas\/fmdma\/estrutura-administrativa-e-responsaveis\/","og_site_name":"SEMMAS","article_publisher":"https:\/\/www.facebook.com\/SemmasManaus","article_modified_time":"2023-10-30T15:17:39+00:00","og_image":[{"width":966,"height":520,"url":"https:\/\/www.manaus.am.gov.br\/semmas\/wp-content\/uploads\/sites\/26\/2024\/07\/thumb-default-2.png","type":"image\/png"}],"twitter_card":"summary_large_image","twitter_misc":{"Est. reading time":"3 minutos"},"schema":{"@context":"https:\/\/schema.org","@graph":[{"@type":"WebPage","@id":"https:\/\/www.manaus.am.gov.br\/semmas\/fmdma\/estrutura-administrativa-e-responsaveis\/","url":"https:\/\/www.manaus.am.gov.br\/semmas\/fmdma\/estrutura-administrativa-e-responsaveis\/","name":"Estrutura Administrativa e Respons\u00e1veis - SEMMAS","isPartOf":{"@id":"https:\/\/www.manaus.am.gov.br\/semmas\/#website"},"datePublished":"2023-10-30T15:15:18+00:00","dateModified":"2023-10-30T15:17:39+00:00","breadcrumb":{"@id":"https:\/\/www.manaus.am.gov.br\/semmas\/fmdma\/estrutura-administrativa-e-responsaveis\/#breadcrumb"},"inLanguage":"pt-BR","potentialAction":[{"@type":"ReadAction","target":["https:\/\/www.manaus.am.gov.br\/semmas\/fmdma\/estrutura-administrativa-e-responsaveis\/"]}]},{"@type":"BreadcrumbList","@id":"https:\/\/www.manaus.am.gov.br\/semmas\/fmdma\/estrutura-administrativa-e-responsaveis\/#breadcrumb","itemListElement":[{"@type":"ListItem","position":1,"name":"Home","item":"https:\/\/www.manaus.am.gov.br\/semmas\/"},{"@type":"ListItem","position":2,"name":"FMDMA","item":"https:\/\/www.manaus.am.gov.br\/semmas\/fmdma\/"},{"@type":"ListItem","position":3,"name":"Estrutura Administrativa e Respons\u00e1veis"}]},{"@type":"WebSite","@id":"https:\/\/www.manaus.am.gov.br\/semmas\/#website","url":"https:\/\/www.manaus.am.gov.br\/semmas\/","name":"SEMMAS CLIMA","description":"Secretaria Municipal de Meio Ambiente e Sustentabilidade","publisher":{"@id":"https:\/\/www.manaus.am.gov.br\/semmas\/#organization"},"alternateName":"Secretaria Municipal de Meio Ambiente e Sustentabilidade","potentialAction":[{"@type":"SearchAction","target":{"@type":"EntryPoint","urlTemplate":"https:\/\/www.manaus.am.gov.br\/semmas\/?s={search_term_string}"},"query-input":"required name=search_term_string"}],"inLanguage":"pt-BR"},{"@type":"Organization","@id":"https:\/\/www.manaus.am.gov.br\/semmas\/#organization","name":"Prefeitura de Manaus","alternateName":"Prefeitura Municipal de Manaus","url":"https:\/\/www.manaus.am.gov.br\/semmas\/","logo":{"@type":"ImageObject","inLanguage":"pt-BR","@id":"https:\/\/www.manaus.am.gov.br\/semmas\/#\/schema\/logo\/image\/","url":"https:\/\/www.manaus.am.gov.br\/semmas\/wp-content\/uploads\/sites\/26\/2024\/06\/brasao.png","contentUrl":"https:\/\/www.manaus.am.gov.br\/semmas\/wp-content\/uploads\/sites\/26\/2024\/06\/brasao.png","width":286,"height":408,"caption":"Prefeitura de Manaus"},"image":{"@id":"https:\/\/www.manaus.am.gov.br\/semmas\/#\/schema\/logo\/image\/"},"sameAs":["https:\/\/www.facebook.com\/SemmasManaus","https:\/\/www.instagram.com\/semmasmanaus\/","https:\/\/www.youtube.com\/@semmasmanaus2835"]}]}},"_links":{"self":[{"href":"https:\/\/www.manaus.am.gov.br\/semmas\/wp-json\/wp\/v2\/pages\/10057"}],"collection":[{"href":"https:\/\/www.manaus.am.gov.br\/semmas\/wp-json\/wp\/v2\/pages"}],"about":[{"href":"https:\/\/www.manaus.am.gov.br\/semmas\/wp-json\/wp\/v2\/types\/page"}],"author":[{"embeddable":true,"href":"https:\/\/www.manaus.am.gov.br\/semmas\/wp-json\/wp\/v2\/users\/27"}],"replies":[{"embeddable":true,"href":"https:\/\/www.manaus.am.gov.br\/semmas\/wp-json\/wp\/v2\/comments?post=10057"}],"version-history":[{"count":4,"href":"https:\/\/www.manaus.am.gov.br\/semmas\/wp-json\/wp\/v2\/pages\/10057\/revisions"}],"predecessor-version":[{"id":10062,"href":"https:\/\/www.manaus.am.gov.br\/semmas\/wp-json\/wp\/v2\/pages\/10057\/revisions\/10062"}],"up":[{"embeddable":true,"href":"https:\/\/www.manaus.am.gov.br\/semmas\/wp-json\/wp\/v2\/pages\/395"}],"wp:attachment":[{"href":"https:\/\/www.manaus.am.gov.br\/semmas\/wp-json\/wp\/v2\/media?parent=10057"}],"curies":[{"name":"wp","href":"https:\/\/api.w.org\/{rel}","templated":true}]}}