{"id":252,"date":"2023-05-29T22:56:51","date_gmt":"2023-05-30T01:56:51","guid":{"rendered":"https:\/\/www.manaus.am.gov.br\/fme\/?page_id=252"},"modified":"2025-02-10T14:26:27","modified_gmt":"2025-02-10T17:26:27","slug":"centros-de-esporte-e-lazer","status":"publish","type":"page","link":"https:\/\/www.manaus.am.gov.br\/semjel\/centros-de-esporte-e-lazer\/","title":{"rendered":"Centros de Esporte e Lazer"},"content":{"rendered":"\n<p>Existem, atualmente, 18 Centros de Esporte e Lazer (CELs) e 1 Vel\u00f3dromo espalhados pelas seis zonas da capital amazonense, foram criados para desenvolver a pr\u00e1tica esportiva, social e de lazer dos cidad\u00e3os. Os complexos s\u00e3o locais onde ocorre a inicia\u00e7\u00e3o desportiva para crian\u00e7as e jovens, bem como a massifica\u00e7\u00e3o da pr\u00e1tica esportiva; s\u00e3o oferecidas tamb\u00e9m, atividades f\u00edsicas para 3\u00aa idade, adultos em geral e pessoas com defici\u00eancia (PCDs).&nbsp;<\/p>\n\n\n\n<p>As atividades s\u00e3o realizadas em espa\u00e7os administrados pela Prefeitura de Manaus atrav\u00e9s da Funda\u00e7\u00e3o Manaus Esporte (FME). Os CELs oferecem modalidades orientadas por profissionais de Educa\u00e7\u00e3o F\u00edsica que se empenham em promover sa\u00fade, qualidade de vida e lazer a todos que s\u00e3o atendidos nos CELs.<\/p>\n\n\n\n<p>Segue a lista dos CELs e as modalidades oferecidas por cada um deles.<\/p>\n\n\n\n<p><strong>Mini Vila Ol\u00edmpica do Coroado<\/strong><br>Endere\u00e7o: Av Cosme Ferreira, 871 \u2013 Coroado II<br>Modalidades: Futsal, Futebol de campo, Badminton, 3\u00b0 Idade, Nata\u00e7\u00e3o,<br>Hidrogin\u00e1stica, Gin\u00e1sticas, Nata\u00e7\u00e3o PCD, Voleibol, Corrida.<\/p>\n\n\n\n<p><strong>Mini Vila Ol\u00edmpica do Santo Ant\u00f4nio<\/strong><br>Endere\u00e7o: Rua S\u00e3o Jos\u00e9, S\/N \u2013 Santo Ant\u00f4nio<br>Modalidades: Treinamento Funcional, Ritmos, Jiu-Jitsu, Futsal e Voleibol.<\/p>\n\n\n\n<p><strong>CEL Alvorada<\/strong><br>Endere\u00e7o: Av A, S\/N \u2013 Alvorada I<br>Modalidades: Gin\u00e1stica R\u00edtmica, Jiu-Jitsu, 3\u00aa idade, Capoeira, Futebol de<br>campo, Futsal, Tecido Acrob\u00e1tico, Gin\u00e1sticas.<\/p>\n\n\n\n<p><strong>CEL Campos El\u00edseos<\/strong><br>Endere\u00e7o: Rua Paris, S\/N, Campos El\u00edseos \u2013 Planalto<br>Modalidades: 3\u00b0 Idade, Gin\u00e1sticas, Futsal, Domin\u00f3, Taekwondo, Voleibol,<br>Futebol de campo.<\/p>\n\n\n\n<p><strong>CEL Cidade de Deus<\/strong><br>Endere\u00e7o: Rua Tatipi, S\/N \u2013 Cidade de Deus<br>Modalidades: Gin\u00e1sticas, 3\u00aa idade, T\u00eanis de Mesa, Futsal, Jiu-Jitsu.<\/p>\n\n\n\n<p><strong>CEL Cidade Nova<\/strong><br>Endere\u00e7o: Rua Itaciara, S\/N \u2013 Cidade Nova I<br>Modalidades: 3\u00b0 Idade, Gin\u00e1sticas, Voleibol, Futsal, T\u00eanis de Mesa, Futebol de<br>campo, Basquetebol.<\/p>\n\n\n\n<p><strong>CEL Dom Jackson<\/strong><br>Endere\u00e7o: Rua Luiz Vaz de Cam\u00f5es, 77 \u2013 Compensa I<\/p>\n\n\n\n<p>Modalidades: Futsal, Gin\u00e1sticas, Treinamento Funcional, T\u00eanis de Mesa,<br>Badminton, 3\u00aa Idade.<\/p>\n\n\n\n<p><strong>CEL Dom Pedro<\/strong><br>Endere\u00e7o: Av Pedro Teixeira, S\/N \u2013 Dom Pedro<br>Modalidades: Basquete, 3\u00b0 Idade e Gin\u00e1sticas.<\/p>\n\n\n\n<p><strong>CEL Eldorado<\/strong><br>Endere\u00e7o: Av Rond\u00f4nia, S\/N \u2013 Conjunto Eldorado<br>Modalidades: Parabadminton, Nata\u00e7\u00e3o PCD, Futsal surdos, Voleibol Sentado,<br>Basquetebol, Badminton, Gin\u00e1sticas, Atividades Motoras PCDs, Treinamento<br>Funcional, Voleibol,<\/p>\n\n\n\n<p><strong>CEL Japiim<\/strong><br>Endere\u00e7o: Rua A10, Conjunto 31 de Mar\u00e7o \u2013 Japiim II<br>Modalidades: 3\u00b0 Idade, Gin\u00e1sticas, Voleibol, Treinamento Funcional, T\u00eanis de<br>Mesa e Futsal<\/p>\n\n\n\n<p><strong>CEL Ninimberg Guerra<\/strong><br>Endere\u00e7o: Rua Nossa Senhora de F\u00e1tima, S\/N \u2013 S\u00e3o Jorge<br>Modalidades: Futsal, Basquete, 3\u00b0 Idade, T\u00eanis de Mesa, Badminton, Voleibol,<br>Fisioterapia, Gin\u00e1sticas, Jiu-jitsu, capoeira e Karat\u00ea.<\/p>\n\n\n\n<p><strong>CEL Reden\u00e7\u00e3o<\/strong><br>Endere\u00e7o: Rua Olinda, S\/N \u2013 Reden\u00e7\u00e3o<br>Modalidades: 3\u00b0 Idade, Treinamento Funcional, Gin\u00e1stica Art\u00edstica, Futebol,<br>Bal\u00e9, Futsal, Voleibol, Gin\u00e1sticas, Jiu-Jitsu, Caminhada, T\u00eanis de mesa.<\/p>\n\n\n\n<p><strong>CEL Rouxinol<\/strong><br>Endere\u00e7o: Rua Rouxinol, S\/N \u2013 Cidade Nova I<br>Modalidades: 3\u00b0 Idade, Gin\u00e1sticas, T\u00eanis de Mesa, Voleibol, Futebol, Dan\u00e7a e<br>Atletismo.<\/p>\n\n\n\n<p><strong>CEL Santa Etelvina<\/strong><br>Endere\u00e7o: Avenida Governador Amazonino Mendes, S\/N \u2013 Santa Etelvina<br>Modalidades: Futsal, Voleibol, T\u00eanis de Mesa, Basquete, Nata\u00e7\u00e3o,<br>Hidrogin\u00e1stica, 3\u00b0 Idade, Gin\u00e1sticas, PCD, Karat\u00ea, Jiu-jitsu e Badminton.<\/p>\n\n\n\n<p><strong>CEL Santa Luzia<\/strong><br>Endere\u00e7o: Rua Guanabara, S\/N \u2013 Santa Luzia<br>Modalidades: 3\u00b0 Idade, Badminton, Futsal, Gin\u00e1sticas, Jiu-jitsu e Karat\u00ea.<\/p>\n\n\n\n<p><strong>CEL S\u00e3o Francisco<\/strong><br>Endere\u00e7o: Rua Val\u00e9rio Botelho de Andrade, S\/N \u2013 S\u00e3o Francisco<br>Modalidades: 3\u00b0 Idade, Badminton, Futsal, Gin\u00e1sticas, Jiu-jitsu e Karat\u00ea.<\/p>\n\n\n\n<p><strong>CEL Vale do Amanhecer<\/strong><br>Endere\u00e7o: Rua Campo Grande, S\/N, Vale do Amanhecer \u2013 Petr\u00f3polis<br>Modalidades: 3\u00b0 Idade, Gin\u00e1sticas, Hidrogin\u00e1stica.<\/p>\n\n\n\n<p><strong>CEL Zez\u00e3o<\/strong><br>Endere\u00e7o: Av Autaz Mirim, 5679 \u2013 S\u00e3o Jos\u00e9<br>Modalidades: Futsal, 3\u00b0 Idade, Gin\u00e1sticas, Voleibol, Bal\u00e9.<\/p>\n\n\n\n<p><strong>Vel\u00f3dromo<\/strong><br>Endere\u00e7o: Rua Alvares de Azevedo, 17 \u2013 Ponta Negra<br>Modalidades: T\u00eanis, Ciclismo, Pickeball, Treinamento Funcional.<\/p>\n\n\n\n<p><strong>Inscri\u00e7\u00f5es<\/strong><\/p>\n\n\n\n<p>Todas as atividades s\u00e3o gratuitas.<\/p>\n\n\n\n<p>Para matr\u00edculas em qualquer um dos CELs, s\u00e3o necess\u00e1rios os seguintes documentos:<\/p>\n\n\n\n<p>\u2013 1 fotos 3\u00d74<br>\u2013 1 c\u00f3pia de um documento de identidade<br>\u2013 1 c\u00f3pia do CPF<br>\u2013 1 c\u00f3pia de um comprovante de resid\u00eancia<br>\u2013 Exame dermatol\u00f3gico (exame de pele) para aulas de nata\u00e7\u00e3o e hidrogin\u00e1stica;<br>\u2013 Laudo m\u00e9dico \u2013 PCDs;<br>\u2013 Libera\u00e7\u00e3o m\u00e9dica para a pr\u00e1tica da atividade f\u00edsica \u2013 para pessoas acima de 50 anos;<\/p>\n\n\n\n<p><strong>Observa\u00e7\u00f5es:<\/strong><\/p>\n\n\n\n<p>Se a atividade pretendida for nata\u00e7\u00e3o PCD, \u00e9 necess\u00e1rio exame dermatol\u00f3gico do aluno e de um respons\u00e1vel que ir\u00e1 acompanha-lo nas aulas dentro da piscina.<\/p>\n\n\n\n<p><\/p>\n\n\n\n<p><\/p>\n","protected":false},"excerpt":{"rendered":"","protected":false},"author":27,"featured_media":0,"parent":0,"menu_order":0,"comment_status":"closed","ping_status":"closed","template":"templates\/prefeitura.php","meta":{"footnotes":""},"acf":[],"yoast_head":"<!-- This site is optimized with the Yoast SEO plugin v23.0 - https:\/\/yoast.com\/wordpress\/plugins\/seo\/ -->\n<title>Centros de Esporte e Lazer - SEMJEL<\/title>\n<meta name=\"robots\" content=\"noindex, follow\" \/>\n<meta property=\"og:locale\" content=\"pt_BR\" \/>\n<meta property=\"og:type\" content=\"article\" \/>\n<meta property=\"og:title\" content=\"Centros de Esporte e Lazer - SEMJEL\" \/>\n<meta property=\"og:url\" content=\"https:\/\/www.manaus.am.gov.br\/semjel\/centros-de-esporte-e-lazer\/\" \/>\n<meta property=\"og:site_name\" content=\"SEMJEL\" \/>\n<meta property=\"article:modified_time\" content=\"2025-02-10T17:26:27+00:00\" \/>\n<meta name=\"twitter:card\" content=\"summary_large_image\" \/>\n<meta name=\"twitter:label1\" content=\"Est. reading time\" \/>\n\t<meta name=\"twitter:data1\" content=\"4 minutos\" \/>\n<script type=\"application\/ld+json\" class=\"yoast-schema-graph\">{\"@context\":\"https:\/\/schema.org\",\"@graph\":[{\"@type\":\"WebPage\",\"@id\":\"https:\/\/www.manaus.am.gov.br\/semjel\/centros-de-esporte-e-lazer\/\",\"url\":\"https:\/\/www.manaus.am.gov.br\/semjel\/centros-de-esporte-e-lazer\/\",\"name\":\"Centros de Esporte e Lazer - SEMJEL\",\"isPartOf\":{\"@id\":\"https:\/\/www.manaus.am.gov.br\/semjel\/#website\"},\"datePublished\":\"2023-05-30T01:56:51+00:00\",\"dateModified\":\"2025-02-10T17:26:27+00:00\",\"breadcrumb\":{\"@id\":\"https:\/\/www.manaus.am.gov.br\/semjel\/centros-de-esporte-e-lazer\/#breadcrumb\"},\"inLanguage\":\"pt-BR\",\"potentialAction\":[{\"@type\":\"ReadAction\",\"target\":[\"https:\/\/www.manaus.am.gov.br\/semjel\/centros-de-esporte-e-lazer\/\"]}]},{\"@type\":\"BreadcrumbList\",\"@id\":\"https:\/\/www.manaus.am.gov.br\/semjel\/centros-de-esporte-e-lazer\/#breadcrumb\",\"itemListElement\":[{\"@type\":\"ListItem\",\"position\":1,\"name\":\"Home\",\"item\":\"https:\/\/www.manaus.am.gov.br\/semjel\/\"},{\"@type\":\"ListItem\",\"position\":2,\"name\":\"Centros de Esporte e Lazer\"}]},{\"@type\":\"WebSite\",\"@id\":\"https:\/\/www.manaus.am.gov.br\/semjel\/#website\",\"url\":\"https:\/\/www.manaus.am.gov.br\/semjel\/\",\"name\":\"SEMJEL\",\"description\":\"Secretaria Municipal de Juventude, Esporte e Lazer\",\"potentialAction\":[{\"@type\":\"SearchAction\",\"target\":{\"@type\":\"EntryPoint\",\"urlTemplate\":\"https:\/\/www.manaus.am.gov.br\/semjel\/?s={search_term_string}\"},\"query-input\":\"required name=search_term_string\"}],\"inLanguage\":\"pt-BR\"}]}<\/script>\n<!-- \/ Yoast SEO plugin. -->","yoast_head_json":{"title":"Centros de Esporte e Lazer - SEMJEL","robots":{"index":"noindex","follow":"follow"},"og_locale":"pt_BR","og_type":"article","og_title":"Centros de Esporte e Lazer - SEMJEL","og_url":"https:\/\/www.manaus.am.gov.br\/semjel\/centros-de-esporte-e-lazer\/","og_site_name":"SEMJEL","article_modified_time":"2025-02-10T17:26:27+00:00","twitter_card":"summary_large_image","twitter_misc":{"Est. reading time":"4 minutos"},"schema":{"@context":"https:\/\/schema.org","@graph":[{"@type":"WebPage","@id":"https:\/\/www.manaus.am.gov.br\/semjel\/centros-de-esporte-e-lazer\/","url":"https:\/\/www.manaus.am.gov.br\/semjel\/centros-de-esporte-e-lazer\/","name":"Centros de Esporte e Lazer - SEMJEL","isPartOf":{"@id":"https:\/\/www.manaus.am.gov.br\/semjel\/#website"},"datePublished":"2023-05-30T01:56:51+00:00","dateModified":"2025-02-10T17:26:27+00:00","breadcrumb":{"@id":"https:\/\/www.manaus.am.gov.br\/semjel\/centros-de-esporte-e-lazer\/#breadcrumb"},"inLanguage":"pt-BR","potentialAction":[{"@type":"ReadAction","target":["https:\/\/www.manaus.am.gov.br\/semjel\/centros-de-esporte-e-lazer\/"]}]},{"@type":"BreadcrumbList","@id":"https:\/\/www.manaus.am.gov.br\/semjel\/centros-de-esporte-e-lazer\/#breadcrumb","itemListElement":[{"@type":"ListItem","position":1,"name":"Home","item":"https:\/\/www.manaus.am.gov.br\/semjel\/"},{"@type":"ListItem","position":2,"name":"Centros de Esporte e Lazer"}]},{"@type":"WebSite","@id":"https:\/\/www.manaus.am.gov.br\/semjel\/#website","url":"https:\/\/www.manaus.am.gov.br\/semjel\/","name":"SEMJEL","description":"Secretaria Municipal de Juventude, Esporte e Lazer","potentialAction":[{"@type":"SearchAction","target":{"@type":"EntryPoint","urlTemplate":"https:\/\/www.manaus.am.gov.br\/semjel\/?s={search_term_string}"},"query-input":"required name=search_term_string"}],"inLanguage":"pt-BR"}]}},"_links":{"self":[{"href":"https:\/\/www.manaus.am.gov.br\/semjel\/wp-json\/wp\/v2\/pages\/252"}],"collection":[{"href":"https:\/\/www.manaus.am.gov.br\/semjel\/wp-json\/wp\/v2\/pages"}],"about":[{"href":"https:\/\/www.manaus.am.gov.br\/semjel\/wp-json\/wp\/v2\/types\/page"}],"author":[{"embeddable":true,"href":"https:\/\/www.manaus.am.gov.br\/semjel\/wp-json\/wp\/v2\/users\/27"}],"replies":[{"embeddable":true,"href":"https:\/\/www.manaus.am.gov.br\/semjel\/wp-json\/wp\/v2\/comments?post=252"}],"version-history":[{"count":8,"href":"https:\/\/www.manaus.am.gov.br\/semjel\/wp-json\/wp\/v2\/pages\/252\/revisions"}],"predecessor-version":[{"id":1269,"href":"https:\/\/www.manaus.am.gov.br\/semjel\/wp-json\/wp\/v2\/pages\/252\/revisions\/1269"}],"wp:attachment":[{"href":"https:\/\/www.manaus.am.gov.br\/semjel\/wp-json\/wp\/v2\/media?parent=252"}],"curies":[{"name":"wp","href":"https:\/\/api.w.org\/{rel}","templated":true}]}}