{"id":6218,"date":"2025-07-23T16:01:40","date_gmt":"2025-07-23T20:01:40","guid":{"rendered":"https:\/\/www.manaus.am.gov.br\/seminf\/?page_id=6218"},"modified":"2025-07-23T16:01:40","modified_gmt":"2025-07-23T20:01:40","slug":"formulario-play-no-mutirao","status":"publish","type":"page","link":"https:\/\/www.manaus.am.gov.br\/seminf\/formulario-play-no-mutirao\/","title":{"rendered":"Formul\u00e1rio Play no Mutir\u00e3o"},"content":{"rendered":"\n<div class=\"wpcf7 no-js\" id=\"wpcf7-f6217-o1\" lang=\"pt-BR\" dir=\"ltr\">\n<div class=\"screen-reader-response\"><p role=\"status\" aria-live=\"polite\" aria-atomic=\"true\"><\/p> <ul><\/ul><\/div>\n<form action=\"\/seminf\/wp-json\/wp\/v2\/pages\/6218#wpcf7-f6217-o1\" method=\"post\" class=\"wpcf7-form init\" aria-label=\"Contact form\" enctype=\"multipart\/form-data\" novalidate=\"novalidate\" data-status=\"init\">\n<div style=\"display: none;\">\n<input type=\"hidden\" name=\"_wpcf7\" value=\"6217\" \/>\n<input type=\"hidden\" name=\"_wpcf7_version\" value=\"5.9.8\" \/>\n<input type=\"hidden\" name=\"_wpcf7_locale\" value=\"pt_BR\" \/>\n<input type=\"hidden\" name=\"_wpcf7_unit_tag\" value=\"wpcf7-f6217-o1\" \/>\n<input type=\"hidden\" name=\"_wpcf7_container_post\" value=\"0\" \/>\n<input type=\"hidden\" name=\"_wpcf7_posted_data_hash\" value=\"\" \/>\n<\/div>\n<label>\n    <span class=\"wpcf7-form-control-wrap\" data-name=\"nome\"><input size=\"40\" maxlength=\"400\" class=\"wpcf7-form-control wpcf7-text wpcf7-validates-as-required form-control\" aria-required=\"true\" aria-invalid=\"false\" placeholder=\"Seu nome completo\" value=\"\" type=\"text\" name=\"nome\" \/><\/span> <\/label>\n\n<label>\n    <span class=\"wpcf7-form-control-wrap\" data-name=\"telefone\"><input size=\"40\" maxlength=\"400\" class=\"wpcf7-form-control wpcf7-tel wpcf7-text wpcf7-validates-as-tel form-control\" aria-invalid=\"false\" placeholder=\"Telefone para contato\" value=\"\" type=\"tel\" name=\"telefone\" \/><\/span> <\/label>\n\n<label>\n    <span class=\"wpcf7-form-control-wrap\" data-name=\"email\"><input size=\"40\" maxlength=\"400\" class=\"wpcf7-form-control wpcf7-email wpcf7-text wpcf7-validates-as-email form-control\" aria-invalid=\"false\" placeholder=\"Seu e-mail\" value=\"\" type=\"email\" name=\"email\" \/><\/span> <\/label>\n\n<label>\n    <span class=\"wpcf7-form-control-wrap\" data-name=\"bairros\"><select class=\"wpcf7-form-control wpcf7-select wpcf7-validates-as-required form-control\" aria-required=\"true\" aria-invalid=\"false\" name=\"bairros\"><option value=\"\">Selecione um bairro<\/option><option value=\"Adrian\u00f3polis\">Adrian\u00f3polis<\/option><option value=\"Aleixo\">Aleixo<\/option><option value=\"Alvorada\">Alvorada<\/option><option value=\"Armando Mendes\">Armando Mendes<\/option><option value=\"Bet\u00e2nia\">Bet\u00e2nia<\/option><option value=\"Cachoeirinha\">Cachoeirinha<\/option><option value=\"Centro\">Centro<\/option><option value=\"Chapada\">Chapada<\/option><option value=\"Cidade de Deus\">Cidade de Deus<\/option><option value=\"Cidade Nova\">Cidade Nova<\/option><option value=\"Col\u00f4nia Ant\u00f4nio Aleixo\">Col\u00f4nia Ant\u00f4nio Aleixo<\/option><option value=\"Col\u00f4nia Oliveira Machado\">Col\u00f4nia Oliveira Machado<\/option><option value=\"Col\u00f4nia Santo Ant\u00f4nio\">Col\u00f4nia Santo Ant\u00f4nio<\/option><option value=\"Col\u00f4nia Terra Nova\">Col\u00f4nia Terra Nova<\/option><option value=\"Compensa\">Compensa<\/option><option value=\"Coroado\">Coroado<\/option><option value=\"Crespo\">Crespo<\/option><option value=\"Da Paz\">Da Paz<\/option><option value=\"Distrito Industrial I\">Distrito Industrial I<\/option><option value=\"Distrito Industrial II\">Distrito Industrial II<\/option><option value=\"Dom Pedro\">Dom Pedro<\/option><option value=\"Educandos\">Educandos<\/option><option value=\"Flores\">Flores<\/option><option value=\"Gilberto Mestrinho\">Gilberto Mestrinho<\/option><option value=\"Gl\u00f3ria\">Gl\u00f3ria<\/option><option value=\"Japiim\">Japiim<\/option><option value=\"Jorge Teixeira\">Jorge Teixeira<\/option><option value=\"Lago Azul\">Lago Azul<\/option><option value=\"L\u00edrio do Vale\">L\u00edrio do Vale<\/option><option value=\"Mauazinho\">Mauazinho<\/option><option value=\"Monte das Oliveiras\">Monte das Oliveiras<\/option><option value=\"Morro da Liberdade\">Morro da Liberdade<\/option><option value=\"Nossa Senhora Aparecida\">Nossa Senhora Aparecida<\/option><option value=\"Nossa Senhora das Gra\u00e7as\">Nossa Senhora das Gra\u00e7as<\/option><option value=\"Nova Cidade\">Nova Cidade<\/option><option value=\"Nova Esperan\u00e7a\">Nova Esperan\u00e7a<\/option><option value=\"Novo Aleixo\">Novo Aleixo<\/option><option value=\"Novo Israel\">Novo Israel<\/option><option value=\"Parque 10 de Novembro\">Parque 10 de Novembro<\/option><option value=\"Petr\u00f3polis\">Petr\u00f3polis<\/option><option value=\"Planalto\">Planalto<\/option><option value=\"Ponta Negra\">Ponta Negra<\/option><option value=\"Pra\u00e7a 14 de Janeiro\">Pra\u00e7a 14 de Janeiro<\/option><option value=\"Presidente Vargas\">Presidente Vargas<\/option><option value=\"Puraquequara\">Puraquequara<\/option><option value=\"Raiz\">Raiz<\/option><option value=\"Reden\u00e7\u00e3o\">Reden\u00e7\u00e3o<\/option><option value=\"Santa Etelvina\">Santa Etelvina<\/option><option value=\"Santa Luzia\">Santa Luzia<\/option><option value=\"Santo Agostinho\">Santo Agostinho<\/option><option value=\"Santo Ant\u00f4nio\">Santo Ant\u00f4nio<\/option><option value=\"S\u00e3o Francisco\">S\u00e3o Francisco<\/option><option value=\"S\u00e3o Geraldo\">S\u00e3o Geraldo<\/option><option value=\"S\u00e3o Jorge\">S\u00e3o Jorge<\/option><option value=\"S\u00e3o Jos\u00e9 Oper\u00e1rio\">S\u00e3o Jos\u00e9 Oper\u00e1rio<\/option><option value=\"S\u00e3o L\u00e1zaro\">S\u00e3o L\u00e1zaro<\/option><option value=\"S\u00e3o Raimundo\">S\u00e3o Raimundo<\/option><option value=\"Tancredo Neves\">Tancredo Neves<\/option><option value=\"Tarum\u00e3\">Tarum\u00e3<\/option><option value=\"Tarum\u00e3-A\u00e7u\">Tarum\u00e3-A\u00e7u<\/option><option value=\"Vila Buriti\">Vila Buriti<\/option><option value=\"Vila da Prata\">Vila da Prata<\/option><option value=\"Zumbi dos Palmares\">Zumbi dos Palmares<\/option><\/select><\/span> <\/label>\n\n<label>\n    <span class=\"wpcf7-form-control-wrap\" data-name=\"rua\"><input size=\"40\" maxlength=\"400\" class=\"wpcf7-form-control wpcf7-text wpcf7-validates-as-required form-control\" aria-required=\"true\" aria-invalid=\"false\" placeholder=\"Rua \/ Logradouro\" value=\"\" type=\"text\" name=\"rua\" \/><\/span> <\/label>\n\n<label> \n    <span class=\"wpcf7-form-control-wrap\" data-name=\"referencia\"><input size=\"40\" maxlength=\"400\" class=\"wpcf7-form-control wpcf7-text form-control\" aria-invalid=\"false\" placeholder=\"N\u00famero ou ponto de refer\u00eancia\" value=\"\" type=\"text\" name=\"referencia\" \/><\/span> <\/label>\n\n<label>\n    <span class=\"wpcf7-form-control-wrap\" data-name=\"tipo-solicitao\"><select class=\"wpcf7-form-control wpcf7-select wpcf7-validates-as-required form-control\" aria-required=\"true\" aria-invalid=\"false\" name=\"tipo-solicitao\"><option value=\"\">Selecione o servi\u00e7o desejado<\/option><option value=\"Capina\u00e7\u00e3o\">Capina\u00e7\u00e3o<\/option><option value=\"Canaleta quebrada\">Canaleta quebrada<\/option><option value=\"Coleta de lixo\">Coleta de lixo<\/option><option value=\"Drenagem (profunda ou superficial)\">Drenagem (profunda ou superficial)<\/option><option value=\"Falta de sinaliza\u00e7\u00e3o (placas\/faixas)\">Falta de sinaliza\u00e7\u00e3o (placas\/faixas)<\/option><option value=\"Ilumina\u00e7\u00e3o p\u00fablica\">Ilumina\u00e7\u00e3o p\u00fablica<\/option><option value=\"Limpeza de igarap\u00e9\">Limpeza de igarap\u00e9<\/option><option value=\"Poda ou corte de \u00e1rvore\">Poda ou corte de \u00e1rvore<\/option><option value=\"Recupera\u00e7\u00e3o asf\u00e1ltica\">Recupera\u00e7\u00e3o asf\u00e1ltica<\/option><option value=\"Recupera\u00e7\u00e3o de cal\u00e7adas\">Recupera\u00e7\u00e3o de cal\u00e7adas<\/option><option value=\"Solicita\u00e7\u00e3o de lombada\">Solicita\u00e7\u00e3o de lombada<\/option><option value=\"Tampa de bueiro danificada\">Tampa de bueiro danificada<\/option><option value=\"Outro (especificar na descri\u00e7\u00e3o)\">Outro (especificar na descri\u00e7\u00e3o)<\/option><\/select><\/span><\/label>\n\n<label>\n    <span class=\"wpcf7-form-control-wrap\" data-name=\"descricao-solicitacao\"><input size=\"40\" maxlength=\"400\" class=\"wpcf7-form-control wpcf7-text form-control\" aria-invalid=\"false\" placeholder=\"Descreva mais detalhes da sua solicita\u00e7\u00e3o\" value=\"\" type=\"text\" name=\"descricao-solicitacao\" \/><\/span> <\/label>\n\n<label>\n    <p>Adicione at\u00e9 tr\u00eas arquivos. O total n\u00e3o pode ultrapassar 20 megabytes<\/p>\n    <span class=\"wpcf7-form-control-wrap\" data-name=\"arquivo1\"><input size=\"40\" class=\"wpcf7-form-control wpcf7-file form-control\" accept=\".jpg,.jpeg,.png,.pdf\" aria-invalid=\"false\" type=\"file\" name=\"arquivo1\" \/><\/span><\/label>\n    <span class=\"wpcf7-form-control-wrap\" data-name=\"arquivo2\"><input size=\"40\" class=\"wpcf7-form-control wpcf7-file form-control\" accept=\".jpg,.jpeg,.png,.pdf\" aria-invalid=\"false\" type=\"file\" name=\"arquivo2\" \/><\/span><\/label>\n    <span class=\"wpcf7-form-control-wrap\" data-name=\"arquivo3\"><input size=\"40\" class=\"wpcf7-form-control wpcf7-file form-control\" accept=\".jpg,.jpeg,.png,.pdf\" aria-invalid=\"false\" type=\"file\" name=\"arquivo3\" \/><\/span><\/label>\n\n<div class=\"wrapper\">\n<div class=\"wrap-accept\">\n<span class=\"wpcf7-form-control-wrap\" data-name=\"acceptance\"><span class=\"wpcf7-form-control wpcf7-acceptance\"><span class=\"wpcf7-list-item\"><label><input type=\"checkbox\" name=\"acceptance\" value=\"1\" aria-invalid=\"false\" \/><span class=\"wpcf7-list-item-label\">Estou de acordo com a <a href=\"https:\/\/www.manaus.am.gov.br\/wp-content\/uploads\/2023\/01\/Politica-de-Privacidade-de-Dados.pdf\">Pol\u00edtica de Privacidade<\/a>.<\/span><\/label><\/span><\/span><\/span>\n<small>Os dados informados ser\u00e3o usados apenas para o registro e atendimento desta solicita\u00e7\u00e3o.<\/small>\n<\/div>\n<div class=\"wrap-btn\">\n<input class=\"wpcf7-form-control wpcf7-submit has-spinner btn btn-custom color-2 small\" type=\"submit\" value=\"Enviar\" \/>\n<\/div>\n<\/div><div class=\"wpcf7-response-output\" aria-hidden=\"true\"><\/div>\n<\/form>\n<\/div>\n\n","protected":false},"excerpt":{"rendered":"","protected":false},"author":8,"featured_media":0,"parent":0,"menu_order":0,"comment_status":"closed","ping_status":"closed","template":"","meta":{"footnotes":""},"acf":[],"yoast_head":"<!-- This site is optimized with the Yoast SEO plugin v23.0 - https:\/\/yoast.com\/wordpress\/plugins\/seo\/ -->\n<title>Formul\u00e1rio Play no Mutir\u00e3o - SEMINF<\/title>\n<meta name=\"robots\" content=\"index, follow, max-snippet:-1, max-image-preview:large, max-video-preview:-1\" \/>\n<link rel=\"canonical\" href=\"https:\/\/www.manaus.am.gov.br\/seminf\/formulario-play-no-mutirao\/\" \/>\n<meta property=\"og:locale\" content=\"pt_BR\" \/>\n<meta property=\"og:type\" content=\"article\" \/>\n<meta property=\"og:title\" content=\"Formul\u00e1rio Play no Mutir\u00e3o - SEMINF\" \/>\n<meta property=\"og:url\" content=\"https:\/\/www.manaus.am.gov.br\/seminf\/formulario-play-no-mutirao\/\" \/>\n<meta property=\"og:site_name\" content=\"SEMINF\" \/>\n<meta name=\"twitter:card\" content=\"summary_large_image\" \/>\n<meta name=\"twitter:label1\" content=\"Est. reading time\" \/>\n\t<meta name=\"twitter:data1\" content=\"1 minuto\" \/>\n<script type=\"application\/ld+json\" class=\"yoast-schema-graph\">{\"@context\":\"https:\/\/schema.org\",\"@graph\":[{\"@type\":\"WebPage\",\"@id\":\"https:\/\/www.manaus.am.gov.br\/seminf\/formulario-play-no-mutirao\/\",\"url\":\"https:\/\/www.manaus.am.gov.br\/seminf\/formulario-play-no-mutirao\/\",\"name\":\"Formul\u00e1rio Play no Mutir\u00e3o - SEMINF\",\"isPartOf\":{\"@id\":\"https:\/\/www.manaus.am.gov.br\/seminf\/#website\"},\"datePublished\":\"2025-07-23T20:01:40+00:00\",\"dateModified\":\"2025-07-23T20:01:40+00:00\",\"inLanguage\":\"pt-BR\",\"potentialAction\":[{\"@type\":\"ReadAction\",\"target\":[\"https:\/\/www.manaus.am.gov.br\/seminf\/formulario-play-no-mutirao\/\"]}]},{\"@type\":\"WebSite\",\"@id\":\"https:\/\/www.manaus.am.gov.br\/seminf\/#website\",\"url\":\"https:\/\/www.manaus.am.gov.br\/seminf\/\",\"name\":\"Secretaria de Infraestrutura\",\"description\":\"Secretaria Municipal de Infraestrutura\",\"potentialAction\":[{\"@type\":\"SearchAction\",\"target\":{\"@type\":\"EntryPoint\",\"urlTemplate\":\"https:\/\/www.manaus.am.gov.br\/seminf\/?s={search_term_string}\"},\"query-input\":\"required name=search_term_string\"}],\"inLanguage\":\"pt-BR\"}]}<\/script>\n<!-- \/ Yoast SEO plugin. -->","yoast_head_json":{"title":"Formul\u00e1rio Play no Mutir\u00e3o - SEMINF","robots":{"index":"index","follow":"follow","max-snippet":"max-snippet:-1","max-image-preview":"max-image-preview:large","max-video-preview":"max-video-preview:-1"},"canonical":"https:\/\/www.manaus.am.gov.br\/seminf\/formulario-play-no-mutirao\/","og_locale":"pt_BR","og_type":"article","og_title":"Formul\u00e1rio Play no Mutir\u00e3o - SEMINF","og_url":"https:\/\/www.manaus.am.gov.br\/seminf\/formulario-play-no-mutirao\/","og_site_name":"SEMINF","twitter_card":"summary_large_image","twitter_misc":{"Est. reading time":"1 minuto"},"schema":{"@context":"https:\/\/schema.org","@graph":[{"@type":"WebPage","@id":"https:\/\/www.manaus.am.gov.br\/seminf\/formulario-play-no-mutirao\/","url":"https:\/\/www.manaus.am.gov.br\/seminf\/formulario-play-no-mutirao\/","name":"Formul\u00e1rio Play no Mutir\u00e3o - SEMINF","isPartOf":{"@id":"https:\/\/www.manaus.am.gov.br\/seminf\/#website"},"datePublished":"2025-07-23T20:01:40+00:00","dateModified":"2025-07-23T20:01:40+00:00","inLanguage":"pt-BR","potentialAction":[{"@type":"ReadAction","target":["https:\/\/www.manaus.am.gov.br\/seminf\/formulario-play-no-mutirao\/"]}]},{"@type":"WebSite","@id":"https:\/\/www.manaus.am.gov.br\/seminf\/#website","url":"https:\/\/www.manaus.am.gov.br\/seminf\/","name":"Secretaria de Infraestrutura","description":"Secretaria Municipal de Infraestrutura","potentialAction":[{"@type":"SearchAction","target":{"@type":"EntryPoint","urlTemplate":"https:\/\/www.manaus.am.gov.br\/seminf\/?s={search_term_string}"},"query-input":"required name=search_term_string"}],"inLanguage":"pt-BR"}]}},"_links":{"self":[{"href":"https:\/\/www.manaus.am.gov.br\/seminf\/wp-json\/wp\/v2\/pages\/6218"}],"collection":[{"href":"https:\/\/www.manaus.am.gov.br\/seminf\/wp-json\/wp\/v2\/pages"}],"about":[{"href":"https:\/\/www.manaus.am.gov.br\/seminf\/wp-json\/wp\/v2\/types\/page"}],"author":[{"embeddable":true,"href":"https:\/\/www.manaus.am.gov.br\/seminf\/wp-json\/wp\/v2\/users\/8"}],"replies":[{"embeddable":true,"href":"https:\/\/www.manaus.am.gov.br\/seminf\/wp-json\/wp\/v2\/comments?post=6218"}],"version-history":[{"count":7,"href":"https:\/\/www.manaus.am.gov.br\/seminf\/wp-json\/wp\/v2\/pages\/6218\/revisions"}],"predecessor-version":[{"id":6228,"href":"https:\/\/www.manaus.am.gov.br\/seminf\/wp-json\/wp\/v2\/pages\/6218\/revisions\/6228"}],"wp:attachment":[{"href":"https:\/\/www.manaus.am.gov.br\/seminf\/wp-json\/wp\/v2\/media?parent=6218"}],"curies":[{"name":"wp","href":"https:\/\/api.w.org\/{rel}","templated":true}]}}