{"id":3252,"date":"2024-05-29T08:48:47","date_gmt":"2024-05-29T12:48:47","guid":{"rendered":"https:\/\/www.manaus.am.gov.br\/seminf\/?page_id=3252"},"modified":"2024-06-25T14:25:41","modified_gmt":"2024-06-25T18:25:41","slug":"processo-seletivo-seminf-2024","status":"publish","type":"page","link":"https:\/\/www.manaus.am.gov.br\/seminf\/editais\/processo-seletivo-seminf-2024\/","title":{"rendered":"Processo Seletivo Seminf 2024"},"content":{"rendered":"\n<h2 class=\"wp-block-heading\"><a href=\"https:\/\/www.manaus.am.gov.br\/seminf\/wp-content\/uploads\/sites\/6\/2024\/05\/EDITAL-PSS-PUBLICADO.pdf\" target=\"_blank\" rel=\"noreferrer noopener\">Edital<\/a><\/h2>\n\n\n\n<h2 class=\"wp-block-heading\"><a href=\"https:\/\/bit.ly\/3WUmff1\">Formul\u00e1rio de inscri\u00e7\u00e3o<\/a><\/h2>\n\n\n\n<h2 class=\"wp-block-heading\">Recursos<\/h2>\n\n\n\n<h2 class=\"wp-block-heading\"><a href=\"https:\/\/www.manaus.am.gov.br\/seminf\/wp-content\/uploads\/sites\/6\/2024\/06\/InscritosPSSeminf.pdf\" target=\"_blank\" rel=\"noreferrer noopener\">Inscritos<\/a><\/h2>\n\n\n\n<h2 class=\"wp-block-heading\"><a href=\"https:\/\/www.manaus.am.gov.br\/seminf\/wp-content\/uploads\/sites\/6\/2024\/06\/PREFEITURA-DE-MANAUS-PSC-2024.pdf\">Selecionados<\/a><\/h2>\n\n\n\n<p><\/p>\n\n\n\n<h2 class=\"wp-block-heading\">Confira o v\u00eddeo tutorial abaixo<\/h2>\n\n\n\n<figure class=\"wp-block-video\" style=\"border: 5px solid purple;\"><video controls poster=\"https:\/\/www.manaus.am.gov.br\/seminf\/wp-content\/uploads\/sites\/6\/2024\/05\/Captura-de-tela-2024-05-27-113848.png\" src=\"https:\/\/www.manaus.am.gov.br\/seminf\/wp-content\/uploads\/sites\/6\/2024\/05\/Passo-a-passo-da-inscricao.mp4\"><\/video><\/figure>\n","protected":false},"excerpt":{"rendered":"","protected":false},"author":8,"featured_media":0,"parent":3251,"menu_order":0,"comment_status":"closed","ping_status":"closed","template":"","meta":{"footnotes":""},"acf":[],"yoast_head":"<!-- This site is optimized with the Yoast SEO plugin v23.0 - https:\/\/yoast.com\/wordpress\/plugins\/seo\/ -->\n<title>Processo Seletivo Seminf 2024 - SEMINF<\/title>\n<meta name=\"robots\" content=\"index, follow, max-snippet:-1, max-image-preview:large, max-video-preview:-1\" \/>\n<link rel=\"canonical\" href=\"https:\/\/www.manaus.am.gov.br\/seminf\/editais\/processo-seletivo-seminf-2024\/\" \/>\n<meta property=\"og:locale\" content=\"pt_BR\" \/>\n<meta property=\"og:type\" content=\"article\" \/>\n<meta property=\"og:title\" content=\"Processo Seletivo Seminf 2024 - SEMINF\" \/>\n<meta property=\"og:url\" content=\"https:\/\/www.manaus.am.gov.br\/seminf\/editais\/processo-seletivo-seminf-2024\/\" \/>\n<meta property=\"og:site_name\" content=\"SEMINF\" \/>\n<meta property=\"article:modified_time\" content=\"2024-06-25T18:25:41+00:00\" \/>\n<meta name=\"twitter:card\" content=\"summary_large_image\" \/>\n<meta name=\"twitter:label1\" content=\"Est. reading time\" \/>\n\t<meta name=\"twitter:data1\" content=\"1 minuto\" \/>\n<script type=\"application\/ld+json\" class=\"yoast-schema-graph\">{\"@context\":\"https:\/\/schema.org\",\"@graph\":[{\"@type\":\"WebPage\",\"@id\":\"https:\/\/www.manaus.am.gov.br\/seminf\/editais\/processo-seletivo-seminf-2024\/\",\"url\":\"https:\/\/www.manaus.am.gov.br\/seminf\/editais\/processo-seletivo-seminf-2024\/\",\"name\":\"Processo Seletivo Seminf 2024 - SEMINF\",\"isPartOf\":{\"@id\":\"https:\/\/www.manaus.am.gov.br\/seminf\/#website\"},\"datePublished\":\"2024-05-29T12:48:47+00:00\",\"dateModified\":\"2024-06-25T18:25:41+00:00\",\"breadcrumb\":{\"@id\":\"https:\/\/www.manaus.am.gov.br\/seminf\/editais\/processo-seletivo-seminf-2024\/#breadcrumb\"},\"inLanguage\":\"pt-BR\",\"potentialAction\":[{\"@type\":\"ReadAction\",\"target\":[\"https:\/\/www.manaus.am.gov.br\/seminf\/editais\/processo-seletivo-seminf-2024\/\"]}]},{\"@type\":\"BreadcrumbList\",\"@id\":\"https:\/\/www.manaus.am.gov.br\/seminf\/editais\/processo-seletivo-seminf-2024\/#breadcrumb\",\"itemListElement\":[{\"@type\":\"ListItem\",\"position\":1,\"name\":\"Editais\",\"item\":\"https:\/\/www.manaus.am.gov.br\/seminf\/editais\/\"},{\"@type\":\"ListItem\",\"position\":2,\"name\":\"Processo Seletivo Seminf 2024\"}]},{\"@type\":\"WebSite\",\"@id\":\"https:\/\/www.manaus.am.gov.br\/seminf\/#website\",\"url\":\"https:\/\/www.manaus.am.gov.br\/seminf\/\",\"name\":\"Secretaria de Infraestrutura\",\"description\":\"Secretaria Municipal de Infraestrutura\",\"potentialAction\":[{\"@type\":\"SearchAction\",\"target\":{\"@type\":\"EntryPoint\",\"urlTemplate\":\"https:\/\/www.manaus.am.gov.br\/seminf\/?s={search_term_string}\"},\"query-input\":\"required name=search_term_string\"}],\"inLanguage\":\"pt-BR\"}]}<\/script>\n<!-- \/ Yoast SEO plugin. -->","yoast_head_json":{"title":"Processo Seletivo Seminf 2024 - SEMINF","robots":{"index":"index","follow":"follow","max-snippet":"max-snippet:-1","max-image-preview":"max-image-preview:large","max-video-preview":"max-video-preview:-1"},"canonical":"https:\/\/www.manaus.am.gov.br\/seminf\/editais\/processo-seletivo-seminf-2024\/","og_locale":"pt_BR","og_type":"article","og_title":"Processo Seletivo Seminf 2024 - SEMINF","og_url":"https:\/\/www.manaus.am.gov.br\/seminf\/editais\/processo-seletivo-seminf-2024\/","og_site_name":"SEMINF","article_modified_time":"2024-06-25T18:25:41+00:00","twitter_card":"summary_large_image","twitter_misc":{"Est. reading time":"1 minuto"},"schema":{"@context":"https:\/\/schema.org","@graph":[{"@type":"WebPage","@id":"https:\/\/www.manaus.am.gov.br\/seminf\/editais\/processo-seletivo-seminf-2024\/","url":"https:\/\/www.manaus.am.gov.br\/seminf\/editais\/processo-seletivo-seminf-2024\/","name":"Processo Seletivo Seminf 2024 - SEMINF","isPartOf":{"@id":"https:\/\/www.manaus.am.gov.br\/seminf\/#website"},"datePublished":"2024-05-29T12:48:47+00:00","dateModified":"2024-06-25T18:25:41+00:00","breadcrumb":{"@id":"https:\/\/www.manaus.am.gov.br\/seminf\/editais\/processo-seletivo-seminf-2024\/#breadcrumb"},"inLanguage":"pt-BR","potentialAction":[{"@type":"ReadAction","target":["https:\/\/www.manaus.am.gov.br\/seminf\/editais\/processo-seletivo-seminf-2024\/"]}]},{"@type":"BreadcrumbList","@id":"https:\/\/www.manaus.am.gov.br\/seminf\/editais\/processo-seletivo-seminf-2024\/#breadcrumb","itemListElement":[{"@type":"ListItem","position":1,"name":"Editais","item":"https:\/\/www.manaus.am.gov.br\/seminf\/editais\/"},{"@type":"ListItem","position":2,"name":"Processo Seletivo Seminf 2024"}]},{"@type":"WebSite","@id":"https:\/\/www.manaus.am.gov.br\/seminf\/#website","url":"https:\/\/www.manaus.am.gov.br\/seminf\/","name":"Secretaria de Infraestrutura","description":"Secretaria Municipal de Infraestrutura","potentialAction":[{"@type":"SearchAction","target":{"@type":"EntryPoint","urlTemplate":"https:\/\/www.manaus.am.gov.br\/seminf\/?s={search_term_string}"},"query-input":"required name=search_term_string"}],"inLanguage":"pt-BR"}]}},"_links":{"self":[{"href":"https:\/\/www.manaus.am.gov.br\/seminf\/wp-json\/wp\/v2\/pages\/3252"}],"collection":[{"href":"https:\/\/www.manaus.am.gov.br\/seminf\/wp-json\/wp\/v2\/pages"}],"about":[{"href":"https:\/\/www.manaus.am.gov.br\/seminf\/wp-json\/wp\/v2\/types\/page"}],"author":[{"embeddable":true,"href":"https:\/\/www.manaus.am.gov.br\/seminf\/wp-json\/wp\/v2\/users\/8"}],"replies":[{"embeddable":true,"href":"https:\/\/www.manaus.am.gov.br\/seminf\/wp-json\/wp\/v2\/comments?post=3252"}],"version-history":[{"count":7,"href":"https:\/\/www.manaus.am.gov.br\/seminf\/wp-json\/wp\/v2\/pages\/3252\/revisions"}],"predecessor-version":[{"id":3438,"href":"https:\/\/www.manaus.am.gov.br\/seminf\/wp-json\/wp\/v2\/pages\/3252\/revisions\/3438"}],"up":[{"embeddable":true,"href":"https:\/\/www.manaus.am.gov.br\/seminf\/wp-json\/wp\/v2\/pages\/3251"}],"wp:attachment":[{"href":"https:\/\/www.manaus.am.gov.br\/seminf\/wp-json\/wp\/v2\/media?parent=3252"}],"curies":[{"name":"wp","href":"https:\/\/api.w.org\/{rel}","templated":true}]}}