{"id":193,"date":"2022-12-22T10:38:41","date_gmt":"2022-12-22T14:38:41","guid":{"rendered":"https:\/\/www.manaus.am.gov.br\/seminf\/?page_id=193"},"modified":"2022-12-22T10:38:41","modified_gmt":"2022-12-22T14:38:41","slug":"plano-de-metas","status":"publish","type":"page","link":"https:\/\/www.manaus.am.gov.br\/seminf\/plano-de-metas\/","title":{"rendered":"PLANO DE METAS"},"content":{"rendered":"\n<h2 class=\"wp-block-heading\">Obras em andamento:<\/h2>\n\n\n\n<p>\u2013 Constru\u00e7\u00e3o de trincheiras nos cruzamentos da Jo\u00e3o Val\u00e9rio x Constantino Nery e Par\u00e1 x Constantino Nery;<\/p>\n\n\n\n<p>\u2013 Revitaliza\u00e7\u00e3o da infraestrutura vi\u00e1ria do Distrito Industrial, lote 1;<\/p>\n\n\n\n<p>\u2013 Programa de Recupera\u00e7\u00e3o Ambiental e Requalifica\u00e7\u00e3o Social e Urban\u00edstica do Igarap\u00e9 do Mindu (Promindu);<\/p>\n\n\n\n<p>\u2013 Revitaliza\u00e7\u00e3o da infraestrutura vi\u00e1ria na Zona Norte.<\/p>\n\n\n\n<h2 class=\"wp-block-heading\">Obras a iniciar em 2019:<\/h2>\n\n\n\n<p>\u2013 Constru\u00e7\u00e3o da pra\u00e7a da Cophasa, bairro Nova Esperan\u00e7a;<\/p>\n\n\n\n<p>\u2013 Constru\u00e7\u00e3o de pra\u00e7a no conjunto Jardim de Versalles, bairro Planalto;<\/p>\n\n\n\n<p>\u2013 Constru\u00e7\u00e3o de pra\u00e7a no bairro S\u00e3o Jos\u00e9 Oper\u00e1rio II, etapa B;<\/p>\n\n\n\n<p>\u2013 Execu\u00e7\u00e3o de servi\u00e7os comuns de reparo profundo e revitaliza\u00e7\u00e3o vi\u00e1ria das zonas Oeste, Norte, Leste e Sul, dentro do projeto de requalifica\u00e7\u00e3o urbana e vi\u00e1ria na cidade de Manaus;<\/p>\n\n\n\n<p>\u2013 Implanta\u00e7\u00e3o e constru\u00e7\u00e3o de cerca de prote\u00e7\u00e3o em \u00e1rea verde do conjunto Colina do Aleixo;<\/p>\n\n\n\n<p>\u2013 Conclus\u00e3o da obra da Galeria dos Rem\u00e9dios 2\u00aa. e 3\u00aa. Etapas;<\/p>\n\n\n\n<p>\u2013 Constru\u00e7\u00e3o de trincheira no bairro Man\u00f4a.<\/p>\n","protected":false},"excerpt":{"rendered":"","protected":false},"author":27,"featured_media":0,"parent":0,"menu_order":0,"comment_status":"closed","ping_status":"closed","template":"templates\/prefeitura.php","meta":{"footnotes":""},"acf":[],"yoast_head":"<!-- This site is optimized with the Yoast SEO plugin v23.0 - https:\/\/yoast.com\/wordpress\/plugins\/seo\/ -->\n<title>PLANO DE METAS - SEMINF<\/title>\n<meta name=\"robots\" content=\"index, follow, max-snippet:-1, max-image-preview:large, max-video-preview:-1\" \/>\n<link rel=\"canonical\" href=\"https:\/\/www.manaus.am.gov.br\/seminf\/plano-de-metas\/\" \/>\n<meta property=\"og:locale\" content=\"pt_BR\" \/>\n<meta property=\"og:type\" content=\"article\" \/>\n<meta property=\"og:title\" content=\"PLANO DE METAS - SEMINF\" \/>\n<meta property=\"og:url\" content=\"https:\/\/www.manaus.am.gov.br\/seminf\/plano-de-metas\/\" \/>\n<meta property=\"og:site_name\" content=\"SEMINF\" \/>\n<meta name=\"twitter:card\" content=\"summary_large_image\" \/>\n<meta name=\"twitter:label1\" content=\"Est. reading time\" \/>\n\t<meta name=\"twitter:data1\" content=\"1 minuto\" \/>\n<script type=\"application\/ld+json\" class=\"yoast-schema-graph\">{\"@context\":\"https:\/\/schema.org\",\"@graph\":[{\"@type\":\"WebPage\",\"@id\":\"https:\/\/www.manaus.am.gov.br\/seminf\/plano-de-metas\/\",\"url\":\"https:\/\/www.manaus.am.gov.br\/seminf\/plano-de-metas\/\",\"name\":\"PLANO DE METAS - SEMINF\",\"isPartOf\":{\"@id\":\"https:\/\/www.manaus.am.gov.br\/seminf\/#website\"},\"datePublished\":\"2022-12-22T14:38:41+00:00\",\"dateModified\":\"2022-12-22T14:38:41+00:00\",\"inLanguage\":\"pt-BR\",\"potentialAction\":[{\"@type\":\"ReadAction\",\"target\":[\"https:\/\/www.manaus.am.gov.br\/seminf\/plano-de-metas\/\"]}]},{\"@type\":\"WebSite\",\"@id\":\"https:\/\/www.manaus.am.gov.br\/seminf\/#website\",\"url\":\"https:\/\/www.manaus.am.gov.br\/seminf\/\",\"name\":\"Secretaria de Infraestrutura\",\"description\":\"Secretaria Municipal de Infraestrutura\",\"potentialAction\":[{\"@type\":\"SearchAction\",\"target\":{\"@type\":\"EntryPoint\",\"urlTemplate\":\"https:\/\/www.manaus.am.gov.br\/seminf\/?s={search_term_string}\"},\"query-input\":\"required name=search_term_string\"}],\"inLanguage\":\"pt-BR\"}]}<\/script>\n<!-- \/ Yoast SEO plugin. -->","yoast_head_json":{"title":"PLANO DE METAS - SEMINF","robots":{"index":"index","follow":"follow","max-snippet":"max-snippet:-1","max-image-preview":"max-image-preview:large","max-video-preview":"max-video-preview:-1"},"canonical":"https:\/\/www.manaus.am.gov.br\/seminf\/plano-de-metas\/","og_locale":"pt_BR","og_type":"article","og_title":"PLANO DE METAS - SEMINF","og_url":"https:\/\/www.manaus.am.gov.br\/seminf\/plano-de-metas\/","og_site_name":"SEMINF","twitter_card":"summary_large_image","twitter_misc":{"Est. reading time":"1 minuto"},"schema":{"@context":"https:\/\/schema.org","@graph":[{"@type":"WebPage","@id":"https:\/\/www.manaus.am.gov.br\/seminf\/plano-de-metas\/","url":"https:\/\/www.manaus.am.gov.br\/seminf\/plano-de-metas\/","name":"PLANO DE METAS - SEMINF","isPartOf":{"@id":"https:\/\/www.manaus.am.gov.br\/seminf\/#website"},"datePublished":"2022-12-22T14:38:41+00:00","dateModified":"2022-12-22T14:38:41+00:00","inLanguage":"pt-BR","potentialAction":[{"@type":"ReadAction","target":["https:\/\/www.manaus.am.gov.br\/seminf\/plano-de-metas\/"]}]},{"@type":"WebSite","@id":"https:\/\/www.manaus.am.gov.br\/seminf\/#website","url":"https:\/\/www.manaus.am.gov.br\/seminf\/","name":"Secretaria de Infraestrutura","description":"Secretaria Municipal de Infraestrutura","potentialAction":[{"@type":"SearchAction","target":{"@type":"EntryPoint","urlTemplate":"https:\/\/www.manaus.am.gov.br\/seminf\/?s={search_term_string}"},"query-input":"required name=search_term_string"}],"inLanguage":"pt-BR"}]}},"_links":{"self":[{"href":"https:\/\/www.manaus.am.gov.br\/seminf\/wp-json\/wp\/v2\/pages\/193"}],"collection":[{"href":"https:\/\/www.manaus.am.gov.br\/seminf\/wp-json\/wp\/v2\/pages"}],"about":[{"href":"https:\/\/www.manaus.am.gov.br\/seminf\/wp-json\/wp\/v2\/types\/page"}],"author":[{"embeddable":true,"href":"https:\/\/www.manaus.am.gov.br\/seminf\/wp-json\/wp\/v2\/users\/27"}],"replies":[{"embeddable":true,"href":"https:\/\/www.manaus.am.gov.br\/seminf\/wp-json\/wp\/v2\/comments?post=193"}],"version-history":[{"count":1,"href":"https:\/\/www.manaus.am.gov.br\/seminf\/wp-json\/wp\/v2\/pages\/193\/revisions"}],"predecessor-version":[{"id":194,"href":"https:\/\/www.manaus.am.gov.br\/seminf\/wp-json\/wp\/v2\/pages\/193\/revisions\/194"}],"wp:attachment":[{"href":"https:\/\/www.manaus.am.gov.br\/seminf\/wp-json\/wp\/v2\/media?parent=193"}],"curies":[{"name":"wp","href":"https:\/\/api.w.org\/{rel}","templated":true}]}}