{"id":965,"date":"2025-04-11T14:43:46","date_gmt":"2025-04-11T18:43:46","guid":{"rendered":"https:\/\/www.manaus.am.gov.br\/semhaf\/?page_id=965"},"modified":"2025-04-14T16:16:59","modified_gmt":"2025-04-14T20:16:59","slug":"organograma","status":"publish","type":"page","link":"https:\/\/www.manaus.am.gov.br\/semhaf\/organograma\/","title":{"rendered":"Estrutura Organizacional"},"content":{"rendered":"\n<ol>\n<li>GEST\u00c3O <\/li>\n<\/ol>\n\n\n\n<p>1.1 Secret\u00e1rio Municipal<br>      1.1.1 Assessor T\u00e9cnico I<br>      1.1.2 Assessor T\u00e9cnico I<br>      1.1.3 Assessor T\u00e9cnico I<\/p>\n\n\n\n<p>1.2 Subsecret\u00e1rio<\/p>\n\n\n\n<p>\u2e3b<\/p>\n\n\n\n<ol start=\"2\">\n<li>DEPARTAMENTO 1 \u2013 \u00c1REA ADMINISTRATIVA<\/li>\n<\/ol>\n\n\n\n<p>2.1 Departamento Administrativo<br>      2.1.1 Assessor T\u00e9cnico II<br>      2.1.2 Assessor T\u00e9cnico II<\/p>\n\n\n\n<p>      2.2 Divis\u00e3o Administrativo-Financeira<br>            2.2.1 Assessor T\u00e9cnico III<br>            2.2.2 Assessor T\u00e9cnico III<\/p>\n\n\n\n<p>      2.3 Ger\u00eancia de Pessoal<br>            2.3.1 Assessor I<br>            2.3.2 Assessor II<br>            2.3.3 Assessor III<\/p>\n\n\n\n<p>\u2e3b<\/p>\n\n\n\n<ol start=\"3\">\n<li>DEPARTAMENTO 2 \u2013 \u00c1REA DE HABITA\u00c7\u00c3O E ENGENHARIA<\/li>\n<\/ol>\n\n\n\n<p>3.1 Departamento de Habita\u00e7\u00e3o<br>      3.1.1 Divis\u00e3o de Habita\u00e7\u00e3o e Projetos Sociais<br>            3.1.1.1 Assessor T\u00e9cnico III<\/p>\n\n\n\n<p>      3.1.2 Assessor I<br>      3.1.3 Assessor II<br>      3.1.4 Assessor III<\/p>\n\n\n\n<p>      3.2 Divis\u00e3o de Engenharia e Projetos Habitacionais<br>            3.2.1 Assessor T\u00e9cnico III<br>\u2e3b<\/p>\n\n\n\n<ol start=\"4\">\n<li>DEPARTAMENTO 3 \u2013 \u00c1REA DE PROJETOS, REGULARIZA\u00c7\u00c3O E CONTROLE<\/li>\n<\/ol>\n\n\n\n<p>4.1 Departamento Fundi\u00e1rio<br>     4.1.1 Assessor T\u00e9cnico I<\/p>\n\n\n\n<p>     4.2 Divis\u00e3o de Projetos e Geo<br>           4.2.1 Assessor T\u00e9cnico III<br>           4.2.2 Ger\u00eancia de Levantamento de Campo<\/p>\n\n\n\n<p>     4.3 Divis\u00e3o de Regulariza\u00e7\u00e3o Fundi\u00e1ria e Registros<br>           4.3.1 Assessor T\u00e9cnico III<br>           4.3.2 Ger\u00eancia de Assuntos Fundi\u00e1rios<br>           4.3.3 Assessor I<\/p>\n\n\n\n<p>     4.4 Divis\u00e3o de Contratos Fundi\u00e1rios<br>           4.4.1 Assessor T\u00e9cnico III<br>           4.4.2 Assessor T\u00e9cnico III<br>           4.4.3 Ger\u00eancia de Fiscaliza\u00e7\u00e3o e Cadastro Contratual<\/p>\n\n\n\n<p><\/p>\n","protected":false},"excerpt":{"rendered":"","protected":false},"author":56,"featured_media":0,"parent":0,"menu_order":0,"comment_status":"closed","ping_status":"closed","template":"","meta":{"footnotes":""},"acf":[],"yoast_head":"<!-- This site is optimized with the Yoast SEO plugin v23.0 - https:\/\/yoast.com\/wordpress\/plugins\/seo\/ -->\n<title>Estrutura Organizacional - SEMHAF<\/title>\n<meta name=\"robots\" content=\"noindex, follow\" \/>\n<meta property=\"og:locale\" content=\"pt_BR\" \/>\n<meta property=\"og:type\" content=\"article\" \/>\n<meta property=\"og:title\" content=\"Estrutura Organizacional - SEMHAF\" \/>\n<meta property=\"og:url\" content=\"https:\/\/www.manaus.am.gov.br\/semhaf\/organograma\/\" \/>\n<meta property=\"og:site_name\" content=\"SEMHAF\" \/>\n<meta property=\"article:modified_time\" content=\"2025-04-14T20:16:59+00:00\" \/>\n<meta property=\"og:image\" content=\"https:\/\/www.manaus.am.gov.br\/semhaf\/wp-content\/uploads\/sites\/28\/2024\/07\/thumb-default-2.png\" \/>\n\t<meta property=\"og:image:width\" content=\"966\" \/>\n\t<meta property=\"og:image:height\" content=\"520\" \/>\n\t<meta property=\"og:image:type\" content=\"image\/png\" \/>\n<meta name=\"twitter:card\" content=\"summary_large_image\" \/>\n<script type=\"application\/ld+json\" class=\"yoast-schema-graph\">{\"@context\":\"https:\/\/schema.org\",\"@graph\":[{\"@type\":\"WebPage\",\"@id\":\"https:\/\/www.manaus.am.gov.br\/semhaf\/organograma\/\",\"url\":\"https:\/\/www.manaus.am.gov.br\/semhaf\/organograma\/\",\"name\":\"Estrutura Organizacional - SEMHAF\",\"isPartOf\":{\"@id\":\"https:\/\/www.manaus.am.gov.br\/semhaf\/#website\"},\"datePublished\":\"2025-04-11T18:43:46+00:00\",\"dateModified\":\"2025-04-14T20:16:59+00:00\",\"breadcrumb\":{\"@id\":\"https:\/\/www.manaus.am.gov.br\/semhaf\/organograma\/#breadcrumb\"},\"inLanguage\":\"pt-BR\",\"potentialAction\":[{\"@type\":\"ReadAction\",\"target\":[\"https:\/\/www.manaus.am.gov.br\/semhaf\/organograma\/\"]}]},{\"@type\":\"BreadcrumbList\",\"@id\":\"https:\/\/www.manaus.am.gov.br\/semhaf\/organograma\/#breadcrumb\",\"itemListElement\":[{\"@type\":\"ListItem\",\"position\":1,\"name\":\"Home\",\"item\":\"https:\/\/www.manaus.am.gov.br\/semhaf\/\"},{\"@type\":\"ListItem\",\"position\":2,\"name\":\"Estrutura Organizacional\"}]},{\"@type\":\"WebSite\",\"@id\":\"https:\/\/www.manaus.am.gov.br\/semhaf\/#website\",\"url\":\"https:\/\/www.manaus.am.gov.br\/semhaf\/\",\"name\":\"SENHAF\",\"description\":\"SENHAF\",\"publisher\":{\"@id\":\"https:\/\/www.manaus.am.gov.br\/semhaf\/#organization\"},\"alternateName\":\"Secretaria Municipal de Habita\u00e7\u00e3o e Assuntos Fundi\u00e1rios\",\"potentialAction\":[{\"@type\":\"SearchAction\",\"target\":{\"@type\":\"EntryPoint\",\"urlTemplate\":\"https:\/\/www.manaus.am.gov.br\/semhaf\/?s={search_term_string}\"},\"query-input\":\"required name=search_term_string\"}],\"inLanguage\":\"pt-BR\"},{\"@type\":\"Organization\",\"@id\":\"https:\/\/www.manaus.am.gov.br\/semhaf\/#organization\",\"name\":\"Prefeitura de Manaus\",\"alternateName\":\"Prefeitura Municipal de Manaus\",\"url\":\"https:\/\/www.manaus.am.gov.br\/semhaf\/\",\"logo\":{\"@type\":\"ImageObject\",\"inLanguage\":\"pt-BR\",\"@id\":\"https:\/\/www.manaus.am.gov.br\/semhaf\/#\/schema\/logo\/image\/\",\"url\":\"https:\/\/www.manaus.am.gov.br\/semhaf\/wp-content\/uploads\/sites\/28\/2023\/11\/cropped-favicon.png\",\"contentUrl\":\"https:\/\/www.manaus.am.gov.br\/semhaf\/wp-content\/uploads\/sites\/28\/2023\/11\/cropped-favicon.png\",\"width\":512,\"height\":512,\"caption\":\"Prefeitura de Manaus\"},\"image\":{\"@id\":\"https:\/\/www.manaus.am.gov.br\/semhaf\/#\/schema\/logo\/image\/\"}}]}<\/script>\n<!-- \/ Yoast SEO plugin. -->","yoast_head_json":{"title":"Estrutura Organizacional - SEMHAF","robots":{"index":"noindex","follow":"follow"},"og_locale":"pt_BR","og_type":"article","og_title":"Estrutura Organizacional - SEMHAF","og_url":"https:\/\/www.manaus.am.gov.br\/semhaf\/organograma\/","og_site_name":"SEMHAF","article_modified_time":"2025-04-14T20:16:59+00:00","og_image":[{"width":966,"height":520,"url":"https:\/\/www.manaus.am.gov.br\/semhaf\/wp-content\/uploads\/sites\/28\/2024\/07\/thumb-default-2.png","type":"image\/png"}],"twitter_card":"summary_large_image","schema":{"@context":"https:\/\/schema.org","@graph":[{"@type":"WebPage","@id":"https:\/\/www.manaus.am.gov.br\/semhaf\/organograma\/","url":"https:\/\/www.manaus.am.gov.br\/semhaf\/organograma\/","name":"Estrutura Organizacional - SEMHAF","isPartOf":{"@id":"https:\/\/www.manaus.am.gov.br\/semhaf\/#website"},"datePublished":"2025-04-11T18:43:46+00:00","dateModified":"2025-04-14T20:16:59+00:00","breadcrumb":{"@id":"https:\/\/www.manaus.am.gov.br\/semhaf\/organograma\/#breadcrumb"},"inLanguage":"pt-BR","potentialAction":[{"@type":"ReadAction","target":["https:\/\/www.manaus.am.gov.br\/semhaf\/organograma\/"]}]},{"@type":"BreadcrumbList","@id":"https:\/\/www.manaus.am.gov.br\/semhaf\/organograma\/#breadcrumb","itemListElement":[{"@type":"ListItem","position":1,"name":"Home","item":"https:\/\/www.manaus.am.gov.br\/semhaf\/"},{"@type":"ListItem","position":2,"name":"Estrutura Organizacional"}]},{"@type":"WebSite","@id":"https:\/\/www.manaus.am.gov.br\/semhaf\/#website","url":"https:\/\/www.manaus.am.gov.br\/semhaf\/","name":"SENHAF","description":"SENHAF","publisher":{"@id":"https:\/\/www.manaus.am.gov.br\/semhaf\/#organization"},"alternateName":"Secretaria Municipal de Habita\u00e7\u00e3o e Assuntos Fundi\u00e1rios","potentialAction":[{"@type":"SearchAction","target":{"@type":"EntryPoint","urlTemplate":"https:\/\/www.manaus.am.gov.br\/semhaf\/?s={search_term_string}"},"query-input":"required name=search_term_string"}],"inLanguage":"pt-BR"},{"@type":"Organization","@id":"https:\/\/www.manaus.am.gov.br\/semhaf\/#organization","name":"Prefeitura de Manaus","alternateName":"Prefeitura Municipal de Manaus","url":"https:\/\/www.manaus.am.gov.br\/semhaf\/","logo":{"@type":"ImageObject","inLanguage":"pt-BR","@id":"https:\/\/www.manaus.am.gov.br\/semhaf\/#\/schema\/logo\/image\/","url":"https:\/\/www.manaus.am.gov.br\/semhaf\/wp-content\/uploads\/sites\/28\/2023\/11\/cropped-favicon.png","contentUrl":"https:\/\/www.manaus.am.gov.br\/semhaf\/wp-content\/uploads\/sites\/28\/2023\/11\/cropped-favicon.png","width":512,"height":512,"caption":"Prefeitura de Manaus"},"image":{"@id":"https:\/\/www.manaus.am.gov.br\/semhaf\/#\/schema\/logo\/image\/"}}]}},"_links":{"self":[{"href":"https:\/\/www.manaus.am.gov.br\/semhaf\/wp-json\/wp\/v2\/pages\/965"}],"collection":[{"href":"https:\/\/www.manaus.am.gov.br\/semhaf\/wp-json\/wp\/v2\/pages"}],"about":[{"href":"https:\/\/www.manaus.am.gov.br\/semhaf\/wp-json\/wp\/v2\/types\/page"}],"author":[{"embeddable":true,"href":"https:\/\/www.manaus.am.gov.br\/semhaf\/wp-json\/wp\/v2\/users\/56"}],"replies":[{"embeddable":true,"href":"https:\/\/www.manaus.am.gov.br\/semhaf\/wp-json\/wp\/v2\/comments?post=965"}],"version-history":[{"count":5,"href":"https:\/\/www.manaus.am.gov.br\/semhaf\/wp-json\/wp\/v2\/pages\/965\/revisions"}],"predecessor-version":[{"id":1037,"href":"https:\/\/www.manaus.am.gov.br\/semhaf\/wp-json\/wp\/v2\/pages\/965\/revisions\/1037"}],"wp:attachment":[{"href":"https:\/\/www.manaus.am.gov.br\/semhaf\/wp-json\/wp\/v2\/media?parent=965"}],"curies":[{"name":"wp","href":"https:\/\/api.w.org\/{rel}","templated":true}]}}