{"id":322,"date":"2023-11-09T14:52:50","date_gmt":"2023-11-09T18:52:50","guid":{"rendered":"https:\/\/www.manaus.am.gov.br\/semhaf\/?page_id=322"},"modified":"2023-11-09T16:40:25","modified_gmt":"2023-11-09T20:40:25","slug":"sistema-municipal-de-habitacao","status":"publish","type":"page","link":"https:\/\/www.manaus.am.gov.br\/semhaf\/sistema-municipal-de-habitacao\/","title":{"rendered":"Sistema Municipal de Habita\u00e7\u00e3o"},"content":{"rendered":"\n<p>O Simhab foi o sistema desenvolvido para a popula\u00e7\u00e3o manauara atualizar os seus cadastros habitacionais. Neste, o cidad\u00e3o ter\u00e1 acesso a todos os programas lan\u00e7ados pela secretaria de habita\u00e7\u00e3o e assuntos fundi\u00e1rios. Ent\u00e3o mesmo que voc\u00ea j\u00e1 tenha cadastro em algum outro programa habitacional, \u00e9 importante que atualize a inscri\u00e7\u00e3o no Sistema Municipal de Habita\u00e7\u00e3o.<\/p>\n\n\n\n<h2 class=\"wp-block-heading\"><a href=\"https:\/\/simhab.manaus.am.gov.br\/\" target=\"_blank\" rel=\"noreferrer noopener\">Acesse<\/a><\/h2>\n","protected":false},"excerpt":{"rendered":"","protected":false},"author":27,"featured_media":0,"parent":0,"menu_order":0,"comment_status":"closed","ping_status":"closed","template":"page_servicos.php","meta":{"footnotes":""},"acf":[],"yoast_head":"<!-- This site is optimized with the Yoast SEO plugin v23.0 - https:\/\/yoast.com\/wordpress\/plugins\/seo\/ -->\n<title>Sistema Municipal de Habita\u00e7\u00e3o - SEMHAF<\/title>\n<meta name=\"robots\" content=\"noindex, follow\" \/>\n<meta property=\"og:locale\" content=\"pt_BR\" \/>\n<meta property=\"og:type\" content=\"article\" \/>\n<meta property=\"og:title\" content=\"Sistema Municipal de Habita\u00e7\u00e3o - SEMHAF\" \/>\n<meta property=\"og:url\" content=\"https:\/\/www.manaus.am.gov.br\/semhaf\/sistema-municipal-de-habitacao\/\" \/>\n<meta property=\"og:site_name\" content=\"SEMHAF\" \/>\n<meta property=\"article:modified_time\" content=\"2023-11-09T20:40:25+00:00\" \/>\n<meta property=\"og:image\" content=\"https:\/\/www.manaus.am.gov.br\/semhaf\/wp-content\/uploads\/sites\/28\/2024\/07\/thumb-default-2.png\" \/>\n\t<meta property=\"og:image:width\" content=\"966\" \/>\n\t<meta property=\"og:image:height\" content=\"520\" \/>\n\t<meta property=\"og:image:type\" content=\"image\/png\" \/>\n<meta name=\"twitter:card\" content=\"summary_large_image\" \/>\n<meta name=\"twitter:label1\" content=\"Est. reading time\" \/>\n\t<meta name=\"twitter:data1\" content=\"1 minuto\" \/>\n<script type=\"application\/ld+json\" class=\"yoast-schema-graph\">{\"@context\":\"https:\/\/schema.org\",\"@graph\":[{\"@type\":\"WebPage\",\"@id\":\"https:\/\/www.manaus.am.gov.br\/semhaf\/sistema-municipal-de-habitacao\/\",\"url\":\"https:\/\/www.manaus.am.gov.br\/semhaf\/sistema-municipal-de-habitacao\/\",\"name\":\"Sistema Municipal de Habita\u00e7\u00e3o - SEMHAF\",\"isPartOf\":{\"@id\":\"https:\/\/www.manaus.am.gov.br\/semhaf\/#website\"},\"datePublished\":\"2023-11-09T18:52:50+00:00\",\"dateModified\":\"2023-11-09T20:40:25+00:00\",\"breadcrumb\":{\"@id\":\"https:\/\/www.manaus.am.gov.br\/semhaf\/sistema-municipal-de-habitacao\/#breadcrumb\"},\"inLanguage\":\"pt-BR\",\"potentialAction\":[{\"@type\":\"ReadAction\",\"target\":[\"https:\/\/www.manaus.am.gov.br\/semhaf\/sistema-municipal-de-habitacao\/\"]}]},{\"@type\":\"BreadcrumbList\",\"@id\":\"https:\/\/www.manaus.am.gov.br\/semhaf\/sistema-municipal-de-habitacao\/#breadcrumb\",\"itemListElement\":[{\"@type\":\"ListItem\",\"position\":1,\"name\":\"Home\",\"item\":\"https:\/\/www.manaus.am.gov.br\/semhaf\/\"},{\"@type\":\"ListItem\",\"position\":2,\"name\":\"Sistema Municipal de Habita\u00e7\u00e3o\"}]},{\"@type\":\"WebSite\",\"@id\":\"https:\/\/www.manaus.am.gov.br\/semhaf\/#website\",\"url\":\"https:\/\/www.manaus.am.gov.br\/semhaf\/\",\"name\":\"SENHAF\",\"description\":\"SENHAF\",\"publisher\":{\"@id\":\"https:\/\/www.manaus.am.gov.br\/semhaf\/#organization\"},\"alternateName\":\"Secretaria Municipal de Habita\u00e7\u00e3o e Assuntos Fundi\u00e1rios\",\"potentialAction\":[{\"@type\":\"SearchAction\",\"target\":{\"@type\":\"EntryPoint\",\"urlTemplate\":\"https:\/\/www.manaus.am.gov.br\/semhaf\/?s={search_term_string}\"},\"query-input\":\"required name=search_term_string\"}],\"inLanguage\":\"pt-BR\"},{\"@type\":\"Organization\",\"@id\":\"https:\/\/www.manaus.am.gov.br\/semhaf\/#organization\",\"name\":\"Prefeitura de Manaus\",\"alternateName\":\"Prefeitura Municipal de Manaus\",\"url\":\"https:\/\/www.manaus.am.gov.br\/semhaf\/\",\"logo\":{\"@type\":\"ImageObject\",\"inLanguage\":\"pt-BR\",\"@id\":\"https:\/\/www.manaus.am.gov.br\/semhaf\/#\/schema\/logo\/image\/\",\"url\":\"https:\/\/www.manaus.am.gov.br\/semhaf\/wp-content\/uploads\/sites\/28\/2023\/11\/cropped-favicon.png\",\"contentUrl\":\"https:\/\/www.manaus.am.gov.br\/semhaf\/wp-content\/uploads\/sites\/28\/2023\/11\/cropped-favicon.png\",\"width\":512,\"height\":512,\"caption\":\"Prefeitura de Manaus\"},\"image\":{\"@id\":\"https:\/\/www.manaus.am.gov.br\/semhaf\/#\/schema\/logo\/image\/\"}}]}<\/script>\n<!-- \/ Yoast SEO plugin. -->","yoast_head_json":{"title":"Sistema Municipal de Habita\u00e7\u00e3o - SEMHAF","robots":{"index":"noindex","follow":"follow"},"og_locale":"pt_BR","og_type":"article","og_title":"Sistema Municipal de Habita\u00e7\u00e3o - SEMHAF","og_url":"https:\/\/www.manaus.am.gov.br\/semhaf\/sistema-municipal-de-habitacao\/","og_site_name":"SEMHAF","article_modified_time":"2023-11-09T20:40:25+00:00","og_image":[{"width":966,"height":520,"url":"https:\/\/www.manaus.am.gov.br\/semhaf\/wp-content\/uploads\/sites\/28\/2024\/07\/thumb-default-2.png","type":"image\/png"}],"twitter_card":"summary_large_image","twitter_misc":{"Est. reading time":"1 minuto"},"schema":{"@context":"https:\/\/schema.org","@graph":[{"@type":"WebPage","@id":"https:\/\/www.manaus.am.gov.br\/semhaf\/sistema-municipal-de-habitacao\/","url":"https:\/\/www.manaus.am.gov.br\/semhaf\/sistema-municipal-de-habitacao\/","name":"Sistema Municipal de Habita\u00e7\u00e3o - SEMHAF","isPartOf":{"@id":"https:\/\/www.manaus.am.gov.br\/semhaf\/#website"},"datePublished":"2023-11-09T18:52:50+00:00","dateModified":"2023-11-09T20:40:25+00:00","breadcrumb":{"@id":"https:\/\/www.manaus.am.gov.br\/semhaf\/sistema-municipal-de-habitacao\/#breadcrumb"},"inLanguage":"pt-BR","potentialAction":[{"@type":"ReadAction","target":["https:\/\/www.manaus.am.gov.br\/semhaf\/sistema-municipal-de-habitacao\/"]}]},{"@type":"BreadcrumbList","@id":"https:\/\/www.manaus.am.gov.br\/semhaf\/sistema-municipal-de-habitacao\/#breadcrumb","itemListElement":[{"@type":"ListItem","position":1,"name":"Home","item":"https:\/\/www.manaus.am.gov.br\/semhaf\/"},{"@type":"ListItem","position":2,"name":"Sistema Municipal de Habita\u00e7\u00e3o"}]},{"@type":"WebSite","@id":"https:\/\/www.manaus.am.gov.br\/semhaf\/#website","url":"https:\/\/www.manaus.am.gov.br\/semhaf\/","name":"SENHAF","description":"SENHAF","publisher":{"@id":"https:\/\/www.manaus.am.gov.br\/semhaf\/#organization"},"alternateName":"Secretaria Municipal de Habita\u00e7\u00e3o e Assuntos Fundi\u00e1rios","potentialAction":[{"@type":"SearchAction","target":{"@type":"EntryPoint","urlTemplate":"https:\/\/www.manaus.am.gov.br\/semhaf\/?s={search_term_string}"},"query-input":"required name=search_term_string"}],"inLanguage":"pt-BR"},{"@type":"Organization","@id":"https:\/\/www.manaus.am.gov.br\/semhaf\/#organization","name":"Prefeitura de Manaus","alternateName":"Prefeitura Municipal de Manaus","url":"https:\/\/www.manaus.am.gov.br\/semhaf\/","logo":{"@type":"ImageObject","inLanguage":"pt-BR","@id":"https:\/\/www.manaus.am.gov.br\/semhaf\/#\/schema\/logo\/image\/","url":"https:\/\/www.manaus.am.gov.br\/semhaf\/wp-content\/uploads\/sites\/28\/2023\/11\/cropped-favicon.png","contentUrl":"https:\/\/www.manaus.am.gov.br\/semhaf\/wp-content\/uploads\/sites\/28\/2023\/11\/cropped-favicon.png","width":512,"height":512,"caption":"Prefeitura de Manaus"},"image":{"@id":"https:\/\/www.manaus.am.gov.br\/semhaf\/#\/schema\/logo\/image\/"}}]}},"_links":{"self":[{"href":"https:\/\/www.manaus.am.gov.br\/semhaf\/wp-json\/wp\/v2\/pages\/322"}],"collection":[{"href":"https:\/\/www.manaus.am.gov.br\/semhaf\/wp-json\/wp\/v2\/pages"}],"about":[{"href":"https:\/\/www.manaus.am.gov.br\/semhaf\/wp-json\/wp\/v2\/types\/page"}],"author":[{"embeddable":true,"href":"https:\/\/www.manaus.am.gov.br\/semhaf\/wp-json\/wp\/v2\/users\/27"}],"replies":[{"embeddable":true,"href":"https:\/\/www.manaus.am.gov.br\/semhaf\/wp-json\/wp\/v2\/comments?post=322"}],"version-history":[{"count":3,"href":"https:\/\/www.manaus.am.gov.br\/semhaf\/wp-json\/wp\/v2\/pages\/322\/revisions"}],"predecessor-version":[{"id":363,"href":"https:\/\/www.manaus.am.gov.br\/semhaf\/wp-json\/wp\/v2\/pages\/322\/revisions\/363"}],"wp:attachment":[{"href":"https:\/\/www.manaus.am.gov.br\/semhaf\/wp-json\/wp\/v2\/media?parent=322"}],"curies":[{"name":"wp","href":"https:\/\/api.w.org\/{rel}","templated":true}]}}