{"id":262,"date":"2023-11-08T18:56:53","date_gmt":"2023-11-08T21:56:53","guid":{"rendered":"https:\/\/www.manaus.am.gov.br\/semhaf\/?page_id=262"},"modified":"2025-04-14T16:03:30","modified_gmt":"2025-04-14T20:03:30","slug":"home","status":"publish","type":"page","link":"https:\/\/www.manaus.am.gov.br\/semhaf\/","title":{"rendered":"SEMHAF"},"content":{"rendered":"","protected":false},"excerpt":{"rendered":"","protected":false},"author":27,"featured_media":0,"parent":0,"menu_order":0,"comment_status":"closed","ping_status":"closed","template":"templates\/home_novo_banner.php","meta":{"footnotes":""},"acf":[],"yoast_head":"<!-- This site is optimized with the Yoast SEO plugin v23.0 - https:\/\/yoast.com\/wordpress\/plugins\/seo\/ -->\n<title>Secretaria Municipal de Habita\u00e7\u00e3o e Assuntos Fundi\u00e1rios - Semhaf<\/title>\n<meta name=\"description\" content=\"Promover acesso \u00e0 habita\u00e7\u00e3o e regulariza\u00e7\u00e3o fundi\u00e1ria para a popula\u00e7\u00e3o manauara, contribuindo para o desenvolvimento sustent\u00e1vel.\" \/>\n<meta name=\"robots\" content=\"noindex, follow\" \/>\n<meta property=\"og:locale\" content=\"pt_BR\" \/>\n<meta property=\"og:type\" content=\"article\" \/>\n<meta property=\"og:title\" content=\"Secretaria Municipal de Habita\u00e7\u00e3o e Assuntos Fundi\u00e1rios - Semhaf\" \/>\n<meta property=\"og:description\" content=\"Promover acesso \u00e0 habita\u00e7\u00e3o e regulariza\u00e7\u00e3o fundi\u00e1ria para a popula\u00e7\u00e3o manauara, contribuindo para o desenvolvimento sustent\u00e1vel.\" \/>\n<meta property=\"og:url\" content=\"https:\/\/www.manaus.am.gov.br\/semhaf\/\" \/>\n<meta property=\"og:site_name\" content=\"SEMHAF\" \/>\n<meta property=\"article:modified_time\" content=\"2025-04-14T20:03:30+00:00\" \/>\n<meta property=\"og:image\" content=\"https:\/\/www.manaus.am.gov.br\/semhaf\/wp-content\/uploads\/sites\/28\/2024\/07\/thumb-default-2.png\" \/>\n\t<meta property=\"og:image:width\" content=\"966\" \/>\n\t<meta property=\"og:image:height\" content=\"520\" \/>\n\t<meta property=\"og:image:type\" content=\"image\/png\" \/>\n<meta name=\"twitter:card\" content=\"summary_large_image\" \/>\n<script type=\"application\/ld+json\" class=\"yoast-schema-graph\">{\"@context\":\"https:\/\/schema.org\",\"@graph\":[{\"@type\":\"WebPage\",\"@id\":\"https:\/\/www.manaus.am.gov.br\/semhaf\/\",\"url\":\"https:\/\/www.manaus.am.gov.br\/semhaf\/\",\"name\":\"Secretaria Municipal de Habita\u00e7\u00e3o e Assuntos Fundi\u00e1rios - Semhaf\",\"isPartOf\":{\"@id\":\"https:\/\/www.manaus.am.gov.br\/semhaf\/#website\"},\"datePublished\":\"2023-11-08T21:56:53+00:00\",\"dateModified\":\"2025-04-14T20:03:30+00:00\",\"description\":\"Promover acesso \u00e0 habita\u00e7\u00e3o e regulariza\u00e7\u00e3o fundi\u00e1ria para a popula\u00e7\u00e3o manauara, contribuindo para o desenvolvimento sustent\u00e1vel.\",\"breadcrumb\":{\"@id\":\"https:\/\/www.manaus.am.gov.br\/semhaf\/#breadcrumb\"},\"inLanguage\":\"pt-BR\",\"potentialAction\":[{\"@type\":\"ReadAction\",\"target\":[\"https:\/\/www.manaus.am.gov.br\/semhaf\/\"]}]},{\"@type\":\"BreadcrumbList\",\"@id\":\"https:\/\/www.manaus.am.gov.br\/semhaf\/#breadcrumb\",\"itemListElement\":[{\"@type\":\"ListItem\",\"position\":1,\"name\":\"Home\",\"item\":\"https:\/\/www.manaus.am.gov.br\/semhaf\/\"},{\"@type\":\"ListItem\",\"position\":2,\"name\":\"SEMHAF\"}]},{\"@type\":\"WebSite\",\"@id\":\"https:\/\/www.manaus.am.gov.br\/semhaf\/#website\",\"url\":\"https:\/\/www.manaus.am.gov.br\/semhaf\/\",\"name\":\"SENHAF\",\"description\":\"SENHAF\",\"publisher\":{\"@id\":\"https:\/\/www.manaus.am.gov.br\/semhaf\/#organization\"},\"alternateName\":\"Secretaria Municipal de Habita\u00e7\u00e3o e Assuntos Fundi\u00e1rios\",\"potentialAction\":[{\"@type\":\"SearchAction\",\"target\":{\"@type\":\"EntryPoint\",\"urlTemplate\":\"https:\/\/www.manaus.am.gov.br\/semhaf\/?s={search_term_string}\"},\"query-input\":\"required name=search_term_string\"}],\"inLanguage\":\"pt-BR\"},{\"@type\":\"Organization\",\"@id\":\"https:\/\/www.manaus.am.gov.br\/semhaf\/#organization\",\"name\":\"Prefeitura de Manaus\",\"alternateName\":\"Prefeitura Municipal de Manaus\",\"url\":\"https:\/\/www.manaus.am.gov.br\/semhaf\/\",\"logo\":{\"@type\":\"ImageObject\",\"inLanguage\":\"pt-BR\",\"@id\":\"https:\/\/www.manaus.am.gov.br\/semhaf\/#\/schema\/logo\/image\/\",\"url\":\"https:\/\/www.manaus.am.gov.br\/semhaf\/wp-content\/uploads\/sites\/28\/2023\/11\/cropped-favicon.png\",\"contentUrl\":\"https:\/\/www.manaus.am.gov.br\/semhaf\/wp-content\/uploads\/sites\/28\/2023\/11\/cropped-favicon.png\",\"width\":512,\"height\":512,\"caption\":\"Prefeitura de Manaus\"},\"image\":{\"@id\":\"https:\/\/www.manaus.am.gov.br\/semhaf\/#\/schema\/logo\/image\/\"}}]}<\/script>\n<!-- \/ Yoast SEO plugin. -->","yoast_head_json":{"title":"Secretaria Municipal de Habita\u00e7\u00e3o e Assuntos Fundi\u00e1rios - Semhaf","description":"Promover acesso \u00e0 habita\u00e7\u00e3o e regulariza\u00e7\u00e3o fundi\u00e1ria para a popula\u00e7\u00e3o manauara, contribuindo para o desenvolvimento sustent\u00e1vel.","robots":{"index":"noindex","follow":"follow"},"og_locale":"pt_BR","og_type":"article","og_title":"Secretaria Municipal de Habita\u00e7\u00e3o e Assuntos Fundi\u00e1rios - Semhaf","og_description":"Promover acesso \u00e0 habita\u00e7\u00e3o e regulariza\u00e7\u00e3o fundi\u00e1ria para a popula\u00e7\u00e3o manauara, contribuindo para o desenvolvimento sustent\u00e1vel.","og_url":"https:\/\/www.manaus.am.gov.br\/semhaf\/","og_site_name":"SEMHAF","article_modified_time":"2025-04-14T20:03:30+00:00","og_image":[{"width":966,"height":520,"url":"https:\/\/www.manaus.am.gov.br\/semhaf\/wp-content\/uploads\/sites\/28\/2024\/07\/thumb-default-2.png","type":"image\/png"}],"twitter_card":"summary_large_image","schema":{"@context":"https:\/\/schema.org","@graph":[{"@type":"WebPage","@id":"https:\/\/www.manaus.am.gov.br\/semhaf\/","url":"https:\/\/www.manaus.am.gov.br\/semhaf\/","name":"Secretaria Municipal de Habita\u00e7\u00e3o e Assuntos Fundi\u00e1rios - Semhaf","isPartOf":{"@id":"https:\/\/www.manaus.am.gov.br\/semhaf\/#website"},"datePublished":"2023-11-08T21:56:53+00:00","dateModified":"2025-04-14T20:03:30+00:00","description":"Promover acesso \u00e0 habita\u00e7\u00e3o e regulariza\u00e7\u00e3o fundi\u00e1ria para a popula\u00e7\u00e3o manauara, contribuindo para o desenvolvimento sustent\u00e1vel.","breadcrumb":{"@id":"https:\/\/www.manaus.am.gov.br\/semhaf\/#breadcrumb"},"inLanguage":"pt-BR","potentialAction":[{"@type":"ReadAction","target":["https:\/\/www.manaus.am.gov.br\/semhaf\/"]}]},{"@type":"BreadcrumbList","@id":"https:\/\/www.manaus.am.gov.br\/semhaf\/#breadcrumb","itemListElement":[{"@type":"ListItem","position":1,"name":"Home","item":"https:\/\/www.manaus.am.gov.br\/semhaf\/"},{"@type":"ListItem","position":2,"name":"SEMHAF"}]},{"@type":"WebSite","@id":"https:\/\/www.manaus.am.gov.br\/semhaf\/#website","url":"https:\/\/www.manaus.am.gov.br\/semhaf\/","name":"SENHAF","description":"SENHAF","publisher":{"@id":"https:\/\/www.manaus.am.gov.br\/semhaf\/#organization"},"alternateName":"Secretaria Municipal de Habita\u00e7\u00e3o e Assuntos Fundi\u00e1rios","potentialAction":[{"@type":"SearchAction","target":{"@type":"EntryPoint","urlTemplate":"https:\/\/www.manaus.am.gov.br\/semhaf\/?s={search_term_string}"},"query-input":"required name=search_term_string"}],"inLanguage":"pt-BR"},{"@type":"Organization","@id":"https:\/\/www.manaus.am.gov.br\/semhaf\/#organization","name":"Prefeitura de Manaus","alternateName":"Prefeitura Municipal de Manaus","url":"https:\/\/www.manaus.am.gov.br\/semhaf\/","logo":{"@type":"ImageObject","inLanguage":"pt-BR","@id":"https:\/\/www.manaus.am.gov.br\/semhaf\/#\/schema\/logo\/image\/","url":"https:\/\/www.manaus.am.gov.br\/semhaf\/wp-content\/uploads\/sites\/28\/2023\/11\/cropped-favicon.png","contentUrl":"https:\/\/www.manaus.am.gov.br\/semhaf\/wp-content\/uploads\/sites\/28\/2023\/11\/cropped-favicon.png","width":512,"height":512,"caption":"Prefeitura de Manaus"},"image":{"@id":"https:\/\/www.manaus.am.gov.br\/semhaf\/#\/schema\/logo\/image\/"}}]}},"_links":{"self":[{"href":"https:\/\/www.manaus.am.gov.br\/semhaf\/wp-json\/wp\/v2\/pages\/262"}],"collection":[{"href":"https:\/\/www.manaus.am.gov.br\/semhaf\/wp-json\/wp\/v2\/pages"}],"about":[{"href":"https:\/\/www.manaus.am.gov.br\/semhaf\/wp-json\/wp\/v2\/types\/page"}],"author":[{"embeddable":true,"href":"https:\/\/www.manaus.am.gov.br\/semhaf\/wp-json\/wp\/v2\/users\/27"}],"replies":[{"embeddable":true,"href":"https:\/\/www.manaus.am.gov.br\/semhaf\/wp-json\/wp\/v2\/comments?post=262"}],"version-history":[{"count":7,"href":"https:\/\/www.manaus.am.gov.br\/semhaf\/wp-json\/wp\/v2\/pages\/262\/revisions"}],"predecessor-version":[{"id":1031,"href":"https:\/\/www.manaus.am.gov.br\/semhaf\/wp-json\/wp\/v2\/pages\/262\/revisions\/1031"}],"wp:attachment":[{"href":"https:\/\/www.manaus.am.gov.br\/semhaf\/wp-json\/wp\/v2\/media?parent=262"}],"curies":[{"name":"wp","href":"https:\/\/api.w.org\/{rel}","templated":true}]}}