{"id":527,"date":"2022-12-29T07:51:12","date_gmt":"2022-12-29T11:51:12","guid":{"rendered":"https:\/\/www.manaus.am.gov.br\/semef\/?page_id=527"},"modified":"2023-04-18T14:24:16","modified_gmt":"2023-04-18T18:24:16","slug":"normas-gerais","status":"publish","type":"page","link":"https:\/\/www.manaus.am.gov.br\/semef\/normas-gerais\/","title":{"rendered":"Normas Gerais"},"content":{"rendered":"\n<p>LEGISLA\u00c7\u00c3O TRIBUT\u00c1RIA MUNICIPAL<\/p>\n","protected":false},"excerpt":{"rendered":"","protected":false},"author":27,"featured_media":0,"parent":0,"menu_order":0,"comment_status":"closed","ping_status":"closed","template":"templates\/tabela_leis.php","meta":{"footnotes":""},"acf":[],"yoast_head":"<!-- This site is optimized with the Yoast SEO plugin v23.0 - https:\/\/yoast.com\/wordpress\/plugins\/seo\/ -->\n<title>Normas Gerais - SEMEF<\/title>\n<meta name=\"robots\" content=\"index, follow, max-snippet:-1, max-image-preview:large, max-video-preview:-1\" \/>\n<link rel=\"canonical\" href=\"https:\/\/www.manaus.am.gov.br\/semef\/normas-gerais\/\" \/>\n<meta property=\"og:locale\" content=\"pt_BR\" \/>\n<meta property=\"og:type\" content=\"article\" \/>\n<meta property=\"og:title\" content=\"Normas Gerais - SEMEF\" \/>\n<meta property=\"og:url\" content=\"https:\/\/www.manaus.am.gov.br\/semef\/normas-gerais\/\" \/>\n<meta property=\"og:site_name\" content=\"SEMEF\" \/>\n<meta property=\"article:modified_time\" content=\"2023-04-18T18:24:16+00:00\" \/>\n<meta name=\"twitter:card\" content=\"summary_large_image\" \/>\n<meta name=\"twitter:label1\" content=\"Est. reading time\" \/>\n\t<meta name=\"twitter:data1\" content=\"1 minuto\" \/>\n<script type=\"application\/ld+json\" class=\"yoast-schema-graph\">{\"@context\":\"https:\/\/schema.org\",\"@graph\":[{\"@type\":\"WebPage\",\"@id\":\"https:\/\/www.manaus.am.gov.br\/semef\/normas-gerais\/\",\"url\":\"https:\/\/www.manaus.am.gov.br\/semef\/normas-gerais\/\",\"name\":\"Normas Gerais - SEMEF\",\"isPartOf\":{\"@id\":\"https:\/\/www.manaus.am.gov.br\/semef\/#website\"},\"datePublished\":\"2022-12-29T11:51:12+00:00\",\"dateModified\":\"2023-04-18T18:24:16+00:00\",\"inLanguage\":\"pt-BR\",\"potentialAction\":[{\"@type\":\"ReadAction\",\"target\":[\"https:\/\/www.manaus.am.gov.br\/semef\/normas-gerais\/\"]}]},{\"@type\":\"WebSite\",\"@id\":\"https:\/\/www.manaus.am.gov.br\/semef\/#website\",\"url\":\"https:\/\/www.manaus.am.gov.br\/semef\/\",\"name\":\"SEMEF\",\"description\":\"Secretaria Municipal de Finan\u00e7as e Tecnologia da Informa\u00e7\u00e3o\",\"potentialAction\":[{\"@type\":\"SearchAction\",\"target\":{\"@type\":\"EntryPoint\",\"urlTemplate\":\"https:\/\/www.manaus.am.gov.br\/semef\/?s={search_term_string}\"},\"query-input\":\"required name=search_term_string\"}],\"inLanguage\":\"pt-BR\"}]}<\/script>\n<!-- \/ Yoast SEO plugin. -->","yoast_head_json":{"title":"Normas Gerais - SEMEF","robots":{"index":"index","follow":"follow","max-snippet":"max-snippet:-1","max-image-preview":"max-image-preview:large","max-video-preview":"max-video-preview:-1"},"canonical":"https:\/\/www.manaus.am.gov.br\/semef\/normas-gerais\/","og_locale":"pt_BR","og_type":"article","og_title":"Normas Gerais - SEMEF","og_url":"https:\/\/www.manaus.am.gov.br\/semef\/normas-gerais\/","og_site_name":"SEMEF","article_modified_time":"2023-04-18T18:24:16+00:00","twitter_card":"summary_large_image","twitter_misc":{"Est. reading time":"1 minuto"},"schema":{"@context":"https:\/\/schema.org","@graph":[{"@type":"WebPage","@id":"https:\/\/www.manaus.am.gov.br\/semef\/normas-gerais\/","url":"https:\/\/www.manaus.am.gov.br\/semef\/normas-gerais\/","name":"Normas Gerais - SEMEF","isPartOf":{"@id":"https:\/\/www.manaus.am.gov.br\/semef\/#website"},"datePublished":"2022-12-29T11:51:12+00:00","dateModified":"2023-04-18T18:24:16+00:00","inLanguage":"pt-BR","potentialAction":[{"@type":"ReadAction","target":["https:\/\/www.manaus.am.gov.br\/semef\/normas-gerais\/"]}]},{"@type":"WebSite","@id":"https:\/\/www.manaus.am.gov.br\/semef\/#website","url":"https:\/\/www.manaus.am.gov.br\/semef\/","name":"SEMEF","description":"Secretaria Municipal de Finan\u00e7as e Tecnologia da Informa\u00e7\u00e3o","potentialAction":[{"@type":"SearchAction","target":{"@type":"EntryPoint","urlTemplate":"https:\/\/www.manaus.am.gov.br\/semef\/?s={search_term_string}"},"query-input":"required name=search_term_string"}],"inLanguage":"pt-BR"}]}},"_links":{"self":[{"href":"https:\/\/www.manaus.am.gov.br\/semef\/wp-json\/wp\/v2\/pages\/527"}],"collection":[{"href":"https:\/\/www.manaus.am.gov.br\/semef\/wp-json\/wp\/v2\/pages"}],"about":[{"href":"https:\/\/www.manaus.am.gov.br\/semef\/wp-json\/wp\/v2\/types\/page"}],"author":[{"embeddable":true,"href":"https:\/\/www.manaus.am.gov.br\/semef\/wp-json\/wp\/v2\/users\/27"}],"replies":[{"embeddable":true,"href":"https:\/\/www.manaus.am.gov.br\/semef\/wp-json\/wp\/v2\/comments?post=527"}],"version-history":[{"count":10,"href":"https:\/\/www.manaus.am.gov.br\/semef\/wp-json\/wp\/v2\/pages\/527\/revisions"}],"predecessor-version":[{"id":1408,"href":"https:\/\/www.manaus.am.gov.br\/semef\/wp-json\/wp\/v2\/pages\/527\/revisions\/1408"}],"wp:attachment":[{"href":"https:\/\/www.manaus.am.gov.br\/semef\/wp-json\/wp\/v2\/media?parent=527"}],"curies":[{"name":"wp","href":"https:\/\/api.w.org\/{rel}","templated":true}]}}