{"id":4314,"date":"2025-07-14T11:01:22","date_gmt":"2025-07-14T15:01:22","guid":{"rendered":"https:\/\/www.manaus.am.gov.br\/semef\/?page_id=4314"},"modified":"2026-04-17T09:21:59","modified_gmt":"2026-04-17T13:21:59","slug":"missao-visao-e-valores","status":"publish","type":"page","link":"https:\/\/www.manaus.am.gov.br\/semef\/a-semef\/missao-visao-e-valores\/","title":{"rendered":"Miss\u00e3o, Vis\u00e3o e Valores"},"content":{"rendered":"\n<h2 class=\"wp-block-heading\">MISS\u00c3O<\/h2>\n\n\n\n<p>Promover a arrecada\u00e7\u00e3o com justi\u00e7a fiscal e a gest\u00e3o eficiente dos recursos p\u00fablicos, por meio do planejamento municipal, do suporte e inova\u00e7\u00e3o tecnol\u00f3gica, para garantir servi\u00e7os que melhorem a vida do cidad\u00e3o.<\/p>\n\n\n\n<p><\/p>\n\n\n\n<h2 class=\"wp-block-heading\">VIS\u00c3O<\/h2>\n\n\n\n<p>Ser refer\u00eancia em gest\u00e3o fiscal, no planejamento governamental e inova\u00e7\u00e3o tecnol\u00f3gica.<\/p>\n\n\n\n<p><\/p>\n\n\n\n<h2 class=\"wp-block-heading\">VALORES:<\/h2>\n\n\n\n<ul>\n<li>\u00c9tica<\/li>\n\n\n\n<li>Transpar\u00eancia<\/li>\n\n\n\n<li>Respeito<\/li>\n\n\n\n<li>Efici\u00eancia<\/li>\n\n\n\n<li>Inova\u00e7\u00e3o<\/li>\n\n\n\n<li>Valoriza\u00e7\u00e3o das pessoas<\/li>\n<\/ul>\n","protected":false},"excerpt":{"rendered":"","protected":false},"author":8,"featured_media":0,"parent":143,"menu_order":0,"comment_status":"closed","ping_status":"closed","template":"templates\/turismo.php","meta":{"footnotes":""},"acf":[],"yoast_head":"<!-- This site is optimized with the Yoast SEO plugin v23.0 - https:\/\/yoast.com\/wordpress\/plugins\/seo\/ -->\n<title>Miss\u00e3o, Vis\u00e3o e Valores - SEMEF<\/title>\n<meta name=\"robots\" content=\"index, follow, max-snippet:-1, max-image-preview:large, max-video-preview:-1\" \/>\n<link rel=\"canonical\" href=\"https:\/\/www.manaus.am.gov.br\/semef\/a-semef\/missao-visao-e-valores\/\" \/>\n<meta property=\"og:locale\" content=\"pt_BR\" \/>\n<meta property=\"og:type\" content=\"article\" \/>\n<meta property=\"og:title\" content=\"Miss\u00e3o, Vis\u00e3o e Valores - SEMEF\" \/>\n<meta property=\"og:url\" content=\"https:\/\/www.manaus.am.gov.br\/semef\/a-semef\/missao-visao-e-valores\/\" \/>\n<meta property=\"og:site_name\" content=\"SEMEF\" \/>\n<meta property=\"article:modified_time\" content=\"2026-04-17T13:21:59+00:00\" \/>\n<meta name=\"twitter:card\" content=\"summary_large_image\" \/>\n<meta name=\"twitter:label1\" content=\"Est. reading time\" \/>\n\t<meta name=\"twitter:data1\" content=\"1 minuto\" \/>\n<script type=\"application\/ld+json\" class=\"yoast-schema-graph\">{\"@context\":\"https:\/\/schema.org\",\"@graph\":[{\"@type\":\"WebPage\",\"@id\":\"https:\/\/www.manaus.am.gov.br\/semef\/a-semef\/missao-visao-e-valores\/\",\"url\":\"https:\/\/www.manaus.am.gov.br\/semef\/a-semef\/missao-visao-e-valores\/\",\"name\":\"Miss\u00e3o, Vis\u00e3o e Valores - SEMEF\",\"isPartOf\":{\"@id\":\"https:\/\/www.manaus.am.gov.br\/semef\/#website\"},\"datePublished\":\"2025-07-14T15:01:22+00:00\",\"dateModified\":\"2026-04-17T13:21:59+00:00\",\"breadcrumb\":{\"@id\":\"https:\/\/www.manaus.am.gov.br\/semef\/a-semef\/missao-visao-e-valores\/#breadcrumb\"},\"inLanguage\":\"pt-BR\",\"potentialAction\":[{\"@type\":\"ReadAction\",\"target\":[\"https:\/\/www.manaus.am.gov.br\/semef\/a-semef\/missao-visao-e-valores\/\"]}]},{\"@type\":\"BreadcrumbList\",\"@id\":\"https:\/\/www.manaus.am.gov.br\/semef\/a-semef\/missao-visao-e-valores\/#breadcrumb\",\"itemListElement\":[{\"@type\":\"ListItem\",\"position\":1,\"name\":\"A Semef\",\"item\":\"https:\/\/www.manaus.am.gov.br\/semef\/a-semef\/\"},{\"@type\":\"ListItem\",\"position\":2,\"name\":\"Miss\u00e3o, Vis\u00e3o e Valores\"}]},{\"@type\":\"WebSite\",\"@id\":\"https:\/\/www.manaus.am.gov.br\/semef\/#website\",\"url\":\"https:\/\/www.manaus.am.gov.br\/semef\/\",\"name\":\"SEMEF\",\"description\":\"Secretaria Municipal de Finan\u00e7as e Tecnologia da Informa\u00e7\u00e3o\",\"potentialAction\":[{\"@type\":\"SearchAction\",\"target\":{\"@type\":\"EntryPoint\",\"urlTemplate\":\"https:\/\/www.manaus.am.gov.br\/semef\/?s={search_term_string}\"},\"query-input\":\"required name=search_term_string\"}],\"inLanguage\":\"pt-BR\"}]}<\/script>\n<!-- \/ Yoast SEO plugin. -->","yoast_head_json":{"title":"Miss\u00e3o, Vis\u00e3o e Valores - SEMEF","robots":{"index":"index","follow":"follow","max-snippet":"max-snippet:-1","max-image-preview":"max-image-preview:large","max-video-preview":"max-video-preview:-1"},"canonical":"https:\/\/www.manaus.am.gov.br\/semef\/a-semef\/missao-visao-e-valores\/","og_locale":"pt_BR","og_type":"article","og_title":"Miss\u00e3o, Vis\u00e3o e Valores - SEMEF","og_url":"https:\/\/www.manaus.am.gov.br\/semef\/a-semef\/missao-visao-e-valores\/","og_site_name":"SEMEF","article_modified_time":"2026-04-17T13:21:59+00:00","twitter_card":"summary_large_image","twitter_misc":{"Est. reading time":"1 minuto"},"schema":{"@context":"https:\/\/schema.org","@graph":[{"@type":"WebPage","@id":"https:\/\/www.manaus.am.gov.br\/semef\/a-semef\/missao-visao-e-valores\/","url":"https:\/\/www.manaus.am.gov.br\/semef\/a-semef\/missao-visao-e-valores\/","name":"Miss\u00e3o, Vis\u00e3o e Valores - SEMEF","isPartOf":{"@id":"https:\/\/www.manaus.am.gov.br\/semef\/#website"},"datePublished":"2025-07-14T15:01:22+00:00","dateModified":"2026-04-17T13:21:59+00:00","breadcrumb":{"@id":"https:\/\/www.manaus.am.gov.br\/semef\/a-semef\/missao-visao-e-valores\/#breadcrumb"},"inLanguage":"pt-BR","potentialAction":[{"@type":"ReadAction","target":["https:\/\/www.manaus.am.gov.br\/semef\/a-semef\/missao-visao-e-valores\/"]}]},{"@type":"BreadcrumbList","@id":"https:\/\/www.manaus.am.gov.br\/semef\/a-semef\/missao-visao-e-valores\/#breadcrumb","itemListElement":[{"@type":"ListItem","position":1,"name":"A Semef","item":"https:\/\/www.manaus.am.gov.br\/semef\/a-semef\/"},{"@type":"ListItem","position":2,"name":"Miss\u00e3o, Vis\u00e3o e Valores"}]},{"@type":"WebSite","@id":"https:\/\/www.manaus.am.gov.br\/semef\/#website","url":"https:\/\/www.manaus.am.gov.br\/semef\/","name":"SEMEF","description":"Secretaria Municipal de Finan\u00e7as e Tecnologia da Informa\u00e7\u00e3o","potentialAction":[{"@type":"SearchAction","target":{"@type":"EntryPoint","urlTemplate":"https:\/\/www.manaus.am.gov.br\/semef\/?s={search_term_string}"},"query-input":"required name=search_term_string"}],"inLanguage":"pt-BR"}]}},"_links":{"self":[{"href":"https:\/\/www.manaus.am.gov.br\/semef\/wp-json\/wp\/v2\/pages\/4314"}],"collection":[{"href":"https:\/\/www.manaus.am.gov.br\/semef\/wp-json\/wp\/v2\/pages"}],"about":[{"href":"https:\/\/www.manaus.am.gov.br\/semef\/wp-json\/wp\/v2\/types\/page"}],"author":[{"embeddable":true,"href":"https:\/\/www.manaus.am.gov.br\/semef\/wp-json\/wp\/v2\/users\/8"}],"replies":[{"embeddable":true,"href":"https:\/\/www.manaus.am.gov.br\/semef\/wp-json\/wp\/v2\/comments?post=4314"}],"version-history":[{"count":3,"href":"https:\/\/www.manaus.am.gov.br\/semef\/wp-json\/wp\/v2\/pages\/4314\/revisions"}],"predecessor-version":[{"id":5162,"href":"https:\/\/www.manaus.am.gov.br\/semef\/wp-json\/wp\/v2\/pages\/4314\/revisions\/5162"}],"up":[{"embeddable":true,"href":"https:\/\/www.manaus.am.gov.br\/semef\/wp-json\/wp\/v2\/pages\/143"}],"wp:attachment":[{"href":"https:\/\/www.manaus.am.gov.br\/semef\/wp-json\/wp\/v2\/media?parent=4314"}],"curies":[{"name":"wp","href":"https:\/\/api.w.org\/{rel}","templated":true}]}}