{"id":3981,"date":"2025-04-25T14:34:37","date_gmt":"2025-04-25T18:34:37","guid":{"rendered":"https:\/\/www.manaus.am.gov.br\/semef\/?page_id=3981"},"modified":"2025-06-26T14:56:55","modified_gmt":"2025-06-26T18:56:55","slug":"empregados-terceirizados","status":"publish","type":"page","link":"https:\/\/www.manaus.am.gov.br\/semef\/a-semef\/empregados-terceirizados\/","title":{"rendered":"Empregados Terceirizados"},"content":{"rendered":"\n<h6 class=\"wp-block-heading\"><a href=\"https:\/\/www.manaus.am.gov.br\/semef\/wp-content\/uploads\/sites\/7\/2025\/06\/BRAGA-E-ALMEIDA-SERVICOS-DE-TELEATENDIMENTO-LTDA.xlsx\" target=\"_blank\" rel=\"noreferrer noopener\">Braga e Almeida Servi\u00e7os de Teleatendimento LTDA<\/a><\/h6>\n\n\n\n<h6 class=\"wp-block-heading\"><a href=\"https:\/\/www.manaus.am.gov.br\/semef\/wp-content\/uploads\/sites\/7\/2025\/06\/SILVA-SERVICOS-COMBINADOS-PARA-APOIO-A-EDIFICIOS-LTDA.xlsx\" target=\"_blank\" rel=\"noreferrer noopener\">Silva Servi\u00e7os Combinados para Apoio a Edif\u00edcios LTDA<\/a><\/h6>\n\n\n\n<h6 class=\"wp-block-heading\"><a href=\"https:\/\/www.manaus.am.gov.br\/semef\/wp-content\/uploads\/sites\/7\/2025\/06\/L.-S.-INFORMATICA-E-TELECOMUNICACOES-LTDA.xlsx\" target=\"_blank\" rel=\"noreferrer noopener\">L. S. Inform\u00e1tica e Telecomunica\u00e7\u00f5es LTDA<\/a><\/h6>\n\n\n\n<h6 class=\"wp-block-heading\"><a href=\"https:\/\/www.manaus.am.gov.br\/semef\/wp-content\/uploads\/sites\/7\/2025\/06\/GIMAM-SERVICOS-DE-LIMPEZA-E-TRANSPORTE-LTDA.xlsx\" target=\"_blank\" rel=\"noreferrer noopener\">Gimam Servi\u00e7os de Limpeza e Transporte LTDA<\/a><\/h6>\n\n\n\n<h6 class=\"wp-block-heading\"><a href=\"https:\/\/www.manaus.am.gov.br\/semef\/wp-content\/uploads\/sites\/7\/2025\/06\/EQUILIBRIUM-SERVICOS-DE-CONSERVACAO-E-MANUTENCAO-LTDA.xlsx\" target=\"_blank\" rel=\"noreferrer noopener\">Equilibrium Servi\u00e7os de Conserva\u00e7\u00e3o e Manuten\u00e7\u00e3o LTDA<\/a><\/h6>\n","protected":false},"excerpt":{"rendered":"","protected":false},"author":10,"featured_media":0,"parent":143,"menu_order":0,"comment_status":"closed","ping_status":"closed","template":"templates\/turismo.php","meta":{"footnotes":""},"acf":[],"yoast_head":"<!-- This site is optimized with the Yoast SEO plugin v23.0 - https:\/\/yoast.com\/wordpress\/plugins\/seo\/ -->\n<title>Empregados Terceirizados - SEMEF<\/title>\n<meta name=\"robots\" content=\"index, follow, max-snippet:-1, max-image-preview:large, max-video-preview:-1\" \/>\n<link rel=\"canonical\" href=\"https:\/\/www.manaus.am.gov.br\/semef\/a-semef\/empregados-terceirizados\/\" \/>\n<meta property=\"og:locale\" content=\"pt_BR\" \/>\n<meta property=\"og:type\" content=\"article\" \/>\n<meta property=\"og:title\" content=\"Empregados Terceirizados - SEMEF\" \/>\n<meta property=\"og:url\" content=\"https:\/\/www.manaus.am.gov.br\/semef\/a-semef\/empregados-terceirizados\/\" \/>\n<meta property=\"og:site_name\" content=\"SEMEF\" \/>\n<meta property=\"article:modified_time\" content=\"2025-06-26T18:56:55+00:00\" \/>\n<meta name=\"twitter:card\" content=\"summary_large_image\" \/>\n<meta name=\"twitter:label1\" content=\"Est. reading time\" \/>\n\t<meta name=\"twitter:data1\" content=\"1 minuto\" \/>\n<script type=\"application\/ld+json\" class=\"yoast-schema-graph\">{\"@context\":\"https:\/\/schema.org\",\"@graph\":[{\"@type\":\"WebPage\",\"@id\":\"https:\/\/www.manaus.am.gov.br\/semef\/a-semef\/empregados-terceirizados\/\",\"url\":\"https:\/\/www.manaus.am.gov.br\/semef\/a-semef\/empregados-terceirizados\/\",\"name\":\"Empregados Terceirizados - SEMEF\",\"isPartOf\":{\"@id\":\"https:\/\/www.manaus.am.gov.br\/semef\/#website\"},\"datePublished\":\"2025-04-25T18:34:37+00:00\",\"dateModified\":\"2025-06-26T18:56:55+00:00\",\"breadcrumb\":{\"@id\":\"https:\/\/www.manaus.am.gov.br\/semef\/a-semef\/empregados-terceirizados\/#breadcrumb\"},\"inLanguage\":\"pt-BR\",\"potentialAction\":[{\"@type\":\"ReadAction\",\"target\":[\"https:\/\/www.manaus.am.gov.br\/semef\/a-semef\/empregados-terceirizados\/\"]}]},{\"@type\":\"BreadcrumbList\",\"@id\":\"https:\/\/www.manaus.am.gov.br\/semef\/a-semef\/empregados-terceirizados\/#breadcrumb\",\"itemListElement\":[{\"@type\":\"ListItem\",\"position\":1,\"name\":\"A Semef\",\"item\":\"https:\/\/www.manaus.am.gov.br\/semef\/a-semef\/\"},{\"@type\":\"ListItem\",\"position\":2,\"name\":\"Empregados Terceirizados\"}]},{\"@type\":\"WebSite\",\"@id\":\"https:\/\/www.manaus.am.gov.br\/semef\/#website\",\"url\":\"https:\/\/www.manaus.am.gov.br\/semef\/\",\"name\":\"SEMEF\",\"description\":\"Secretaria Municipal de Finan\u00e7as e Tecnologia da Informa\u00e7\u00e3o\",\"potentialAction\":[{\"@type\":\"SearchAction\",\"target\":{\"@type\":\"EntryPoint\",\"urlTemplate\":\"https:\/\/www.manaus.am.gov.br\/semef\/?s={search_term_string}\"},\"query-input\":\"required name=search_term_string\"}],\"inLanguage\":\"pt-BR\"}]}<\/script>\n<!-- \/ Yoast SEO plugin. -->","yoast_head_json":{"title":"Empregados Terceirizados - SEMEF","robots":{"index":"index","follow":"follow","max-snippet":"max-snippet:-1","max-image-preview":"max-image-preview:large","max-video-preview":"max-video-preview:-1"},"canonical":"https:\/\/www.manaus.am.gov.br\/semef\/a-semef\/empregados-terceirizados\/","og_locale":"pt_BR","og_type":"article","og_title":"Empregados Terceirizados - SEMEF","og_url":"https:\/\/www.manaus.am.gov.br\/semef\/a-semef\/empregados-terceirizados\/","og_site_name":"SEMEF","article_modified_time":"2025-06-26T18:56:55+00:00","twitter_card":"summary_large_image","twitter_misc":{"Est. reading time":"1 minuto"},"schema":{"@context":"https:\/\/schema.org","@graph":[{"@type":"WebPage","@id":"https:\/\/www.manaus.am.gov.br\/semef\/a-semef\/empregados-terceirizados\/","url":"https:\/\/www.manaus.am.gov.br\/semef\/a-semef\/empregados-terceirizados\/","name":"Empregados Terceirizados - SEMEF","isPartOf":{"@id":"https:\/\/www.manaus.am.gov.br\/semef\/#website"},"datePublished":"2025-04-25T18:34:37+00:00","dateModified":"2025-06-26T18:56:55+00:00","breadcrumb":{"@id":"https:\/\/www.manaus.am.gov.br\/semef\/a-semef\/empregados-terceirizados\/#breadcrumb"},"inLanguage":"pt-BR","potentialAction":[{"@type":"ReadAction","target":["https:\/\/www.manaus.am.gov.br\/semef\/a-semef\/empregados-terceirizados\/"]}]},{"@type":"BreadcrumbList","@id":"https:\/\/www.manaus.am.gov.br\/semef\/a-semef\/empregados-terceirizados\/#breadcrumb","itemListElement":[{"@type":"ListItem","position":1,"name":"A Semef","item":"https:\/\/www.manaus.am.gov.br\/semef\/a-semef\/"},{"@type":"ListItem","position":2,"name":"Empregados Terceirizados"}]},{"@type":"WebSite","@id":"https:\/\/www.manaus.am.gov.br\/semef\/#website","url":"https:\/\/www.manaus.am.gov.br\/semef\/","name":"SEMEF","description":"Secretaria Municipal de Finan\u00e7as e Tecnologia da Informa\u00e7\u00e3o","potentialAction":[{"@type":"SearchAction","target":{"@type":"EntryPoint","urlTemplate":"https:\/\/www.manaus.am.gov.br\/semef\/?s={search_term_string}"},"query-input":"required name=search_term_string"}],"inLanguage":"pt-BR"}]}},"_links":{"self":[{"href":"https:\/\/www.manaus.am.gov.br\/semef\/wp-json\/wp\/v2\/pages\/3981"}],"collection":[{"href":"https:\/\/www.manaus.am.gov.br\/semef\/wp-json\/wp\/v2\/pages"}],"about":[{"href":"https:\/\/www.manaus.am.gov.br\/semef\/wp-json\/wp\/v2\/types\/page"}],"author":[{"embeddable":true,"href":"https:\/\/www.manaus.am.gov.br\/semef\/wp-json\/wp\/v2\/users\/10"}],"replies":[{"embeddable":true,"href":"https:\/\/www.manaus.am.gov.br\/semef\/wp-json\/wp\/v2\/comments?post=3981"}],"version-history":[{"count":28,"href":"https:\/\/www.manaus.am.gov.br\/semef\/wp-json\/wp\/v2\/pages\/3981\/revisions"}],"predecessor-version":[{"id":4282,"href":"https:\/\/www.manaus.am.gov.br\/semef\/wp-json\/wp\/v2\/pages\/3981\/revisions\/4282"}],"up":[{"embeddable":true,"href":"https:\/\/www.manaus.am.gov.br\/semef\/wp-json\/wp\/v2\/pages\/143"}],"wp:attachment":[{"href":"https:\/\/www.manaus.am.gov.br\/semef\/wp-json\/wp\/v2\/media?parent=3981"}],"curies":[{"name":"wp","href":"https:\/\/api.w.org\/{rel}","templated":true}]}}