{"id":326,"date":"2022-12-26T10:59:03","date_gmt":"2022-12-26T14:59:03","guid":{"rendered":"https:\/\/www.manaus.am.gov.br\/semef\/?page_id=326"},"modified":"2022-12-26T10:59:03","modified_gmt":"2022-12-26T14:59:03","slug":"credenciamento-bancario","status":"publish","type":"page","link":"https:\/\/www.manaus.am.gov.br\/semef\/credenciamento-bancario\/","title":{"rendered":"Credenciamento Banc\u00e1rio"},"content":{"rendered":"\n<h2 class=\"wp-block-heading\">Links Arquivos para Download<\/h2>\n\n\n\n<p><a href=\"https:\/\/www.manaus.am.gov.br\/semef\/wp-content\/uploads\/sites\/7\/2022\/12\/EDITAL-DE-CREDENCIAMENTO-COM-INSTITUICAO-FINANCEIRA-DAM-2014-REVISAO-FINAL-2.pdf\" target=\"_blank\" rel=\"noreferrer noopener\">Edital de Credenciamento com Institui\u00e7\u00e3o Financeira \u2013 DAM 2014<\/a><\/p>\n\n\n\n<p><a href=\"https:\/\/www.manaus.am.gov.br\/semef\/wp-content\/uploads\/sites\/7\/2022\/12\/RETIFICACAO-DO-EDITAL-DE-CREDENCIAMENTO-COM-INSTITUICAO-FINANCEIRA-DAMS.pdf\" target=\"_blank\" rel=\"noreferrer noopener\">Retifica\u00e7\u00e3o 01\/2014 do Edital de Credenciamento com Institui\u00e7\u00e3o Financeira<\/a><\/p>\n\n\n\n<p><a href=\"https:\/\/www.manaus.am.gov.br\/semef\/wp-content\/uploads\/sites\/7\/2022\/12\/RETIFICACAO_02_2014_DO_EDITAL_CREDENCIAMENTO_COM_INSTITUICAO_FINANCEIRA_DAMS.pdf\" target=\"_blank\" rel=\"noreferrer noopener nofollow\">Retifica\u00e7\u00e3o 02\/2014 do Edital de Credenciamento com Institui\u00e7\u00e3o Financeira<\/a><\/p>\n","protected":false},"excerpt":{"rendered":"","protected":false},"author":27,"featured_media":0,"parent":0,"menu_order":0,"comment_status":"closed","ping_status":"closed","template":"","meta":{"footnotes":""},"acf":[],"yoast_head":"<!-- This site is optimized with the Yoast SEO plugin v23.0 - https:\/\/yoast.com\/wordpress\/plugins\/seo\/ -->\n<title>Credenciamento Banc\u00e1rio - SEMEF<\/title>\n<meta name=\"robots\" content=\"index, follow, max-snippet:-1, max-image-preview:large, max-video-preview:-1\" \/>\n<link rel=\"canonical\" href=\"https:\/\/www.manaus.am.gov.br\/semef\/credenciamento-bancario\/\" \/>\n<meta property=\"og:locale\" content=\"pt_BR\" \/>\n<meta property=\"og:type\" content=\"article\" \/>\n<meta property=\"og:title\" content=\"Credenciamento Banc\u00e1rio - SEMEF\" \/>\n<meta property=\"og:url\" content=\"https:\/\/www.manaus.am.gov.br\/semef\/credenciamento-bancario\/\" \/>\n<meta property=\"og:site_name\" content=\"SEMEF\" \/>\n<meta name=\"twitter:card\" content=\"summary_large_image\" \/>\n<meta name=\"twitter:label1\" content=\"Est. reading time\" \/>\n\t<meta name=\"twitter:data1\" content=\"1 minuto\" \/>\n<script type=\"application\/ld+json\" class=\"yoast-schema-graph\">{\"@context\":\"https:\/\/schema.org\",\"@graph\":[{\"@type\":\"WebPage\",\"@id\":\"https:\/\/www.manaus.am.gov.br\/semef\/credenciamento-bancario\/\",\"url\":\"https:\/\/www.manaus.am.gov.br\/semef\/credenciamento-bancario\/\",\"name\":\"Credenciamento Banc\u00e1rio - SEMEF\",\"isPartOf\":{\"@id\":\"https:\/\/www.manaus.am.gov.br\/semef\/#website\"},\"datePublished\":\"2022-12-26T14:59:03+00:00\",\"dateModified\":\"2022-12-26T14:59:03+00:00\",\"inLanguage\":\"pt-BR\",\"potentialAction\":[{\"@type\":\"ReadAction\",\"target\":[\"https:\/\/www.manaus.am.gov.br\/semef\/credenciamento-bancario\/\"]}]},{\"@type\":\"WebSite\",\"@id\":\"https:\/\/www.manaus.am.gov.br\/semef\/#website\",\"url\":\"https:\/\/www.manaus.am.gov.br\/semef\/\",\"name\":\"SEMEF\",\"description\":\"Secretaria Municipal de Finan\u00e7as e Tecnologia da Informa\u00e7\u00e3o\",\"potentialAction\":[{\"@type\":\"SearchAction\",\"target\":{\"@type\":\"EntryPoint\",\"urlTemplate\":\"https:\/\/www.manaus.am.gov.br\/semef\/?s={search_term_string}\"},\"query-input\":\"required name=search_term_string\"}],\"inLanguage\":\"pt-BR\"}]}<\/script>\n<!-- \/ Yoast SEO plugin. -->","yoast_head_json":{"title":"Credenciamento Banc\u00e1rio - SEMEF","robots":{"index":"index","follow":"follow","max-snippet":"max-snippet:-1","max-image-preview":"max-image-preview:large","max-video-preview":"max-video-preview:-1"},"canonical":"https:\/\/www.manaus.am.gov.br\/semef\/credenciamento-bancario\/","og_locale":"pt_BR","og_type":"article","og_title":"Credenciamento Banc\u00e1rio - SEMEF","og_url":"https:\/\/www.manaus.am.gov.br\/semef\/credenciamento-bancario\/","og_site_name":"SEMEF","twitter_card":"summary_large_image","twitter_misc":{"Est. reading time":"1 minuto"},"schema":{"@context":"https:\/\/schema.org","@graph":[{"@type":"WebPage","@id":"https:\/\/www.manaus.am.gov.br\/semef\/credenciamento-bancario\/","url":"https:\/\/www.manaus.am.gov.br\/semef\/credenciamento-bancario\/","name":"Credenciamento Banc\u00e1rio - SEMEF","isPartOf":{"@id":"https:\/\/www.manaus.am.gov.br\/semef\/#website"},"datePublished":"2022-12-26T14:59:03+00:00","dateModified":"2022-12-26T14:59:03+00:00","inLanguage":"pt-BR","potentialAction":[{"@type":"ReadAction","target":["https:\/\/www.manaus.am.gov.br\/semef\/credenciamento-bancario\/"]}]},{"@type":"WebSite","@id":"https:\/\/www.manaus.am.gov.br\/semef\/#website","url":"https:\/\/www.manaus.am.gov.br\/semef\/","name":"SEMEF","description":"Secretaria Municipal de Finan\u00e7as e Tecnologia da Informa\u00e7\u00e3o","potentialAction":[{"@type":"SearchAction","target":{"@type":"EntryPoint","urlTemplate":"https:\/\/www.manaus.am.gov.br\/semef\/?s={search_term_string}"},"query-input":"required name=search_term_string"}],"inLanguage":"pt-BR"}]}},"_links":{"self":[{"href":"https:\/\/www.manaus.am.gov.br\/semef\/wp-json\/wp\/v2\/pages\/326"}],"collection":[{"href":"https:\/\/www.manaus.am.gov.br\/semef\/wp-json\/wp\/v2\/pages"}],"about":[{"href":"https:\/\/www.manaus.am.gov.br\/semef\/wp-json\/wp\/v2\/types\/page"}],"author":[{"embeddable":true,"href":"https:\/\/www.manaus.am.gov.br\/semef\/wp-json\/wp\/v2\/users\/27"}],"replies":[{"embeddable":true,"href":"https:\/\/www.manaus.am.gov.br\/semef\/wp-json\/wp\/v2\/comments?post=326"}],"version-history":[{"count":1,"href":"https:\/\/www.manaus.am.gov.br\/semef\/wp-json\/wp\/v2\/pages\/326\/revisions"}],"predecessor-version":[{"id":330,"href":"https:\/\/www.manaus.am.gov.br\/semef\/wp-json\/wp\/v2\/pages\/326\/revisions\/330"}],"wp:attachment":[{"href":"https:\/\/www.manaus.am.gov.br\/semef\/wp-json\/wp\/v2\/media?parent=326"}],"curies":[{"name":"wp","href":"https:\/\/api.w.org\/{rel}","templated":true}]}}