{"id":3105,"date":"2024-11-22T08:56:36","date_gmt":"2024-11-22T12:56:36","guid":{"rendered":"https:\/\/www.manaus.am.gov.br\/semef\/?page_id=3105"},"modified":"2025-02-11T14:34:11","modified_gmt":"2025-02-11T18:34:11","slug":"tribunal-pleno","status":"publish","type":"page","link":"https:\/\/www.manaus.am.gov.br\/semef\/carf-m\/tribunal-pleno\/","title":{"rendered":"Tribunal Pleno"},"content":{"rendered":"                <div id=\"wpdmtree\"><\/div>       <link rel=\"stylesheet\" href=\"https:\/\/www.manaus.am.gov.br\/semef\/wp-content\/plugins\/wpdm-extended-shortcodes\/css\/jqueryFileTree.css\" \/>              <div id=\"tree69df03ca01043\"><\/div>    <script>        jQuery( function($) {                 var nw = 0;            $.getScript('https:\/\/www.manaus.am.gov.br\/semef\/wp-content\/plugins\/wpdm-extended-shortcodes\/js\/jqueryFileTree.js', function() {              $('#tree69df03ca01043').fileTree({                script: 'https:\/\/www.manaus.am.gov.br\/semef\/?task=wpdm_tree&params=aqZbgwleFUZSZT4Pf7ObAfXRD6zWgP9tNrW_hhfmrCX232ICHceykagi57WPv6gaoqR5KZFavy-hfdXOIEfi8PBQ3iEtW17tn5YLlGRtBEiP5BKal5JauNaJJ4WhLXSrP24mV45HVzASYYUnNf4gwbdHntw7haoPbJO3u1HaA253opKNPs135tppvJjJIPy2tjOfjyFV1oCoYl5vdqMExAvOJwCHehTx2VBZ0qxn4Y0',                 expandSpeed: 1000,                collapseSpeed: 1000,                root: '455',                multiFolder: false            }, function(file) {               if(nw === 1)                window.open(file);                else                location.href = file;                          });            });                    });    <\/script>    \n","protected":false},"excerpt":{"rendered":"","protected":false},"author":8,"featured_media":0,"parent":317,"menu_order":0,"comment_status":"closed","ping_status":"closed","template":"templates\/turismo.php","meta":{"footnotes":""},"acf":[],"yoast_head":"<!-- This site is optimized with the Yoast SEO plugin v23.0 - https:\/\/yoast.com\/wordpress\/plugins\/seo\/ -->\n<title>Tribunal Pleno - SEMEF<\/title>\n<meta name=\"robots\" content=\"index, follow, max-snippet:-1, max-image-preview:large, max-video-preview:-1\" \/>\n<link rel=\"canonical\" href=\"https:\/\/www.manaus.am.gov.br\/semef\/carf-m\/tribunal-pleno\/\" \/>\n<meta property=\"og:locale\" content=\"pt_BR\" \/>\n<meta property=\"og:type\" content=\"article\" \/>\n<meta property=\"og:title\" content=\"Tribunal Pleno - SEMEF\" \/>\n<meta property=\"og:url\" content=\"https:\/\/www.manaus.am.gov.br\/semef\/carf-m\/tribunal-pleno\/\" \/>\n<meta property=\"og:site_name\" content=\"SEMEF\" \/>\n<meta property=\"article:modified_time\" content=\"2025-02-11T18:34:11+00:00\" \/>\n<meta name=\"twitter:card\" content=\"summary_large_image\" \/>\n<meta name=\"twitter:label1\" content=\"Est. reading time\" \/>\n\t<meta name=\"twitter:data1\" content=\"1 minuto\" \/>\n<script type=\"application\/ld+json\" class=\"yoast-schema-graph\">{\"@context\":\"https:\/\/schema.org\",\"@graph\":[{\"@type\":\"WebPage\",\"@id\":\"https:\/\/www.manaus.am.gov.br\/semef\/carf-m\/tribunal-pleno\/\",\"url\":\"https:\/\/www.manaus.am.gov.br\/semef\/carf-m\/tribunal-pleno\/\",\"name\":\"Tribunal Pleno - SEMEF\",\"isPartOf\":{\"@id\":\"https:\/\/www.manaus.am.gov.br\/semef\/#website\"},\"datePublished\":\"2024-11-22T12:56:36+00:00\",\"dateModified\":\"2025-02-11T18:34:11+00:00\",\"breadcrumb\":{\"@id\":\"https:\/\/www.manaus.am.gov.br\/semef\/carf-m\/tribunal-pleno\/#breadcrumb\"},\"inLanguage\":\"pt-BR\",\"potentialAction\":[{\"@type\":\"ReadAction\",\"target\":[\"https:\/\/www.manaus.am.gov.br\/semef\/carf-m\/tribunal-pleno\/\"]}]},{\"@type\":\"BreadcrumbList\",\"@id\":\"https:\/\/www.manaus.am.gov.br\/semef\/carf-m\/tribunal-pleno\/#breadcrumb\",\"itemListElement\":[{\"@type\":\"ListItem\",\"position\":1,\"name\":\"CARF-M\",\"item\":\"https:\/\/www.manaus.am.gov.br\/semef\/carf-m\/\"},{\"@type\":\"ListItem\",\"position\":2,\"name\":\"Tribunal Pleno\"}]},{\"@type\":\"WebSite\",\"@id\":\"https:\/\/www.manaus.am.gov.br\/semef\/#website\",\"url\":\"https:\/\/www.manaus.am.gov.br\/semef\/\",\"name\":\"SEMEF\",\"description\":\"Secretaria Municipal de Finan\u00e7as e Tecnologia da Informa\u00e7\u00e3o\",\"potentialAction\":[{\"@type\":\"SearchAction\",\"target\":{\"@type\":\"EntryPoint\",\"urlTemplate\":\"https:\/\/www.manaus.am.gov.br\/semef\/?s={search_term_string}\"},\"query-input\":\"required name=search_term_string\"}],\"inLanguage\":\"pt-BR\"}]}<\/script>\n<!-- \/ Yoast SEO plugin. -->","yoast_head_json":{"title":"Tribunal Pleno - SEMEF","robots":{"index":"index","follow":"follow","max-snippet":"max-snippet:-1","max-image-preview":"max-image-preview:large","max-video-preview":"max-video-preview:-1"},"canonical":"https:\/\/www.manaus.am.gov.br\/semef\/carf-m\/tribunal-pleno\/","og_locale":"pt_BR","og_type":"article","og_title":"Tribunal Pleno - SEMEF","og_url":"https:\/\/www.manaus.am.gov.br\/semef\/carf-m\/tribunal-pleno\/","og_site_name":"SEMEF","article_modified_time":"2025-02-11T18:34:11+00:00","twitter_card":"summary_large_image","twitter_misc":{"Est. reading time":"1 minuto"},"schema":{"@context":"https:\/\/schema.org","@graph":[{"@type":"WebPage","@id":"https:\/\/www.manaus.am.gov.br\/semef\/carf-m\/tribunal-pleno\/","url":"https:\/\/www.manaus.am.gov.br\/semef\/carf-m\/tribunal-pleno\/","name":"Tribunal Pleno - SEMEF","isPartOf":{"@id":"https:\/\/www.manaus.am.gov.br\/semef\/#website"},"datePublished":"2024-11-22T12:56:36+00:00","dateModified":"2025-02-11T18:34:11+00:00","breadcrumb":{"@id":"https:\/\/www.manaus.am.gov.br\/semef\/carf-m\/tribunal-pleno\/#breadcrumb"},"inLanguage":"pt-BR","potentialAction":[{"@type":"ReadAction","target":["https:\/\/www.manaus.am.gov.br\/semef\/carf-m\/tribunal-pleno\/"]}]},{"@type":"BreadcrumbList","@id":"https:\/\/www.manaus.am.gov.br\/semef\/carf-m\/tribunal-pleno\/#breadcrumb","itemListElement":[{"@type":"ListItem","position":1,"name":"CARF-M","item":"https:\/\/www.manaus.am.gov.br\/semef\/carf-m\/"},{"@type":"ListItem","position":2,"name":"Tribunal Pleno"}]},{"@type":"WebSite","@id":"https:\/\/www.manaus.am.gov.br\/semef\/#website","url":"https:\/\/www.manaus.am.gov.br\/semef\/","name":"SEMEF","description":"Secretaria Municipal de Finan\u00e7as e Tecnologia da Informa\u00e7\u00e3o","potentialAction":[{"@type":"SearchAction","target":{"@type":"EntryPoint","urlTemplate":"https:\/\/www.manaus.am.gov.br\/semef\/?s={search_term_string}"},"query-input":"required name=search_term_string"}],"inLanguage":"pt-BR"}]}},"_links":{"self":[{"href":"https:\/\/www.manaus.am.gov.br\/semef\/wp-json\/wp\/v2\/pages\/3105"}],"collection":[{"href":"https:\/\/www.manaus.am.gov.br\/semef\/wp-json\/wp\/v2\/pages"}],"about":[{"href":"https:\/\/www.manaus.am.gov.br\/semef\/wp-json\/wp\/v2\/types\/page"}],"author":[{"embeddable":true,"href":"https:\/\/www.manaus.am.gov.br\/semef\/wp-json\/wp\/v2\/users\/8"}],"replies":[{"embeddable":true,"href":"https:\/\/www.manaus.am.gov.br\/semef\/wp-json\/wp\/v2\/comments?post=3105"}],"version-history":[{"count":3,"href":"https:\/\/www.manaus.am.gov.br\/semef\/wp-json\/wp\/v2\/pages\/3105\/revisions"}],"predecessor-version":[{"id":3758,"href":"https:\/\/www.manaus.am.gov.br\/semef\/wp-json\/wp\/v2\/pages\/3105\/revisions\/3758"}],"up":[{"embeddable":true,"href":"https:\/\/www.manaus.am.gov.br\/semef\/wp-json\/wp\/v2\/pages\/317"}],"wp:attachment":[{"href":"https:\/\/www.manaus.am.gov.br\/semef\/wp-json\/wp\/v2\/media?parent=3105"}],"curies":[{"name":"wp","href":"https:\/\/api.w.org\/{rel}","templated":true}]}}