{"id":2913,"date":"2024-11-18T09:57:50","date_gmt":"2024-11-18T13:57:50","guid":{"rendered":"https:\/\/www.manaus.am.gov.br\/semef\/?page_id=2913"},"modified":"2024-11-18T15:26:13","modified_gmt":"2024-11-18T19:26:13","slug":"acordaos-2021","status":"publish","type":"page","link":"https:\/\/www.manaus.am.gov.br\/semef\/carf-m\/primeira-camara\/acordaos-2021\/","title":{"rendered":"Ac\u00f3rd\u00e3os 2021"},"content":{"rendered":"                <div id=\"wpdmtree\"><\/div>       <link rel=\"stylesheet\" href=\"https:\/\/www.manaus.am.gov.br\/semef\/wp-content\/plugins\/wpdm-extended-shortcodes\/css\/jqueryFileTree.css\" \/>              <div id=\"tree69df52fccfecc\"><\/div>    <script>        jQuery( function($) {                 var nw = 0;            $.getScript('https:\/\/www.manaus.am.gov.br\/semef\/wp-content\/plugins\/wpdm-extended-shortcodes\/js\/jqueryFileTree.js', function() {              $('#tree69df52fccfecc').fileTree({                script: 'https:\/\/www.manaus.am.gov.br\/semef\/?task=wpdm_tree&params=esPl0SRQ-m_xGkrHn6l2ajFemEYlEJALYb5G_cprjCnLE4AAnasWai9Wntrccz_rrgmv3zWTfAjr9kI3Vm4AW53wvGMJIyxydS0-63N2MnQJ-_YkI_2tcU03OAGej35qFgQUGYXZlqk2mLiP1CxxoLYu00b9r2rLDG2BUWUET9VD9pNMsf-HOIbQeXnDdLMMgP11AkadMFYFcltkS4sLE1BiyOZ2tSatBCIikmO8hUo',                 expandSpeed: 1000,                collapseSpeed: 1000,                root: '\/',                multiFolder: false            }, function(file) {               if(nw === 1)                window.open(file);                else                location.href = file;                          });            });                    });    <\/script>    \n","protected":false},"excerpt":{"rendered":"","protected":false},"author":8,"featured_media":0,"parent":2904,"menu_order":0,"comment_status":"closed","ping_status":"closed","template":"templates\/turismo.php","meta":{"footnotes":""},"acf":[],"yoast_head":"<!-- This site is optimized with the Yoast SEO plugin v23.0 - https:\/\/yoast.com\/wordpress\/plugins\/seo\/ -->\n<title>Ac\u00f3rd\u00e3os 2021 - SEMEF<\/title>\n<meta name=\"robots\" content=\"index, follow, max-snippet:-1, max-image-preview:large, max-video-preview:-1\" \/>\n<link rel=\"canonical\" href=\"https:\/\/www.manaus.am.gov.br\/semef\/carf-m\/primeira-camara\/acordaos-2021\/\" \/>\n<meta property=\"og:locale\" content=\"pt_BR\" \/>\n<meta property=\"og:type\" content=\"article\" \/>\n<meta property=\"og:title\" content=\"Ac\u00f3rd\u00e3os 2021 - SEMEF\" \/>\n<meta property=\"og:url\" content=\"https:\/\/www.manaus.am.gov.br\/semef\/carf-m\/primeira-camara\/acordaos-2021\/\" \/>\n<meta property=\"og:site_name\" content=\"SEMEF\" \/>\n<meta property=\"article:modified_time\" content=\"2024-11-18T19:26:13+00:00\" \/>\n<meta name=\"twitter:card\" content=\"summary_large_image\" \/>\n<meta name=\"twitter:label1\" content=\"Est. reading time\" \/>\n\t<meta name=\"twitter:data1\" content=\"1 minuto\" \/>\n<script type=\"application\/ld+json\" class=\"yoast-schema-graph\">{\"@context\":\"https:\/\/schema.org\",\"@graph\":[{\"@type\":\"WebPage\",\"@id\":\"https:\/\/www.manaus.am.gov.br\/semef\/carf-m\/primeira-camara\/acordaos-2021\/\",\"url\":\"https:\/\/www.manaus.am.gov.br\/semef\/carf-m\/primeira-camara\/acordaos-2021\/\",\"name\":\"Ac\u00f3rd\u00e3os 2021 - SEMEF\",\"isPartOf\":{\"@id\":\"https:\/\/www.manaus.am.gov.br\/semef\/#website\"},\"datePublished\":\"2024-11-18T13:57:50+00:00\",\"dateModified\":\"2024-11-18T19:26:13+00:00\",\"breadcrumb\":{\"@id\":\"https:\/\/www.manaus.am.gov.br\/semef\/carf-m\/primeira-camara\/acordaos-2021\/#breadcrumb\"},\"inLanguage\":\"pt-BR\",\"potentialAction\":[{\"@type\":\"ReadAction\",\"target\":[\"https:\/\/www.manaus.am.gov.br\/semef\/carf-m\/primeira-camara\/acordaos-2021\/\"]}]},{\"@type\":\"BreadcrumbList\",\"@id\":\"https:\/\/www.manaus.am.gov.br\/semef\/carf-m\/primeira-camara\/acordaos-2021\/#breadcrumb\",\"itemListElement\":[{\"@type\":\"ListItem\",\"position\":1,\"name\":\"CARF-M\",\"item\":\"https:\/\/www.manaus.am.gov.br\/semef\/carf-m\/\"},{\"@type\":\"ListItem\",\"position\":2,\"name\":\"Primeira C\u00e2mara\",\"item\":\"https:\/\/www.manaus.am.gov.br\/semef\/carf-m\/primeira-camara\/\"},{\"@type\":\"ListItem\",\"position\":3,\"name\":\"Ac\u00f3rd\u00e3os 2021\"}]},{\"@type\":\"WebSite\",\"@id\":\"https:\/\/www.manaus.am.gov.br\/semef\/#website\",\"url\":\"https:\/\/www.manaus.am.gov.br\/semef\/\",\"name\":\"SEMEF\",\"description\":\"Secretaria Municipal de Finan\u00e7as e Tecnologia da Informa\u00e7\u00e3o\",\"potentialAction\":[{\"@type\":\"SearchAction\",\"target\":{\"@type\":\"EntryPoint\",\"urlTemplate\":\"https:\/\/www.manaus.am.gov.br\/semef\/?s={search_term_string}\"},\"query-input\":\"required name=search_term_string\"}],\"inLanguage\":\"pt-BR\"}]}<\/script>\n<!-- \/ Yoast SEO plugin. -->","yoast_head_json":{"title":"Ac\u00f3rd\u00e3os 2021 - SEMEF","robots":{"index":"index","follow":"follow","max-snippet":"max-snippet:-1","max-image-preview":"max-image-preview:large","max-video-preview":"max-video-preview:-1"},"canonical":"https:\/\/www.manaus.am.gov.br\/semef\/carf-m\/primeira-camara\/acordaos-2021\/","og_locale":"pt_BR","og_type":"article","og_title":"Ac\u00f3rd\u00e3os 2021 - SEMEF","og_url":"https:\/\/www.manaus.am.gov.br\/semef\/carf-m\/primeira-camara\/acordaos-2021\/","og_site_name":"SEMEF","article_modified_time":"2024-11-18T19:26:13+00:00","twitter_card":"summary_large_image","twitter_misc":{"Est. reading time":"1 minuto"},"schema":{"@context":"https:\/\/schema.org","@graph":[{"@type":"WebPage","@id":"https:\/\/www.manaus.am.gov.br\/semef\/carf-m\/primeira-camara\/acordaos-2021\/","url":"https:\/\/www.manaus.am.gov.br\/semef\/carf-m\/primeira-camara\/acordaos-2021\/","name":"Ac\u00f3rd\u00e3os 2021 - SEMEF","isPartOf":{"@id":"https:\/\/www.manaus.am.gov.br\/semef\/#website"},"datePublished":"2024-11-18T13:57:50+00:00","dateModified":"2024-11-18T19:26:13+00:00","breadcrumb":{"@id":"https:\/\/www.manaus.am.gov.br\/semef\/carf-m\/primeira-camara\/acordaos-2021\/#breadcrumb"},"inLanguage":"pt-BR","potentialAction":[{"@type":"ReadAction","target":["https:\/\/www.manaus.am.gov.br\/semef\/carf-m\/primeira-camara\/acordaos-2021\/"]}]},{"@type":"BreadcrumbList","@id":"https:\/\/www.manaus.am.gov.br\/semef\/carf-m\/primeira-camara\/acordaos-2021\/#breadcrumb","itemListElement":[{"@type":"ListItem","position":1,"name":"CARF-M","item":"https:\/\/www.manaus.am.gov.br\/semef\/carf-m\/"},{"@type":"ListItem","position":2,"name":"Primeira C\u00e2mara","item":"https:\/\/www.manaus.am.gov.br\/semef\/carf-m\/primeira-camara\/"},{"@type":"ListItem","position":3,"name":"Ac\u00f3rd\u00e3os 2021"}]},{"@type":"WebSite","@id":"https:\/\/www.manaus.am.gov.br\/semef\/#website","url":"https:\/\/www.manaus.am.gov.br\/semef\/","name":"SEMEF","description":"Secretaria Municipal de Finan\u00e7as e Tecnologia da Informa\u00e7\u00e3o","potentialAction":[{"@type":"SearchAction","target":{"@type":"EntryPoint","urlTemplate":"https:\/\/www.manaus.am.gov.br\/semef\/?s={search_term_string}"},"query-input":"required name=search_term_string"}],"inLanguage":"pt-BR"}]}},"_links":{"self":[{"href":"https:\/\/www.manaus.am.gov.br\/semef\/wp-json\/wp\/v2\/pages\/2913"}],"collection":[{"href":"https:\/\/www.manaus.am.gov.br\/semef\/wp-json\/wp\/v2\/pages"}],"about":[{"href":"https:\/\/www.manaus.am.gov.br\/semef\/wp-json\/wp\/v2\/types\/page"}],"author":[{"embeddable":true,"href":"https:\/\/www.manaus.am.gov.br\/semef\/wp-json\/wp\/v2\/users\/8"}],"replies":[{"embeddable":true,"href":"https:\/\/www.manaus.am.gov.br\/semef\/wp-json\/wp\/v2\/comments?post=2913"}],"version-history":[{"count":2,"href":"https:\/\/www.manaus.am.gov.br\/semef\/wp-json\/wp\/v2\/pages\/2913\/revisions"}],"predecessor-version":[{"id":3051,"href":"https:\/\/www.manaus.am.gov.br\/semef\/wp-json\/wp\/v2\/pages\/2913\/revisions\/3051"}],"up":[{"embeddable":true,"href":"https:\/\/www.manaus.am.gov.br\/semef\/wp-json\/wp\/v2\/pages\/2904"}],"wp:attachment":[{"href":"https:\/\/www.manaus.am.gov.br\/semef\/wp-json\/wp\/v2\/media?parent=2913"}],"curies":[{"name":"wp","href":"https:\/\/api.w.org\/{rel}","templated":true}]}}