{"id":2904,"date":"2024-11-18T09:55:10","date_gmt":"2024-11-18T13:55:10","guid":{"rendered":"https:\/\/www.manaus.am.gov.br\/semef\/?page_id=2904"},"modified":"2025-02-05T10:23:00","modified_gmt":"2025-02-05T14:23:00","slug":"primeira-camara","status":"publish","type":"page","link":"https:\/\/www.manaus.am.gov.br\/semef\/carf-m\/primeira-camara\/","title":{"rendered":"Primeira C\u00e2mara"},"content":{"rendered":"                <div id=\"wpdmtree\"><\/div>       <link rel=\"stylesheet\" href=\"https:\/\/www.manaus.am.gov.br\/semef\/wp-content\/plugins\/wpdm-extended-shortcodes\/css\/jqueryFileTree.css\" \/>              <div id=\"tree69df01d7c5af1\"><\/div>    <script>        jQuery( function($) {                 var nw = 0;            $.getScript('https:\/\/www.manaus.am.gov.br\/semef\/wp-content\/plugins\/wpdm-extended-shortcodes\/js\/jqueryFileTree.js', function() {              $('#tree69df01d7c5af1').fileTree({                script: 'https:\/\/www.manaus.am.gov.br\/semef\/?task=wpdm_tree&params=puPAwJCHuPKZunvlT-wztnxZzNPnMMazI51cKvtaGJc_qqMlrk1vgIUxEeUPOLBf2KRsq41aO7y2OGvKQObZdSDGBM40nR8veIUvUjmGyxsL6D2smYfMQXAcWq8bUVk9PM-3BXj0Z9Ml17ji4BO04fllN2kohOxO9DH2Ygw5wopEv88uOH3XB8npfuDa6WyREzEZYMjYYOUAthkjkVOqXbiffJnsdoYbhEg-d4eIuMI',                 expandSpeed: 1000,                collapseSpeed: 1000,                root: '443',                multiFolder: false            }, function(file) {               if(nw === 1)                window.open(file);                else                location.href = file;                          });            });                    });    <\/script>    \n","protected":false},"excerpt":{"rendered":"","protected":false},"author":8,"featured_media":0,"parent":317,"menu_order":0,"comment_status":"closed","ping_status":"closed","template":"templates\/turismo.php","meta":{"footnotes":""},"acf":[],"yoast_head":"<!-- This site is optimized with the Yoast SEO plugin v23.0 - https:\/\/yoast.com\/wordpress\/plugins\/seo\/ -->\n<title>Primeira C\u00e2mara - SEMEF<\/title>\n<meta name=\"robots\" content=\"index, follow, max-snippet:-1, max-image-preview:large, max-video-preview:-1\" \/>\n<link rel=\"canonical\" href=\"https:\/\/www.manaus.am.gov.br\/semef\/carf-m\/primeira-camara\/\" \/>\n<meta property=\"og:locale\" content=\"pt_BR\" \/>\n<meta property=\"og:type\" content=\"article\" \/>\n<meta property=\"og:title\" content=\"Primeira C\u00e2mara - SEMEF\" \/>\n<meta property=\"og:url\" content=\"https:\/\/www.manaus.am.gov.br\/semef\/carf-m\/primeira-camara\/\" \/>\n<meta property=\"og:site_name\" content=\"SEMEF\" \/>\n<meta property=\"article:modified_time\" content=\"2025-02-05T14:23:00+00:00\" \/>\n<meta name=\"twitter:card\" content=\"summary_large_image\" \/>\n<meta name=\"twitter:label1\" content=\"Est. reading time\" \/>\n\t<meta name=\"twitter:data1\" content=\"1 minuto\" \/>\n<script type=\"application\/ld+json\" class=\"yoast-schema-graph\">{\"@context\":\"https:\/\/schema.org\",\"@graph\":[{\"@type\":\"WebPage\",\"@id\":\"https:\/\/www.manaus.am.gov.br\/semef\/carf-m\/primeira-camara\/\",\"url\":\"https:\/\/www.manaus.am.gov.br\/semef\/carf-m\/primeira-camara\/\",\"name\":\"Primeira C\u00e2mara - SEMEF\",\"isPartOf\":{\"@id\":\"https:\/\/www.manaus.am.gov.br\/semef\/#website\"},\"datePublished\":\"2024-11-18T13:55:10+00:00\",\"dateModified\":\"2025-02-05T14:23:00+00:00\",\"breadcrumb\":{\"@id\":\"https:\/\/www.manaus.am.gov.br\/semef\/carf-m\/primeira-camara\/#breadcrumb\"},\"inLanguage\":\"pt-BR\",\"potentialAction\":[{\"@type\":\"ReadAction\",\"target\":[\"https:\/\/www.manaus.am.gov.br\/semef\/carf-m\/primeira-camara\/\"]}]},{\"@type\":\"BreadcrumbList\",\"@id\":\"https:\/\/www.manaus.am.gov.br\/semef\/carf-m\/primeira-camara\/#breadcrumb\",\"itemListElement\":[{\"@type\":\"ListItem\",\"position\":1,\"name\":\"CARF-M\",\"item\":\"https:\/\/www.manaus.am.gov.br\/semef\/carf-m\/\"},{\"@type\":\"ListItem\",\"position\":2,\"name\":\"Primeira C\u00e2mara\"}]},{\"@type\":\"WebSite\",\"@id\":\"https:\/\/www.manaus.am.gov.br\/semef\/#website\",\"url\":\"https:\/\/www.manaus.am.gov.br\/semef\/\",\"name\":\"SEMEF\",\"description\":\"Secretaria Municipal de Finan\u00e7as e Tecnologia da Informa\u00e7\u00e3o\",\"potentialAction\":[{\"@type\":\"SearchAction\",\"target\":{\"@type\":\"EntryPoint\",\"urlTemplate\":\"https:\/\/www.manaus.am.gov.br\/semef\/?s={search_term_string}\"},\"query-input\":\"required name=search_term_string\"}],\"inLanguage\":\"pt-BR\"}]}<\/script>\n<!-- \/ Yoast SEO plugin. -->","yoast_head_json":{"title":"Primeira C\u00e2mara - SEMEF","robots":{"index":"index","follow":"follow","max-snippet":"max-snippet:-1","max-image-preview":"max-image-preview:large","max-video-preview":"max-video-preview:-1"},"canonical":"https:\/\/www.manaus.am.gov.br\/semef\/carf-m\/primeira-camara\/","og_locale":"pt_BR","og_type":"article","og_title":"Primeira C\u00e2mara - SEMEF","og_url":"https:\/\/www.manaus.am.gov.br\/semef\/carf-m\/primeira-camara\/","og_site_name":"SEMEF","article_modified_time":"2025-02-05T14:23:00+00:00","twitter_card":"summary_large_image","twitter_misc":{"Est. reading time":"1 minuto"},"schema":{"@context":"https:\/\/schema.org","@graph":[{"@type":"WebPage","@id":"https:\/\/www.manaus.am.gov.br\/semef\/carf-m\/primeira-camara\/","url":"https:\/\/www.manaus.am.gov.br\/semef\/carf-m\/primeira-camara\/","name":"Primeira C\u00e2mara - SEMEF","isPartOf":{"@id":"https:\/\/www.manaus.am.gov.br\/semef\/#website"},"datePublished":"2024-11-18T13:55:10+00:00","dateModified":"2025-02-05T14:23:00+00:00","breadcrumb":{"@id":"https:\/\/www.manaus.am.gov.br\/semef\/carf-m\/primeira-camara\/#breadcrumb"},"inLanguage":"pt-BR","potentialAction":[{"@type":"ReadAction","target":["https:\/\/www.manaus.am.gov.br\/semef\/carf-m\/primeira-camara\/"]}]},{"@type":"BreadcrumbList","@id":"https:\/\/www.manaus.am.gov.br\/semef\/carf-m\/primeira-camara\/#breadcrumb","itemListElement":[{"@type":"ListItem","position":1,"name":"CARF-M","item":"https:\/\/www.manaus.am.gov.br\/semef\/carf-m\/"},{"@type":"ListItem","position":2,"name":"Primeira C\u00e2mara"}]},{"@type":"WebSite","@id":"https:\/\/www.manaus.am.gov.br\/semef\/#website","url":"https:\/\/www.manaus.am.gov.br\/semef\/","name":"SEMEF","description":"Secretaria Municipal de Finan\u00e7as e Tecnologia da Informa\u00e7\u00e3o","potentialAction":[{"@type":"SearchAction","target":{"@type":"EntryPoint","urlTemplate":"https:\/\/www.manaus.am.gov.br\/semef\/?s={search_term_string}"},"query-input":"required name=search_term_string"}],"inLanguage":"pt-BR"}]}},"_links":{"self":[{"href":"https:\/\/www.manaus.am.gov.br\/semef\/wp-json\/wp\/v2\/pages\/2904"}],"collection":[{"href":"https:\/\/www.manaus.am.gov.br\/semef\/wp-json\/wp\/v2\/pages"}],"about":[{"href":"https:\/\/www.manaus.am.gov.br\/semef\/wp-json\/wp\/v2\/types\/page"}],"author":[{"embeddable":true,"href":"https:\/\/www.manaus.am.gov.br\/semef\/wp-json\/wp\/v2\/users\/8"}],"replies":[{"embeddable":true,"href":"https:\/\/www.manaus.am.gov.br\/semef\/wp-json\/wp\/v2\/comments?post=2904"}],"version-history":[{"count":31,"href":"https:\/\/www.manaus.am.gov.br\/semef\/wp-json\/wp\/v2\/pages\/2904\/revisions"}],"predecessor-version":[{"id":3745,"href":"https:\/\/www.manaus.am.gov.br\/semef\/wp-json\/wp\/v2\/pages\/2904\/revisions\/3745"}],"up":[{"embeddable":true,"href":"https:\/\/www.manaus.am.gov.br\/semef\/wp-json\/wp\/v2\/pages\/317"}],"wp:attachment":[{"href":"https:\/\/www.manaus.am.gov.br\/semef\/wp-json\/wp\/v2\/media?parent=2904"}],"curies":[{"name":"wp","href":"https:\/\/api.w.org\/{rel}","templated":true}]}}