{"id":285,"date":"2022-12-23T16:58:15","date_gmt":"2022-12-23T20:58:15","guid":{"rendered":"https:\/\/www.manaus.am.gov.br\/semef\/?page_id=285"},"modified":"2023-01-24T01:03:27","modified_gmt":"2023-01-24T05:03:27","slug":"legislacao-tesouro","status":"publish","type":"page","link":"https:\/\/www.manaus.am.gov.br\/semef\/tesouro\/legislacao-tesouro\/","title":{"rendered":"Legisla\u00e7\u00e3o"},"content":{"rendered":"\n<p><a href=\"http:\/\/www.planalto.gov.br\/ccivil\/leis\/L9478.htm\" target=\"_blank\" rel=\"noreferrer noopener\">Legisla\u00e7\u00e3o sobre Royalities<\/a><\/p>\n\n\n\n<p><a href=\"http:\/\/www.sefaz.am.gov.br\/areas\/opcaosistemas\/silt\/normas\/legisla%E7%E3o%20estadual\/decreto%20estadual\/Ano%201999\/Arquivo\/DE_20686_99.htm\" target=\"_blank\" rel=\"noreferrer noopener\">Legisla\u00e7\u00e3o sobre IPI<\/a><\/p>\n\n\n\n<p><a href=\"http:\/\/www.sefaz.am.gov.br\/areas\/opcaosistemas\/silt\/normas\/legisla%E7%E3o%20estadual\/decreto%20estadual\/Ano%202006\/Arquivo\/DE_26428_06.htm\" target=\"_blank\" rel=\"noreferrer noopener\">Legisla\u00e7\u00e3o sobre ICMS<\/a><\/p>\n\n\n\n<p><a href=\"http:\/\/www.sefaz.am.gov.br\/areas\/opcaosistemas\/silt\/normas\/legisla%E7%E3o%20estadual\/decreto%20estadual\/Ano%202006\/Arquivo\/DE_26428_06.htm\" target=\"_blank\" rel=\"noreferrer noopener\">Legisla\u00e7\u00e3o sobre Repasse de IPVA para o Munic\u00edpio<\/a><\/p>\n","protected":false},"excerpt":{"rendered":"","protected":false},"author":27,"featured_media":0,"parent":275,"menu_order":0,"comment_status":"closed","ping_status":"closed","template":"templates\/turismo.php","meta":{"footnotes":""},"acf":[],"yoast_head":"<!-- This site is optimized with the Yoast SEO plugin v23.0 - https:\/\/yoast.com\/wordpress\/plugins\/seo\/ -->\n<title>Legisla\u00e7\u00e3o - SEMEF<\/title>\n<meta name=\"robots\" content=\"index, follow, max-snippet:-1, max-image-preview:large, max-video-preview:-1\" \/>\n<link rel=\"canonical\" href=\"https:\/\/www.manaus.am.gov.br\/semef\/tesouro\/legislacao-tesouro\/\" \/>\n<meta property=\"og:locale\" content=\"pt_BR\" \/>\n<meta property=\"og:type\" content=\"article\" \/>\n<meta property=\"og:title\" content=\"Legisla\u00e7\u00e3o - SEMEF\" \/>\n<meta property=\"og:url\" content=\"https:\/\/www.manaus.am.gov.br\/semef\/tesouro\/legislacao-tesouro\/\" \/>\n<meta property=\"og:site_name\" content=\"SEMEF\" \/>\n<meta property=\"article:modified_time\" content=\"2023-01-24T05:03:27+00:00\" \/>\n<meta name=\"twitter:card\" content=\"summary_large_image\" \/>\n<meta name=\"twitter:label1\" content=\"Est. reading time\" \/>\n\t<meta name=\"twitter:data1\" content=\"1 minuto\" \/>\n<script type=\"application\/ld+json\" class=\"yoast-schema-graph\">{\"@context\":\"https:\/\/schema.org\",\"@graph\":[{\"@type\":\"WebPage\",\"@id\":\"https:\/\/www.manaus.am.gov.br\/semef\/tesouro\/legislacao-tesouro\/\",\"url\":\"https:\/\/www.manaus.am.gov.br\/semef\/tesouro\/legislacao-tesouro\/\",\"name\":\"Legisla\u00e7\u00e3o - SEMEF\",\"isPartOf\":{\"@id\":\"https:\/\/www.manaus.am.gov.br\/semef\/#website\"},\"datePublished\":\"2022-12-23T20:58:15+00:00\",\"dateModified\":\"2023-01-24T05:03:27+00:00\",\"breadcrumb\":{\"@id\":\"https:\/\/www.manaus.am.gov.br\/semef\/tesouro\/legislacao-tesouro\/#breadcrumb\"},\"inLanguage\":\"pt-BR\",\"potentialAction\":[{\"@type\":\"ReadAction\",\"target\":[\"https:\/\/www.manaus.am.gov.br\/semef\/tesouro\/legislacao-tesouro\/\"]}]},{\"@type\":\"BreadcrumbList\",\"@id\":\"https:\/\/www.manaus.am.gov.br\/semef\/tesouro\/legislacao-tesouro\/#breadcrumb\",\"itemListElement\":[{\"@type\":\"ListItem\",\"position\":1,\"name\":\"Tesouro\",\"item\":\"https:\/\/www.manaus.am.gov.br\/semef\/tesouro\/\"},{\"@type\":\"ListItem\",\"position\":2,\"name\":\"Legisla\u00e7\u00e3o\"}]},{\"@type\":\"WebSite\",\"@id\":\"https:\/\/www.manaus.am.gov.br\/semef\/#website\",\"url\":\"https:\/\/www.manaus.am.gov.br\/semef\/\",\"name\":\"SEMEF\",\"description\":\"Secretaria Municipal de Finan\u00e7as e Tecnologia da Informa\u00e7\u00e3o\",\"potentialAction\":[{\"@type\":\"SearchAction\",\"target\":{\"@type\":\"EntryPoint\",\"urlTemplate\":\"https:\/\/www.manaus.am.gov.br\/semef\/?s={search_term_string}\"},\"query-input\":\"required name=search_term_string\"}],\"inLanguage\":\"pt-BR\"}]}<\/script>\n<!-- \/ Yoast SEO plugin. -->","yoast_head_json":{"title":"Legisla\u00e7\u00e3o - SEMEF","robots":{"index":"index","follow":"follow","max-snippet":"max-snippet:-1","max-image-preview":"max-image-preview:large","max-video-preview":"max-video-preview:-1"},"canonical":"https:\/\/www.manaus.am.gov.br\/semef\/tesouro\/legislacao-tesouro\/","og_locale":"pt_BR","og_type":"article","og_title":"Legisla\u00e7\u00e3o - SEMEF","og_url":"https:\/\/www.manaus.am.gov.br\/semef\/tesouro\/legislacao-tesouro\/","og_site_name":"SEMEF","article_modified_time":"2023-01-24T05:03:27+00:00","twitter_card":"summary_large_image","twitter_misc":{"Est. reading time":"1 minuto"},"schema":{"@context":"https:\/\/schema.org","@graph":[{"@type":"WebPage","@id":"https:\/\/www.manaus.am.gov.br\/semef\/tesouro\/legislacao-tesouro\/","url":"https:\/\/www.manaus.am.gov.br\/semef\/tesouro\/legislacao-tesouro\/","name":"Legisla\u00e7\u00e3o - SEMEF","isPartOf":{"@id":"https:\/\/www.manaus.am.gov.br\/semef\/#website"},"datePublished":"2022-12-23T20:58:15+00:00","dateModified":"2023-01-24T05:03:27+00:00","breadcrumb":{"@id":"https:\/\/www.manaus.am.gov.br\/semef\/tesouro\/legislacao-tesouro\/#breadcrumb"},"inLanguage":"pt-BR","potentialAction":[{"@type":"ReadAction","target":["https:\/\/www.manaus.am.gov.br\/semef\/tesouro\/legislacao-tesouro\/"]}]},{"@type":"BreadcrumbList","@id":"https:\/\/www.manaus.am.gov.br\/semef\/tesouro\/legislacao-tesouro\/#breadcrumb","itemListElement":[{"@type":"ListItem","position":1,"name":"Tesouro","item":"https:\/\/www.manaus.am.gov.br\/semef\/tesouro\/"},{"@type":"ListItem","position":2,"name":"Legisla\u00e7\u00e3o"}]},{"@type":"WebSite","@id":"https:\/\/www.manaus.am.gov.br\/semef\/#website","url":"https:\/\/www.manaus.am.gov.br\/semef\/","name":"SEMEF","description":"Secretaria Municipal de Finan\u00e7as e Tecnologia da Informa\u00e7\u00e3o","potentialAction":[{"@type":"SearchAction","target":{"@type":"EntryPoint","urlTemplate":"https:\/\/www.manaus.am.gov.br\/semef\/?s={search_term_string}"},"query-input":"required name=search_term_string"}],"inLanguage":"pt-BR"}]}},"_links":{"self":[{"href":"https:\/\/www.manaus.am.gov.br\/semef\/wp-json\/wp\/v2\/pages\/285"}],"collection":[{"href":"https:\/\/www.manaus.am.gov.br\/semef\/wp-json\/wp\/v2\/pages"}],"about":[{"href":"https:\/\/www.manaus.am.gov.br\/semef\/wp-json\/wp\/v2\/types\/page"}],"author":[{"embeddable":true,"href":"https:\/\/www.manaus.am.gov.br\/semef\/wp-json\/wp\/v2\/users\/27"}],"replies":[{"embeddable":true,"href":"https:\/\/www.manaus.am.gov.br\/semef\/wp-json\/wp\/v2\/comments?post=285"}],"version-history":[{"count":8,"href":"https:\/\/www.manaus.am.gov.br\/semef\/wp-json\/wp\/v2\/pages\/285\/revisions"}],"predecessor-version":[{"id":620,"href":"https:\/\/www.manaus.am.gov.br\/semef\/wp-json\/wp\/v2\/pages\/285\/revisions\/620"}],"up":[{"embeddable":true,"href":"https:\/\/www.manaus.am.gov.br\/semef\/wp-json\/wp\/v2\/pages\/275"}],"wp:attachment":[{"href":"https:\/\/www.manaus.am.gov.br\/semef\/wp-json\/wp\/v2\/media?parent=285"}],"curies":[{"name":"wp","href":"https:\/\/api.w.org\/{rel}","templated":true}]}}