{"id":278,"date":"2022-12-23T16:55:22","date_gmt":"2022-12-23T20:55:22","guid":{"rendered":"https:\/\/www.manaus.am.gov.br\/semef\/?page_id=278"},"modified":"2022-12-28T09:24:48","modified_gmt":"2022-12-28T13:24:48","slug":"estrutura-administrativa-tesouro","status":"publish","type":"page","link":"https:\/\/www.manaus.am.gov.br\/semef\/tesouro\/estrutura-administrativa-tesouro\/","title":{"rendered":"Estrutura Administrativa"},"content":{"rendered":"\n<p>Sua estrutura administrativa \u00e9 formada a partir dos Departamentos <a href=\"https:\/\/www.manaus.am.gov.br\/semef\/sobre-o-defin\/\"><strong>FINANCEIRO (DEFIN)<\/strong><\/a>, CONT\u00c1BIL (DECON) e Encargos Gerais, D\u00edvida e Haveres \u2013 DEGEP, al\u00e9m de suas respectivas divis\u00f5es e ger\u00eancias.<\/p>\n\n\n\n<h2 class=\"wp-block-heading\">Equipe de trabalho:<\/h2>\n\n\n\n<h3 class=\"wp-block-heading\">Subsecret\u00e1ria Municipal do Tesouro<\/h3>\n\n\n\n<p>Rosanira Bandeira Maia<br>Fone: (92) 3625-5940<\/p>\n\n\n\n<p><strong>Diretor do Departamento Financeiro<\/strong><br>Roni Braz da Silva<br>Fone: (92) 3625-6503<\/p>\n\n\n\n<p><strong>Diretor da Divis\u00e3o de Pagamento<\/strong><br>Fulano de Tal, Diretor<br>E-mail: @pmm.am.gov.br<br>Fone: (92) 3625-<\/p>\n\n\n\n<p><strong>Ger\u00eancia de Acompanhamento e An\u00e1lise de Pagamento<\/strong><br>Fulano de Tal, Diretor<br>E-mail: @pmm.am.gov.br<br>Fone: (92) 3625-<\/p>\n\n\n\n<p><strong>Divis\u00e3o de Controle Financeiro<\/strong><br>Fulano de Tal, Diretor<br>E-mail: @pmm.am.gov.br<br>Fone: (92) 3625-<\/p>\n\n\n\n<p><strong>Ger\u00eancia das Disponibilidades<\/strong><br>Fulano de Tal, Diretor<br>E-mail: @pmm.am.gov.br<br>Fone: (92) 3625-<\/p>\n\n\n\n<p><strong>Departamento Cont\u00e1bil<\/strong><br>Suani Alves dos Santos, Diretora<br>Fone: (92) 3625-6973<\/p>\n\n\n\n<p><strong>Divis\u00e3o de Apoio T\u00e9cnico Cont\u00e1bil<\/strong><br>Marlucy Vieira Freire, Diretora<br>Fone: (92) 3625-7879<\/p>\n\n\n\n<p><strong>Ger\u00eancia de Elabora\u00e7\u00e3o e An\u00e1lise de Balan\u00e7os<\/strong><br>Fulano de Tal, Diretor<br>E-mail: @pmm.am.gov.br<br>Fone: (92) 3625-<\/p>\n\n\n\n<p><strong>Ger\u00eancia de Apoio e Controle das Contas P\u00fablicas<\/strong><br>Rubens Dantas Ribeiro<br>Fone: (92) 3625-7879<\/p>\n\n\n\n<p><strong>Divis\u00e3o de Orienta\u00e7\u00e3o e Escritura\u00e7\u00e3o Cont\u00e1bil<\/strong><br>Mariolinda Garcia dos Santos, Diretora<br>Fone: (92) 3625-7846<\/p>\n\n\n\n<p><strong>Ger\u00eancia de Concilia\u00e7\u00e3o da Receita<\/strong><br>Fulano de Tal, Diretor<br>E-mail: @pmm.am.gov.br<br>Fone: (92) 3625-<\/p>\n\n\n\n<p><strong>Divis\u00e3o de Inspetoria Setorial de Finan\u00e7as<\/strong><br>Fulano de Tal, Diretor<br>E-mail: @pmm.am.gov.br<br>Fone: (92) 3625-<\/p>\n\n\n\n<p><strong>Diretor do Departamento de Encargos Gerais, D\u00edvida P\u00fablica e Haveres<\/strong><br>Jovan Sousa TavaresDiretor<br>Fone: (92)3625-7065<\/p>\n\n\n\n<p><strong>Divis\u00e3o de Encargos Gerais<\/strong><br>Fulano de Tal, Diretor<br>E-mail: @pmm.am.gov.br<br>Fone: (92) 3625-<\/p>\n\n\n\n<p><strong>Divis\u00e3o de D\u00edvida P\u00fablica<\/strong><br>Fulano de Tal, Diretor<br>E-mail: @pmm.am.gov.br<br>Fone: (92) 3625-<\/p>\n","protected":false},"excerpt":{"rendered":"","protected":false},"author":27,"featured_media":0,"parent":275,"menu_order":1,"comment_status":"closed","ping_status":"closed","template":"templates\/turismo.php","meta":{"footnotes":""},"acf":[],"yoast_head":"<!-- This site is optimized with the Yoast SEO plugin v23.0 - https:\/\/yoast.com\/wordpress\/plugins\/seo\/ -->\n<title>Estrutura Administrativa - SEMEF<\/title>\n<meta name=\"robots\" content=\"index, follow, max-snippet:-1, max-image-preview:large, max-video-preview:-1\" \/>\n<link rel=\"canonical\" href=\"https:\/\/www.manaus.am.gov.br\/semef\/tesouro\/estrutura-administrativa-tesouro\/\" \/>\n<meta property=\"og:locale\" content=\"pt_BR\" \/>\n<meta property=\"og:type\" content=\"article\" \/>\n<meta property=\"og:title\" content=\"Estrutura Administrativa - SEMEF\" \/>\n<meta property=\"og:url\" content=\"https:\/\/www.manaus.am.gov.br\/semef\/tesouro\/estrutura-administrativa-tesouro\/\" \/>\n<meta property=\"og:site_name\" content=\"SEMEF\" \/>\n<meta property=\"article:modified_time\" content=\"2022-12-28T13:24:48+00:00\" \/>\n<meta name=\"twitter:card\" content=\"summary_large_image\" \/>\n<meta name=\"twitter:label1\" content=\"Est. reading time\" \/>\n\t<meta name=\"twitter:data1\" content=\"2 minutos\" \/>\n<script type=\"application\/ld+json\" class=\"yoast-schema-graph\">{\"@context\":\"https:\/\/schema.org\",\"@graph\":[{\"@type\":\"WebPage\",\"@id\":\"https:\/\/www.manaus.am.gov.br\/semef\/tesouro\/estrutura-administrativa-tesouro\/\",\"url\":\"https:\/\/www.manaus.am.gov.br\/semef\/tesouro\/estrutura-administrativa-tesouro\/\",\"name\":\"Estrutura Administrativa - SEMEF\",\"isPartOf\":{\"@id\":\"https:\/\/www.manaus.am.gov.br\/semef\/#website\"},\"datePublished\":\"2022-12-23T20:55:22+00:00\",\"dateModified\":\"2022-12-28T13:24:48+00:00\",\"breadcrumb\":{\"@id\":\"https:\/\/www.manaus.am.gov.br\/semef\/tesouro\/estrutura-administrativa-tesouro\/#breadcrumb\"},\"inLanguage\":\"pt-BR\",\"potentialAction\":[{\"@type\":\"ReadAction\",\"target\":[\"https:\/\/www.manaus.am.gov.br\/semef\/tesouro\/estrutura-administrativa-tesouro\/\"]}]},{\"@type\":\"BreadcrumbList\",\"@id\":\"https:\/\/www.manaus.am.gov.br\/semef\/tesouro\/estrutura-administrativa-tesouro\/#breadcrumb\",\"itemListElement\":[{\"@type\":\"ListItem\",\"position\":1,\"name\":\"Tesouro\",\"item\":\"https:\/\/www.manaus.am.gov.br\/semef\/tesouro\/\"},{\"@type\":\"ListItem\",\"position\":2,\"name\":\"Estrutura Administrativa\"}]},{\"@type\":\"WebSite\",\"@id\":\"https:\/\/www.manaus.am.gov.br\/semef\/#website\",\"url\":\"https:\/\/www.manaus.am.gov.br\/semef\/\",\"name\":\"SEMEF\",\"description\":\"Secretaria Municipal de Finan\u00e7as e Tecnologia da Informa\u00e7\u00e3o\",\"potentialAction\":[{\"@type\":\"SearchAction\",\"target\":{\"@type\":\"EntryPoint\",\"urlTemplate\":\"https:\/\/www.manaus.am.gov.br\/semef\/?s={search_term_string}\"},\"query-input\":\"required name=search_term_string\"}],\"inLanguage\":\"pt-BR\"}]}<\/script>\n<!-- \/ Yoast SEO plugin. -->","yoast_head_json":{"title":"Estrutura Administrativa - SEMEF","robots":{"index":"index","follow":"follow","max-snippet":"max-snippet:-1","max-image-preview":"max-image-preview:large","max-video-preview":"max-video-preview:-1"},"canonical":"https:\/\/www.manaus.am.gov.br\/semef\/tesouro\/estrutura-administrativa-tesouro\/","og_locale":"pt_BR","og_type":"article","og_title":"Estrutura Administrativa - SEMEF","og_url":"https:\/\/www.manaus.am.gov.br\/semef\/tesouro\/estrutura-administrativa-tesouro\/","og_site_name":"SEMEF","article_modified_time":"2022-12-28T13:24:48+00:00","twitter_card":"summary_large_image","twitter_misc":{"Est. reading time":"2 minutos"},"schema":{"@context":"https:\/\/schema.org","@graph":[{"@type":"WebPage","@id":"https:\/\/www.manaus.am.gov.br\/semef\/tesouro\/estrutura-administrativa-tesouro\/","url":"https:\/\/www.manaus.am.gov.br\/semef\/tesouro\/estrutura-administrativa-tesouro\/","name":"Estrutura Administrativa - SEMEF","isPartOf":{"@id":"https:\/\/www.manaus.am.gov.br\/semef\/#website"},"datePublished":"2022-12-23T20:55:22+00:00","dateModified":"2022-12-28T13:24:48+00:00","breadcrumb":{"@id":"https:\/\/www.manaus.am.gov.br\/semef\/tesouro\/estrutura-administrativa-tesouro\/#breadcrumb"},"inLanguage":"pt-BR","potentialAction":[{"@type":"ReadAction","target":["https:\/\/www.manaus.am.gov.br\/semef\/tesouro\/estrutura-administrativa-tesouro\/"]}]},{"@type":"BreadcrumbList","@id":"https:\/\/www.manaus.am.gov.br\/semef\/tesouro\/estrutura-administrativa-tesouro\/#breadcrumb","itemListElement":[{"@type":"ListItem","position":1,"name":"Tesouro","item":"https:\/\/www.manaus.am.gov.br\/semef\/tesouro\/"},{"@type":"ListItem","position":2,"name":"Estrutura Administrativa"}]},{"@type":"WebSite","@id":"https:\/\/www.manaus.am.gov.br\/semef\/#website","url":"https:\/\/www.manaus.am.gov.br\/semef\/","name":"SEMEF","description":"Secretaria Municipal de Finan\u00e7as e Tecnologia da Informa\u00e7\u00e3o","potentialAction":[{"@type":"SearchAction","target":{"@type":"EntryPoint","urlTemplate":"https:\/\/www.manaus.am.gov.br\/semef\/?s={search_term_string}"},"query-input":"required name=search_term_string"}],"inLanguage":"pt-BR"}]}},"_links":{"self":[{"href":"https:\/\/www.manaus.am.gov.br\/semef\/wp-json\/wp\/v2\/pages\/278"}],"collection":[{"href":"https:\/\/www.manaus.am.gov.br\/semef\/wp-json\/wp\/v2\/pages"}],"about":[{"href":"https:\/\/www.manaus.am.gov.br\/semef\/wp-json\/wp\/v2\/types\/page"}],"author":[{"embeddable":true,"href":"https:\/\/www.manaus.am.gov.br\/semef\/wp-json\/wp\/v2\/users\/27"}],"replies":[{"embeddable":true,"href":"https:\/\/www.manaus.am.gov.br\/semef\/wp-json\/wp\/v2\/comments?post=278"}],"version-history":[{"count":8,"href":"https:\/\/www.manaus.am.gov.br\/semef\/wp-json\/wp\/v2\/pages\/278\/revisions"}],"predecessor-version":[{"id":485,"href":"https:\/\/www.manaus.am.gov.br\/semef\/wp-json\/wp\/v2\/pages\/278\/revisions\/485"}],"up":[{"embeddable":true,"href":"https:\/\/www.manaus.am.gov.br\/semef\/wp-json\/wp\/v2\/pages\/275"}],"wp:attachment":[{"href":"https:\/\/www.manaus.am.gov.br\/semef\/wp-json\/wp\/v2\/media?parent=278"}],"curies":[{"name":"wp","href":"https:\/\/api.w.org\/{rel}","templated":true}]}}