{"id":275,"date":"2022-12-23T16:53:05","date_gmt":"2022-12-23T20:53:05","guid":{"rendered":"https:\/\/www.manaus.am.gov.br\/semef\/?page_id=275"},"modified":"2022-12-23T16:53:05","modified_gmt":"2022-12-23T20:53:05","slug":"tesouro","status":"publish","type":"page","link":"https:\/\/www.manaus.am.gov.br\/semef\/tesouro\/","title":{"rendered":"Tesouro"},"content":{"rendered":"\n<h2 class=\"wp-block-heading\">\u00c0 Subsecretaria do Tesouro compete:<\/h2>\n\n\n\n<p>Aprovar e executar a\u00e7\u00f5es que visem a otimiza\u00e7\u00e3o das despesas no \u00e2mbito do Poder Executivo, com a proposi\u00e7\u00e3o de medidas de controle dos gastos;<\/p>\n\n\n\n<p>Editar normas sobre a programa\u00e7\u00e3o e a execu\u00e7\u00e3o financeiras, assim como promover o acompanhamento, a sistematiza\u00e7\u00e3o e a padroniza\u00e7\u00e3o da execu\u00e7\u00e3o da despesa p\u00fablica, bem como coordenar os sistemas de administra\u00e7\u00e3o financeira e cont\u00e1bil do munic\u00edpio;<\/p>\n\n\n\n<p>Desenvolver estudos, pesquisas e projetos em mat\u00e9ria fiscal, em particular, sobre gastos p\u00fablicos, al\u00e9m de estabelecer diretrizes gerais e espec\u00edficas, objetivando o aprimoramento da gest\u00e3o financeira do Poder Executivo;<\/p>\n\n\n\n<p>Supervisionar a programa\u00e7\u00e3o financeira dos recursos do Tesouro e as atividades correlatas da administra\u00e7\u00e3o financeira e cont\u00e1bil do munic\u00edpio;<\/p>\n\n\n\n<p>Estabelecer medidas para a unifica\u00e7\u00e3o de procedimentos das atividades de natureza financeira e cont\u00e1bil executadas pelo Poder Executivo;<\/p>\n\n\n\n<p>Zelar pelo equil\u00edbrio financeiro do Tesouro;<\/p>\n\n\n\n<p>Administrar as d\u00edvidas p\u00fablicas mobili\u00e1rias e contratual, interna e externa, de responsabilidade direta ou indireta do Tesouro;<\/p>\n\n\n\n<p>Gerir os fundos e os programas oficiais que estejam sob responsabilidade do Tesouro, avaliando e acompanhando os eventuais riscos fiscais;<\/p>\n\n\n\n<p>Implementar as a\u00e7\u00f5es necess\u00e1rias \u00e0 regulariza\u00e7\u00e3o de obriga\u00e7\u00f5es financeiras do munic\u00edpio, inclusive, daquelas assumidas em decorr\u00eancia de lei;<\/p>\n\n\n\n<p>Elaborar cen\u00e1rios de m\u00e9dio e longo prazo das finan\u00e7as p\u00fablicas, com vistas \u00e0 defini\u00e7\u00e3o de diretrizes de pol\u00edtica fiscal que orientem a formula\u00e7\u00e3o da programa\u00e7\u00e3o financeira do Tesouro e a identifica\u00e7\u00e3o de riscos fiscais;<\/p>\n\n\n\n<p>Estruturar e articular o sistema municipal de programa\u00e7\u00e3o financeira;<br>Desenvolver outras atividades correlatas.<\/p>\n","protected":false},"excerpt":{"rendered":"","protected":false},"author":27,"featured_media":0,"parent":0,"menu_order":0,"comment_status":"closed","ping_status":"closed","template":"templates\/turismo.php","meta":{"footnotes":""},"acf":[],"yoast_head":"<!-- This site is optimized with the Yoast SEO plugin v23.0 - https:\/\/yoast.com\/wordpress\/plugins\/seo\/ -->\n<title>Tesouro - SEMEF<\/title>\n<meta name=\"robots\" content=\"index, follow, max-snippet:-1, max-image-preview:large, max-video-preview:-1\" \/>\n<link rel=\"canonical\" href=\"https:\/\/www.manaus.am.gov.br\/semef\/tesouro\/\" \/>\n<meta property=\"og:locale\" content=\"pt_BR\" \/>\n<meta property=\"og:type\" content=\"article\" \/>\n<meta property=\"og:title\" content=\"Tesouro - SEMEF\" \/>\n<meta property=\"og:url\" content=\"https:\/\/www.manaus.am.gov.br\/semef\/tesouro\/\" \/>\n<meta property=\"og:site_name\" content=\"SEMEF\" \/>\n<meta name=\"twitter:card\" content=\"summary_large_image\" \/>\n<meta name=\"twitter:label1\" content=\"Est. reading time\" \/>\n\t<meta name=\"twitter:data1\" content=\"2 minutos\" \/>\n<script type=\"application\/ld+json\" class=\"yoast-schema-graph\">{\"@context\":\"https:\/\/schema.org\",\"@graph\":[{\"@type\":\"WebPage\",\"@id\":\"https:\/\/www.manaus.am.gov.br\/semef\/tesouro\/\",\"url\":\"https:\/\/www.manaus.am.gov.br\/semef\/tesouro\/\",\"name\":\"Tesouro - SEMEF\",\"isPartOf\":{\"@id\":\"https:\/\/www.manaus.am.gov.br\/semef\/#website\"},\"datePublished\":\"2022-12-23T20:53:05+00:00\",\"dateModified\":\"2022-12-23T20:53:05+00:00\",\"inLanguage\":\"pt-BR\",\"potentialAction\":[{\"@type\":\"ReadAction\",\"target\":[\"https:\/\/www.manaus.am.gov.br\/semef\/tesouro\/\"]}]},{\"@type\":\"WebSite\",\"@id\":\"https:\/\/www.manaus.am.gov.br\/semef\/#website\",\"url\":\"https:\/\/www.manaus.am.gov.br\/semef\/\",\"name\":\"SEMEF\",\"description\":\"Secretaria Municipal de Finan\u00e7as e Tecnologia da Informa\u00e7\u00e3o\",\"potentialAction\":[{\"@type\":\"SearchAction\",\"target\":{\"@type\":\"EntryPoint\",\"urlTemplate\":\"https:\/\/www.manaus.am.gov.br\/semef\/?s={search_term_string}\"},\"query-input\":\"required name=search_term_string\"}],\"inLanguage\":\"pt-BR\"}]}<\/script>\n<!-- \/ Yoast SEO plugin. -->","yoast_head_json":{"title":"Tesouro - SEMEF","robots":{"index":"index","follow":"follow","max-snippet":"max-snippet:-1","max-image-preview":"max-image-preview:large","max-video-preview":"max-video-preview:-1"},"canonical":"https:\/\/www.manaus.am.gov.br\/semef\/tesouro\/","og_locale":"pt_BR","og_type":"article","og_title":"Tesouro - SEMEF","og_url":"https:\/\/www.manaus.am.gov.br\/semef\/tesouro\/","og_site_name":"SEMEF","twitter_card":"summary_large_image","twitter_misc":{"Est. reading time":"2 minutos"},"schema":{"@context":"https:\/\/schema.org","@graph":[{"@type":"WebPage","@id":"https:\/\/www.manaus.am.gov.br\/semef\/tesouro\/","url":"https:\/\/www.manaus.am.gov.br\/semef\/tesouro\/","name":"Tesouro - SEMEF","isPartOf":{"@id":"https:\/\/www.manaus.am.gov.br\/semef\/#website"},"datePublished":"2022-12-23T20:53:05+00:00","dateModified":"2022-12-23T20:53:05+00:00","inLanguage":"pt-BR","potentialAction":[{"@type":"ReadAction","target":["https:\/\/www.manaus.am.gov.br\/semef\/tesouro\/"]}]},{"@type":"WebSite","@id":"https:\/\/www.manaus.am.gov.br\/semef\/#website","url":"https:\/\/www.manaus.am.gov.br\/semef\/","name":"SEMEF","description":"Secretaria Municipal de Finan\u00e7as e Tecnologia da Informa\u00e7\u00e3o","potentialAction":[{"@type":"SearchAction","target":{"@type":"EntryPoint","urlTemplate":"https:\/\/www.manaus.am.gov.br\/semef\/?s={search_term_string}"},"query-input":"required name=search_term_string"}],"inLanguage":"pt-BR"}]}},"_links":{"self":[{"href":"https:\/\/www.manaus.am.gov.br\/semef\/wp-json\/wp\/v2\/pages\/275"}],"collection":[{"href":"https:\/\/www.manaus.am.gov.br\/semef\/wp-json\/wp\/v2\/pages"}],"about":[{"href":"https:\/\/www.manaus.am.gov.br\/semef\/wp-json\/wp\/v2\/types\/page"}],"author":[{"embeddable":true,"href":"https:\/\/www.manaus.am.gov.br\/semef\/wp-json\/wp\/v2\/users\/27"}],"replies":[{"embeddable":true,"href":"https:\/\/www.manaus.am.gov.br\/semef\/wp-json\/wp\/v2\/comments?post=275"}],"version-history":[{"count":2,"href":"https:\/\/www.manaus.am.gov.br\/semef\/wp-json\/wp\/v2\/pages\/275\/revisions"}],"predecessor-version":[{"id":277,"href":"https:\/\/www.manaus.am.gov.br\/semef\/wp-json\/wp\/v2\/pages\/275\/revisions\/277"}],"wp:attachment":[{"href":"https:\/\/www.manaus.am.gov.br\/semef\/wp-json\/wp\/v2\/media?parent=275"}],"curies":[{"name":"wp","href":"https:\/\/api.w.org\/{rel}","templated":true}]}}