{"id":255,"date":"2022-12-23T16:34:33","date_gmt":"2022-12-23T20:34:33","guid":{"rendered":"https:\/\/www.manaus.am.gov.br\/semef\/?page_id=255"},"modified":"2023-05-09T10:42:13","modified_gmt":"2023-05-09T14:42:13","slug":"e-sic","status":"publish","type":"page","link":"https:\/\/www.manaus.am.gov.br\/semef\/a-semef\/e-sic\/","title":{"rendered":"E-SIC"},"content":{"rendered":"\n<h2 class=\"wp-block-heading\">Sistema Eletr\u00f4nico do Servi\u00e7o de Informa\u00e7\u00f5es ao Cidad\u00e3o (e-SIC)<\/h2>\n\n\n\n<h2 class=\"wp-block-heading\"><a href=\"https:\/\/www.manaus.am.gov.br\/semef\/wp-content\/uploads\/sites\/7\/2023\/01\/33.-Por_Semef_0171.21_Design_e-Sic_250821_DOM5170-1.pdf\" target=\"_blank\" rel=\"noreferrer noopener\">Portaria n\u00ba 171\/2021-GS\/SEMEF<\/a><\/h2>\n\n\n\n<h3 class=\"wp-block-heading\">Titular<\/h3>\n\n\n\n<p>Lucimara do Socorro Caldas Pinto<br>Matr\u00edcula 079.924-6H<br>E-mail: ouvidoriageral@manaus.am.gov.br<\/p>\n\n\n\n<h3 class=\"wp-block-heading\">Suplente<\/h3>\n\n\n\n<p>Priscila dos Santos Silva<br>Matr\u00edcula 102.503-1E<br>E-mail: ouvidoriageral@manaus.am.gov.br<\/p>\n","protected":false},"excerpt":{"rendered":"","protected":false},"author":27,"featured_media":0,"parent":143,"menu_order":5,"comment_status":"closed","ping_status":"closed","template":"templates\/turismo.php","meta":{"footnotes":""},"acf":[],"yoast_head":"<!-- This site is optimized with the Yoast SEO plugin v23.0 - https:\/\/yoast.com\/wordpress\/plugins\/seo\/ -->\n<title>E-SIC - SEMEF<\/title>\n<meta name=\"robots\" content=\"index, follow, max-snippet:-1, max-image-preview:large, max-video-preview:-1\" \/>\n<link rel=\"canonical\" href=\"https:\/\/www.manaus.am.gov.br\/semef\/a-semef\/e-sic\/\" \/>\n<meta property=\"og:locale\" content=\"pt_BR\" \/>\n<meta property=\"og:type\" content=\"article\" \/>\n<meta property=\"og:title\" content=\"E-SIC - SEMEF\" \/>\n<meta property=\"og:url\" content=\"https:\/\/www.manaus.am.gov.br\/semef\/a-semef\/e-sic\/\" \/>\n<meta property=\"og:site_name\" content=\"SEMEF\" \/>\n<meta property=\"article:modified_time\" content=\"2023-05-09T14:42:13+00:00\" \/>\n<meta name=\"twitter:card\" content=\"summary_large_image\" \/>\n<meta name=\"twitter:label1\" content=\"Est. reading time\" \/>\n\t<meta name=\"twitter:data1\" content=\"1 minuto\" \/>\n<script type=\"application\/ld+json\" class=\"yoast-schema-graph\">{\"@context\":\"https:\/\/schema.org\",\"@graph\":[{\"@type\":\"WebPage\",\"@id\":\"https:\/\/www.manaus.am.gov.br\/semef\/a-semef\/e-sic\/\",\"url\":\"https:\/\/www.manaus.am.gov.br\/semef\/a-semef\/e-sic\/\",\"name\":\"E-SIC - SEMEF\",\"isPartOf\":{\"@id\":\"https:\/\/www.manaus.am.gov.br\/semef\/#website\"},\"datePublished\":\"2022-12-23T20:34:33+00:00\",\"dateModified\":\"2023-05-09T14:42:13+00:00\",\"breadcrumb\":{\"@id\":\"https:\/\/www.manaus.am.gov.br\/semef\/a-semef\/e-sic\/#breadcrumb\"},\"inLanguage\":\"pt-BR\",\"potentialAction\":[{\"@type\":\"ReadAction\",\"target\":[\"https:\/\/www.manaus.am.gov.br\/semef\/a-semef\/e-sic\/\"]}]},{\"@type\":\"BreadcrumbList\",\"@id\":\"https:\/\/www.manaus.am.gov.br\/semef\/a-semef\/e-sic\/#breadcrumb\",\"itemListElement\":[{\"@type\":\"ListItem\",\"position\":1,\"name\":\"A Semef\",\"item\":\"https:\/\/www.manaus.am.gov.br\/semef\/a-semef\/\"},{\"@type\":\"ListItem\",\"position\":2,\"name\":\"E-SIC\"}]},{\"@type\":\"WebSite\",\"@id\":\"https:\/\/www.manaus.am.gov.br\/semef\/#website\",\"url\":\"https:\/\/www.manaus.am.gov.br\/semef\/\",\"name\":\"SEMEF\",\"description\":\"Secretaria Municipal de Finan\u00e7as e Tecnologia da Informa\u00e7\u00e3o\",\"potentialAction\":[{\"@type\":\"SearchAction\",\"target\":{\"@type\":\"EntryPoint\",\"urlTemplate\":\"https:\/\/www.manaus.am.gov.br\/semef\/?s={search_term_string}\"},\"query-input\":\"required name=search_term_string\"}],\"inLanguage\":\"pt-BR\"}]}<\/script>\n<!-- \/ Yoast SEO plugin. -->","yoast_head_json":{"title":"E-SIC - SEMEF","robots":{"index":"index","follow":"follow","max-snippet":"max-snippet:-1","max-image-preview":"max-image-preview:large","max-video-preview":"max-video-preview:-1"},"canonical":"https:\/\/www.manaus.am.gov.br\/semef\/a-semef\/e-sic\/","og_locale":"pt_BR","og_type":"article","og_title":"E-SIC - SEMEF","og_url":"https:\/\/www.manaus.am.gov.br\/semef\/a-semef\/e-sic\/","og_site_name":"SEMEF","article_modified_time":"2023-05-09T14:42:13+00:00","twitter_card":"summary_large_image","twitter_misc":{"Est. reading time":"1 minuto"},"schema":{"@context":"https:\/\/schema.org","@graph":[{"@type":"WebPage","@id":"https:\/\/www.manaus.am.gov.br\/semef\/a-semef\/e-sic\/","url":"https:\/\/www.manaus.am.gov.br\/semef\/a-semef\/e-sic\/","name":"E-SIC - SEMEF","isPartOf":{"@id":"https:\/\/www.manaus.am.gov.br\/semef\/#website"},"datePublished":"2022-12-23T20:34:33+00:00","dateModified":"2023-05-09T14:42:13+00:00","breadcrumb":{"@id":"https:\/\/www.manaus.am.gov.br\/semef\/a-semef\/e-sic\/#breadcrumb"},"inLanguage":"pt-BR","potentialAction":[{"@type":"ReadAction","target":["https:\/\/www.manaus.am.gov.br\/semef\/a-semef\/e-sic\/"]}]},{"@type":"BreadcrumbList","@id":"https:\/\/www.manaus.am.gov.br\/semef\/a-semef\/e-sic\/#breadcrumb","itemListElement":[{"@type":"ListItem","position":1,"name":"A Semef","item":"https:\/\/www.manaus.am.gov.br\/semef\/a-semef\/"},{"@type":"ListItem","position":2,"name":"E-SIC"}]},{"@type":"WebSite","@id":"https:\/\/www.manaus.am.gov.br\/semef\/#website","url":"https:\/\/www.manaus.am.gov.br\/semef\/","name":"SEMEF","description":"Secretaria Municipal de Finan\u00e7as e Tecnologia da Informa\u00e7\u00e3o","potentialAction":[{"@type":"SearchAction","target":{"@type":"EntryPoint","urlTemplate":"https:\/\/www.manaus.am.gov.br\/semef\/?s={search_term_string}"},"query-input":"required name=search_term_string"}],"inLanguage":"pt-BR"}]}},"_links":{"self":[{"href":"https:\/\/www.manaus.am.gov.br\/semef\/wp-json\/wp\/v2\/pages\/255"}],"collection":[{"href":"https:\/\/www.manaus.am.gov.br\/semef\/wp-json\/wp\/v2\/pages"}],"about":[{"href":"https:\/\/www.manaus.am.gov.br\/semef\/wp-json\/wp\/v2\/types\/page"}],"author":[{"embeddable":true,"href":"https:\/\/www.manaus.am.gov.br\/semef\/wp-json\/wp\/v2\/users\/27"}],"replies":[{"embeddable":true,"href":"https:\/\/www.manaus.am.gov.br\/semef\/wp-json\/wp\/v2\/comments?post=255"}],"version-history":[{"count":6,"href":"https:\/\/www.manaus.am.gov.br\/semef\/wp-json\/wp\/v2\/pages\/255\/revisions"}],"predecessor-version":[{"id":1709,"href":"https:\/\/www.manaus.am.gov.br\/semef\/wp-json\/wp\/v2\/pages\/255\/revisions\/1709"}],"up":[{"embeddable":true,"href":"https:\/\/www.manaus.am.gov.br\/semef\/wp-json\/wp\/v2\/pages\/143"}],"wp:attachment":[{"href":"https:\/\/www.manaus.am.gov.br\/semef\/wp-json\/wp\/v2\/media?parent=255"}],"curies":[{"name":"wp","href":"https:\/\/api.w.org\/{rel}","templated":true}]}}