{"id":1679,"date":"2023-07-10T09:44:50","date_gmt":"2023-07-10T13:44:50","guid":{"rendered":"https:\/\/www.manaus.am.gov.br\/semef\/?page_id=1679"},"modified":"2025-05-28T09:32:12","modified_gmt":"2025-05-28T13:32:12","slug":"renuncia-de-receita","status":"publish","type":"page","link":"https:\/\/www.manaus.am.gov.br\/semef\/renuncia-de-receita\/","title":{"rendered":"Ren\u00fancia de Receita"},"content":{"rendered":"\n<p><\/p>\n\n\n\n<div class=\"wp-block-buttons is-content-justification-left is-layout-flex wp-container-core-buttons-layout-1 wp-block-buttons-is-layout-flex\">\n<div class=\"wp-block-button\"><a class=\"wp-block-button__link wp-element-button\" href=\"https:\/\/www.manaus.am.gov.br\/semef\/wp-content\/uploads\/sites\/7\/2023\/07\/renuncia-2019.xlsx\" target=\"_blank\" rel=\"noreferrer noopener\">2019-Quadro Consolidado<\/a><\/div>\n\n\n\n<div class=\"wp-block-button\"><a class=\"wp-block-button__link wp-element-button\" href=\"https:\/\/www.manaus.am.gov.br\/semef\/wp-content\/uploads\/sites\/7\/2023\/07\/renuncia-2020.xlsx\" target=\"_blank\" rel=\"noreferrer noopener\">2020-Quadro Consolidado<\/a><\/div>\n\n\n\n<div class=\"wp-block-button\"><a class=\"wp-block-button__link wp-element-button\" href=\"https:\/\/www.manaus.am.gov.br\/semef\/wp-content\/uploads\/sites\/7\/2023\/07\/renuncia-2021-novo.xlsx\" target=\"_blank\" rel=\"noreferrer noopener\">2021-Quadro Consolidado<\/a><\/div>\n<\/div>\n\n\n\n<br><br>\n\n\n\n<div class=\"wp-block-group is-nowrap is-layout-flex wp-container-core-group-layout-1 wp-block-group-is-layout-flex\">\n<div class=\"wp-block-buttons is-layout-flex wp-block-buttons-is-layout-flex\">\n<div class=\"wp-block-button\"><a class=\"wp-block-button__link wp-element-button\" href=\"https:\/\/www.manaus.am.gov.br\/semef\/wp-content\/uploads\/sites\/7\/2023\/07\/RENUNCIA_2022_202311209999929063580_1.pdf\" target=\"_blank\" rel=\"noreferrer noopener\">2022-Quadro Consolidado<\/a><\/div>\n\n\n\n<div class=\"wp-block-button\"><a class=\"wp-block-button__link wp-element-button\" href=\"https:\/\/www.manaus.am.gov.br\/semef\/wp-content\/uploads\/sites\/7\/2024\/06\/RENUNCIA_6B_ACUM_2023.pdf\" target=\"_blank\" rel=\"noreferrer noopener\">2023-Quadro Consolidado<\/a><\/div>\n\n\n\n<div class=\"wp-block-button\"><a class=\"wp-block-button__link wp-element-button\" href=\"https:\/\/app-renuncia.manaus.am.gov.br\/?ano=2025\" target=\"_blank\" rel=\"noreferrer noopener\">2025-Quadro Consolidado<\/a><\/div>\n<\/div>\n<\/div>\n\n\n\n<br><br>\n\n\n\n<div class=\"wp-block-buttons is-layout-flex wp-block-buttons-is-layout-flex\"><\/div>\n\n\n\n<div class=\"wp-block-buttons is-layout-flex wp-block-buttons-is-layout-flex\">\n<div class=\"wp-block-button\"><a class=\"wp-block-button__link wp-element-button\" href=\"https:\/\/app-renuncia.manaus.am.gov.br\/\" target=\"_blank\" rel=\"noreferrer noopener\">2024\/2025-Quadro Consolidado<\/a><\/div>\n\n\n\n<div class=\"wp-block-button\"><a class=\"wp-block-button__link wp-element-button\" href=\"https:\/\/semefatende.manaus.am.gov.br\/cidadao\" target=\"_blank\" rel=\"noreferrer noopener\">Desonera\u00e7\u00e3o<\/a><\/div>\n<\/div>\n\n\n\n<br><br>\n\n\n\n<div class=\"wp-block-buttons is-layout-flex wp-block-buttons-is-layout-flex\">\n<div class=\"wp-block-button\"><a class=\"wp-block-button__link wp-element-button\" href=\"https:\/\/app-renuncia.manaus.am.gov.br\/?ano=2024\" target=\"_blank\" rel=\"noreferrer noopener\">Ren\u00fancia Prevista e Realizada 2024<\/a><\/div>\n\n\n\n<div class=\"wp-block-button\"><a class=\"wp-block-button__link wp-element-button\" href=\"https:\/\/app-renuncia.manaus.am.gov.br\/?ano=2025\" target=\"_blank\" rel=\"noreferrer noopener\">Ren\u00fancia Prevista e Realizada 2025<\/a><\/div>\n<\/div>\n\n\n\n<br><br>\n\n\n\n<p>Projetos de Incentivos Culturais &#8211;<a href=\"https:\/\/concultura.manaus.am.gov.br\/pnab-manaus\" target=\"_blank\" rel=\"noreferrer noopener\"> https:\/\/concultura.manaus.am.gov.br\/pnab-manaus<\/a> <br>Projetos de Incentivos ao Esporte &#8211; <strong>At\u00e9 o momento, n\u00e3o houve projetos esportivos, que utilizasse recurso oriundo de Ren\u00fancia de Receita.<\/strong><br><strong>Atualizado em: <\/strong>27\/05\/2025. <strong>No \u00e2mbito do Munic\u00edpio de Manaus<\/strong><\/p>\n","protected":false},"excerpt":{"rendered":"","protected":false},"author":8,"featured_media":0,"parent":0,"menu_order":0,"comment_status":"closed","ping_status":"closed","template":"","meta":{"footnotes":""},"acf":[],"yoast_head":"<!-- This site is optimized with the Yoast SEO plugin v23.0 - https:\/\/yoast.com\/wordpress\/plugins\/seo\/ -->\n<title>Ren\u00fancia de Receita - SEMEF<\/title>\n<meta name=\"robots\" content=\"index, follow, max-snippet:-1, max-image-preview:large, max-video-preview:-1\" \/>\n<link rel=\"canonical\" href=\"https:\/\/www.manaus.am.gov.br\/semef\/renuncia-de-receita\/\" \/>\n<meta property=\"og:locale\" content=\"pt_BR\" \/>\n<meta property=\"og:type\" content=\"article\" \/>\n<meta property=\"og:title\" content=\"Ren\u00fancia de Receita - SEMEF\" \/>\n<meta property=\"og:url\" content=\"https:\/\/www.manaus.am.gov.br\/semef\/renuncia-de-receita\/\" \/>\n<meta property=\"og:site_name\" content=\"SEMEF\" \/>\n<meta property=\"article:modified_time\" content=\"2025-05-28T13:32:12+00:00\" \/>\n<meta name=\"twitter:card\" content=\"summary_large_image\" \/>\n<meta name=\"twitter:label1\" content=\"Est. reading time\" \/>\n\t<meta name=\"twitter:data1\" content=\"1 minuto\" \/>\n<script type=\"application\/ld+json\" class=\"yoast-schema-graph\">{\"@context\":\"https:\/\/schema.org\",\"@graph\":[{\"@type\":\"WebPage\",\"@id\":\"https:\/\/www.manaus.am.gov.br\/semef\/renuncia-de-receita\/\",\"url\":\"https:\/\/www.manaus.am.gov.br\/semef\/renuncia-de-receita\/\",\"name\":\"Ren\u00fancia de Receita - SEMEF\",\"isPartOf\":{\"@id\":\"https:\/\/www.manaus.am.gov.br\/semef\/#website\"},\"datePublished\":\"2023-07-10T13:44:50+00:00\",\"dateModified\":\"2025-05-28T13:32:12+00:00\",\"inLanguage\":\"pt-BR\",\"potentialAction\":[{\"@type\":\"ReadAction\",\"target\":[\"https:\/\/www.manaus.am.gov.br\/semef\/renuncia-de-receita\/\"]}]},{\"@type\":\"WebSite\",\"@id\":\"https:\/\/www.manaus.am.gov.br\/semef\/#website\",\"url\":\"https:\/\/www.manaus.am.gov.br\/semef\/\",\"name\":\"SEMEF\",\"description\":\"Secretaria Municipal de Finan\u00e7as e Tecnologia da Informa\u00e7\u00e3o\",\"potentialAction\":[{\"@type\":\"SearchAction\",\"target\":{\"@type\":\"EntryPoint\",\"urlTemplate\":\"https:\/\/www.manaus.am.gov.br\/semef\/?s={search_term_string}\"},\"query-input\":\"required name=search_term_string\"}],\"inLanguage\":\"pt-BR\"}]}<\/script>\n<!-- \/ Yoast SEO plugin. -->","yoast_head_json":{"title":"Ren\u00fancia de Receita - SEMEF","robots":{"index":"index","follow":"follow","max-snippet":"max-snippet:-1","max-image-preview":"max-image-preview:large","max-video-preview":"max-video-preview:-1"},"canonical":"https:\/\/www.manaus.am.gov.br\/semef\/renuncia-de-receita\/","og_locale":"pt_BR","og_type":"article","og_title":"Ren\u00fancia de Receita - SEMEF","og_url":"https:\/\/www.manaus.am.gov.br\/semef\/renuncia-de-receita\/","og_site_name":"SEMEF","article_modified_time":"2025-05-28T13:32:12+00:00","twitter_card":"summary_large_image","twitter_misc":{"Est. reading time":"1 minuto"},"schema":{"@context":"https:\/\/schema.org","@graph":[{"@type":"WebPage","@id":"https:\/\/www.manaus.am.gov.br\/semef\/renuncia-de-receita\/","url":"https:\/\/www.manaus.am.gov.br\/semef\/renuncia-de-receita\/","name":"Ren\u00fancia de Receita - SEMEF","isPartOf":{"@id":"https:\/\/www.manaus.am.gov.br\/semef\/#website"},"datePublished":"2023-07-10T13:44:50+00:00","dateModified":"2025-05-28T13:32:12+00:00","inLanguage":"pt-BR","potentialAction":[{"@type":"ReadAction","target":["https:\/\/www.manaus.am.gov.br\/semef\/renuncia-de-receita\/"]}]},{"@type":"WebSite","@id":"https:\/\/www.manaus.am.gov.br\/semef\/#website","url":"https:\/\/www.manaus.am.gov.br\/semef\/","name":"SEMEF","description":"Secretaria Municipal de Finan\u00e7as e Tecnologia da Informa\u00e7\u00e3o","potentialAction":[{"@type":"SearchAction","target":{"@type":"EntryPoint","urlTemplate":"https:\/\/www.manaus.am.gov.br\/semef\/?s={search_term_string}"},"query-input":"required name=search_term_string"}],"inLanguage":"pt-BR"}]}},"_links":{"self":[{"href":"https:\/\/www.manaus.am.gov.br\/semef\/wp-json\/wp\/v2\/pages\/1679"}],"collection":[{"href":"https:\/\/www.manaus.am.gov.br\/semef\/wp-json\/wp\/v2\/pages"}],"about":[{"href":"https:\/\/www.manaus.am.gov.br\/semef\/wp-json\/wp\/v2\/types\/page"}],"author":[{"embeddable":true,"href":"https:\/\/www.manaus.am.gov.br\/semef\/wp-json\/wp\/v2\/users\/8"}],"replies":[{"embeddable":true,"href":"https:\/\/www.manaus.am.gov.br\/semef\/wp-json\/wp\/v2\/comments?post=1679"}],"version-history":[{"count":57,"href":"https:\/\/www.manaus.am.gov.br\/semef\/wp-json\/wp\/v2\/pages\/1679\/revisions"}],"predecessor-version":[{"id":4175,"href":"https:\/\/www.manaus.am.gov.br\/semef\/wp-json\/wp\/v2\/pages\/1679\/revisions\/4175"}],"wp:attachment":[{"href":"https:\/\/www.manaus.am.gov.br\/semef\/wp-json\/wp\/v2\/media?parent=1679"}],"curies":[{"name":"wp","href":"https:\/\/api.w.org\/{rel}","templated":true}]}}