{"id":1536,"date":"2023-05-05T08:10:07","date_gmt":"2023-05-05T12:10:07","guid":{"rendered":"https:\/\/www.manaus.am.gov.br\/semef\/?page_id=1536"},"modified":"2025-09-24T09:58:56","modified_gmt":"2025-09-24T13:58:56","slug":"nossa-historia","status":"publish","type":"page","link":"https:\/\/www.manaus.am.gov.br\/semef\/a-semef\/nossa-historia\/","title":{"rendered":"Nossa Hist\u00f3ria"},"content":{"rendered":"\n<p>A Secretaria Municipal de Finan\u00e7as, Planejamento e Tecnologia da Informa\u00e7\u00e3o \u00e9 encarregada por administrar os recursos financeiros do munic\u00edpio, promover a arrecada\u00e7\u00e3o, guarda e aplica\u00e7\u00e3o deles, ou seja, o \u00f3rg\u00e3o \u00e9 respons\u00e1vel por coordenar as atividades tribut\u00e1rias.<\/p>\n\n\n\n<p>A Semef integra a Administra\u00e7\u00e3o Direta do Poder Executivo para cumprimento das seguintes finalidades:<\/p>\n\n\n\n<p>Promover a arrecada\u00e7\u00e3o, guarda e aplica\u00e7\u00e3o dos recursos financeiros;<\/p>\n\n\n\n<p>Coordenar, supervisionar, controlar e avaliar as atividades da administra\u00e7\u00e3o tribut\u00e1ria;<\/p>\n\n\n\n<p>Propor medidas de aperfei\u00e7oamento, regulamenta\u00e7\u00e3o e consolida\u00e7\u00e3o da legisla\u00e7\u00e3o tribut\u00e1ria municipal;<\/p>\n\n\n\n<p>Coordenar e elaborar os projetos de lei relativos ao plano plurianual, de diretrizes or\u00e7ament\u00e1rias e or\u00e7amento anual;<\/p>\n\n\n\n<p>Controlar e fiscalizar a execu\u00e7\u00e3o or\u00e7ament\u00e1ria e financeira do or\u00e7amento municipal e cr\u00e9ditos adicionais;<\/p>\n\n\n\n<p>Exercer o controle dos gastos p\u00fablicos e d\u00edvida municipal;<\/p>\n\n\n\n<p>Administrar os compromissos financeiros, haveres e disponibilidades do munic\u00edpio;<br>Administrar a d\u00edvida p\u00fablica interna e externa do munic\u00edpio;<\/p>\n\n\n\n<p>Realizar a contabiliza\u00e7\u00e3o geral das contas do munic\u00edpio, com proposi\u00e7\u00e3o de medidas objetivando a consolida\u00e7\u00e3o das informa\u00e7\u00f5es financeiras e cont\u00e1beis;<\/p>\n\n\n\n<p>Celebrar conv\u00eanios com \u00f3rg\u00e3os federais, estaduais e de outros munic\u00edpios, bem como com entidades de direito p\u00fablico e privado que objetivem o aprimoramento da fiscaliza\u00e7\u00e3o tribut\u00e1ria e a melhoria da arrecada\u00e7\u00e3o;<\/p>\n\n\n\n<p>Formular, desenvolver e implementar a Pol\u00edtica de Tecnologia de Informa\u00e7\u00f5es e Comunica\u00e7\u00f5es (TIC) no \u00e2mbito da Administra\u00e7\u00e3o Municipal, inclu\u00eddos os projetos e a\u00e7\u00f5es voltados ao geoprocessamento;<\/p>\n\n\n\n<p>Coordenar, normatizar, padronizar, orientar e supervisionar a gest\u00e3o de compras e contratos, bem como a gest\u00e3o de estoque no \u00e2mbito do Poder Executivo;<\/p>\n\n\n\n<p>Gerir o Programa de PPP \u2013 Manaus, institu\u00eddo pela Lei n. 1.333, de 19 de maio de 2009;<\/p>\n\n\n\n<p>Coordenar e orientar, t\u00e9cnica e normativamente, as atividades relacionadas \u00e0 Gest\u00e3o Estrat\u00e9gica, no \u00e2mbito da Semef;<\/p>\n\n\n\n<p>Coordenar, gerenciar e avaliar as atividades relacionadas \u00e0 administra\u00e7\u00e3o dos recursos humanos, materiais, patrimoniais, or\u00e7ament\u00e1rios e financeiros da pasta;<\/p>\n\n\n\n<p>Guardar e zelar pelo cumprimento dos princ\u00edpios e normas que regem a Administra\u00e7\u00e3o P\u00fablica; e<\/p>\n\n\n\n<p>Realizar os concursos p\u00fablicos para provimento de cargos efetivos da Semef.<\/p>\n","protected":false},"excerpt":{"rendered":"","protected":false},"author":27,"featured_media":0,"parent":143,"menu_order":0,"comment_status":"closed","ping_status":"closed","template":"templates\/turismo.php","meta":{"footnotes":""},"acf":[],"yoast_head":"<!-- This site is optimized with the Yoast SEO plugin v23.0 - https:\/\/yoast.com\/wordpress\/plugins\/seo\/ -->\n<title>Nossa Hist\u00f3ria - SEMEF<\/title>\n<meta name=\"robots\" content=\"index, follow, max-snippet:-1, max-image-preview:large, max-video-preview:-1\" \/>\n<link rel=\"canonical\" href=\"https:\/\/www.manaus.am.gov.br\/semef\/a-semef\/nossa-historia\/\" \/>\n<meta property=\"og:locale\" content=\"pt_BR\" \/>\n<meta property=\"og:type\" content=\"article\" \/>\n<meta property=\"og:title\" content=\"Nossa Hist\u00f3ria - SEMEF\" \/>\n<meta property=\"og:url\" content=\"https:\/\/www.manaus.am.gov.br\/semef\/a-semef\/nossa-historia\/\" \/>\n<meta property=\"og:site_name\" content=\"SEMEF\" \/>\n<meta property=\"article:modified_time\" content=\"2025-09-24T13:58:56+00:00\" \/>\n<meta name=\"twitter:card\" content=\"summary_large_image\" \/>\n<meta name=\"twitter:label1\" content=\"Est. reading time\" \/>\n\t<meta name=\"twitter:data1\" content=\"2 minutos\" \/>\n<script type=\"application\/ld+json\" class=\"yoast-schema-graph\">{\"@context\":\"https:\/\/schema.org\",\"@graph\":[{\"@type\":\"WebPage\",\"@id\":\"https:\/\/www.manaus.am.gov.br\/semef\/a-semef\/nossa-historia\/\",\"url\":\"https:\/\/www.manaus.am.gov.br\/semef\/a-semef\/nossa-historia\/\",\"name\":\"Nossa Hist\u00f3ria - SEMEF\",\"isPartOf\":{\"@id\":\"https:\/\/www.manaus.am.gov.br\/semef\/#website\"},\"datePublished\":\"2023-05-05T12:10:07+00:00\",\"dateModified\":\"2025-09-24T13:58:56+00:00\",\"breadcrumb\":{\"@id\":\"https:\/\/www.manaus.am.gov.br\/semef\/a-semef\/nossa-historia\/#breadcrumb\"},\"inLanguage\":\"pt-BR\",\"potentialAction\":[{\"@type\":\"ReadAction\",\"target\":[\"https:\/\/www.manaus.am.gov.br\/semef\/a-semef\/nossa-historia\/\"]}]},{\"@type\":\"BreadcrumbList\",\"@id\":\"https:\/\/www.manaus.am.gov.br\/semef\/a-semef\/nossa-historia\/#breadcrumb\",\"itemListElement\":[{\"@type\":\"ListItem\",\"position\":1,\"name\":\"A Semef\",\"item\":\"https:\/\/www.manaus.am.gov.br\/semef\/a-semef\/\"},{\"@type\":\"ListItem\",\"position\":2,\"name\":\"Nossa Hist\u00f3ria\"}]},{\"@type\":\"WebSite\",\"@id\":\"https:\/\/www.manaus.am.gov.br\/semef\/#website\",\"url\":\"https:\/\/www.manaus.am.gov.br\/semef\/\",\"name\":\"SEMEF\",\"description\":\"Secretaria Municipal de Finan\u00e7as e Tecnologia da Informa\u00e7\u00e3o\",\"potentialAction\":[{\"@type\":\"SearchAction\",\"target\":{\"@type\":\"EntryPoint\",\"urlTemplate\":\"https:\/\/www.manaus.am.gov.br\/semef\/?s={search_term_string}\"},\"query-input\":\"required name=search_term_string\"}],\"inLanguage\":\"pt-BR\"}]}<\/script>\n<!-- \/ Yoast SEO plugin. -->","yoast_head_json":{"title":"Nossa Hist\u00f3ria - SEMEF","robots":{"index":"index","follow":"follow","max-snippet":"max-snippet:-1","max-image-preview":"max-image-preview:large","max-video-preview":"max-video-preview:-1"},"canonical":"https:\/\/www.manaus.am.gov.br\/semef\/a-semef\/nossa-historia\/","og_locale":"pt_BR","og_type":"article","og_title":"Nossa Hist\u00f3ria - SEMEF","og_url":"https:\/\/www.manaus.am.gov.br\/semef\/a-semef\/nossa-historia\/","og_site_name":"SEMEF","article_modified_time":"2025-09-24T13:58:56+00:00","twitter_card":"summary_large_image","twitter_misc":{"Est. reading time":"2 minutos"},"schema":{"@context":"https:\/\/schema.org","@graph":[{"@type":"WebPage","@id":"https:\/\/www.manaus.am.gov.br\/semef\/a-semef\/nossa-historia\/","url":"https:\/\/www.manaus.am.gov.br\/semef\/a-semef\/nossa-historia\/","name":"Nossa Hist\u00f3ria - SEMEF","isPartOf":{"@id":"https:\/\/www.manaus.am.gov.br\/semef\/#website"},"datePublished":"2023-05-05T12:10:07+00:00","dateModified":"2025-09-24T13:58:56+00:00","breadcrumb":{"@id":"https:\/\/www.manaus.am.gov.br\/semef\/a-semef\/nossa-historia\/#breadcrumb"},"inLanguage":"pt-BR","potentialAction":[{"@type":"ReadAction","target":["https:\/\/www.manaus.am.gov.br\/semef\/a-semef\/nossa-historia\/"]}]},{"@type":"BreadcrumbList","@id":"https:\/\/www.manaus.am.gov.br\/semef\/a-semef\/nossa-historia\/#breadcrumb","itemListElement":[{"@type":"ListItem","position":1,"name":"A Semef","item":"https:\/\/www.manaus.am.gov.br\/semef\/a-semef\/"},{"@type":"ListItem","position":2,"name":"Nossa Hist\u00f3ria"}]},{"@type":"WebSite","@id":"https:\/\/www.manaus.am.gov.br\/semef\/#website","url":"https:\/\/www.manaus.am.gov.br\/semef\/","name":"SEMEF","description":"Secretaria Municipal de Finan\u00e7as e Tecnologia da Informa\u00e7\u00e3o","potentialAction":[{"@type":"SearchAction","target":{"@type":"EntryPoint","urlTemplate":"https:\/\/www.manaus.am.gov.br\/semef\/?s={search_term_string}"},"query-input":"required name=search_term_string"}],"inLanguage":"pt-BR"}]}},"_links":{"self":[{"href":"https:\/\/www.manaus.am.gov.br\/semef\/wp-json\/wp\/v2\/pages\/1536"}],"collection":[{"href":"https:\/\/www.manaus.am.gov.br\/semef\/wp-json\/wp\/v2\/pages"}],"about":[{"href":"https:\/\/www.manaus.am.gov.br\/semef\/wp-json\/wp\/v2\/types\/page"}],"author":[{"embeddable":true,"href":"https:\/\/www.manaus.am.gov.br\/semef\/wp-json\/wp\/v2\/users\/27"}],"replies":[{"embeddable":true,"href":"https:\/\/www.manaus.am.gov.br\/semef\/wp-json\/wp\/v2\/comments?post=1536"}],"version-history":[{"count":6,"href":"https:\/\/www.manaus.am.gov.br\/semef\/wp-json\/wp\/v2\/pages\/1536\/revisions"}],"predecessor-version":[{"id":4607,"href":"https:\/\/www.manaus.am.gov.br\/semef\/wp-json\/wp\/v2\/pages\/1536\/revisions\/4607"}],"up":[{"embeddable":true,"href":"https:\/\/www.manaus.am.gov.br\/semef\/wp-json\/wp\/v2\/pages\/143"}],"wp:attachment":[{"href":"https:\/\/www.manaus.am.gov.br\/semef\/wp-json\/wp\/v2\/media?parent=1536"}],"curies":[{"name":"wp","href":"https:\/\/api.w.org\/{rel}","templated":true}]}}