{"id":153,"date":"2022-12-23T14:31:48","date_gmt":"2022-12-23T18:31:48","guid":{"rendered":"https:\/\/www.manaus.am.gov.br\/semef\/?page_id=153"},"modified":"2025-08-06T09:33:06","modified_gmt":"2025-08-06T13:33:06","slug":"estrutura-organizacional","status":"publish","type":"page","link":"https:\/\/www.manaus.am.gov.br\/semef\/a-semef\/estrutura-organizacional\/","title":{"rendered":"Estrutura Organizacional"},"content":{"rendered":"\n<h2 class=\"wp-block-heading\"><a href=\"https:\/\/www.manaus.am.gov.br\/semef\/wp-content\/uploads\/sites\/7\/2025\/08\/LEI-2.619-DE-01-DE-JULHO-2020.pdf\">Lei N\u00ba 2.619, de 01 de julho de 2020<\/a><\/h2>\n\n\n\n<p><strong>DISP\u00d5E <\/strong>sobre o Programa de Parcerias P\u00fablico-Privadas do Munic\u00edpio de Manaus \u2013 Programa PPP\/Manaus \u2013 e d\u00e1 outras provid\u00eancias.<\/p>\n\n\n\n<p><\/p>\n\n\n\n<h2 class=\"wp-block-heading\"><a href=\"https:\/\/www.manaus.am.gov.br\/semef\/wp-content\/uploads\/sites\/7\/2025\/08\/LEI-2.828-DE-20-DE-DEZEMBRO-DE-2021.pdf\">Lei N\u00ba 2.828, de 20 de dezembro de 2021<\/a><\/h2>\n\n\n\n<p><strong>DISP\u00d5E <\/strong>sobre a estrutura organizacional da Secretaria Municipal de Finan\u00e7as e Tecnologia da Informa\u00e7\u00e3o (Semef) e d\u00e1 outras provid\u00eancias.<\/p>\n\n\n\n<p><\/p>\n\n\n\n<h2 class=\"wp-block-heading\"><a href=\"https:\/\/www.manaus.am.gov.br\/semef\/wp-content\/uploads\/sites\/7\/2025\/08\/DECRETO-5.719-DE-19-DE-OUTUBRO-DE-2023.pdf\">Decreto N\u00ba 5.719, de 19 de outubro de 2023<\/a><\/h2>\n\n\n\n<p><strong>DISP\u00d5E <\/strong>sobre o Regimento Interno da Secretaria Municipal de Finan\u00e7as e Tecnologia da Informa\u00e7\u00e3o \u0096 SEMEF, e d\u00e1 outras provid\u00eancias.<\/p>\n\n\n\n<p><\/p>\n\n\n\n<div data-wp-interactive=\"\" class=\"wp-block-file aligncenter\"><object data-wp-bind--hidden=\"!selectors.core.file.hasPdfPreview\" hidden class=\"wp-block-file__embed\" data=\"https:\/\/www.manaus.am.gov.br\/semef\/wp-content\/uploads\/sites\/7\/2025\/07\/Organograma-SEMEF-Jul25.pdf\" type=\"application\/pdf\" style=\"width:100%;height:600px\" aria-label=\"Incorporar PDF\"><\/object><\/div>\n\n\n\n<p>Dirigida por um Secret\u00e1rio Municipal, com o aux\u00edlio de um Subsecret\u00e1rio de Gest\u00e3o, um Subsecret\u00e1rio de Or\u00e7amento e Projetos, um Subsecret\u00e1rio do Tesouro, um Subsecret\u00e1rio da Receita e um Subsecret\u00e1rio de Tecnologia da Informa\u00e7\u00e3o, a SEMEF tem a seguinte estrutura organizacional:<\/p>\n\n\n\n<p><strong><u>I \u2013 \u00d3rg\u00e3o Vinculado:<\/u><\/strong><\/p>\n\n\n\n<p><strong>a) Comit\u00ea Gestor do Programa de Parcerias P\u00fablico Privadas (PPP).<\/strong><\/p>\n\n\n\n<p><strong><u>II \u2013 \u00d3rg\u00e3os Colegiados:<\/u><\/strong><\/p>\n\n\n\n<p><strong>a) Conselho Administrativo de Recursos Fiscais do Munic\u00edpio (CARF-M).<\/strong><\/p>\n\n\n\n<p><strong><u>III \u2013 \u00d3rg\u00e3os de Assist\u00eancia e Assessoramento:<\/u><\/strong><\/p>\n\n\n\n<p><strong>a) Gabinete do Secret\u00e1rio (GABSEC); e<\/strong><\/p>\n\n\n\n<p><strong>b) Assessoria T\u00e9cnica (ASTEC).<\/strong><\/p>\n\n\n\n<p><strong><u>IV \u2013 \u00d3rg\u00e3os de Apoio \u00e0 Gest\u00e3o:<\/u><\/strong><\/p>\n\n\n\n<p><strong>a) Subsecretaria de Gest\u00e3o (SUBGES):<\/strong><\/p>\n\n\n\n<p>1.Departamento de Gest\u00e3o Estrat\u00e9gica (DEGES):<\/p>\n\n\n\n<p>1.1 Divis\u00e3o de Gest\u00e3o por Resultados (DIVGR).<\/p>\n\n\n\n<p>2. Departamento de Desburocratiza\u00e7\u00e3o (DDESB).<\/p>\n\n\n\n<p>3. Departamento de Melhoria de Processos (DEMEP):<\/p>\n\n\n\n<p>3.1 Ger\u00eancia de Melhoria de Processos (GEMEP).<\/p>\n\n\n\n<p><strong>b) Departamento de Administra\u00e7\u00e3o (DEPAD):<\/strong><\/p>\n\n\n\n<p>1. Divis\u00e3o de Gest\u00e3o Administrativa (DIGAD):<\/p>\n\n\n\n<p>1.1 Ger\u00eancia de Controle e Gest\u00e3o de Documentos (GEDOC);<\/p>\n\n\n\n<p>1.2 Ger\u00eancia de Aquisi\u00e7\u00e3o e Contrata\u00e7\u00e3o (GECON);<\/p>\n\n\n\n<p>1.3 Ger\u00eancia de Or\u00e7amento e Finan\u00e7as (GEORF); e<\/p>\n\n\n\n<p>1.4 Ger\u00eancia de Contratos, Conv\u00eanios e Suprimento de Fundos (GECOS).<\/p>\n\n\n\n<p>2. Divis\u00e3o de Gest\u00e3o Operacional (DGEOP):<\/p>\n\n\n\n<p>2.1 Ger\u00eancia de Manuten\u00e7\u00e3o e Servi\u00e7os (GEMAS);<\/p>\n\n\n\n<p>2.2 Ger\u00eancia de Material e Patrim\u00f4nio (GEMAP); e<\/p>\n\n\n\n<p>2.3 Ger\u00eancia de Planejamento e Controle Administrativo (GEPCA).<\/p>\n\n\n\n<p>3. Divis\u00e3o de Gest\u00e3o de Pessoas (DIGEP):<\/p>\n\n\n\n<p>3.1 Ger\u00eancia de An\u00e1lise e Acompanhamento de Direitos e Benef\u00edcios Funcionais (GEDIF);<\/p>\n\n\n\n<p>3.2 Ger\u00eancia de Folha de Pagamento (GEFOP); e<\/p>\n\n\n\n<p>3.3 Ger\u00eancia de Monitoramento de Desempenho Funcional e Apoio Social (GEDEF).<\/p>\n\n\n\n<p><strong><u>V \u2013 \u00d3rg\u00e3os de Atividades Final\u00edsticas:<\/u><\/strong><\/p>\n\n\n\n<p><strong>a) Subsecretaria de Or\u00e7amento e Projetos (SUBORP):<\/strong><\/p>\n\n\n\n<p>1. Departamento de Diretrizes e Elabora\u00e7\u00e3o Or\u00e7ament\u00e1ria (DEDEO):<\/p>\n\n\n\n<p>1.1 Divis\u00e3o de Consolida\u00e7\u00e3o da Proposta Or\u00e7ament\u00e1ria (DIVCPO);<\/p>\n\n\n\n<p>1.1.1 Ger\u00eancia de Projetos e Acompanhamento da Receita Or\u00e7ament\u00e1ria (GEPRO);<\/p>\n\n\n\n<p>1.2 Divis\u00e3o de Planejamento, Estat\u00edsticas Fiscais e Normas (DPLEN); e<\/p>\n\n\n\n<p>1.3 Divis\u00e3o de Consolida\u00e7\u00e3o e Acompanhamento do Plano Plurianual (DICAP).<\/p>\n\n\n\n<p>2. Departamento de Programa\u00e7\u00e3o e Execu\u00e7\u00e3o Or\u00e7ament\u00e1ria (DEPEO):<\/p>\n\n\n\n<p>2.1 Divis\u00e3o de Execu\u00e7\u00e3o e Concilia\u00e7\u00e3o das Altera\u00e7\u00f5es Or\u00e7ament\u00e1rias (DIEXE).<\/p>\n\n\n\n<p>2.1.1 Ger\u00eancia de An\u00e1lise e Acompanhamento da Execu\u00e7\u00e3o Or\u00e7ament\u00e1ria (GEORC).<\/p>\n\n\n\n<p>2.2 Divis\u00e3o de Normas e Controle da Execu\u00e7\u00e3o da Despesa Or\u00e7ament\u00e1ria (DINEX);<\/p>\n\n\n\n<p>2.2.1 Ger\u00eancia de An\u00e1lise e Acompanhamento das Despesas Or\u00e7ament\u00e1rias (GEAD).<\/p>\n\n\n\n<p>2.3 Divis\u00e3o de Consolida\u00e7\u00e3o e Acompanhamento da Programa\u00e7\u00e3o Or\u00e7ament\u00e1ria (DIPOR).<\/p>\n\n\n\n<p>3. Departamento de Coordena\u00e7\u00e3o de Projetos (DEPRO):<\/p>\n\n\n\n<p>3.1 Divis\u00e3o de Acompanhamento da Capta\u00e7\u00e3o de Recursos (DIACOR):<\/p>\n\n\n\n<p>3.1.1 Ger\u00eancia de Acompanhamento das Emendas Parlamentares (GEAEP).<\/p>\n\n\n\n<p>4. Departamento de Elabora\u00e7\u00e3o e An\u00e1lise da Despesa de Pessoal e Encargos Sociais (DEPES).<\/p>\n\n\n\n<p><strong>b) Subsecretaria do Tesouro (SUBTES):<\/strong><\/p>\n\n\n\n<p>1. Departamento de Inspetoria Setorial de Finan\u00e7as (DISET):<\/p>\n\n\n\n<p>1.1 Divis\u00e3o de Acompanhamento de Normas e Procedimentos (DIANP); e<\/p>\n\n\n\n<p>1.2 Divis\u00e3o de An\u00e1lise Processual (DIVAP).<\/p>\n\n\n\n<p>2. Departamento Financeiro e Encargos da D\u00edvida P\u00fablica (DEFIN):<\/p>\n\n\n\n<p>2.1 Divis\u00e3o de D\u00edvida P\u00fablica (DIDIP):<\/p>\n\n\n\n<p>2.1.1 Ger\u00eancia de Encargos Gerais (GEREG).<\/p>\n\n\n\n<p>2.2 Divis\u00e3o de Controle Financeiro (DICOF):<\/p>\n\n\n\n<p>2.2.1 Ger\u00eancia de Execu\u00e7\u00e3o Financeira (GEFIN);<\/p>\n\n\n\n<p>2.2.2 Ger\u00eancia de Programa\u00e7\u00e3o de Pagamentos (GERPP); e<\/p>\n\n\n\n<p>2.2.3 Ger\u00eancia de Concilia\u00e7\u00e3o Banc\u00e1ria (GEBAN).<\/p>\n\n\n\n<p>3. Departamento Cont\u00e1bil (DECON):<\/p>\n\n\n\n<p>3.1 Divis\u00e3o de Apoio T\u00e9cnico Cont\u00e1bil (DIATC);<\/p>\n\n\n\n<p>3.1.1 Ger\u00eancia de Elabora\u00e7\u00e3o e An\u00e1lise de Balan\u00e7os GEEAB); e<\/p>\n\n\n\n<p>3.1.2 Ger\u00eancia de Controle das Presta\u00e7\u00f5es de Contas (GECPC).<\/p>\n\n\n\n<p>3.2 Divis\u00e3o de Orienta\u00e7\u00e3o e Escritura\u00e7\u00e3o Cont\u00e1bil (DIOEC):<\/p>\n\n\n\n<p>3.2.1 Ger\u00eancia de Concilia\u00e7\u00e3o da Receita (GECRE);<\/p>\n\n\n\n<p><strong>c) Subsecretaria da Receita (SUBREC):<\/strong><\/p>\n\n\n\n<p>1. Departamento de Auditoria Fiscal e Cadastro Mobili\u00e1rio (DEAFM):<\/p>\n\n\n\n<p>1.1 Divis\u00e3o de Fiscaliza\u00e7\u00e3o 1 (DIFIS 1):<\/p>\n\n\n\n<p>1.1.1 Ger\u00eancia de Auditoria Fiscal 1 (GEAFI 1); e<\/p>\n\n\n\n<p>1.1.2 Ger\u00eancia de Auditoria Fiscal 2 (GEAFI 2).<\/p>\n\n\n\n<p>1.2 Divis\u00e3o de Fiscaliza\u00e7\u00e3o 2 (DIFIS 2):<\/p>\n\n\n\n<p>1.2.1 Ger\u00eancia de Auditoria Fiscal 3 (GEAFI 3); e<\/p>\n\n\n\n<p>1.2.2 Ger\u00eancia de Auditoria Fiscal 4 (GEAFI 4);<\/p>\n\n\n\n<p>1.3 Divis\u00e3o de Cadastro Mobili\u00e1rio (DICAM):<\/p>\n\n\n\n<p>1.3.1 Ger\u00eancia de Cadastro Mobili\u00e1rio (GECAM).<\/p>\n\n\n\n<p>2. Departamento de Auditoria Fiscal e Cadastro Imobili\u00e1rio (DEAFI):<\/p>\n\n\n\n<p>2.1 Divis\u00e3o de Cadastro Imobili\u00e1rio e Geoprocessamento (DIGEO):<\/p>\n\n\n\n<p>2.1.1 Ger\u00eancia de Informa\u00e7\u00f5es Geogr\u00e1ficas (GEINF);<\/p>\n\n\n\n<p>2.1.2 Ger\u00eancia de Manuten\u00e7\u00e3o do Cadastro Imobili\u00e1rio (GEMCA); e<\/p>\n\n\n\n<p>2.1.3 Ger\u00eancia de Atualiza\u00e7\u00e3o do Cadastro Imobili\u00e1rio (GEACA).<\/p>\n\n\n\n<p>2.2 Divis\u00e3o de Fiscaliza\u00e7\u00e3o de Tributos Imobili\u00e1rios (DIFTI):<\/p>\n\n\n\n<p>2.2.1 Ger\u00eancia de Lan\u00e7amento e Auditoria Fiscal do IPTU (GIPTU);<\/p>\n\n\n\n<p>2.2.2 Ger\u00eancia de Lan\u00e7amento e Auditoria Fiscal do ITBI (GITBI); e<\/p>\n\n\n\n<p>2.2.3 Ger\u00eancia de Notifica\u00e7\u00e3o e Inclus\u00e3o de Of\u00edcio (GENIO).<\/p>\n\n\n\n<p>3 Departamento de Estudos, Planejamento e Monitoramento Tribut\u00e1rio (DEPLA):<\/p>\n\n\n\n<p>3.1 Divis\u00e3o de Estudo, Planejamento e Monitoramento Tribut\u00e1rio (DIPLA):<\/p>\n\n\n\n<p>3.1.1 Ger\u00eancia de Estudos e Pesquisas Fiscais (GEEPE);<\/p>\n\n\n\n<p>3.1.2 Gerencia de Planejamento Fiscal e Monitoramento dos Resultados (GEPLA); e<\/p>\n\n\n\n<p>3.1.3 Ger\u00eancia de Monitoramento dos Sistemas Fiscais (GEMSI).<\/p>\n\n\n\n<p>4. Departamento de Atendimento, Arrecada\u00e7\u00e3o e Cobran\u00e7a Administrativa (DEARR):<\/p>\n\n\n\n<p>4.1 Divis\u00e3o de Atendimento ao Contribuinte (DIATE):<\/p>\n\n\n\n<p>4.1.1 Ger\u00eancia dos Prontos Atendimentos aos Cidad\u00e3os (GEPAC).<\/p>\n\n\n\n<p>4.2 Divis\u00e3o de Arrecada\u00e7\u00e3o e Cobran\u00e7a Administrativa (DIACA):<\/p>\n\n\n\n<p>4.2.1 Ger\u00eancia de Cobran\u00e7a Administrativa (GECOB).<\/p>\n\n\n\n<p>5. Departamento de Tributa\u00e7\u00e3o (DETRI):<\/p>\n\n\n\n<p>5.1 Divis\u00e3o de An\u00e1lise, Instru\u00e7\u00e3o e Julgamento em Primeira Inst\u00e2ncia (DIJUT):<\/p>\n\n\n\n<p>5.1.1 Ger\u00eancia de Julgamento Tribut\u00e1rio (GEJUT); e<\/p>\n\n\n\n<p>5.1.2 Ger\u00eancia de An\u00e1lise e Instru\u00e7\u00e3o de Processo (GEINP).<\/p>\n\n\n\n<p><strong>d) Subsecretaria da Tecnologia da Informa\u00e7\u00e3o (SUBTI):<\/strong><\/p>\n\n\n\n<p>1. Departamento de Sistema de Informa\u00e7\u00e3o (DESIS):<\/p>\n\n\n\n<p>1.1 Divis\u00e3o de Projetos e Portais (DIPRO):<\/p>\n\n\n\n<p>1.1.1 Ger\u00eancia de Projetos e Portais (GEPOR); e<\/p>\n\n\n\n<p>1.1.2 Ger\u00eancia de Acompanhamento de Processos (GEAPR);<\/p>\n\n\n\n<p>1.2 Divis\u00e3o de Manuten\u00e7\u00e3o de Sistemas (DIMAS):<\/p>\n\n\n\n<p>1.2.1 Ger\u00eancia de Sistemas Legados (GESLE); e<\/p>\n\n\n\n<p>1.2.2 Ger\u00eancia de Sistemas WEB (GEWEB).<\/p>\n\n\n\n<p>2. Departamento de Seguran\u00e7a e Infraestrutura de TI (DSITI):<\/p>\n\n\n\n<p>2.1 Divis\u00e3o de Opera\u00e7\u00f5es e Suporte (DISUP):<\/p>\n\n\n\n<p>2.1.1 Ger\u00eancia de Help Desk (GDESK); e<\/p>\n\n\n\n<p>2.1.2 Ger\u00eancia de Suporte ao Usu\u00e1rio (GESUP).<\/p>\n\n\n\n<p>2.2 Divis\u00e3o de Infraestrutura e Servi\u00e7os (DIINF):<\/p>\n\n\n\n<p>2.2.1 Ger\u00eancia de Internet e Intranet (GEINT);<\/p>\n\n\n\n<p>2.2.2 Ger\u00eancia de Redes e Telecomunica\u00e7\u00e3o (GERED); e<\/p>\n\n\n\n<p>2.2.3 Ger\u00eancia de Banco de Dados (GERBD).<\/p>\n\n\n\n<p>3. Departamento de GEO\/TI (DEGEO):<\/p>\n\n\n\n<p>3.1 Divis\u00e3o de Normatiza\u00e7\u00e3o e Desenvolvimento de Aplica\u00e7\u00f5es GEO (DDGEO):<\/p>\n\n\n\n<p>3.1.1 Ger\u00eancia de Desenvolvimento de Aplica\u00e7\u00f5es GEO (GEDGEO).<\/p>\n\n\n\n<p>3.2 Divis\u00e3o de Manuten\u00e7\u00e3o, Suporte e Capacita\u00e7\u00e3o em Sistemas GEO (DMGEO):<\/p>\n\n\n\n<p>3.2.1 Ger\u00eancia de Suporte e Capacita\u00e7\u00e3o em Sistemas GEO (GECGEO).<\/p>\n\n\n\n<p>3.3 Divis\u00e3o de Normatiza\u00e7\u00e3o Geogr\u00e1fica e Acompanhamento de Processos (DNGEO).<\/p>\n\n\n\n<p>4.Departamento de Governan\u00e7a em TI e Seguran\u00e7a da Informa\u00e7\u00e3o (DEGOV).<\/p>\n","protected":false},"excerpt":{"rendered":"","protected":false},"author":27,"featured_media":155,"parent":143,"menu_order":1,"comment_status":"closed","ping_status":"closed","template":"templates\/turismo.php","meta":{"footnotes":""},"acf":[],"yoast_head":"<!-- This site is optimized with the Yoast SEO plugin v23.0 - https:\/\/yoast.com\/wordpress\/plugins\/seo\/ -->\n<title>Estrutura Organizacional - SEMEF<\/title>\n<meta name=\"robots\" content=\"index, follow, max-snippet:-1, max-image-preview:large, max-video-preview:-1\" \/>\n<link rel=\"canonical\" href=\"https:\/\/www.manaus.am.gov.br\/semef\/a-semef\/estrutura-organizacional\/\" \/>\n<meta property=\"og:locale\" content=\"pt_BR\" \/>\n<meta property=\"og:type\" content=\"article\" \/>\n<meta property=\"og:title\" content=\"Estrutura Organizacional - SEMEF\" \/>\n<meta property=\"og:url\" content=\"https:\/\/www.manaus.am.gov.br\/semef\/a-semef\/estrutura-organizacional\/\" \/>\n<meta property=\"og:site_name\" content=\"SEMEF\" \/>\n<meta property=\"article:modified_time\" content=\"2025-08-06T13:33:06+00:00\" \/>\n<meta property=\"og:image\" content=\"https:\/\/www.manaus.am.gov.br\/semef\/wp-content\/uploads\/sites\/7\/2022\/12\/Organograma-SEMEF-2015.jpg\" \/>\n\t<meta property=\"og:image:width\" content=\"1766\" \/>\n\t<meta property=\"og:image:height\" content=\"1222\" \/>\n\t<meta property=\"og:image:type\" content=\"image\/jpeg\" \/>\n<meta name=\"twitter:card\" content=\"summary_large_image\" \/>\n<meta name=\"twitter:label1\" content=\"Est. reading time\" \/>\n\t<meta name=\"twitter:data1\" content=\"6 minutos\" \/>\n<script type=\"application\/ld+json\" class=\"yoast-schema-graph\">{\"@context\":\"https:\/\/schema.org\",\"@graph\":[{\"@type\":\"WebPage\",\"@id\":\"https:\/\/www.manaus.am.gov.br\/semef\/a-semef\/estrutura-organizacional\/\",\"url\":\"https:\/\/www.manaus.am.gov.br\/semef\/a-semef\/estrutura-organizacional\/\",\"name\":\"Estrutura Organizacional - SEMEF\",\"isPartOf\":{\"@id\":\"https:\/\/www.manaus.am.gov.br\/semef\/#website\"},\"primaryImageOfPage\":{\"@id\":\"https:\/\/www.manaus.am.gov.br\/semef\/a-semef\/estrutura-organizacional\/#primaryimage\"},\"image\":{\"@id\":\"https:\/\/www.manaus.am.gov.br\/semef\/a-semef\/estrutura-organizacional\/#primaryimage\"},\"thumbnailUrl\":\"https:\/\/www.manaus.am.gov.br\/semef\/wp-content\/uploads\/sites\/7\/2022\/12\/Organograma-SEMEF-2015.jpg\",\"datePublished\":\"2022-12-23T18:31:48+00:00\",\"dateModified\":\"2025-08-06T13:33:06+00:00\",\"breadcrumb\":{\"@id\":\"https:\/\/www.manaus.am.gov.br\/semef\/a-semef\/estrutura-organizacional\/#breadcrumb\"},\"inLanguage\":\"pt-BR\",\"potentialAction\":[{\"@type\":\"ReadAction\",\"target\":[\"https:\/\/www.manaus.am.gov.br\/semef\/a-semef\/estrutura-organizacional\/\"]}]},{\"@type\":\"ImageObject\",\"inLanguage\":\"pt-BR\",\"@id\":\"https:\/\/www.manaus.am.gov.br\/semef\/a-semef\/estrutura-organizacional\/#primaryimage\",\"url\":\"https:\/\/www.manaus.am.gov.br\/semef\/wp-content\/uploads\/sites\/7\/2022\/12\/Organograma-SEMEF-2015.jpg\",\"contentUrl\":\"https:\/\/www.manaus.am.gov.br\/semef\/wp-content\/uploads\/sites\/7\/2022\/12\/Organograma-SEMEF-2015.jpg\",\"width\":1766,\"height\":1222,\"caption\":\"Estrutura Organizacional\"},{\"@type\":\"BreadcrumbList\",\"@id\":\"https:\/\/www.manaus.am.gov.br\/semef\/a-semef\/estrutura-organizacional\/#breadcrumb\",\"itemListElement\":[{\"@type\":\"ListItem\",\"position\":1,\"name\":\"A Semef\",\"item\":\"https:\/\/www.manaus.am.gov.br\/semef\/a-semef\/\"},{\"@type\":\"ListItem\",\"position\":2,\"name\":\"Estrutura Organizacional\"}]},{\"@type\":\"WebSite\",\"@id\":\"https:\/\/www.manaus.am.gov.br\/semef\/#website\",\"url\":\"https:\/\/www.manaus.am.gov.br\/semef\/\",\"name\":\"SEMEF\",\"description\":\"Secretaria Municipal de Finan\u00e7as e Tecnologia da Informa\u00e7\u00e3o\",\"potentialAction\":[{\"@type\":\"SearchAction\",\"target\":{\"@type\":\"EntryPoint\",\"urlTemplate\":\"https:\/\/www.manaus.am.gov.br\/semef\/?s={search_term_string}\"},\"query-input\":\"required name=search_term_string\"}],\"inLanguage\":\"pt-BR\"}]}<\/script>\n<!-- \/ Yoast SEO plugin. -->","yoast_head_json":{"title":"Estrutura Organizacional - SEMEF","robots":{"index":"index","follow":"follow","max-snippet":"max-snippet:-1","max-image-preview":"max-image-preview:large","max-video-preview":"max-video-preview:-1"},"canonical":"https:\/\/www.manaus.am.gov.br\/semef\/a-semef\/estrutura-organizacional\/","og_locale":"pt_BR","og_type":"article","og_title":"Estrutura Organizacional - SEMEF","og_url":"https:\/\/www.manaus.am.gov.br\/semef\/a-semef\/estrutura-organizacional\/","og_site_name":"SEMEF","article_modified_time":"2025-08-06T13:33:06+00:00","og_image":[{"width":1766,"height":1222,"url":"https:\/\/www.manaus.am.gov.br\/semef\/wp-content\/uploads\/sites\/7\/2022\/12\/Organograma-SEMEF-2015.jpg","type":"image\/jpeg"}],"twitter_card":"summary_large_image","twitter_misc":{"Est. reading time":"6 minutos"},"schema":{"@context":"https:\/\/schema.org","@graph":[{"@type":"WebPage","@id":"https:\/\/www.manaus.am.gov.br\/semef\/a-semef\/estrutura-organizacional\/","url":"https:\/\/www.manaus.am.gov.br\/semef\/a-semef\/estrutura-organizacional\/","name":"Estrutura Organizacional - SEMEF","isPartOf":{"@id":"https:\/\/www.manaus.am.gov.br\/semef\/#website"},"primaryImageOfPage":{"@id":"https:\/\/www.manaus.am.gov.br\/semef\/a-semef\/estrutura-organizacional\/#primaryimage"},"image":{"@id":"https:\/\/www.manaus.am.gov.br\/semef\/a-semef\/estrutura-organizacional\/#primaryimage"},"thumbnailUrl":"https:\/\/www.manaus.am.gov.br\/semef\/wp-content\/uploads\/sites\/7\/2022\/12\/Organograma-SEMEF-2015.jpg","datePublished":"2022-12-23T18:31:48+00:00","dateModified":"2025-08-06T13:33:06+00:00","breadcrumb":{"@id":"https:\/\/www.manaus.am.gov.br\/semef\/a-semef\/estrutura-organizacional\/#breadcrumb"},"inLanguage":"pt-BR","potentialAction":[{"@type":"ReadAction","target":["https:\/\/www.manaus.am.gov.br\/semef\/a-semef\/estrutura-organizacional\/"]}]},{"@type":"ImageObject","inLanguage":"pt-BR","@id":"https:\/\/www.manaus.am.gov.br\/semef\/a-semef\/estrutura-organizacional\/#primaryimage","url":"https:\/\/www.manaus.am.gov.br\/semef\/wp-content\/uploads\/sites\/7\/2022\/12\/Organograma-SEMEF-2015.jpg","contentUrl":"https:\/\/www.manaus.am.gov.br\/semef\/wp-content\/uploads\/sites\/7\/2022\/12\/Organograma-SEMEF-2015.jpg","width":1766,"height":1222,"caption":"Estrutura Organizacional"},{"@type":"BreadcrumbList","@id":"https:\/\/www.manaus.am.gov.br\/semef\/a-semef\/estrutura-organizacional\/#breadcrumb","itemListElement":[{"@type":"ListItem","position":1,"name":"A Semef","item":"https:\/\/www.manaus.am.gov.br\/semef\/a-semef\/"},{"@type":"ListItem","position":2,"name":"Estrutura Organizacional"}]},{"@type":"WebSite","@id":"https:\/\/www.manaus.am.gov.br\/semef\/#website","url":"https:\/\/www.manaus.am.gov.br\/semef\/","name":"SEMEF","description":"Secretaria Municipal de Finan\u00e7as e Tecnologia da Informa\u00e7\u00e3o","potentialAction":[{"@type":"SearchAction","target":{"@type":"EntryPoint","urlTemplate":"https:\/\/www.manaus.am.gov.br\/semef\/?s={search_term_string}"},"query-input":"required name=search_term_string"}],"inLanguage":"pt-BR"}]}},"_links":{"self":[{"href":"https:\/\/www.manaus.am.gov.br\/semef\/wp-json\/wp\/v2\/pages\/153"}],"collection":[{"href":"https:\/\/www.manaus.am.gov.br\/semef\/wp-json\/wp\/v2\/pages"}],"about":[{"href":"https:\/\/www.manaus.am.gov.br\/semef\/wp-json\/wp\/v2\/types\/page"}],"author":[{"embeddable":true,"href":"https:\/\/www.manaus.am.gov.br\/semef\/wp-json\/wp\/v2\/users\/27"}],"replies":[{"embeddable":true,"href":"https:\/\/www.manaus.am.gov.br\/semef\/wp-json\/wp\/v2\/comments?post=153"}],"version-history":[{"count":13,"href":"https:\/\/www.manaus.am.gov.br\/semef\/wp-json\/wp\/v2\/pages\/153\/revisions"}],"predecessor-version":[{"id":4398,"href":"https:\/\/www.manaus.am.gov.br\/semef\/wp-json\/wp\/v2\/pages\/153\/revisions\/4398"}],"up":[{"embeddable":true,"href":"https:\/\/www.manaus.am.gov.br\/semef\/wp-json\/wp\/v2\/pages\/143"}],"wp:featuredmedia":[{"embeddable":true,"href":"https:\/\/www.manaus.am.gov.br\/semef\/wp-json\/wp\/v2\/media\/155"}],"wp:attachment":[{"href":"https:\/\/www.manaus.am.gov.br\/semef\/wp-json\/wp\/v2\/media?parent=153"}],"curies":[{"name":"wp","href":"https:\/\/api.w.org\/{rel}","templated":true}]}}