{"id":1311,"date":"2023-04-14T13:59:50","date_gmt":"2023-04-14T17:59:50","guid":{"rendered":"https:\/\/www.manaus.am.gov.br\/semef\/?page_id=1311"},"modified":"2023-04-14T13:59:51","modified_gmt":"2023-04-14T17:59:51","slug":"atendimento-tributario-2","status":"publish","type":"page","link":"https:\/\/www.manaus.am.gov.br\/semef\/atendimento-tributario-2\/","title":{"rendered":"Atendimento Tribut\u00e1rio"},"content":{"rendered":"\n<p><em>A Prefeitura de Manaus, por meio da Secretaria Municipal de Finan\u00e7as e Tecnologia da Informa\u00e7\u00e3o (Semef), montou uma estrutura on-line para realizar o atendimento tribut\u00e1rio aos contribuintes durante o per\u00edodo de quarentena. Em cumprimento ao Decreto N\u00ba. 5.001\/21, que declara situa\u00e7\u00e3o de emerg\u00eancia em Manaus devido o avan\u00e7o da pandemia causada pelo novo coronav\u00edrus, e ao Decreto N\u00ba. 4.999\/21, que estabelece o regime excepcional de teletrabalho dos servidores p\u00fablicos do munic\u00edpio, o atendimento presencial dos postos e Central Manaus Atende est\u00e1 suspenso.&nbsp;<\/em><\/p>\n\n\n\n<h2 class=\"wp-block-heading\">Ficam disponibilizados os seguintes meios de acesso para atendimento ao contribuinte:<\/h2>\n\n\n\n<p><strong>I \u2013 Formaliza\u00e7\u00e3o de processos<\/strong>:&nbsp;<a href=\"https:\/\/manausatende.manaus.am.gov.br\/\">http:\/\/manausatende.manaus.am.gov.br<\/a><\/p>\n\n\n\n<p><strong>II \u2013 Emiss\u00e3o de Certid\u00e3o Negativa de D\u00e9bitos \u2013 CND:<\/strong><\/p>\n\n\n\n<ol>\n<li>Portal de Atendimento no endere\u00e7o eletr\u00f4nico&nbsp;<a href=\"http:\/\/manausatende.manaus.am.gov.br\/\">http:\/\/manausatende.manaus.am.gov.br<\/a><\/li>\n\n\n\n<li>Telefone 156 (de segunda a sexta-feira, de 08:00h \u00e0s 14:00h) para orienta\u00e7\u00f5es de acesso remoto<\/li>\n<\/ol>\n\n\n\n<p><strong>III \u2013 Emiss\u00e3o de Certid\u00e3o Positiva de D\u00e9bito com efeito de negativa:<\/strong><\/p>\n\n\n\n<ol>\n<li>Portal de Atendimento no endere\u00e7o eletr\u00f4nico&nbsp;<a href=\"http:\/\/manausatende.manaus.am.gov.br\/\">http:\/\/manausatende.manaus.am.gov.br<\/a><\/li>\n\n\n\n<li>Por meio de&nbsp;<a href=\"https:\/\/chat.directtalk.com.br\/static\/?chatId=62c824dc-4e95-4568-acac-19048be6b270\">Chat<\/a>&nbsp;ou&nbsp;<a href=\"https:\/\/semef.manaus.am.gov.br\/\">https:\/\/semef.manaus.am.gov.br<\/a>&nbsp;(de segunda a sexta-feira, de 08:00h \u00e0s 14:00h).<\/li>\n\n\n\n<li>Telefone 156, para orienta\u00e7\u00f5es de acesso remoto (de segunda a sexta-feira, de 08:00h \u00e0s 14:00h).<\/li>\n<\/ol>\n\n\n\n<p><strong>IV \u2013&nbsp; Emiss\u00e3o de guias de recolhimento de IPTU, ISSQN, taxas e Multas por Infra\u00e7\u00e3o:<\/strong><\/p>\n\n\n\n<ol>\n<li>Portal de Atendimento&nbsp;<a href=\"https:\/\/manausatende.manaus.am.gov.br\/\">https:\/\/manausatende.manaus.am.gov.br<\/a><\/li>\n\n\n\n<li>Telefone 156 (de segunda a sexta-feira, de 08:00h \u00e0s 14:00h).<\/li>\n<\/ol>\n\n\n\n<p><strong>V \u2013 Parcelamento de d\u00e9bitos tribut\u00e1rios:<\/strong><\/p>\n\n\n\n<ol>\n<li>Portal de Atendimento&nbsp;<a href=\"https:\/\/semefatende.manaus.am.gov.br\/parcelamento-web\">https:\/\/https:\/\/semefatende.manaus.am.gov.br\/parcelamento-web<\/a><\/li>\n\n\n\n<li>Telefone 156 (de segunda a sexta-feira, de 08:00h \u00e0s 14:00h).<\/li>\n<\/ol>\n\n\n\n<p><strong>VI \u2013 Cadastramento para emiss\u00e3o de Nota Fiscal de Servi\u00e7os avulsa:<\/strong><\/p>\n\n\n\n<ol>\n<li>Endere\u00e7o eletr\u00f4nico&nbsp;<a href=\"https:\/\/inscricaonfsa.manaus.am.gov.br\/\">https:\/\/inscricaonfsa.manaus.am.gov.br<\/a><\/li>\n\n\n\n<li>Canal Fale Conosco&nbsp;<a href=\"https:\/\/semefatende.manaus.am.gov.br\/contato\">https:\/\/semefatende.manaus.am.gov.br\/contato<\/a><\/li>\n\n\n\n<li>Telefone 156 (de segunda a sexta-feira, de 08:00h \u00e0s 14:00h).<\/li>\n<\/ol>\n\n\n\n<p><strong>VII \u2013 Certid\u00e3o narrativa de IPTU:<\/strong><\/p>\n\n\n\n<ol>\n<li>e-mail:&nbsp;<a href=\"mailto:certidaonarrativaiptu@pmm.am.gov.br\">certidaonarrativaiptu@pmm.am.gov.br<\/a><\/li>\n<\/ol>\n\n\n\n<p><strong>&nbsp;VIII \u2013 Certid\u00e3o de inexist\u00eancia de cadastro de IPTU<\/strong>:<\/p>\n\n\n\n<ol>\n<li>e-mail:&nbsp;<a href=\"mailto:certidaoinexistenciaiptu@pmm.am.gov.br\">certidaoinexistenciaiptu@pmm.am.gov.br<\/a><\/li>\n<\/ol>\n\n\n\n<p><strong>IX \u2013 Pedido de corre\u00e7\u00e3o cadastral para emiss\u00e3o de NFS-e:<\/strong><\/p>\n\n\n\n<ol>\n<li>e-mail:&nbsp;<a href=\"mailto:nfse.cadastro@pmm.am.gov.br\">nfse.cadastro@pmm.am.gov.br<\/a><\/li>\n\n\n\n<li>Telefone 156, para atendimento remoto (de segunda a sexta-feira, de 08:00h \u00e0s 14:00h).<\/li>\n<\/ol>\n\n\n\n<p><strong>X \u2013 Acompanhamento de pedido de revis\u00e3o de lan\u00e7amento do ITBI:<\/strong><\/p>\n\n\n\n<ol>\n<li>e-mail:&nbsp;<a href=\"mailto:itbi.semef@pmm.am.gov.br\">itbi.semef@pmm.am.gov.br<\/a><\/li>\n\n\n\n<li>Telefone 156 (de segunda a sexta-feira, de 08:00h \u00e0s 14:00h).<\/li>\n<\/ol>\n\n\n\n<p><strong>XI \u2013 Acompanhamento de pedido de isen\u00e7\u00e3o de IPTU:<\/strong><\/p>\n\n\n\n<ol>\n<li>e-mail:&nbsp;<a href=\"mailto:isencao.iptu@pmm.am.gov.br\">isencao.iptu@pmm.am.gov.br<\/a><\/li>\n<\/ol>\n\n\n\n<p>&nbsp;<strong>XII \u2013 Acompanhamento de pedido de remiss\u00e3o de IPTU:<\/strong><\/p>\n\n\n\n<ol>\n<li>e-mail:&nbsp;<a href=\"mailto:remissao.iptu@pmm.am.gov.br\">remissao.iptu@pmm.am.gov.br<\/a><\/li>\n<\/ol>\n\n\n\n<p><strong>XIII \u2013 Acompanhamento de pedido reconhecimento de Imunidade:<\/strong><\/p>\n\n\n\n<ol>\n<li>e-mail:&nbsp;<a href=\"mailto:imunidade.iss@pmm.am.gov.br\">imunidade.iss@pmm.am.gov.br<\/a><\/li>\n\n\n\n<li>e-mail:&nbsp;<a href=\"mailto:imunidade.iptu@pmm.am.gov.br\">imunidade.iptu@pmm.am.gov.br<\/a><\/li>\n<\/ol>\n\n\n\n<p><strong>XIV \u2013 Acompanhamento de pedido de baixa de d\u00e9bitos:<\/strong><\/p>\n\n\n\n<ol>\n<li>e-mail:&nbsp;<a href=\"mailto:baixadebitos@pmm.am.gov.br\">baixadebitos@pmm.am.gov.br<\/a><\/li>\n<\/ol>\n\n\n\n<p><strong>XV \u2013 Acompanhamento de pedido de n\u00e3o incid\u00eancia de ITBI:<\/strong><\/p>\n\n\n\n<ol>\n<li>e-mail:&nbsp;<a href=\"mailto:naoincidencia.itbi@pmm.am.gov.br\">naoincidencia.itbi@pmm.am.gov.br<\/a><\/li>\n<\/ol>\n\n\n\n<p><strong>XVI \u2013 Acompanhamento de impugna\u00e7\u00e3o ISSQN primeira inst\u00e2ncia:<\/strong><\/p>\n\n\n\n<ol>\n<li>e-mail:&nbsp;<a href=\"mailto:impugnacaoissprimeirainstancia@pmm.am.gov.br\">impugnacaoissprimeirainstancia@pmm.am.gov.br<\/a><\/li>\n<\/ol>\n\n\n\n<p><strong>XVII \u2013 Op\u00e7\u00e3o ao Simples Nacional:<\/strong><\/p>\n\n\n\n<ol>\n<li>e-mail:&nbsp;<a href=\"mailto:opcaosn.cadastro@pmm.am.gov.br\">opcaosn.cadastro@pmm.am.gov.br<\/a><\/li>\n<\/ol>\n\n\n\n<p><strong>XVIII \u2013 Acompanhamento de processos do Simples Nacional:<\/strong><\/p>\n\n\n\n<ol>\n<li>e-mail:&nbsp;<a href=\"mailto:simplesnacional@pmm.am.gov.br\">simplesnacional@pmm.am.gov.br<\/a><\/li>\n<\/ol>\n","protected":false},"excerpt":{"rendered":"","protected":false},"author":27,"featured_media":0,"parent":0,"menu_order":0,"comment_status":"closed","ping_status":"closed","template":"","meta":{"footnotes":""},"acf":[],"yoast_head":"<!-- This site is optimized with the Yoast SEO plugin v23.0 - https:\/\/yoast.com\/wordpress\/plugins\/seo\/ -->\n<title>Atendimento Tribut\u00e1rio - SEMEF<\/title>\n<meta name=\"robots\" content=\"index, follow, max-snippet:-1, max-image-preview:large, max-video-preview:-1\" \/>\n<link rel=\"canonical\" href=\"https:\/\/www.manaus.am.gov.br\/semef\/atendimento-tributario-2\/\" \/>\n<meta property=\"og:locale\" content=\"pt_BR\" \/>\n<meta property=\"og:type\" content=\"article\" \/>\n<meta property=\"og:title\" content=\"Atendimento Tribut\u00e1rio - SEMEF\" \/>\n<meta property=\"og:url\" content=\"https:\/\/www.manaus.am.gov.br\/semef\/atendimento-tributario-2\/\" \/>\n<meta property=\"og:site_name\" content=\"SEMEF\" \/>\n<meta property=\"article:modified_time\" content=\"2023-04-14T17:59:51+00:00\" \/>\n<meta name=\"twitter:card\" content=\"summary_large_image\" \/>\n<meta name=\"twitter:label1\" content=\"Est. reading time\" \/>\n\t<meta name=\"twitter:data1\" content=\"3 minutos\" \/>\n<script type=\"application\/ld+json\" class=\"yoast-schema-graph\">{\"@context\":\"https:\/\/schema.org\",\"@graph\":[{\"@type\":\"WebPage\",\"@id\":\"https:\/\/www.manaus.am.gov.br\/semef\/atendimento-tributario-2\/\",\"url\":\"https:\/\/www.manaus.am.gov.br\/semef\/atendimento-tributario-2\/\",\"name\":\"Atendimento Tribut\u00e1rio - SEMEF\",\"isPartOf\":{\"@id\":\"https:\/\/www.manaus.am.gov.br\/semef\/#website\"},\"datePublished\":\"2023-04-14T17:59:50+00:00\",\"dateModified\":\"2023-04-14T17:59:51+00:00\",\"inLanguage\":\"pt-BR\",\"potentialAction\":[{\"@type\":\"ReadAction\",\"target\":[\"https:\/\/www.manaus.am.gov.br\/semef\/atendimento-tributario-2\/\"]}]},{\"@type\":\"WebSite\",\"@id\":\"https:\/\/www.manaus.am.gov.br\/semef\/#website\",\"url\":\"https:\/\/www.manaus.am.gov.br\/semef\/\",\"name\":\"SEMEF\",\"description\":\"Secretaria Municipal de Finan\u00e7as e Tecnologia da Informa\u00e7\u00e3o\",\"potentialAction\":[{\"@type\":\"SearchAction\",\"target\":{\"@type\":\"EntryPoint\",\"urlTemplate\":\"https:\/\/www.manaus.am.gov.br\/semef\/?s={search_term_string}\"},\"query-input\":\"required name=search_term_string\"}],\"inLanguage\":\"pt-BR\"}]}<\/script>\n<!-- \/ Yoast SEO plugin. -->","yoast_head_json":{"title":"Atendimento Tribut\u00e1rio - SEMEF","robots":{"index":"index","follow":"follow","max-snippet":"max-snippet:-1","max-image-preview":"max-image-preview:large","max-video-preview":"max-video-preview:-1"},"canonical":"https:\/\/www.manaus.am.gov.br\/semef\/atendimento-tributario-2\/","og_locale":"pt_BR","og_type":"article","og_title":"Atendimento Tribut\u00e1rio - SEMEF","og_url":"https:\/\/www.manaus.am.gov.br\/semef\/atendimento-tributario-2\/","og_site_name":"SEMEF","article_modified_time":"2023-04-14T17:59:51+00:00","twitter_card":"summary_large_image","twitter_misc":{"Est. reading time":"3 minutos"},"schema":{"@context":"https:\/\/schema.org","@graph":[{"@type":"WebPage","@id":"https:\/\/www.manaus.am.gov.br\/semef\/atendimento-tributario-2\/","url":"https:\/\/www.manaus.am.gov.br\/semef\/atendimento-tributario-2\/","name":"Atendimento Tribut\u00e1rio - SEMEF","isPartOf":{"@id":"https:\/\/www.manaus.am.gov.br\/semef\/#website"},"datePublished":"2023-04-14T17:59:50+00:00","dateModified":"2023-04-14T17:59:51+00:00","inLanguage":"pt-BR","potentialAction":[{"@type":"ReadAction","target":["https:\/\/www.manaus.am.gov.br\/semef\/atendimento-tributario-2\/"]}]},{"@type":"WebSite","@id":"https:\/\/www.manaus.am.gov.br\/semef\/#website","url":"https:\/\/www.manaus.am.gov.br\/semef\/","name":"SEMEF","description":"Secretaria Municipal de Finan\u00e7as e Tecnologia da Informa\u00e7\u00e3o","potentialAction":[{"@type":"SearchAction","target":{"@type":"EntryPoint","urlTemplate":"https:\/\/www.manaus.am.gov.br\/semef\/?s={search_term_string}"},"query-input":"required name=search_term_string"}],"inLanguage":"pt-BR"}]}},"_links":{"self":[{"href":"https:\/\/www.manaus.am.gov.br\/semef\/wp-json\/wp\/v2\/pages\/1311"}],"collection":[{"href":"https:\/\/www.manaus.am.gov.br\/semef\/wp-json\/wp\/v2\/pages"}],"about":[{"href":"https:\/\/www.manaus.am.gov.br\/semef\/wp-json\/wp\/v2\/types\/page"}],"author":[{"embeddable":true,"href":"https:\/\/www.manaus.am.gov.br\/semef\/wp-json\/wp\/v2\/users\/27"}],"replies":[{"embeddable":true,"href":"https:\/\/www.manaus.am.gov.br\/semef\/wp-json\/wp\/v2\/comments?post=1311"}],"version-history":[{"count":1,"href":"https:\/\/www.manaus.am.gov.br\/semef\/wp-json\/wp\/v2\/pages\/1311\/revisions"}],"predecessor-version":[{"id":1313,"href":"https:\/\/www.manaus.am.gov.br\/semef\/wp-json\/wp\/v2\/pages\/1311\/revisions\/1313"}],"wp:attachment":[{"href":"https:\/\/www.manaus.am.gov.br\/semef\/wp-json\/wp\/v2\/media?parent=1311"}],"curies":[{"name":"wp","href":"https:\/\/api.w.org\/{rel}","templated":true}]}}