{"id":965,"date":"2023-01-27T10:16:12","date_gmt":"2023-01-27T14:16:12","guid":{"rendered":"https:\/\/www.manaus.am.gov.br\/semed\/?page_id=965"},"modified":"2023-03-22T08:59:55","modified_gmt":"2023-03-22T12:59:55","slug":"comissao-de-monitoramento-e-avaliacao-do-plano-municipal-de-educacao","status":"publish","type":"page","link":"https:\/\/www.manaus.am.gov.br\/semed\/comissao-de-monitoramento-e-avaliacao-do-plano-municipal-de-educacao\/","title":{"rendered":"Comiss\u00e3o de Monitoramento e Avalia\u00e7\u00e3o do Plano Municipal de Educa\u00e7\u00e3o"},"content":{"rendered":"\n<p>A Comiss\u00e3o de Monitoramento e Avalia\u00e7\u00e3o do Plano Municipal de Educa\u00e7\u00e3o, criada pela Lei Municipal n\u00ba 2.000 de 24 de junho de 2015, tem por objetivo\u00a0\u00a0a execu\u00e7\u00e3o do PME e o cumprimento de suas metas de monitoramento cont\u00ednuo e de avalia\u00e7\u00f5es peri\u00f3dicas, realizados pelas seguintes inst\u00e2ncias:<\/p>\n\n\n\n<p>I \u2013\u00a0Secretaria Municipal de Educa\u00e7\u00e3o (Semed);<br>II \u2013\u00a0Comiss\u00e3o de Educa\u00e7\u00e3o da C\u00e2mara Municipal de Manaus;<br>III \u2013\u00a0Conselho Municipal de Educa\u00e7\u00e3o;<br>IV\u00a0\u2013 Conselho de Acompanhamento e Controle Social do Fundeb;<br>V \u2013\u00a0F\u00f3rum Municipal de Educa\u00e7\u00e3o.<\/p>\n\n\n\n<h3 class=\"wp-block-heading\"><br>Compete, ainda, \u00e0s inst\u00e2ncias referidas:<\/h3>\n\n\n\n<p>I \u2013\u00a0divulgar os resultados do monitoramento e das avalia\u00e7\u00f5es nos respectivos s\u00edtios institucionais na internet;<br>II \u2013\u00a0analisar e propor pol\u00edticas p\u00fablicas para assegurar a implementa\u00e7\u00e3o das estrat\u00e9gias e o cumprimento das metas;<br>III \u2013\u00a0analisar e propor a amplia\u00e7\u00e3o progressiva do investimento p\u00fablico em educa\u00e7\u00e3o, podendo ser revista, conforme o caso, para atender \u00e0s necessidades financeiras do cumprimento das demais metas deste Plano.<\/p>\n\n\n\n<p><em>(Lei Municipal n\u00ba 2.000 de 24 de junho de 2015)<\/em><\/p>\n\n\n\n<p>Conhe\u00e7a a Legisla\u00e7\u00e3o acerca da Comiss\u00e3o, assim como os seus relat\u00f3rio e conclus\u00f5es:<\/p>\n\n\n\n<h2 class=\"wp-block-heading\"><a href=\"https:\/\/www.manaus.am.gov.br\/semed\/wp-content\/uploads\/sites\/3\/2023\/02\/001-2015.06.24-DOM-3674-Plano-Municipal-de-Educacao.pdf\" target=\"_blank\" rel=\"noreferrer noopener\">LEI N\u00ba 2.000, DE 24 DE JUNHO DE 2015<\/a><\/h2>\n\n\n\n<p>APROVA\u00a0o Plano Municipal de Educa\u00e7\u00e3o do munic\u00edpio de Manaus e d\u00e1 outras provid\u00eancias.<\/p>\n\n\n\n<h2 class=\"wp-block-heading\"><a href=\"https:\/\/www.manaus.am.gov.br\/semed\/wp-content\/uploads\/sites\/3\/2023\/02\/002-2015.09.01-DOM-3723-Portaria-da-CMAPME.pdf\" target=\"_blank\" rel=\"noreferrer noopener\">PORTARIA N\u00ba 0285 \/2015-SEMED\/GS\u00a0<\/a><\/h2>\n\n\n\n<p>Constitui Comiss\u00e3o Interna no \u00e2mbito da Secretaria Municipal de Educa\u00e7\u00e3o para monitorar o cumprimento das metas estabelecidas pelo Plano Municipal de Educa\u00e7\u00e3o e avaliar periodicamente as a\u00e7\u00f5es estrat\u00e9gicas realizadas com vistas do atingimento das referidas metas.\u00a0<\/p>\n\n\n\n<h2 class=\"wp-block-heading\"><a href=\"https:\/\/www.manaus.am.gov.br\/semed\/wp-content\/uploads\/sites\/3\/2023\/02\/003-2021.-04.15-DOM-5076-Portaria-da-CMAPME.pdf\" target=\"_blank\" rel=\"noreferrer noopener\">PORTARIA N\u00ba 0281 \/2021-SEMED\/GS<\/a><\/h2>\n\n\n\n<p>Regulamenta o funcionamento da Comiss\u00e3o<a href=\"https:\/\/semed.manaus.am.gov.br\/wp-content\/uploads\/2021\/10\/003-2021.-04.15-DOM-5076-Portaria-da-CMAPME.pdf\"><\/a><\/p>\n\n\n\n<h2 class=\"wp-block-heading\"><a href=\"https:\/\/www.manaus.am.gov.br\/semed\/wp-content\/uploads\/sites\/3\/2023\/02\/004-Relatorio-PME-2015-A-2017.pdf\" target=\"_blank\" rel=\"noreferrer noopener\">Relat\u00f3rio PME 2015 a 2017<\/a><\/h2>\n\n\n\n<p>Plano Municipal de Educa\u00e7\u00e3o de Manaus PME, Lei Municipal n\u00ba 2.000 de 2015<\/p>\n\n\n\n<h2 class=\"wp-block-heading\"><a href=\"https:\/\/www.manaus.am.gov.br\/semed\/wp-content\/uploads\/sites\/3\/2023\/02\/005-Relatorio_Gestao_2018.2019.pdf\" target=\"_blank\" rel=\"noreferrer noopener\">Relat\u00f3rio Gest\u00e3o 2018 a 2019<\/a><\/h2>\n\n\n\n<p>Relat\u00f3rio Anual de Monitoramento e Avalia\u00e7\u00e3o do Plano Municipal de Educa\u00e7\u00e3o de Manaus &#8211; PME<a href=\"https:\/\/semed.manaus.am.gov.br\/wp-content\/uploads\/2021\/10\/005-Relatorio_Gestao_2018.2019.pdf\"><\/a><\/p>\n\n\n\n<h2 class=\"wp-block-heading\"><a href=\"https:\/\/www.manaus.am.gov.br\/semed\/wp-content\/uploads\/sites\/3\/2023\/02\/006-Relatorio_Gestao_2020.pdf\" target=\"_blank\" rel=\"noreferrer noopener\">Relat\u00f3rio de_Gest\u00e3o_2020<\/a><\/h2>\n\n\n\n<p>O Relat\u00f3rio de Gest\u00e3o 2020 descreve o n\u00edvel de alcance das metas estabelecidas pelo Plano Municipal de Educa\u00e7\u00e3o (PME), institu\u00eddo pela Lei Municipal n\u00ba 2.000, de 25 de junho de 2015.<\/p>\n\n\n\n<h2 class=\"wp-block-heading\"><a href=\"https:\/\/www.manaus.am.gov.br\/semed\/wp-content\/uploads\/sites\/3\/2023\/02\/007-L13005.pdf\" target=\"_blank\" rel=\"noreferrer noopener\">LEI N\u00ba 13.005 DE 25 DE JUNHO DE 2014<\/a><\/h2>\n\n\n\n<p>Aprova o Plano Nacional de Educa\u00e7\u00e3o \u2013 PNE e d\u00e1 outras provid\u00eancias<\/p>\n\n\n\n<h3 class=\"wp-block-heading\">Entre em contato<\/h3>\n\n\n\n<p>Telefone: <a href=\"tel:+5592993514023\">(92) 99351-4023<\/a><br>E-mail: <a href=\"mailto:cmapme.semed@semed.manaus.am.gov.br\">cmapme.semed@semed.manaus.am.gov.br<\/a><\/p>\n\n\n\n<p><a href=\"https:\/\/semed.manaus.am.gov.br\/wp-content\/uploads\/2021\/10\/006-Relatorio_Gestao_2020.pdf\"><\/a><\/p>\n\n\n\n<p><a href=\"https:\/\/semed.manaus.am.gov.br\/wp-content\/uploads\/2021\/10\/004-Relatorio-PME-2015-A-2017.pdf\"><\/a><\/p>\n","protected":false},"excerpt":{"rendered":"","protected":false},"author":27,"featured_media":0,"parent":0,"menu_order":0,"comment_status":"closed","ping_status":"closed","template":"","meta":{"footnotes":""},"acf":[],"yoast_head":"<!-- This site is optimized with the Yoast SEO plugin v23.0 - https:\/\/yoast.com\/wordpress\/plugins\/seo\/ -->\n<title>Comiss\u00e3o de Monitoramento e Avalia\u00e7\u00e3o do Plano Municipal de Educa\u00e7\u00e3o - SEMED<\/title>\n<meta name=\"robots\" content=\"index, follow, max-snippet:-1, max-image-preview:large, max-video-preview:-1\" \/>\n<link rel=\"canonical\" href=\"https:\/\/www.manaus.am.gov.br\/semed\/comissao-de-monitoramento-e-avaliacao-do-plano-municipal-de-educacao\/\" \/>\n<meta property=\"og:locale\" content=\"pt_BR\" \/>\n<meta property=\"og:type\" content=\"article\" \/>\n<meta property=\"og:title\" content=\"Comiss\u00e3o de Monitoramento e Avalia\u00e7\u00e3o do Plano Municipal de Educa\u00e7\u00e3o - SEMED\" \/>\n<meta property=\"og:url\" content=\"https:\/\/www.manaus.am.gov.br\/semed\/comissao-de-monitoramento-e-avaliacao-do-plano-municipal-de-educacao\/\" \/>\n<meta property=\"og:site_name\" content=\"SEMED\" \/>\n<meta property=\"article:modified_time\" content=\"2023-03-22T12:59:55+00:00\" \/>\n<meta property=\"og:image\" content=\"https:\/\/www.manaus.am.gov.br\/semed\/wp-content\/uploads\/sites\/3\/2024\/07\/thumb-default-2.png\" \/>\n\t<meta property=\"og:image:width\" content=\"966\" \/>\n\t<meta property=\"og:image:height\" content=\"520\" \/>\n\t<meta property=\"og:image:type\" content=\"image\/png\" \/>\n<meta name=\"twitter:card\" content=\"summary_large_image\" \/>\n<meta name=\"twitter:label1\" content=\"Est. reading time\" \/>\n\t<meta name=\"twitter:data1\" content=\"2 minutos\" \/>\n<script type=\"application\/ld+json\" class=\"yoast-schema-graph\">{\"@context\":\"https:\/\/schema.org\",\"@graph\":[{\"@type\":\"Article\",\"@id\":\"https:\/\/www.manaus.am.gov.br\/semed\/comissao-de-monitoramento-e-avaliacao-do-plano-municipal-de-educacao\/#article\",\"isPartOf\":{\"@id\":\"https:\/\/www.manaus.am.gov.br\/semed\/comissao-de-monitoramento-e-avaliacao-do-plano-municipal-de-educacao\/\"},\"author\":{\"name\":\"Imarketing Digital\",\"@id\":\"https:\/\/www.manaus.am.gov.br\/semed\/#\/schema\/person\/79525a47ac5902f50493820d995728ee\"},\"headline\":\"Comiss\u00e3o de Monitoramento e Avalia\u00e7\u00e3o do Plano Municipal de Educa\u00e7\u00e3o\",\"datePublished\":\"2023-01-27T14:16:12+00:00\",\"dateModified\":\"2023-03-22T12:59:55+00:00\",\"mainEntityOfPage\":{\"@id\":\"https:\/\/www.manaus.am.gov.br\/semed\/comissao-de-monitoramento-e-avaliacao-do-plano-municipal-de-educacao\/\"},\"wordCount\":394,\"publisher\":{\"@id\":\"https:\/\/www.manaus.am.gov.br\/semed\/#organization\"},\"inLanguage\":\"pt-BR\"},{\"@type\":\"WebPage\",\"@id\":\"https:\/\/www.manaus.am.gov.br\/semed\/comissao-de-monitoramento-e-avaliacao-do-plano-municipal-de-educacao\/\",\"url\":\"https:\/\/www.manaus.am.gov.br\/semed\/comissao-de-monitoramento-e-avaliacao-do-plano-municipal-de-educacao\/\",\"name\":\"Comiss\u00e3o de Monitoramento e Avalia\u00e7\u00e3o do Plano Municipal de Educa\u00e7\u00e3o - SEMED\",\"isPartOf\":{\"@id\":\"https:\/\/www.manaus.am.gov.br\/semed\/#website\"},\"datePublished\":\"2023-01-27T14:16:12+00:00\",\"dateModified\":\"2023-03-22T12:59:55+00:00\",\"inLanguage\":\"pt-BR\",\"potentialAction\":[{\"@type\":\"ReadAction\",\"target\":[\"https:\/\/www.manaus.am.gov.br\/semed\/comissao-de-monitoramento-e-avaliacao-do-plano-municipal-de-educacao\/\"]}]},{\"@type\":\"WebSite\",\"@id\":\"https:\/\/www.manaus.am.gov.br\/semed\/#website\",\"url\":\"https:\/\/www.manaus.am.gov.br\/semed\/\",\"name\":\"Secretaria Municipal de Educa\u00e7\u00e3o\",\"description\":\"Secretaria Municipal de Educa\u00e7\u00e3o\",\"publisher\":{\"@id\":\"https:\/\/www.manaus.am.gov.br\/semed\/#organization\"},\"alternateName\":\"SEMED\",\"potentialAction\":[{\"@type\":\"SearchAction\",\"target\":{\"@type\":\"EntryPoint\",\"urlTemplate\":\"https:\/\/www.manaus.am.gov.br\/semed\/?s={search_term_string}\"},\"query-input\":\"required name=search_term_string\"}],\"inLanguage\":\"pt-BR\"},{\"@type\":\"Organization\",\"@id\":\"https:\/\/www.manaus.am.gov.br\/semed\/#organization\",\"name\":\"Secretaria de Educa\u00e7\u00e3o\",\"alternateName\":\"SEMED\",\"url\":\"https:\/\/www.manaus.am.gov.br\/semed\/\",\"logo\":{\"@type\":\"ImageObject\",\"inLanguage\":\"pt-BR\",\"@id\":\"https:\/\/www.manaus.am.gov.br\/semed\/#\/schema\/logo\/image\/\",\"url\":\"https:\/\/www.manaus.am.gov.br\/semed\/wp-content\/uploads\/sites\/3\/2022\/11\/favicon.png\",\"contentUrl\":\"https:\/\/www.manaus.am.gov.br\/semed\/wp-content\/uploads\/sites\/3\/2022\/11\/favicon.png\",\"width\":300,\"height\":300,\"caption\":\"Secretaria de Educa\u00e7\u00e3o\"},\"image\":{\"@id\":\"https:\/\/www.manaus.am.gov.br\/semed\/#\/schema\/logo\/image\/\"}},{\"@type\":\"Person\",\"@id\":\"https:\/\/www.manaus.am.gov.br\/semed\/#\/schema\/person\/79525a47ac5902f50493820d995728ee\",\"name\":\"Imarketing Digital\",\"image\":{\"@type\":\"ImageObject\",\"inLanguage\":\"pt-BR\",\"@id\":\"https:\/\/www.manaus.am.gov.br\/semed\/#\/schema\/person\/image\/\",\"url\":\"https:\/\/secure.gravatar.com\/avatar\/03432d3c57b756ed9760f7019c815a3a?s=96&d=mm&r=g\",\"contentUrl\":\"https:\/\/secure.gravatar.com\/avatar\/03432d3c57b756ed9760f7019c815a3a?s=96&d=mm&r=g\",\"caption\":\"Imarketing Digital\"}}]}<\/script>\n<!-- \/ Yoast SEO plugin. -->","yoast_head_json":{"title":"Comiss\u00e3o de Monitoramento e Avalia\u00e7\u00e3o do Plano Municipal de Educa\u00e7\u00e3o - SEMED","robots":{"index":"index","follow":"follow","max-snippet":"max-snippet:-1","max-image-preview":"max-image-preview:large","max-video-preview":"max-video-preview:-1"},"canonical":"https:\/\/www.manaus.am.gov.br\/semed\/comissao-de-monitoramento-e-avaliacao-do-plano-municipal-de-educacao\/","og_locale":"pt_BR","og_type":"article","og_title":"Comiss\u00e3o de Monitoramento e Avalia\u00e7\u00e3o do Plano Municipal de Educa\u00e7\u00e3o - SEMED","og_url":"https:\/\/www.manaus.am.gov.br\/semed\/comissao-de-monitoramento-e-avaliacao-do-plano-municipal-de-educacao\/","og_site_name":"SEMED","article_modified_time":"2023-03-22T12:59:55+00:00","og_image":[{"width":966,"height":520,"url":"https:\/\/www.manaus.am.gov.br\/semed\/wp-content\/uploads\/sites\/3\/2024\/07\/thumb-default-2.png","type":"image\/png"}],"twitter_card":"summary_large_image","twitter_misc":{"Est. reading time":"2 minutos"},"schema":{"@context":"https:\/\/schema.org","@graph":[{"@type":"Article","@id":"https:\/\/www.manaus.am.gov.br\/semed\/comissao-de-monitoramento-e-avaliacao-do-plano-municipal-de-educacao\/#article","isPartOf":{"@id":"https:\/\/www.manaus.am.gov.br\/semed\/comissao-de-monitoramento-e-avaliacao-do-plano-municipal-de-educacao\/"},"author":{"name":"Imarketing Digital","@id":"https:\/\/www.manaus.am.gov.br\/semed\/#\/schema\/person\/79525a47ac5902f50493820d995728ee"},"headline":"Comiss\u00e3o de Monitoramento e Avalia\u00e7\u00e3o do Plano Municipal de Educa\u00e7\u00e3o","datePublished":"2023-01-27T14:16:12+00:00","dateModified":"2023-03-22T12:59:55+00:00","mainEntityOfPage":{"@id":"https:\/\/www.manaus.am.gov.br\/semed\/comissao-de-monitoramento-e-avaliacao-do-plano-municipal-de-educacao\/"},"wordCount":394,"publisher":{"@id":"https:\/\/www.manaus.am.gov.br\/semed\/#organization"},"inLanguage":"pt-BR"},{"@type":"WebPage","@id":"https:\/\/www.manaus.am.gov.br\/semed\/comissao-de-monitoramento-e-avaliacao-do-plano-municipal-de-educacao\/","url":"https:\/\/www.manaus.am.gov.br\/semed\/comissao-de-monitoramento-e-avaliacao-do-plano-municipal-de-educacao\/","name":"Comiss\u00e3o de Monitoramento e Avalia\u00e7\u00e3o do Plano Municipal de Educa\u00e7\u00e3o - SEMED","isPartOf":{"@id":"https:\/\/www.manaus.am.gov.br\/semed\/#website"},"datePublished":"2023-01-27T14:16:12+00:00","dateModified":"2023-03-22T12:59:55+00:00","inLanguage":"pt-BR","potentialAction":[{"@type":"ReadAction","target":["https:\/\/www.manaus.am.gov.br\/semed\/comissao-de-monitoramento-e-avaliacao-do-plano-municipal-de-educacao\/"]}]},{"@type":"WebSite","@id":"https:\/\/www.manaus.am.gov.br\/semed\/#website","url":"https:\/\/www.manaus.am.gov.br\/semed\/","name":"Secretaria Municipal de Educa\u00e7\u00e3o","description":"Secretaria Municipal de Educa\u00e7\u00e3o","publisher":{"@id":"https:\/\/www.manaus.am.gov.br\/semed\/#organization"},"alternateName":"SEMED","potentialAction":[{"@type":"SearchAction","target":{"@type":"EntryPoint","urlTemplate":"https:\/\/www.manaus.am.gov.br\/semed\/?s={search_term_string}"},"query-input":"required name=search_term_string"}],"inLanguage":"pt-BR"},{"@type":"Organization","@id":"https:\/\/www.manaus.am.gov.br\/semed\/#organization","name":"Secretaria de Educa\u00e7\u00e3o","alternateName":"SEMED","url":"https:\/\/www.manaus.am.gov.br\/semed\/","logo":{"@type":"ImageObject","inLanguage":"pt-BR","@id":"https:\/\/www.manaus.am.gov.br\/semed\/#\/schema\/logo\/image\/","url":"https:\/\/www.manaus.am.gov.br\/semed\/wp-content\/uploads\/sites\/3\/2022\/11\/favicon.png","contentUrl":"https:\/\/www.manaus.am.gov.br\/semed\/wp-content\/uploads\/sites\/3\/2022\/11\/favicon.png","width":300,"height":300,"caption":"Secretaria de Educa\u00e7\u00e3o"},"image":{"@id":"https:\/\/www.manaus.am.gov.br\/semed\/#\/schema\/logo\/image\/"}},{"@type":"Person","@id":"https:\/\/www.manaus.am.gov.br\/semed\/#\/schema\/person\/79525a47ac5902f50493820d995728ee","name":"Imarketing Digital","image":{"@type":"ImageObject","inLanguage":"pt-BR","@id":"https:\/\/www.manaus.am.gov.br\/semed\/#\/schema\/person\/image\/","url":"https:\/\/secure.gravatar.com\/avatar\/03432d3c57b756ed9760f7019c815a3a?s=96&d=mm&r=g","contentUrl":"https:\/\/secure.gravatar.com\/avatar\/03432d3c57b756ed9760f7019c815a3a?s=96&d=mm&r=g","caption":"Imarketing Digital"}}]}},"_links":{"self":[{"href":"https:\/\/www.manaus.am.gov.br\/semed\/wp-json\/wp\/v2\/pages\/965"}],"collection":[{"href":"https:\/\/www.manaus.am.gov.br\/semed\/wp-json\/wp\/v2\/pages"}],"about":[{"href":"https:\/\/www.manaus.am.gov.br\/semed\/wp-json\/wp\/v2\/types\/page"}],"author":[{"embeddable":true,"href":"https:\/\/www.manaus.am.gov.br\/semed\/wp-json\/wp\/v2\/users\/27"}],"replies":[{"embeddable":true,"href":"https:\/\/www.manaus.am.gov.br\/semed\/wp-json\/wp\/v2\/comments?post=965"}],"version-history":[{"count":4,"href":"https:\/\/www.manaus.am.gov.br\/semed\/wp-json\/wp\/v2\/pages\/965\/revisions"}],"predecessor-version":[{"id":2351,"href":"https:\/\/www.manaus.am.gov.br\/semed\/wp-json\/wp\/v2\/pages\/965\/revisions\/2351"}],"wp:attachment":[{"href":"https:\/\/www.manaus.am.gov.br\/semed\/wp-json\/wp\/v2\/media?parent=965"}],"curies":[{"name":"wp","href":"https:\/\/api.w.org\/{rel}","templated":true}]}}