{"id":945,"date":"2023-01-26T16:52:12","date_gmt":"2023-01-26T20:52:12","guid":{"rendered":"https:\/\/www.manaus.am.gov.br\/semed\/?page_id=945"},"modified":"2023-01-26T16:52:13","modified_gmt":"2023-01-26T20:52:13","slug":"informativo","status":"publish","type":"page","link":"https:\/\/www.manaus.am.gov.br\/semed\/informativo\/","title":{"rendered":"Informativo"},"content":{"rendered":"\n<p>PUBLICA\u00c7\u00d5ES DE 2022<\/p>\n\n\n\n<p>JUNHO<\/p>\n\n\n\n<figure class=\"wp-block-image size-full\"><a href=\"https:\/\/semed.manaus.am.gov.br\/wp-content\/uploads\/2022\/07\/INFORMATIVO-285-X-38-cm_JUN-2022-OK-1.pdf\"><img loading=\"lazy\" decoding=\"async\" width=\"359\" height=\"87\" src=\"https:\/\/www.manaus.am.gov.br\/semed\/wp-content\/uploads\/sites\/3\/2023\/01\/informativo.png\" alt=\"\" class=\"wp-image-948\" srcset=\"https:\/\/www.manaus.am.gov.br\/semed\/wp-content\/uploads\/sites\/3\/2023\/01\/informativo.png 359w, https:\/\/www.manaus.am.gov.br\/semed\/wp-content\/uploads\/sites\/3\/2023\/01\/informativo-300x73.png 300w\" sizes=\"(max-width: 359px) 100vw, 359px\" \/><\/a><\/figure>\n\n\n\n<p>MAIO<\/p>\n\n\n\n<figure class=\"wp-block-image size-full\"><a href=\"https:\/\/semed.manaus.am.gov.br\/wp-content\/uploads\/2022\/07\/INFORMATIVO-285-X-38-cm_MAI-2022-ok.pdf\"><img loading=\"lazy\" decoding=\"async\" width=\"359\" height=\"87\" src=\"https:\/\/www.manaus.am.gov.br\/semed\/wp-content\/uploads\/sites\/3\/2023\/01\/informativo.png\" alt=\"\" class=\"wp-image-948\" srcset=\"https:\/\/www.manaus.am.gov.br\/semed\/wp-content\/uploads\/sites\/3\/2023\/01\/informativo.png 359w, https:\/\/www.manaus.am.gov.br\/semed\/wp-content\/uploads\/sites\/3\/2023\/01\/informativo-300x73.png 300w\" sizes=\"(max-width: 359px) 100vw, 359px\" \/><\/a><\/figure>\n\n\n\n<p>ABRIL<\/p>\n\n\n\n<figure class=\"wp-block-image size-full\"><a href=\"https:\/\/semed.manaus.am.gov.br\/wp-content\/uploads\/2022\/07\/INFORMATIVO-285-X-38-cm_ABR-2022.pdf\"><img loading=\"lazy\" decoding=\"async\" width=\"359\" height=\"87\" src=\"https:\/\/www.manaus.am.gov.br\/semed\/wp-content\/uploads\/sites\/3\/2023\/01\/informativo.png\" alt=\"\" class=\"wp-image-948\" srcset=\"https:\/\/www.manaus.am.gov.br\/semed\/wp-content\/uploads\/sites\/3\/2023\/01\/informativo.png 359w, https:\/\/www.manaus.am.gov.br\/semed\/wp-content\/uploads\/sites\/3\/2023\/01\/informativo-300x73.png 300w\" sizes=\"(max-width: 359px) 100vw, 359px\" \/><\/a><\/figure>\n\n\n\n<p>MAR\u00c7O<\/p>\n\n\n\n<figure class=\"wp-block-image size-full\"><a href=\"https:\/\/semed.manaus.am.gov.br\/wp-content\/uploads\/2022\/07\/INFORMATIVO-285-X-38-cm_MAR-2022-ok-3.pdf\"><img loading=\"lazy\" decoding=\"async\" width=\"359\" height=\"87\" src=\"https:\/\/www.manaus.am.gov.br\/semed\/wp-content\/uploads\/sites\/3\/2023\/01\/informativo.png\" alt=\"\" class=\"wp-image-948\" srcset=\"https:\/\/www.manaus.am.gov.br\/semed\/wp-content\/uploads\/sites\/3\/2023\/01\/informativo.png 359w, https:\/\/www.manaus.am.gov.br\/semed\/wp-content\/uploads\/sites\/3\/2023\/01\/informativo-300x73.png 300w\" sizes=\"(max-width: 359px) 100vw, 359px\" \/><\/a><\/figure>\n\n\n\n<p>FEVEREIRO<\/p>\n\n\n\n<figure class=\"wp-block-image size-full\"><a href=\"https:\/\/semed.manaus.am.gov.br\/wp-content\/uploads\/2022\/07\/INFORMATIVO-285-X-38-cm_FEV-2022-ok.pdf\"><img loading=\"lazy\" decoding=\"async\" width=\"359\" height=\"87\" src=\"https:\/\/www.manaus.am.gov.br\/semed\/wp-content\/uploads\/sites\/3\/2023\/01\/informativo.png\" alt=\"\" class=\"wp-image-948\" srcset=\"https:\/\/www.manaus.am.gov.br\/semed\/wp-content\/uploads\/sites\/3\/2023\/01\/informativo.png 359w, https:\/\/www.manaus.am.gov.br\/semed\/wp-content\/uploads\/sites\/3\/2023\/01\/informativo-300x73.png 300w\" sizes=\"(max-width: 359px) 100vw, 359px\" \/><\/a><\/figure>\n\n\n\n<p>JANEIRO<\/p>\n\n\n\n<figure class=\"wp-block-image size-full\"><a href=\"https:\/\/semed.manaus.am.gov.br\/wp-content\/uploads\/2022\/07\/INFORMATIVO-285-X-38-cm_JAN-2022-ok.pdf\"><img loading=\"lazy\" decoding=\"async\" width=\"359\" height=\"87\" src=\"https:\/\/www.manaus.am.gov.br\/semed\/wp-content\/uploads\/sites\/3\/2023\/01\/informativo.png\" alt=\"\" class=\"wp-image-948\" srcset=\"https:\/\/www.manaus.am.gov.br\/semed\/wp-content\/uploads\/sites\/3\/2023\/01\/informativo.png 359w, https:\/\/www.manaus.am.gov.br\/semed\/wp-content\/uploads\/sites\/3\/2023\/01\/informativo-300x73.png 300w\" sizes=\"(max-width: 359px) 100vw, 359px\" \/><\/a><\/figure>\n\n\n\n<p>PUBLICA\u00c7\u00d5ES DE 2021<\/p>\n\n\n\n<p>DEZEMBRO<a href=\"https:\/\/semed.manaus.am.gov.br\/wp-content\/uploads\/2021\/12\/INFORMATIVO-285-X-38-cm_2021_DEZ-2021_fechado_compressed.zip\"><\/a><\/p>\n\n\n\n<figure class=\"wp-block-image size-full\"><a href=\"https:\/\/semed.manaus.am.gov.br\/wp-content\/uploads\/2021\/12\/INFORMATIVO-285-X-38-cm_2021_DEZ-2021_fechado_compressed.zip\"><img loading=\"lazy\" decoding=\"async\" width=\"359\" height=\"87\" src=\"https:\/\/www.manaus.am.gov.br\/semed\/wp-content\/uploads\/sites\/3\/2023\/01\/informativo.png\" alt=\"\" class=\"wp-image-948\" srcset=\"https:\/\/www.manaus.am.gov.br\/semed\/wp-content\/uploads\/sites\/3\/2023\/01\/informativo.png 359w, https:\/\/www.manaus.am.gov.br\/semed\/wp-content\/uploads\/sites\/3\/2023\/01\/informativo-300x73.png 300w\" sizes=\"(max-width: 359px) 100vw, 359px\" \/><\/a><\/figure>\n\n\n\n<p>NOVEMBRO<a href=\"https:\/\/semed.manaus.am.gov.br\/wp-content\/uploads\/2021\/12\/INFORMATIVO-285-X-38-cm_2021_NOV-2021_fechado.pdf\"><\/a><\/p>\n\n\n\n<figure class=\"wp-block-image size-full\"><a href=\"https:\/\/semed.manaus.am.gov.br\/wp-content\/uploads\/2021\/12\/INFORMATIVO-285-X-38-cm_2021_NOV-2021_fechado.pdf\"><img loading=\"lazy\" decoding=\"async\" width=\"359\" height=\"87\" src=\"https:\/\/www.manaus.am.gov.br\/semed\/wp-content\/uploads\/sites\/3\/2023\/01\/informativo.png\" alt=\"\" class=\"wp-image-948\" srcset=\"https:\/\/www.manaus.am.gov.br\/semed\/wp-content\/uploads\/sites\/3\/2023\/01\/informativo.png 359w, https:\/\/www.manaus.am.gov.br\/semed\/wp-content\/uploads\/sites\/3\/2023\/01\/informativo-300x73.png 300w\" sizes=\"(max-width: 359px) 100vw, 359px\" \/><\/a><\/figure>\n\n\n\n<p>OUTUBRO<\/p>\n\n\n\n<figure class=\"wp-block-image size-full\"><a href=\"https:\/\/semed.manaus.am.gov.br\/wp-content\/uploads\/2021\/12\/INFORMATIVO-285-X-38-cm_2021_OUT-2021_fechado.pdf\"><img loading=\"lazy\" decoding=\"async\" width=\"359\" height=\"87\" src=\"https:\/\/www.manaus.am.gov.br\/semed\/wp-content\/uploads\/sites\/3\/2023\/01\/informativo.png\" alt=\"\" class=\"wp-image-948\" srcset=\"https:\/\/www.manaus.am.gov.br\/semed\/wp-content\/uploads\/sites\/3\/2023\/01\/informativo.png 359w, https:\/\/www.manaus.am.gov.br\/semed\/wp-content\/uploads\/sites\/3\/2023\/01\/informativo-300x73.png 300w\" sizes=\"(max-width: 359px) 100vw, 359px\" \/><\/a><\/figure>\n\n\n\n<p>SETEMBRO<\/p>\n\n\n\n<figure class=\"wp-block-image size-full\"><a href=\"https:\/\/semed.manaus.am.gov.br\/wp-content\/uploads\/2021\/10\/09-INFORMATIVO-285-X-38-cm_2021_SETEMBRO-R.pdf\"><img loading=\"lazy\" decoding=\"async\" width=\"359\" height=\"87\" src=\"https:\/\/www.manaus.am.gov.br\/semed\/wp-content\/uploads\/sites\/3\/2023\/01\/informativo.png\" alt=\"\" class=\"wp-image-948\" srcset=\"https:\/\/www.manaus.am.gov.br\/semed\/wp-content\/uploads\/sites\/3\/2023\/01\/informativo.png 359w, https:\/\/www.manaus.am.gov.br\/semed\/wp-content\/uploads\/sites\/3\/2023\/01\/informativo-300x73.png 300w\" sizes=\"(max-width: 359px) 100vw, 359px\" \/><\/a><\/figure>\n\n\n\n<p>AGOSTO<\/p>\n\n\n\n<figure class=\"wp-block-image size-full\"><a href=\"https:\/\/semed.manaus.am.gov.br\/wp-content\/uploads\/2021\/09\/INFORMATIVO-285-X-38-cm_2021_AGOSTO-ok.pdf\"><img loading=\"lazy\" decoding=\"async\" width=\"359\" height=\"87\" src=\"https:\/\/www.manaus.am.gov.br\/semed\/wp-content\/uploads\/sites\/3\/2023\/01\/informativo.png\" alt=\"\" class=\"wp-image-948\" srcset=\"https:\/\/www.manaus.am.gov.br\/semed\/wp-content\/uploads\/sites\/3\/2023\/01\/informativo.png 359w, https:\/\/www.manaus.am.gov.br\/semed\/wp-content\/uploads\/sites\/3\/2023\/01\/informativo-300x73.png 300w\" sizes=\"(max-width: 359px) 100vw, 359px\" \/><\/a><\/figure>\n\n\n\n<p>JULHO<\/p>\n\n\n\n<figure class=\"wp-block-image size-full\"><a href=\"https:\/\/semed.manaus.am.gov.br\/wp-content\/uploads\/2021\/08\/INFORMATIVO-285-X-38-cm_2021_JUNHO_01-OK.pdf\"><img loading=\"lazy\" decoding=\"async\" width=\"359\" height=\"87\" src=\"https:\/\/www.manaus.am.gov.br\/semed\/wp-content\/uploads\/sites\/3\/2023\/01\/informativo.png\" alt=\"\" class=\"wp-image-948\" srcset=\"https:\/\/www.manaus.am.gov.br\/semed\/wp-content\/uploads\/sites\/3\/2023\/01\/informativo.png 359w, https:\/\/www.manaus.am.gov.br\/semed\/wp-content\/uploads\/sites\/3\/2023\/01\/informativo-300x73.png 300w\" sizes=\"(max-width: 359px) 100vw, 359px\" \/><\/a><\/figure>\n\n\n\n<p>JUNHO<\/p>\n\n\n\n<figure class=\"wp-block-image size-full\"><img loading=\"lazy\" decoding=\"async\" width=\"359\" height=\"87\" src=\"https:\/\/www.manaus.am.gov.br\/semed\/wp-content\/uploads\/sites\/3\/2023\/01\/informativo.png\" alt=\"\" class=\"wp-image-948\" srcset=\"https:\/\/www.manaus.am.gov.br\/semed\/wp-content\/uploads\/sites\/3\/2023\/01\/informativo.png 359w, https:\/\/www.manaus.am.gov.br\/semed\/wp-content\/uploads\/sites\/3\/2023\/01\/informativo-300x73.png 300w\" sizes=\"(max-width: 359px) 100vw, 359px\" \/><\/figure>\n\n\n\n<p>MAIO<\/p>\n\n\n\n<figure class=\"wp-block-image size-full\"><a href=\"https:\/\/semed.manaus.am.gov.br\/wp-content\/uploads\/2021\/08\/INFORMATIVO-285-X-38-cm_2021_MAIO-OK.pdf\"><img loading=\"lazy\" decoding=\"async\" width=\"359\" height=\"87\" src=\"https:\/\/www.manaus.am.gov.br\/semed\/wp-content\/uploads\/sites\/3\/2023\/01\/informativo.png\" alt=\"\" class=\"wp-image-948\" srcset=\"https:\/\/www.manaus.am.gov.br\/semed\/wp-content\/uploads\/sites\/3\/2023\/01\/informativo.png 359w, https:\/\/www.manaus.am.gov.br\/semed\/wp-content\/uploads\/sites\/3\/2023\/01\/informativo-300x73.png 300w\" sizes=\"(max-width: 359px) 100vw, 359px\" \/><\/a><\/figure>\n\n\n\n<p>ABRIL<\/p>\n\n\n\n<figure class=\"wp-block-image size-full\"><a href=\"https:\/\/semed.manaus.am.gov.br\/wp-content\/uploads\/2021\/05\/INFORMATIVO___2021_ABR.pdf\"><img loading=\"lazy\" decoding=\"async\" width=\"359\" height=\"87\" src=\"https:\/\/www.manaus.am.gov.br\/semed\/wp-content\/uploads\/sites\/3\/2023\/01\/informativo.png\" alt=\"\" class=\"wp-image-948\" srcset=\"https:\/\/www.manaus.am.gov.br\/semed\/wp-content\/uploads\/sites\/3\/2023\/01\/informativo.png 359w, https:\/\/www.manaus.am.gov.br\/semed\/wp-content\/uploads\/sites\/3\/2023\/01\/informativo-300x73.png 300w\" sizes=\"(max-width: 359px) 100vw, 359px\" \/><\/a><\/figure>\n\n\n\n<p>MAR\u00c7O<\/p>\n\n\n\n<figure class=\"wp-block-image size-full\"><img loading=\"lazy\" decoding=\"async\" width=\"359\" height=\"87\" src=\"https:\/\/www.manaus.am.gov.br\/semed\/wp-content\/uploads\/sites\/3\/2023\/01\/informativo.png\" alt=\"\" class=\"wp-image-948\" srcset=\"https:\/\/www.manaus.am.gov.br\/semed\/wp-content\/uploads\/sites\/3\/2023\/01\/informativo.png 359w, https:\/\/www.manaus.am.gov.br\/semed\/wp-content\/uploads\/sites\/3\/2023\/01\/informativo-300x73.png 300w\" sizes=\"(max-width: 359px) 100vw, 359px\" \/><\/figure>\n","protected":false},"excerpt":{"rendered":"","protected":false},"author":27,"featured_media":0,"parent":0,"menu_order":0,"comment_status":"closed","ping_status":"closed","template":"","meta":{"footnotes":""},"acf":[],"yoast_head":"<!-- This site is optimized with the Yoast SEO plugin v23.0 - https:\/\/yoast.com\/wordpress\/plugins\/seo\/ -->\n<title>Informativo - SEMED<\/title>\n<meta name=\"robots\" content=\"index, follow, max-snippet:-1, max-image-preview:large, max-video-preview:-1\" \/>\n<link rel=\"canonical\" href=\"https:\/\/www.manaus.am.gov.br\/semed\/informativo\/\" \/>\n<meta property=\"og:locale\" content=\"pt_BR\" \/>\n<meta property=\"og:type\" content=\"article\" \/>\n<meta property=\"og:title\" content=\"Informativo - SEMED\" \/>\n<meta property=\"og:url\" content=\"https:\/\/www.manaus.am.gov.br\/semed\/informativo\/\" \/>\n<meta property=\"og:site_name\" content=\"SEMED\" \/>\n<meta property=\"article:modified_time\" content=\"2023-01-26T20:52:13+00:00\" \/>\n<meta property=\"og:image\" content=\"https:\/\/www.manaus.am.gov.br\/semed\/wp-content\/uploads\/sites\/3\/2023\/01\/informativo.png\" \/>\n<meta name=\"twitter:card\" content=\"summary_large_image\" \/>\n<meta name=\"twitter:label1\" content=\"Est. reading time\" \/>\n\t<meta name=\"twitter:data1\" content=\"4 minutos\" \/>\n<script type=\"application\/ld+json\" class=\"yoast-schema-graph\">{\"@context\":\"https:\/\/schema.org\",\"@graph\":[{\"@type\":\"Article\",\"@id\":\"https:\/\/www.manaus.am.gov.br\/semed\/informativo\/#article\",\"isPartOf\":{\"@id\":\"https:\/\/www.manaus.am.gov.br\/semed\/informativo\/\"},\"author\":{\"name\":\"Imarketing Digital\",\"@id\":\"https:\/\/www.manaus.am.gov.br\/semed\/#\/schema\/person\/79525a47ac5902f50493820d995728ee\"},\"headline\":\"Informativo\",\"datePublished\":\"2023-01-26T20:52:12+00:00\",\"dateModified\":\"2023-01-26T20:52:13+00:00\",\"mainEntityOfPage\":{\"@id\":\"https:\/\/www.manaus.am.gov.br\/semed\/informativo\/\"},\"wordCount\":25,\"publisher\":{\"@id\":\"https:\/\/www.manaus.am.gov.br\/semed\/#organization\"},\"image\":{\"@id\":\"https:\/\/www.manaus.am.gov.br\/semed\/informativo\/#primaryimage\"},\"thumbnailUrl\":\"https:\/\/www.manaus.am.gov.br\/semed\/wp-content\/uploads\/sites\/3\/2023\/01\/informativo.png\",\"inLanguage\":\"pt-BR\"},{\"@type\":\"WebPage\",\"@id\":\"https:\/\/www.manaus.am.gov.br\/semed\/informativo\/\",\"url\":\"https:\/\/www.manaus.am.gov.br\/semed\/informativo\/\",\"name\":\"Informativo - SEMED\",\"isPartOf\":{\"@id\":\"https:\/\/www.manaus.am.gov.br\/semed\/#website\"},\"primaryImageOfPage\":{\"@id\":\"https:\/\/www.manaus.am.gov.br\/semed\/informativo\/#primaryimage\"},\"image\":{\"@id\":\"https:\/\/www.manaus.am.gov.br\/semed\/informativo\/#primaryimage\"},\"thumbnailUrl\":\"https:\/\/www.manaus.am.gov.br\/semed\/wp-content\/uploads\/sites\/3\/2023\/01\/informativo.png\",\"datePublished\":\"2023-01-26T20:52:12+00:00\",\"dateModified\":\"2023-01-26T20:52:13+00:00\",\"inLanguage\":\"pt-BR\",\"potentialAction\":[{\"@type\":\"ReadAction\",\"target\":[\"https:\/\/www.manaus.am.gov.br\/semed\/informativo\/\"]}]},{\"@type\":\"ImageObject\",\"inLanguage\":\"pt-BR\",\"@id\":\"https:\/\/www.manaus.am.gov.br\/semed\/informativo\/#primaryimage\",\"url\":\"https:\/\/www.manaus.am.gov.br\/semed\/wp-content\/uploads\/sites\/3\/2023\/01\/informativo.png\",\"contentUrl\":\"https:\/\/www.manaus.am.gov.br\/semed\/wp-content\/uploads\/sites\/3\/2023\/01\/informativo.png\",\"width\":359,\"height\":87},{\"@type\":\"WebSite\",\"@id\":\"https:\/\/www.manaus.am.gov.br\/semed\/#website\",\"url\":\"https:\/\/www.manaus.am.gov.br\/semed\/\",\"name\":\"Secretaria Municipal de Educa\u00e7\u00e3o\",\"description\":\"Secretaria Municipal de Educa\u00e7\u00e3o\",\"publisher\":{\"@id\":\"https:\/\/www.manaus.am.gov.br\/semed\/#organization\"},\"alternateName\":\"SEMED\",\"potentialAction\":[{\"@type\":\"SearchAction\",\"target\":{\"@type\":\"EntryPoint\",\"urlTemplate\":\"https:\/\/www.manaus.am.gov.br\/semed\/?s={search_term_string}\"},\"query-input\":\"required name=search_term_string\"}],\"inLanguage\":\"pt-BR\"},{\"@type\":\"Organization\",\"@id\":\"https:\/\/www.manaus.am.gov.br\/semed\/#organization\",\"name\":\"Secretaria de Educa\u00e7\u00e3o\",\"alternateName\":\"SEMED\",\"url\":\"https:\/\/www.manaus.am.gov.br\/semed\/\",\"logo\":{\"@type\":\"ImageObject\",\"inLanguage\":\"pt-BR\",\"@id\":\"https:\/\/www.manaus.am.gov.br\/semed\/#\/schema\/logo\/image\/\",\"url\":\"https:\/\/www.manaus.am.gov.br\/semed\/wp-content\/uploads\/sites\/3\/2022\/11\/favicon.png\",\"contentUrl\":\"https:\/\/www.manaus.am.gov.br\/semed\/wp-content\/uploads\/sites\/3\/2022\/11\/favicon.png\",\"width\":300,\"height\":300,\"caption\":\"Secretaria de Educa\u00e7\u00e3o\"},\"image\":{\"@id\":\"https:\/\/www.manaus.am.gov.br\/semed\/#\/schema\/logo\/image\/\"}},{\"@type\":\"Person\",\"@id\":\"https:\/\/www.manaus.am.gov.br\/semed\/#\/schema\/person\/79525a47ac5902f50493820d995728ee\",\"name\":\"Imarketing Digital\",\"image\":{\"@type\":\"ImageObject\",\"inLanguage\":\"pt-BR\",\"@id\":\"https:\/\/www.manaus.am.gov.br\/semed\/#\/schema\/person\/image\/\",\"url\":\"https:\/\/secure.gravatar.com\/avatar\/03432d3c57b756ed9760f7019c815a3a?s=96&d=mm&r=g\",\"contentUrl\":\"https:\/\/secure.gravatar.com\/avatar\/03432d3c57b756ed9760f7019c815a3a?s=96&d=mm&r=g\",\"caption\":\"Imarketing Digital\"}}]}<\/script>\n<!-- \/ Yoast SEO plugin. -->","yoast_head_json":{"title":"Informativo - SEMED","robots":{"index":"index","follow":"follow","max-snippet":"max-snippet:-1","max-image-preview":"max-image-preview:large","max-video-preview":"max-video-preview:-1"},"canonical":"https:\/\/www.manaus.am.gov.br\/semed\/informativo\/","og_locale":"pt_BR","og_type":"article","og_title":"Informativo - SEMED","og_url":"https:\/\/www.manaus.am.gov.br\/semed\/informativo\/","og_site_name":"SEMED","article_modified_time":"2023-01-26T20:52:13+00:00","og_image":[{"url":"https:\/\/www.manaus.am.gov.br\/semed\/wp-content\/uploads\/sites\/3\/2023\/01\/informativo.png"}],"twitter_card":"summary_large_image","twitter_misc":{"Est. reading time":"4 minutos"},"schema":{"@context":"https:\/\/schema.org","@graph":[{"@type":"Article","@id":"https:\/\/www.manaus.am.gov.br\/semed\/informativo\/#article","isPartOf":{"@id":"https:\/\/www.manaus.am.gov.br\/semed\/informativo\/"},"author":{"name":"Imarketing Digital","@id":"https:\/\/www.manaus.am.gov.br\/semed\/#\/schema\/person\/79525a47ac5902f50493820d995728ee"},"headline":"Informativo","datePublished":"2023-01-26T20:52:12+00:00","dateModified":"2023-01-26T20:52:13+00:00","mainEntityOfPage":{"@id":"https:\/\/www.manaus.am.gov.br\/semed\/informativo\/"},"wordCount":25,"publisher":{"@id":"https:\/\/www.manaus.am.gov.br\/semed\/#organization"},"image":{"@id":"https:\/\/www.manaus.am.gov.br\/semed\/informativo\/#primaryimage"},"thumbnailUrl":"https:\/\/www.manaus.am.gov.br\/semed\/wp-content\/uploads\/sites\/3\/2023\/01\/informativo.png","inLanguage":"pt-BR"},{"@type":"WebPage","@id":"https:\/\/www.manaus.am.gov.br\/semed\/informativo\/","url":"https:\/\/www.manaus.am.gov.br\/semed\/informativo\/","name":"Informativo - SEMED","isPartOf":{"@id":"https:\/\/www.manaus.am.gov.br\/semed\/#website"},"primaryImageOfPage":{"@id":"https:\/\/www.manaus.am.gov.br\/semed\/informativo\/#primaryimage"},"image":{"@id":"https:\/\/www.manaus.am.gov.br\/semed\/informativo\/#primaryimage"},"thumbnailUrl":"https:\/\/www.manaus.am.gov.br\/semed\/wp-content\/uploads\/sites\/3\/2023\/01\/informativo.png","datePublished":"2023-01-26T20:52:12+00:00","dateModified":"2023-01-26T20:52:13+00:00","inLanguage":"pt-BR","potentialAction":[{"@type":"ReadAction","target":["https:\/\/www.manaus.am.gov.br\/semed\/informativo\/"]}]},{"@type":"ImageObject","inLanguage":"pt-BR","@id":"https:\/\/www.manaus.am.gov.br\/semed\/informativo\/#primaryimage","url":"https:\/\/www.manaus.am.gov.br\/semed\/wp-content\/uploads\/sites\/3\/2023\/01\/informativo.png","contentUrl":"https:\/\/www.manaus.am.gov.br\/semed\/wp-content\/uploads\/sites\/3\/2023\/01\/informativo.png","width":359,"height":87},{"@type":"WebSite","@id":"https:\/\/www.manaus.am.gov.br\/semed\/#website","url":"https:\/\/www.manaus.am.gov.br\/semed\/","name":"Secretaria Municipal de Educa\u00e7\u00e3o","description":"Secretaria Municipal de Educa\u00e7\u00e3o","publisher":{"@id":"https:\/\/www.manaus.am.gov.br\/semed\/#organization"},"alternateName":"SEMED","potentialAction":[{"@type":"SearchAction","target":{"@type":"EntryPoint","urlTemplate":"https:\/\/www.manaus.am.gov.br\/semed\/?s={search_term_string}"},"query-input":"required name=search_term_string"}],"inLanguage":"pt-BR"},{"@type":"Organization","@id":"https:\/\/www.manaus.am.gov.br\/semed\/#organization","name":"Secretaria de Educa\u00e7\u00e3o","alternateName":"SEMED","url":"https:\/\/www.manaus.am.gov.br\/semed\/","logo":{"@type":"ImageObject","inLanguage":"pt-BR","@id":"https:\/\/www.manaus.am.gov.br\/semed\/#\/schema\/logo\/image\/","url":"https:\/\/www.manaus.am.gov.br\/semed\/wp-content\/uploads\/sites\/3\/2022\/11\/favicon.png","contentUrl":"https:\/\/www.manaus.am.gov.br\/semed\/wp-content\/uploads\/sites\/3\/2022\/11\/favicon.png","width":300,"height":300,"caption":"Secretaria de Educa\u00e7\u00e3o"},"image":{"@id":"https:\/\/www.manaus.am.gov.br\/semed\/#\/schema\/logo\/image\/"}},{"@type":"Person","@id":"https:\/\/www.manaus.am.gov.br\/semed\/#\/schema\/person\/79525a47ac5902f50493820d995728ee","name":"Imarketing Digital","image":{"@type":"ImageObject","inLanguage":"pt-BR","@id":"https:\/\/www.manaus.am.gov.br\/semed\/#\/schema\/person\/image\/","url":"https:\/\/secure.gravatar.com\/avatar\/03432d3c57b756ed9760f7019c815a3a?s=96&d=mm&r=g","contentUrl":"https:\/\/secure.gravatar.com\/avatar\/03432d3c57b756ed9760f7019c815a3a?s=96&d=mm&r=g","caption":"Imarketing Digital"}}]}},"_links":{"self":[{"href":"https:\/\/www.manaus.am.gov.br\/semed\/wp-json\/wp\/v2\/pages\/945"}],"collection":[{"href":"https:\/\/www.manaus.am.gov.br\/semed\/wp-json\/wp\/v2\/pages"}],"about":[{"href":"https:\/\/www.manaus.am.gov.br\/semed\/wp-json\/wp\/v2\/types\/page"}],"author":[{"embeddable":true,"href":"https:\/\/www.manaus.am.gov.br\/semed\/wp-json\/wp\/v2\/users\/27"}],"replies":[{"embeddable":true,"href":"https:\/\/www.manaus.am.gov.br\/semed\/wp-json\/wp\/v2\/comments?post=945"}],"version-history":[{"count":1,"href":"https:\/\/www.manaus.am.gov.br\/semed\/wp-json\/wp\/v2\/pages\/945\/revisions"}],"predecessor-version":[{"id":952,"href":"https:\/\/www.manaus.am.gov.br\/semed\/wp-json\/wp\/v2\/pages\/945\/revisions\/952"}],"wp:attachment":[{"href":"https:\/\/www.manaus.am.gov.br\/semed\/wp-json\/wp\/v2\/media?parent=945"}],"curies":[{"name":"wp","href":"https:\/\/api.w.org\/{rel}","templated":true}]}}