{"id":9333,"date":"2025-07-18T09:14:26","date_gmt":"2025-07-18T13:14:26","guid":{"rendered":"https:\/\/www.manaus.am.gov.br\/semed\/?page_id=9333"},"modified":"2025-12-22T08:36:03","modified_gmt":"2025-12-22T12:36:03","slug":"2025-2028","status":"publish","type":"page","link":"https:\/\/www.manaus.am.gov.br\/semed\/plano-de-governo\/2025-2028\/","title":{"rendered":"2025 &#8211; 2028"},"content":{"rendered":"\n<h2 class=\"wp-block-heading\"><a href=\"https:\/\/www.manaus.am.gov.br\/semed\/wp-content\/uploads\/sites\/3\/2025\/08\/REVISTA_PLANO-DE-GOVERNO_2025_1oSEM.pdf\" target=\"_blank\" rel=\"noreferrer noopener\">Revista Plano de Governo 2025 1\u00ba Semestre<\/a><\/h2>\n\n\n\n<h2 class=\"wp-block-heading\"><a href=\"https:\/\/www.manaus.am.gov.br\/semed\/wp-content\/uploads\/sites\/3\/2025\/12\/Revista-Plano-de-Governo-2025-2o-Semestre.pdf\" target=\"_blank\" rel=\"noreferrer noopener\">Revista Plano de Governo 2025 2\u00ba Semestre<\/a><\/h2>\n\n\n\n<figure class=\"wp-block-table\"><table><tbody><tr><td colspan=\"2\">PLANO DE GOVERNO 2025-2028<\/td><\/tr><tr><td colspan=\"2\"><strong>Manaus+Educa\u00e7\u00e3o<\/strong><\/td><\/tr><tr><td>PREMISSAS &nbsp;<\/td><td>Ampliar o investimento na aquisi\u00e7\u00e3o de materias did\u00e1ticos.<\/td><\/tr><tr><td>META<\/td><td>Adquirir materiais did\u00e1ticos que atendam 100% dos projetos pedag\u00f3gicos at\u00e9 dezembro de 2028.<\/td><\/tr><tr><td>INDICADOR<\/td><td>Aquisi\u00e7\u00e3o de Material did\u00e1tico<\/td><\/tr><tr><td>PREMISSAS &nbsp;<\/td><td>Ampliar o investimento no uso de novas tecnologias e atividades extracurriculares.<\/td><\/tr><tr><td>META<\/td><td>Desenvolver projetos envolvendo o uso de novas tecnologias e atividades extracurriculares atendendo 164.000 estudantes at\u00e9 dezembro de 2028.<\/td><\/tr><tr><td>INDICADOR &nbsp;<\/td><td>Novas tecnologias e atividades extracurriculares<\/td><\/tr><tr><td>&nbsp; PREMISSAS &nbsp;<\/td><td>Ampliar o investimento na capacita\u00e7\u00e3o do docente<\/td><\/tr><tr><td>META<\/td><td>Desenvolver projetos de capacita\u00e7\u00e3o de docentes realizando 28000 atendimentos aos professores at\u00e9 dezembro de 2028.<\/td><\/tr><tr><td>INDICADOR &nbsp;<\/td><td>Capacita\u00e7\u00e3o do docente<\/td><\/tr><tr><td>PREMISSAS &nbsp;<\/td><td>Ampliar o Programa &#8220;PROESC: Or\u00e7amento na Escola&#8221;.<\/td><\/tr><tr><td>META<\/td><td>Aumentar a disponibilidade de recurso do Programa Or\u00e7amento na Escola &#8211; PROESC para aproximadamente R$17.000.000,00 no atendimento \u00e0 rede municipal de ensino at\u00e9 dezembro de 2028.<\/td><\/tr><tr><td>INDICADOR &nbsp;<\/td><td>PROESC: Or\u00e7amento na Escola<\/td><\/tr><tr><td>PREMISSAS &nbsp;<\/td><td>Ampliar o Programa &#8220;PROGESC: Gest\u00e3o nas Escolas&#8221;.<\/td><\/tr><tr><td>META<\/td><td>Ampliar a gest\u00e3o do recurso or\u00e7ament\u00e1rio da Secretaria e aplica\u00e7\u00e3o financeira em 100% das unidades escolares at\u00e9 dezembro de 2028. &nbsp; &nbsp;<\/td><\/tr><tr><td>INDICADOR<\/td><td>PROGESC: Gest\u00e3o nas Escolas &nbsp; &nbsp;<\/td><\/tr><\/tbody><\/table><\/figure>\n\n\n\n<figure class=\"wp-block-table\"><table><tbody><tr><td>PREMISSAS &nbsp;<\/td><td>&nbsp; Ampliar o Programa &#8220;PROSEG: Seguran\u00e7a na Escola&#8221;.<\/td><\/tr><tr><td>META<\/td><td>Ampliar o Programa &#8220;PROSEG: Seguran\u00e7a na Escola&#8221;:&nbsp; com instala\u00e7\u00e3o de sistema de seguran\u00e7a, revitaliza\u00e7\u00e3o do sistema e da infraestrutura, contrata\u00e7\u00e3o de controlador de acesso, visitas regulares \u00e0s escolas e parcerias com institui\u00e7\u00f5es de seguran\u00e7a, atendendo 100% das unidades escolares e administrativas, at\u00e9 dezembro de 2028.<\/td><\/tr><tr><td>INDICADOR &nbsp;<\/td><td>PROSEG: Seguran\u00e7a na Escola<\/td><\/tr><tr><td>PREMISSAS &nbsp;<\/td><td>Consolidar o &#8220;Plano Reformar: melhorando o ambiente de aprendizagem&#8221; contemplando projetos de reforma, amplia\u00e7\u00e3o, adequa\u00e7\u00e3o, revitaliza\u00e7\u00e3o, constru\u00e7\u00e3o e moderniza\u00e7\u00e3o de escolas.<\/td><\/tr><tr><td>META<\/td><td>Consolidar o &#8220;Plano reformar&#8221; trabalhando em 120 unidades educacionais e administrativas at\u00e9 dezembro de 2028.<\/td><\/tr><tr><td>INDICADOR &nbsp;<\/td><td>Plano Reformar: melhorando o ambiente de aprendizagem<\/td><\/tr><tr><td>PREMISSAS &nbsp;<\/td><td>Implementar o Programa &#8220;Regulariza +&#8221;: mapear, organizar e promover a regulariza\u00e7\u00e3o fundi\u00e1ria das escolas municipais pr\u00f3prias; identificar \u00e1reas para a constru\u00e7\u00e3o de novas unidades educacionais.<\/td><\/tr><tr><td>META<\/td><td>Implementar o Programa &#8220;Regulariza +&#8221;: mapear, organizar e promover a regulariza\u00e7\u00e3o fundi\u00e1ria de 40 escolas municipais pr\u00f3prias at\u00e9 dezembro de 2028.<\/td><\/tr><tr><td>INDICADOR &nbsp;<\/td><td>Programa Regulariza +<\/td><\/tr><tr><td>PREMISSAS &nbsp;<\/td><td>Construir novas creches.<\/td><\/tr><tr><td>META<\/td><td>Construir novas creches, celebrar conv\u00eanios e locar pr\u00e9dios, contribuindo para a amplia\u00e7\u00e3o do n\u00famero de vagas em 6.000 at\u00e9 dezembro de 2028.<\/td><\/tr><tr><td>INDICADOR &nbsp;<\/td><td>Constru\u00e7\u00e3o de creches<\/td><\/tr><tr><td>&nbsp; PREMISSAS &nbsp;<\/td><td>Construir novas escolas que atenda pr\u00e9-escola e ensino fundamental.<\/td><\/tr><tr><td>META<\/td><td>Construir novas escolas, celebrar conv\u00eanios e locar pr\u00e9dios, contribuindo para a amplia\u00e7\u00e3o do n\u00famero de vagas em 8.300 at\u00e9 dezembro de 2028.<\/td><\/tr><tr><td>INDICADOR &nbsp;<\/td><td>Constru\u00e7\u00e3o de escolas (pr\u00e9-escola e ensino fundamental)<\/td><\/tr><\/tbody><\/table><\/figure>\n\n\n\n<figure class=\"wp-block-table\"><table><tbody><tr><td>PREMISSAS &nbsp;<\/td><td>Instituir o Programa &#8220;Mais tempo na escola&#8221; &#8211; Aumentar a oferta de matr\u00edculas em Tempo Integral.<\/td><\/tr><tr><td>&nbsp; &nbsp; META<\/td><td>Alcan\u00e7ar 8.700 matr\u00edculas na Educa\u00e7\u00e3o em Tempo Integral at\u00e9 dezembro de 2028.<\/td><\/tr><tr><td>INDICADOR<\/td><td>Matr\u00edculas em Tempo Integral<\/td><\/tr><tr><td>&nbsp; PREMISSAS &nbsp;<\/td><td>Instituir o Programa &#8220;Mais tempo na escola&#8221; &#8211; Aumentar a quantidade de escolas com aulas de refor\u00e7o ministradas no contraturno.<\/td><\/tr><tr><td>META<\/td><td>Realizar refor\u00e7o e complementa\u00e7\u00e3o escolar para mais de 28.000&nbsp; estudantes do ensino fundamental at\u00e9 dezembro de 2028.<\/td><\/tr><tr><td>INDICADOR<\/td><td>Aulas de refor\u00e7o<\/td><\/tr><tr><td>&nbsp; PREMISSAS &nbsp;<\/td><td>Refor\u00e7ar o Programa &#8220;Educa Mais Manaus&#8221; para garantir o direito \u00e0 alfabetiza\u00e7\u00e3o aos estudantes.<\/td><\/tr><tr><td>META<\/td><td>Elevar o \u00edndice de alfabetiza\u00e7\u00e3o para 85% na Campanha Alfabetiza Manaus dos estudantes do 3\u00ba ao 9\u00ba ano, at\u00e9 dezembro de 2028.<\/td><\/tr><tr><td>INDICADOR &nbsp;<\/td><td>Alfabetiza\u00e7\u00e3o dos estudantes<\/td><\/tr><tr><td>&nbsp; PREMISSAS &nbsp;<\/td><td>Refor\u00e7ar o Programa &#8220;Educa Mais Manaus&#8221; para garantir a progress\u00e3o na escolariza\u00e7\u00e3o.<\/td><\/tr><tr><td>META<\/td><td>Elevar a taxa de aprova\u00e7\u00e3o dos estudantes do ensino fundamental de 93,5% para 95,5% at\u00e9 dezembro de 2028.<\/td><\/tr><tr><td>INDICADOR &nbsp;<\/td><td>Progress\u00e3o na escolariza\u00e7\u00e3o<\/td><\/tr><tr><td>PREMISSAS &nbsp;<\/td><td>Fardamento escolar gratuito para todos os estudantes.<\/td><\/tr><tr><td>META<\/td><td>Oferecer fardamento escolar gratuito para 100% dos estudantes da rede p\u00fablica municipal de ensino at\u00e9 dezembro de 2028.<\/td><\/tr><tr><td>INDICADOR &nbsp;<\/td><td>Fardamento escolar<\/td><\/tr><\/tbody><\/table><\/figure>\n\n\n\n<figure class=\"wp-block-table\"><table><tbody><tr><td colspan=\"2\"><strong>Manaus+Inclusiva<\/strong><\/td><\/tr><tr><td>&nbsp; PREMISSAS &nbsp;<\/td><td>&nbsp; Refor\u00e7ar projetos de capacita\u00e7\u00e3o de docentes e t\u00e9cnicos em educa\u00e7\u00e3o inclusiva, ambiental e tecnol\u00f3gica.<\/td><\/tr><tr><td>META<\/td><td>Desenvolver projetos de capacita\u00e7\u00e3o de docentes e t\u00e9cnicos, em educa\u00e7\u00e3o inclusiva, ambiental e tecnol\u00f3gica, realizando 28000 atendimentos aos servidores at\u00e9 dezembro de 2028. &nbsp;<\/td><\/tr><tr><td>INDICADOR &nbsp;<\/td><td>Capacita\u00e7\u00e3o de docentes e t\u00e9cnicos<\/td><\/tr><tr><td>PREMISSAS &nbsp;<\/td><td>Desenvolver o Programa &#8220;Escola Mais Sustent\u00e1vel&#8221;: mais est\u00edmulos aos projetos e a\u00e7\u00f5es de educa\u00e7\u00e3o ambiental nas escolas.<\/td><\/tr><tr><td>META<\/td><td>Desenvolver o Programa &#8220;Escola Mais Sustent\u00e1vel&#8221;: mais est\u00edmulos aos projetos e a\u00e7\u00f5es de educa\u00e7\u00e3o ambiental em 351 escolas da rede municipal de ensino, at\u00e9 dezembro de 2028.<\/td><\/tr><tr><td>INDICADOR &nbsp;<\/td><td>Escola Mais Sustent\u00e1vel<\/td><\/tr><tr><td>PREMISSAS &nbsp;<\/td><td>Ampliar e aprimorar projeto socioambiental: &#8220;Horta nas Escolas&#8221;.<\/td><\/tr><tr><td>META<\/td><td>Desenvolver o Projeto &#8220;Horta na Escola&#8221; em 98 escolas da rede municipal de ensino, at\u00e9 dezembro de 2028.<\/td><\/tr><tr><td>INDICADOR &nbsp;<\/td><td>Horta nas Escolas<\/td><\/tr><tr><td>PREMISSAS &nbsp;<\/td><td>Ampliar e aprimorar projeto socioambiental: &#8220;Ocas do Conhecimento&#8221;.<\/td><\/tr><tr><td>META<\/td><td>Desenvolver os Projetos da OCA do Conhecimento Ambiental alcan\u00e7ando 28.000 dos estudantes de escolas da rede municipal de ensino, at\u00e9 dezembro de 2028. &nbsp;<\/td><\/tr><tr><td>INDICADOR &nbsp;<\/td><td>Ocas do Conhecimento<\/td><\/tr><tr><td>PREMISSAS &nbsp;<\/td><td>Ampliar e aprimorar projeto socioambiental: &#8220;Fam\u00edlia na Escola&#8221;.<\/td><\/tr><tr><td>META<\/td><td>Alcan\u00e7ar a participa\u00e7\u00e3o das fam\u00edlias \u00e0s escolas, ao desenvolvimento do ensino e \u00e0 aprendizagem de 75%, at\u00e9 dezembro de 2028.<\/td><\/tr><tr><td>INDICADOR &nbsp;<\/td><td>Fam\u00edlia na Escola<\/td><\/tr><\/tbody><\/table><\/figure>\n\n\n\n<figure class=\"wp-block-table\"><table><tbody><tr><td>PREMISSAS &nbsp;<\/td><td>Apoiar projetos de acessibilidade e inclus\u00e3o nas escolas voltados aos estudantes com necessidades especiais.<\/td><\/tr><tr><td>META<\/td><td>Desenvolver projetos de acessibilidade e inclus\u00e3o nas escolas, alcan\u00e7ando 65% dos estudantes com defici\u00eancia, at\u00e9 dezembro de 2028. &nbsp;<\/td><\/tr><tr><td>INDICADOR &nbsp;<\/td><td>Acessibilidade e Inclus\u00e3o<\/td><\/tr><tr><td>PREMISSAS &nbsp;<\/td><td>Apoiar projetos de interculturalidade nas escolas voltados aos ind\u00edgenas e aos quilombolas.<\/td><\/tr><tr><td>META<\/td><td>Desenvolver projetos de interculturalidade nas escolas, alcan\u00e7ando 75% dos estudantes ind\u00edgenas e quilombolas at\u00e9 dezembro de 2028.&nbsp;<\/td><\/tr><tr><td>INDICADOR &nbsp;<\/td><td>Interculturalidade<\/td><\/tr><tr><td>PREMISSAS &nbsp;<\/td><td>Consolidar e ampliar as iniciativas de promo\u00e7\u00e3o de esportes nas escolas &#8211; &#8220;Viva \u00e0s diferen\u00e7as&#8221;: esportes dedicados \u00e0s pessoas com defici\u00eancia; Jogos Inclusivos Municipais da SEMED (JIMS)<\/td><\/tr><tr><td>META<\/td><td>Consolidar e ampliar as iniciativas de promo\u00e7\u00e3o de esportes nas escolas, dedicados \u00e0s pessoas com defici\u00eancia, alcan\u00e7ando 11.000&nbsp; dos estudantes, at\u00e9 dezembro de 2028.<\/td><\/tr><tr><td>INDICADOR &nbsp;<\/td><td>Esportes voltados \u00e0 pessoas com defici\u00eancia<\/td><\/tr><tr><td colspan=\"2\"><strong>Manaus+Esportiva<\/strong><\/td><\/tr><tr><td>PREMISSAS &nbsp;<\/td><td>Consolidar as pr\u00e1ticas esportivas nas escolas municipais como complemento \u00e0 forma\u00e7\u00e3o educacional dos estudantes &#8211; &#8220;Viva \u00e0s diferen\u00e7as&#8221;: Municip\u00edadas &#8211; jogos escolares em diversas modalidades.<\/td><\/tr><tr><td>META<\/td><td>Realizar 04 Jogos Escolares Municipais, at\u00e9 dezembro de 2028.<\/td><\/tr><tr><td>INDICADOR &nbsp;<\/td><td>Municip\u00edadas<\/td><\/tr><tr><td>&nbsp; PREMISSAS &nbsp;<\/td><td>Consolidar as pr\u00e1ticas esportivas nas escolas municipais como complemento \u00e0 forma\u00e7\u00e3o educacional dos estudantes &#8211; &#8220;Viva \u00e0s diferen\u00e7as&#8221;: Aprender Lutando &#8211; jud\u00f4, jiu-jitsu e tae-kwon.<\/td><\/tr><tr><td>META<\/td><td>Desenvolver o Projeto &#8220;Aprender Lutando&#8221; atendendo 8.000 estudantes da rede municipal de ensino, at\u00e9 dezembro de 2028.<\/td><\/tr><tr><td>INDICADOR &nbsp;<\/td><td>Aprender Lutando<\/td><\/tr><tr><td>PREMISSAS &nbsp;<\/td><td>Consolidar as pr\u00e1ticas esportivas nas escolas municipais como complemento \u00e0 forma\u00e7\u00e3o educacional dos estudantes &#8211; &#8220;Viva \u00e0s diferen\u00e7as&#8221;: Xadrez na escola.<\/td><\/tr><tr><td>META<\/td><td>Desenvolver o Projeto &#8220;Xadrez na Escola&#8221; atendendo 12.000 estudantes da rede municipal de ensino, at\u00e9 dezembro de 2028.<\/td><\/tr><tr><td>&nbsp; INDICADOR &nbsp;<\/td><td>&nbsp; Xadrez na escola<\/td><\/tr><\/tbody><\/table><\/figure>\n","protected":false},"excerpt":{"rendered":"","protected":false},"author":8,"featured_media":0,"parent":1021,"menu_order":0,"comment_status":"closed","ping_status":"closed","template":"","meta":{"footnotes":""},"acf":[],"yoast_head":"<!-- This site is optimized with the Yoast SEO plugin v23.0 - https:\/\/yoast.com\/wordpress\/plugins\/seo\/ -->\n<title>2025 - 2028 - SEMED<\/title>\n<meta name=\"robots\" content=\"index, follow, max-snippet:-1, max-image-preview:large, max-video-preview:-1\" \/>\n<link rel=\"canonical\" href=\"https:\/\/www.manaus.am.gov.br\/semed\/plano-de-governo\/2025-2028\/\" \/>\n<meta property=\"og:locale\" content=\"pt_BR\" \/>\n<meta property=\"og:type\" content=\"article\" \/>\n<meta property=\"og:title\" content=\"2025 - 2028 - SEMED\" \/>\n<meta property=\"og:url\" content=\"https:\/\/www.manaus.am.gov.br\/semed\/plano-de-governo\/2025-2028\/\" \/>\n<meta property=\"og:site_name\" content=\"SEMED\" \/>\n<meta property=\"article:modified_time\" content=\"2025-12-22T12:36:03+00:00\" \/>\n<meta property=\"og:image\" content=\"https:\/\/www.manaus.am.gov.br\/semed\/wp-content\/uploads\/sites\/3\/2024\/07\/thumb-default-2.png\" \/>\n\t<meta property=\"og:image:width\" content=\"966\" \/>\n\t<meta property=\"og:image:height\" content=\"520\" \/>\n\t<meta property=\"og:image:type\" content=\"image\/png\" \/>\n<meta name=\"twitter:card\" content=\"summary_large_image\" \/>\n<meta name=\"twitter:label1\" content=\"Est. reading time\" \/>\n\t<meta name=\"twitter:data1\" content=\"6 minutos\" \/>\n<script type=\"application\/ld+json\" class=\"yoast-schema-graph\">{\"@context\":\"https:\/\/schema.org\",\"@graph\":[{\"@type\":\"Article\",\"@id\":\"https:\/\/www.manaus.am.gov.br\/semed\/plano-de-governo\/2025-2028\/#article\",\"isPartOf\":{\"@id\":\"https:\/\/www.manaus.am.gov.br\/semed\/plano-de-governo\/2025-2028\/\"},\"author\":{\"name\":\"Glauber Farias\",\"@id\":\"https:\/\/www.manaus.am.gov.br\/semed\/#\/schema\/person\/fe69d2249d78e7a3112d42bc34c44a58\"},\"headline\":\"2025 &#8211; 2028\",\"datePublished\":\"2025-07-18T13:14:26+00:00\",\"dateModified\":\"2025-12-22T12:36:03+00:00\",\"mainEntityOfPage\":{\"@id\":\"https:\/\/www.manaus.am.gov.br\/semed\/plano-de-governo\/2025-2028\/\"},\"wordCount\":1194,\"publisher\":{\"@id\":\"https:\/\/www.manaus.am.gov.br\/semed\/#organization\"},\"inLanguage\":\"pt-BR\"},{\"@type\":\"WebPage\",\"@id\":\"https:\/\/www.manaus.am.gov.br\/semed\/plano-de-governo\/2025-2028\/\",\"url\":\"https:\/\/www.manaus.am.gov.br\/semed\/plano-de-governo\/2025-2028\/\",\"name\":\"2025 - 2028 - SEMED\",\"isPartOf\":{\"@id\":\"https:\/\/www.manaus.am.gov.br\/semed\/#website\"},\"datePublished\":\"2025-07-18T13:14:26+00:00\",\"dateModified\":\"2025-12-22T12:36:03+00:00\",\"breadcrumb\":{\"@id\":\"https:\/\/www.manaus.am.gov.br\/semed\/plano-de-governo\/2025-2028\/#breadcrumb\"},\"inLanguage\":\"pt-BR\",\"potentialAction\":[{\"@type\":\"ReadAction\",\"target\":[\"https:\/\/www.manaus.am.gov.br\/semed\/plano-de-governo\/2025-2028\/\"]}]},{\"@type\":\"BreadcrumbList\",\"@id\":\"https:\/\/www.manaus.am.gov.br\/semed\/plano-de-governo\/2025-2028\/#breadcrumb\",\"itemListElement\":[{\"@type\":\"ListItem\",\"position\":1,\"name\":\"Plano de Governo\",\"item\":\"https:\/\/www.manaus.am.gov.br\/semed\/plano-de-governo\/\"},{\"@type\":\"ListItem\",\"position\":2,\"name\":\"2025 &#8211; 2028\"}]},{\"@type\":\"WebSite\",\"@id\":\"https:\/\/www.manaus.am.gov.br\/semed\/#website\",\"url\":\"https:\/\/www.manaus.am.gov.br\/semed\/\",\"name\":\"Secretaria Municipal de Educa\u00e7\u00e3o\",\"description\":\"Secretaria Municipal de Educa\u00e7\u00e3o\",\"publisher\":{\"@id\":\"https:\/\/www.manaus.am.gov.br\/semed\/#organization\"},\"alternateName\":\"SEMED\",\"potentialAction\":[{\"@type\":\"SearchAction\",\"target\":{\"@type\":\"EntryPoint\",\"urlTemplate\":\"https:\/\/www.manaus.am.gov.br\/semed\/?s={search_term_string}\"},\"query-input\":\"required name=search_term_string\"}],\"inLanguage\":\"pt-BR\"},{\"@type\":\"Organization\",\"@id\":\"https:\/\/www.manaus.am.gov.br\/semed\/#organization\",\"name\":\"Secretaria de Educa\u00e7\u00e3o\",\"alternateName\":\"SEMED\",\"url\":\"https:\/\/www.manaus.am.gov.br\/semed\/\",\"logo\":{\"@type\":\"ImageObject\",\"inLanguage\":\"pt-BR\",\"@id\":\"https:\/\/www.manaus.am.gov.br\/semed\/#\/schema\/logo\/image\/\",\"url\":\"https:\/\/www.manaus.am.gov.br\/semed\/wp-content\/uploads\/sites\/3\/2022\/11\/favicon.png\",\"contentUrl\":\"https:\/\/www.manaus.am.gov.br\/semed\/wp-content\/uploads\/sites\/3\/2022\/11\/favicon.png\",\"width\":300,\"height\":300,\"caption\":\"Secretaria de Educa\u00e7\u00e3o\"},\"image\":{\"@id\":\"https:\/\/www.manaus.am.gov.br\/semed\/#\/schema\/logo\/image\/\"}},{\"@type\":\"Person\",\"@id\":\"https:\/\/www.manaus.am.gov.br\/semed\/#\/schema\/person\/fe69d2249d78e7a3112d42bc34c44a58\",\"name\":\"Glauber Farias\",\"image\":{\"@type\":\"ImageObject\",\"inLanguage\":\"pt-BR\",\"@id\":\"https:\/\/www.manaus.am.gov.br\/semed\/#\/schema\/person\/image\/\",\"url\":\"https:\/\/secure.gravatar.com\/avatar\/eb33200ffd19538372f635b2165531c0?s=96&d=mm&r=g\",\"contentUrl\":\"https:\/\/secure.gravatar.com\/avatar\/eb33200ffd19538372f635b2165531c0?s=96&d=mm&r=g\",\"caption\":\"Glauber Farias\"}}]}<\/script>\n<!-- \/ Yoast SEO plugin. -->","yoast_head_json":{"title":"2025 - 2028 - SEMED","robots":{"index":"index","follow":"follow","max-snippet":"max-snippet:-1","max-image-preview":"max-image-preview:large","max-video-preview":"max-video-preview:-1"},"canonical":"https:\/\/www.manaus.am.gov.br\/semed\/plano-de-governo\/2025-2028\/","og_locale":"pt_BR","og_type":"article","og_title":"2025 - 2028 - SEMED","og_url":"https:\/\/www.manaus.am.gov.br\/semed\/plano-de-governo\/2025-2028\/","og_site_name":"SEMED","article_modified_time":"2025-12-22T12:36:03+00:00","og_image":[{"width":966,"height":520,"url":"https:\/\/www.manaus.am.gov.br\/semed\/wp-content\/uploads\/sites\/3\/2024\/07\/thumb-default-2.png","type":"image\/png"}],"twitter_card":"summary_large_image","twitter_misc":{"Est. reading time":"6 minutos"},"schema":{"@context":"https:\/\/schema.org","@graph":[{"@type":"Article","@id":"https:\/\/www.manaus.am.gov.br\/semed\/plano-de-governo\/2025-2028\/#article","isPartOf":{"@id":"https:\/\/www.manaus.am.gov.br\/semed\/plano-de-governo\/2025-2028\/"},"author":{"name":"Glauber Farias","@id":"https:\/\/www.manaus.am.gov.br\/semed\/#\/schema\/person\/fe69d2249d78e7a3112d42bc34c44a58"},"headline":"2025 &#8211; 2028","datePublished":"2025-07-18T13:14:26+00:00","dateModified":"2025-12-22T12:36:03+00:00","mainEntityOfPage":{"@id":"https:\/\/www.manaus.am.gov.br\/semed\/plano-de-governo\/2025-2028\/"},"wordCount":1194,"publisher":{"@id":"https:\/\/www.manaus.am.gov.br\/semed\/#organization"},"inLanguage":"pt-BR"},{"@type":"WebPage","@id":"https:\/\/www.manaus.am.gov.br\/semed\/plano-de-governo\/2025-2028\/","url":"https:\/\/www.manaus.am.gov.br\/semed\/plano-de-governo\/2025-2028\/","name":"2025 - 2028 - SEMED","isPartOf":{"@id":"https:\/\/www.manaus.am.gov.br\/semed\/#website"},"datePublished":"2025-07-18T13:14:26+00:00","dateModified":"2025-12-22T12:36:03+00:00","breadcrumb":{"@id":"https:\/\/www.manaus.am.gov.br\/semed\/plano-de-governo\/2025-2028\/#breadcrumb"},"inLanguage":"pt-BR","potentialAction":[{"@type":"ReadAction","target":["https:\/\/www.manaus.am.gov.br\/semed\/plano-de-governo\/2025-2028\/"]}]},{"@type":"BreadcrumbList","@id":"https:\/\/www.manaus.am.gov.br\/semed\/plano-de-governo\/2025-2028\/#breadcrumb","itemListElement":[{"@type":"ListItem","position":1,"name":"Plano de Governo","item":"https:\/\/www.manaus.am.gov.br\/semed\/plano-de-governo\/"},{"@type":"ListItem","position":2,"name":"2025 &#8211; 2028"}]},{"@type":"WebSite","@id":"https:\/\/www.manaus.am.gov.br\/semed\/#website","url":"https:\/\/www.manaus.am.gov.br\/semed\/","name":"Secretaria Municipal de Educa\u00e7\u00e3o","description":"Secretaria Municipal de Educa\u00e7\u00e3o","publisher":{"@id":"https:\/\/www.manaus.am.gov.br\/semed\/#organization"},"alternateName":"SEMED","potentialAction":[{"@type":"SearchAction","target":{"@type":"EntryPoint","urlTemplate":"https:\/\/www.manaus.am.gov.br\/semed\/?s={search_term_string}"},"query-input":"required name=search_term_string"}],"inLanguage":"pt-BR"},{"@type":"Organization","@id":"https:\/\/www.manaus.am.gov.br\/semed\/#organization","name":"Secretaria de Educa\u00e7\u00e3o","alternateName":"SEMED","url":"https:\/\/www.manaus.am.gov.br\/semed\/","logo":{"@type":"ImageObject","inLanguage":"pt-BR","@id":"https:\/\/www.manaus.am.gov.br\/semed\/#\/schema\/logo\/image\/","url":"https:\/\/www.manaus.am.gov.br\/semed\/wp-content\/uploads\/sites\/3\/2022\/11\/favicon.png","contentUrl":"https:\/\/www.manaus.am.gov.br\/semed\/wp-content\/uploads\/sites\/3\/2022\/11\/favicon.png","width":300,"height":300,"caption":"Secretaria de Educa\u00e7\u00e3o"},"image":{"@id":"https:\/\/www.manaus.am.gov.br\/semed\/#\/schema\/logo\/image\/"}},{"@type":"Person","@id":"https:\/\/www.manaus.am.gov.br\/semed\/#\/schema\/person\/fe69d2249d78e7a3112d42bc34c44a58","name":"Glauber Farias","image":{"@type":"ImageObject","inLanguage":"pt-BR","@id":"https:\/\/www.manaus.am.gov.br\/semed\/#\/schema\/person\/image\/","url":"https:\/\/secure.gravatar.com\/avatar\/eb33200ffd19538372f635b2165531c0?s=96&d=mm&r=g","contentUrl":"https:\/\/secure.gravatar.com\/avatar\/eb33200ffd19538372f635b2165531c0?s=96&d=mm&r=g","caption":"Glauber Farias"}}]}},"_links":{"self":[{"href":"https:\/\/www.manaus.am.gov.br\/semed\/wp-json\/wp\/v2\/pages\/9333"}],"collection":[{"href":"https:\/\/www.manaus.am.gov.br\/semed\/wp-json\/wp\/v2\/pages"}],"about":[{"href":"https:\/\/www.manaus.am.gov.br\/semed\/wp-json\/wp\/v2\/types\/page"}],"author":[{"embeddable":true,"href":"https:\/\/www.manaus.am.gov.br\/semed\/wp-json\/wp\/v2\/users\/8"}],"replies":[{"embeddable":true,"href":"https:\/\/www.manaus.am.gov.br\/semed\/wp-json\/wp\/v2\/comments?post=9333"}],"version-history":[{"count":3,"href":"https:\/\/www.manaus.am.gov.br\/semed\/wp-json\/wp\/v2\/pages\/9333\/revisions"}],"predecessor-version":[{"id":10486,"href":"https:\/\/www.manaus.am.gov.br\/semed\/wp-json\/wp\/v2\/pages\/9333\/revisions\/10486"}],"up":[{"embeddable":true,"href":"https:\/\/www.manaus.am.gov.br\/semed\/wp-json\/wp\/v2\/pages\/1021"}],"wp:attachment":[{"href":"https:\/\/www.manaus.am.gov.br\/semed\/wp-json\/wp\/v2\/media?parent=9333"}],"curies":[{"name":"wp","href":"https:\/\/api.w.org\/{rel}","templated":true}]}}