{"id":9028,"date":"2025-06-12T10:41:23","date_gmt":"2025-06-12T14:41:23","guid":{"rendered":"https:\/\/www.manaus.am.gov.br\/semed\/?page_id=9028"},"modified":"2025-06-12T10:41:23","modified_gmt":"2025-06-12T14:41:23","slug":"jiss-2024","status":"publish","type":"page","link":"https:\/\/www.manaus.am.gov.br\/semed\/jiss-jogos-de-integracao-dos-servidores-da-semed\/jiss-2024\/","title":{"rendered":"JISS 2024"},"content":{"rendered":"\n<h2 class=\"wp-block-heading\">Regulamentos<\/h2>\n\n\n\n<div class=\"wp-block-file\"><a id=\"wp-block-file--media-fba7d9b0-3a43-4b90-a5da-ad518da0550b\" href=\"https:\/\/www.manaus.am.gov.br\/semed\/wp-content\/uploads\/sites\/3\/2024\/04\/01-Regulamento-Geral-JISS-2024.pdf\">01 Regulamento Geral JISS 2024<\/a><\/div>\n\n\n\n<div class=\"wp-block-file\"><a id=\"wp-block-file--media-57dd6f4c-c7ac-4313-a17e-2ebf6e825cf4\" href=\"https:\/\/www.manaus.am.gov.br\/semed\/wp-content\/uploads\/sites\/3\/2024\/04\/02-Regulamento-JISS-Futebol-Society-2024.pdf\">02 Regulamento JISS Futebol Society 2024<\/a><\/div>\n\n\n\n<div class=\"wp-block-file\"><a id=\"wp-block-file--media-e183ab40-00da-4e80-a407-330850f8597a\" href=\"https:\/\/www.manaus.am.gov.br\/semed\/wp-content\/uploads\/sites\/3\/2024\/04\/03-Regulamento-JISS-Futsal-2024.pdf\">03 Regulamento JISS Futsal 2024<\/a><\/div>\n\n\n\n<div class=\"wp-block-file\"><a id=\"wp-block-file--media-ca8409fe-653b-4f78-876a-f5a8f40087d8\" href=\"https:\/\/www.manaus.am.gov.br\/semed\/wp-content\/uploads\/sites\/3\/2024\/04\/04-Regulamento-JISS-Queimada-2024.pdf\">04 Regulamento JISS Queimada 2024<\/a><\/div>\n\n\n\n<div class=\"wp-block-file\"><a id=\"wp-block-file--media-b7d880d1-d1e9-4f1c-941f-0bb9b7781352\" href=\"https:\/\/www.manaus.am.gov.br\/semed\/wp-content\/uploads\/sites\/3\/2024\/09\/05-Regulamento-Basquete-3x3-2024.pdf\">05 Regulamento Basquete 3&#215;3 2024<\/a><\/div>\n\n\n\n<div class=\"wp-block-file\"><a id=\"wp-block-file--media-83a7219b-f1f7-41d9-b5fd-b204b0c9995a\" href=\"https:\/\/www.manaus.am.gov.br\/semed\/wp-content\/uploads\/sites\/3\/2024\/09\/06-Regulamento-Badminton-2024.pdf\">06 Regulamento Badminton 2024<\/a><\/div>\n\n\n\n<div class=\"wp-block-file\"><a id=\"wp-block-file--media-99fe211c-8f10-44d1-b51f-823785b27ced\" href=\"https:\/\/www.manaus.am.gov.br\/semed\/wp-content\/uploads\/sites\/3\/2024\/09\/07-Regulamento-Natacao-2024.pdf\">07 Regulamento Nata\u00e7\u00e3o 2024<\/a><\/div>\n\n\n\n<div class=\"wp-block-file\"><a id=\"wp-block-file--media-68a446a2-bc6e-49fe-8e5c-720d997530ff\" href=\"https:\/\/www.manaus.am.gov.br\/semed\/wp-content\/uploads\/sites\/3\/2024\/10\/08-Regulamento-JISS-Volei-4x4-2024.docx.pdf\">08 Regulamento JISS V\u00f4lei 4&#215;4 2024<\/a><\/div>\n\n\n\n<div class=\"wp-block-file\"><a id=\"wp-block-file--media-97de1be7-d419-4e5b-a47a-eb436204253a\" href=\"https:\/\/www.manaus.am.gov.br\/semed\/wp-content\/uploads\/sites\/3\/2024\/10\/09-Regulamento-JISS-Tenis-de-mesa-2024.docx.pdf\">09 Regulamento JISS T\u00eanis de mesa 2024<\/a><\/div>\n\n\n\n<div class=\"wp-block-file\"><a id=\"wp-block-file--media-15bb2dfc-8f22-45a1-a2c0-55641e8cfa24\" href=\"https:\/\/www.manaus.am.gov.br\/semed\/wp-content\/uploads\/sites\/3\/2024\/10\/10-Regulamento-JISS-Domino-2024.docx.pdf\">10 Regulamento JISS Domin\u00f3 2024<\/a><\/div>\n\n\n\n<div class=\"wp-block-file\"><a id=\"wp-block-file--media-f8824850-d860-4e81-b372-d9ba0ca0c72b\" href=\"https:\/\/www.manaus.am.gov.br\/semed\/wp-content\/uploads\/sites\/3\/2024\/10\/11-Regulamento-JISS-Xadrez-2024.docx.pdf\">11 Regulamento JISS Xadrez 2024<\/a><\/div>\n","protected":false},"excerpt":{"rendered":"","protected":false},"author":8,"featured_media":0,"parent":1313,"menu_order":0,"comment_status":"closed","ping_status":"closed","template":"","meta":{"footnotes":""},"acf":[],"yoast_head":"<!-- This site is optimized with the Yoast SEO plugin v23.0 - https:\/\/yoast.com\/wordpress\/plugins\/seo\/ -->\n<title>JISS 2024 - SEMED<\/title>\n<meta name=\"robots\" content=\"index, follow, max-snippet:-1, max-image-preview:large, max-video-preview:-1\" \/>\n<link rel=\"canonical\" href=\"https:\/\/www.manaus.am.gov.br\/semed\/jiss-jogos-de-integracao-dos-servidores-da-semed\/jiss-2024\/\" \/>\n<meta property=\"og:locale\" content=\"pt_BR\" \/>\n<meta property=\"og:type\" content=\"article\" \/>\n<meta property=\"og:title\" content=\"JISS 2024 - SEMED\" \/>\n<meta property=\"og:url\" content=\"https:\/\/www.manaus.am.gov.br\/semed\/jiss-jogos-de-integracao-dos-servidores-da-semed\/jiss-2024\/\" \/>\n<meta property=\"og:site_name\" content=\"SEMED\" \/>\n<meta property=\"og:image\" content=\"https:\/\/www.manaus.am.gov.br\/semed\/wp-content\/uploads\/sites\/3\/2024\/07\/thumb-default-2.png\" \/>\n\t<meta property=\"og:image:width\" content=\"966\" \/>\n\t<meta property=\"og:image:height\" content=\"520\" \/>\n\t<meta property=\"og:image:type\" content=\"image\/png\" \/>\n<meta name=\"twitter:card\" content=\"summary_large_image\" \/>\n<meta name=\"twitter:label1\" content=\"Est. reading time\" \/>\n\t<meta name=\"twitter:data1\" content=\"1 minuto\" \/>\n<script type=\"application\/ld+json\" class=\"yoast-schema-graph\">{\"@context\":\"https:\/\/schema.org\",\"@graph\":[{\"@type\":\"Article\",\"@id\":\"https:\/\/www.manaus.am.gov.br\/semed\/jiss-jogos-de-integracao-dos-servidores-da-semed\/jiss-2024\/#article\",\"isPartOf\":{\"@id\":\"https:\/\/www.manaus.am.gov.br\/semed\/jiss-jogos-de-integracao-dos-servidores-da-semed\/jiss-2024\/\"},\"author\":{\"name\":\"Glauber Farias\",\"@id\":\"https:\/\/www.manaus.am.gov.br\/semed\/#\/schema\/person\/fe69d2249d78e7a3112d42bc34c44a58\"},\"headline\":\"JISS 2024\",\"datePublished\":\"2025-06-12T14:41:23+00:00\",\"dateModified\":\"2025-06-12T14:41:23+00:00\",\"mainEntityOfPage\":{\"@id\":\"https:\/\/www.manaus.am.gov.br\/semed\/jiss-jogos-de-integracao-dos-servidores-da-semed\/jiss-2024\/\"},\"wordCount\":40,\"publisher\":{\"@id\":\"https:\/\/www.manaus.am.gov.br\/semed\/#organization\"},\"inLanguage\":\"pt-BR\"},{\"@type\":\"WebPage\",\"@id\":\"https:\/\/www.manaus.am.gov.br\/semed\/jiss-jogos-de-integracao-dos-servidores-da-semed\/jiss-2024\/\",\"url\":\"https:\/\/www.manaus.am.gov.br\/semed\/jiss-jogos-de-integracao-dos-servidores-da-semed\/jiss-2024\/\",\"name\":\"JISS 2024 - SEMED\",\"isPartOf\":{\"@id\":\"https:\/\/www.manaus.am.gov.br\/semed\/#website\"},\"datePublished\":\"2025-06-12T14:41:23+00:00\",\"dateModified\":\"2025-06-12T14:41:23+00:00\",\"breadcrumb\":{\"@id\":\"https:\/\/www.manaus.am.gov.br\/semed\/jiss-jogos-de-integracao-dos-servidores-da-semed\/jiss-2024\/#breadcrumb\"},\"inLanguage\":\"pt-BR\",\"potentialAction\":[{\"@type\":\"ReadAction\",\"target\":[\"https:\/\/www.manaus.am.gov.br\/semed\/jiss-jogos-de-integracao-dos-servidores-da-semed\/jiss-2024\/\"]}]},{\"@type\":\"BreadcrumbList\",\"@id\":\"https:\/\/www.manaus.am.gov.br\/semed\/jiss-jogos-de-integracao-dos-servidores-da-semed\/jiss-2024\/#breadcrumb\",\"itemListElement\":[{\"@type\":\"ListItem\",\"position\":1,\"name\":\"JISS &#8211; Jogos de Integra\u00e7\u00e3o dos Servidores da SEMED\",\"item\":\"https:\/\/www.manaus.am.gov.br\/semed\/jiss-jogos-de-integracao-dos-servidores-da-semed\/\"},{\"@type\":\"ListItem\",\"position\":2,\"name\":\"JISS 2024\"}]},{\"@type\":\"WebSite\",\"@id\":\"https:\/\/www.manaus.am.gov.br\/semed\/#website\",\"url\":\"https:\/\/www.manaus.am.gov.br\/semed\/\",\"name\":\"Secretaria Municipal de Educa\u00e7\u00e3o\",\"description\":\"Secretaria Municipal de Educa\u00e7\u00e3o\",\"publisher\":{\"@id\":\"https:\/\/www.manaus.am.gov.br\/semed\/#organization\"},\"alternateName\":\"SEMED\",\"potentialAction\":[{\"@type\":\"SearchAction\",\"target\":{\"@type\":\"EntryPoint\",\"urlTemplate\":\"https:\/\/www.manaus.am.gov.br\/semed\/?s={search_term_string}\"},\"query-input\":\"required name=search_term_string\"}],\"inLanguage\":\"pt-BR\"},{\"@type\":\"Organization\",\"@id\":\"https:\/\/www.manaus.am.gov.br\/semed\/#organization\",\"name\":\"Secretaria de Educa\u00e7\u00e3o\",\"alternateName\":\"SEMED\",\"url\":\"https:\/\/www.manaus.am.gov.br\/semed\/\",\"logo\":{\"@type\":\"ImageObject\",\"inLanguage\":\"pt-BR\",\"@id\":\"https:\/\/www.manaus.am.gov.br\/semed\/#\/schema\/logo\/image\/\",\"url\":\"https:\/\/www.manaus.am.gov.br\/semed\/wp-content\/uploads\/sites\/3\/2022\/11\/favicon.png\",\"contentUrl\":\"https:\/\/www.manaus.am.gov.br\/semed\/wp-content\/uploads\/sites\/3\/2022\/11\/favicon.png\",\"width\":300,\"height\":300,\"caption\":\"Secretaria de Educa\u00e7\u00e3o\"},\"image\":{\"@id\":\"https:\/\/www.manaus.am.gov.br\/semed\/#\/schema\/logo\/image\/\"}},{\"@type\":\"Person\",\"@id\":\"https:\/\/www.manaus.am.gov.br\/semed\/#\/schema\/person\/fe69d2249d78e7a3112d42bc34c44a58\",\"name\":\"Glauber Farias\",\"image\":{\"@type\":\"ImageObject\",\"inLanguage\":\"pt-BR\",\"@id\":\"https:\/\/www.manaus.am.gov.br\/semed\/#\/schema\/person\/image\/\",\"url\":\"https:\/\/secure.gravatar.com\/avatar\/eb33200ffd19538372f635b2165531c0?s=96&d=mm&r=g\",\"contentUrl\":\"https:\/\/secure.gravatar.com\/avatar\/eb33200ffd19538372f635b2165531c0?s=96&d=mm&r=g\",\"caption\":\"Glauber Farias\"}}]}<\/script>\n<!-- \/ Yoast SEO plugin. -->","yoast_head_json":{"title":"JISS 2024 - SEMED","robots":{"index":"index","follow":"follow","max-snippet":"max-snippet:-1","max-image-preview":"max-image-preview:large","max-video-preview":"max-video-preview:-1"},"canonical":"https:\/\/www.manaus.am.gov.br\/semed\/jiss-jogos-de-integracao-dos-servidores-da-semed\/jiss-2024\/","og_locale":"pt_BR","og_type":"article","og_title":"JISS 2024 - SEMED","og_url":"https:\/\/www.manaus.am.gov.br\/semed\/jiss-jogos-de-integracao-dos-servidores-da-semed\/jiss-2024\/","og_site_name":"SEMED","og_image":[{"width":966,"height":520,"url":"https:\/\/www.manaus.am.gov.br\/semed\/wp-content\/uploads\/sites\/3\/2024\/07\/thumb-default-2.png","type":"image\/png"}],"twitter_card":"summary_large_image","twitter_misc":{"Est. reading time":"1 minuto"},"schema":{"@context":"https:\/\/schema.org","@graph":[{"@type":"Article","@id":"https:\/\/www.manaus.am.gov.br\/semed\/jiss-jogos-de-integracao-dos-servidores-da-semed\/jiss-2024\/#article","isPartOf":{"@id":"https:\/\/www.manaus.am.gov.br\/semed\/jiss-jogos-de-integracao-dos-servidores-da-semed\/jiss-2024\/"},"author":{"name":"Glauber Farias","@id":"https:\/\/www.manaus.am.gov.br\/semed\/#\/schema\/person\/fe69d2249d78e7a3112d42bc34c44a58"},"headline":"JISS 2024","datePublished":"2025-06-12T14:41:23+00:00","dateModified":"2025-06-12T14:41:23+00:00","mainEntityOfPage":{"@id":"https:\/\/www.manaus.am.gov.br\/semed\/jiss-jogos-de-integracao-dos-servidores-da-semed\/jiss-2024\/"},"wordCount":40,"publisher":{"@id":"https:\/\/www.manaus.am.gov.br\/semed\/#organization"},"inLanguage":"pt-BR"},{"@type":"WebPage","@id":"https:\/\/www.manaus.am.gov.br\/semed\/jiss-jogos-de-integracao-dos-servidores-da-semed\/jiss-2024\/","url":"https:\/\/www.manaus.am.gov.br\/semed\/jiss-jogos-de-integracao-dos-servidores-da-semed\/jiss-2024\/","name":"JISS 2024 - SEMED","isPartOf":{"@id":"https:\/\/www.manaus.am.gov.br\/semed\/#website"},"datePublished":"2025-06-12T14:41:23+00:00","dateModified":"2025-06-12T14:41:23+00:00","breadcrumb":{"@id":"https:\/\/www.manaus.am.gov.br\/semed\/jiss-jogos-de-integracao-dos-servidores-da-semed\/jiss-2024\/#breadcrumb"},"inLanguage":"pt-BR","potentialAction":[{"@type":"ReadAction","target":["https:\/\/www.manaus.am.gov.br\/semed\/jiss-jogos-de-integracao-dos-servidores-da-semed\/jiss-2024\/"]}]},{"@type":"BreadcrumbList","@id":"https:\/\/www.manaus.am.gov.br\/semed\/jiss-jogos-de-integracao-dos-servidores-da-semed\/jiss-2024\/#breadcrumb","itemListElement":[{"@type":"ListItem","position":1,"name":"JISS &#8211; Jogos de Integra\u00e7\u00e3o dos Servidores da SEMED","item":"https:\/\/www.manaus.am.gov.br\/semed\/jiss-jogos-de-integracao-dos-servidores-da-semed\/"},{"@type":"ListItem","position":2,"name":"JISS 2024"}]},{"@type":"WebSite","@id":"https:\/\/www.manaus.am.gov.br\/semed\/#website","url":"https:\/\/www.manaus.am.gov.br\/semed\/","name":"Secretaria Municipal de Educa\u00e7\u00e3o","description":"Secretaria Municipal de Educa\u00e7\u00e3o","publisher":{"@id":"https:\/\/www.manaus.am.gov.br\/semed\/#organization"},"alternateName":"SEMED","potentialAction":[{"@type":"SearchAction","target":{"@type":"EntryPoint","urlTemplate":"https:\/\/www.manaus.am.gov.br\/semed\/?s={search_term_string}"},"query-input":"required name=search_term_string"}],"inLanguage":"pt-BR"},{"@type":"Organization","@id":"https:\/\/www.manaus.am.gov.br\/semed\/#organization","name":"Secretaria de Educa\u00e7\u00e3o","alternateName":"SEMED","url":"https:\/\/www.manaus.am.gov.br\/semed\/","logo":{"@type":"ImageObject","inLanguage":"pt-BR","@id":"https:\/\/www.manaus.am.gov.br\/semed\/#\/schema\/logo\/image\/","url":"https:\/\/www.manaus.am.gov.br\/semed\/wp-content\/uploads\/sites\/3\/2022\/11\/favicon.png","contentUrl":"https:\/\/www.manaus.am.gov.br\/semed\/wp-content\/uploads\/sites\/3\/2022\/11\/favicon.png","width":300,"height":300,"caption":"Secretaria de Educa\u00e7\u00e3o"},"image":{"@id":"https:\/\/www.manaus.am.gov.br\/semed\/#\/schema\/logo\/image\/"}},{"@type":"Person","@id":"https:\/\/www.manaus.am.gov.br\/semed\/#\/schema\/person\/fe69d2249d78e7a3112d42bc34c44a58","name":"Glauber Farias","image":{"@type":"ImageObject","inLanguage":"pt-BR","@id":"https:\/\/www.manaus.am.gov.br\/semed\/#\/schema\/person\/image\/","url":"https:\/\/secure.gravatar.com\/avatar\/eb33200ffd19538372f635b2165531c0?s=96&d=mm&r=g","contentUrl":"https:\/\/secure.gravatar.com\/avatar\/eb33200ffd19538372f635b2165531c0?s=96&d=mm&r=g","caption":"Glauber Farias"}}]}},"_links":{"self":[{"href":"https:\/\/www.manaus.am.gov.br\/semed\/wp-json\/wp\/v2\/pages\/9028"}],"collection":[{"href":"https:\/\/www.manaus.am.gov.br\/semed\/wp-json\/wp\/v2\/pages"}],"about":[{"href":"https:\/\/www.manaus.am.gov.br\/semed\/wp-json\/wp\/v2\/types\/page"}],"author":[{"embeddable":true,"href":"https:\/\/www.manaus.am.gov.br\/semed\/wp-json\/wp\/v2\/users\/8"}],"replies":[{"embeddable":true,"href":"https:\/\/www.manaus.am.gov.br\/semed\/wp-json\/wp\/v2\/comments?post=9028"}],"version-history":[{"count":1,"href":"https:\/\/www.manaus.am.gov.br\/semed\/wp-json\/wp\/v2\/pages\/9028\/revisions"}],"predecessor-version":[{"id":9029,"href":"https:\/\/www.manaus.am.gov.br\/semed\/wp-json\/wp\/v2\/pages\/9028\/revisions\/9029"}],"up":[{"embeddable":true,"href":"https:\/\/www.manaus.am.gov.br\/semed\/wp-json\/wp\/v2\/pages\/1313"}],"wp:attachment":[{"href":"https:\/\/www.manaus.am.gov.br\/semed\/wp-json\/wp\/v2\/media?parent=9028"}],"curies":[{"name":"wp","href":"https:\/\/api.w.org\/{rel}","templated":true}]}}