{"id":7741,"date":"2024-10-31T09:50:58","date_gmt":"2024-10-31T13:50:58","guid":{"rendered":"https:\/\/www.manaus.am.gov.br\/semed\/?page_id=7741"},"modified":"2026-05-04T10:21:27","modified_gmt":"2026-05-04T14:21:27","slug":"chamada-para-submissao-de-artigos-revista-cme-em-foco","status":"publish","type":"page","link":"https:\/\/www.manaus.am.gov.br\/semed\/cme\/revista-eletronica-cme-em-foco\/chamada-para-submissao-de-artigos-revista-cme-em-foco\/","title":{"rendered":"Edital de Chamada para Submiss\u00e3o de Trabalhos \u2013 7\u00ba Volume da Revista CME EM FOCO"},"content":{"rendered":"<div class=\"wp-block-image\">\n<figure class=\"aligncenter size-large\"><img loading=\"lazy\" decoding=\"async\" width=\"785\" height=\"1024\" src=\"https:\/\/www.manaus.am.gov.br\/semed\/wp-content\/uploads\/sites\/3\/2026\/05\/CME-em-foco-7ed-785x1024.jpeg\" alt=\"\" class=\"wp-image-11636\" style=\"aspect-ratio:4\/3;object-fit:contain\" srcset=\"https:\/\/www.manaus.am.gov.br\/semed\/wp-content\/uploads\/sites\/3\/2026\/05\/CME-em-foco-7ed-785x1024.jpeg 785w, https:\/\/www.manaus.am.gov.br\/semed\/wp-content\/uploads\/sites\/3\/2026\/05\/CME-em-foco-7ed-230x300.jpeg 230w, https:\/\/www.manaus.am.gov.br\/semed\/wp-content\/uploads\/sites\/3\/2026\/05\/CME-em-foco-7ed-768x1002.jpeg 768w, https:\/\/www.manaus.am.gov.br\/semed\/wp-content\/uploads\/sites\/3\/2026\/05\/CME-em-foco-7ed.jpeg 1098w\" sizes=\"(max-width: 785px) 100vw, 785px\" \/><\/figure><\/div>\n\n\n<p>O Conselho Municipal de Educa\u00e7\u00e3o de Manaus (CME\/Manaus), por interm\u00e9dio de seu Presidente e do Conselho Editorial da revista <strong>\u201cCME EM FOCO\u201d<\/strong>, torna p\u00fablico o Edital n\u00ba 001\/CME\/2026, destinado \u00e0 submiss\u00e3o de artigos, relatos de experi\u00eancia, resenhas e entrevistas para composi\u00e7\u00e3o do s\u00e9timo volume da revista.<\/p>\n\n\n\n<p>A edi\u00e7\u00e3o, com publica\u00e7\u00e3o prevista para o segundo semestre de 2026, ter\u00e1 como tema:<\/p>\n\n\n\n<p><strong>\u201cOs Desafios da Educa\u00e7\u00e3o Amaz\u00f4nica: pensando o Brasil do lado de c\u00e1.\u201d<\/strong><\/p>\n\n\n\n<p>A proposta desta edi\u00e7\u00e3o \u00e9 fomentar reflex\u00f5es acerca da Educa\u00e7\u00e3o em Contexto Amaz\u00f4nico, contribuindo para o debate sobre as caracter\u00edsticas, desafios e avan\u00e7os educacionais na regi\u00e3o.<\/p>\n\n\n\n<p>Ser\u00e3o aceitos trabalhos que abordem, dentre outros, os seguintes eixos tem\u00e1ticos:<\/p>\n\n\n\n<ul>\n<li>Forma\u00e7\u00e3o de Professores<\/li>\n\n\n\n<li>Educa\u00e7\u00e3o Inclusiva<\/li>\n\n\n\n<li>Educa\u00e7\u00e3o Escolar Ind\u00edgena<\/li>\n\n\n\n<li>Processos Migrat\u00f3rios e Inclus\u00e3o Educacional<\/li>\n\n\n\n<li>Educa\u00e7\u00e3o Infantil<\/li>\n\n\n\n<li>Educa\u00e7\u00e3o Ambiental<\/li>\n\n\n\n<li>Educa\u00e7\u00e3o no Campo<\/li>\n\n\n\n<li>Pol\u00edticas Educacionais na e para a Amaz\u00f4nia<\/li>\n\n\n\n<li>Linguagens e Diversidade Amaz\u00f4nica<\/li>\n<\/ul>\n\n\n\n<h3 class=\"wp-block-heading\">\ud83d\udcc5 Per\u00edodo de Submiss\u00e3o<\/h3>\n\n\n\n<p>De <strong>10 de mar\u00e7o a 30 de maio de 2026<\/strong>.<\/p>\n\n\n\n<h3 class=\"wp-block-heading\">\ud83d\udce7 Envio dos Trabalhos<\/h3>\n\n\n\n<p>Os textos dever\u00e3o ser encaminhados para o e-mail: <a href=\"mailto:cmeemfoco@gmail.com\">cmeemfoco@gmail.com<\/a>, com identifica\u00e7\u00e3o do t\u00edtulo e autoria.<\/p>\n\n\n\n<p>As instru\u00e7\u00f5es para publica\u00e7\u00e3o e diretrizes completas est\u00e3o dispon\u00edveis na p\u00e1gina oficial do CME\/Manaus: <a href=\"https:\/\/www.manaus.am.gov.br\/semed\/cme\/revista-eletronica-cme-em-foco\/\">https:\/\/www.manaus.am.gov.br\/semed\/cme\/revista-eletronica-cme-em-foco\/<\/a><\/p>\n\n\n\n<p><strong>Participe e contribua com reflex\u00f5es que fortalecem o debate educacional na Amaz\u00f4nia.<\/strong><\/p>\n","protected":false},"excerpt":{"rendered":"","protected":false},"author":8,"featured_media":0,"parent":6268,"menu_order":0,"comment_status":"closed","ping_status":"closed","template":"","meta":{"footnotes":""},"acf":[],"yoast_head":"<!-- This site is optimized with the Yoast SEO plugin v23.0 - https:\/\/yoast.com\/wordpress\/plugins\/seo\/ -->\n<title>Edital de Chamada para Submiss\u00e3o de Trabalhos \u2013 7\u00ba Volume da Revista CME EM FOCO - SEMED<\/title>\n<meta name=\"robots\" content=\"index, follow, max-snippet:-1, max-image-preview:large, max-video-preview:-1\" \/>\n<link rel=\"canonical\" href=\"https:\/\/www.manaus.am.gov.br\/semed\/cme\/revista-eletronica-cme-em-foco\/chamada-para-submissao-de-artigos-revista-cme-em-foco\/\" \/>\n<meta property=\"og:locale\" content=\"pt_BR\" \/>\n<meta property=\"og:type\" content=\"article\" \/>\n<meta property=\"og:title\" content=\"Edital de Chamada para Submiss\u00e3o de Trabalhos \u2013 7\u00ba Volume da Revista CME EM FOCO - SEMED\" \/>\n<meta property=\"og:url\" content=\"https:\/\/www.manaus.am.gov.br\/semed\/cme\/revista-eletronica-cme-em-foco\/chamada-para-submissao-de-artigos-revista-cme-em-foco\/\" \/>\n<meta property=\"og:site_name\" content=\"SEMED\" \/>\n<meta property=\"article:modified_time\" content=\"2026-05-04T14:21:27+00:00\" \/>\n<meta property=\"og:image\" content=\"https:\/\/www.manaus.am.gov.br\/semed\/wp-content\/uploads\/sites\/3\/2026\/05\/CME-em-foco-7ed-785x1024.jpeg\" \/>\n<meta name=\"twitter:card\" content=\"summary_large_image\" \/>\n<meta name=\"twitter:label1\" content=\"Est. reading time\" \/>\n\t<meta name=\"twitter:data1\" content=\"2 minutos\" \/>\n<script type=\"application\/ld+json\" class=\"yoast-schema-graph\">{\"@context\":\"https:\/\/schema.org\",\"@graph\":[{\"@type\":\"Article\",\"@id\":\"https:\/\/www.manaus.am.gov.br\/semed\/cme\/revista-eletronica-cme-em-foco\/chamada-para-submissao-de-artigos-revista-cme-em-foco\/#article\",\"isPartOf\":{\"@id\":\"https:\/\/www.manaus.am.gov.br\/semed\/cme\/revista-eletronica-cme-em-foco\/chamada-para-submissao-de-artigos-revista-cme-em-foco\/\"},\"author\":{\"name\":\"Glauber Farias\",\"@id\":\"https:\/\/www.manaus.am.gov.br\/semed\/#\/schema\/person\/fe69d2249d78e7a3112d42bc34c44a58\"},\"headline\":\"Edital de Chamada para Submiss\u00e3o de Trabalhos \u2013 7\u00ba Volume da Revista CME EM FOCO\",\"datePublished\":\"2024-10-31T13:50:58+00:00\",\"dateModified\":\"2026-05-04T14:21:27+00:00\",\"mainEntityOfPage\":{\"@id\":\"https:\/\/www.manaus.am.gov.br\/semed\/cme\/revista-eletronica-cme-em-foco\/chamada-para-submissao-de-artigos-revista-cme-em-foco\/\"},\"wordCount\":263,\"publisher\":{\"@id\":\"https:\/\/www.manaus.am.gov.br\/semed\/#organization\"},\"image\":{\"@id\":\"https:\/\/www.manaus.am.gov.br\/semed\/cme\/revista-eletronica-cme-em-foco\/chamada-para-submissao-de-artigos-revista-cme-em-foco\/#primaryimage\"},\"thumbnailUrl\":\"https:\/\/www.manaus.am.gov.br\/semed\/wp-content\/uploads\/sites\/3\/2026\/05\/CME-em-foco-7ed-785x1024.jpeg\",\"inLanguage\":\"pt-BR\"},{\"@type\":\"WebPage\",\"@id\":\"https:\/\/www.manaus.am.gov.br\/semed\/cme\/revista-eletronica-cme-em-foco\/chamada-para-submissao-de-artigos-revista-cme-em-foco\/\",\"url\":\"https:\/\/www.manaus.am.gov.br\/semed\/cme\/revista-eletronica-cme-em-foco\/chamada-para-submissao-de-artigos-revista-cme-em-foco\/\",\"name\":\"Edital de Chamada para Submiss\u00e3o de Trabalhos \u2013 7\u00ba Volume da Revista CME EM FOCO - SEMED\",\"isPartOf\":{\"@id\":\"https:\/\/www.manaus.am.gov.br\/semed\/#website\"},\"primaryImageOfPage\":{\"@id\":\"https:\/\/www.manaus.am.gov.br\/semed\/cme\/revista-eletronica-cme-em-foco\/chamada-para-submissao-de-artigos-revista-cme-em-foco\/#primaryimage\"},\"image\":{\"@id\":\"https:\/\/www.manaus.am.gov.br\/semed\/cme\/revista-eletronica-cme-em-foco\/chamada-para-submissao-de-artigos-revista-cme-em-foco\/#primaryimage\"},\"thumbnailUrl\":\"https:\/\/www.manaus.am.gov.br\/semed\/wp-content\/uploads\/sites\/3\/2026\/05\/CME-em-foco-7ed-785x1024.jpeg\",\"datePublished\":\"2024-10-31T13:50:58+00:00\",\"dateModified\":\"2026-05-04T14:21:27+00:00\",\"breadcrumb\":{\"@id\":\"https:\/\/www.manaus.am.gov.br\/semed\/cme\/revista-eletronica-cme-em-foco\/chamada-para-submissao-de-artigos-revista-cme-em-foco\/#breadcrumb\"},\"inLanguage\":\"pt-BR\",\"potentialAction\":[{\"@type\":\"ReadAction\",\"target\":[\"https:\/\/www.manaus.am.gov.br\/semed\/cme\/revista-eletronica-cme-em-foco\/chamada-para-submissao-de-artigos-revista-cme-em-foco\/\"]}]},{\"@type\":\"ImageObject\",\"inLanguage\":\"pt-BR\",\"@id\":\"https:\/\/www.manaus.am.gov.br\/semed\/cme\/revista-eletronica-cme-em-foco\/chamada-para-submissao-de-artigos-revista-cme-em-foco\/#primaryimage\",\"url\":\"https:\/\/www.manaus.am.gov.br\/semed\/wp-content\/uploads\/sites\/3\/2026\/05\/CME-em-foco-7ed.jpeg\",\"contentUrl\":\"https:\/\/www.manaus.am.gov.br\/semed\/wp-content\/uploads\/sites\/3\/2026\/05\/CME-em-foco-7ed.jpeg\",\"width\":1098,\"height\":1433},{\"@type\":\"BreadcrumbList\",\"@id\":\"https:\/\/www.manaus.am.gov.br\/semed\/cme\/revista-eletronica-cme-em-foco\/chamada-para-submissao-de-artigos-revista-cme-em-foco\/#breadcrumb\",\"itemListElement\":[{\"@type\":\"ListItem\",\"position\":1,\"name\":\"Conselho Municipal de Educa\u00e7\u00e3o\",\"item\":\"https:\/\/www.manaus.am.gov.br\/semed\/cme\/\"},{\"@type\":\"ListItem\",\"position\":2,\"name\":\"Revista Eletr\u00f4nica \u2013 CME EM FOCO\",\"item\":\"https:\/\/www.manaus.am.gov.br\/semed\/cme\/revista-eletronica-cme-em-foco\/\"},{\"@type\":\"ListItem\",\"position\":3,\"name\":\"Edital de Chamada para Submiss\u00e3o de Trabalhos \u2013 7\u00ba Volume da Revista CME EM FOCO\"}]},{\"@type\":\"WebSite\",\"@id\":\"https:\/\/www.manaus.am.gov.br\/semed\/#website\",\"url\":\"https:\/\/www.manaus.am.gov.br\/semed\/\",\"name\":\"Secretaria Municipal de Educa\u00e7\u00e3o\",\"description\":\"Secretaria Municipal de Educa\u00e7\u00e3o\",\"publisher\":{\"@id\":\"https:\/\/www.manaus.am.gov.br\/semed\/#organization\"},\"alternateName\":\"SEMED\",\"potentialAction\":[{\"@type\":\"SearchAction\",\"target\":{\"@type\":\"EntryPoint\",\"urlTemplate\":\"https:\/\/www.manaus.am.gov.br\/semed\/?s={search_term_string}\"},\"query-input\":\"required name=search_term_string\"}],\"inLanguage\":\"pt-BR\"},{\"@type\":\"Organization\",\"@id\":\"https:\/\/www.manaus.am.gov.br\/semed\/#organization\",\"name\":\"Secretaria de Educa\u00e7\u00e3o\",\"alternateName\":\"SEMED\",\"url\":\"https:\/\/www.manaus.am.gov.br\/semed\/\",\"logo\":{\"@type\":\"ImageObject\",\"inLanguage\":\"pt-BR\",\"@id\":\"https:\/\/www.manaus.am.gov.br\/semed\/#\/schema\/logo\/image\/\",\"url\":\"https:\/\/www.manaus.am.gov.br\/semed\/wp-content\/uploads\/sites\/3\/2022\/11\/favicon.png\",\"contentUrl\":\"https:\/\/www.manaus.am.gov.br\/semed\/wp-content\/uploads\/sites\/3\/2022\/11\/favicon.png\",\"width\":300,\"height\":300,\"caption\":\"Secretaria de Educa\u00e7\u00e3o\"},\"image\":{\"@id\":\"https:\/\/www.manaus.am.gov.br\/semed\/#\/schema\/logo\/image\/\"}},{\"@type\":\"Person\",\"@id\":\"https:\/\/www.manaus.am.gov.br\/semed\/#\/schema\/person\/fe69d2249d78e7a3112d42bc34c44a58\",\"name\":\"Glauber Farias\",\"image\":{\"@type\":\"ImageObject\",\"inLanguage\":\"pt-BR\",\"@id\":\"https:\/\/www.manaus.am.gov.br\/semed\/#\/schema\/person\/image\/\",\"url\":\"https:\/\/secure.gravatar.com\/avatar\/eb33200ffd19538372f635b2165531c0?s=96&d=mm&r=g\",\"contentUrl\":\"https:\/\/secure.gravatar.com\/avatar\/eb33200ffd19538372f635b2165531c0?s=96&d=mm&r=g\",\"caption\":\"Glauber Farias\"}}]}<\/script>\n<!-- \/ Yoast SEO plugin. -->","yoast_head_json":{"title":"Edital de Chamada para Submiss\u00e3o de Trabalhos \u2013 7\u00ba Volume da Revista CME EM FOCO - SEMED","robots":{"index":"index","follow":"follow","max-snippet":"max-snippet:-1","max-image-preview":"max-image-preview:large","max-video-preview":"max-video-preview:-1"},"canonical":"https:\/\/www.manaus.am.gov.br\/semed\/cme\/revista-eletronica-cme-em-foco\/chamada-para-submissao-de-artigos-revista-cme-em-foco\/","og_locale":"pt_BR","og_type":"article","og_title":"Edital de Chamada para Submiss\u00e3o de Trabalhos \u2013 7\u00ba Volume da Revista CME EM FOCO - SEMED","og_url":"https:\/\/www.manaus.am.gov.br\/semed\/cme\/revista-eletronica-cme-em-foco\/chamada-para-submissao-de-artigos-revista-cme-em-foco\/","og_site_name":"SEMED","article_modified_time":"2026-05-04T14:21:27+00:00","og_image":[{"url":"https:\/\/www.manaus.am.gov.br\/semed\/wp-content\/uploads\/sites\/3\/2026\/05\/CME-em-foco-7ed-785x1024.jpeg"}],"twitter_card":"summary_large_image","twitter_misc":{"Est. reading time":"2 minutos"},"schema":{"@context":"https:\/\/schema.org","@graph":[{"@type":"Article","@id":"https:\/\/www.manaus.am.gov.br\/semed\/cme\/revista-eletronica-cme-em-foco\/chamada-para-submissao-de-artigos-revista-cme-em-foco\/#article","isPartOf":{"@id":"https:\/\/www.manaus.am.gov.br\/semed\/cme\/revista-eletronica-cme-em-foco\/chamada-para-submissao-de-artigos-revista-cme-em-foco\/"},"author":{"name":"Glauber Farias","@id":"https:\/\/www.manaus.am.gov.br\/semed\/#\/schema\/person\/fe69d2249d78e7a3112d42bc34c44a58"},"headline":"Edital de Chamada para Submiss\u00e3o de Trabalhos \u2013 7\u00ba Volume da Revista CME EM FOCO","datePublished":"2024-10-31T13:50:58+00:00","dateModified":"2026-05-04T14:21:27+00:00","mainEntityOfPage":{"@id":"https:\/\/www.manaus.am.gov.br\/semed\/cme\/revista-eletronica-cme-em-foco\/chamada-para-submissao-de-artigos-revista-cme-em-foco\/"},"wordCount":263,"publisher":{"@id":"https:\/\/www.manaus.am.gov.br\/semed\/#organization"},"image":{"@id":"https:\/\/www.manaus.am.gov.br\/semed\/cme\/revista-eletronica-cme-em-foco\/chamada-para-submissao-de-artigos-revista-cme-em-foco\/#primaryimage"},"thumbnailUrl":"https:\/\/www.manaus.am.gov.br\/semed\/wp-content\/uploads\/sites\/3\/2026\/05\/CME-em-foco-7ed-785x1024.jpeg","inLanguage":"pt-BR"},{"@type":"WebPage","@id":"https:\/\/www.manaus.am.gov.br\/semed\/cme\/revista-eletronica-cme-em-foco\/chamada-para-submissao-de-artigos-revista-cme-em-foco\/","url":"https:\/\/www.manaus.am.gov.br\/semed\/cme\/revista-eletronica-cme-em-foco\/chamada-para-submissao-de-artigos-revista-cme-em-foco\/","name":"Edital de Chamada para Submiss\u00e3o de Trabalhos \u2013 7\u00ba Volume da Revista CME EM FOCO - SEMED","isPartOf":{"@id":"https:\/\/www.manaus.am.gov.br\/semed\/#website"},"primaryImageOfPage":{"@id":"https:\/\/www.manaus.am.gov.br\/semed\/cme\/revista-eletronica-cme-em-foco\/chamada-para-submissao-de-artigos-revista-cme-em-foco\/#primaryimage"},"image":{"@id":"https:\/\/www.manaus.am.gov.br\/semed\/cme\/revista-eletronica-cme-em-foco\/chamada-para-submissao-de-artigos-revista-cme-em-foco\/#primaryimage"},"thumbnailUrl":"https:\/\/www.manaus.am.gov.br\/semed\/wp-content\/uploads\/sites\/3\/2026\/05\/CME-em-foco-7ed-785x1024.jpeg","datePublished":"2024-10-31T13:50:58+00:00","dateModified":"2026-05-04T14:21:27+00:00","breadcrumb":{"@id":"https:\/\/www.manaus.am.gov.br\/semed\/cme\/revista-eletronica-cme-em-foco\/chamada-para-submissao-de-artigos-revista-cme-em-foco\/#breadcrumb"},"inLanguage":"pt-BR","potentialAction":[{"@type":"ReadAction","target":["https:\/\/www.manaus.am.gov.br\/semed\/cme\/revista-eletronica-cme-em-foco\/chamada-para-submissao-de-artigos-revista-cme-em-foco\/"]}]},{"@type":"ImageObject","inLanguage":"pt-BR","@id":"https:\/\/www.manaus.am.gov.br\/semed\/cme\/revista-eletronica-cme-em-foco\/chamada-para-submissao-de-artigos-revista-cme-em-foco\/#primaryimage","url":"https:\/\/www.manaus.am.gov.br\/semed\/wp-content\/uploads\/sites\/3\/2026\/05\/CME-em-foco-7ed.jpeg","contentUrl":"https:\/\/www.manaus.am.gov.br\/semed\/wp-content\/uploads\/sites\/3\/2026\/05\/CME-em-foco-7ed.jpeg","width":1098,"height":1433},{"@type":"BreadcrumbList","@id":"https:\/\/www.manaus.am.gov.br\/semed\/cme\/revista-eletronica-cme-em-foco\/chamada-para-submissao-de-artigos-revista-cme-em-foco\/#breadcrumb","itemListElement":[{"@type":"ListItem","position":1,"name":"Conselho Municipal de Educa\u00e7\u00e3o","item":"https:\/\/www.manaus.am.gov.br\/semed\/cme\/"},{"@type":"ListItem","position":2,"name":"Revista Eletr\u00f4nica \u2013 CME EM FOCO","item":"https:\/\/www.manaus.am.gov.br\/semed\/cme\/revista-eletronica-cme-em-foco\/"},{"@type":"ListItem","position":3,"name":"Edital de Chamada para Submiss\u00e3o de Trabalhos \u2013 7\u00ba Volume da Revista CME EM FOCO"}]},{"@type":"WebSite","@id":"https:\/\/www.manaus.am.gov.br\/semed\/#website","url":"https:\/\/www.manaus.am.gov.br\/semed\/","name":"Secretaria Municipal de Educa\u00e7\u00e3o","description":"Secretaria Municipal de Educa\u00e7\u00e3o","publisher":{"@id":"https:\/\/www.manaus.am.gov.br\/semed\/#organization"},"alternateName":"SEMED","potentialAction":[{"@type":"SearchAction","target":{"@type":"EntryPoint","urlTemplate":"https:\/\/www.manaus.am.gov.br\/semed\/?s={search_term_string}"},"query-input":"required name=search_term_string"}],"inLanguage":"pt-BR"},{"@type":"Organization","@id":"https:\/\/www.manaus.am.gov.br\/semed\/#organization","name":"Secretaria de Educa\u00e7\u00e3o","alternateName":"SEMED","url":"https:\/\/www.manaus.am.gov.br\/semed\/","logo":{"@type":"ImageObject","inLanguage":"pt-BR","@id":"https:\/\/www.manaus.am.gov.br\/semed\/#\/schema\/logo\/image\/","url":"https:\/\/www.manaus.am.gov.br\/semed\/wp-content\/uploads\/sites\/3\/2022\/11\/favicon.png","contentUrl":"https:\/\/www.manaus.am.gov.br\/semed\/wp-content\/uploads\/sites\/3\/2022\/11\/favicon.png","width":300,"height":300,"caption":"Secretaria de Educa\u00e7\u00e3o"},"image":{"@id":"https:\/\/www.manaus.am.gov.br\/semed\/#\/schema\/logo\/image\/"}},{"@type":"Person","@id":"https:\/\/www.manaus.am.gov.br\/semed\/#\/schema\/person\/fe69d2249d78e7a3112d42bc34c44a58","name":"Glauber Farias","image":{"@type":"ImageObject","inLanguage":"pt-BR","@id":"https:\/\/www.manaus.am.gov.br\/semed\/#\/schema\/person\/image\/","url":"https:\/\/secure.gravatar.com\/avatar\/eb33200ffd19538372f635b2165531c0?s=96&d=mm&r=g","contentUrl":"https:\/\/secure.gravatar.com\/avatar\/eb33200ffd19538372f635b2165531c0?s=96&d=mm&r=g","caption":"Glauber Farias"}}]}},"_links":{"self":[{"href":"https:\/\/www.manaus.am.gov.br\/semed\/wp-json\/wp\/v2\/pages\/7741"}],"collection":[{"href":"https:\/\/www.manaus.am.gov.br\/semed\/wp-json\/wp\/v2\/pages"}],"about":[{"href":"https:\/\/www.manaus.am.gov.br\/semed\/wp-json\/wp\/v2\/types\/page"}],"author":[{"embeddable":true,"href":"https:\/\/www.manaus.am.gov.br\/semed\/wp-json\/wp\/v2\/users\/8"}],"replies":[{"embeddable":true,"href":"https:\/\/www.manaus.am.gov.br\/semed\/wp-json\/wp\/v2\/comments?post=7741"}],"version-history":[{"count":10,"href":"https:\/\/www.manaus.am.gov.br\/semed\/wp-json\/wp\/v2\/pages\/7741\/revisions"}],"predecessor-version":[{"id":11638,"href":"https:\/\/www.manaus.am.gov.br\/semed\/wp-json\/wp\/v2\/pages\/7741\/revisions\/11638"}],"up":[{"embeddable":true,"href":"https:\/\/www.manaus.am.gov.br\/semed\/wp-json\/wp\/v2\/pages\/6268"}],"wp:attachment":[{"href":"https:\/\/www.manaus.am.gov.br\/semed\/wp-json\/wp\/v2\/media?parent=7741"}],"curies":[{"name":"wp","href":"https:\/\/api.w.org\/{rel}","templated":true}]}}