{"id":6090,"date":"2024-09-11T10:56:23","date_gmt":"2024-09-11T14:56:23","guid":{"rendered":"https:\/\/www.manaus.am.gov.br\/semed\/?page_id=6090"},"modified":"2024-09-11T11:01:46","modified_gmt":"2024-09-11T15:01:46","slug":"galeria-de-presidentes","status":"publish","type":"page","link":"https:\/\/www.manaus.am.gov.br\/semed\/cme\/galeria-de-presidentes\/","title":{"rendered":"Galeria de Presidentes"},"content":{"rendered":"<div class=\"wp-block-image\">\n<figure class=\"aligncenter size-large is-resized\"><img loading=\"lazy\" decoding=\"async\" width=\"719\" height=\"1024\" src=\"https:\/\/www.manaus.am.gov.br\/semed\/wp-content\/uploads\/sites\/3\/2024\/09\/Graca-11-719x1024.jpg\" alt=\"\" class=\"wp-image-6097\" style=\"width:218px;height:auto\" srcset=\"https:\/\/www.manaus.am.gov.br\/semed\/wp-content\/uploads\/sites\/3\/2024\/09\/Graca-11-719x1024.jpg 719w, https:\/\/www.manaus.am.gov.br\/semed\/wp-content\/uploads\/sites\/3\/2024\/09\/Graca-11-211x300.jpg 211w, https:\/\/www.manaus.am.gov.br\/semed\/wp-content\/uploads\/sites\/3\/2024\/09\/Graca-11-768x1094.jpg 768w, https:\/\/www.manaus.am.gov.br\/semed\/wp-content\/uploads\/sites\/3\/2024\/09\/Graca-11.jpg 866w\" sizes=\"(max-width: 719px) 100vw, 719px\" \/><figcaption class=\"wp-element-caption\">Prof\u00aa Maria das Gra\u00e7as Alves Cascais Presidente do CME (2015\/2019)<\/figcaption><\/figure><\/div>\n\n<div class=\"wp-block-image\">\n<figure class=\"aligncenter size-large is-resized\"><img loading=\"lazy\" decoding=\"async\" width=\"761\" height=\"1024\" src=\"https:\/\/www.manaus.am.gov.br\/semed\/wp-content\/uploads\/sites\/3\/2024\/09\/Elaine1-761x1024.jpg\" alt=\"\" class=\"wp-image-6105\" style=\"width:218px;height:auto\" srcset=\"https:\/\/www.manaus.am.gov.br\/semed\/wp-content\/uploads\/sites\/3\/2024\/09\/Elaine1-761x1024.jpg 761w, https:\/\/www.manaus.am.gov.br\/semed\/wp-content\/uploads\/sites\/3\/2024\/09\/Elaine1-223x300.jpg 223w, https:\/\/www.manaus.am.gov.br\/semed\/wp-content\/uploads\/sites\/3\/2024\/09\/Elaine1-768x1033.jpg 768w, https:\/\/www.manaus.am.gov.br\/semed\/wp-content\/uploads\/sites\/3\/2024\/09\/Elaine1.jpg 806w\" sizes=\"(max-width: 761px) 100vw, 761px\" \/><figcaption class=\"wp-element-caption\">Prof\u00aa Elaine Ramos da Silva Presidente do CME (2011\/2015)<\/figcaption><\/figure><\/div>\n\n<div class=\"wp-block-image\">\n<figure class=\"aligncenter size-large is-resized\"><img loading=\"lazy\" decoding=\"async\" width=\"787\" height=\"1024\" src=\"https:\/\/www.manaus.am.gov.br\/semed\/wp-content\/uploads\/sites\/3\/2024\/09\/Nara1-787x1024.jpg\" alt=\"\" class=\"wp-image-6106\" style=\"width:218px;height:auto\" srcset=\"https:\/\/www.manaus.am.gov.br\/semed\/wp-content\/uploads\/sites\/3\/2024\/09\/Nara1-787x1024.jpg 787w, https:\/\/www.manaus.am.gov.br\/semed\/wp-content\/uploads\/sites\/3\/2024\/09\/Nara1-231x300.jpg 231w, https:\/\/www.manaus.am.gov.br\/semed\/wp-content\/uploads\/sites\/3\/2024\/09\/Nara1-768x999.jpg 768w, https:\/\/www.manaus.am.gov.br\/semed\/wp-content\/uploads\/sites\/3\/2024\/09\/Nara1.jpg 833w\" sizes=\"(max-width: 787px) 100vw, 787px\" \/><figcaption class=\"wp-element-caption\">Prof\u00aa Nara Helena Te\u00f3filo Presidente do CME (2007\/2011)<\/figcaption><\/figure><\/div>\n\n<div class=\"wp-block-image\">\n<figure class=\"aligncenter size-large is-resized\"><img loading=\"lazy\" decoding=\"async\" width=\"740\" height=\"1024\" src=\"https:\/\/www.manaus.am.gov.br\/semed\/wp-content\/uploads\/sites\/3\/2024\/09\/Acecy-11-740x1024.jpg\" alt=\"\" class=\"wp-image-6107\" style=\"width:218px;height:auto\" srcset=\"https:\/\/www.manaus.am.gov.br\/semed\/wp-content\/uploads\/sites\/3\/2024\/09\/Acecy-11-740x1024.jpg 740w, https:\/\/www.manaus.am.gov.br\/semed\/wp-content\/uploads\/sites\/3\/2024\/09\/Acecy-11-217x300.jpg 217w, https:\/\/www.manaus.am.gov.br\/semed\/wp-content\/uploads\/sites\/3\/2024\/09\/Acecy-11-768x1062.jpg 768w, https:\/\/www.manaus.am.gov.br\/semed\/wp-content\/uploads\/sites\/3\/2024\/09\/Acecy-11.jpg 838w\" sizes=\"(max-width: 740px) 100vw, 740px\" \/><figcaption class=\"wp-element-caption\">Prof\u00aa Acecy Gomes Valente Presidente do CME (2003\/2007)<\/figcaption><\/figure><\/div>\n\n<div class=\"wp-block-image\">\n<figure class=\"aligncenter size-large is-resized\"><img loading=\"lazy\" decoding=\"async\" width=\"752\" height=\"1024\" src=\"https:\/\/www.manaus.am.gov.br\/semed\/wp-content\/uploads\/sites\/3\/2024\/09\/Maria-Luiza-11-752x1024.jpg\" alt=\"\" class=\"wp-image-6091\" style=\"width:218px;height:auto\" srcset=\"https:\/\/www.manaus.am.gov.br\/semed\/wp-content\/uploads\/sites\/3\/2024\/09\/Maria-Luiza-11-752x1024.jpg 752w, https:\/\/www.manaus.am.gov.br\/semed\/wp-content\/uploads\/sites\/3\/2024\/09\/Maria-Luiza-11-220x300.jpg 220w, https:\/\/www.manaus.am.gov.br\/semed\/wp-content\/uploads\/sites\/3\/2024\/09\/Maria-Luiza-11-768x1046.jpg 768w, https:\/\/www.manaus.am.gov.br\/semed\/wp-content\/uploads\/sites\/3\/2024\/09\/Maria-Luiza-11.jpg 909w\" sizes=\"(max-width: 752px) 100vw, 752px\" \/><figcaption class=\"wp-element-caption\">Prof\u00aa Maria Lu\u00edza Soares de Souza Primeira Presidente do CME (1997\/2002)<\/figcaption><\/figure><\/div>\n\n\n<p><\/p>\n","protected":false},"excerpt":{"rendered":"","protected":false},"author":8,"featured_media":6091,"parent":271,"menu_order":0,"comment_status":"closed","ping_status":"closed","template":"templates\/turismo.php","meta":{"footnotes":""},"acf":[],"yoast_head":"<!-- This site is optimized with the Yoast SEO plugin v23.0 - https:\/\/yoast.com\/wordpress\/plugins\/seo\/ -->\n<title>Galeria de Presidentes - SEMED<\/title>\n<meta name=\"robots\" content=\"index, follow, max-snippet:-1, max-image-preview:large, max-video-preview:-1\" \/>\n<link rel=\"canonical\" href=\"https:\/\/www.manaus.am.gov.br\/semed\/cme\/galeria-de-presidentes\/\" \/>\n<meta property=\"og:locale\" content=\"pt_BR\" \/>\n<meta property=\"og:type\" content=\"article\" \/>\n<meta property=\"og:title\" content=\"Galeria de Presidentes - SEMED\" \/>\n<meta property=\"og:url\" content=\"https:\/\/www.manaus.am.gov.br\/semed\/cme\/galeria-de-presidentes\/\" \/>\n<meta property=\"og:site_name\" content=\"SEMED\" \/>\n<meta property=\"article:modified_time\" content=\"2024-09-11T15:01:46+00:00\" \/>\n<meta property=\"og:image\" content=\"https:\/\/www.manaus.am.gov.br\/semed\/wp-content\/uploads\/sites\/3\/2024\/09\/Maria-Luiza-11.jpg\" \/>\n\t<meta property=\"og:image:width\" content=\"909\" \/>\n\t<meta property=\"og:image:height\" content=\"1238\" \/>\n\t<meta property=\"og:image:type\" content=\"image\/jpeg\" \/>\n<meta name=\"twitter:card\" content=\"summary_large_image\" \/>\n<meta name=\"twitter:label1\" content=\"Est. reading time\" \/>\n\t<meta name=\"twitter:data1\" content=\"2 minutos\" \/>\n<script type=\"application\/ld+json\" class=\"yoast-schema-graph\">{\"@context\":\"https:\/\/schema.org\",\"@graph\":[{\"@type\":\"Article\",\"@id\":\"https:\/\/www.manaus.am.gov.br\/semed\/cme\/galeria-de-presidentes\/#article\",\"isPartOf\":{\"@id\":\"https:\/\/www.manaus.am.gov.br\/semed\/cme\/galeria-de-presidentes\/\"},\"author\":{\"name\":\"Glauber Farias\",\"@id\":\"https:\/\/www.manaus.am.gov.br\/semed\/#\/schema\/person\/fe69d2249d78e7a3112d42bc34c44a58\"},\"headline\":\"Galeria de Presidentes\",\"datePublished\":\"2024-09-11T14:56:23+00:00\",\"dateModified\":\"2024-09-11T15:01:46+00:00\",\"mainEntityOfPage\":{\"@id\":\"https:\/\/www.manaus.am.gov.br\/semed\/cme\/galeria-de-presidentes\/\"},\"wordCount\":47,\"publisher\":{\"@id\":\"https:\/\/www.manaus.am.gov.br\/semed\/#organization\"},\"image\":{\"@id\":\"https:\/\/www.manaus.am.gov.br\/semed\/cme\/galeria-de-presidentes\/#primaryimage\"},\"thumbnailUrl\":\"https:\/\/www.manaus.am.gov.br\/semed\/wp-content\/uploads\/sites\/3\/2024\/09\/Maria-Luiza-11.jpg\",\"inLanguage\":\"pt-BR\"},{\"@type\":\"WebPage\",\"@id\":\"https:\/\/www.manaus.am.gov.br\/semed\/cme\/galeria-de-presidentes\/\",\"url\":\"https:\/\/www.manaus.am.gov.br\/semed\/cme\/galeria-de-presidentes\/\",\"name\":\"Galeria de Presidentes - SEMED\",\"isPartOf\":{\"@id\":\"https:\/\/www.manaus.am.gov.br\/semed\/#website\"},\"primaryImageOfPage\":{\"@id\":\"https:\/\/www.manaus.am.gov.br\/semed\/cme\/galeria-de-presidentes\/#primaryimage\"},\"image\":{\"@id\":\"https:\/\/www.manaus.am.gov.br\/semed\/cme\/galeria-de-presidentes\/#primaryimage\"},\"thumbnailUrl\":\"https:\/\/www.manaus.am.gov.br\/semed\/wp-content\/uploads\/sites\/3\/2024\/09\/Maria-Luiza-11.jpg\",\"datePublished\":\"2024-09-11T14:56:23+00:00\",\"dateModified\":\"2024-09-11T15:01:46+00:00\",\"breadcrumb\":{\"@id\":\"https:\/\/www.manaus.am.gov.br\/semed\/cme\/galeria-de-presidentes\/#breadcrumb\"},\"inLanguage\":\"pt-BR\",\"potentialAction\":[{\"@type\":\"ReadAction\",\"target\":[\"https:\/\/www.manaus.am.gov.br\/semed\/cme\/galeria-de-presidentes\/\"]}]},{\"@type\":\"ImageObject\",\"inLanguage\":\"pt-BR\",\"@id\":\"https:\/\/www.manaus.am.gov.br\/semed\/cme\/galeria-de-presidentes\/#primaryimage\",\"url\":\"https:\/\/www.manaus.am.gov.br\/semed\/wp-content\/uploads\/sites\/3\/2024\/09\/Maria-Luiza-11.jpg\",\"contentUrl\":\"https:\/\/www.manaus.am.gov.br\/semed\/wp-content\/uploads\/sites\/3\/2024\/09\/Maria-Luiza-11.jpg\",\"width\":909,\"height\":1238,\"caption\":\"Prof\u00aa Maria Lu\u00edza Soares de Souza Primeira Presidente do CME (1997\/2002)\"},{\"@type\":\"BreadcrumbList\",\"@id\":\"https:\/\/www.manaus.am.gov.br\/semed\/cme\/galeria-de-presidentes\/#breadcrumb\",\"itemListElement\":[{\"@type\":\"ListItem\",\"position\":1,\"name\":\"Conselho Municipal de Educa\u00e7\u00e3o\",\"item\":\"https:\/\/www.manaus.am.gov.br\/semed\/cme\/\"},{\"@type\":\"ListItem\",\"position\":2,\"name\":\"Galeria de Presidentes\"}]},{\"@type\":\"WebSite\",\"@id\":\"https:\/\/www.manaus.am.gov.br\/semed\/#website\",\"url\":\"https:\/\/www.manaus.am.gov.br\/semed\/\",\"name\":\"Secretaria Municipal de Educa\u00e7\u00e3o\",\"description\":\"Secretaria Municipal de Educa\u00e7\u00e3o\",\"publisher\":{\"@id\":\"https:\/\/www.manaus.am.gov.br\/semed\/#organization\"},\"alternateName\":\"SEMED\",\"potentialAction\":[{\"@type\":\"SearchAction\",\"target\":{\"@type\":\"EntryPoint\",\"urlTemplate\":\"https:\/\/www.manaus.am.gov.br\/semed\/?s={search_term_string}\"},\"query-input\":\"required name=search_term_string\"}],\"inLanguage\":\"pt-BR\"},{\"@type\":\"Organization\",\"@id\":\"https:\/\/www.manaus.am.gov.br\/semed\/#organization\",\"name\":\"Secretaria de Educa\u00e7\u00e3o\",\"alternateName\":\"SEMED\",\"url\":\"https:\/\/www.manaus.am.gov.br\/semed\/\",\"logo\":{\"@type\":\"ImageObject\",\"inLanguage\":\"pt-BR\",\"@id\":\"https:\/\/www.manaus.am.gov.br\/semed\/#\/schema\/logo\/image\/\",\"url\":\"https:\/\/www.manaus.am.gov.br\/semed\/wp-content\/uploads\/sites\/3\/2022\/11\/favicon.png\",\"contentUrl\":\"https:\/\/www.manaus.am.gov.br\/semed\/wp-content\/uploads\/sites\/3\/2022\/11\/favicon.png\",\"width\":300,\"height\":300,\"caption\":\"Secretaria de Educa\u00e7\u00e3o\"},\"image\":{\"@id\":\"https:\/\/www.manaus.am.gov.br\/semed\/#\/schema\/logo\/image\/\"}},{\"@type\":\"Person\",\"@id\":\"https:\/\/www.manaus.am.gov.br\/semed\/#\/schema\/person\/fe69d2249d78e7a3112d42bc34c44a58\",\"name\":\"Glauber Farias\",\"image\":{\"@type\":\"ImageObject\",\"inLanguage\":\"pt-BR\",\"@id\":\"https:\/\/www.manaus.am.gov.br\/semed\/#\/schema\/person\/image\/\",\"url\":\"https:\/\/secure.gravatar.com\/avatar\/eb33200ffd19538372f635b2165531c0?s=96&d=mm&r=g\",\"contentUrl\":\"https:\/\/secure.gravatar.com\/avatar\/eb33200ffd19538372f635b2165531c0?s=96&d=mm&r=g\",\"caption\":\"Glauber Farias\"}}]}<\/script>\n<!-- \/ Yoast SEO plugin. -->","yoast_head_json":{"title":"Galeria de Presidentes - SEMED","robots":{"index":"index","follow":"follow","max-snippet":"max-snippet:-1","max-image-preview":"max-image-preview:large","max-video-preview":"max-video-preview:-1"},"canonical":"https:\/\/www.manaus.am.gov.br\/semed\/cme\/galeria-de-presidentes\/","og_locale":"pt_BR","og_type":"article","og_title":"Galeria de Presidentes - SEMED","og_url":"https:\/\/www.manaus.am.gov.br\/semed\/cme\/galeria-de-presidentes\/","og_site_name":"SEMED","article_modified_time":"2024-09-11T15:01:46+00:00","og_image":[{"width":909,"height":1238,"url":"https:\/\/www.manaus.am.gov.br\/semed\/wp-content\/uploads\/sites\/3\/2024\/09\/Maria-Luiza-11.jpg","type":"image\/jpeg"}],"twitter_card":"summary_large_image","twitter_misc":{"Est. reading time":"2 minutos"},"schema":{"@context":"https:\/\/schema.org","@graph":[{"@type":"Article","@id":"https:\/\/www.manaus.am.gov.br\/semed\/cme\/galeria-de-presidentes\/#article","isPartOf":{"@id":"https:\/\/www.manaus.am.gov.br\/semed\/cme\/galeria-de-presidentes\/"},"author":{"name":"Glauber Farias","@id":"https:\/\/www.manaus.am.gov.br\/semed\/#\/schema\/person\/fe69d2249d78e7a3112d42bc34c44a58"},"headline":"Galeria de Presidentes","datePublished":"2024-09-11T14:56:23+00:00","dateModified":"2024-09-11T15:01:46+00:00","mainEntityOfPage":{"@id":"https:\/\/www.manaus.am.gov.br\/semed\/cme\/galeria-de-presidentes\/"},"wordCount":47,"publisher":{"@id":"https:\/\/www.manaus.am.gov.br\/semed\/#organization"},"image":{"@id":"https:\/\/www.manaus.am.gov.br\/semed\/cme\/galeria-de-presidentes\/#primaryimage"},"thumbnailUrl":"https:\/\/www.manaus.am.gov.br\/semed\/wp-content\/uploads\/sites\/3\/2024\/09\/Maria-Luiza-11.jpg","inLanguage":"pt-BR"},{"@type":"WebPage","@id":"https:\/\/www.manaus.am.gov.br\/semed\/cme\/galeria-de-presidentes\/","url":"https:\/\/www.manaus.am.gov.br\/semed\/cme\/galeria-de-presidentes\/","name":"Galeria de Presidentes - SEMED","isPartOf":{"@id":"https:\/\/www.manaus.am.gov.br\/semed\/#website"},"primaryImageOfPage":{"@id":"https:\/\/www.manaus.am.gov.br\/semed\/cme\/galeria-de-presidentes\/#primaryimage"},"image":{"@id":"https:\/\/www.manaus.am.gov.br\/semed\/cme\/galeria-de-presidentes\/#primaryimage"},"thumbnailUrl":"https:\/\/www.manaus.am.gov.br\/semed\/wp-content\/uploads\/sites\/3\/2024\/09\/Maria-Luiza-11.jpg","datePublished":"2024-09-11T14:56:23+00:00","dateModified":"2024-09-11T15:01:46+00:00","breadcrumb":{"@id":"https:\/\/www.manaus.am.gov.br\/semed\/cme\/galeria-de-presidentes\/#breadcrumb"},"inLanguage":"pt-BR","potentialAction":[{"@type":"ReadAction","target":["https:\/\/www.manaus.am.gov.br\/semed\/cme\/galeria-de-presidentes\/"]}]},{"@type":"ImageObject","inLanguage":"pt-BR","@id":"https:\/\/www.manaus.am.gov.br\/semed\/cme\/galeria-de-presidentes\/#primaryimage","url":"https:\/\/www.manaus.am.gov.br\/semed\/wp-content\/uploads\/sites\/3\/2024\/09\/Maria-Luiza-11.jpg","contentUrl":"https:\/\/www.manaus.am.gov.br\/semed\/wp-content\/uploads\/sites\/3\/2024\/09\/Maria-Luiza-11.jpg","width":909,"height":1238,"caption":"Prof\u00aa Maria Lu\u00edza Soares de Souza Primeira Presidente do CME (1997\/2002)"},{"@type":"BreadcrumbList","@id":"https:\/\/www.manaus.am.gov.br\/semed\/cme\/galeria-de-presidentes\/#breadcrumb","itemListElement":[{"@type":"ListItem","position":1,"name":"Conselho Municipal de Educa\u00e7\u00e3o","item":"https:\/\/www.manaus.am.gov.br\/semed\/cme\/"},{"@type":"ListItem","position":2,"name":"Galeria de Presidentes"}]},{"@type":"WebSite","@id":"https:\/\/www.manaus.am.gov.br\/semed\/#website","url":"https:\/\/www.manaus.am.gov.br\/semed\/","name":"Secretaria Municipal de Educa\u00e7\u00e3o","description":"Secretaria Municipal de Educa\u00e7\u00e3o","publisher":{"@id":"https:\/\/www.manaus.am.gov.br\/semed\/#organization"},"alternateName":"SEMED","potentialAction":[{"@type":"SearchAction","target":{"@type":"EntryPoint","urlTemplate":"https:\/\/www.manaus.am.gov.br\/semed\/?s={search_term_string}"},"query-input":"required name=search_term_string"}],"inLanguage":"pt-BR"},{"@type":"Organization","@id":"https:\/\/www.manaus.am.gov.br\/semed\/#organization","name":"Secretaria de Educa\u00e7\u00e3o","alternateName":"SEMED","url":"https:\/\/www.manaus.am.gov.br\/semed\/","logo":{"@type":"ImageObject","inLanguage":"pt-BR","@id":"https:\/\/www.manaus.am.gov.br\/semed\/#\/schema\/logo\/image\/","url":"https:\/\/www.manaus.am.gov.br\/semed\/wp-content\/uploads\/sites\/3\/2022\/11\/favicon.png","contentUrl":"https:\/\/www.manaus.am.gov.br\/semed\/wp-content\/uploads\/sites\/3\/2022\/11\/favicon.png","width":300,"height":300,"caption":"Secretaria de Educa\u00e7\u00e3o"},"image":{"@id":"https:\/\/www.manaus.am.gov.br\/semed\/#\/schema\/logo\/image\/"}},{"@type":"Person","@id":"https:\/\/www.manaus.am.gov.br\/semed\/#\/schema\/person\/fe69d2249d78e7a3112d42bc34c44a58","name":"Glauber Farias","image":{"@type":"ImageObject","inLanguage":"pt-BR","@id":"https:\/\/www.manaus.am.gov.br\/semed\/#\/schema\/person\/image\/","url":"https:\/\/secure.gravatar.com\/avatar\/eb33200ffd19538372f635b2165531c0?s=96&d=mm&r=g","contentUrl":"https:\/\/secure.gravatar.com\/avatar\/eb33200ffd19538372f635b2165531c0?s=96&d=mm&r=g","caption":"Glauber Farias"}}]}},"_links":{"self":[{"href":"https:\/\/www.manaus.am.gov.br\/semed\/wp-json\/wp\/v2\/pages\/6090"}],"collection":[{"href":"https:\/\/www.manaus.am.gov.br\/semed\/wp-json\/wp\/v2\/pages"}],"about":[{"href":"https:\/\/www.manaus.am.gov.br\/semed\/wp-json\/wp\/v2\/types\/page"}],"author":[{"embeddable":true,"href":"https:\/\/www.manaus.am.gov.br\/semed\/wp-json\/wp\/v2\/users\/8"}],"replies":[{"embeddable":true,"href":"https:\/\/www.manaus.am.gov.br\/semed\/wp-json\/wp\/v2\/comments?post=6090"}],"version-history":[{"count":10,"href":"https:\/\/www.manaus.am.gov.br\/semed\/wp-json\/wp\/v2\/pages\/6090\/revisions"}],"predecessor-version":[{"id":6109,"href":"https:\/\/www.manaus.am.gov.br\/semed\/wp-json\/wp\/v2\/pages\/6090\/revisions\/6109"}],"up":[{"embeddable":true,"href":"https:\/\/www.manaus.am.gov.br\/semed\/wp-json\/wp\/v2\/pages\/271"}],"wp:featuredmedia":[{"embeddable":true,"href":"https:\/\/www.manaus.am.gov.br\/semed\/wp-json\/wp\/v2\/media\/6091"}],"wp:attachment":[{"href":"https:\/\/www.manaus.am.gov.br\/semed\/wp-json\/wp\/v2\/media?parent=6090"}],"curies":[{"name":"wp","href":"https:\/\/api.w.org\/{rel}","templated":true}]}}