{"id":5549,"date":"2024-04-30T08:54:36","date_gmt":"2024-04-30T12:54:36","guid":{"rendered":"https:\/\/www.manaus.am.gov.br\/semed\/?page_id=5549"},"modified":"2024-04-30T08:54:36","modified_gmt":"2024-04-30T12:54:36","slug":"jiss-2022","status":"publish","type":"page","link":"https:\/\/www.manaus.am.gov.br\/semed\/jiss-jogos-de-integracao-dos-servidores-da-semed\/jiss-2022\/","title":{"rendered":"JISS 2022"},"content":{"rendered":"\n<h2 class=\"wp-block-heading\">Boletins<\/h2>\n\n\n\n<div class=\"wp-block-file\"><a id=\"wp-block-file--media-520d630d-8170-4d11-903e-6bf9071533df\" href=\"https:\/\/www.manaus.am.gov.br\/semed\/wp-content\/uploads\/sites\/3\/2023\/02\/JISS-BOLETIM-N.-01-2022.pdf\">BOLETIM N. 01 &#8211; JISS 2022<\/a><\/div>\n\n\n\n<div class=\"wp-block-file\"><a id=\"wp-block-file--media-fd55c0ad-2a7e-4427-b29c-476dcef7e0a7\" href=\"https:\/\/www.manaus.am.gov.br\/semed\/wp-content\/uploads\/sites\/3\/2023\/02\/JISS-BOLETIM-N.-02-2022.docx-3.pdf\">BOLETIM N. 02 &#8211; JISS 2022<\/a><\/div>\n\n\n\n<div class=\"wp-block-file\"><a id=\"wp-block-file--media-005e1bbd-09b2-46c6-af95-d23a979b1261\" href=\"https:\/\/www.manaus.am.gov.br\/semed\/wp-content\/uploads\/sites\/3\/2023\/02\/JISS-BOLETIM-N.-03-2022.docx-1.pdf\">BOLETIM N. 03 &#8211; JISS 2022<\/a><\/div>\n\n\n\n<h2 class=\"wp-block-heading\">Regulamentos<\/h2>\n\n\n\n<p><a href=\"https:\/\/www.manaus.am.gov.br\/semed\/wp-content\/uploads\/sites\/3\/2023\/02\/Regulamento-Geral-JISS-2022.pdf\" target=\"_blank\" rel=\"noreferrer noopener\">Regulamento Geral JISS 2022<\/a><\/p>\n\n\n\n<p><a href=\"https:\/\/www.manaus.am.gov.br\/semed\/wp-content\/uploads\/sites\/3\/2023\/02\/Regulamento-JISS-Natacao.pdf\" target=\"_blank\" rel=\"noreferrer noopener\">Regulamento JISS Nata\u00e7\u00e3o<\/a><\/p>\n\n\n\n<p><a href=\"https:\/\/www.manaus.am.gov.br\/semed\/wp-content\/uploads\/sites\/3\/2023\/02\/Regulamento-JISS-Queimada-2022.pdf\" target=\"_blank\" rel=\"noreferrer noopener\">Regulamento JISS Queimada 2022<\/a><\/p>\n\n\n\n<p><a href=\"https:\/\/www.manaus.am.gov.br\/semed\/wp-content\/uploads\/sites\/3\/2023\/02\/Regulamento-JISS-Futsal-2022.pdf\" target=\"_blank\" rel=\"noreferrer noopener\">Regulamento JISS Futsal 2022<\/a><\/p>\n\n\n\n<p><a href=\"https:\/\/www.manaus.am.gov.br\/semed\/wp-content\/uploads\/sites\/3\/2023\/02\/Regulamento-JISS-Futebol-Society-2022.pdf\" target=\"_blank\" rel=\"noreferrer noopener\">Regulamento JISS Futebol Society 2022<\/a><\/p>\n\n\n\n<p><a href=\"https:\/\/www.manaus.am.gov.br\/semed\/wp-content\/uploads\/sites\/3\/2023\/02\/Regulamento-JISS-Basquetebol-2022.pdf\" target=\"_blank\" rel=\"noreferrer noopener\">Regulamento JISS Basquetebol 2022<\/a><\/p>\n\n\n\n<p><a href=\"https:\/\/www.manaus.am.gov.br\/semed\/wp-content\/uploads\/sites\/3\/2023\/02\/Regulamento-JISS-Badminton.pdf\" target=\"_blank\" rel=\"noreferrer noopener\">Regulamento JISS Badminton<\/a><\/p>\n\n\n\n<p><a href=\"https:\/\/www.manaus.am.gov.br\/semed\/wp-content\/uploads\/sites\/3\/2023\/02\/Regulamento-JISS-Domino.pdf\" target=\"_blank\" rel=\"noreferrer noopener\">Regulamento JISS Domin\u00f3<\/a><\/p>\n\n\n\n<p><a href=\"https:\/\/www.manaus.am.gov.br\/semed\/wp-content\/uploads\/sites\/3\/2023\/02\/Regulamento-JISS-Xadrez.pdf\" target=\"_blank\" rel=\"noreferrer noopener\">Regulamento JISS Xadrez<\/a><\/p>\n\n\n\n<p><a href=\"https:\/\/www.manaus.am.gov.br\/semed\/wp-content\/uploads\/sites\/3\/2023\/02\/Regulamento-JISS-Volei-4x4-1.pdf\" target=\"_blank\" rel=\"noreferrer noopener\">Regulamento JISS V\u00f4lei 4\u00d74<\/a><\/p>\n\n\n\n<p><a href=\"https:\/\/www.manaus.am.gov.br\/semed\/wp-content\/uploads\/sites\/3\/2023\/02\/Regulamento-JISS-Tenis-de-mesa.pdf\" target=\"_blank\" rel=\"noreferrer noopener\">Regulamento JISS T\u00eanis de mesa<\/a><\/p>\n","protected":false},"excerpt":{"rendered":"","protected":false},"author":8,"featured_media":0,"parent":1313,"menu_order":0,"comment_status":"closed","ping_status":"closed","template":"","meta":{"footnotes":""},"acf":[],"yoast_head":"<!-- This site is optimized with the Yoast SEO plugin v23.0 - https:\/\/yoast.com\/wordpress\/plugins\/seo\/ -->\n<title>JISS 2022 - SEMED<\/title>\n<meta name=\"robots\" content=\"index, follow, max-snippet:-1, max-image-preview:large, max-video-preview:-1\" \/>\n<link rel=\"canonical\" href=\"https:\/\/www.manaus.am.gov.br\/semed\/jiss-jogos-de-integracao-dos-servidores-da-semed\/jiss-2022\/\" \/>\n<meta property=\"og:locale\" content=\"pt_BR\" \/>\n<meta property=\"og:type\" content=\"article\" \/>\n<meta property=\"og:title\" content=\"JISS 2022 - SEMED\" \/>\n<meta property=\"og:url\" content=\"https:\/\/www.manaus.am.gov.br\/semed\/jiss-jogos-de-integracao-dos-servidores-da-semed\/jiss-2022\/\" \/>\n<meta property=\"og:site_name\" content=\"SEMED\" \/>\n<meta property=\"og:image\" content=\"https:\/\/www.manaus.am.gov.br\/semed\/wp-content\/uploads\/sites\/3\/2024\/07\/thumb-default-2.png\" \/>\n\t<meta property=\"og:image:width\" content=\"966\" \/>\n\t<meta property=\"og:image:height\" content=\"520\" \/>\n\t<meta property=\"og:image:type\" content=\"image\/png\" \/>\n<meta name=\"twitter:card\" content=\"summary_large_image\" \/>\n<meta name=\"twitter:label1\" content=\"Est. reading time\" \/>\n\t<meta name=\"twitter:data1\" content=\"1 minuto\" \/>\n<script type=\"application\/ld+json\" class=\"yoast-schema-graph\">{\"@context\":\"https:\/\/schema.org\",\"@graph\":[{\"@type\":\"Article\",\"@id\":\"https:\/\/www.manaus.am.gov.br\/semed\/jiss-jogos-de-integracao-dos-servidores-da-semed\/jiss-2022\/#article\",\"isPartOf\":{\"@id\":\"https:\/\/www.manaus.am.gov.br\/semed\/jiss-jogos-de-integracao-dos-servidores-da-semed\/jiss-2022\/\"},\"author\":{\"name\":\"Glauber Farias\",\"@id\":\"https:\/\/www.manaus.am.gov.br\/semed\/#\/schema\/person\/fe69d2249d78e7a3112d42bc34c44a58\"},\"headline\":\"JISS 2022\",\"datePublished\":\"2024-04-30T12:54:36+00:00\",\"dateModified\":\"2024-04-30T12:54:36+00:00\",\"mainEntityOfPage\":{\"@id\":\"https:\/\/www.manaus.am.gov.br\/semed\/jiss-jogos-de-integracao-dos-servidores-da-semed\/jiss-2022\/\"},\"wordCount\":54,\"publisher\":{\"@id\":\"https:\/\/www.manaus.am.gov.br\/semed\/#organization\"},\"inLanguage\":\"pt-BR\"},{\"@type\":\"WebPage\",\"@id\":\"https:\/\/www.manaus.am.gov.br\/semed\/jiss-jogos-de-integracao-dos-servidores-da-semed\/jiss-2022\/\",\"url\":\"https:\/\/www.manaus.am.gov.br\/semed\/jiss-jogos-de-integracao-dos-servidores-da-semed\/jiss-2022\/\",\"name\":\"JISS 2022 - SEMED\",\"isPartOf\":{\"@id\":\"https:\/\/www.manaus.am.gov.br\/semed\/#website\"},\"datePublished\":\"2024-04-30T12:54:36+00:00\",\"dateModified\":\"2024-04-30T12:54:36+00:00\",\"breadcrumb\":{\"@id\":\"https:\/\/www.manaus.am.gov.br\/semed\/jiss-jogos-de-integracao-dos-servidores-da-semed\/jiss-2022\/#breadcrumb\"},\"inLanguage\":\"pt-BR\",\"potentialAction\":[{\"@type\":\"ReadAction\",\"target\":[\"https:\/\/www.manaus.am.gov.br\/semed\/jiss-jogos-de-integracao-dos-servidores-da-semed\/jiss-2022\/\"]}]},{\"@type\":\"BreadcrumbList\",\"@id\":\"https:\/\/www.manaus.am.gov.br\/semed\/jiss-jogos-de-integracao-dos-servidores-da-semed\/jiss-2022\/#breadcrumb\",\"itemListElement\":[{\"@type\":\"ListItem\",\"position\":1,\"name\":\"JISS &#8211; Jogos de Integra\u00e7\u00e3o dos Servidores da SEMED\",\"item\":\"https:\/\/www.manaus.am.gov.br\/semed\/jiss-jogos-de-integracao-dos-servidores-da-semed\/\"},{\"@type\":\"ListItem\",\"position\":2,\"name\":\"JISS 2022\"}]},{\"@type\":\"WebSite\",\"@id\":\"https:\/\/www.manaus.am.gov.br\/semed\/#website\",\"url\":\"https:\/\/www.manaus.am.gov.br\/semed\/\",\"name\":\"Secretaria Municipal de Educa\u00e7\u00e3o\",\"description\":\"Secretaria Municipal de Educa\u00e7\u00e3o\",\"publisher\":{\"@id\":\"https:\/\/www.manaus.am.gov.br\/semed\/#organization\"},\"alternateName\":\"SEMED\",\"potentialAction\":[{\"@type\":\"SearchAction\",\"target\":{\"@type\":\"EntryPoint\",\"urlTemplate\":\"https:\/\/www.manaus.am.gov.br\/semed\/?s={search_term_string}\"},\"query-input\":\"required name=search_term_string\"}],\"inLanguage\":\"pt-BR\"},{\"@type\":\"Organization\",\"@id\":\"https:\/\/www.manaus.am.gov.br\/semed\/#organization\",\"name\":\"Secretaria de Educa\u00e7\u00e3o\",\"alternateName\":\"SEMED\",\"url\":\"https:\/\/www.manaus.am.gov.br\/semed\/\",\"logo\":{\"@type\":\"ImageObject\",\"inLanguage\":\"pt-BR\",\"@id\":\"https:\/\/www.manaus.am.gov.br\/semed\/#\/schema\/logo\/image\/\",\"url\":\"https:\/\/www.manaus.am.gov.br\/semed\/wp-content\/uploads\/sites\/3\/2022\/11\/favicon.png\",\"contentUrl\":\"https:\/\/www.manaus.am.gov.br\/semed\/wp-content\/uploads\/sites\/3\/2022\/11\/favicon.png\",\"width\":300,\"height\":300,\"caption\":\"Secretaria de Educa\u00e7\u00e3o\"},\"image\":{\"@id\":\"https:\/\/www.manaus.am.gov.br\/semed\/#\/schema\/logo\/image\/\"}},{\"@type\":\"Person\",\"@id\":\"https:\/\/www.manaus.am.gov.br\/semed\/#\/schema\/person\/fe69d2249d78e7a3112d42bc34c44a58\",\"name\":\"Glauber Farias\",\"image\":{\"@type\":\"ImageObject\",\"inLanguage\":\"pt-BR\",\"@id\":\"https:\/\/www.manaus.am.gov.br\/semed\/#\/schema\/person\/image\/\",\"url\":\"https:\/\/secure.gravatar.com\/avatar\/eb33200ffd19538372f635b2165531c0?s=96&d=mm&r=g\",\"contentUrl\":\"https:\/\/secure.gravatar.com\/avatar\/eb33200ffd19538372f635b2165531c0?s=96&d=mm&r=g\",\"caption\":\"Glauber Farias\"}}]}<\/script>\n<!-- \/ Yoast SEO plugin. -->","yoast_head_json":{"title":"JISS 2022 - SEMED","robots":{"index":"index","follow":"follow","max-snippet":"max-snippet:-1","max-image-preview":"max-image-preview:large","max-video-preview":"max-video-preview:-1"},"canonical":"https:\/\/www.manaus.am.gov.br\/semed\/jiss-jogos-de-integracao-dos-servidores-da-semed\/jiss-2022\/","og_locale":"pt_BR","og_type":"article","og_title":"JISS 2022 - SEMED","og_url":"https:\/\/www.manaus.am.gov.br\/semed\/jiss-jogos-de-integracao-dos-servidores-da-semed\/jiss-2022\/","og_site_name":"SEMED","og_image":[{"width":966,"height":520,"url":"https:\/\/www.manaus.am.gov.br\/semed\/wp-content\/uploads\/sites\/3\/2024\/07\/thumb-default-2.png","type":"image\/png"}],"twitter_card":"summary_large_image","twitter_misc":{"Est. reading time":"1 minuto"},"schema":{"@context":"https:\/\/schema.org","@graph":[{"@type":"Article","@id":"https:\/\/www.manaus.am.gov.br\/semed\/jiss-jogos-de-integracao-dos-servidores-da-semed\/jiss-2022\/#article","isPartOf":{"@id":"https:\/\/www.manaus.am.gov.br\/semed\/jiss-jogos-de-integracao-dos-servidores-da-semed\/jiss-2022\/"},"author":{"name":"Glauber Farias","@id":"https:\/\/www.manaus.am.gov.br\/semed\/#\/schema\/person\/fe69d2249d78e7a3112d42bc34c44a58"},"headline":"JISS 2022","datePublished":"2024-04-30T12:54:36+00:00","dateModified":"2024-04-30T12:54:36+00:00","mainEntityOfPage":{"@id":"https:\/\/www.manaus.am.gov.br\/semed\/jiss-jogos-de-integracao-dos-servidores-da-semed\/jiss-2022\/"},"wordCount":54,"publisher":{"@id":"https:\/\/www.manaus.am.gov.br\/semed\/#organization"},"inLanguage":"pt-BR"},{"@type":"WebPage","@id":"https:\/\/www.manaus.am.gov.br\/semed\/jiss-jogos-de-integracao-dos-servidores-da-semed\/jiss-2022\/","url":"https:\/\/www.manaus.am.gov.br\/semed\/jiss-jogos-de-integracao-dos-servidores-da-semed\/jiss-2022\/","name":"JISS 2022 - SEMED","isPartOf":{"@id":"https:\/\/www.manaus.am.gov.br\/semed\/#website"},"datePublished":"2024-04-30T12:54:36+00:00","dateModified":"2024-04-30T12:54:36+00:00","breadcrumb":{"@id":"https:\/\/www.manaus.am.gov.br\/semed\/jiss-jogos-de-integracao-dos-servidores-da-semed\/jiss-2022\/#breadcrumb"},"inLanguage":"pt-BR","potentialAction":[{"@type":"ReadAction","target":["https:\/\/www.manaus.am.gov.br\/semed\/jiss-jogos-de-integracao-dos-servidores-da-semed\/jiss-2022\/"]}]},{"@type":"BreadcrumbList","@id":"https:\/\/www.manaus.am.gov.br\/semed\/jiss-jogos-de-integracao-dos-servidores-da-semed\/jiss-2022\/#breadcrumb","itemListElement":[{"@type":"ListItem","position":1,"name":"JISS &#8211; Jogos de Integra\u00e7\u00e3o dos Servidores da SEMED","item":"https:\/\/www.manaus.am.gov.br\/semed\/jiss-jogos-de-integracao-dos-servidores-da-semed\/"},{"@type":"ListItem","position":2,"name":"JISS 2022"}]},{"@type":"WebSite","@id":"https:\/\/www.manaus.am.gov.br\/semed\/#website","url":"https:\/\/www.manaus.am.gov.br\/semed\/","name":"Secretaria Municipal de Educa\u00e7\u00e3o","description":"Secretaria Municipal de Educa\u00e7\u00e3o","publisher":{"@id":"https:\/\/www.manaus.am.gov.br\/semed\/#organization"},"alternateName":"SEMED","potentialAction":[{"@type":"SearchAction","target":{"@type":"EntryPoint","urlTemplate":"https:\/\/www.manaus.am.gov.br\/semed\/?s={search_term_string}"},"query-input":"required name=search_term_string"}],"inLanguage":"pt-BR"},{"@type":"Organization","@id":"https:\/\/www.manaus.am.gov.br\/semed\/#organization","name":"Secretaria de Educa\u00e7\u00e3o","alternateName":"SEMED","url":"https:\/\/www.manaus.am.gov.br\/semed\/","logo":{"@type":"ImageObject","inLanguage":"pt-BR","@id":"https:\/\/www.manaus.am.gov.br\/semed\/#\/schema\/logo\/image\/","url":"https:\/\/www.manaus.am.gov.br\/semed\/wp-content\/uploads\/sites\/3\/2022\/11\/favicon.png","contentUrl":"https:\/\/www.manaus.am.gov.br\/semed\/wp-content\/uploads\/sites\/3\/2022\/11\/favicon.png","width":300,"height":300,"caption":"Secretaria de Educa\u00e7\u00e3o"},"image":{"@id":"https:\/\/www.manaus.am.gov.br\/semed\/#\/schema\/logo\/image\/"}},{"@type":"Person","@id":"https:\/\/www.manaus.am.gov.br\/semed\/#\/schema\/person\/fe69d2249d78e7a3112d42bc34c44a58","name":"Glauber Farias","image":{"@type":"ImageObject","inLanguage":"pt-BR","@id":"https:\/\/www.manaus.am.gov.br\/semed\/#\/schema\/person\/image\/","url":"https:\/\/secure.gravatar.com\/avatar\/eb33200ffd19538372f635b2165531c0?s=96&d=mm&r=g","contentUrl":"https:\/\/secure.gravatar.com\/avatar\/eb33200ffd19538372f635b2165531c0?s=96&d=mm&r=g","caption":"Glauber Farias"}}]}},"_links":{"self":[{"href":"https:\/\/www.manaus.am.gov.br\/semed\/wp-json\/wp\/v2\/pages\/5549"}],"collection":[{"href":"https:\/\/www.manaus.am.gov.br\/semed\/wp-json\/wp\/v2\/pages"}],"about":[{"href":"https:\/\/www.manaus.am.gov.br\/semed\/wp-json\/wp\/v2\/types\/page"}],"author":[{"embeddable":true,"href":"https:\/\/www.manaus.am.gov.br\/semed\/wp-json\/wp\/v2\/users\/8"}],"replies":[{"embeddable":true,"href":"https:\/\/www.manaus.am.gov.br\/semed\/wp-json\/wp\/v2\/comments?post=5549"}],"version-history":[{"count":1,"href":"https:\/\/www.manaus.am.gov.br\/semed\/wp-json\/wp\/v2\/pages\/5549\/revisions"}],"predecessor-version":[{"id":5550,"href":"https:\/\/www.manaus.am.gov.br\/semed\/wp-json\/wp\/v2\/pages\/5549\/revisions\/5550"}],"up":[{"embeddable":true,"href":"https:\/\/www.manaus.am.gov.br\/semed\/wp-json\/wp\/v2\/pages\/1313"}],"wp:attachment":[{"href":"https:\/\/www.manaus.am.gov.br\/semed\/wp-json\/wp\/v2\/media?parent=5549"}],"curies":[{"name":"wp","href":"https:\/\/api.w.org\/{rel}","templated":true}]}}