{"id":2781,"date":"2023-05-17T11:01:36","date_gmt":"2023-05-17T15:01:36","guid":{"rendered":"https:\/\/www.manaus.am.gov.br\/semed\/?page_id=2781"},"modified":"2023-05-17T11:40:31","modified_gmt":"2023-05-17T15:40:31","slug":"projeto-educacao-financeira-dsop","status":"publish","type":"page","link":"https:\/\/www.manaus.am.gov.br\/semed\/projeto-educacao-financeira-dsop\/","title":{"rendered":"Projeto Educa\u00e7\u00e3o Financeira \u2013 DSOP"},"content":{"rendered":"\n<p>Esse projeto \u00e9 uma parceria firmada entre o Grupo DSOP e a Semed que tem por objetivo contribuir para a cria\u00e7\u00e3o de uma nova gera\u00e7\u00e3o de pessoas independentes financeiramente que aprender\u00e3o desde cedo a utilizar o dinheiro de maneira saud\u00e1vel e consciente para a realiza\u00e7\u00e3o de seus sonhos.<\/p>\n\n\n\n<p>P\u00fablico Alvo: Crian\u00e7as e Professores dos Centros Municipais de Educa\u00e7\u00e3o Infantil e das Escolas Municipais mistas somente os professores de Educa\u00e7\u00e3o Infantil e 1\u00ba ano do Ensino Fundamental.<\/p>\n","protected":false},"excerpt":{"rendered":"","protected":false},"author":48,"featured_media":0,"parent":0,"menu_order":0,"comment_status":"closed","ping_status":"closed","template":"page_servicos_menu.php","meta":{"footnotes":""},"acf":[],"yoast_head":"<!-- This site is optimized with the Yoast SEO plugin v23.0 - https:\/\/yoast.com\/wordpress\/plugins\/seo\/ -->\n<title>Projeto Educa\u00e7\u00e3o Financeira \u2013 DSOP - SEMED<\/title>\n<meta name=\"robots\" content=\"index, follow, max-snippet:-1, max-image-preview:large, max-video-preview:-1\" \/>\n<link rel=\"canonical\" href=\"https:\/\/www.manaus.am.gov.br\/semed\/projeto-educacao-financeira-dsop\/\" \/>\n<meta property=\"og:locale\" content=\"pt_BR\" \/>\n<meta property=\"og:type\" content=\"article\" \/>\n<meta property=\"og:title\" content=\"Projeto Educa\u00e7\u00e3o Financeira \u2013 DSOP - SEMED\" \/>\n<meta property=\"og:url\" content=\"https:\/\/www.manaus.am.gov.br\/semed\/projeto-educacao-financeira-dsop\/\" \/>\n<meta property=\"og:site_name\" content=\"SEMED\" \/>\n<meta property=\"article:modified_time\" content=\"2023-05-17T15:40:31+00:00\" \/>\n<meta property=\"og:image\" content=\"https:\/\/www.manaus.am.gov.br\/semed\/wp-content\/uploads\/sites\/3\/2024\/07\/thumb-default-2.png\" \/>\n\t<meta property=\"og:image:width\" content=\"966\" \/>\n\t<meta property=\"og:image:height\" content=\"520\" \/>\n\t<meta property=\"og:image:type\" content=\"image\/png\" \/>\n<meta name=\"twitter:card\" content=\"summary_large_image\" \/>\n<meta name=\"twitter:label1\" content=\"Est. reading time\" \/>\n\t<meta name=\"twitter:data1\" content=\"1 minuto\" \/>\n<script type=\"application\/ld+json\" class=\"yoast-schema-graph\">{\"@context\":\"https:\/\/schema.org\",\"@graph\":[{\"@type\":\"Article\",\"@id\":\"https:\/\/www.manaus.am.gov.br\/semed\/projeto-educacao-financeira-dsop\/#article\",\"isPartOf\":{\"@id\":\"https:\/\/www.manaus.am.gov.br\/semed\/projeto-educacao-financeira-dsop\/\"},\"author\":{\"name\":\"twanderley\",\"@id\":\"https:\/\/www.manaus.am.gov.br\/semed\/#\/schema\/person\/4e4f35f67e428d1ebe4e37da7dd19161\"},\"headline\":\"Projeto Educa\u00e7\u00e3o Financeira \u2013 DSOP\",\"datePublished\":\"2023-05-17T15:01:36+00:00\",\"dateModified\":\"2023-05-17T15:40:31+00:00\",\"mainEntityOfPage\":{\"@id\":\"https:\/\/www.manaus.am.gov.br\/semed\/projeto-educacao-financeira-dsop\/\"},\"wordCount\":88,\"publisher\":{\"@id\":\"https:\/\/www.manaus.am.gov.br\/semed\/#organization\"},\"inLanguage\":\"pt-BR\"},{\"@type\":\"WebPage\",\"@id\":\"https:\/\/www.manaus.am.gov.br\/semed\/projeto-educacao-financeira-dsop\/\",\"url\":\"https:\/\/www.manaus.am.gov.br\/semed\/projeto-educacao-financeira-dsop\/\",\"name\":\"Projeto Educa\u00e7\u00e3o Financeira \u2013 DSOP - SEMED\",\"isPartOf\":{\"@id\":\"https:\/\/www.manaus.am.gov.br\/semed\/#website\"},\"datePublished\":\"2023-05-17T15:01:36+00:00\",\"dateModified\":\"2023-05-17T15:40:31+00:00\",\"inLanguage\":\"pt-BR\",\"potentialAction\":[{\"@type\":\"ReadAction\",\"target\":[\"https:\/\/www.manaus.am.gov.br\/semed\/projeto-educacao-financeira-dsop\/\"]}]},{\"@type\":\"WebSite\",\"@id\":\"https:\/\/www.manaus.am.gov.br\/semed\/#website\",\"url\":\"https:\/\/www.manaus.am.gov.br\/semed\/\",\"name\":\"Secretaria Municipal de Educa\u00e7\u00e3o\",\"description\":\"Secretaria Municipal de Educa\u00e7\u00e3o\",\"publisher\":{\"@id\":\"https:\/\/www.manaus.am.gov.br\/semed\/#organization\"},\"alternateName\":\"SEMED\",\"potentialAction\":[{\"@type\":\"SearchAction\",\"target\":{\"@type\":\"EntryPoint\",\"urlTemplate\":\"https:\/\/www.manaus.am.gov.br\/semed\/?s={search_term_string}\"},\"query-input\":\"required name=search_term_string\"}],\"inLanguage\":\"pt-BR\"},{\"@type\":\"Organization\",\"@id\":\"https:\/\/www.manaus.am.gov.br\/semed\/#organization\",\"name\":\"Secretaria de Educa\u00e7\u00e3o\",\"alternateName\":\"SEMED\",\"url\":\"https:\/\/www.manaus.am.gov.br\/semed\/\",\"logo\":{\"@type\":\"ImageObject\",\"inLanguage\":\"pt-BR\",\"@id\":\"https:\/\/www.manaus.am.gov.br\/semed\/#\/schema\/logo\/image\/\",\"url\":\"https:\/\/www.manaus.am.gov.br\/semed\/wp-content\/uploads\/sites\/3\/2022\/11\/favicon.png\",\"contentUrl\":\"https:\/\/www.manaus.am.gov.br\/semed\/wp-content\/uploads\/sites\/3\/2022\/11\/favicon.png\",\"width\":300,\"height\":300,\"caption\":\"Secretaria de Educa\u00e7\u00e3o\"},\"image\":{\"@id\":\"https:\/\/www.manaus.am.gov.br\/semed\/#\/schema\/logo\/image\/\"}},{\"@type\":\"Person\",\"@id\":\"https:\/\/www.manaus.am.gov.br\/semed\/#\/schema\/person\/4e4f35f67e428d1ebe4e37da7dd19161\",\"name\":\"twanderley\",\"image\":{\"@type\":\"ImageObject\",\"inLanguage\":\"pt-BR\",\"@id\":\"https:\/\/www.manaus.am.gov.br\/semed\/#\/schema\/person\/image\/\",\"url\":\"https:\/\/secure.gravatar.com\/avatar\/72f44bc2219400e20c2b573a18309461?s=96&d=mm&r=g\",\"contentUrl\":\"https:\/\/secure.gravatar.com\/avatar\/72f44bc2219400e20c2b573a18309461?s=96&d=mm&r=g\",\"caption\":\"twanderley\"}}]}<\/script>\n<!-- \/ Yoast SEO plugin. -->","yoast_head_json":{"title":"Projeto Educa\u00e7\u00e3o Financeira \u2013 DSOP - SEMED","robots":{"index":"index","follow":"follow","max-snippet":"max-snippet:-1","max-image-preview":"max-image-preview:large","max-video-preview":"max-video-preview:-1"},"canonical":"https:\/\/www.manaus.am.gov.br\/semed\/projeto-educacao-financeira-dsop\/","og_locale":"pt_BR","og_type":"article","og_title":"Projeto Educa\u00e7\u00e3o Financeira \u2013 DSOP - SEMED","og_url":"https:\/\/www.manaus.am.gov.br\/semed\/projeto-educacao-financeira-dsop\/","og_site_name":"SEMED","article_modified_time":"2023-05-17T15:40:31+00:00","og_image":[{"width":966,"height":520,"url":"https:\/\/www.manaus.am.gov.br\/semed\/wp-content\/uploads\/sites\/3\/2024\/07\/thumb-default-2.png","type":"image\/png"}],"twitter_card":"summary_large_image","twitter_misc":{"Est. reading time":"1 minuto"},"schema":{"@context":"https:\/\/schema.org","@graph":[{"@type":"Article","@id":"https:\/\/www.manaus.am.gov.br\/semed\/projeto-educacao-financeira-dsop\/#article","isPartOf":{"@id":"https:\/\/www.manaus.am.gov.br\/semed\/projeto-educacao-financeira-dsop\/"},"author":{"name":"twanderley","@id":"https:\/\/www.manaus.am.gov.br\/semed\/#\/schema\/person\/4e4f35f67e428d1ebe4e37da7dd19161"},"headline":"Projeto Educa\u00e7\u00e3o Financeira \u2013 DSOP","datePublished":"2023-05-17T15:01:36+00:00","dateModified":"2023-05-17T15:40:31+00:00","mainEntityOfPage":{"@id":"https:\/\/www.manaus.am.gov.br\/semed\/projeto-educacao-financeira-dsop\/"},"wordCount":88,"publisher":{"@id":"https:\/\/www.manaus.am.gov.br\/semed\/#organization"},"inLanguage":"pt-BR"},{"@type":"WebPage","@id":"https:\/\/www.manaus.am.gov.br\/semed\/projeto-educacao-financeira-dsop\/","url":"https:\/\/www.manaus.am.gov.br\/semed\/projeto-educacao-financeira-dsop\/","name":"Projeto Educa\u00e7\u00e3o Financeira \u2013 DSOP - SEMED","isPartOf":{"@id":"https:\/\/www.manaus.am.gov.br\/semed\/#website"},"datePublished":"2023-05-17T15:01:36+00:00","dateModified":"2023-05-17T15:40:31+00:00","inLanguage":"pt-BR","potentialAction":[{"@type":"ReadAction","target":["https:\/\/www.manaus.am.gov.br\/semed\/projeto-educacao-financeira-dsop\/"]}]},{"@type":"WebSite","@id":"https:\/\/www.manaus.am.gov.br\/semed\/#website","url":"https:\/\/www.manaus.am.gov.br\/semed\/","name":"Secretaria Municipal de Educa\u00e7\u00e3o","description":"Secretaria Municipal de Educa\u00e7\u00e3o","publisher":{"@id":"https:\/\/www.manaus.am.gov.br\/semed\/#organization"},"alternateName":"SEMED","potentialAction":[{"@type":"SearchAction","target":{"@type":"EntryPoint","urlTemplate":"https:\/\/www.manaus.am.gov.br\/semed\/?s={search_term_string}"},"query-input":"required name=search_term_string"}],"inLanguage":"pt-BR"},{"@type":"Organization","@id":"https:\/\/www.manaus.am.gov.br\/semed\/#organization","name":"Secretaria de Educa\u00e7\u00e3o","alternateName":"SEMED","url":"https:\/\/www.manaus.am.gov.br\/semed\/","logo":{"@type":"ImageObject","inLanguage":"pt-BR","@id":"https:\/\/www.manaus.am.gov.br\/semed\/#\/schema\/logo\/image\/","url":"https:\/\/www.manaus.am.gov.br\/semed\/wp-content\/uploads\/sites\/3\/2022\/11\/favicon.png","contentUrl":"https:\/\/www.manaus.am.gov.br\/semed\/wp-content\/uploads\/sites\/3\/2022\/11\/favicon.png","width":300,"height":300,"caption":"Secretaria de Educa\u00e7\u00e3o"},"image":{"@id":"https:\/\/www.manaus.am.gov.br\/semed\/#\/schema\/logo\/image\/"}},{"@type":"Person","@id":"https:\/\/www.manaus.am.gov.br\/semed\/#\/schema\/person\/4e4f35f67e428d1ebe4e37da7dd19161","name":"twanderley","image":{"@type":"ImageObject","inLanguage":"pt-BR","@id":"https:\/\/www.manaus.am.gov.br\/semed\/#\/schema\/person\/image\/","url":"https:\/\/secure.gravatar.com\/avatar\/72f44bc2219400e20c2b573a18309461?s=96&d=mm&r=g","contentUrl":"https:\/\/secure.gravatar.com\/avatar\/72f44bc2219400e20c2b573a18309461?s=96&d=mm&r=g","caption":"twanderley"}}]}},"_links":{"self":[{"href":"https:\/\/www.manaus.am.gov.br\/semed\/wp-json\/wp\/v2\/pages\/2781"}],"collection":[{"href":"https:\/\/www.manaus.am.gov.br\/semed\/wp-json\/wp\/v2\/pages"}],"about":[{"href":"https:\/\/www.manaus.am.gov.br\/semed\/wp-json\/wp\/v2\/types\/page"}],"author":[{"embeddable":true,"href":"https:\/\/www.manaus.am.gov.br\/semed\/wp-json\/wp\/v2\/users\/48"}],"replies":[{"embeddable":true,"href":"https:\/\/www.manaus.am.gov.br\/semed\/wp-json\/wp\/v2\/comments?post=2781"}],"version-history":[{"count":3,"href":"https:\/\/www.manaus.am.gov.br\/semed\/wp-json\/wp\/v2\/pages\/2781\/revisions"}],"predecessor-version":[{"id":2862,"href":"https:\/\/www.manaus.am.gov.br\/semed\/wp-json\/wp\/v2\/pages\/2781\/revisions\/2862"}],"wp:attachment":[{"href":"https:\/\/www.manaus.am.gov.br\/semed\/wp-json\/wp\/v2\/media?parent=2781"}],"curies":[{"name":"wp","href":"https:\/\/api.w.org\/{rel}","templated":true}]}}