{"id":277,"date":"2022-10-19T19:25:47","date_gmt":"2022-10-19T23:25:47","guid":{"rendered":"https:\/\/hulk.meuprojetoweb.com.br\/website-prefeitura-manaus\/current\/semed\/?page_id=179"},"modified":"2023-03-22T08:12:04","modified_gmt":"2023-03-22T12:12:04","slug":"planos-de-carreira-e-remuneracao-dos-professores-municipais","status":"publish","type":"page","link":"https:\/\/www.manaus.am.gov.br\/semed\/legislacao\/planos-de-carreira-e-remuneracao-dos-professores-municipais\/","title":{"rendered":"Planos de Carreira e Remunera\u00e7\u00e3o dos Professores Municipais"},"content":{"rendered":"\n<h2 class=\"wp-block-heading\"><a href=\"https:\/\/www.manaus.am.gov.br\/semed\/wp-content\/uploads\/sites\/3\/2023\/01\/Lei-2080.pdf\" target=\"_blank\" rel=\"noreferrer noopener\">LEI N\u00ba 2.078, DE 30 DE DEZEMBRO DE 2015<\/a><\/h2>\n\n\n\n<p>Disp\u00f5e sobre a estrutura organizacional da Secretaria Municipal de Administra\u00e7\u00e3o, Planejamento e Gest\u00e3o (Semad), suas finalidades e compet\u00eancias, fixa seu quadro de cargos comissionados e d\u00e1 outras<br>provid\u00eancias.<\/p>\n\n\n\n<h2 class=\"wp-block-heading\"><a href=\"http:\/\/portal.mec.gov.br\/index.php?option=com_content&amp;view=article&amp;id=12907:legislacoes&amp;catid=70:legislacoes\" target=\"_blank\" rel=\"noreferrer noopener\">LEI N\u00ba 1.118, DE 01 DE SETEMBRO DE 1971<\/a><\/h2>\n\n\n\n<p>Disp\u00f5e sobre o Estatuto dos Servidores P\u00fablicos do Munic\u00edpio de Manaus.<\/p>\n\n\n\n<h2 class=\"wp-block-heading\"><a href=\"https:\/\/www.manaus.am.gov.br\/semed\/wp-content\/uploads\/sites\/3\/2023\/01\/Lei-1.624-Plano-de-cargos-dos-servidores-administrativos-da-SEMED.pdf\" target=\"_blank\" rel=\"noreferrer noopener\">LEI N\u00ba 1624, DE 30 DE DEZEMBRO DE 2011<\/a><\/h2>\n\n\n\n<p>Disp\u00f5e sobre o Plano de Carreira, Cargos e Remunera\u00e7\u00e3o dos servidores p\u00fablicos da \u00c1rea Administrativa da Educa\u00e7\u00e3o Municipal, estabelecendo o quantitativo de vagas por cargo, e d\u00e1 outras provid\u00eancias.<\/p>\n\n\n\n<h2 class=\"wp-block-heading\"><a href=\"https:\/\/www.manaus.am.gov.br\/semed\/wp-content\/uploads\/sites\/3\/2023\/03\/INSALUBRIDADE.pdf\" target=\"_blank\" rel=\"noreferrer noopener\">LEI N\u00ba 2.078, DE 30 DE DEZEMBRO DE 2015<\/a><\/h2>\n\n\n\n<p>Disp\u00f5e sobre a estrutura organizacional da Secretaria Municipal de Administra\u00e7\u00e3o, Planejamento e Gest\u00e3o (Semad), suas finalidades e compet\u00eancias, fixa seu quadro de cargos comissionados e d\u00e1 outras provid\u00eancias. [INSALUBRIDADE]<\/p>\n\n\n\n<h2 class=\"wp-block-heading\"><a href=\"https:\/\/www.manaus.am.gov.br\/semed\/wp-content\/uploads\/sites\/3\/2023\/03\/1-LEI-1.126-DE-05-DE-JUNHO-DE-2007-Plano-de-Cargos-da-SEMED.pdf\" target=\"_blank\" rel=\"noreferrer noopener\">LEI N\u00b0 1.126, DE 05 DE JUNHO DE 2007<\/a><\/h2>\n\n\n\n<p>Disp\u00f5e sobre o Plano de Cargos, Carreiras e Subs\u00eddios dos Profissionais do Magist\u00e9rio do Munic\u00edpio e adota outras provid\u00eancias.<\/p>\n\n\n\n<h2 class=\"wp-block-heading\"><a href=\"https:\/\/www.manaus.am.gov.br\/semed\/wp-content\/uploads\/sites\/3\/2023\/03\/2-LEI-1202-DE-2007-ALTERA-O-PCCS-1.pdf\" target=\"_blank\" rel=\"noreferrer noopener\">LEI N\u00b0 1.202, DE 31 DE DEZEMBRO DE 2007<\/a><\/h2>\n\n\n\n<p>Altera dispositivos da Lei n\u00ba 1.126, de 05 de junho de 2007, e d\u00e1 outras provid\u00eancias.<\/p>\n\n\n\n<h2 class=\"wp-block-heading\"><a href=\"https:\/\/www.manaus.am.gov.br\/semed\/wp-content\/uploads\/sites\/3\/2023\/03\/2-LEI-1202-DE-2007-ALTERA-O-PCCS-1.pdf\" target=\"_blank\" rel=\"noreferrer noopener\">LEI N\u00b0 1.412, DE 20 DE JANEIRO DE 2010<\/a> (Altera a Lei)<\/h2>\n\n\n\n<p>Modifica o artigo 62 da Lei n\u00ba 1.126, de 05 de junho de 2007, cria os cargos de provimento efetivo que especifica e d\u00e1 outras provid\u00eancias. <\/p>\n\n\n\n<h2 class=\"wp-block-heading\"><a href=\"https:\/\/www.manaus.am.gov.br\/semed\/wp-content\/uploads\/sites\/3\/2023\/03\/4-Lei-n_-1.412-de-20.01.2010-REPUBLICADA-Modifica-a-Lei-1.pdf\" target=\"_blank\" rel=\"noreferrer noopener\">LEI N\u00b0 1.412, DE 20 DE JANEIRO DE 2010<\/a> (Republicada modifica Lei)<\/h2>\n\n\n\n<p>Modifica o artigo 62 da Lei n\u00ba 1.126, de 05 de junho de 2007, cria os cargos de provimento efetivo que especifica e d\u00e1 outras provid\u00eancias.<\/p>\n\n\n\n<h2 class=\"wp-block-heading\"><a href=\"https:\/\/www.manaus.am.gov.br\/semed\/wp-content\/uploads\/sites\/3\/2023\/03\/5-Lei-1.621-Reenquadramento.pdf\" target=\"_blank\" rel=\"noreferrer noopener\">LEI N\u00b0 1.621, DE 19 DE DEZEMBRO DE 2011<\/a><\/h2>\n\n\n\n<p>Altera os dispositivos que especifica, da Lei n\u00ba 1.126, de 05 de junho de 2007, que disp\u00f5e sobre o Plano de Cargos, Carreiras e Subs\u00eddios dos Profissionais do Magist\u00e9rio do Munic\u00edpio de Manaus e d\u00e1 outras provid\u00eancias.<\/p>\n\n\n\n<h2 class=\"wp-block-heading\"><a href=\"https:\/\/www.manaus.am.gov.br\/semed\/wp-content\/uploads\/sites\/3\/2023\/03\/6-LEI-N1879.pdf\" target=\"_blank\" rel=\"noreferrer noopener\">LEI N\u00b0 1.878, DE 04 DE JUNHO DE 2014<\/a><\/h2>\n\n\n\n<p>Altera o valor do aux\u00edlio-alimenta\u00e7\u00e3o e autoriza o Poder Executivo a reajustar os valores dos aux\u00edlios moradia e alimenta\u00e7\u00e3o, institu\u00eddos pela Lei n\u00ba 1.790, de 12 de novembro de 2013.<\/p>\n","protected":false},"excerpt":{"rendered":"","protected":false},"author":27,"featured_media":0,"parent":1955,"menu_order":2,"comment_status":"closed","ping_status":"closed","template":"templates\/turismo.php","meta":{"footnotes":""},"acf":[],"yoast_head":"<!-- This site is optimized with the Yoast SEO plugin v23.0 - https:\/\/yoast.com\/wordpress\/plugins\/seo\/ -->\n<title>Planos de Carreira e Remunera\u00e7\u00e3o dos Professores Municipais - SEMED<\/title>\n<meta name=\"robots\" content=\"index, follow, max-snippet:-1, max-image-preview:large, max-video-preview:-1\" \/>\n<link rel=\"canonical\" href=\"https:\/\/www.manaus.am.gov.br\/semed\/legislacao\/planos-de-carreira-e-remuneracao-dos-professores-municipais\/\" \/>\n<meta property=\"og:locale\" content=\"pt_BR\" \/>\n<meta property=\"og:type\" content=\"article\" \/>\n<meta property=\"og:title\" content=\"Planos de Carreira e Remunera\u00e7\u00e3o dos Professores Municipais - SEMED\" \/>\n<meta property=\"og:url\" content=\"https:\/\/www.manaus.am.gov.br\/semed\/legislacao\/planos-de-carreira-e-remuneracao-dos-professores-municipais\/\" \/>\n<meta property=\"og:site_name\" content=\"SEMED\" \/>\n<meta property=\"article:modified_time\" content=\"2023-03-22T12:12:04+00:00\" \/>\n<meta property=\"og:image\" content=\"https:\/\/www.manaus.am.gov.br\/semed\/wp-content\/uploads\/sites\/3\/2024\/07\/thumb-default-2.png\" \/>\n\t<meta property=\"og:image:width\" content=\"966\" \/>\n\t<meta property=\"og:image:height\" content=\"520\" \/>\n\t<meta property=\"og:image:type\" content=\"image\/png\" \/>\n<meta name=\"twitter:card\" content=\"summary_large_image\" \/>\n<meta name=\"twitter:label1\" content=\"Est. reading time\" \/>\n\t<meta name=\"twitter:data1\" content=\"2 minutos\" \/>\n<script type=\"application\/ld+json\" class=\"yoast-schema-graph\">{\"@context\":\"https:\/\/schema.org\",\"@graph\":[{\"@type\":\"Article\",\"@id\":\"https:\/\/www.manaus.am.gov.br\/semed\/legislacao\/planos-de-carreira-e-remuneracao-dos-professores-municipais\/#article\",\"isPartOf\":{\"@id\":\"https:\/\/www.manaus.am.gov.br\/semed\/legislacao\/planos-de-carreira-e-remuneracao-dos-professores-municipais\/\"},\"author\":{\"name\":\"Imarketing Digital\",\"@id\":\"https:\/\/www.manaus.am.gov.br\/semed\/#\/schema\/person\/79525a47ac5902f50493820d995728ee\"},\"headline\":\"Planos de Carreira e Remunera\u00e7\u00e3o dos Professores Municipais\",\"datePublished\":\"2022-10-19T23:25:47+00:00\",\"dateModified\":\"2023-03-22T12:12:04+00:00\",\"mainEntityOfPage\":{\"@id\":\"https:\/\/www.manaus.am.gov.br\/semed\/legislacao\/planos-de-carreira-e-remuneracao-dos-professores-municipais\/\"},\"wordCount\":344,\"publisher\":{\"@id\":\"https:\/\/www.manaus.am.gov.br\/semed\/#organization\"},\"inLanguage\":\"pt-BR\"},{\"@type\":\"WebPage\",\"@id\":\"https:\/\/www.manaus.am.gov.br\/semed\/legislacao\/planos-de-carreira-e-remuneracao-dos-professores-municipais\/\",\"url\":\"https:\/\/www.manaus.am.gov.br\/semed\/legislacao\/planos-de-carreira-e-remuneracao-dos-professores-municipais\/\",\"name\":\"Planos de Carreira e Remunera\u00e7\u00e3o dos Professores Municipais - SEMED\",\"isPartOf\":{\"@id\":\"https:\/\/www.manaus.am.gov.br\/semed\/#website\"},\"datePublished\":\"2022-10-19T23:25:47+00:00\",\"dateModified\":\"2023-03-22T12:12:04+00:00\",\"breadcrumb\":{\"@id\":\"https:\/\/www.manaus.am.gov.br\/semed\/legislacao\/planos-de-carreira-e-remuneracao-dos-professores-municipais\/#breadcrumb\"},\"inLanguage\":\"pt-BR\",\"potentialAction\":[{\"@type\":\"ReadAction\",\"target\":[\"https:\/\/www.manaus.am.gov.br\/semed\/legislacao\/planos-de-carreira-e-remuneracao-dos-professores-municipais\/\"]}]},{\"@type\":\"BreadcrumbList\",\"@id\":\"https:\/\/www.manaus.am.gov.br\/semed\/legislacao\/planos-de-carreira-e-remuneracao-dos-professores-municipais\/#breadcrumb\",\"itemListElement\":[{\"@type\":\"ListItem\",\"position\":1,\"name\":\"Legisla\u00e7\u00e3o\",\"item\":\"https:\/\/www.manaus.am.gov.br\/semed\/legislacao\/\"},{\"@type\":\"ListItem\",\"position\":2,\"name\":\"Planos de Carreira e Remunera\u00e7\u00e3o dos Professores Municipais\"}]},{\"@type\":\"WebSite\",\"@id\":\"https:\/\/www.manaus.am.gov.br\/semed\/#website\",\"url\":\"https:\/\/www.manaus.am.gov.br\/semed\/\",\"name\":\"Secretaria Municipal de Educa\u00e7\u00e3o\",\"description\":\"Secretaria Municipal de Educa\u00e7\u00e3o\",\"publisher\":{\"@id\":\"https:\/\/www.manaus.am.gov.br\/semed\/#organization\"},\"alternateName\":\"SEMED\",\"potentialAction\":[{\"@type\":\"SearchAction\",\"target\":{\"@type\":\"EntryPoint\",\"urlTemplate\":\"https:\/\/www.manaus.am.gov.br\/semed\/?s={search_term_string}\"},\"query-input\":\"required name=search_term_string\"}],\"inLanguage\":\"pt-BR\"},{\"@type\":\"Organization\",\"@id\":\"https:\/\/www.manaus.am.gov.br\/semed\/#organization\",\"name\":\"Secretaria de Educa\u00e7\u00e3o\",\"alternateName\":\"SEMED\",\"url\":\"https:\/\/www.manaus.am.gov.br\/semed\/\",\"logo\":{\"@type\":\"ImageObject\",\"inLanguage\":\"pt-BR\",\"@id\":\"https:\/\/www.manaus.am.gov.br\/semed\/#\/schema\/logo\/image\/\",\"url\":\"https:\/\/www.manaus.am.gov.br\/semed\/wp-content\/uploads\/sites\/3\/2022\/11\/favicon.png\",\"contentUrl\":\"https:\/\/www.manaus.am.gov.br\/semed\/wp-content\/uploads\/sites\/3\/2022\/11\/favicon.png\",\"width\":300,\"height\":300,\"caption\":\"Secretaria de Educa\u00e7\u00e3o\"},\"image\":{\"@id\":\"https:\/\/www.manaus.am.gov.br\/semed\/#\/schema\/logo\/image\/\"}},{\"@type\":\"Person\",\"@id\":\"https:\/\/www.manaus.am.gov.br\/semed\/#\/schema\/person\/79525a47ac5902f50493820d995728ee\",\"name\":\"Imarketing Digital\",\"image\":{\"@type\":\"ImageObject\",\"inLanguage\":\"pt-BR\",\"@id\":\"https:\/\/www.manaus.am.gov.br\/semed\/#\/schema\/person\/image\/\",\"url\":\"https:\/\/secure.gravatar.com\/avatar\/03432d3c57b756ed9760f7019c815a3a?s=96&d=mm&r=g\",\"contentUrl\":\"https:\/\/secure.gravatar.com\/avatar\/03432d3c57b756ed9760f7019c815a3a?s=96&d=mm&r=g\",\"caption\":\"Imarketing Digital\"}}]}<\/script>\n<!-- \/ Yoast SEO plugin. -->","yoast_head_json":{"title":"Planos de Carreira e Remunera\u00e7\u00e3o dos Professores Municipais - SEMED","robots":{"index":"index","follow":"follow","max-snippet":"max-snippet:-1","max-image-preview":"max-image-preview:large","max-video-preview":"max-video-preview:-1"},"canonical":"https:\/\/www.manaus.am.gov.br\/semed\/legislacao\/planos-de-carreira-e-remuneracao-dos-professores-municipais\/","og_locale":"pt_BR","og_type":"article","og_title":"Planos de Carreira e Remunera\u00e7\u00e3o dos Professores Municipais - SEMED","og_url":"https:\/\/www.manaus.am.gov.br\/semed\/legislacao\/planos-de-carreira-e-remuneracao-dos-professores-municipais\/","og_site_name":"SEMED","article_modified_time":"2023-03-22T12:12:04+00:00","og_image":[{"width":966,"height":520,"url":"https:\/\/www.manaus.am.gov.br\/semed\/wp-content\/uploads\/sites\/3\/2024\/07\/thumb-default-2.png","type":"image\/png"}],"twitter_card":"summary_large_image","twitter_misc":{"Est. reading time":"2 minutos"},"schema":{"@context":"https:\/\/schema.org","@graph":[{"@type":"Article","@id":"https:\/\/www.manaus.am.gov.br\/semed\/legislacao\/planos-de-carreira-e-remuneracao-dos-professores-municipais\/#article","isPartOf":{"@id":"https:\/\/www.manaus.am.gov.br\/semed\/legislacao\/planos-de-carreira-e-remuneracao-dos-professores-municipais\/"},"author":{"name":"Imarketing Digital","@id":"https:\/\/www.manaus.am.gov.br\/semed\/#\/schema\/person\/79525a47ac5902f50493820d995728ee"},"headline":"Planos de Carreira e Remunera\u00e7\u00e3o dos Professores Municipais","datePublished":"2022-10-19T23:25:47+00:00","dateModified":"2023-03-22T12:12:04+00:00","mainEntityOfPage":{"@id":"https:\/\/www.manaus.am.gov.br\/semed\/legislacao\/planos-de-carreira-e-remuneracao-dos-professores-municipais\/"},"wordCount":344,"publisher":{"@id":"https:\/\/www.manaus.am.gov.br\/semed\/#organization"},"inLanguage":"pt-BR"},{"@type":"WebPage","@id":"https:\/\/www.manaus.am.gov.br\/semed\/legislacao\/planos-de-carreira-e-remuneracao-dos-professores-municipais\/","url":"https:\/\/www.manaus.am.gov.br\/semed\/legislacao\/planos-de-carreira-e-remuneracao-dos-professores-municipais\/","name":"Planos de Carreira e Remunera\u00e7\u00e3o dos Professores Municipais - SEMED","isPartOf":{"@id":"https:\/\/www.manaus.am.gov.br\/semed\/#website"},"datePublished":"2022-10-19T23:25:47+00:00","dateModified":"2023-03-22T12:12:04+00:00","breadcrumb":{"@id":"https:\/\/www.manaus.am.gov.br\/semed\/legislacao\/planos-de-carreira-e-remuneracao-dos-professores-municipais\/#breadcrumb"},"inLanguage":"pt-BR","potentialAction":[{"@type":"ReadAction","target":["https:\/\/www.manaus.am.gov.br\/semed\/legislacao\/planos-de-carreira-e-remuneracao-dos-professores-municipais\/"]}]},{"@type":"BreadcrumbList","@id":"https:\/\/www.manaus.am.gov.br\/semed\/legislacao\/planos-de-carreira-e-remuneracao-dos-professores-municipais\/#breadcrumb","itemListElement":[{"@type":"ListItem","position":1,"name":"Legisla\u00e7\u00e3o","item":"https:\/\/www.manaus.am.gov.br\/semed\/legislacao\/"},{"@type":"ListItem","position":2,"name":"Planos de Carreira e Remunera\u00e7\u00e3o dos Professores Municipais"}]},{"@type":"WebSite","@id":"https:\/\/www.manaus.am.gov.br\/semed\/#website","url":"https:\/\/www.manaus.am.gov.br\/semed\/","name":"Secretaria Municipal de Educa\u00e7\u00e3o","description":"Secretaria Municipal de Educa\u00e7\u00e3o","publisher":{"@id":"https:\/\/www.manaus.am.gov.br\/semed\/#organization"},"alternateName":"SEMED","potentialAction":[{"@type":"SearchAction","target":{"@type":"EntryPoint","urlTemplate":"https:\/\/www.manaus.am.gov.br\/semed\/?s={search_term_string}"},"query-input":"required name=search_term_string"}],"inLanguage":"pt-BR"},{"@type":"Organization","@id":"https:\/\/www.manaus.am.gov.br\/semed\/#organization","name":"Secretaria de Educa\u00e7\u00e3o","alternateName":"SEMED","url":"https:\/\/www.manaus.am.gov.br\/semed\/","logo":{"@type":"ImageObject","inLanguage":"pt-BR","@id":"https:\/\/www.manaus.am.gov.br\/semed\/#\/schema\/logo\/image\/","url":"https:\/\/www.manaus.am.gov.br\/semed\/wp-content\/uploads\/sites\/3\/2022\/11\/favicon.png","contentUrl":"https:\/\/www.manaus.am.gov.br\/semed\/wp-content\/uploads\/sites\/3\/2022\/11\/favicon.png","width":300,"height":300,"caption":"Secretaria de Educa\u00e7\u00e3o"},"image":{"@id":"https:\/\/www.manaus.am.gov.br\/semed\/#\/schema\/logo\/image\/"}},{"@type":"Person","@id":"https:\/\/www.manaus.am.gov.br\/semed\/#\/schema\/person\/79525a47ac5902f50493820d995728ee","name":"Imarketing Digital","image":{"@type":"ImageObject","inLanguage":"pt-BR","@id":"https:\/\/www.manaus.am.gov.br\/semed\/#\/schema\/person\/image\/","url":"https:\/\/secure.gravatar.com\/avatar\/03432d3c57b756ed9760f7019c815a3a?s=96&d=mm&r=g","contentUrl":"https:\/\/secure.gravatar.com\/avatar\/03432d3c57b756ed9760f7019c815a3a?s=96&d=mm&r=g","caption":"Imarketing Digital"}}]}},"_links":{"self":[{"href":"https:\/\/www.manaus.am.gov.br\/semed\/wp-json\/wp\/v2\/pages\/277"}],"collection":[{"href":"https:\/\/www.manaus.am.gov.br\/semed\/wp-json\/wp\/v2\/pages"}],"about":[{"href":"https:\/\/www.manaus.am.gov.br\/semed\/wp-json\/wp\/v2\/types\/page"}],"author":[{"embeddable":true,"href":"https:\/\/www.manaus.am.gov.br\/semed\/wp-json\/wp\/v2\/users\/27"}],"replies":[{"embeddable":true,"href":"https:\/\/www.manaus.am.gov.br\/semed\/wp-json\/wp\/v2\/comments?post=277"}],"version-history":[{"count":16,"href":"https:\/\/www.manaus.am.gov.br\/semed\/wp-json\/wp\/v2\/pages\/277\/revisions"}],"predecessor-version":[{"id":2345,"href":"https:\/\/www.manaus.am.gov.br\/semed\/wp-json\/wp\/v2\/pages\/277\/revisions\/2345"}],"up":[{"embeddable":true,"href":"https:\/\/www.manaus.am.gov.br\/semed\/wp-json\/wp\/v2\/pages\/1955"}],"wp:attachment":[{"href":"https:\/\/www.manaus.am.gov.br\/semed\/wp-json\/wp\/v2\/media?parent=277"}],"curies":[{"name":"wp","href":"https:\/\/api.w.org\/{rel}","templated":true}]}}