{"id":271,"date":"2022-10-19T19:21:02","date_gmt":"2022-10-19T23:21:02","guid":{"rendered":"https:\/\/hulk.meuprojetoweb.com.br\/website-prefeitura-manaus\/current\/semed\/?page_id=169"},"modified":"2026-03-23T15:39:03","modified_gmt":"2026-03-23T19:39:03","slug":"cme","status":"publish","type":"page","link":"https:\/\/www.manaus.am.gov.br\/semed\/cme\/","title":{"rendered":"Conselho Municipal de Educa\u00e7\u00e3o"},"content":{"rendered":"\n<p>O Conselho Municipal de Educa\u00e7\u00e3o de Manaus foi criado pela Lei n\u00ba 377, de 18 de dezembro de 1996, com a finalidade de contribuir para a organiza\u00e7\u00e3o e o fortalecimento da educa\u00e7\u00e3o no munic\u00edpio de Manaus. Atualmente, sua estrutura \u00e9 disciplinada pela Lei n\u00ba 3.490, de 09 de maio de 2025 caracteriza-se como \u00d3rg\u00e3o Colegiado representativo da comunidade, integrante do Sistema Municipal de Ensino de Manaus (SME), dotado de autonomia administrativa e financeira, subordinado ao Chefe do Poder Executivo, com fun\u00e7\u00f5es fiscalizadora, consultiva, deliberativa e mobilizadora. Constitui-se em instrumento mediador entre a Sociedade Civil e o Poder P\u00fablico Municipal na discuss\u00e3o, elabora\u00e7\u00e3o, implementa\u00e7\u00e3o e acompanhamento das pol\u00edticas municipais de educa\u00e7\u00e3o.<\/p>\n\n\n\n<p>Compete ainda ao Conselho Municipal de Educa\u00e7\u00e3o de Manaus exercer as atribui\u00e7\u00f5es que lhe s\u00e3o conferidas pelas Leis federais e municipais.<\/p>\n\n\n\n<p><\/p>\n\n\n\n<h2 class=\"wp-block-heading\">Entidades representativas<\/h2>\n\n\n\n<p>O Conselho Municipal de Educa\u00e7\u00e3o de Manaus, constitu\u00eddo por 11 (onze) membros, nomeados pelo Chefe do Poder Executivo Municipal, dentre as pessoas com experi\u00eancia na \u00e1rea de educa\u00e7\u00e3o e de not\u00f3rio saber, possui a seguinte composi\u00e7\u00e3o:<\/p>\n\n\n\n<p>I &#8211; 01 (um) representante do Ensino P\u00fablico Superior Federal &#8211; Universidade Federal do Amazonas (UFAM);<\/p>\n\n\n\n<p>II &#8211; 01 (um) representante do Ensino P\u00fablico Estadual &#8211; Secretaria de Estado de Educa\u00e7\u00e3o e Desporto (SEDUC);<\/p>\n\n\n\n<p>III &#8211; 02 (dois) representantes do Ensino P\u00fablico Municipal \u2013 Secretaria Municipal de Educa\u00e7\u00e3o (SEMED);<\/p>\n\n\n\n<p>IV &#8211; 01 (um) representante do Ensino Privado \u2013 Sindicato dos Estabelecimentos Privados de Ensino (SINEPE);<\/p>\n\n\n\n<p>V &#8211; 01 (um) representante dos Conselhos Escolares ou das Associa\u00e7\u00f5es de Pais, Mestres e Comunit\u00e1rios (APMCs);<\/p>\n\n\n\n<p>VI &#8211; 01 (um) representante do Sindicato dos Trabalhadores em Educa\u00e7\u00e3o do Estado do Amazonas (SINTEAM);<\/p>\n\n\n\n<p>VII &#8211; 01 (um) representante da Uni\u00e3o Municipal dos Estudantes Secundaristas (UMES);<\/p>\n\n\n\n<p>VIII &#8211; 01 (um) representante da C\u00e2mara Municipal de Manaus (CMM);<\/p>\n\n\n\n<p>IX &#8211; 01 (um) representante do Ensino P\u00fablico Superior Estadual &#8211; Universidade do Estado do Amazonas (UEA);<\/p>\n\n\n\n<p>X &#8211; 01 (um) representante das Comunidades Ind\u00edgenas.<\/p>\n\n\n\n<p><\/p>\n\n\n\n<figure class=\"wp-block-image size-full\"><img loading=\"lazy\" decoding=\"async\" width=\"1280\" height=\"901\" src=\"https:\/\/www.manaus.am.gov.br\/semed\/wp-content\/uploads\/sites\/3\/2026\/03\/ConviteEscolaRegularizada.jpeg\" alt=\"\" class=\"wp-image-11235\" srcset=\"https:\/\/www.manaus.am.gov.br\/semed\/wp-content\/uploads\/sites\/3\/2026\/03\/ConviteEscolaRegularizada.jpeg 1280w, https:\/\/www.manaus.am.gov.br\/semed\/wp-content\/uploads\/sites\/3\/2026\/03\/ConviteEscolaRegularizada-300x211.jpeg 300w, https:\/\/www.manaus.am.gov.br\/semed\/wp-content\/uploads\/sites\/3\/2026\/03\/ConviteEscolaRegularizada-1024x721.jpeg 1024w, https:\/\/www.manaus.am.gov.br\/semed\/wp-content\/uploads\/sites\/3\/2026\/03\/ConviteEscolaRegularizada-768x541.jpeg 768w\" sizes=\"(max-width: 1280px) 100vw, 1280px\" \/><\/figure>\n\n\n\n<div data-wp-interactive=\"\" class=\"wp-block-file\"><object data-wp-bind--hidden=\"!selectors.core.file.hasPdfPreview\" hidden class=\"wp-block-file__embed\" data=\"https:\/\/www.manaus.am.gov.br\/semed\/wp-content\/uploads\/sites\/3\/2026\/03\/PANFLETO-CME.pdf\" type=\"application\/pdf\" style=\"width:100%;height:600px\" aria-label=\"Incorporado de Panfleto CME.\"><\/object><a id=\"wp-block-file--media-0475c22c-8d00-4a79-9bf5-c91dfb25cf10\" href=\"https:\/\/www.manaus.am.gov.br\/semed\/wp-content\/uploads\/sites\/3\/2026\/03\/PANFLETO-CME.pdf\">Panfleto CME<\/a><\/div>\n","protected":false},"excerpt":{"rendered":"","protected":false},"author":27,"featured_media":0,"parent":0,"menu_order":0,"comment_status":"closed","ping_status":"closed","template":"templates\/turismo.php","meta":{"footnotes":""},"acf":[],"yoast_head":"<!-- This site is optimized with the Yoast SEO plugin v23.0 - https:\/\/yoast.com\/wordpress\/plugins\/seo\/ -->\n<title>Conselho Municipal de Educa\u00e7\u00e3o - SEMED<\/title>\n<meta name=\"robots\" content=\"index, follow, max-snippet:-1, max-image-preview:large, max-video-preview:-1\" \/>\n<link rel=\"canonical\" href=\"https:\/\/www.manaus.am.gov.br\/semed\/cme\/\" \/>\n<meta property=\"og:locale\" content=\"pt_BR\" \/>\n<meta property=\"og:type\" content=\"article\" \/>\n<meta property=\"og:title\" content=\"Conselho Municipal de Educa\u00e7\u00e3o - SEMED\" \/>\n<meta property=\"og:url\" content=\"https:\/\/www.manaus.am.gov.br\/semed\/cme\/\" \/>\n<meta property=\"og:site_name\" content=\"SEMED\" \/>\n<meta property=\"article:modified_time\" content=\"2026-03-23T19:39:03+00:00\" \/>\n<meta property=\"og:image\" content=\"https:\/\/www.manaus.am.gov.br\/semed\/wp-content\/uploads\/sites\/3\/2026\/03\/ConviteEscolaRegularizada.jpeg\" \/>\n<meta name=\"twitter:card\" content=\"summary_large_image\" \/>\n<meta name=\"twitter:label1\" content=\"Est. reading time\" \/>\n\t<meta name=\"twitter:data1\" content=\"2 minutos\" \/>\n<script type=\"application\/ld+json\" class=\"yoast-schema-graph\">{\"@context\":\"https:\/\/schema.org\",\"@graph\":[{\"@type\":\"Article\",\"@id\":\"https:\/\/www.manaus.am.gov.br\/semed\/cme\/#article\",\"isPartOf\":{\"@id\":\"https:\/\/www.manaus.am.gov.br\/semed\/cme\/\"},\"author\":{\"name\":\"Imarketing Digital\",\"@id\":\"https:\/\/www.manaus.am.gov.br\/semed\/#\/schema\/person\/79525a47ac5902f50493820d995728ee\"},\"headline\":\"Conselho Municipal de Educa\u00e7\u00e3o\",\"datePublished\":\"2022-10-19T23:21:02+00:00\",\"dateModified\":\"2026-03-23T19:39:03+00:00\",\"mainEntityOfPage\":{\"@id\":\"https:\/\/www.manaus.am.gov.br\/semed\/cme\/\"},\"wordCount\":335,\"publisher\":{\"@id\":\"https:\/\/www.manaus.am.gov.br\/semed\/#organization\"},\"image\":{\"@id\":\"https:\/\/www.manaus.am.gov.br\/semed\/cme\/#primaryimage\"},\"thumbnailUrl\":\"https:\/\/www.manaus.am.gov.br\/semed\/wp-content\/uploads\/sites\/3\/2026\/03\/ConviteEscolaRegularizada.jpeg\",\"inLanguage\":\"pt-BR\"},{\"@type\":\"WebPage\",\"@id\":\"https:\/\/www.manaus.am.gov.br\/semed\/cme\/\",\"url\":\"https:\/\/www.manaus.am.gov.br\/semed\/cme\/\",\"name\":\"Conselho Municipal de Educa\u00e7\u00e3o - SEMED\",\"isPartOf\":{\"@id\":\"https:\/\/www.manaus.am.gov.br\/semed\/#website\"},\"primaryImageOfPage\":{\"@id\":\"https:\/\/www.manaus.am.gov.br\/semed\/cme\/#primaryimage\"},\"image\":{\"@id\":\"https:\/\/www.manaus.am.gov.br\/semed\/cme\/#primaryimage\"},\"thumbnailUrl\":\"https:\/\/www.manaus.am.gov.br\/semed\/wp-content\/uploads\/sites\/3\/2026\/03\/ConviteEscolaRegularizada.jpeg\",\"datePublished\":\"2022-10-19T23:21:02+00:00\",\"dateModified\":\"2026-03-23T19:39:03+00:00\",\"inLanguage\":\"pt-BR\",\"potentialAction\":[{\"@type\":\"ReadAction\",\"target\":[\"https:\/\/www.manaus.am.gov.br\/semed\/cme\/\"]}]},{\"@type\":\"ImageObject\",\"inLanguage\":\"pt-BR\",\"@id\":\"https:\/\/www.manaus.am.gov.br\/semed\/cme\/#primaryimage\",\"url\":\"https:\/\/www.manaus.am.gov.br\/semed\/wp-content\/uploads\/sites\/3\/2026\/03\/ConviteEscolaRegularizada.jpeg\",\"contentUrl\":\"https:\/\/www.manaus.am.gov.br\/semed\/wp-content\/uploads\/sites\/3\/2026\/03\/ConviteEscolaRegularizada.jpeg\",\"width\":1280,\"height\":901},{\"@type\":\"WebSite\",\"@id\":\"https:\/\/www.manaus.am.gov.br\/semed\/#website\",\"url\":\"https:\/\/www.manaus.am.gov.br\/semed\/\",\"name\":\"Secretaria Municipal de Educa\u00e7\u00e3o\",\"description\":\"Secretaria Municipal de Educa\u00e7\u00e3o\",\"publisher\":{\"@id\":\"https:\/\/www.manaus.am.gov.br\/semed\/#organization\"},\"alternateName\":\"SEMED\",\"potentialAction\":[{\"@type\":\"SearchAction\",\"target\":{\"@type\":\"EntryPoint\",\"urlTemplate\":\"https:\/\/www.manaus.am.gov.br\/semed\/?s={search_term_string}\"},\"query-input\":\"required name=search_term_string\"}],\"inLanguage\":\"pt-BR\"},{\"@type\":\"Organization\",\"@id\":\"https:\/\/www.manaus.am.gov.br\/semed\/#organization\",\"name\":\"Secretaria de Educa\u00e7\u00e3o\",\"alternateName\":\"SEMED\",\"url\":\"https:\/\/www.manaus.am.gov.br\/semed\/\",\"logo\":{\"@type\":\"ImageObject\",\"inLanguage\":\"pt-BR\",\"@id\":\"https:\/\/www.manaus.am.gov.br\/semed\/#\/schema\/logo\/image\/\",\"url\":\"https:\/\/www.manaus.am.gov.br\/semed\/wp-content\/uploads\/sites\/3\/2022\/11\/favicon.png\",\"contentUrl\":\"https:\/\/www.manaus.am.gov.br\/semed\/wp-content\/uploads\/sites\/3\/2022\/11\/favicon.png\",\"width\":300,\"height\":300,\"caption\":\"Secretaria de Educa\u00e7\u00e3o\"},\"image\":{\"@id\":\"https:\/\/www.manaus.am.gov.br\/semed\/#\/schema\/logo\/image\/\"}},{\"@type\":\"Person\",\"@id\":\"https:\/\/www.manaus.am.gov.br\/semed\/#\/schema\/person\/79525a47ac5902f50493820d995728ee\",\"name\":\"Imarketing Digital\",\"image\":{\"@type\":\"ImageObject\",\"inLanguage\":\"pt-BR\",\"@id\":\"https:\/\/www.manaus.am.gov.br\/semed\/#\/schema\/person\/image\/\",\"url\":\"https:\/\/secure.gravatar.com\/avatar\/03432d3c57b756ed9760f7019c815a3a?s=96&d=mm&r=g\",\"contentUrl\":\"https:\/\/secure.gravatar.com\/avatar\/03432d3c57b756ed9760f7019c815a3a?s=96&d=mm&r=g\",\"caption\":\"Imarketing Digital\"}}]}<\/script>\n<!-- \/ Yoast SEO plugin. -->","yoast_head_json":{"title":"Conselho Municipal de Educa\u00e7\u00e3o - SEMED","robots":{"index":"index","follow":"follow","max-snippet":"max-snippet:-1","max-image-preview":"max-image-preview:large","max-video-preview":"max-video-preview:-1"},"canonical":"https:\/\/www.manaus.am.gov.br\/semed\/cme\/","og_locale":"pt_BR","og_type":"article","og_title":"Conselho Municipal de Educa\u00e7\u00e3o - SEMED","og_url":"https:\/\/www.manaus.am.gov.br\/semed\/cme\/","og_site_name":"SEMED","article_modified_time":"2026-03-23T19:39:03+00:00","og_image":[{"url":"https:\/\/www.manaus.am.gov.br\/semed\/wp-content\/uploads\/sites\/3\/2026\/03\/ConviteEscolaRegularizada.jpeg"}],"twitter_card":"summary_large_image","twitter_misc":{"Est. reading time":"2 minutos"},"schema":{"@context":"https:\/\/schema.org","@graph":[{"@type":"Article","@id":"https:\/\/www.manaus.am.gov.br\/semed\/cme\/#article","isPartOf":{"@id":"https:\/\/www.manaus.am.gov.br\/semed\/cme\/"},"author":{"name":"Imarketing Digital","@id":"https:\/\/www.manaus.am.gov.br\/semed\/#\/schema\/person\/79525a47ac5902f50493820d995728ee"},"headline":"Conselho Municipal de Educa\u00e7\u00e3o","datePublished":"2022-10-19T23:21:02+00:00","dateModified":"2026-03-23T19:39:03+00:00","mainEntityOfPage":{"@id":"https:\/\/www.manaus.am.gov.br\/semed\/cme\/"},"wordCount":335,"publisher":{"@id":"https:\/\/www.manaus.am.gov.br\/semed\/#organization"},"image":{"@id":"https:\/\/www.manaus.am.gov.br\/semed\/cme\/#primaryimage"},"thumbnailUrl":"https:\/\/www.manaus.am.gov.br\/semed\/wp-content\/uploads\/sites\/3\/2026\/03\/ConviteEscolaRegularizada.jpeg","inLanguage":"pt-BR"},{"@type":"WebPage","@id":"https:\/\/www.manaus.am.gov.br\/semed\/cme\/","url":"https:\/\/www.manaus.am.gov.br\/semed\/cme\/","name":"Conselho Municipal de Educa\u00e7\u00e3o - SEMED","isPartOf":{"@id":"https:\/\/www.manaus.am.gov.br\/semed\/#website"},"primaryImageOfPage":{"@id":"https:\/\/www.manaus.am.gov.br\/semed\/cme\/#primaryimage"},"image":{"@id":"https:\/\/www.manaus.am.gov.br\/semed\/cme\/#primaryimage"},"thumbnailUrl":"https:\/\/www.manaus.am.gov.br\/semed\/wp-content\/uploads\/sites\/3\/2026\/03\/ConviteEscolaRegularizada.jpeg","datePublished":"2022-10-19T23:21:02+00:00","dateModified":"2026-03-23T19:39:03+00:00","inLanguage":"pt-BR","potentialAction":[{"@type":"ReadAction","target":["https:\/\/www.manaus.am.gov.br\/semed\/cme\/"]}]},{"@type":"ImageObject","inLanguage":"pt-BR","@id":"https:\/\/www.manaus.am.gov.br\/semed\/cme\/#primaryimage","url":"https:\/\/www.manaus.am.gov.br\/semed\/wp-content\/uploads\/sites\/3\/2026\/03\/ConviteEscolaRegularizada.jpeg","contentUrl":"https:\/\/www.manaus.am.gov.br\/semed\/wp-content\/uploads\/sites\/3\/2026\/03\/ConviteEscolaRegularizada.jpeg","width":1280,"height":901},{"@type":"WebSite","@id":"https:\/\/www.manaus.am.gov.br\/semed\/#website","url":"https:\/\/www.manaus.am.gov.br\/semed\/","name":"Secretaria Municipal de Educa\u00e7\u00e3o","description":"Secretaria Municipal de Educa\u00e7\u00e3o","publisher":{"@id":"https:\/\/www.manaus.am.gov.br\/semed\/#organization"},"alternateName":"SEMED","potentialAction":[{"@type":"SearchAction","target":{"@type":"EntryPoint","urlTemplate":"https:\/\/www.manaus.am.gov.br\/semed\/?s={search_term_string}"},"query-input":"required name=search_term_string"}],"inLanguage":"pt-BR"},{"@type":"Organization","@id":"https:\/\/www.manaus.am.gov.br\/semed\/#organization","name":"Secretaria de Educa\u00e7\u00e3o","alternateName":"SEMED","url":"https:\/\/www.manaus.am.gov.br\/semed\/","logo":{"@type":"ImageObject","inLanguage":"pt-BR","@id":"https:\/\/www.manaus.am.gov.br\/semed\/#\/schema\/logo\/image\/","url":"https:\/\/www.manaus.am.gov.br\/semed\/wp-content\/uploads\/sites\/3\/2022\/11\/favicon.png","contentUrl":"https:\/\/www.manaus.am.gov.br\/semed\/wp-content\/uploads\/sites\/3\/2022\/11\/favicon.png","width":300,"height":300,"caption":"Secretaria de Educa\u00e7\u00e3o"},"image":{"@id":"https:\/\/www.manaus.am.gov.br\/semed\/#\/schema\/logo\/image\/"}},{"@type":"Person","@id":"https:\/\/www.manaus.am.gov.br\/semed\/#\/schema\/person\/79525a47ac5902f50493820d995728ee","name":"Imarketing Digital","image":{"@type":"ImageObject","inLanguage":"pt-BR","@id":"https:\/\/www.manaus.am.gov.br\/semed\/#\/schema\/person\/image\/","url":"https:\/\/secure.gravatar.com\/avatar\/03432d3c57b756ed9760f7019c815a3a?s=96&d=mm&r=g","contentUrl":"https:\/\/secure.gravatar.com\/avatar\/03432d3c57b756ed9760f7019c815a3a?s=96&d=mm&r=g","caption":"Imarketing Digital"}}]}},"_links":{"self":[{"href":"https:\/\/www.manaus.am.gov.br\/semed\/wp-json\/wp\/v2\/pages\/271"}],"collection":[{"href":"https:\/\/www.manaus.am.gov.br\/semed\/wp-json\/wp\/v2\/pages"}],"about":[{"href":"https:\/\/www.manaus.am.gov.br\/semed\/wp-json\/wp\/v2\/types\/page"}],"author":[{"embeddable":true,"href":"https:\/\/www.manaus.am.gov.br\/semed\/wp-json\/wp\/v2\/users\/27"}],"replies":[{"embeddable":true,"href":"https:\/\/www.manaus.am.gov.br\/semed\/wp-json\/wp\/v2\/comments?post=271"}],"version-history":[{"count":15,"href":"https:\/\/www.manaus.am.gov.br\/semed\/wp-json\/wp\/v2\/pages\/271\/revisions"}],"predecessor-version":[{"id":11237,"href":"https:\/\/www.manaus.am.gov.br\/semed\/wp-json\/wp\/v2\/pages\/271\/revisions\/11237"}],"wp:attachment":[{"href":"https:\/\/www.manaus.am.gov.br\/semed\/wp-json\/wp\/v2\/media?parent=271"}],"curies":[{"name":"wp","href":"https:\/\/api.w.org\/{rel}","templated":true}]}}