{"id":2150,"date":"2023-03-20T17:03:35","date_gmt":"2023-03-20T21:03:35","guid":{"rendered":"https:\/\/www.manaus.am.gov.br\/semed\/?page_id=2150"},"modified":"2023-12-01T15:38:35","modified_gmt":"2023-12-01T19:38:35","slug":"programa-viajando-na-leitura","status":"publish","type":"page","link":"https:\/\/www.manaus.am.gov.br\/semed\/programa-viajando-na-leitura\/","title":{"rendered":"Programa Viajando na Leitura"},"content":{"rendered":"\n<p>O Programa Viajando na Leitura cria condi\u00e7\u00f5es para a melhoria dos \u00edndices de aproveitamento de ensino apontados nas avalia\u00e7\u00f5es escolares, que deve favorecer o desenvolvimento e a consolida\u00e7\u00e3o do h\u00e1bito da leitura por meio de v\u00e1rias a\u00e7\u00f5es: Hora da Leitura (2\u00ba ao 9\u00ba ano); Dia da Leitura no Munic\u00edpio de Manaus (11 de junho); Concurso de Desenho e Reda\u00e7\u00e3o; Encontro Municipal de Leitura; participa\u00e7\u00e3o em Feiras de Livros; Almanaque do Programa Viajando na Leitura; al\u00e9m de espa\u00e7os privilegiados de acesso \u00e0 leitura; amplia\u00e7\u00e3o do acervo e forma\u00e7\u00e3o espec\u00edfica na \u00e1rea.<\/p>\n\n\n\n<h3 class=\"wp-block-heading\">Projeto Legado Liter\u00e1rio<\/h3>\n\n\n\n<p>A Base Nacional Comum Curricular &#8211; BNCC, assim como, o Curr\u00edculo Escolar Municipal &#8211; CEM, apresentam como uma das Compet\u00eancias Espec\u00edficas do Componente Curricular L\u00edngua Portuguesa a import\u00e2ncia da leitura, escuta e produ\u00e7\u00e3o de textos orais, escritos e multissemi\u00f3ticos que circulam em diferentes campos de atua\u00e7\u00e3o e m\u00eddias.&nbsp; Sendo assim, deve-se desenvolver &nbsp; a compreens\u00e3o, autonomia, flu\u00eancia e criticidade, de modo que os estudantes expressem e partilhem informa\u00e7\u00f5es, experi\u00eancias, ideias e sentimentos e continuem aprendendo para o dom\u00ednio da l\u00edngua materna.&nbsp;<\/p>\n\n\n\n<p>A Divis\u00e3o de Ensino Fundamental &#8211; DEF, apresenta o Projeto Legado Liter\u00e1rio que tem como premissa o incentivo \u00e0 leitura e produ\u00e7\u00e3o textual no Ensino Fundamental, uma a\u00e7\u00e3o do Programa Viajando na Leitura que objetiva incentivar o protagonismo dos estudantes e professores, evidenciando produ\u00e7\u00f5es textuais para o E-book Tecendo Letras.<\/p>\n\n\n\n<p><strong>A\u00e7\u00f5es do Projeto Legado Liter\u00e1rio<\/strong><\/p>\n\n\n\n<p><strong>Concurso Tecendo Letras<\/strong><\/p>\n\n\n\n<ul>\n<li>Estudantes: 4\u00ba, 5\u00ba, 8\u00ba, 9\u00ba Ano.&nbsp;<\/li>\n\n\n\n<li>Professores.<\/li>\n<\/ul>\n\n\n\n<p><strong>E-book Tecendo Letras.<\/strong><\/p>\n\n\n\n<ul>\n<li>Biblioteca Digital da SEMED.<\/li>\n<\/ul>\n\n\n\n<p><strong>Informa\u00e7\u00f5es:&nbsp;<\/strong>legadoliterario@semed.manaus.am.gov.br<\/p>\n\n\n\n<p><strong><a href=\"https:\/\/classroom.google.com\/c\/NTM1NzUxMzE2NjQ4?cjc=25qdibh\" target=\"_blank\" rel=\"noreferrer noopener\">Sala google<\/a><\/strong><\/p>\n\n\n\n<p><strong><a href=\"https:\/\/forms.gle\/jnLUYDcCwRQCvQdAA\" target=\"_blank\" rel=\"noreferrer noopener\">Inscri\u00e7\u00e3o<\/a> <\/strong><\/p>\n\n\n\n<p><strong>Per\u00edodo de inscri\u00e7\u00e3o<\/strong>: 05\/06 a 19\/06\/2023.<\/p>\n\n\n\n<p><strong><a href=\"https:\/\/www.manaus.am.gov.br\/semed\/wp-content\/uploads\/sites\/3\/2023\/06\/Projeto-Legado-Literario-.docx.pdf\" target=\"_blank\" rel=\"noreferrer noopener\">Projeto Legado Liter\u00e1rio<\/a><\/strong><\/p>\n\n\n\n<p><a href=\"https:\/\/www.manaus.am.gov.br\/semed\/wp-content\/uploads\/sites\/3\/2023\/06\/Regulamento-do-Concurso-Tecendo-Letras-.docx.pdf\" target=\"_blank\" rel=\"noreferrer noopener\"><strong>Regulamento do Concurso Legado Liter\u00e1rio<\/strong><\/a><\/p>\n\n\n\n<p><\/p>\n\n\n\n<p><a href=\"https:\/\/www.manaus.am.gov.br\/semed\/wp-content\/uploads\/sites\/3\/2023\/12\/PREMIADOS-LEGADO-LITERARIO.pdf\"><strong>Confira aqui a lista de vencedores<\/strong><\/a><\/p>\n","protected":false},"excerpt":{"rendered":"","protected":false},"author":27,"featured_media":0,"parent":0,"menu_order":0,"comment_status":"closed","ping_status":"closed","template":"page_servicos_menu.php","meta":{"footnotes":""},"acf":[],"yoast_head":"<!-- This site is optimized with the Yoast SEO plugin v23.0 - https:\/\/yoast.com\/wordpress\/plugins\/seo\/ -->\n<title>Programa Viajando na Leitura - SEMED<\/title>\n<meta name=\"robots\" content=\"index, follow, max-snippet:-1, max-image-preview:large, max-video-preview:-1\" \/>\n<link rel=\"canonical\" href=\"https:\/\/www.manaus.am.gov.br\/semed\/programa-viajando-na-leitura\/\" \/>\n<meta property=\"og:locale\" content=\"pt_BR\" \/>\n<meta property=\"og:type\" content=\"article\" \/>\n<meta property=\"og:title\" content=\"Programa Viajando na Leitura - SEMED\" \/>\n<meta property=\"og:url\" content=\"https:\/\/www.manaus.am.gov.br\/semed\/programa-viajando-na-leitura\/\" \/>\n<meta property=\"og:site_name\" content=\"SEMED\" \/>\n<meta property=\"article:modified_time\" content=\"2023-12-01T19:38:35+00:00\" \/>\n<meta property=\"og:image\" content=\"https:\/\/www.manaus.am.gov.br\/semed\/wp-content\/uploads\/sites\/3\/2024\/07\/thumb-default-2.png\" \/>\n\t<meta property=\"og:image:width\" content=\"966\" \/>\n\t<meta property=\"og:image:height\" content=\"520\" \/>\n\t<meta property=\"og:image:type\" content=\"image\/png\" \/>\n<meta name=\"twitter:card\" content=\"summary_large_image\" \/>\n<meta name=\"twitter:label1\" content=\"Est. reading time\" \/>\n\t<meta name=\"twitter:data1\" content=\"2 minutos\" \/>\n<script type=\"application\/ld+json\" class=\"yoast-schema-graph\">{\"@context\":\"https:\/\/schema.org\",\"@graph\":[{\"@type\":\"Article\",\"@id\":\"https:\/\/www.manaus.am.gov.br\/semed\/programa-viajando-na-leitura\/#article\",\"isPartOf\":{\"@id\":\"https:\/\/www.manaus.am.gov.br\/semed\/programa-viajando-na-leitura\/\"},\"author\":{\"name\":\"Imarketing Digital\",\"@id\":\"https:\/\/www.manaus.am.gov.br\/semed\/#\/schema\/person\/79525a47ac5902f50493820d995728ee\"},\"headline\":\"Programa Viajando na Leitura\",\"datePublished\":\"2023-03-20T21:03:35+00:00\",\"dateModified\":\"2023-12-01T19:38:35+00:00\",\"mainEntityOfPage\":{\"@id\":\"https:\/\/www.manaus.am.gov.br\/semed\/programa-viajando-na-leitura\/\"},\"wordCount\":316,\"publisher\":{\"@id\":\"https:\/\/www.manaus.am.gov.br\/semed\/#organization\"},\"inLanguage\":\"pt-BR\"},{\"@type\":\"WebPage\",\"@id\":\"https:\/\/www.manaus.am.gov.br\/semed\/programa-viajando-na-leitura\/\",\"url\":\"https:\/\/www.manaus.am.gov.br\/semed\/programa-viajando-na-leitura\/\",\"name\":\"Programa Viajando na Leitura - SEMED\",\"isPartOf\":{\"@id\":\"https:\/\/www.manaus.am.gov.br\/semed\/#website\"},\"datePublished\":\"2023-03-20T21:03:35+00:00\",\"dateModified\":\"2023-12-01T19:38:35+00:00\",\"inLanguage\":\"pt-BR\",\"potentialAction\":[{\"@type\":\"ReadAction\",\"target\":[\"https:\/\/www.manaus.am.gov.br\/semed\/programa-viajando-na-leitura\/\"]}]},{\"@type\":\"WebSite\",\"@id\":\"https:\/\/www.manaus.am.gov.br\/semed\/#website\",\"url\":\"https:\/\/www.manaus.am.gov.br\/semed\/\",\"name\":\"Secretaria Municipal de Educa\u00e7\u00e3o\",\"description\":\"Secretaria Municipal de Educa\u00e7\u00e3o\",\"publisher\":{\"@id\":\"https:\/\/www.manaus.am.gov.br\/semed\/#organization\"},\"alternateName\":\"SEMED\",\"potentialAction\":[{\"@type\":\"SearchAction\",\"target\":{\"@type\":\"EntryPoint\",\"urlTemplate\":\"https:\/\/www.manaus.am.gov.br\/semed\/?s={search_term_string}\"},\"query-input\":\"required name=search_term_string\"}],\"inLanguage\":\"pt-BR\"},{\"@type\":\"Organization\",\"@id\":\"https:\/\/www.manaus.am.gov.br\/semed\/#organization\",\"name\":\"Secretaria de Educa\u00e7\u00e3o\",\"alternateName\":\"SEMED\",\"url\":\"https:\/\/www.manaus.am.gov.br\/semed\/\",\"logo\":{\"@type\":\"ImageObject\",\"inLanguage\":\"pt-BR\",\"@id\":\"https:\/\/www.manaus.am.gov.br\/semed\/#\/schema\/logo\/image\/\",\"url\":\"https:\/\/www.manaus.am.gov.br\/semed\/wp-content\/uploads\/sites\/3\/2022\/11\/favicon.png\",\"contentUrl\":\"https:\/\/www.manaus.am.gov.br\/semed\/wp-content\/uploads\/sites\/3\/2022\/11\/favicon.png\",\"width\":300,\"height\":300,\"caption\":\"Secretaria de Educa\u00e7\u00e3o\"},\"image\":{\"@id\":\"https:\/\/www.manaus.am.gov.br\/semed\/#\/schema\/logo\/image\/\"}},{\"@type\":\"Person\",\"@id\":\"https:\/\/www.manaus.am.gov.br\/semed\/#\/schema\/person\/79525a47ac5902f50493820d995728ee\",\"name\":\"Imarketing Digital\",\"image\":{\"@type\":\"ImageObject\",\"inLanguage\":\"pt-BR\",\"@id\":\"https:\/\/www.manaus.am.gov.br\/semed\/#\/schema\/person\/image\/\",\"url\":\"https:\/\/secure.gravatar.com\/avatar\/03432d3c57b756ed9760f7019c815a3a?s=96&d=mm&r=g\",\"contentUrl\":\"https:\/\/secure.gravatar.com\/avatar\/03432d3c57b756ed9760f7019c815a3a?s=96&d=mm&r=g\",\"caption\":\"Imarketing Digital\"}}]}<\/script>\n<!-- \/ Yoast SEO plugin. -->","yoast_head_json":{"title":"Programa Viajando na Leitura - SEMED","robots":{"index":"index","follow":"follow","max-snippet":"max-snippet:-1","max-image-preview":"max-image-preview:large","max-video-preview":"max-video-preview:-1"},"canonical":"https:\/\/www.manaus.am.gov.br\/semed\/programa-viajando-na-leitura\/","og_locale":"pt_BR","og_type":"article","og_title":"Programa Viajando na Leitura - SEMED","og_url":"https:\/\/www.manaus.am.gov.br\/semed\/programa-viajando-na-leitura\/","og_site_name":"SEMED","article_modified_time":"2023-12-01T19:38:35+00:00","og_image":[{"width":966,"height":520,"url":"https:\/\/www.manaus.am.gov.br\/semed\/wp-content\/uploads\/sites\/3\/2024\/07\/thumb-default-2.png","type":"image\/png"}],"twitter_card":"summary_large_image","twitter_misc":{"Est. reading time":"2 minutos"},"schema":{"@context":"https:\/\/schema.org","@graph":[{"@type":"Article","@id":"https:\/\/www.manaus.am.gov.br\/semed\/programa-viajando-na-leitura\/#article","isPartOf":{"@id":"https:\/\/www.manaus.am.gov.br\/semed\/programa-viajando-na-leitura\/"},"author":{"name":"Imarketing Digital","@id":"https:\/\/www.manaus.am.gov.br\/semed\/#\/schema\/person\/79525a47ac5902f50493820d995728ee"},"headline":"Programa Viajando na Leitura","datePublished":"2023-03-20T21:03:35+00:00","dateModified":"2023-12-01T19:38:35+00:00","mainEntityOfPage":{"@id":"https:\/\/www.manaus.am.gov.br\/semed\/programa-viajando-na-leitura\/"},"wordCount":316,"publisher":{"@id":"https:\/\/www.manaus.am.gov.br\/semed\/#organization"},"inLanguage":"pt-BR"},{"@type":"WebPage","@id":"https:\/\/www.manaus.am.gov.br\/semed\/programa-viajando-na-leitura\/","url":"https:\/\/www.manaus.am.gov.br\/semed\/programa-viajando-na-leitura\/","name":"Programa Viajando na Leitura - SEMED","isPartOf":{"@id":"https:\/\/www.manaus.am.gov.br\/semed\/#website"},"datePublished":"2023-03-20T21:03:35+00:00","dateModified":"2023-12-01T19:38:35+00:00","inLanguage":"pt-BR","potentialAction":[{"@type":"ReadAction","target":["https:\/\/www.manaus.am.gov.br\/semed\/programa-viajando-na-leitura\/"]}]},{"@type":"WebSite","@id":"https:\/\/www.manaus.am.gov.br\/semed\/#website","url":"https:\/\/www.manaus.am.gov.br\/semed\/","name":"Secretaria Municipal de Educa\u00e7\u00e3o","description":"Secretaria Municipal de Educa\u00e7\u00e3o","publisher":{"@id":"https:\/\/www.manaus.am.gov.br\/semed\/#organization"},"alternateName":"SEMED","potentialAction":[{"@type":"SearchAction","target":{"@type":"EntryPoint","urlTemplate":"https:\/\/www.manaus.am.gov.br\/semed\/?s={search_term_string}"},"query-input":"required name=search_term_string"}],"inLanguage":"pt-BR"},{"@type":"Organization","@id":"https:\/\/www.manaus.am.gov.br\/semed\/#organization","name":"Secretaria de Educa\u00e7\u00e3o","alternateName":"SEMED","url":"https:\/\/www.manaus.am.gov.br\/semed\/","logo":{"@type":"ImageObject","inLanguage":"pt-BR","@id":"https:\/\/www.manaus.am.gov.br\/semed\/#\/schema\/logo\/image\/","url":"https:\/\/www.manaus.am.gov.br\/semed\/wp-content\/uploads\/sites\/3\/2022\/11\/favicon.png","contentUrl":"https:\/\/www.manaus.am.gov.br\/semed\/wp-content\/uploads\/sites\/3\/2022\/11\/favicon.png","width":300,"height":300,"caption":"Secretaria de Educa\u00e7\u00e3o"},"image":{"@id":"https:\/\/www.manaus.am.gov.br\/semed\/#\/schema\/logo\/image\/"}},{"@type":"Person","@id":"https:\/\/www.manaus.am.gov.br\/semed\/#\/schema\/person\/79525a47ac5902f50493820d995728ee","name":"Imarketing Digital","image":{"@type":"ImageObject","inLanguage":"pt-BR","@id":"https:\/\/www.manaus.am.gov.br\/semed\/#\/schema\/person\/image\/","url":"https:\/\/secure.gravatar.com\/avatar\/03432d3c57b756ed9760f7019c815a3a?s=96&d=mm&r=g","contentUrl":"https:\/\/secure.gravatar.com\/avatar\/03432d3c57b756ed9760f7019c815a3a?s=96&d=mm&r=g","caption":"Imarketing Digital"}}]}},"_links":{"self":[{"href":"https:\/\/www.manaus.am.gov.br\/semed\/wp-json\/wp\/v2\/pages\/2150"}],"collection":[{"href":"https:\/\/www.manaus.am.gov.br\/semed\/wp-json\/wp\/v2\/pages"}],"about":[{"href":"https:\/\/www.manaus.am.gov.br\/semed\/wp-json\/wp\/v2\/types\/page"}],"author":[{"embeddable":true,"href":"https:\/\/www.manaus.am.gov.br\/semed\/wp-json\/wp\/v2\/users\/27"}],"replies":[{"embeddable":true,"href":"https:\/\/www.manaus.am.gov.br\/semed\/wp-json\/wp\/v2\/comments?post=2150"}],"version-history":[{"count":8,"href":"https:\/\/www.manaus.am.gov.br\/semed\/wp-json\/wp\/v2\/pages\/2150\/revisions"}],"predecessor-version":[{"id":4307,"href":"https:\/\/www.manaus.am.gov.br\/semed\/wp-json\/wp\/v2\/pages\/2150\/revisions\/4307"}],"wp:attachment":[{"href":"https:\/\/www.manaus.am.gov.br\/semed\/wp-json\/wp\/v2\/media?parent=2150"}],"curies":[{"name":"wp","href":"https:\/\/api.w.org\/{rel}","templated":true}]}}