{"id":1748,"date":"2023-02-20T08:24:59","date_gmt":"2023-02-20T12:24:59","guid":{"rendered":"https:\/\/www.manaus.am.gov.br\/semed\/?page_id=1748"},"modified":"2023-03-22T19:59:01","modified_gmt":"2023-03-22T23:59:01","slug":"projeto-politico-pedagogico-ppp","status":"publish","type":"page","link":"https:\/\/www.manaus.am.gov.br\/semed\/projeto-politico-pedagogico-ppp\/","title":{"rendered":"PROJETO POL\u00cdTICO PEDAG\u00d3GICO &#8211; PPP"},"content":{"rendered":"\n<h2 class=\"wp-block-heading\">Textos de legisla\u00e7\u00e3o<\/h2>\n\n\n\n<p style=\"text-transform:uppercase\"><a href=\"https:\/\/www.manaus.am.gov.br\/semed\/wp-content\/uploads\/sites\/3\/2023\/02\/1.-Constituicao-da-Republica-Federativa-do-Brasil-de-1988.pdf\" target=\"_blank\" rel=\"noreferrer noopener\">1. Constitui\u00e7\u00e3o da Rep\u00fablica Federativa do Brasil de 1988<\/a><\/p>\n\n\n\n<p style=\"text-transform:uppercase\"><a href=\"https:\/\/www.manaus.am.gov.br\/semed\/wp-content\/uploads\/sites\/3\/2023\/02\/2.-Lei-9.394_96-Lei-de-Diretrizes-e-Bases-da-Educacao-Nacional-LDBEN.pdf\" target=\"_blank\" rel=\"noreferrer noopener\">2. Lei 9.394_96-Lei de Diretrizes e Bases da Educa\u00e7\u00e3o Nacional-LDBEN<\/a><\/p>\n\n\n\n<p style=\"text-transform:uppercase\"><a href=\"https:\/\/www.manaus.am.gov.br\/semed\/wp-content\/uploads\/sites\/3\/2023\/02\/3.-Resolucao_005_CME_2016-LDBEN-aplicavel-a-SEMED.pdf\" target=\"_blank\" rel=\"noreferrer noopener\">3. Resolu\u00e7\u00e3o_005_CME_2016-LDBEN aplic\u00e1vel \u00e0 SEMED<\/a><\/p>\n\n\n\n<p style=\"text-transform:uppercase\"><a href=\"https:\/\/www.manaus.am.gov.br\/semed\/wp-content\/uploads\/sites\/3\/2023\/02\/4.-Resolucao_038_CME_2015-Regimento-geral-das-unidades-de-ensino.pdf\" target=\"_blank\" rel=\"noreferrer noopener\">4. Resolu\u00e7\u00e3o_038_CME_2015-Regimento geral das unidades de ensino<\/a><\/p>\n\n\n\n<p style=\"text-transform:uppercase\"><a href=\"https:\/\/www.manaus.am.gov.br\/semed\/wp-content\/uploads\/sites\/3\/2023\/02\/5.-Resolucao_010_CME_2022-Criterios-para-a-elaboracao-do-PPP.pdf\" target=\"_blank\" rel=\"noreferrer noopener\">5. Resolu\u00e7\u00e3o_010_CME_2022-Crit\u00e9rios para a elabora\u00e7\u00e3o do PPP<\/a><\/p>\n\n\n\n<p style=\"text-transform:uppercase\"><a href=\"https:\/\/www.manaus.am.gov.br\/semed\/wp-content\/uploads\/sites\/3\/2023\/02\/6.-Resolucao_4_CEB_2010-Diretrizes-Curriculares-Nacionais-da-Educacao-Basica-DCNEB.pdf\" target=\"_blank\" rel=\"noreferrer noopener\">6. Resolu\u00e7\u00e3o_4_CEB_2010-Diretrizes Curriculares Nacionais da Educa\u00e7\u00e3o B\u00e1sica-DCNEB<\/a><\/p>\n\n\n\n<p style=\"text-transform:uppercase\"><a href=\"https:\/\/www.manaus.am.gov.br\/semed\/wp-content\/uploads\/sites\/3\/2023\/02\/7.-Resolucao-2_CNE_CEB_2017-Institui-a-Base-Nacional-Comum-Curricular-BNCC.pdf\" target=\"_blank\" rel=\"noreferrer noopener\">7. Resolu\u00e7\u00e3o 2_CNE_CEB_2017-Institui a Base Nacional Comum Curricular-BNCC<\/a><\/p>\n\n\n\n<p style=\"text-transform:uppercase\"><a href=\"https:\/\/www.manaus.am.gov.br\/semed\/wp-content\/uploads\/sites\/3\/2023\/02\/8.-Resolucao_098_CEE_AM_2019-Institui-o-Referencial-Curricular-Amazonense-RCA-2.pdf\" target=\"_blank\" rel=\"noreferrer noopener\">8. Resolu\u00e7\u00e3o_098_CEE_AM_2019-Institui o Referencial Curricular Amazonense-RCA-2<\/a><\/p>\n\n\n\n<p style=\"text-transform:uppercase\"><a href=\"https:\/\/www.manaus.am.gov.br\/semed\/wp-content\/uploads\/sites\/3\/2023\/02\/9.-Lei-Federal-13.005-de-25-de-junho-de-2014-Aprova-o-Plano-Nacional-de-Educacao.pdf\" target=\"_blank\" rel=\"noreferrer noopener\">9. Lei Federal 13.005, de 25 de junho de 2014-Aprova o Plano Nacional de Educa\u00e7\u00e3o<\/a><\/p>\n\n\n\n<p style=\"text-transform:uppercase\"><a href=\"https:\/\/www.manaus.am.gov.br\/semed\/wp-content\/uploads\/sites\/3\/2023\/02\/10.-Lei-Estadual-4.183-de-26-de-junho-de-2015-Institui-o-Plano-Estadual-de-Esducacao-do-Amazonas-PEE_AM_2.pdf\" target=\"_blank\" rel=\"noreferrer noopener\">10. Lei Estadual 4.183, de 26 de junho de 2015-Institui o Plano Estadual de Esduca\u00e7\u00e3o do Amazonas-PEE_AM_2<\/a><\/p>\n\n\n\n<p style=\"text-transform:uppercase\"><a href=\"https:\/\/www.manaus.am.gov.br\/semed\/wp-content\/uploads\/sites\/3\/2023\/02\/11.-Lei-2.000-2015-Plano-Municipal-de-Educacao.pdf\" target=\"_blank\" rel=\"noreferrer noopener\">11. Lei 2.000-2015-Plano Municipal de Educa\u00e7\u00e3o<\/a><\/p>\n\n\n\n<p style=\"text-transform:uppercase\"><a href=\"https:\/\/www.manaus.am.gov.br\/semed\/wp-content\/uploads\/sites\/3\/2023\/02\/12.-Resolucao_007_CME_2017-Diretrizes-para-a-Educacao-Infantil.pdf\" target=\"_blank\" rel=\"noreferrer noopener\">12. Resolu\u00e7\u00e3o_007_CME_2017-Diretrizes para a Educa\u00e7\u00e3o Infantil<\/a><\/p>\n\n\n\n<p style=\"text-transform:uppercase\"><a href=\"https:\/\/www.manaus.am.gov.br\/semed\/wp-content\/uploads\/sites\/3\/2023\/02\/13.-Resolucao_284_CME_2021-Normas-para-a-alfabetizacao-do-1o-ao-3o-ano.pdf\" target=\"_blank\" rel=\"noreferrer noopener\">13. Resolu\u00e7\u00e3o_284_CME_2021-Normas para a alfabetiza\u00e7\u00e3o do 1\u00ba ao 3\u00ba ano<\/a><\/p>\n\n\n\n<p style=\"text-transform:uppercase\"><a href=\"https:\/\/www.manaus.am.gov.br\/semed\/wp-content\/uploads\/sites\/3\/2023\/02\/14.-Lei-13.146-de-6-de-julho-de-2015-Institui-a-Lei-Brasileira-de-Inclusao-da-Pessoa-com-Deficiencia.pdf\" target=\"_blank\" rel=\"noreferrer noopener\">14. Lei 13.146, de 6 de julho de 2015-Institui a Lei Brasileira de Inclus\u00e3o da Pessoa com Defici\u00eancia<\/a><\/p>\n\n\n\n<p style=\"text-transform:uppercase\"><a href=\"https:\/\/www.manaus.am.gov.br\/semed\/wp-content\/uploads\/sites\/3\/2023\/02\/15.-Resolucao_11_CME_2016-Institui-procedimentos-e-orientacoes-para-a-Educacao-Especial.pdf\" target=\"_blank\" rel=\"noreferrer noopener\">15. Resolu\u00e7\u00e3o_11_CME_2016-Institui procedimentos e orienta\u00e7\u00f5es para a Educa\u00e7\u00e3o Especial<\/a><\/p>\n\n\n\n<h2 class=\"wp-block-heading\">Textos Ed. do campo<\/h2>\n\n\n\n<p style=\"text-transform:capitalize\"><a href=\"https:\/\/www.manaus.am.gov.br\/semed\/wp-content\/uploads\/sites\/3\/2023\/02\/2743-10082-1-SM.pdf\" target=\"_blank\" rel=\"noreferrer noopener\">2743-10082-1-SM<\/a><\/p>\n\n\n\n<p style=\"text-transform:capitalize\"><a href=\"https:\/\/www.manaus.am.gov.br\/semed\/wp-content\/uploads\/sites\/3\/2023\/02\/A-Construcao-do-Projeto-Politico.pdf\" target=\"_blank\" rel=\"noreferrer noopener\">A Constru\u00e7\u00e3o do Projeto Politico Pedag\u00f3gico<\/a><\/p>\n\n\n\n<p style=\"text-transform:capitalize\"><a href=\"https:\/\/www.manaus.am.gov.br\/semed\/wp-content\/uploads\/sites\/3\/2023\/02\/D26-Educacao-do-campo-analise-do-PPP-de-uma-escola-situada-na-Zona-Rural.pdf\" target=\"_blank\" rel=\"noreferrer noopener\">D26 \u2013 Educa\u00e7\u00e3o do Campo \u2013 An\u00e1lise do PPP de uma escola situada na Zona Rural<\/a><\/p>\n\n\n\n<p style=\"text-transform:capitalize\"><a href=\"https:\/\/www.manaus.am.gov.br\/semed\/wp-content\/uploads\/sites\/3\/2023\/02\/Educacao-do-campo-analise-do-PPP-de-uma-escola-situada-na-Zona-Rural.pdf\" target=\"_blank\" rel=\"noreferrer noopener\">Educa\u00e7\u00e3o do campo \u2013 An\u00e1lise do PPP de uma escola situada na Zona Rural<\/a><\/p>\n\n\n\n<p style=\"text-transform:capitalize\"><a href=\"https:\/\/www.manaus.am.gov.br\/semed\/wp-content\/uploads\/sites\/3\/2023\/02\/PPP-do-Campo.pdf\" target=\"_blank\" rel=\"noreferrer noopener\">PPP do Campo<\/a><\/p>\n\n\n\n<p style=\"text-transform:capitalize\"><a href=\"https:\/\/www.manaus.am.gov.br\/semed\/wp-content\/uploads\/sites\/3\/2023\/02\/Sueli-Defren.pdf\" target=\"_blank\" rel=\"noreferrer noopener\">Texto Base Sueli Defren<\/a><\/p>\n\n\n\n<h2 class=\"wp-block-heading\">Textos para estudo<\/h2>\n\n\n\n<p style=\"text-transform:capitalize\"><a href=\"https:\/\/www.manaus.am.gov.br\/semed\/wp-content\/uploads\/sites\/3\/2023\/02\/Livro_PPP.pdf\" target=\"_blank\" rel=\"noreferrer noopener\">Livro PPP<\/a><\/p>\n\n\n\n<p style=\"text-transform:capitalize\"><a href=\"https:\/\/www.manaus.am.gov.br\/semed\/wp-content\/uploads\/sites\/3\/2023\/02\/PPP-Apontamentos-para-o-planejamento-das-acoes-educativas.pdf\" target=\"_blank\" rel=\"noreferrer noopener\">PPP \u2013 Apontamentos para o planejamento das a\u00e7\u00f5es educativas<\/a><\/p>\n\n\n\n<p style=\"text-transform:capitalize\"><a href=\"https:\/\/www.manaus.am.gov.br\/semed\/wp-content\/uploads\/sites\/3\/2023\/02\/PPP-como-instrumento-de-reflexao-da-escola.pdf\" target=\"_blank\" rel=\"noreferrer noopener\">PPP como instrumento de reflex\u00e3o da escola<\/a><\/p>\n\n\n\n<p style=\"text-transform:capitalize\"><a href=\"https:\/\/www.manaus.am.gov.br\/semed\/wp-content\/uploads\/sites\/3\/2023\/02\/PPP-como-instrumento-de-reflexao-da-escola.pdf\" target=\"_blank\" rel=\"noreferrer noopener\">PPP Segundo Ilma Passos<\/a><\/p>\n\n\n\n<figure class=\"wp-block-embed is-type-wp-embed is-provider-comunidade-educativa-cedac wp-block-embed-comunidade-educativa-cedac\"><div class=\"wp-block-embed__wrapper\">\n<blockquote class=\"wp-embedded-content\" data-secret=\"yFs6lkJVuq\"><a href=\"https:\/\/comunidadeeducativa.org.br\/projeto-politico-pedagogico-orientacoes-para-o-gestor-escolar-entender-criar-e-revisar-o-ppp\/\">Projeto Pol\u00edtico Pedag\u00f3gico \u2013 Orienta\u00e7\u00f5es para o gestor escolar entender, criar e revisar o PPP<\/a><\/blockquote><iframe class=\"wp-embedded-content\" sandbox=\"allow-scripts\" security=\"restricted\" style=\"position: absolute; clip: rect(1px, 1px, 1px, 1px);\" title=\"&#8220;Projeto Pol\u00edtico Pedag\u00f3gico \u2013 Orienta\u00e7\u00f5es para o gestor escolar entender, criar e revisar o PPP&#8221; &#8212; Comunidade Educativa - CEDAC\" src=\"https:\/\/comunidadeeducativa.org.br\/projeto-politico-pedagogico-orientacoes-para-o-gestor-escolar-entender-criar-e-revisar-o-ppp\/embed\/#?secret=4HzNiQw2pU#?secret=yFs6lkJVuq\" data-secret=\"yFs6lkJVuq\" width=\"500\" height=\"282\" frameborder=\"0\" marginwidth=\"0\" marginheight=\"0\" scrolling=\"no\"><\/iframe>\n<\/div><\/figure>\n","protected":false},"excerpt":{"rendered":"","protected":false},"author":27,"featured_media":0,"parent":0,"menu_order":0,"comment_status":"closed","ping_status":"closed","template":"page_servicos.php","meta":{"footnotes":""},"acf":[],"yoast_head":"<!-- This site is optimized with the Yoast SEO plugin v23.0 - https:\/\/yoast.com\/wordpress\/plugins\/seo\/ -->\n<title>PROJETO POL\u00cdTICO PEDAG\u00d3GICO - PPP - SEMED<\/title>\n<meta name=\"robots\" content=\"index, follow, max-snippet:-1, max-image-preview:large, max-video-preview:-1\" \/>\n<link rel=\"canonical\" href=\"https:\/\/www.manaus.am.gov.br\/semed\/projeto-politico-pedagogico-ppp\/\" \/>\n<meta property=\"og:locale\" content=\"pt_BR\" \/>\n<meta property=\"og:type\" content=\"article\" \/>\n<meta property=\"og:title\" content=\"PROJETO POL\u00cdTICO PEDAG\u00d3GICO - PPP - SEMED\" \/>\n<meta property=\"og:url\" content=\"https:\/\/www.manaus.am.gov.br\/semed\/projeto-politico-pedagogico-ppp\/\" \/>\n<meta property=\"og:site_name\" content=\"SEMED\" \/>\n<meta property=\"article:modified_time\" content=\"2023-03-22T23:59:01+00:00\" \/>\n<meta property=\"og:image\" content=\"https:\/\/www.manaus.am.gov.br\/semed\/wp-content\/uploads\/sites\/3\/2024\/07\/thumb-default-2.png\" \/>\n\t<meta property=\"og:image:width\" content=\"966\" \/>\n\t<meta property=\"og:image:height\" content=\"520\" \/>\n\t<meta property=\"og:image:type\" content=\"image\/png\" \/>\n<meta name=\"twitter:card\" content=\"summary_large_image\" \/>\n<meta name=\"twitter:label1\" content=\"Est. reading time\" \/>\n\t<meta name=\"twitter:data1\" content=\"2 minutos\" \/>\n<script type=\"application\/ld+json\" class=\"yoast-schema-graph\">{\"@context\":\"https:\/\/schema.org\",\"@graph\":[{\"@type\":\"Article\",\"@id\":\"https:\/\/www.manaus.am.gov.br\/semed\/projeto-politico-pedagogico-ppp\/#article\",\"isPartOf\":{\"@id\":\"https:\/\/www.manaus.am.gov.br\/semed\/projeto-politico-pedagogico-ppp\/\"},\"author\":{\"name\":\"Imarketing Digital\",\"@id\":\"https:\/\/www.manaus.am.gov.br\/semed\/#\/schema\/person\/79525a47ac5902f50493820d995728ee\"},\"headline\":\"PROJETO POL\u00cdTICO PEDAG\u00d3GICO &#8211; PPP\",\"datePublished\":\"2023-02-20T12:24:59+00:00\",\"dateModified\":\"2023-03-22T23:59:01+00:00\",\"mainEntityOfPage\":{\"@id\":\"https:\/\/www.manaus.am.gov.br\/semed\/projeto-politico-pedagogico-ppp\/\"},\"wordCount\":257,\"publisher\":{\"@id\":\"https:\/\/www.manaus.am.gov.br\/semed\/#organization\"},\"inLanguage\":\"pt-BR\"},{\"@type\":\"WebPage\",\"@id\":\"https:\/\/www.manaus.am.gov.br\/semed\/projeto-politico-pedagogico-ppp\/\",\"url\":\"https:\/\/www.manaus.am.gov.br\/semed\/projeto-politico-pedagogico-ppp\/\",\"name\":\"PROJETO POL\u00cdTICO PEDAG\u00d3GICO - PPP - SEMED\",\"isPartOf\":{\"@id\":\"https:\/\/www.manaus.am.gov.br\/semed\/#website\"},\"datePublished\":\"2023-02-20T12:24:59+00:00\",\"dateModified\":\"2023-03-22T23:59:01+00:00\",\"inLanguage\":\"pt-BR\",\"potentialAction\":[{\"@type\":\"ReadAction\",\"target\":[\"https:\/\/www.manaus.am.gov.br\/semed\/projeto-politico-pedagogico-ppp\/\"]}]},{\"@type\":\"WebSite\",\"@id\":\"https:\/\/www.manaus.am.gov.br\/semed\/#website\",\"url\":\"https:\/\/www.manaus.am.gov.br\/semed\/\",\"name\":\"Secretaria Municipal de Educa\u00e7\u00e3o\",\"description\":\"Secretaria Municipal de Educa\u00e7\u00e3o\",\"publisher\":{\"@id\":\"https:\/\/www.manaus.am.gov.br\/semed\/#organization\"},\"alternateName\":\"SEMED\",\"potentialAction\":[{\"@type\":\"SearchAction\",\"target\":{\"@type\":\"EntryPoint\",\"urlTemplate\":\"https:\/\/www.manaus.am.gov.br\/semed\/?s={search_term_string}\"},\"query-input\":\"required name=search_term_string\"}],\"inLanguage\":\"pt-BR\"},{\"@type\":\"Organization\",\"@id\":\"https:\/\/www.manaus.am.gov.br\/semed\/#organization\",\"name\":\"Secretaria de Educa\u00e7\u00e3o\",\"alternateName\":\"SEMED\",\"url\":\"https:\/\/www.manaus.am.gov.br\/semed\/\",\"logo\":{\"@type\":\"ImageObject\",\"inLanguage\":\"pt-BR\",\"@id\":\"https:\/\/www.manaus.am.gov.br\/semed\/#\/schema\/logo\/image\/\",\"url\":\"https:\/\/www.manaus.am.gov.br\/semed\/wp-content\/uploads\/sites\/3\/2022\/11\/favicon.png\",\"contentUrl\":\"https:\/\/www.manaus.am.gov.br\/semed\/wp-content\/uploads\/sites\/3\/2022\/11\/favicon.png\",\"width\":300,\"height\":300,\"caption\":\"Secretaria de Educa\u00e7\u00e3o\"},\"image\":{\"@id\":\"https:\/\/www.manaus.am.gov.br\/semed\/#\/schema\/logo\/image\/\"}},{\"@type\":\"Person\",\"@id\":\"https:\/\/www.manaus.am.gov.br\/semed\/#\/schema\/person\/79525a47ac5902f50493820d995728ee\",\"name\":\"Imarketing Digital\",\"image\":{\"@type\":\"ImageObject\",\"inLanguage\":\"pt-BR\",\"@id\":\"https:\/\/www.manaus.am.gov.br\/semed\/#\/schema\/person\/image\/\",\"url\":\"https:\/\/secure.gravatar.com\/avatar\/03432d3c57b756ed9760f7019c815a3a?s=96&d=mm&r=g\",\"contentUrl\":\"https:\/\/secure.gravatar.com\/avatar\/03432d3c57b756ed9760f7019c815a3a?s=96&d=mm&r=g\",\"caption\":\"Imarketing Digital\"}}]}<\/script>\n<!-- \/ Yoast SEO plugin. -->","yoast_head_json":{"title":"PROJETO POL\u00cdTICO PEDAG\u00d3GICO - PPP - SEMED","robots":{"index":"index","follow":"follow","max-snippet":"max-snippet:-1","max-image-preview":"max-image-preview:large","max-video-preview":"max-video-preview:-1"},"canonical":"https:\/\/www.manaus.am.gov.br\/semed\/projeto-politico-pedagogico-ppp\/","og_locale":"pt_BR","og_type":"article","og_title":"PROJETO POL\u00cdTICO PEDAG\u00d3GICO - PPP - SEMED","og_url":"https:\/\/www.manaus.am.gov.br\/semed\/projeto-politico-pedagogico-ppp\/","og_site_name":"SEMED","article_modified_time":"2023-03-22T23:59:01+00:00","og_image":[{"width":966,"height":520,"url":"https:\/\/www.manaus.am.gov.br\/semed\/wp-content\/uploads\/sites\/3\/2024\/07\/thumb-default-2.png","type":"image\/png"}],"twitter_card":"summary_large_image","twitter_misc":{"Est. reading time":"2 minutos"},"schema":{"@context":"https:\/\/schema.org","@graph":[{"@type":"Article","@id":"https:\/\/www.manaus.am.gov.br\/semed\/projeto-politico-pedagogico-ppp\/#article","isPartOf":{"@id":"https:\/\/www.manaus.am.gov.br\/semed\/projeto-politico-pedagogico-ppp\/"},"author":{"name":"Imarketing Digital","@id":"https:\/\/www.manaus.am.gov.br\/semed\/#\/schema\/person\/79525a47ac5902f50493820d995728ee"},"headline":"PROJETO POL\u00cdTICO PEDAG\u00d3GICO &#8211; PPP","datePublished":"2023-02-20T12:24:59+00:00","dateModified":"2023-03-22T23:59:01+00:00","mainEntityOfPage":{"@id":"https:\/\/www.manaus.am.gov.br\/semed\/projeto-politico-pedagogico-ppp\/"},"wordCount":257,"publisher":{"@id":"https:\/\/www.manaus.am.gov.br\/semed\/#organization"},"inLanguage":"pt-BR"},{"@type":"WebPage","@id":"https:\/\/www.manaus.am.gov.br\/semed\/projeto-politico-pedagogico-ppp\/","url":"https:\/\/www.manaus.am.gov.br\/semed\/projeto-politico-pedagogico-ppp\/","name":"PROJETO POL\u00cdTICO PEDAG\u00d3GICO - PPP - SEMED","isPartOf":{"@id":"https:\/\/www.manaus.am.gov.br\/semed\/#website"},"datePublished":"2023-02-20T12:24:59+00:00","dateModified":"2023-03-22T23:59:01+00:00","inLanguage":"pt-BR","potentialAction":[{"@type":"ReadAction","target":["https:\/\/www.manaus.am.gov.br\/semed\/projeto-politico-pedagogico-ppp\/"]}]},{"@type":"WebSite","@id":"https:\/\/www.manaus.am.gov.br\/semed\/#website","url":"https:\/\/www.manaus.am.gov.br\/semed\/","name":"Secretaria Municipal de Educa\u00e7\u00e3o","description":"Secretaria Municipal de Educa\u00e7\u00e3o","publisher":{"@id":"https:\/\/www.manaus.am.gov.br\/semed\/#organization"},"alternateName":"SEMED","potentialAction":[{"@type":"SearchAction","target":{"@type":"EntryPoint","urlTemplate":"https:\/\/www.manaus.am.gov.br\/semed\/?s={search_term_string}"},"query-input":"required name=search_term_string"}],"inLanguage":"pt-BR"},{"@type":"Organization","@id":"https:\/\/www.manaus.am.gov.br\/semed\/#organization","name":"Secretaria de Educa\u00e7\u00e3o","alternateName":"SEMED","url":"https:\/\/www.manaus.am.gov.br\/semed\/","logo":{"@type":"ImageObject","inLanguage":"pt-BR","@id":"https:\/\/www.manaus.am.gov.br\/semed\/#\/schema\/logo\/image\/","url":"https:\/\/www.manaus.am.gov.br\/semed\/wp-content\/uploads\/sites\/3\/2022\/11\/favicon.png","contentUrl":"https:\/\/www.manaus.am.gov.br\/semed\/wp-content\/uploads\/sites\/3\/2022\/11\/favicon.png","width":300,"height":300,"caption":"Secretaria de Educa\u00e7\u00e3o"},"image":{"@id":"https:\/\/www.manaus.am.gov.br\/semed\/#\/schema\/logo\/image\/"}},{"@type":"Person","@id":"https:\/\/www.manaus.am.gov.br\/semed\/#\/schema\/person\/79525a47ac5902f50493820d995728ee","name":"Imarketing Digital","image":{"@type":"ImageObject","inLanguage":"pt-BR","@id":"https:\/\/www.manaus.am.gov.br\/semed\/#\/schema\/person\/image\/","url":"https:\/\/secure.gravatar.com\/avatar\/03432d3c57b756ed9760f7019c815a3a?s=96&d=mm&r=g","contentUrl":"https:\/\/secure.gravatar.com\/avatar\/03432d3c57b756ed9760f7019c815a3a?s=96&d=mm&r=g","caption":"Imarketing Digital"}}]}},"_links":{"self":[{"href":"https:\/\/www.manaus.am.gov.br\/semed\/wp-json\/wp\/v2\/pages\/1748"}],"collection":[{"href":"https:\/\/www.manaus.am.gov.br\/semed\/wp-json\/wp\/v2\/pages"}],"about":[{"href":"https:\/\/www.manaus.am.gov.br\/semed\/wp-json\/wp\/v2\/types\/page"}],"author":[{"embeddable":true,"href":"https:\/\/www.manaus.am.gov.br\/semed\/wp-json\/wp\/v2\/users\/27"}],"replies":[{"embeddable":true,"href":"https:\/\/www.manaus.am.gov.br\/semed\/wp-json\/wp\/v2\/comments?post=1748"}],"version-history":[{"count":8,"href":"https:\/\/www.manaus.am.gov.br\/semed\/wp-json\/wp\/v2\/pages\/1748\/revisions"}],"predecessor-version":[{"id":2440,"href":"https:\/\/www.manaus.am.gov.br\/semed\/wp-json\/wp\/v2\/pages\/1748\/revisions\/2440"}],"wp:attachment":[{"href":"https:\/\/www.manaus.am.gov.br\/semed\/wp-json\/wp\/v2\/media?parent=1748"}],"curies":[{"name":"wp","href":"https:\/\/api.w.org\/{rel}","templated":true}]}}