{"id":1699,"date":"2023-02-17T15:45:38","date_gmt":"2023-02-17T19:45:38","guid":{"rendered":"https:\/\/www.manaus.am.gov.br\/semed\/?page_id=1699"},"modified":"2023-02-24T16:52:17","modified_gmt":"2023-02-24T20:52:17","slug":"educacao-do-campo-na-divisao-de-ensino-fundamental","status":"publish","type":"page","link":"https:\/\/www.manaus.am.gov.br\/semed\/educacao-do-campo-na-divisao-de-ensino-fundamental\/","title":{"rendered":"Educa\u00e7\u00e3o do Campo na Divis\u00e3o de Ensino Fundamental"},"content":{"rendered":"\n<p>O Grupo de Trabalho e Educa\u00e7\u00e3o do Campo na Divis\u00e3o de Ensino Fundamental \u00e9 respons\u00e1vel pela elabora\u00e7\u00e3o, organiza\u00e7\u00e3o e acompanhamento das politicas p\u00fablicas educacionais voltadas para escolas situadas em \u00e1rea rural na Secretaria Municipal de Educa\u00e7\u00e3o de Manaus, sempre em parceria com a Divis\u00e3o Distrital da Zona Rural. Em 2015 o Comit\u00ea Municipal de Educa\u00e7\u00e3o do Campo foi criado com a finalidade de realizar os pr\u00e9-f\u00f3runs e f\u00f3rum municipal&nbsp; promovendo momento de escuta para elabora\u00e7\u00e3o da Diretriz Pedag\u00f3gica das Escolas do Campo. Como resultante da realiza\u00e7\u00e3o dos pr\u00e9-f\u00f3runs e f\u00f3runs 2016 e 2017 temos as \u201cDiretrizes Pedag\u00f3gicas da Educa\u00e7\u00e3o do Campo na rede p\u00fablica de ensino\u201d assim como, o \u201cDi\u00e1rio de Classe Multisseriado\u201d e \u201cPlanejamento Interdisciplinar\u201d. Tal organiza\u00e7\u00e3o pedag\u00f3gica surge como elemento importante para dar visibilidade e melhoria ao atendimento das escolas do campo, \u00e1guas e florestas.<\/p>\n\n\n\n<p>Existem diversas legisla\u00e7\u00f5es nacionais estaduais e municipais especificas que embasam todos os procedimentos relativos a educa\u00e7\u00e3o do campo, tais como:<\/p>\n\n\n\n<p>Constitui\u00e7\u00e3o Federal de 1988 \u2013 art. 214;<\/p>\n\n\n\n<p>Lei n\u00ba 9.394, de 20 de dezembro de 1996 (LDBEN);&nbsp;<\/p>\n\n\n\n<p>Parecer CNE\/CEB n\u00ba 36 de 2001;<\/p>\n\n\n\n<p>Resolu\u00e7\u00e3o CNE\/CEB n\u00ba 1, de 03 de abril de 2002;&nbsp;<\/p>\n\n\n\n<p>Lei n\u00ba 11.645, de 2008;<\/p>\n\n\n\n<p>Resolu\u00e7\u00e3o CNE\/CEB n\u00ba 2, de 28 de abril de 2008;<\/p>\n\n\n\n<p>Decreto n\u00ba 7.352, de 4 de novembro de 2010;<\/p>\n\n\n\n<p>Portaria MEC n\u00ba 68, de 9 de novembro de 2012;<\/p>\n\n\n\n<p>Portaria MEC n\u00ba 86, de 1\u00ba de fevereiro de 2013;<\/p>\n\n\n\n<p>Portaria MEC n\u00b0 579, de 2 de julho de 2013;<\/p>\n\n\n\n<p>Resolu\u00e7\u00f5es n\u00ba 04\/CME\/2014, n\u00ba 40\/CME\/2013;<\/p>\n\n\n\n<p>PNE Lei n\u00ba 13.005\/2014 e PME Lei n\u00ba 2.000\/2015;<\/p>\n\n\n\n<p>Regimento Geral das Unidades de Ensino de 2016 \u2013&nbsp;<\/p>\n\n\n\n<p>Resolu\u00e7\u00e3o n\u00ba 38\/CME\/2015<\/p>\n\n\n\n<p>Resolu\u00e7\u00e3o n\u00ba 005\/CME\/2016;<\/p>\n\n\n\n<p>Portaria n\u00b0 0271\/2015 SEMED\/GS;<\/p>\n\n\n\n<p>Portaria n\u00ba 0237\/2016 SEMED\/GS.<\/p>\n\n\n\n<p>Importante destacar que a LDB 9394\/96 em seu Artigo 28 assim como as Diretrizes Curriculares Nacionais para Educa\u00e7\u00e3o do Campo de 2002, e portaria n\u00famero 86 de 1\u00b0 de fevereiro de 2013 que institui o Programa Nacional de Educa\u00e7\u00e3o do Campo \u2013 PRONACAMPO, ambas destacam que os processos pedag\u00f3gicos das escolas localizadas em \u00e1rea rural precisam considerar diversos aspectos relacionados a cultura, a hist\u00f3ria das comunidades, a realidade geogr\u00e1fica e demais condicionantes que envolvem as popula\u00e7\u00f5es do campo.<\/p>\n\n\n\n<div style=\"height:50px\" aria-hidden=\"true\" class=\"wp-block-spacer\"><\/div>\n\n\n\n<h2 class=\"wp-block-heading\">MATERIAL PARA DOWNLOAD:<\/h2>\n\n\n\n<p><a href=\"https:\/\/www.manaus.am.gov.br\/semed\/wp-content\/uploads\/sites\/3\/2023\/02\/Documento-do-Orientador-Pronacampo.pdf\" target=\"_blank\" rel=\"noreferrer noopener\">Documento do Orientador Pronacampo<\/a><\/p>\n\n\n\n<p><a href=\"https:\/\/www.manaus.am.gov.br\/semed\/wp-content\/uploads\/sites\/3\/2023\/02\/Documento-da-Educacao-Itinerante.pdf\" target=\"_blank\" rel=\"noreferrer noopener\">Documento da Educa\u00e7\u00e3o Itinerante<\/a><\/p>\n\n\n\n<p><a href=\"https:\/\/www.manaus.am.gov.br\/semed\/wp-content\/uploads\/sites\/3\/2023\/02\/Nova-Impressao-Diretrizes-2017-Part-01.pdf\" target=\"_blank\" rel=\"noreferrer noopener\">Nova Impress\u00e3o Diretrizes \u2013 2017 &#8211; Part-1<\/a><\/p>\n\n\n\n<p><a href=\"https:\/\/www.manaus.am.gov.br\/semed\/wp-content\/uploads\/sites\/3\/2023\/02\/Nova-Impressao-Diretrizes-2017-Part-02.pdf\" target=\"_blank\" rel=\"noreferrer noopener\">Nova Impress\u00e3o Diretrizes \u2013 2017 &#8211; Part-2<\/a><\/p>\n\n\n\n<p><a href=\"https:\/\/www.manaus.am.gov.br\/semed\/wp-content\/uploads\/sites\/3\/2023\/02\/Novo-guia-de-orientacao-pedagogica-Educacao-no-Campo-2018.pdf\" target=\"_blank\" rel=\"noreferrer noopener\">Novo guia de orienta\u00e7\u00e3o pedag\u00f3gica Educa\u00e7\u00e3o no Campo 2018<\/a><\/p>\n\n\n\n<p><a href=\"https:\/\/www.manaus.am.gov.br\/semed\/wp-content\/uploads\/sites\/3\/2023\/02\/Relato-final-Escola-da-Terra-2015.pdf\" target=\"_blank\" rel=\"noreferrer noopener\">Relato final Escola da Terra 2015<\/a><\/p>\n\n\n\n<p><a href=\"https:\/\/www.manaus.am.gov.br\/semed\/wp-content\/uploads\/sites\/3\/2023\/02\/Relatorio-das-atividades-GT-Educacao-no-Campo-WAL.pdf\" target=\"_blank\" rel=\"noreferrer noopener\">Relat\u00f3rio das atividades GT Educa\u00e7\u00e3o no Campo WAL<\/a><\/p>\n\n\n\n<p><a href=\"https:\/\/www.manaus.am.gov.br\/semed\/wp-content\/uploads\/sites\/3\/2023\/02\/Relatorio-do-GT-Educacao-no-Campo-2017.pdf\" target=\"_blank\" rel=\"noreferrer noopener\">Relat\u00f3rio do GT Educa\u00e7\u00e3o no Campo 2017<\/a><\/p>\n","protected":false},"excerpt":{"rendered":"","protected":false},"author":27,"featured_media":0,"parent":0,"menu_order":0,"comment_status":"closed","ping_status":"closed","template":"","meta":{"footnotes":""},"acf":[],"yoast_head":"<!-- This site is optimized with the Yoast SEO plugin v23.0 - https:\/\/yoast.com\/wordpress\/plugins\/seo\/ -->\n<title>Educa\u00e7\u00e3o do Campo na Divis\u00e3o de Ensino Fundamental - SEMED<\/title>\n<meta name=\"robots\" content=\"index, follow, max-snippet:-1, max-image-preview:large, max-video-preview:-1\" \/>\n<link rel=\"canonical\" href=\"https:\/\/www.manaus.am.gov.br\/semed\/educacao-do-campo-na-divisao-de-ensino-fundamental\/\" \/>\n<meta property=\"og:locale\" content=\"pt_BR\" \/>\n<meta property=\"og:type\" content=\"article\" \/>\n<meta property=\"og:title\" content=\"Educa\u00e7\u00e3o do Campo na Divis\u00e3o de Ensino Fundamental - SEMED\" \/>\n<meta property=\"og:url\" content=\"https:\/\/www.manaus.am.gov.br\/semed\/educacao-do-campo-na-divisao-de-ensino-fundamental\/\" \/>\n<meta property=\"og:site_name\" content=\"SEMED\" \/>\n<meta property=\"article:modified_time\" content=\"2023-02-24T20:52:17+00:00\" \/>\n<meta property=\"og:image\" content=\"https:\/\/www.manaus.am.gov.br\/semed\/wp-content\/uploads\/sites\/3\/2024\/07\/thumb-default-2.png\" \/>\n\t<meta property=\"og:image:width\" content=\"966\" \/>\n\t<meta property=\"og:image:height\" content=\"520\" \/>\n\t<meta property=\"og:image:type\" content=\"image\/png\" \/>\n<meta name=\"twitter:card\" content=\"summary_large_image\" \/>\n<meta name=\"twitter:label1\" content=\"Est. reading time\" \/>\n\t<meta name=\"twitter:data1\" content=\"3 minutos\" \/>\n<script type=\"application\/ld+json\" class=\"yoast-schema-graph\">{\"@context\":\"https:\/\/schema.org\",\"@graph\":[{\"@type\":\"Article\",\"@id\":\"https:\/\/www.manaus.am.gov.br\/semed\/educacao-do-campo-na-divisao-de-ensino-fundamental\/#article\",\"isPartOf\":{\"@id\":\"https:\/\/www.manaus.am.gov.br\/semed\/educacao-do-campo-na-divisao-de-ensino-fundamental\/\"},\"author\":{\"name\":\"Imarketing Digital\",\"@id\":\"https:\/\/www.manaus.am.gov.br\/semed\/#\/schema\/person\/79525a47ac5902f50493820d995728ee\"},\"headline\":\"Educa\u00e7\u00e3o do Campo na Divis\u00e3o de Ensino Fundamental\",\"datePublished\":\"2023-02-17T19:45:38+00:00\",\"dateModified\":\"2023-02-24T20:52:17+00:00\",\"mainEntityOfPage\":{\"@id\":\"https:\/\/www.manaus.am.gov.br\/semed\/educacao-do-campo-na-divisao-de-ensino-fundamental\/\"},\"wordCount\":430,\"publisher\":{\"@id\":\"https:\/\/www.manaus.am.gov.br\/semed\/#organization\"},\"inLanguage\":\"pt-BR\"},{\"@type\":\"WebPage\",\"@id\":\"https:\/\/www.manaus.am.gov.br\/semed\/educacao-do-campo-na-divisao-de-ensino-fundamental\/\",\"url\":\"https:\/\/www.manaus.am.gov.br\/semed\/educacao-do-campo-na-divisao-de-ensino-fundamental\/\",\"name\":\"Educa\u00e7\u00e3o do Campo na Divis\u00e3o de Ensino Fundamental - SEMED\",\"isPartOf\":{\"@id\":\"https:\/\/www.manaus.am.gov.br\/semed\/#website\"},\"datePublished\":\"2023-02-17T19:45:38+00:00\",\"dateModified\":\"2023-02-24T20:52:17+00:00\",\"inLanguage\":\"pt-BR\",\"potentialAction\":[{\"@type\":\"ReadAction\",\"target\":[\"https:\/\/www.manaus.am.gov.br\/semed\/educacao-do-campo-na-divisao-de-ensino-fundamental\/\"]}]},{\"@type\":\"WebSite\",\"@id\":\"https:\/\/www.manaus.am.gov.br\/semed\/#website\",\"url\":\"https:\/\/www.manaus.am.gov.br\/semed\/\",\"name\":\"Secretaria Municipal de Educa\u00e7\u00e3o\",\"description\":\"Secretaria Municipal de Educa\u00e7\u00e3o\",\"publisher\":{\"@id\":\"https:\/\/www.manaus.am.gov.br\/semed\/#organization\"},\"alternateName\":\"SEMED\",\"potentialAction\":[{\"@type\":\"SearchAction\",\"target\":{\"@type\":\"EntryPoint\",\"urlTemplate\":\"https:\/\/www.manaus.am.gov.br\/semed\/?s={search_term_string}\"},\"query-input\":\"required name=search_term_string\"}],\"inLanguage\":\"pt-BR\"},{\"@type\":\"Organization\",\"@id\":\"https:\/\/www.manaus.am.gov.br\/semed\/#organization\",\"name\":\"Secretaria de Educa\u00e7\u00e3o\",\"alternateName\":\"SEMED\",\"url\":\"https:\/\/www.manaus.am.gov.br\/semed\/\",\"logo\":{\"@type\":\"ImageObject\",\"inLanguage\":\"pt-BR\",\"@id\":\"https:\/\/www.manaus.am.gov.br\/semed\/#\/schema\/logo\/image\/\",\"url\":\"https:\/\/www.manaus.am.gov.br\/semed\/wp-content\/uploads\/sites\/3\/2022\/11\/favicon.png\",\"contentUrl\":\"https:\/\/www.manaus.am.gov.br\/semed\/wp-content\/uploads\/sites\/3\/2022\/11\/favicon.png\",\"width\":300,\"height\":300,\"caption\":\"Secretaria de Educa\u00e7\u00e3o\"},\"image\":{\"@id\":\"https:\/\/www.manaus.am.gov.br\/semed\/#\/schema\/logo\/image\/\"}},{\"@type\":\"Person\",\"@id\":\"https:\/\/www.manaus.am.gov.br\/semed\/#\/schema\/person\/79525a47ac5902f50493820d995728ee\",\"name\":\"Imarketing Digital\",\"image\":{\"@type\":\"ImageObject\",\"inLanguage\":\"pt-BR\",\"@id\":\"https:\/\/www.manaus.am.gov.br\/semed\/#\/schema\/person\/image\/\",\"url\":\"https:\/\/secure.gravatar.com\/avatar\/03432d3c57b756ed9760f7019c815a3a?s=96&d=mm&r=g\",\"contentUrl\":\"https:\/\/secure.gravatar.com\/avatar\/03432d3c57b756ed9760f7019c815a3a?s=96&d=mm&r=g\",\"caption\":\"Imarketing Digital\"}}]}<\/script>\n<!-- \/ Yoast SEO plugin. -->","yoast_head_json":{"title":"Educa\u00e7\u00e3o do Campo na Divis\u00e3o de Ensino Fundamental - SEMED","robots":{"index":"index","follow":"follow","max-snippet":"max-snippet:-1","max-image-preview":"max-image-preview:large","max-video-preview":"max-video-preview:-1"},"canonical":"https:\/\/www.manaus.am.gov.br\/semed\/educacao-do-campo-na-divisao-de-ensino-fundamental\/","og_locale":"pt_BR","og_type":"article","og_title":"Educa\u00e7\u00e3o do Campo na Divis\u00e3o de Ensino Fundamental - SEMED","og_url":"https:\/\/www.manaus.am.gov.br\/semed\/educacao-do-campo-na-divisao-de-ensino-fundamental\/","og_site_name":"SEMED","article_modified_time":"2023-02-24T20:52:17+00:00","og_image":[{"width":966,"height":520,"url":"https:\/\/www.manaus.am.gov.br\/semed\/wp-content\/uploads\/sites\/3\/2024\/07\/thumb-default-2.png","type":"image\/png"}],"twitter_card":"summary_large_image","twitter_misc":{"Est. reading time":"3 minutos"},"schema":{"@context":"https:\/\/schema.org","@graph":[{"@type":"Article","@id":"https:\/\/www.manaus.am.gov.br\/semed\/educacao-do-campo-na-divisao-de-ensino-fundamental\/#article","isPartOf":{"@id":"https:\/\/www.manaus.am.gov.br\/semed\/educacao-do-campo-na-divisao-de-ensino-fundamental\/"},"author":{"name":"Imarketing Digital","@id":"https:\/\/www.manaus.am.gov.br\/semed\/#\/schema\/person\/79525a47ac5902f50493820d995728ee"},"headline":"Educa\u00e7\u00e3o do Campo na Divis\u00e3o de Ensino Fundamental","datePublished":"2023-02-17T19:45:38+00:00","dateModified":"2023-02-24T20:52:17+00:00","mainEntityOfPage":{"@id":"https:\/\/www.manaus.am.gov.br\/semed\/educacao-do-campo-na-divisao-de-ensino-fundamental\/"},"wordCount":430,"publisher":{"@id":"https:\/\/www.manaus.am.gov.br\/semed\/#organization"},"inLanguage":"pt-BR"},{"@type":"WebPage","@id":"https:\/\/www.manaus.am.gov.br\/semed\/educacao-do-campo-na-divisao-de-ensino-fundamental\/","url":"https:\/\/www.manaus.am.gov.br\/semed\/educacao-do-campo-na-divisao-de-ensino-fundamental\/","name":"Educa\u00e7\u00e3o do Campo na Divis\u00e3o de Ensino Fundamental - SEMED","isPartOf":{"@id":"https:\/\/www.manaus.am.gov.br\/semed\/#website"},"datePublished":"2023-02-17T19:45:38+00:00","dateModified":"2023-02-24T20:52:17+00:00","inLanguage":"pt-BR","potentialAction":[{"@type":"ReadAction","target":["https:\/\/www.manaus.am.gov.br\/semed\/educacao-do-campo-na-divisao-de-ensino-fundamental\/"]}]},{"@type":"WebSite","@id":"https:\/\/www.manaus.am.gov.br\/semed\/#website","url":"https:\/\/www.manaus.am.gov.br\/semed\/","name":"Secretaria Municipal de Educa\u00e7\u00e3o","description":"Secretaria Municipal de Educa\u00e7\u00e3o","publisher":{"@id":"https:\/\/www.manaus.am.gov.br\/semed\/#organization"},"alternateName":"SEMED","potentialAction":[{"@type":"SearchAction","target":{"@type":"EntryPoint","urlTemplate":"https:\/\/www.manaus.am.gov.br\/semed\/?s={search_term_string}"},"query-input":"required name=search_term_string"}],"inLanguage":"pt-BR"},{"@type":"Organization","@id":"https:\/\/www.manaus.am.gov.br\/semed\/#organization","name":"Secretaria de Educa\u00e7\u00e3o","alternateName":"SEMED","url":"https:\/\/www.manaus.am.gov.br\/semed\/","logo":{"@type":"ImageObject","inLanguage":"pt-BR","@id":"https:\/\/www.manaus.am.gov.br\/semed\/#\/schema\/logo\/image\/","url":"https:\/\/www.manaus.am.gov.br\/semed\/wp-content\/uploads\/sites\/3\/2022\/11\/favicon.png","contentUrl":"https:\/\/www.manaus.am.gov.br\/semed\/wp-content\/uploads\/sites\/3\/2022\/11\/favicon.png","width":300,"height":300,"caption":"Secretaria de Educa\u00e7\u00e3o"},"image":{"@id":"https:\/\/www.manaus.am.gov.br\/semed\/#\/schema\/logo\/image\/"}},{"@type":"Person","@id":"https:\/\/www.manaus.am.gov.br\/semed\/#\/schema\/person\/79525a47ac5902f50493820d995728ee","name":"Imarketing Digital","image":{"@type":"ImageObject","inLanguage":"pt-BR","@id":"https:\/\/www.manaus.am.gov.br\/semed\/#\/schema\/person\/image\/","url":"https:\/\/secure.gravatar.com\/avatar\/03432d3c57b756ed9760f7019c815a3a?s=96&d=mm&r=g","contentUrl":"https:\/\/secure.gravatar.com\/avatar\/03432d3c57b756ed9760f7019c815a3a?s=96&d=mm&r=g","caption":"Imarketing Digital"}}]}},"_links":{"self":[{"href":"https:\/\/www.manaus.am.gov.br\/semed\/wp-json\/wp\/v2\/pages\/1699"}],"collection":[{"href":"https:\/\/www.manaus.am.gov.br\/semed\/wp-json\/wp\/v2\/pages"}],"about":[{"href":"https:\/\/www.manaus.am.gov.br\/semed\/wp-json\/wp\/v2\/types\/page"}],"author":[{"embeddable":true,"href":"https:\/\/www.manaus.am.gov.br\/semed\/wp-json\/wp\/v2\/users\/27"}],"replies":[{"embeddable":true,"href":"https:\/\/www.manaus.am.gov.br\/semed\/wp-json\/wp\/v2\/comments?post=1699"}],"version-history":[{"count":4,"href":"https:\/\/www.manaus.am.gov.br\/semed\/wp-json\/wp\/v2\/pages\/1699\/revisions"}],"predecessor-version":[{"id":1862,"href":"https:\/\/www.manaus.am.gov.br\/semed\/wp-json\/wp\/v2\/pages\/1699\/revisions\/1862"}],"wp:attachment":[{"href":"https:\/\/www.manaus.am.gov.br\/semed\/wp-json\/wp\/v2\/media?parent=1699"}],"curies":[{"name":"wp","href":"https:\/\/api.w.org\/{rel}","templated":true}]}}