{"id":161,"date":"2022-10-19T19:19:43","date_gmt":"2022-10-19T23:19:43","guid":{"rendered":"https:\/\/hulk.meuprojetoweb.com.br\/website-prefeitura-manaus\/current\/semed\/?page_id=161"},"modified":"2023-03-10T14:44:20","modified_gmt":"2023-03-10T18:44:20","slug":"composicao-do-conselho-do-fundeb","status":"publish","type":"page","link":"https:\/\/www.manaus.am.gov.br\/semed\/composicao-do-conselho-do-fundeb\/","title":{"rendered":"Composi\u00e7\u00e3o do Conselho do Fundeb"},"content":{"rendered":"<p>Segundo o artigo 24, \u00a7 1\u00ba, IV, da Lei N.\u00ba 11.494\/2007, os Conselhos Municipais do Fundeb devem ser compostos por, no m\u00ednimo, 9 (nove) membros, bem como o seguinte quantitativo:<\/p>\n<p>a) 2 (dois) representantes do Poder Executivo Municipal, dos quais pelo menos 1 (um) da Secretaria Municipal de Educa\u00e7\u00e3o ou \u00f3rg\u00e3o educacional equivalente;<br \/>\nb) 1 (um) representante dos professores da educa\u00e7\u00e3o b\u00e1sica p\u00fablica;<br \/>\nc) 1 (um) representante dos diretores das escolas b\u00e1sicas p\u00fablicas;<br \/>\nd) 1 (um) representante dos servidores t\u00e9cnico-administrativos das escolas b\u00e1sicas p\u00fablicas;<br \/>\ne) 2 (dois) representantes dos pais de alunos da educa\u00e7\u00e3o b\u00e1sica p\u00fablica;<br \/>\nf) 2 (dois) representantes dos estudantes da educa\u00e7\u00e3o b\u00e1sica p\u00fablica, um dos quais indicado pela entidade de estudantes secundaristas.<\/p>\n<p>Os conselheiros atuais do Fundeb s\u00e3o:<\/p>\n<p>da Secretaria Municipal de Educa\u00e7\u00e3o (Semed): Kelly Regina Fran\u00e7a de Souza (titular)\/ Suely Ribeiro Coelho Chaves (suplente), Patr\u00edcia Alves de Lima (titular)\/ Yuri Chrystine Pinto Siqueira Rolo (suplente);<br \/>\nprofessores das Escolas P\u00fablicas Municipais: Jorge Luiz Gama de Alencar (titular)\/ Emerson de Carvalho Braga (suplente);<br \/>\ndiretores das Escolas P\u00fablicas Municipais: Alexandre da Silva Lobo (titular)\/ Tamilton Azevedo da Costa (suplente);<br \/>\nservidores t\u00e9cnico-administrativos das Escolas P\u00fablicas Municipais: Renato Stuart da Rocha (titular)\/ Ant\u00f4nio Carlos Magalh\u00e3es de Menezes (suplente);<br \/>\npais de alunos de Escolas P\u00fablicas Municipais: Anderson Carlos Castro da Silva Nascimento (titular)\/ Rosilene Oliveira da Silva (suplente), Kelly Figueira dos Santos (titular)\/ Regina L\u00facia Janu\u00e1ria dos Santos (suplente);<br \/>\nestudantes da Educa\u00e7\u00e3o B\u00e1sica P\u00fablica: Kallel Paiva Naveca (titular)\/ Jo\u00e3o Victor Cascaes Barros (suplente), Luiz Henrique Guimar\u00e3es dos Santos (titular)\/ Breendo Davi de Souza Teixeira (suplente);<br \/>\ndo Conselho Municipal de Educa\u00e7\u00e3o (CME): Cl\u00e9ber de Oliveira Ferreira (titular)\/ Tiago Lima e Silva (suplente);<br \/>\ndo Conselho Tutelar: M\u00e1rcio de Menezes Dias (titular)\/ Manoel Francisco da Silva Junior (suplente).<br \/>\nPara entrar em contato com os membros do conselho, basta ligar para 98844-5447.<\/p>\n<p>Se no munic\u00edpio houver um Conselho Municipal de Educa\u00e7\u00e3o e\/ou Conselho Tutelar, um de seus membros tamb\u00e9m dever\u00e1 integrar o Conselho do Fundeb.<br \/>\nEmbora exista o n\u00famero m\u00ednimo de nove membros para a composi\u00e7\u00e3o do Conselho do Fundeb, na legisla\u00e7\u00e3o n\u00e3o existe limite m\u00e1ximo para esse n\u00famero, devendo, entretanto, ser observada a paridade na distribui\u00e7\u00e3o das representa\u00e7\u00f5es.<\/p>\n<p>A escolha dos representantes (diretores, pais de alunos e estudantes das escolas) deve ser realizada em f\u00f3runs organizados pelos grupos ou entidades de classe, quais representem esses segmentos, em processo eletivo democr\u00e1tico que permita ampla e pr\u00e9via publicidade aos interessados, como reuni\u00f5es para apresenta\u00e7\u00e3o das candidaturas, vota\u00e7\u00e3o e divulga\u00e7\u00e3o dos resultados (art. 24, \u00a7 3\u00ba, II, da Lei N.\u00ba 11.494\/2007).<\/p>\n<p>Os representantes dos professores e servidores s\u00e3o indicados pelas respectivas entidades sindicais (art. 24, \u00a7, 3\u00ba, III, da Lei N.\u00ba 11.494\/2007). Entretanto, inexistindo tais representa\u00e7\u00f5es sindicais no \u00e2mbito do respectivo ente federado, recomenda-se o crit\u00e9rio de processo eletivo para escolha desses representantes.<\/p>\n<p>Os nomes dos eleitos\/indicados, titulares e suplentes, devem ser comunicados, com anteced\u00eancia m\u00ednima de 20 dias ao t\u00e9rmino do mandato dos Conselheiros anteriores, ao Chefe do Poder Executivo para que, por ato oficial, sejam nomeados para o exerc\u00edcio das fun\u00e7\u00f5es de Conselheiros.<\/p>\n<p>Importa destacar que as regras gerais da condu\u00e7\u00e3o dos trabalhos de escolha dos novos conselheiros devem estar previstas no Regimento Interno do Colegiado, de forma a garantir a isen\u00e7\u00e3o do processo eletivo.<\/p>\n<p>Conforme disposto no \u00a7 11 do artigo 24 da Lei N.\u00ba 11.494\/2007, os membros dos Conselhos do Fundeb ter\u00e3o mandato de, no m\u00e1ximo, 02 (dois) anos permitida uma recondu\u00e7\u00e3o por igual per\u00edodo.<\/p>\n<p>Uma vez criado o Conselho do Fundeb, seus dados devem ser inseridos no Sistema de Cadastro dos conselhos do Fundeb na internet, pelo endere\u00e7o eletr\u00f4nico www.fnde.gov.br, na op\u00e7\u00e3o \u201cFundeb\u201d. O FNDE providenciar\u00e1 a divulga\u00e7\u00e3o desses dados, com o prop\u00f3sito de dar conhecimento, n\u00e3o s\u00f3 de sua exist\u00eancia formal, mas, sobretudo, de sua composi\u00e7\u00e3o. Sempre que houver altera\u00e7\u00e3o na composi\u00e7\u00e3o do Conselho do Fundeb, tal cadastro dever\u00e1 ser atualizado.<\/p>\n<p>A regulamenta\u00e7\u00e3o do novo Fundo prev\u00ea alguns impedimentos para participa\u00e7\u00e3o do colegiado. De acordo com o \u00a7 5\u00ba do artigo 24, da Lei N.\u00ba 11.494\/2007, est\u00e3o impedidos de compor o Conselho do Fundeb:<\/p>\n<p>&#8211; c\u00f4njuge e parentes consangu\u00edneos ou afins, at\u00e9 terceiro grau, do Presidente e do Vice-Presidente da Rep\u00fablica, dos Ministros de Estado, do Governador e do Vice-Governador, do Prefeito e do Vice-Prefeito, e dos Secret\u00e1rios Estaduais, Distritais ou Municipais;<br \/>\n&#8211; tesoureiro, contador ou funcion\u00e1rio de empresa de assessoria ou consultoria que prestem servi\u00e7os relacionados \u00e0 administra\u00e7\u00e3o ou controle interno dos recursos do Fundo, bem como c\u00f4njuges, parentes consang\u00fc\u00edneos ou afins, at\u00e9 terceiro grau, desses profissionais;<br \/>\n&#8211; estudantes que n\u00e3o sejam emancipados; e<br \/>\n&#8211; pais de alunos que exer\u00e7am cargos ou fun\u00e7\u00f5es p\u00fablicas de livre nomea\u00e7\u00e3o e exonera\u00e7\u00e3o no \u00e2mbito dos \u00f3rg\u00e3os do respectivo Poder Executivo gestor dos recursos; ou prestem servi\u00e7os terceirizados, no \u00e2mbito dos Poderes Executivos em que atuam os respectivos conselhos.<\/p>\n<p>O Presidente do Conselho do Fundeb deve ser eleito pelos pr\u00f3prios conselheiros em reuni\u00e3o do colegiado, observando-se o que dispuser a lei municipal de cria\u00e7\u00e3o do Conselho do Fundeb no respectivo Munic\u00edpio e o disposto na Lei n\u00ba 11.494\/2007, no artigo 24, \u00a7 6\u00ba, que estabelece que a presid\u00eancia n\u00e3o deve ser ocupada pelo representante da Secretaria de Educa\u00e7\u00e3o ou qualquer outro representante do governo gestor, visto que essa situa\u00e7\u00e3o poderia inibir o bom andamento dos trabalhos, j\u00e1 que o Conselho do Fundeb existe exatamente para acompanhar e controlar o desempenho da aplica\u00e7\u00e3o dos recursos do Fundo, realizada pelo Poder Executivo local.<\/p>\n<p>&nbsp;<\/p>\n","protected":false},"excerpt":{"rendered":"","protected":false},"author":27,"featured_media":0,"parent":0,"menu_order":0,"comment_status":"closed","ping_status":"closed","template":"templates\/turismo.php","meta":{"footnotes":""},"acf":[],"yoast_head":"<!-- This site is optimized with the Yoast SEO plugin v23.0 - https:\/\/yoast.com\/wordpress\/plugins\/seo\/ -->\n<title>Composi\u00e7\u00e3o do Conselho do Fundeb - SEMED<\/title>\n<meta name=\"robots\" content=\"index, follow, max-snippet:-1, max-image-preview:large, max-video-preview:-1\" \/>\n<link rel=\"canonical\" href=\"https:\/\/www.manaus.am.gov.br\/semed\/composicao-do-conselho-do-fundeb\/\" \/>\n<meta property=\"og:locale\" content=\"pt_BR\" \/>\n<meta property=\"og:type\" content=\"article\" \/>\n<meta property=\"og:title\" content=\"Composi\u00e7\u00e3o do Conselho do Fundeb - SEMED\" \/>\n<meta property=\"og:url\" content=\"https:\/\/www.manaus.am.gov.br\/semed\/composicao-do-conselho-do-fundeb\/\" \/>\n<meta property=\"og:site_name\" content=\"SEMED\" \/>\n<meta property=\"article:modified_time\" content=\"2023-03-10T18:44:20+00:00\" \/>\n<meta property=\"og:image\" content=\"https:\/\/www.manaus.am.gov.br\/semed\/wp-content\/uploads\/sites\/3\/2024\/07\/thumb-default-2.png\" \/>\n\t<meta property=\"og:image:width\" content=\"966\" \/>\n\t<meta property=\"og:image:height\" content=\"520\" \/>\n\t<meta property=\"og:image:type\" content=\"image\/png\" \/>\n<meta name=\"twitter:card\" content=\"summary_large_image\" \/>\n<meta name=\"twitter:label1\" content=\"Est. reading time\" \/>\n\t<meta name=\"twitter:data1\" content=\"5 minutos\" \/>\n<script type=\"application\/ld+json\" class=\"yoast-schema-graph\">{\"@context\":\"https:\/\/schema.org\",\"@graph\":[{\"@type\":\"Article\",\"@id\":\"https:\/\/www.manaus.am.gov.br\/semed\/composicao-do-conselho-do-fundeb\/#article\",\"isPartOf\":{\"@id\":\"https:\/\/www.manaus.am.gov.br\/semed\/composicao-do-conselho-do-fundeb\/\"},\"author\":{\"name\":\"Imarketing Digital\",\"@id\":\"https:\/\/www.manaus.am.gov.br\/semed\/#\/schema\/person\/79525a47ac5902f50493820d995728ee\"},\"headline\":\"Composi\u00e7\u00e3o do Conselho do Fundeb\",\"datePublished\":\"2022-10-19T23:19:43+00:00\",\"dateModified\":\"2023-03-10T18:44:20+00:00\",\"mainEntityOfPage\":{\"@id\":\"https:\/\/www.manaus.am.gov.br\/semed\/composicao-do-conselho-do-fundeb\/\"},\"wordCount\":973,\"publisher\":{\"@id\":\"https:\/\/www.manaus.am.gov.br\/semed\/#organization\"},\"inLanguage\":\"pt-BR\"},{\"@type\":\"WebPage\",\"@id\":\"https:\/\/www.manaus.am.gov.br\/semed\/composicao-do-conselho-do-fundeb\/\",\"url\":\"https:\/\/www.manaus.am.gov.br\/semed\/composicao-do-conselho-do-fundeb\/\",\"name\":\"Composi\u00e7\u00e3o do Conselho do Fundeb - SEMED\",\"isPartOf\":{\"@id\":\"https:\/\/www.manaus.am.gov.br\/semed\/#website\"},\"datePublished\":\"2022-10-19T23:19:43+00:00\",\"dateModified\":\"2023-03-10T18:44:20+00:00\",\"inLanguage\":\"pt-BR\",\"potentialAction\":[{\"@type\":\"ReadAction\",\"target\":[\"https:\/\/www.manaus.am.gov.br\/semed\/composicao-do-conselho-do-fundeb\/\"]}]},{\"@type\":\"WebSite\",\"@id\":\"https:\/\/www.manaus.am.gov.br\/semed\/#website\",\"url\":\"https:\/\/www.manaus.am.gov.br\/semed\/\",\"name\":\"Secretaria Municipal de Educa\u00e7\u00e3o\",\"description\":\"Secretaria Municipal de Educa\u00e7\u00e3o\",\"publisher\":{\"@id\":\"https:\/\/www.manaus.am.gov.br\/semed\/#organization\"},\"alternateName\":\"SEMED\",\"potentialAction\":[{\"@type\":\"SearchAction\",\"target\":{\"@type\":\"EntryPoint\",\"urlTemplate\":\"https:\/\/www.manaus.am.gov.br\/semed\/?s={search_term_string}\"},\"query-input\":\"required name=search_term_string\"}],\"inLanguage\":\"pt-BR\"},{\"@type\":\"Organization\",\"@id\":\"https:\/\/www.manaus.am.gov.br\/semed\/#organization\",\"name\":\"Secretaria de Educa\u00e7\u00e3o\",\"alternateName\":\"SEMED\",\"url\":\"https:\/\/www.manaus.am.gov.br\/semed\/\",\"logo\":{\"@type\":\"ImageObject\",\"inLanguage\":\"pt-BR\",\"@id\":\"https:\/\/www.manaus.am.gov.br\/semed\/#\/schema\/logo\/image\/\",\"url\":\"https:\/\/www.manaus.am.gov.br\/semed\/wp-content\/uploads\/sites\/3\/2022\/11\/favicon.png\",\"contentUrl\":\"https:\/\/www.manaus.am.gov.br\/semed\/wp-content\/uploads\/sites\/3\/2022\/11\/favicon.png\",\"width\":300,\"height\":300,\"caption\":\"Secretaria de Educa\u00e7\u00e3o\"},\"image\":{\"@id\":\"https:\/\/www.manaus.am.gov.br\/semed\/#\/schema\/logo\/image\/\"}},{\"@type\":\"Person\",\"@id\":\"https:\/\/www.manaus.am.gov.br\/semed\/#\/schema\/person\/79525a47ac5902f50493820d995728ee\",\"name\":\"Imarketing Digital\",\"image\":{\"@type\":\"ImageObject\",\"inLanguage\":\"pt-BR\",\"@id\":\"https:\/\/www.manaus.am.gov.br\/semed\/#\/schema\/person\/image\/\",\"url\":\"https:\/\/secure.gravatar.com\/avatar\/03432d3c57b756ed9760f7019c815a3a?s=96&d=mm&r=g\",\"contentUrl\":\"https:\/\/secure.gravatar.com\/avatar\/03432d3c57b756ed9760f7019c815a3a?s=96&d=mm&r=g\",\"caption\":\"Imarketing Digital\"}}]}<\/script>\n<!-- \/ Yoast SEO plugin. -->","yoast_head_json":{"title":"Composi\u00e7\u00e3o do Conselho do Fundeb - SEMED","robots":{"index":"index","follow":"follow","max-snippet":"max-snippet:-1","max-image-preview":"max-image-preview:large","max-video-preview":"max-video-preview:-1"},"canonical":"https:\/\/www.manaus.am.gov.br\/semed\/composicao-do-conselho-do-fundeb\/","og_locale":"pt_BR","og_type":"article","og_title":"Composi\u00e7\u00e3o do Conselho do Fundeb - SEMED","og_url":"https:\/\/www.manaus.am.gov.br\/semed\/composicao-do-conselho-do-fundeb\/","og_site_name":"SEMED","article_modified_time":"2023-03-10T18:44:20+00:00","og_image":[{"width":966,"height":520,"url":"https:\/\/www.manaus.am.gov.br\/semed\/wp-content\/uploads\/sites\/3\/2024\/07\/thumb-default-2.png","type":"image\/png"}],"twitter_card":"summary_large_image","twitter_misc":{"Est. reading time":"5 minutos"},"schema":{"@context":"https:\/\/schema.org","@graph":[{"@type":"Article","@id":"https:\/\/www.manaus.am.gov.br\/semed\/composicao-do-conselho-do-fundeb\/#article","isPartOf":{"@id":"https:\/\/www.manaus.am.gov.br\/semed\/composicao-do-conselho-do-fundeb\/"},"author":{"name":"Imarketing Digital","@id":"https:\/\/www.manaus.am.gov.br\/semed\/#\/schema\/person\/79525a47ac5902f50493820d995728ee"},"headline":"Composi\u00e7\u00e3o do Conselho do Fundeb","datePublished":"2022-10-19T23:19:43+00:00","dateModified":"2023-03-10T18:44:20+00:00","mainEntityOfPage":{"@id":"https:\/\/www.manaus.am.gov.br\/semed\/composicao-do-conselho-do-fundeb\/"},"wordCount":973,"publisher":{"@id":"https:\/\/www.manaus.am.gov.br\/semed\/#organization"},"inLanguage":"pt-BR"},{"@type":"WebPage","@id":"https:\/\/www.manaus.am.gov.br\/semed\/composicao-do-conselho-do-fundeb\/","url":"https:\/\/www.manaus.am.gov.br\/semed\/composicao-do-conselho-do-fundeb\/","name":"Composi\u00e7\u00e3o do Conselho do Fundeb - SEMED","isPartOf":{"@id":"https:\/\/www.manaus.am.gov.br\/semed\/#website"},"datePublished":"2022-10-19T23:19:43+00:00","dateModified":"2023-03-10T18:44:20+00:00","inLanguage":"pt-BR","potentialAction":[{"@type":"ReadAction","target":["https:\/\/www.manaus.am.gov.br\/semed\/composicao-do-conselho-do-fundeb\/"]}]},{"@type":"WebSite","@id":"https:\/\/www.manaus.am.gov.br\/semed\/#website","url":"https:\/\/www.manaus.am.gov.br\/semed\/","name":"Secretaria Municipal de Educa\u00e7\u00e3o","description":"Secretaria Municipal de Educa\u00e7\u00e3o","publisher":{"@id":"https:\/\/www.manaus.am.gov.br\/semed\/#organization"},"alternateName":"SEMED","potentialAction":[{"@type":"SearchAction","target":{"@type":"EntryPoint","urlTemplate":"https:\/\/www.manaus.am.gov.br\/semed\/?s={search_term_string}"},"query-input":"required name=search_term_string"}],"inLanguage":"pt-BR"},{"@type":"Organization","@id":"https:\/\/www.manaus.am.gov.br\/semed\/#organization","name":"Secretaria de Educa\u00e7\u00e3o","alternateName":"SEMED","url":"https:\/\/www.manaus.am.gov.br\/semed\/","logo":{"@type":"ImageObject","inLanguage":"pt-BR","@id":"https:\/\/www.manaus.am.gov.br\/semed\/#\/schema\/logo\/image\/","url":"https:\/\/www.manaus.am.gov.br\/semed\/wp-content\/uploads\/sites\/3\/2022\/11\/favicon.png","contentUrl":"https:\/\/www.manaus.am.gov.br\/semed\/wp-content\/uploads\/sites\/3\/2022\/11\/favicon.png","width":300,"height":300,"caption":"Secretaria de Educa\u00e7\u00e3o"},"image":{"@id":"https:\/\/www.manaus.am.gov.br\/semed\/#\/schema\/logo\/image\/"}},{"@type":"Person","@id":"https:\/\/www.manaus.am.gov.br\/semed\/#\/schema\/person\/79525a47ac5902f50493820d995728ee","name":"Imarketing Digital","image":{"@type":"ImageObject","inLanguage":"pt-BR","@id":"https:\/\/www.manaus.am.gov.br\/semed\/#\/schema\/person\/image\/","url":"https:\/\/secure.gravatar.com\/avatar\/03432d3c57b756ed9760f7019c815a3a?s=96&d=mm&r=g","contentUrl":"https:\/\/secure.gravatar.com\/avatar\/03432d3c57b756ed9760f7019c815a3a?s=96&d=mm&r=g","caption":"Imarketing Digital"}}]}},"_links":{"self":[{"href":"https:\/\/www.manaus.am.gov.br\/semed\/wp-json\/wp\/v2\/pages\/161"}],"collection":[{"href":"https:\/\/www.manaus.am.gov.br\/semed\/wp-json\/wp\/v2\/pages"}],"about":[{"href":"https:\/\/www.manaus.am.gov.br\/semed\/wp-json\/wp\/v2\/types\/page"}],"author":[{"embeddable":true,"href":"https:\/\/www.manaus.am.gov.br\/semed\/wp-json\/wp\/v2\/users\/27"}],"replies":[{"embeddable":true,"href":"https:\/\/www.manaus.am.gov.br\/semed\/wp-json\/wp\/v2\/comments?post=161"}],"version-history":[{"count":2,"href":"https:\/\/www.manaus.am.gov.br\/semed\/wp-json\/wp\/v2\/pages\/161\/revisions"}],"predecessor-version":[{"id":426,"href":"https:\/\/www.manaus.am.gov.br\/semed\/wp-json\/wp\/v2\/pages\/161\/revisions\/426"}],"wp:attachment":[{"href":"https:\/\/www.manaus.am.gov.br\/semed\/wp-json\/wp\/v2\/media?parent=161"}],"curies":[{"name":"wp","href":"https:\/\/api.w.org\/{rel}","templated":true}]}}