{"id":1313,"date":"2023-02-15T16:43:36","date_gmt":"2023-02-15T20:43:36","guid":{"rendered":"https:\/\/www.manaus.am.gov.br\/semed\/?page_id=1313"},"modified":"2026-03-25T15:09:25","modified_gmt":"2026-03-25T19:09:25","slug":"jiss-jogos-de-integracao-dos-servidores-da-semed","status":"publish","type":"page","link":"https:\/\/www.manaus.am.gov.br\/semed\/jiss-jogos-de-integracao-dos-servidores-da-semed\/","title":{"rendered":"JISS &#8211; Jogos de Integra\u00e7\u00e3o dos Servidores da SEMED"},"content":{"rendered":"<div class=\"wp-block-image\">\n<figure class=\"aligncenter size-full\"><img loading=\"lazy\" decoding=\"async\" width=\"768\" height=\"217\" src=\"https:\/\/www.manaus.am.gov.br\/semed\/wp-content\/uploads\/sites\/3\/2023\/02\/JOGOS-SERVIDORES-JISS2-768x217-1.png\" alt=\"\" class=\"wp-image-1314\" srcset=\"https:\/\/www.manaus.am.gov.br\/semed\/wp-content\/uploads\/sites\/3\/2023\/02\/JOGOS-SERVIDORES-JISS2-768x217-1.png 768w, https:\/\/www.manaus.am.gov.br\/semed\/wp-content\/uploads\/sites\/3\/2023\/02\/JOGOS-SERVIDORES-JISS2-768x217-1-300x85.png 300w\" sizes=\"(max-width: 768px) 100vw, 768px\" \/><\/figure><\/div>\n\n\n<p>A Secretaria Municipal de Educa\u00e7\u00e3o (SEMED) informa que est\u00e3o&nbsp;<strong>abertas as inscri\u00e7\u00f5es<\/strong>&nbsp;para a&nbsp;<strong>6\u00aa edi\u00e7\u00e3o dos Jogos de Integra\u00e7\u00e3o dos Servidores da Semed (JISS)<\/strong>, iniciativa consolidada que promove o esporte como instrumento de sa\u00fade, bem-estar e integra\u00e7\u00e3o entre os servidores da rede municipal de ensino.<\/p>\n\n\n\n<p>Os interessados j\u00e1 podem se inscrever por meio do link oficial:<br>&nbsp;<a href=\"https:\/\/sistemassemed.manaus.am.gov.br\/sijes\" target=\"_blank\" rel=\"noreferrer noopener\">https:\/\/sistemassemed.manaus.am.gov.br\/sijes<\/a><\/p>\n\n\n\n<p>Organizado pela Subsecretaria de Administra\u00e7\u00e3o e Finan\u00e7as (SSAF), por meio da Divis\u00e3o de Pessoal e do N\u00facleo de Qualidade de Vida, o JISS tem como prop\u00f3sito fortalecer os v\u00ednculos institucionais, incentivar h\u00e1bitos saud\u00e1veis e promover a qualidade de vida no ambiente de trabalho, por meio da pr\u00e1tica esportiva e de atividades integrativas.<\/p>\n\n\n\n<p>Nesta edi\u00e7\u00e3o, as modalidades&nbsp;<strong>Futsal, Futebol Society e Queimada<\/strong>&nbsp;trazem uma importante inova\u00e7\u00e3o: a cria\u00e7\u00e3o das categorias&nbsp;<strong>Adulto, 40+ e 50+<\/strong>, ampliando a inclus\u00e3o e possibilitando maior participa\u00e7\u00e3o dos servidores em diferentes faixas et\u00e1rias, de forma mais equilibrada e competitiva.<\/p>\n\n\n\n<p>As inscri\u00e7\u00f5es j\u00e1 est\u00e3o em andamento para essas modalidades, e, ao longo do primeiro semestre, ser\u00e3o abertas inscri\u00e7\u00f5es para novas modalidades, incluindo:&nbsp;<strong>V\u00f4lei de Praia 4&#215;4, Basquete 3&#215;3, Handebol, Badminton, Domin\u00f3, Nata\u00e7\u00e3o, Xadrez e T\u00eanis de Mesa<\/strong>. A SEMED reafirma seu compromisso com a valoriza\u00e7\u00e3o do servidor p\u00fablico, reconhecendo que a\u00e7\u00f5es como o JISS s\u00e3o essenciais para a promo\u00e7\u00e3o da sa\u00fade f\u00edsica e mental, o fortalecimento das rela\u00e7\u00f5es interpessoais e a melhoria do clima organizacional.<\/p>\n\n\n\n<h2 class=\"wp-block-heading\">Boletins<\/h2>\n\n\n\n<div class=\"wp-block-file\"><a id=\"wp-block-file--media-10c7bf35-0d95-43c3-8bfc-f4fd95b41a5f\" href=\"https:\/\/www.manaus.am.gov.br\/semed\/wp-content\/uploads\/sites\/3\/2025\/07\/BOLETIM-N.-01-JISS-2025.pdf\">BOLETIM N. 01 JISS 2025<\/a><\/div>\n\n\n\n<div class=\"wp-block-file\"><a id=\"wp-block-file--media-35aa9f76-b653-40a5-b97a-9613b345306e\" href=\"https:\/\/www.manaus.am.gov.br\/semed\/wp-content\/uploads\/sites\/3\/2025\/08\/BOLETIM-N.-02-JISS-2025.pdf\">BOLETIM N. 02 JISS 2025<\/a><\/div>\n\n\n\n<div class=\"wp-block-file\"><a id=\"wp-block-file--media-0078cf50-c153-4706-9e37-84cb32089c64\" href=\"https:\/\/www.manaus.am.gov.br\/semed\/wp-content\/uploads\/sites\/3\/2025\/08\/BOLETIM-N.-03-JISS-2025-2.pdf\">BOLETIM N. 03 JISS 2025<\/a><\/div>\n\n\n\n<div class=\"wp-block-file\"><a id=\"wp-block-file--media-01b8ab0d-9374-4db1-abbe-7decce67870c\" href=\"https:\/\/www.manaus.am.gov.br\/semed\/wp-content\/uploads\/sites\/3\/2025\/10\/BOLETIM-N.-04-JISS-2025.pdf\">BOLETIM N. 04 JISS 2025<\/a><\/div>\n\n\n\n<div class=\"wp-block-file\"><a id=\"wp-block-file--media-76db0ecc-9aad-4e3c-9d18-bb501ad8af21\" href=\"https:\/\/www.manaus.am.gov.br\/semed\/wp-content\/uploads\/sites\/3\/2025\/10\/BOLETIM-N.-05-JISS-2025.pdf\">BOLETIM N. 05 JISS 2025<\/a><\/div>\n\n\n\n<div class=\"wp-block-file\"><a id=\"wp-block-file--media-fac944c4-2284-4738-9d13-af267bd01662\" href=\"https:\/\/www.manaus.am.gov.br\/semed\/wp-content\/uploads\/sites\/3\/2025\/10\/BOLETIM-N.-06-JISS-2025.pdf\">BOLETIM N. 06 JISS 2025<\/a><\/div>\n\n\n\n<div class=\"wp-block-file\"><a id=\"wp-block-file--media-53b9499a-89d9-4189-bb60-8bbfd600d50f\" href=\"https:\/\/www.manaus.am.gov.br\/semed\/wp-content\/uploads\/sites\/3\/2025\/09\/BOLETIM-N.-07-JISS-2025.pdf\">BOLETIM N. 07 JISS 2025<\/a><\/div>\n\n\n\n<div class=\"wp-block-file\"><a id=\"wp-block-file--media-58f47dd6-f731-4ebd-b972-1afef5e3c49e\" href=\"https:\/\/www.manaus.am.gov.br\/semed\/wp-content\/uploads\/sites\/3\/2025\/10\/BOLETIM-N.-08-JISS-2025.pdf\">BOLETIM N. 08 JISS 2025<\/a><\/div>\n\n\n\n<div class=\"wp-block-file\"><a id=\"wp-block-file--media-33deea87-bdf2-49b9-933c-331310ca70d4\" href=\"https:\/\/www.manaus.am.gov.br\/semed\/wp-content\/uploads\/sites\/3\/2025\/10\/BOLETIM-N.-09-JISS-2025.pdf\">BOLETIM N. 09 JISS 2025<\/a><\/div>\n\n\n\n<p><\/p>\n\n\n\n<h2 class=\"wp-block-heading\">Inscri\u00e7\u00f5es<\/h2>\n\n\n\n<p><a href=\"http:\/\/servicossemed.manaus.am.gov.br\/jiss\/web\/\" target=\"_blank\" rel=\"noreferrer noopener\">Clique aqui para se inscrever<\/a><\/p>\n\n\n\n<h2 class=\"wp-block-heading\">Regulamentos<\/h2>\n\n\n\n<div class=\"wp-block-file\"><a id=\"wp-block-file--media-44556007-5053-41b7-a3be-6448b6f39bd7\" href=\"https:\/\/www.manaus.am.gov.br\/semed\/wp-content\/uploads\/sites\/3\/2025\/06\/REGULAMENTO-GERAL-JISS-2025.pdf\">REGULAMENTO GERAL JISS 2025<\/a><\/div>\n\n\n\n<div class=\"wp-block-file\"><a id=\"wp-block-file--media-c50d64ab-21cd-4336-bc80-ccc81f207625\" href=\"https:\/\/www.manaus.am.gov.br\/semed\/wp-content\/uploads\/sites\/3\/2025\/06\/REGULAMENTO-FUTEBOL-SOCIETY-JISS-2025.pdf\">REGULAMENTO FUTEBOL SOCIETY JISS 2025<\/a><\/div>\n\n\n\n<div class=\"wp-block-file\"><a id=\"wp-block-file--media-7914bd16-b1cb-4671-9484-a692fd0138d3\" href=\"https:\/\/www.manaus.am.gov.br\/semed\/wp-content\/uploads\/sites\/3\/2025\/06\/REGULAMENTO-FUTSAL-JISS-2025.pdf\">REGULAMENTO FUTSAL JISS 2025<\/a><\/div>\n\n\n\n<div class=\"wp-block-file\"><a id=\"wp-block-file--media-37a6108a-cb82-4569-a7ef-808ce58c31a3\" href=\"https:\/\/www.manaus.am.gov.br\/semed\/wp-content\/uploads\/sites\/3\/2025\/06\/REGULAMENTO-QUEIMADA-JISS-2025.pdf\">REGULAMENTO QUEIMADA JISS 2025<\/a><\/div>\n\n\n\n<div class=\"wp-block-file\"><a id=\"wp-block-file--media-49e35395-f00c-48da-88f1-11006cb414b3\" href=\"https:\/\/www.manaus.am.gov.br\/semed\/wp-content\/uploads\/sites\/3\/2025\/08\/REGULAMENTO-HANDEBOL-JISS-2025.docx.pdf\">REGULAMENTO HANDEBOL JISS 2025<\/a><\/div>\n\n\n\n<div class=\"wp-block-file\"><a id=\"wp-block-file--media-42371fb9-ecaa-49f2-af6e-464413029a9b\" href=\"https:\/\/www.manaus.am.gov.br\/semed\/wp-content\/uploads\/sites\/3\/2025\/08\/REGULAMENTO-BASQUETE-3X3-JISS-2025.docx.pdf\">REGULAMENTO BASQUETE 3X3 JISS 2025<\/a><\/div>\n\n\n\n<div class=\"wp-block-file\"><a id=\"wp-block-file--media-a12e938b-b16a-4d48-b795-6ef1f34d4d37\" href=\"https:\/\/www.manaus.am.gov.br\/semed\/wp-content\/uploads\/sites\/3\/2025\/08\/REGULAMENTO-VOLEI-DE-PRAIA-4X4-JISS-2025.docx.pdf\">REGULAMENTO V\u00d4LEI DE PRAIA 4X4 JISS 2025<\/a><\/div>\n\n\n\n<p><\/p>\n\n\n\n<h2 class=\"wp-block-heading\">Anos anteriores<\/h2>\n\n\n\n<h2 class=\"wp-block-heading\"><a href=\"https:\/\/www.manaus.am.gov.br\/semed\/jiss-jogos-de-integracao-dos-servidores-da-semed\/jiss-2024\/\">JISS 2024<\/a><\/h2>\n\n\n\n<h2 class=\"wp-block-heading\"><a href=\"https:\/\/www.manaus.am.gov.br\/semed\/jiss-jogos-de-integracao-dos-servidores-da-semed\/jiss-2023\/\">JISS 2023<\/a><\/h2>\n\n\n\n<h2 class=\"wp-block-heading\"><a href=\"https:\/\/www.manaus.am.gov.br\/semed\/jiss-jogos-de-integracao-dos-servidores-da-semed\/jiss-2022\/\">JISS 2022<\/a><\/h2>\n\n\n\n<p><\/p>\n","protected":false},"excerpt":{"rendered":"","protected":false},"author":27,"featured_media":0,"parent":0,"menu_order":0,"comment_status":"closed","ping_status":"closed","template":"","meta":{"footnotes":""},"acf":[],"yoast_head":"<!-- This site is optimized with the Yoast SEO plugin v23.0 - https:\/\/yoast.com\/wordpress\/plugins\/seo\/ -->\n<title>JISS - Jogos de Integra\u00e7\u00e3o dos Servidores da SEMED - SEMED<\/title>\n<meta name=\"robots\" content=\"index, follow, max-snippet:-1, max-image-preview:large, max-video-preview:-1\" \/>\n<link rel=\"canonical\" href=\"https:\/\/www.manaus.am.gov.br\/semed\/jiss-jogos-de-integracao-dos-servidores-da-semed\/\" \/>\n<meta property=\"og:locale\" content=\"pt_BR\" \/>\n<meta property=\"og:type\" content=\"article\" \/>\n<meta property=\"og:title\" content=\"JISS - Jogos de Integra\u00e7\u00e3o dos Servidores da SEMED - SEMED\" \/>\n<meta property=\"og:url\" content=\"https:\/\/www.manaus.am.gov.br\/semed\/jiss-jogos-de-integracao-dos-servidores-da-semed\/\" \/>\n<meta property=\"og:site_name\" content=\"SEMED\" \/>\n<meta property=\"article:modified_time\" content=\"2026-03-25T19:09:25+00:00\" \/>\n<meta property=\"og:image\" content=\"https:\/\/www.manaus.am.gov.br\/semed\/wp-content\/uploads\/sites\/3\/2023\/02\/JOGOS-SERVIDORES-JISS2-768x217-1.png\" \/>\n<meta name=\"twitter:card\" content=\"summary_large_image\" \/>\n<meta name=\"twitter:label1\" content=\"Est. reading time\" \/>\n\t<meta name=\"twitter:data1\" content=\"2 minutos\" \/>\n<script type=\"application\/ld+json\" class=\"yoast-schema-graph\">{\"@context\":\"https:\/\/schema.org\",\"@graph\":[{\"@type\":\"Article\",\"@id\":\"https:\/\/www.manaus.am.gov.br\/semed\/jiss-jogos-de-integracao-dos-servidores-da-semed\/#article\",\"isPartOf\":{\"@id\":\"https:\/\/www.manaus.am.gov.br\/semed\/jiss-jogos-de-integracao-dos-servidores-da-semed\/\"},\"author\":{\"name\":\"Imarketing Digital\",\"@id\":\"https:\/\/www.manaus.am.gov.br\/semed\/#\/schema\/person\/79525a47ac5902f50493820d995728ee\"},\"headline\":\"JISS &#8211; Jogos de Integra\u00e7\u00e3o dos Servidores da SEMED\",\"datePublished\":\"2023-02-15T20:43:36+00:00\",\"dateModified\":\"2026-03-25T19:09:25+00:00\",\"mainEntityOfPage\":{\"@id\":\"https:\/\/www.manaus.am.gov.br\/semed\/jiss-jogos-de-integracao-dos-servidores-da-semed\/\"},\"wordCount\":351,\"publisher\":{\"@id\":\"https:\/\/www.manaus.am.gov.br\/semed\/#organization\"},\"image\":{\"@id\":\"https:\/\/www.manaus.am.gov.br\/semed\/jiss-jogos-de-integracao-dos-servidores-da-semed\/#primaryimage\"},\"thumbnailUrl\":\"https:\/\/www.manaus.am.gov.br\/semed\/wp-content\/uploads\/sites\/3\/2023\/02\/JOGOS-SERVIDORES-JISS2-768x217-1.png\",\"inLanguage\":\"pt-BR\"},{\"@type\":\"WebPage\",\"@id\":\"https:\/\/www.manaus.am.gov.br\/semed\/jiss-jogos-de-integracao-dos-servidores-da-semed\/\",\"url\":\"https:\/\/www.manaus.am.gov.br\/semed\/jiss-jogos-de-integracao-dos-servidores-da-semed\/\",\"name\":\"JISS - Jogos de Integra\u00e7\u00e3o dos Servidores da SEMED - SEMED\",\"isPartOf\":{\"@id\":\"https:\/\/www.manaus.am.gov.br\/semed\/#website\"},\"primaryImageOfPage\":{\"@id\":\"https:\/\/www.manaus.am.gov.br\/semed\/jiss-jogos-de-integracao-dos-servidores-da-semed\/#primaryimage\"},\"image\":{\"@id\":\"https:\/\/www.manaus.am.gov.br\/semed\/jiss-jogos-de-integracao-dos-servidores-da-semed\/#primaryimage\"},\"thumbnailUrl\":\"https:\/\/www.manaus.am.gov.br\/semed\/wp-content\/uploads\/sites\/3\/2023\/02\/JOGOS-SERVIDORES-JISS2-768x217-1.png\",\"datePublished\":\"2023-02-15T20:43:36+00:00\",\"dateModified\":\"2026-03-25T19:09:25+00:00\",\"inLanguage\":\"pt-BR\",\"potentialAction\":[{\"@type\":\"ReadAction\",\"target\":[\"https:\/\/www.manaus.am.gov.br\/semed\/jiss-jogos-de-integracao-dos-servidores-da-semed\/\"]}]},{\"@type\":\"ImageObject\",\"inLanguage\":\"pt-BR\",\"@id\":\"https:\/\/www.manaus.am.gov.br\/semed\/jiss-jogos-de-integracao-dos-servidores-da-semed\/#primaryimage\",\"url\":\"https:\/\/www.manaus.am.gov.br\/semed\/wp-content\/uploads\/sites\/3\/2023\/02\/JOGOS-SERVIDORES-JISS2-768x217-1.png\",\"contentUrl\":\"https:\/\/www.manaus.am.gov.br\/semed\/wp-content\/uploads\/sites\/3\/2023\/02\/JOGOS-SERVIDORES-JISS2-768x217-1.png\",\"width\":768,\"height\":217},{\"@type\":\"WebSite\",\"@id\":\"https:\/\/www.manaus.am.gov.br\/semed\/#website\",\"url\":\"https:\/\/www.manaus.am.gov.br\/semed\/\",\"name\":\"Secretaria Municipal de Educa\u00e7\u00e3o\",\"description\":\"Secretaria Municipal de Educa\u00e7\u00e3o\",\"publisher\":{\"@id\":\"https:\/\/www.manaus.am.gov.br\/semed\/#organization\"},\"alternateName\":\"SEMED\",\"potentialAction\":[{\"@type\":\"SearchAction\",\"target\":{\"@type\":\"EntryPoint\",\"urlTemplate\":\"https:\/\/www.manaus.am.gov.br\/semed\/?s={search_term_string}\"},\"query-input\":\"required name=search_term_string\"}],\"inLanguage\":\"pt-BR\"},{\"@type\":\"Organization\",\"@id\":\"https:\/\/www.manaus.am.gov.br\/semed\/#organization\",\"name\":\"Secretaria de Educa\u00e7\u00e3o\",\"alternateName\":\"SEMED\",\"url\":\"https:\/\/www.manaus.am.gov.br\/semed\/\",\"logo\":{\"@type\":\"ImageObject\",\"inLanguage\":\"pt-BR\",\"@id\":\"https:\/\/www.manaus.am.gov.br\/semed\/#\/schema\/logo\/image\/\",\"url\":\"https:\/\/www.manaus.am.gov.br\/semed\/wp-content\/uploads\/sites\/3\/2022\/11\/favicon.png\",\"contentUrl\":\"https:\/\/www.manaus.am.gov.br\/semed\/wp-content\/uploads\/sites\/3\/2022\/11\/favicon.png\",\"width\":300,\"height\":300,\"caption\":\"Secretaria de Educa\u00e7\u00e3o\"},\"image\":{\"@id\":\"https:\/\/www.manaus.am.gov.br\/semed\/#\/schema\/logo\/image\/\"}},{\"@type\":\"Person\",\"@id\":\"https:\/\/www.manaus.am.gov.br\/semed\/#\/schema\/person\/79525a47ac5902f50493820d995728ee\",\"name\":\"Imarketing Digital\",\"image\":{\"@type\":\"ImageObject\",\"inLanguage\":\"pt-BR\",\"@id\":\"https:\/\/www.manaus.am.gov.br\/semed\/#\/schema\/person\/image\/\",\"url\":\"https:\/\/secure.gravatar.com\/avatar\/03432d3c57b756ed9760f7019c815a3a?s=96&d=mm&r=g\",\"contentUrl\":\"https:\/\/secure.gravatar.com\/avatar\/03432d3c57b756ed9760f7019c815a3a?s=96&d=mm&r=g\",\"caption\":\"Imarketing Digital\"}}]}<\/script>\n<!-- \/ Yoast SEO plugin. -->","yoast_head_json":{"title":"JISS - Jogos de Integra\u00e7\u00e3o dos Servidores da SEMED - SEMED","robots":{"index":"index","follow":"follow","max-snippet":"max-snippet:-1","max-image-preview":"max-image-preview:large","max-video-preview":"max-video-preview:-1"},"canonical":"https:\/\/www.manaus.am.gov.br\/semed\/jiss-jogos-de-integracao-dos-servidores-da-semed\/","og_locale":"pt_BR","og_type":"article","og_title":"JISS - Jogos de Integra\u00e7\u00e3o dos Servidores da SEMED - SEMED","og_url":"https:\/\/www.manaus.am.gov.br\/semed\/jiss-jogos-de-integracao-dos-servidores-da-semed\/","og_site_name":"SEMED","article_modified_time":"2026-03-25T19:09:25+00:00","og_image":[{"url":"https:\/\/www.manaus.am.gov.br\/semed\/wp-content\/uploads\/sites\/3\/2023\/02\/JOGOS-SERVIDORES-JISS2-768x217-1.png"}],"twitter_card":"summary_large_image","twitter_misc":{"Est. reading time":"2 minutos"},"schema":{"@context":"https:\/\/schema.org","@graph":[{"@type":"Article","@id":"https:\/\/www.manaus.am.gov.br\/semed\/jiss-jogos-de-integracao-dos-servidores-da-semed\/#article","isPartOf":{"@id":"https:\/\/www.manaus.am.gov.br\/semed\/jiss-jogos-de-integracao-dos-servidores-da-semed\/"},"author":{"name":"Imarketing Digital","@id":"https:\/\/www.manaus.am.gov.br\/semed\/#\/schema\/person\/79525a47ac5902f50493820d995728ee"},"headline":"JISS &#8211; Jogos de Integra\u00e7\u00e3o dos Servidores da SEMED","datePublished":"2023-02-15T20:43:36+00:00","dateModified":"2026-03-25T19:09:25+00:00","mainEntityOfPage":{"@id":"https:\/\/www.manaus.am.gov.br\/semed\/jiss-jogos-de-integracao-dos-servidores-da-semed\/"},"wordCount":351,"publisher":{"@id":"https:\/\/www.manaus.am.gov.br\/semed\/#organization"},"image":{"@id":"https:\/\/www.manaus.am.gov.br\/semed\/jiss-jogos-de-integracao-dos-servidores-da-semed\/#primaryimage"},"thumbnailUrl":"https:\/\/www.manaus.am.gov.br\/semed\/wp-content\/uploads\/sites\/3\/2023\/02\/JOGOS-SERVIDORES-JISS2-768x217-1.png","inLanguage":"pt-BR"},{"@type":"WebPage","@id":"https:\/\/www.manaus.am.gov.br\/semed\/jiss-jogos-de-integracao-dos-servidores-da-semed\/","url":"https:\/\/www.manaus.am.gov.br\/semed\/jiss-jogos-de-integracao-dos-servidores-da-semed\/","name":"JISS - Jogos de Integra\u00e7\u00e3o dos Servidores da SEMED - SEMED","isPartOf":{"@id":"https:\/\/www.manaus.am.gov.br\/semed\/#website"},"primaryImageOfPage":{"@id":"https:\/\/www.manaus.am.gov.br\/semed\/jiss-jogos-de-integracao-dos-servidores-da-semed\/#primaryimage"},"image":{"@id":"https:\/\/www.manaus.am.gov.br\/semed\/jiss-jogos-de-integracao-dos-servidores-da-semed\/#primaryimage"},"thumbnailUrl":"https:\/\/www.manaus.am.gov.br\/semed\/wp-content\/uploads\/sites\/3\/2023\/02\/JOGOS-SERVIDORES-JISS2-768x217-1.png","datePublished":"2023-02-15T20:43:36+00:00","dateModified":"2026-03-25T19:09:25+00:00","inLanguage":"pt-BR","potentialAction":[{"@type":"ReadAction","target":["https:\/\/www.manaus.am.gov.br\/semed\/jiss-jogos-de-integracao-dos-servidores-da-semed\/"]}]},{"@type":"ImageObject","inLanguage":"pt-BR","@id":"https:\/\/www.manaus.am.gov.br\/semed\/jiss-jogos-de-integracao-dos-servidores-da-semed\/#primaryimage","url":"https:\/\/www.manaus.am.gov.br\/semed\/wp-content\/uploads\/sites\/3\/2023\/02\/JOGOS-SERVIDORES-JISS2-768x217-1.png","contentUrl":"https:\/\/www.manaus.am.gov.br\/semed\/wp-content\/uploads\/sites\/3\/2023\/02\/JOGOS-SERVIDORES-JISS2-768x217-1.png","width":768,"height":217},{"@type":"WebSite","@id":"https:\/\/www.manaus.am.gov.br\/semed\/#website","url":"https:\/\/www.manaus.am.gov.br\/semed\/","name":"Secretaria Municipal de Educa\u00e7\u00e3o","description":"Secretaria Municipal de Educa\u00e7\u00e3o","publisher":{"@id":"https:\/\/www.manaus.am.gov.br\/semed\/#organization"},"alternateName":"SEMED","potentialAction":[{"@type":"SearchAction","target":{"@type":"EntryPoint","urlTemplate":"https:\/\/www.manaus.am.gov.br\/semed\/?s={search_term_string}"},"query-input":"required name=search_term_string"}],"inLanguage":"pt-BR"},{"@type":"Organization","@id":"https:\/\/www.manaus.am.gov.br\/semed\/#organization","name":"Secretaria de Educa\u00e7\u00e3o","alternateName":"SEMED","url":"https:\/\/www.manaus.am.gov.br\/semed\/","logo":{"@type":"ImageObject","inLanguage":"pt-BR","@id":"https:\/\/www.manaus.am.gov.br\/semed\/#\/schema\/logo\/image\/","url":"https:\/\/www.manaus.am.gov.br\/semed\/wp-content\/uploads\/sites\/3\/2022\/11\/favicon.png","contentUrl":"https:\/\/www.manaus.am.gov.br\/semed\/wp-content\/uploads\/sites\/3\/2022\/11\/favicon.png","width":300,"height":300,"caption":"Secretaria de Educa\u00e7\u00e3o"},"image":{"@id":"https:\/\/www.manaus.am.gov.br\/semed\/#\/schema\/logo\/image\/"}},{"@type":"Person","@id":"https:\/\/www.manaus.am.gov.br\/semed\/#\/schema\/person\/79525a47ac5902f50493820d995728ee","name":"Imarketing Digital","image":{"@type":"ImageObject","inLanguage":"pt-BR","@id":"https:\/\/www.manaus.am.gov.br\/semed\/#\/schema\/person\/image\/","url":"https:\/\/secure.gravatar.com\/avatar\/03432d3c57b756ed9760f7019c815a3a?s=96&d=mm&r=g","contentUrl":"https:\/\/secure.gravatar.com\/avatar\/03432d3c57b756ed9760f7019c815a3a?s=96&d=mm&r=g","caption":"Imarketing Digital"}}]}},"_links":{"self":[{"href":"https:\/\/www.manaus.am.gov.br\/semed\/wp-json\/wp\/v2\/pages\/1313"}],"collection":[{"href":"https:\/\/www.manaus.am.gov.br\/semed\/wp-json\/wp\/v2\/pages"}],"about":[{"href":"https:\/\/www.manaus.am.gov.br\/semed\/wp-json\/wp\/v2\/types\/page"}],"author":[{"embeddable":true,"href":"https:\/\/www.manaus.am.gov.br\/semed\/wp-json\/wp\/v2\/users\/27"}],"replies":[{"embeddable":true,"href":"https:\/\/www.manaus.am.gov.br\/semed\/wp-json\/wp\/v2\/comments?post=1313"}],"version-history":[{"count":25,"href":"https:\/\/www.manaus.am.gov.br\/semed\/wp-json\/wp\/v2\/pages\/1313\/revisions"}],"predecessor-version":[{"id":11252,"href":"https:\/\/www.manaus.am.gov.br\/semed\/wp-json\/wp\/v2\/pages\/1313\/revisions\/11252"}],"wp:attachment":[{"href":"https:\/\/www.manaus.am.gov.br\/semed\/wp-json\/wp\/v2\/media?parent=1313"}],"curies":[{"name":"wp","href":"https:\/\/api.w.org\/{rel}","templated":true}]}}