{"id":11639,"date":"2026-05-04T10:27:53","date_gmt":"2026-05-04T14:27:53","guid":{"rendered":"https:\/\/www.manaus.am.gov.br\/semed\/?page_id=11639"},"modified":"2026-05-04T10:27:53","modified_gmt":"2026-05-04T14:27:53","slug":"30-anos-do-conselho-municipal-de-educacao","status":"publish","type":"page","link":"https:\/\/www.manaus.am.gov.br\/semed\/30-anos-do-conselho-municipal-de-educacao\/","title":{"rendered":"30 anos do Conselho Municipal de Educa\u00e7\u00e3o"},"content":{"rendered":"<div class=\"wp-block-image\">\n<figure class=\"aligncenter size-full\"><img loading=\"lazy\" decoding=\"async\" width=\"425\" height=\"281\" src=\"https:\/\/www.manaus.am.gov.br\/semed\/wp-content\/uploads\/sites\/3\/2026\/05\/CME30anos.png\" alt=\"\" class=\"wp-image-11640\" srcset=\"https:\/\/www.manaus.am.gov.br\/semed\/wp-content\/uploads\/sites\/3\/2026\/05\/CME30anos.png 425w, https:\/\/www.manaus.am.gov.br\/semed\/wp-content\/uploads\/sites\/3\/2026\/05\/CME30anos-300x198.png 300w\" sizes=\"(max-width: 425px) 100vw, 425px\" \/><\/figure><\/div>\n\n\n<p>O Conselho Municipal de Educa\u00e7\u00e3o de Manaus, celebra em 2026, tr\u00eas d\u00e9cadas de hist\u00f3rias dedicadas \u00e0 constru\u00e7\u00e3o de uma educa\u00e7\u00e3o mais justa, democr\u00e1tica e de qualidade para todos.<\/p>\n\n\n\n<p>Ao longo desses 30 anos, o Conselho tem desempenhado um papel essencial na normatiza\u00e7\u00e3o, fiscaliza\u00e7\u00e3o e orienta\u00e7\u00e3o do sistema educacional do munic\u00edpio, atuando com compromisso, responsabilidade e di\u00e1logo permanente com a sociedade. Sua trajet\u00f3ria \u00e9 marcada por decis\u00f5es que impactam diretamente a vida de milhares de estudantes, educadores e fam\u00edlias manauaras.<\/p>\n\n\n\n<p>Mais do que um \u00f3rg\u00e3o deliberativo, o Conselho Municipal de Educa\u00e7\u00e3o, \u00e9 um espa\u00e7o de escuta, participa\u00e7\u00e3o e constru\u00e7\u00e3o coletiva. \u00c9 onde, vozes se encontram para pensar o presente e projetar o futuro da educa\u00e7\u00e3o na capital amazonense.<\/p>\n\n\n\n<p>Celebrar esta data \u00e9 reconhecer o trabalho de conselheiros, t\u00e9cnicos, gestores e parceiros que, ao longo dos anos, contribu\u00edram para o fortalecimento das pol\u00edticas p\u00fablicas educacionais. \u00c9 tamb\u00e9m, reafirmar o compromisso com uma educa\u00e7\u00e3o inclusiva, inovadora e transformadora.<\/p>\n\n\n\n<p>Os 30 anos do Conselho representam n\u00e3o apenas uma trajet\u00f3ria de conquistas, mas um convite \u00e0 continuidade: seguir avan\u00e7ando, ouvindo, aprendendo e construindo caminhos que garantam o direito \u00e0 educa\u00e7\u00e3o de qualidade para todos.<\/p>\n\n\n\n<p><strong>\u201cTr\u00eas d\u00e9cadas promovendo qualidade, di\u00e1logo e desenvolvimento educacional. \u201d<\/strong><\/p>\n","protected":false},"excerpt":{"rendered":"","protected":false},"author":8,"featured_media":0,"parent":0,"menu_order":0,"comment_status":"closed","ping_status":"closed","template":"templates\/turismo.php","meta":{"footnotes":""},"acf":[],"yoast_head":"<!-- This site is optimized with the Yoast SEO plugin v23.0 - https:\/\/yoast.com\/wordpress\/plugins\/seo\/ -->\n<title>30 anos do Conselho Municipal de Educa\u00e7\u00e3o - SEMED<\/title>\n<meta name=\"robots\" content=\"index, follow, max-snippet:-1, max-image-preview:large, max-video-preview:-1\" \/>\n<link rel=\"canonical\" href=\"https:\/\/www.manaus.am.gov.br\/semed\/30-anos-do-conselho-municipal-de-educacao\/\" \/>\n<meta property=\"og:locale\" content=\"pt_BR\" \/>\n<meta property=\"og:type\" content=\"article\" \/>\n<meta property=\"og:title\" content=\"30 anos do Conselho Municipal de Educa\u00e7\u00e3o - SEMED\" \/>\n<meta property=\"og:url\" content=\"https:\/\/www.manaus.am.gov.br\/semed\/30-anos-do-conselho-municipal-de-educacao\/\" \/>\n<meta property=\"og:site_name\" content=\"SEMED\" \/>\n<meta property=\"og:image\" content=\"https:\/\/www.manaus.am.gov.br\/semed\/wp-content\/uploads\/sites\/3\/2026\/05\/CME30anos.png\" \/>\n<meta name=\"twitter:card\" content=\"summary_large_image\" \/>\n<meta name=\"twitter:label1\" content=\"Est. reading time\" \/>\n\t<meta name=\"twitter:data1\" content=\"2 minutos\" \/>\n<script type=\"application\/ld+json\" class=\"yoast-schema-graph\">{\"@context\":\"https:\/\/schema.org\",\"@graph\":[{\"@type\":\"Article\",\"@id\":\"https:\/\/www.manaus.am.gov.br\/semed\/30-anos-do-conselho-municipal-de-educacao\/#article\",\"isPartOf\":{\"@id\":\"https:\/\/www.manaus.am.gov.br\/semed\/30-anos-do-conselho-municipal-de-educacao\/\"},\"author\":{\"name\":\"Glauber Farias\",\"@id\":\"https:\/\/www.manaus.am.gov.br\/semed\/#\/schema\/person\/fe69d2249d78e7a3112d42bc34c44a58\"},\"headline\":\"30 anos do Conselho Municipal de Educa\u00e7\u00e3o\",\"datePublished\":\"2026-05-04T14:27:53+00:00\",\"dateModified\":\"2026-05-04T14:27:53+00:00\",\"mainEntityOfPage\":{\"@id\":\"https:\/\/www.manaus.am.gov.br\/semed\/30-anos-do-conselho-municipal-de-educacao\/\"},\"wordCount\":227,\"publisher\":{\"@id\":\"https:\/\/www.manaus.am.gov.br\/semed\/#organization\"},\"image\":{\"@id\":\"https:\/\/www.manaus.am.gov.br\/semed\/30-anos-do-conselho-municipal-de-educacao\/#primaryimage\"},\"thumbnailUrl\":\"https:\/\/www.manaus.am.gov.br\/semed\/wp-content\/uploads\/sites\/3\/2026\/05\/CME30anos.png\",\"inLanguage\":\"pt-BR\"},{\"@type\":\"WebPage\",\"@id\":\"https:\/\/www.manaus.am.gov.br\/semed\/30-anos-do-conselho-municipal-de-educacao\/\",\"url\":\"https:\/\/www.manaus.am.gov.br\/semed\/30-anos-do-conselho-municipal-de-educacao\/\",\"name\":\"30 anos do Conselho Municipal de Educa\u00e7\u00e3o - SEMED\",\"isPartOf\":{\"@id\":\"https:\/\/www.manaus.am.gov.br\/semed\/#website\"},\"primaryImageOfPage\":{\"@id\":\"https:\/\/www.manaus.am.gov.br\/semed\/30-anos-do-conselho-municipal-de-educacao\/#primaryimage\"},\"image\":{\"@id\":\"https:\/\/www.manaus.am.gov.br\/semed\/30-anos-do-conselho-municipal-de-educacao\/#primaryimage\"},\"thumbnailUrl\":\"https:\/\/www.manaus.am.gov.br\/semed\/wp-content\/uploads\/sites\/3\/2026\/05\/CME30anos.png\",\"datePublished\":\"2026-05-04T14:27:53+00:00\",\"dateModified\":\"2026-05-04T14:27:53+00:00\",\"inLanguage\":\"pt-BR\",\"potentialAction\":[{\"@type\":\"ReadAction\",\"target\":[\"https:\/\/www.manaus.am.gov.br\/semed\/30-anos-do-conselho-municipal-de-educacao\/\"]}]},{\"@type\":\"ImageObject\",\"inLanguage\":\"pt-BR\",\"@id\":\"https:\/\/www.manaus.am.gov.br\/semed\/30-anos-do-conselho-municipal-de-educacao\/#primaryimage\",\"url\":\"https:\/\/www.manaus.am.gov.br\/semed\/wp-content\/uploads\/sites\/3\/2026\/05\/CME30anos.png\",\"contentUrl\":\"https:\/\/www.manaus.am.gov.br\/semed\/wp-content\/uploads\/sites\/3\/2026\/05\/CME30anos.png\",\"width\":425,\"height\":281},{\"@type\":\"WebSite\",\"@id\":\"https:\/\/www.manaus.am.gov.br\/semed\/#website\",\"url\":\"https:\/\/www.manaus.am.gov.br\/semed\/\",\"name\":\"Secretaria Municipal de Educa\u00e7\u00e3o\",\"description\":\"Secretaria Municipal de Educa\u00e7\u00e3o\",\"publisher\":{\"@id\":\"https:\/\/www.manaus.am.gov.br\/semed\/#organization\"},\"alternateName\":\"SEMED\",\"potentialAction\":[{\"@type\":\"SearchAction\",\"target\":{\"@type\":\"EntryPoint\",\"urlTemplate\":\"https:\/\/www.manaus.am.gov.br\/semed\/?s={search_term_string}\"},\"query-input\":\"required name=search_term_string\"}],\"inLanguage\":\"pt-BR\"},{\"@type\":\"Organization\",\"@id\":\"https:\/\/www.manaus.am.gov.br\/semed\/#organization\",\"name\":\"Secretaria de Educa\u00e7\u00e3o\",\"alternateName\":\"SEMED\",\"url\":\"https:\/\/www.manaus.am.gov.br\/semed\/\",\"logo\":{\"@type\":\"ImageObject\",\"inLanguage\":\"pt-BR\",\"@id\":\"https:\/\/www.manaus.am.gov.br\/semed\/#\/schema\/logo\/image\/\",\"url\":\"https:\/\/www.manaus.am.gov.br\/semed\/wp-content\/uploads\/sites\/3\/2022\/11\/favicon.png\",\"contentUrl\":\"https:\/\/www.manaus.am.gov.br\/semed\/wp-content\/uploads\/sites\/3\/2022\/11\/favicon.png\",\"width\":300,\"height\":300,\"caption\":\"Secretaria de Educa\u00e7\u00e3o\"},\"image\":{\"@id\":\"https:\/\/www.manaus.am.gov.br\/semed\/#\/schema\/logo\/image\/\"}},{\"@type\":\"Person\",\"@id\":\"https:\/\/www.manaus.am.gov.br\/semed\/#\/schema\/person\/fe69d2249d78e7a3112d42bc34c44a58\",\"name\":\"Glauber Farias\",\"image\":{\"@type\":\"ImageObject\",\"inLanguage\":\"pt-BR\",\"@id\":\"https:\/\/www.manaus.am.gov.br\/semed\/#\/schema\/person\/image\/\",\"url\":\"https:\/\/secure.gravatar.com\/avatar\/eb33200ffd19538372f635b2165531c0?s=96&d=mm&r=g\",\"contentUrl\":\"https:\/\/secure.gravatar.com\/avatar\/eb33200ffd19538372f635b2165531c0?s=96&d=mm&r=g\",\"caption\":\"Glauber Farias\"}}]}<\/script>\n<!-- \/ Yoast SEO plugin. -->","yoast_head_json":{"title":"30 anos do Conselho Municipal de Educa\u00e7\u00e3o - SEMED","robots":{"index":"index","follow":"follow","max-snippet":"max-snippet:-1","max-image-preview":"max-image-preview:large","max-video-preview":"max-video-preview:-1"},"canonical":"https:\/\/www.manaus.am.gov.br\/semed\/30-anos-do-conselho-municipal-de-educacao\/","og_locale":"pt_BR","og_type":"article","og_title":"30 anos do Conselho Municipal de Educa\u00e7\u00e3o - SEMED","og_url":"https:\/\/www.manaus.am.gov.br\/semed\/30-anos-do-conselho-municipal-de-educacao\/","og_site_name":"SEMED","og_image":[{"url":"https:\/\/www.manaus.am.gov.br\/semed\/wp-content\/uploads\/sites\/3\/2026\/05\/CME30anos.png"}],"twitter_card":"summary_large_image","twitter_misc":{"Est. reading time":"2 minutos"},"schema":{"@context":"https:\/\/schema.org","@graph":[{"@type":"Article","@id":"https:\/\/www.manaus.am.gov.br\/semed\/30-anos-do-conselho-municipal-de-educacao\/#article","isPartOf":{"@id":"https:\/\/www.manaus.am.gov.br\/semed\/30-anos-do-conselho-municipal-de-educacao\/"},"author":{"name":"Glauber Farias","@id":"https:\/\/www.manaus.am.gov.br\/semed\/#\/schema\/person\/fe69d2249d78e7a3112d42bc34c44a58"},"headline":"30 anos do Conselho Municipal de Educa\u00e7\u00e3o","datePublished":"2026-05-04T14:27:53+00:00","dateModified":"2026-05-04T14:27:53+00:00","mainEntityOfPage":{"@id":"https:\/\/www.manaus.am.gov.br\/semed\/30-anos-do-conselho-municipal-de-educacao\/"},"wordCount":227,"publisher":{"@id":"https:\/\/www.manaus.am.gov.br\/semed\/#organization"},"image":{"@id":"https:\/\/www.manaus.am.gov.br\/semed\/30-anos-do-conselho-municipal-de-educacao\/#primaryimage"},"thumbnailUrl":"https:\/\/www.manaus.am.gov.br\/semed\/wp-content\/uploads\/sites\/3\/2026\/05\/CME30anos.png","inLanguage":"pt-BR"},{"@type":"WebPage","@id":"https:\/\/www.manaus.am.gov.br\/semed\/30-anos-do-conselho-municipal-de-educacao\/","url":"https:\/\/www.manaus.am.gov.br\/semed\/30-anos-do-conselho-municipal-de-educacao\/","name":"30 anos do Conselho Municipal de Educa\u00e7\u00e3o - SEMED","isPartOf":{"@id":"https:\/\/www.manaus.am.gov.br\/semed\/#website"},"primaryImageOfPage":{"@id":"https:\/\/www.manaus.am.gov.br\/semed\/30-anos-do-conselho-municipal-de-educacao\/#primaryimage"},"image":{"@id":"https:\/\/www.manaus.am.gov.br\/semed\/30-anos-do-conselho-municipal-de-educacao\/#primaryimage"},"thumbnailUrl":"https:\/\/www.manaus.am.gov.br\/semed\/wp-content\/uploads\/sites\/3\/2026\/05\/CME30anos.png","datePublished":"2026-05-04T14:27:53+00:00","dateModified":"2026-05-04T14:27:53+00:00","inLanguage":"pt-BR","potentialAction":[{"@type":"ReadAction","target":["https:\/\/www.manaus.am.gov.br\/semed\/30-anos-do-conselho-municipal-de-educacao\/"]}]},{"@type":"ImageObject","inLanguage":"pt-BR","@id":"https:\/\/www.manaus.am.gov.br\/semed\/30-anos-do-conselho-municipal-de-educacao\/#primaryimage","url":"https:\/\/www.manaus.am.gov.br\/semed\/wp-content\/uploads\/sites\/3\/2026\/05\/CME30anos.png","contentUrl":"https:\/\/www.manaus.am.gov.br\/semed\/wp-content\/uploads\/sites\/3\/2026\/05\/CME30anos.png","width":425,"height":281},{"@type":"WebSite","@id":"https:\/\/www.manaus.am.gov.br\/semed\/#website","url":"https:\/\/www.manaus.am.gov.br\/semed\/","name":"Secretaria Municipal de Educa\u00e7\u00e3o","description":"Secretaria Municipal de Educa\u00e7\u00e3o","publisher":{"@id":"https:\/\/www.manaus.am.gov.br\/semed\/#organization"},"alternateName":"SEMED","potentialAction":[{"@type":"SearchAction","target":{"@type":"EntryPoint","urlTemplate":"https:\/\/www.manaus.am.gov.br\/semed\/?s={search_term_string}"},"query-input":"required name=search_term_string"}],"inLanguage":"pt-BR"},{"@type":"Organization","@id":"https:\/\/www.manaus.am.gov.br\/semed\/#organization","name":"Secretaria de Educa\u00e7\u00e3o","alternateName":"SEMED","url":"https:\/\/www.manaus.am.gov.br\/semed\/","logo":{"@type":"ImageObject","inLanguage":"pt-BR","@id":"https:\/\/www.manaus.am.gov.br\/semed\/#\/schema\/logo\/image\/","url":"https:\/\/www.manaus.am.gov.br\/semed\/wp-content\/uploads\/sites\/3\/2022\/11\/favicon.png","contentUrl":"https:\/\/www.manaus.am.gov.br\/semed\/wp-content\/uploads\/sites\/3\/2022\/11\/favicon.png","width":300,"height":300,"caption":"Secretaria de Educa\u00e7\u00e3o"},"image":{"@id":"https:\/\/www.manaus.am.gov.br\/semed\/#\/schema\/logo\/image\/"}},{"@type":"Person","@id":"https:\/\/www.manaus.am.gov.br\/semed\/#\/schema\/person\/fe69d2249d78e7a3112d42bc34c44a58","name":"Glauber Farias","image":{"@type":"ImageObject","inLanguage":"pt-BR","@id":"https:\/\/www.manaus.am.gov.br\/semed\/#\/schema\/person\/image\/","url":"https:\/\/secure.gravatar.com\/avatar\/eb33200ffd19538372f635b2165531c0?s=96&d=mm&r=g","contentUrl":"https:\/\/secure.gravatar.com\/avatar\/eb33200ffd19538372f635b2165531c0?s=96&d=mm&r=g","caption":"Glauber Farias"}}]}},"_links":{"self":[{"href":"https:\/\/www.manaus.am.gov.br\/semed\/wp-json\/wp\/v2\/pages\/11639"}],"collection":[{"href":"https:\/\/www.manaus.am.gov.br\/semed\/wp-json\/wp\/v2\/pages"}],"about":[{"href":"https:\/\/www.manaus.am.gov.br\/semed\/wp-json\/wp\/v2\/types\/page"}],"author":[{"embeddable":true,"href":"https:\/\/www.manaus.am.gov.br\/semed\/wp-json\/wp\/v2\/users\/8"}],"replies":[{"embeddable":true,"href":"https:\/\/www.manaus.am.gov.br\/semed\/wp-json\/wp\/v2\/comments?post=11639"}],"version-history":[{"count":2,"href":"https:\/\/www.manaus.am.gov.br\/semed\/wp-json\/wp\/v2\/pages\/11639\/revisions"}],"predecessor-version":[{"id":11642,"href":"https:\/\/www.manaus.am.gov.br\/semed\/wp-json\/wp\/v2\/pages\/11639\/revisions\/11642"}],"wp:attachment":[{"href":"https:\/\/www.manaus.am.gov.br\/semed\/wp-json\/wp\/v2\/media?parent=11639"}],"curies":[{"name":"wp","href":"https:\/\/api.w.org\/{rel}","templated":true}]}}