{"id":11400,"date":"2026-04-14T10:22:53","date_gmt":"2026-04-14T14:22:53","guid":{"rendered":"https:\/\/www.manaus.am.gov.br\/semed\/?page_id=11400"},"modified":"2026-04-14T10:22:53","modified_gmt":"2026-04-14T14:22:53","slug":"jiss-2025","status":"publish","type":"page","link":"https:\/\/www.manaus.am.gov.br\/semed\/jiss-jogos-de-integracao-dos-servidores-da-semed\/jiss-2025\/","title":{"rendered":"JISS 2025"},"content":{"rendered":"\n<h2 class=\"wp-block-heading\">Boletins<\/h2>\n\n\n\n<div class=\"wp-block-file\"><a id=\"wp-block-file--media-10c7bf35-0d95-43c3-8bfc-f4fd95b41a5f\" href=\"https:\/\/www.manaus.am.gov.br\/semed\/wp-content\/uploads\/sites\/3\/2025\/07\/BOLETIM-N.-01-JISS-2025.pdf\">BOLETIM N. 01 JISS 2025<\/a><\/div>\n\n\n\n<div class=\"wp-block-file\"><a id=\"wp-block-file--media-35aa9f76-b653-40a5-b97a-9613b345306e\" href=\"https:\/\/www.manaus.am.gov.br\/semed\/wp-content\/uploads\/sites\/3\/2025\/08\/BOLETIM-N.-02-JISS-2025.pdf\">BOLETIM N. 02 JISS 2025<\/a><\/div>\n\n\n\n<div class=\"wp-block-file\"><a id=\"wp-block-file--media-0078cf50-c153-4706-9e37-84cb32089c64\" href=\"https:\/\/www.manaus.am.gov.br\/semed\/wp-content\/uploads\/sites\/3\/2025\/08\/BOLETIM-N.-03-JISS-2025-2.pdf\">BOLETIM N. 03 JISS 2025<\/a><\/div>\n\n\n\n<div class=\"wp-block-file\"><a id=\"wp-block-file--media-01b8ab0d-9374-4db1-abbe-7decce67870c\" href=\"https:\/\/www.manaus.am.gov.br\/semed\/wp-content\/uploads\/sites\/3\/2025\/10\/BOLETIM-N.-04-JISS-2025.pdf\">BOLETIM N. 04 JISS 2025<\/a><\/div>\n\n\n\n<div class=\"wp-block-file\"><a id=\"wp-block-file--media-76db0ecc-9aad-4e3c-9d18-bb501ad8af21\" href=\"https:\/\/www.manaus.am.gov.br\/semed\/wp-content\/uploads\/sites\/3\/2025\/10\/BOLETIM-N.-05-JISS-2025.pdf\">BOLETIM N. 05 JISS 2025<\/a><\/div>\n\n\n\n<div class=\"wp-block-file\"><a id=\"wp-block-file--media-fac944c4-2284-4738-9d13-af267bd01662\" href=\"https:\/\/www.manaus.am.gov.br\/semed\/wp-content\/uploads\/sites\/3\/2025\/10\/BOLETIM-N.-06-JISS-2025.pdf\">BOLETIM N. 06 JISS 2025<\/a><\/div>\n\n\n\n<div class=\"wp-block-file\"><a id=\"wp-block-file--media-53b9499a-89d9-4189-bb60-8bbfd600d50f\" href=\"https:\/\/www.manaus.am.gov.br\/semed\/wp-content\/uploads\/sites\/3\/2025\/09\/BOLETIM-N.-07-JISS-2025.pdf\">BOLETIM N. 07 JISS 2025<\/a><\/div>\n\n\n\n<div class=\"wp-block-file\"><a id=\"wp-block-file--media-58f47dd6-f731-4ebd-b972-1afef5e3c49e\" href=\"https:\/\/www.manaus.am.gov.br\/semed\/wp-content\/uploads\/sites\/3\/2025\/10\/BOLETIM-N.-08-JISS-2025.pdf\">BOLETIM N. 08 JISS 2025<\/a><\/div>\n\n\n\n<div class=\"wp-block-file\"><a id=\"wp-block-file--media-33deea87-bdf2-49b9-933c-331310ca70d4\" href=\"https:\/\/www.manaus.am.gov.br\/semed\/wp-content\/uploads\/sites\/3\/2025\/10\/BOLETIM-N.-09-JISS-2025.pdf\">BOLETIM N. 09 JISS 2025<\/a><\/div>\n\n\n\n<p><\/p>\n\n\n\n<h2 class=\"wp-block-heading\">Regulamentos<\/h2>\n\n\n\n<div class=\"wp-block-file\"><a id=\"wp-block-file--media-44556007-5053-41b7-a3be-6448b6f39bd7\" href=\"https:\/\/www.manaus.am.gov.br\/semed\/wp-content\/uploads\/sites\/3\/2025\/06\/REGULAMENTO-GERAL-JISS-2025.pdf\">REGULAMENTO GERAL JISS 2025<\/a><\/div>\n\n\n\n<div class=\"wp-block-file\"><a id=\"wp-block-file--media-c50d64ab-21cd-4336-bc80-ccc81f207625\" href=\"https:\/\/www.manaus.am.gov.br\/semed\/wp-content\/uploads\/sites\/3\/2025\/06\/REGULAMENTO-FUTEBOL-SOCIETY-JISS-2025.pdf\">REGULAMENTO FUTEBOL SOCIETY JISS 2025<\/a><\/div>\n\n\n\n<div class=\"wp-block-file\"><a id=\"wp-block-file--media-7914bd16-b1cb-4671-9484-a692fd0138d3\" href=\"https:\/\/www.manaus.am.gov.br\/semed\/wp-content\/uploads\/sites\/3\/2025\/06\/REGULAMENTO-FUTSAL-JISS-2025.pdf\">REGULAMENTO FUTSAL JISS 2025<\/a><\/div>\n\n\n\n<div class=\"wp-block-file\"><a id=\"wp-block-file--media-37a6108a-cb82-4569-a7ef-808ce58c31a3\" href=\"https:\/\/www.manaus.am.gov.br\/semed\/wp-content\/uploads\/sites\/3\/2025\/06\/REGULAMENTO-QUEIMADA-JISS-2025.pdf\">REGULAMENTO QUEIMADA JISS 2025<\/a><\/div>\n\n\n\n<div class=\"wp-block-file\"><a id=\"wp-block-file--media-49e35395-f00c-48da-88f1-11006cb414b3\" href=\"https:\/\/www.manaus.am.gov.br\/semed\/wp-content\/uploads\/sites\/3\/2025\/08\/REGULAMENTO-HANDEBOL-JISS-2025.docx.pdf\">REGULAMENTO HANDEBOL JISS 2025<\/a><\/div>\n\n\n\n<div class=\"wp-block-file\"><a id=\"wp-block-file--media-42371fb9-ecaa-49f2-af6e-464413029a9b\" href=\"https:\/\/www.manaus.am.gov.br\/semed\/wp-content\/uploads\/sites\/3\/2025\/08\/REGULAMENTO-BASQUETE-3X3-JISS-2025.docx.pdf\">REGULAMENTO BASQUETE 3X3 JISS 2025<\/a><\/div>\n\n\n\n<div class=\"wp-block-file\"><a id=\"wp-block-file--media-a12e938b-b16a-4d48-b795-6ef1f34d4d37\" href=\"https:\/\/www.manaus.am.gov.br\/semed\/wp-content\/uploads\/sites\/3\/2025\/08\/REGULAMENTO-VOLEI-DE-PRAIA-4X4-JISS-2025.docx.pdf\">REGULAMENTO V\u00d4LEI DE PRAIA 4X4 JISS 2025<\/a><\/div>\n","protected":false},"excerpt":{"rendered":"","protected":false},"author":8,"featured_media":0,"parent":1313,"menu_order":0,"comment_status":"closed","ping_status":"closed","template":"","meta":{"footnotes":""},"acf":[],"yoast_head":"<!-- This site is optimized with the Yoast SEO plugin v23.0 - https:\/\/yoast.com\/wordpress\/plugins\/seo\/ -->\n<title>JISS 2025 - SEMED<\/title>\n<meta name=\"robots\" content=\"index, follow, max-snippet:-1, max-image-preview:large, max-video-preview:-1\" \/>\n<link rel=\"canonical\" href=\"https:\/\/www.manaus.am.gov.br\/semed\/jiss-jogos-de-integracao-dos-servidores-da-semed\/jiss-2025\/\" \/>\n<meta property=\"og:locale\" content=\"pt_BR\" \/>\n<meta property=\"og:type\" content=\"article\" \/>\n<meta property=\"og:title\" content=\"JISS 2025 - SEMED\" \/>\n<meta property=\"og:url\" content=\"https:\/\/www.manaus.am.gov.br\/semed\/jiss-jogos-de-integracao-dos-servidores-da-semed\/jiss-2025\/\" \/>\n<meta property=\"og:site_name\" content=\"SEMED\" \/>\n<meta property=\"og:image\" content=\"https:\/\/www.manaus.am.gov.br\/semed\/wp-content\/uploads\/sites\/3\/2024\/07\/thumb-default-2.png\" \/>\n\t<meta property=\"og:image:width\" content=\"966\" \/>\n\t<meta property=\"og:image:height\" content=\"520\" \/>\n\t<meta property=\"og:image:type\" content=\"image\/png\" \/>\n<meta name=\"twitter:card\" content=\"summary_large_image\" \/>\n<meta name=\"twitter:label1\" content=\"Est. reading time\" \/>\n\t<meta name=\"twitter:data1\" content=\"1 minuto\" \/>\n<script type=\"application\/ld+json\" class=\"yoast-schema-graph\">{\"@context\":\"https:\/\/schema.org\",\"@graph\":[{\"@type\":\"Article\",\"@id\":\"https:\/\/www.manaus.am.gov.br\/semed\/jiss-jogos-de-integracao-dos-servidores-da-semed\/jiss-2025\/#article\",\"isPartOf\":{\"@id\":\"https:\/\/www.manaus.am.gov.br\/semed\/jiss-jogos-de-integracao-dos-servidores-da-semed\/jiss-2025\/\"},\"author\":{\"name\":\"Glauber Farias\",\"@id\":\"https:\/\/www.manaus.am.gov.br\/semed\/#\/schema\/person\/fe69d2249d78e7a3112d42bc34c44a58\"},\"headline\":\"JISS 2025\",\"datePublished\":\"2026-04-14T14:22:53+00:00\",\"dateModified\":\"2026-04-14T14:22:53+00:00\",\"mainEntityOfPage\":{\"@id\":\"https:\/\/www.manaus.am.gov.br\/semed\/jiss-jogos-de-integracao-dos-servidores-da-semed\/jiss-2025\/\"},\"wordCount\":57,\"publisher\":{\"@id\":\"https:\/\/www.manaus.am.gov.br\/semed\/#organization\"},\"inLanguage\":\"pt-BR\"},{\"@type\":\"WebPage\",\"@id\":\"https:\/\/www.manaus.am.gov.br\/semed\/jiss-jogos-de-integracao-dos-servidores-da-semed\/jiss-2025\/\",\"url\":\"https:\/\/www.manaus.am.gov.br\/semed\/jiss-jogos-de-integracao-dos-servidores-da-semed\/jiss-2025\/\",\"name\":\"JISS 2025 - SEMED\",\"isPartOf\":{\"@id\":\"https:\/\/www.manaus.am.gov.br\/semed\/#website\"},\"datePublished\":\"2026-04-14T14:22:53+00:00\",\"dateModified\":\"2026-04-14T14:22:53+00:00\",\"breadcrumb\":{\"@id\":\"https:\/\/www.manaus.am.gov.br\/semed\/jiss-jogos-de-integracao-dos-servidores-da-semed\/jiss-2025\/#breadcrumb\"},\"inLanguage\":\"pt-BR\",\"potentialAction\":[{\"@type\":\"ReadAction\",\"target\":[\"https:\/\/www.manaus.am.gov.br\/semed\/jiss-jogos-de-integracao-dos-servidores-da-semed\/jiss-2025\/\"]}]},{\"@type\":\"BreadcrumbList\",\"@id\":\"https:\/\/www.manaus.am.gov.br\/semed\/jiss-jogos-de-integracao-dos-servidores-da-semed\/jiss-2025\/#breadcrumb\",\"itemListElement\":[{\"@type\":\"ListItem\",\"position\":1,\"name\":\"JISS &#8211; Jogos de Integra\u00e7\u00e3o dos Servidores da SEMED\",\"item\":\"https:\/\/www.manaus.am.gov.br\/semed\/jiss-jogos-de-integracao-dos-servidores-da-semed\/\"},{\"@type\":\"ListItem\",\"position\":2,\"name\":\"JISS 2025\"}]},{\"@type\":\"WebSite\",\"@id\":\"https:\/\/www.manaus.am.gov.br\/semed\/#website\",\"url\":\"https:\/\/www.manaus.am.gov.br\/semed\/\",\"name\":\"Secretaria Municipal de Educa\u00e7\u00e3o\",\"description\":\"Secretaria Municipal de Educa\u00e7\u00e3o\",\"publisher\":{\"@id\":\"https:\/\/www.manaus.am.gov.br\/semed\/#organization\"},\"alternateName\":\"SEMED\",\"potentialAction\":[{\"@type\":\"SearchAction\",\"target\":{\"@type\":\"EntryPoint\",\"urlTemplate\":\"https:\/\/www.manaus.am.gov.br\/semed\/?s={search_term_string}\"},\"query-input\":\"required name=search_term_string\"}],\"inLanguage\":\"pt-BR\"},{\"@type\":\"Organization\",\"@id\":\"https:\/\/www.manaus.am.gov.br\/semed\/#organization\",\"name\":\"Secretaria de Educa\u00e7\u00e3o\",\"alternateName\":\"SEMED\",\"url\":\"https:\/\/www.manaus.am.gov.br\/semed\/\",\"logo\":{\"@type\":\"ImageObject\",\"inLanguage\":\"pt-BR\",\"@id\":\"https:\/\/www.manaus.am.gov.br\/semed\/#\/schema\/logo\/image\/\",\"url\":\"https:\/\/www.manaus.am.gov.br\/semed\/wp-content\/uploads\/sites\/3\/2022\/11\/favicon.png\",\"contentUrl\":\"https:\/\/www.manaus.am.gov.br\/semed\/wp-content\/uploads\/sites\/3\/2022\/11\/favicon.png\",\"width\":300,\"height\":300,\"caption\":\"Secretaria de Educa\u00e7\u00e3o\"},\"image\":{\"@id\":\"https:\/\/www.manaus.am.gov.br\/semed\/#\/schema\/logo\/image\/\"}},{\"@type\":\"Person\",\"@id\":\"https:\/\/www.manaus.am.gov.br\/semed\/#\/schema\/person\/fe69d2249d78e7a3112d42bc34c44a58\",\"name\":\"Glauber Farias\",\"image\":{\"@type\":\"ImageObject\",\"inLanguage\":\"pt-BR\",\"@id\":\"https:\/\/www.manaus.am.gov.br\/semed\/#\/schema\/person\/image\/\",\"url\":\"https:\/\/secure.gravatar.com\/avatar\/eb33200ffd19538372f635b2165531c0?s=96&d=mm&r=g\",\"contentUrl\":\"https:\/\/secure.gravatar.com\/avatar\/eb33200ffd19538372f635b2165531c0?s=96&d=mm&r=g\",\"caption\":\"Glauber Farias\"}}]}<\/script>\n<!-- \/ Yoast SEO plugin. -->","yoast_head_json":{"title":"JISS 2025 - SEMED","robots":{"index":"index","follow":"follow","max-snippet":"max-snippet:-1","max-image-preview":"max-image-preview:large","max-video-preview":"max-video-preview:-1"},"canonical":"https:\/\/www.manaus.am.gov.br\/semed\/jiss-jogos-de-integracao-dos-servidores-da-semed\/jiss-2025\/","og_locale":"pt_BR","og_type":"article","og_title":"JISS 2025 - SEMED","og_url":"https:\/\/www.manaus.am.gov.br\/semed\/jiss-jogos-de-integracao-dos-servidores-da-semed\/jiss-2025\/","og_site_name":"SEMED","og_image":[{"width":966,"height":520,"url":"https:\/\/www.manaus.am.gov.br\/semed\/wp-content\/uploads\/sites\/3\/2024\/07\/thumb-default-2.png","type":"image\/png"}],"twitter_card":"summary_large_image","twitter_misc":{"Est. reading time":"1 minuto"},"schema":{"@context":"https:\/\/schema.org","@graph":[{"@type":"Article","@id":"https:\/\/www.manaus.am.gov.br\/semed\/jiss-jogos-de-integracao-dos-servidores-da-semed\/jiss-2025\/#article","isPartOf":{"@id":"https:\/\/www.manaus.am.gov.br\/semed\/jiss-jogos-de-integracao-dos-servidores-da-semed\/jiss-2025\/"},"author":{"name":"Glauber Farias","@id":"https:\/\/www.manaus.am.gov.br\/semed\/#\/schema\/person\/fe69d2249d78e7a3112d42bc34c44a58"},"headline":"JISS 2025","datePublished":"2026-04-14T14:22:53+00:00","dateModified":"2026-04-14T14:22:53+00:00","mainEntityOfPage":{"@id":"https:\/\/www.manaus.am.gov.br\/semed\/jiss-jogos-de-integracao-dos-servidores-da-semed\/jiss-2025\/"},"wordCount":57,"publisher":{"@id":"https:\/\/www.manaus.am.gov.br\/semed\/#organization"},"inLanguage":"pt-BR"},{"@type":"WebPage","@id":"https:\/\/www.manaus.am.gov.br\/semed\/jiss-jogos-de-integracao-dos-servidores-da-semed\/jiss-2025\/","url":"https:\/\/www.manaus.am.gov.br\/semed\/jiss-jogos-de-integracao-dos-servidores-da-semed\/jiss-2025\/","name":"JISS 2025 - SEMED","isPartOf":{"@id":"https:\/\/www.manaus.am.gov.br\/semed\/#website"},"datePublished":"2026-04-14T14:22:53+00:00","dateModified":"2026-04-14T14:22:53+00:00","breadcrumb":{"@id":"https:\/\/www.manaus.am.gov.br\/semed\/jiss-jogos-de-integracao-dos-servidores-da-semed\/jiss-2025\/#breadcrumb"},"inLanguage":"pt-BR","potentialAction":[{"@type":"ReadAction","target":["https:\/\/www.manaus.am.gov.br\/semed\/jiss-jogos-de-integracao-dos-servidores-da-semed\/jiss-2025\/"]}]},{"@type":"BreadcrumbList","@id":"https:\/\/www.manaus.am.gov.br\/semed\/jiss-jogos-de-integracao-dos-servidores-da-semed\/jiss-2025\/#breadcrumb","itemListElement":[{"@type":"ListItem","position":1,"name":"JISS &#8211; Jogos de Integra\u00e7\u00e3o dos Servidores da SEMED","item":"https:\/\/www.manaus.am.gov.br\/semed\/jiss-jogos-de-integracao-dos-servidores-da-semed\/"},{"@type":"ListItem","position":2,"name":"JISS 2025"}]},{"@type":"WebSite","@id":"https:\/\/www.manaus.am.gov.br\/semed\/#website","url":"https:\/\/www.manaus.am.gov.br\/semed\/","name":"Secretaria Municipal de Educa\u00e7\u00e3o","description":"Secretaria Municipal de Educa\u00e7\u00e3o","publisher":{"@id":"https:\/\/www.manaus.am.gov.br\/semed\/#organization"},"alternateName":"SEMED","potentialAction":[{"@type":"SearchAction","target":{"@type":"EntryPoint","urlTemplate":"https:\/\/www.manaus.am.gov.br\/semed\/?s={search_term_string}"},"query-input":"required name=search_term_string"}],"inLanguage":"pt-BR"},{"@type":"Organization","@id":"https:\/\/www.manaus.am.gov.br\/semed\/#organization","name":"Secretaria de Educa\u00e7\u00e3o","alternateName":"SEMED","url":"https:\/\/www.manaus.am.gov.br\/semed\/","logo":{"@type":"ImageObject","inLanguage":"pt-BR","@id":"https:\/\/www.manaus.am.gov.br\/semed\/#\/schema\/logo\/image\/","url":"https:\/\/www.manaus.am.gov.br\/semed\/wp-content\/uploads\/sites\/3\/2022\/11\/favicon.png","contentUrl":"https:\/\/www.manaus.am.gov.br\/semed\/wp-content\/uploads\/sites\/3\/2022\/11\/favicon.png","width":300,"height":300,"caption":"Secretaria de Educa\u00e7\u00e3o"},"image":{"@id":"https:\/\/www.manaus.am.gov.br\/semed\/#\/schema\/logo\/image\/"}},{"@type":"Person","@id":"https:\/\/www.manaus.am.gov.br\/semed\/#\/schema\/person\/fe69d2249d78e7a3112d42bc34c44a58","name":"Glauber Farias","image":{"@type":"ImageObject","inLanguage":"pt-BR","@id":"https:\/\/www.manaus.am.gov.br\/semed\/#\/schema\/person\/image\/","url":"https:\/\/secure.gravatar.com\/avatar\/eb33200ffd19538372f635b2165531c0?s=96&d=mm&r=g","contentUrl":"https:\/\/secure.gravatar.com\/avatar\/eb33200ffd19538372f635b2165531c0?s=96&d=mm&r=g","caption":"Glauber Farias"}}]}},"_links":{"self":[{"href":"https:\/\/www.manaus.am.gov.br\/semed\/wp-json\/wp\/v2\/pages\/11400"}],"collection":[{"href":"https:\/\/www.manaus.am.gov.br\/semed\/wp-json\/wp\/v2\/pages"}],"about":[{"href":"https:\/\/www.manaus.am.gov.br\/semed\/wp-json\/wp\/v2\/types\/page"}],"author":[{"embeddable":true,"href":"https:\/\/www.manaus.am.gov.br\/semed\/wp-json\/wp\/v2\/users\/8"}],"replies":[{"embeddable":true,"href":"https:\/\/www.manaus.am.gov.br\/semed\/wp-json\/wp\/v2\/comments?post=11400"}],"version-history":[{"count":1,"href":"https:\/\/www.manaus.am.gov.br\/semed\/wp-json\/wp\/v2\/pages\/11400\/revisions"}],"predecessor-version":[{"id":11402,"href":"https:\/\/www.manaus.am.gov.br\/semed\/wp-json\/wp\/v2\/pages\/11400\/revisions\/11402"}],"up":[{"embeddable":true,"href":"https:\/\/www.manaus.am.gov.br\/semed\/wp-json\/wp\/v2\/pages\/1313"}],"wp:attachment":[{"href":"https:\/\/www.manaus.am.gov.br\/semed\/wp-json\/wp\/v2\/media?parent=11400"}],"curies":[{"name":"wp","href":"https:\/\/api.w.org\/{rel}","templated":true}]}}