{"id":241213,"date":"2025-06-27T11:44:09","date_gmt":"2025-06-27T14:44:09","guid":{"rendered":"https:\/\/www.manaus.am.gov.br\/semcom\/?page_id=241213"},"modified":"2026-02-20T16:17:29","modified_gmt":"2026-02-20T19:17:29","slug":"estrutura-organizacional","status":"publish","type":"page","link":"https:\/\/www.manaus.am.gov.br\/semcom\/estrutura-organizacional\/","title":{"rendered":"Estrutura Organizacional"},"content":{"rendered":"\n<h2 class=\"wp-block-heading\"><a href=\"https:\/\/leismunicipais.com.br\/a\/am\/m\/manaus\/lei-ordinaria\/2025\/355\/3545\/lei-ordinaria-n-3545-2025-dispoe-sobre-a-estrutura-organizacional-da-secretaria-municipal-de-comunicacao-semcom-suas-finalidades-e-competencias-fixa-seu-quadro-de-cargos-comissionados-e-da-outras-providencias\" target=\"_blank\" rel=\"noreferrer noopener\">LEI N\u00ba 3.545, DE 01 DE OUTUBRO DE 2025<\/a><\/h2>\n\n\n\n<p>DISP\u00d5E sobre a estrutura organizacional da Secretaria Municipal de Comunica\u00e7\u00e3o (Semcom), suas finalidades e compet\u00eancias, fixa seu quadro de cargos comissionados e d\u00e1 outras provid\u00eancias.<\/p>\n\n\n\n<p><\/p>\n\n\n\n<h2 class=\"wp-block-heading\">DA ESTRUTURA ADMINISTRATIVA DO PODER EXECUTIVO<\/h2>\n\n\n\n<p>Dirigida por um Secret\u00e1rio Municipal, com aux\u00edlio&nbsp; de um Subsecret\u00e1rio Municipal de Gest\u00e3o Administrativa e Financeira e um Subsecret\u00e1rio Municipal de Comunica\u00e7\u00e3o Institucional, a Semcom tem a seguinte estrutura organizacional:<\/p>\n\n\n\n<p>I &#8211; \u00d3rg\u00e3os de Assist\u00eancia e Assessoramento:<\/p>\n\n\n\n<p><strong>a)<\/strong> Gabinete do Secret\u00e1rio;<\/p>\n\n\n\n<p><strong>b)<\/strong> Assessoria T\u00e9cnica;<\/p>\n\n\n\n<p><\/p>\n\n\n\n<p>II <strong>\u2013 <\/strong>\u00d3rg\u00e3os de Apoio \u00e0 Gest\u00e3o:<\/p>\n\n\n\n<p><strong>a)<\/strong> Subsecretaria Municipal de Gest\u00e3o Administrativa e Financeira:<\/p>\n\n\n\n<p><strong>1.<\/strong>Diretoria de \u00c1rea Administrativa e Financeira:<\/p>\n\n\n\n<p><strong>1.1<\/strong> Departamento Administrativo: <\/p>\n\n\n\n<p><strong>1.1.1<\/strong> Divis\u00e3o de Pessoal;<\/p>\n\n\n\n<p><strong>1.1.2<\/strong> Divis\u00e3o Administrativa;<\/p>\n\n\n\n<p><strong>1.1.3<\/strong> Divis\u00e3o de Tecnologia da Informa\u00e7\u00e3o;<\/p>\n\n\n\n<p><strong>1.1.4<\/strong> Divis\u00e3o de Patrim\u00f4nio, Material e Servi\u00e7os;<\/p>\n\n\n\n<p><strong>1.2<\/strong> Departamento de Or\u00e7amento e Finan\u00e7as:<\/p>\n\n\n\n<p><strong>1.2.1<\/strong> Divis\u00e3o de Or\u00e7amentos e Finan\u00e7as;<\/p>\n\n\n\n<p><strong>1.2.2<\/strong> Divis\u00e3o de Contabilidade;<\/p>\n\n\n\n<p><\/p>\n\n\n\n<p><strong>III \u2013<\/strong>\u00d3rg\u00e3os de Atividades Final\u00edsticas:<\/p>\n\n\n\n<p><strong>a)<\/strong> Subsecretaria Municipal de Comunica\u00e7\u00e3o Institucional:<\/p>\n\n\n\n<p><strong>1.<\/strong> Diretoria de \u00c1rea de Jornalismo: <\/p>\n\n\n\n<p><strong>1.1<\/strong> Departamento de Jornalismo: <\/p>\n\n\n\n<p><strong>1.1.1<\/strong> Divis\u00e3o de Audiovisual;<\/p>\n\n\n\n<p><strong>1.1.2<\/strong> Divis\u00e3o de Fotografia e Imagem;<\/p>\n\n\n\n<p><strong>2.<\/strong> Diretoria de \u00c1rea de Marketing e Publicidade:<\/p>\n\n\n\n<p><strong>2.1<\/strong> Departamento de Atendimento e Publicidade:<\/p>\n\n\n\n<p><strong>2.1.1<\/strong> Divis\u00e3o de Marketing;<\/p>\n\n\n\n<p><strong>2.1.1.1<\/strong> Ger\u00eancia de Marketing;<\/p>\n\n\n\n<p><strong>2.1.2<\/strong> Divis\u00e3o de M\u00eddia Digital.<\/p>\n\n\n\n<p><\/p>\n\n\n\n<p><strong>Quadro de Cargos em Comiss\u00e3o<\/strong><\/p>\n\n\n\n<p><strong>ANEXO \u00daNICO<\/strong><\/p>\n\n\n\n<figure class=\"wp-block-table\"><table><tbody><tr><td><strong>Cargo<\/strong><\/td><td><strong>Simbologia<\/strong><\/td><td><strong>Quantidade<\/strong><\/td><\/tr><tr><td>Secret\u00e1rio Municipal<\/td><td>&#8211;<\/td><td>01<\/td><\/tr><tr><td>Subsecret\u00e1rio Municipal<\/td><td>&#8211;<\/td><td>02<\/td><\/tr><tr><td>Consultor T\u00e9cnico<\/td><td>DAS-5<\/td><td>01<\/td><\/tr><tr><td>Diretor de \u00c1rea<\/td><td>DAS-4<\/td><td>03<\/td><\/tr><tr><td>Diretor<\/td><td>DAS-4<\/td><td>01<\/td><\/tr><tr><td>Diretor de Departamento<\/td><td>DAS-3<\/td><td>04<\/td><\/tr><tr><td>Assessor T\u00e9cnico I<\/td><td>DAS-3<\/td><td>06<\/td><\/tr><tr><td>Chefe de Divis\u00e3o<\/td><td>DAS-2<\/td><td>10<\/td><\/tr><tr><td>Assessor T\u00e9cnico II<\/td><td>DAS-2<\/td><td>06<\/td><\/tr><tr><td>Gerente<\/td><td>DAS-1<\/td><td>01<\/td><\/tr><tr><td>Assessor T\u00e9cnico III<\/td><td>DAS-1<\/td><td>12<\/td><\/tr><tr><td>Assessor I<\/td><td>CAD-3<\/td><td>03<\/td><\/tr><tr><td>Assessor II<\/td><td>CAD-2<\/td><td>04<\/td><\/tr><tr><td>Assessor III<\/td><td>CAD-1<\/td><td>02<\/td><\/tr><tr><td colspan=\"2\"><strong>TOTAL<\/strong><\/td><td><strong>56<\/strong><\/td><\/tr><\/tbody><\/table><\/figure>\n\n\n\n<p><\/p>\n\n\n\n<h2 class=\"wp-block-heading\"><a href=\"https:\/\/www.manaus.am.gov.br\/semcom\/wp-content\/uploads\/sites\/5\/2026\/02\/OrganogramaSemcom200226.pdf\">Organograma<\/a><\/h2>\n","protected":false},"excerpt":{"rendered":"","protected":false},"author":8,"featured_media":0,"parent":0,"menu_order":0,"comment_status":"closed","ping_status":"closed","template":"templates\/turismo.php","meta":{"footnotes":""},"acf":[],"yoast_head":"<!-- This site is optimized with the Yoast SEO plugin v23.0 - https:\/\/yoast.com\/wordpress\/plugins\/seo\/ -->\n<title>Estrutura Organizacional - SEMCOM<\/title>\n<meta name=\"robots\" content=\"index, follow, max-snippet:-1, max-image-preview:large, max-video-preview:-1\" \/>\n<link rel=\"canonical\" href=\"https:\/\/www.manaus.am.gov.br\/semcom\/estrutura-organizacional\/\" \/>\n<meta property=\"og:locale\" content=\"pt_BR\" \/>\n<meta property=\"og:type\" content=\"article\" \/>\n<meta property=\"og:title\" content=\"Estrutura Organizacional - SEMCOM\" \/>\n<meta property=\"og:url\" content=\"https:\/\/www.manaus.am.gov.br\/semcom\/estrutura-organizacional\/\" \/>\n<meta property=\"og:site_name\" content=\"SEMCOM\" \/>\n<meta property=\"article:modified_time\" content=\"2026-02-20T19:17:29+00:00\" \/>\n<meta property=\"og:image\" content=\"https:\/\/www.manaus.am.gov.br\/semcom\/wp-content\/uploads\/sites\/5\/2024\/07\/thumb-default-2.png\" \/>\n\t<meta property=\"og:image:width\" content=\"966\" \/>\n\t<meta property=\"og:image:height\" content=\"520\" \/>\n\t<meta property=\"og:image:type\" content=\"image\/png\" \/>\n<meta name=\"twitter:card\" content=\"summary_large_image\" \/>\n<meta name=\"twitter:label1\" content=\"Est. reading time\" \/>\n\t<meta name=\"twitter:data1\" content=\"2 minutos\" \/>\n<script type=\"application\/ld+json\" class=\"yoast-schema-graph\">{\"@context\":\"https:\/\/schema.org\",\"@graph\":[{\"@type\":\"WebPage\",\"@id\":\"https:\/\/www.manaus.am.gov.br\/semcom\/estrutura-organizacional\/\",\"url\":\"https:\/\/www.manaus.am.gov.br\/semcom\/estrutura-organizacional\/\",\"name\":\"Estrutura Organizacional - SEMCOM\",\"isPartOf\":{\"@id\":\"https:\/\/www.manaus.am.gov.br\/semcom\/#website\"},\"datePublished\":\"2025-06-27T14:44:09+00:00\",\"dateModified\":\"2026-02-20T19:17:29+00:00\",\"inLanguage\":\"pt-BR\",\"potentialAction\":[{\"@type\":\"ReadAction\",\"target\":[\"https:\/\/www.manaus.am.gov.br\/semcom\/estrutura-organizacional\/\"]}]},{\"@type\":\"WebSite\",\"@id\":\"https:\/\/www.manaus.am.gov.br\/semcom\/#website\",\"url\":\"https:\/\/www.manaus.am.gov.br\/semcom\/\",\"name\":\"SEMCOM\",\"description\":\"Secretaria Municipal de Comunica\u00e7\u00e3o\",\"potentialAction\":[{\"@type\":\"SearchAction\",\"target\":{\"@type\":\"EntryPoint\",\"urlTemplate\":\"https:\/\/www.manaus.am.gov.br\/semcom\/?s={search_term_string}\"},\"query-input\":\"required name=search_term_string\"}],\"inLanguage\":\"pt-BR\"}]}<\/script>\n<!-- \/ Yoast SEO plugin. -->","yoast_head_json":{"title":"Estrutura Organizacional - SEMCOM","robots":{"index":"index","follow":"follow","max-snippet":"max-snippet:-1","max-image-preview":"max-image-preview:large","max-video-preview":"max-video-preview:-1"},"canonical":"https:\/\/www.manaus.am.gov.br\/semcom\/estrutura-organizacional\/","og_locale":"pt_BR","og_type":"article","og_title":"Estrutura Organizacional - SEMCOM","og_url":"https:\/\/www.manaus.am.gov.br\/semcom\/estrutura-organizacional\/","og_site_name":"SEMCOM","article_modified_time":"2026-02-20T19:17:29+00:00","og_image":[{"width":966,"height":520,"url":"https:\/\/www.manaus.am.gov.br\/semcom\/wp-content\/uploads\/sites\/5\/2024\/07\/thumb-default-2.png","type":"image\/png"}],"twitter_card":"summary_large_image","twitter_misc":{"Est. reading time":"2 minutos"},"schema":{"@context":"https:\/\/schema.org","@graph":[{"@type":"WebPage","@id":"https:\/\/www.manaus.am.gov.br\/semcom\/estrutura-organizacional\/","url":"https:\/\/www.manaus.am.gov.br\/semcom\/estrutura-organizacional\/","name":"Estrutura Organizacional - SEMCOM","isPartOf":{"@id":"https:\/\/www.manaus.am.gov.br\/semcom\/#website"},"datePublished":"2025-06-27T14:44:09+00:00","dateModified":"2026-02-20T19:17:29+00:00","inLanguage":"pt-BR","potentialAction":[{"@type":"ReadAction","target":["https:\/\/www.manaus.am.gov.br\/semcom\/estrutura-organizacional\/"]}]},{"@type":"WebSite","@id":"https:\/\/www.manaus.am.gov.br\/semcom\/#website","url":"https:\/\/www.manaus.am.gov.br\/semcom\/","name":"SEMCOM","description":"Secretaria Municipal de Comunica\u00e7\u00e3o","potentialAction":[{"@type":"SearchAction","target":{"@type":"EntryPoint","urlTemplate":"https:\/\/www.manaus.am.gov.br\/semcom\/?s={search_term_string}"},"query-input":"required name=search_term_string"}],"inLanguage":"pt-BR"}]}},"_links":{"self":[{"href":"https:\/\/www.manaus.am.gov.br\/semcom\/wp-json\/wp\/v2\/pages\/241213"}],"collection":[{"href":"https:\/\/www.manaus.am.gov.br\/semcom\/wp-json\/wp\/v2\/pages"}],"about":[{"href":"https:\/\/www.manaus.am.gov.br\/semcom\/wp-json\/wp\/v2\/types\/page"}],"author":[{"embeddable":true,"href":"https:\/\/www.manaus.am.gov.br\/semcom\/wp-json\/wp\/v2\/users\/8"}],"replies":[{"embeddable":true,"href":"https:\/\/www.manaus.am.gov.br\/semcom\/wp-json\/wp\/v2\/comments?post=241213"}],"version-history":[{"count":6,"href":"https:\/\/www.manaus.am.gov.br\/semcom\/wp-json\/wp\/v2\/pages\/241213\/revisions"}],"predecessor-version":[{"id":253205,"href":"https:\/\/www.manaus.am.gov.br\/semcom\/wp-json\/wp\/v2\/pages\/241213\/revisions\/253205"}],"wp:attachment":[{"href":"https:\/\/www.manaus.am.gov.br\/semcom\/wp-json\/wp\/v2\/media?parent=241213"}],"curies":[{"name":"wp","href":"https:\/\/api.w.org\/{rel}","templated":true}]}}