{"id":215516,"date":"2023-06-26T08:58:52","date_gmt":"2023-06-26T11:58:52","guid":{"rendered":"https:\/\/www.manaus.am.gov.br\/semcom\/?page_id=215516"},"modified":"2024-12-03T18:19:46","modified_gmt":"2024-12-03T21:19:46","slug":"termos-de-uso-da-rede-social","status":"publish","type":"page","link":"https:\/\/www.manaus.am.gov.br\/semcom\/a-semcom\/termos-de-uso-da-rede-social\/","title":{"rendered":"Termos de Uso da Rede Social"},"content":{"rendered":"\n<p>Esta \u00e9 a p\u00e1gina oficial da Prefeitura de Manaus, criada para nos conhecermos melhor: voc\u00ea, cidad\u00e3o e institui\u00e7\u00e3o. Aqui mostramos nossos programas, projetos e a\u00e7\u00f5es para o desenvolvimento da nossa cidade, com foco em avan\u00e7os na qualidade de vida das pessoas. Estamos aqui para dialogar, ent\u00e3o, fique \u00e0 vontade pra interagir com a gente. Mas, para que seja uma conversa saud\u00e1vel, prezamos pelo respeito. Portanto, fique de olho nas nossas pol\u00edticas:<\/p>\n\n\n\n<p>1 &#8211; Lembre-se de que as informa\u00e7\u00f5es postadas em coment\u00e1rios e publica\u00e7\u00f5es de visitantes s\u00e3o p\u00fablicas: ao adicionar qualquer dado pessoal, assume que o mesmo pode ser visto pelos demais utilizadores desta rede social e pela Prefeitura.<\/p>\n\n\n\n<p>2 \u2013 Este \u00e9 um espa\u00e7o para opini\u00f5es e debates construtivos, n\u00e3o \u00e9 ambiente para desqualificar os outros utilizadores das redes ou terceiros.<\/p>\n\n\n\n<p>3 \u2013 O tratamento verbal em rela\u00e7\u00e3o aos outros deve ser baseado no respeito; use uma linguagem correta e apropriada, palavras de baixo cal\u00e3o ou com conte\u00fado ofensivo ser\u00e3o ocultas, exclu\u00eddas e o usu\u00e1rio pode ser banido se o comportamento for recorrente.<\/p>\n\n\n\n<p>4 &#8211; Temos de preservar o bom uso dos canais, sendo assim, podem removidos, sem direito a r\u00e9plica, coment\u00e1rios que:<\/p>\n\n\n\n<p>\u2022 Contenham termos ofensivos, palavr\u00f5es, agress\u00f5es ou insultos;<br>\u2022 Contenham informa\u00e7\u00f5es pessoais do usu\u00e1rio (n\u00fameros de documentos, e-mail, telefones e endere\u00e7os) ou que tenham pedidos de ajuda individual;<br>\u2022 Contenham campanha pol\u00edtica de qualquer candidato, ou promova qualquer empresa ou organiza\u00e7\u00e3o sem autoriza\u00e7\u00e3o pr\u00e9via;<br>\u2022 Contenham links externos;<br>\u2022 Perfis falsos;<br>\u2022 Fira qualquer direito de propriedade intelectual ou outros direitos;<br>\u2022 Tenha sido publicado de forma repetitiva;<br>\u2022 Esteja infectado com algum v\u00edrus ou corrompido.<\/p>\n\n\n\n<h3 class=\"wp-block-heading\">CONTE\u00daDO DA P\u00c1GINA<\/h3>\n\n\n\n<p>Buscamos alinhar nosso conte\u00fado aos termos de uso do Facebook, dispon\u00edveis no link: <a class=\"inline\" href=\"https:\/\/www.facebook.com\/policies_center\/pages_groups_events\" target=\"_blank\" rel=\"noreferrer noopener\">www.facebook.com\/page_guidelines.php<\/a><\/p>\n\n\n\n<p> <\/p>\n\n\n\n<h3 class=\"wp-block-heading\">ATENDIMENTO AO P\u00daBLICO<\/h3>\n\n\n\n<p>O mural, as mensagens privadas e o espa\u00e7o para coment\u00e1rios ser\u00e3o utilizados para atendimento inicial a voc\u00ea, cidad\u00e3o. Quest\u00f5es que demandam detalhes t\u00e9cnicos ou mais aprofundados s\u00e3o encaminhados para os setores de atendimento espec\u00edficos, para que a d\u00favida seja resolvida da melhor forma.<\/p>\n\n\n\n<p>Ao clicar no bot\u00e3o &#8220;Curtir&#8221;, voc\u00ea afirma concordar com estes termos de uso. A Prefeitura de Manaus reserva o direito de, a qualquer momento e sem aviso pr\u00e9vio, modificar ou atualizar estas normas.<\/p>\n","protected":false},"excerpt":{"rendered":"","protected":false},"author":27,"featured_media":0,"parent":121,"menu_order":3,"comment_status":"closed","ping_status":"closed","template":"templates\/turismo.php","meta":{"footnotes":""},"acf":[],"yoast_head":"<!-- This site is optimized with the Yoast SEO plugin v23.0 - https:\/\/yoast.com\/wordpress\/plugins\/seo\/ -->\n<title>Termos de Uso da Rede Social - SEMCOM<\/title>\n<meta name=\"robots\" content=\"index, follow, max-snippet:-1, max-image-preview:large, max-video-preview:-1\" \/>\n<link rel=\"canonical\" href=\"https:\/\/www.manaus.am.gov.br\/semcom\/a-semcom\/termos-de-uso-da-rede-social\/\" \/>\n<meta property=\"og:locale\" content=\"pt_BR\" \/>\n<meta property=\"og:type\" content=\"article\" \/>\n<meta property=\"og:title\" content=\"Termos de Uso da Rede Social - SEMCOM\" \/>\n<meta property=\"og:url\" content=\"https:\/\/www.manaus.am.gov.br\/semcom\/a-semcom\/termos-de-uso-da-rede-social\/\" \/>\n<meta property=\"og:site_name\" content=\"SEMCOM\" \/>\n<meta property=\"article:modified_time\" content=\"2024-12-03T21:19:46+00:00\" \/>\n<meta property=\"og:image\" content=\"https:\/\/www.manaus.am.gov.br\/semcom\/wp-content\/uploads\/sites\/5\/2024\/07\/thumb-default-2.png\" \/>\n\t<meta property=\"og:image:width\" content=\"966\" \/>\n\t<meta property=\"og:image:height\" content=\"520\" \/>\n\t<meta property=\"og:image:type\" content=\"image\/png\" \/>\n<meta name=\"twitter:card\" content=\"summary_large_image\" \/>\n<meta name=\"twitter:label1\" content=\"Est. reading time\" \/>\n\t<meta name=\"twitter:data1\" content=\"2 minutos\" \/>\n<script type=\"application\/ld+json\" class=\"yoast-schema-graph\">{\"@context\":\"https:\/\/schema.org\",\"@graph\":[{\"@type\":\"WebPage\",\"@id\":\"https:\/\/www.manaus.am.gov.br\/semcom\/a-semcom\/termos-de-uso-da-rede-social\/\",\"url\":\"https:\/\/www.manaus.am.gov.br\/semcom\/a-semcom\/termos-de-uso-da-rede-social\/\",\"name\":\"Termos de Uso da Rede Social - SEMCOM\",\"isPartOf\":{\"@id\":\"https:\/\/www.manaus.am.gov.br\/semcom\/#website\"},\"datePublished\":\"2023-06-26T11:58:52+00:00\",\"dateModified\":\"2024-12-03T21:19:46+00:00\",\"breadcrumb\":{\"@id\":\"https:\/\/www.manaus.am.gov.br\/semcom\/a-semcom\/termos-de-uso-da-rede-social\/#breadcrumb\"},\"inLanguage\":\"pt-BR\",\"potentialAction\":[{\"@type\":\"ReadAction\",\"target\":[\"https:\/\/www.manaus.am.gov.br\/semcom\/a-semcom\/termos-de-uso-da-rede-social\/\"]}]},{\"@type\":\"BreadcrumbList\",\"@id\":\"https:\/\/www.manaus.am.gov.br\/semcom\/a-semcom\/termos-de-uso-da-rede-social\/#breadcrumb\",\"itemListElement\":[{\"@type\":\"ListItem\",\"position\":1,\"name\":\"A SEMCOM\",\"item\":\"https:\/\/www.manaus.am.gov.br\/semcom\/a-semcom\/\"},{\"@type\":\"ListItem\",\"position\":2,\"name\":\"Termos de Uso da Rede Social\"}]},{\"@type\":\"WebSite\",\"@id\":\"https:\/\/www.manaus.am.gov.br\/semcom\/#website\",\"url\":\"https:\/\/www.manaus.am.gov.br\/semcom\/\",\"name\":\"SEMCOM\",\"description\":\"Secretaria Municipal de Comunica\u00e7\u00e3o\",\"potentialAction\":[{\"@type\":\"SearchAction\",\"target\":{\"@type\":\"EntryPoint\",\"urlTemplate\":\"https:\/\/www.manaus.am.gov.br\/semcom\/?s={search_term_string}\"},\"query-input\":\"required name=search_term_string\"}],\"inLanguage\":\"pt-BR\"}]}<\/script>\n<!-- \/ Yoast SEO plugin. -->","yoast_head_json":{"title":"Termos de Uso da Rede Social - SEMCOM","robots":{"index":"index","follow":"follow","max-snippet":"max-snippet:-1","max-image-preview":"max-image-preview:large","max-video-preview":"max-video-preview:-1"},"canonical":"https:\/\/www.manaus.am.gov.br\/semcom\/a-semcom\/termos-de-uso-da-rede-social\/","og_locale":"pt_BR","og_type":"article","og_title":"Termos de Uso da Rede Social - SEMCOM","og_url":"https:\/\/www.manaus.am.gov.br\/semcom\/a-semcom\/termos-de-uso-da-rede-social\/","og_site_name":"SEMCOM","article_modified_time":"2024-12-03T21:19:46+00:00","og_image":[{"width":966,"height":520,"url":"https:\/\/www.manaus.am.gov.br\/semcom\/wp-content\/uploads\/sites\/5\/2024\/07\/thumb-default-2.png","type":"image\/png"}],"twitter_card":"summary_large_image","twitter_misc":{"Est. reading time":"2 minutos"},"schema":{"@context":"https:\/\/schema.org","@graph":[{"@type":"WebPage","@id":"https:\/\/www.manaus.am.gov.br\/semcom\/a-semcom\/termos-de-uso-da-rede-social\/","url":"https:\/\/www.manaus.am.gov.br\/semcom\/a-semcom\/termos-de-uso-da-rede-social\/","name":"Termos de Uso da Rede Social - SEMCOM","isPartOf":{"@id":"https:\/\/www.manaus.am.gov.br\/semcom\/#website"},"datePublished":"2023-06-26T11:58:52+00:00","dateModified":"2024-12-03T21:19:46+00:00","breadcrumb":{"@id":"https:\/\/www.manaus.am.gov.br\/semcom\/a-semcom\/termos-de-uso-da-rede-social\/#breadcrumb"},"inLanguage":"pt-BR","potentialAction":[{"@type":"ReadAction","target":["https:\/\/www.manaus.am.gov.br\/semcom\/a-semcom\/termos-de-uso-da-rede-social\/"]}]},{"@type":"BreadcrumbList","@id":"https:\/\/www.manaus.am.gov.br\/semcom\/a-semcom\/termos-de-uso-da-rede-social\/#breadcrumb","itemListElement":[{"@type":"ListItem","position":1,"name":"A SEMCOM","item":"https:\/\/www.manaus.am.gov.br\/semcom\/a-semcom\/"},{"@type":"ListItem","position":2,"name":"Termos de Uso da Rede Social"}]},{"@type":"WebSite","@id":"https:\/\/www.manaus.am.gov.br\/semcom\/#website","url":"https:\/\/www.manaus.am.gov.br\/semcom\/","name":"SEMCOM","description":"Secretaria Municipal de Comunica\u00e7\u00e3o","potentialAction":[{"@type":"SearchAction","target":{"@type":"EntryPoint","urlTemplate":"https:\/\/www.manaus.am.gov.br\/semcom\/?s={search_term_string}"},"query-input":"required name=search_term_string"}],"inLanguage":"pt-BR"}]}},"_links":{"self":[{"href":"https:\/\/www.manaus.am.gov.br\/semcom\/wp-json\/wp\/v2\/pages\/215516"}],"collection":[{"href":"https:\/\/www.manaus.am.gov.br\/semcom\/wp-json\/wp\/v2\/pages"}],"about":[{"href":"https:\/\/www.manaus.am.gov.br\/semcom\/wp-json\/wp\/v2\/types\/page"}],"author":[{"embeddable":true,"href":"https:\/\/www.manaus.am.gov.br\/semcom\/wp-json\/wp\/v2\/users\/27"}],"replies":[{"embeddable":true,"href":"https:\/\/www.manaus.am.gov.br\/semcom\/wp-json\/wp\/v2\/comments?post=215516"}],"version-history":[{"count":6,"href":"https:\/\/www.manaus.am.gov.br\/semcom\/wp-json\/wp\/v2\/pages\/215516\/revisions"}],"predecessor-version":[{"id":232603,"href":"https:\/\/www.manaus.am.gov.br\/semcom\/wp-json\/wp\/v2\/pages\/215516\/revisions\/232603"}],"up":[{"embeddable":true,"href":"https:\/\/www.manaus.am.gov.br\/semcom\/wp-json\/wp\/v2\/pages\/121"}],"wp:attachment":[{"href":"https:\/\/www.manaus.am.gov.br\/semcom\/wp-json\/wp\/v2\/media?parent=215516"}],"curies":[{"name":"wp","href":"https:\/\/api.w.org\/{rel}","templated":true}]}}