{"id":207552,"date":"2023-01-23T19:02:06","date_gmt":"2023-01-23T22:02:06","guid":{"rendered":"https:\/\/www.manaus.am.gov.br\/semcom\/?page_id=207552"},"modified":"2024-11-01T15:09:28","modified_gmt":"2024-11-01T18:09:28","slug":"matriculas-2023-para-novos-alunos","status":"publish","type":"page","link":"https:\/\/www.manaus.am.gov.br\/semcom\/matriculas-2023-para-novos-alunos\/","title":{"rendered":"Matr\u00edculas 2023 para novos alunos"},"content":{"rendered":"<div class=\"wp-block-image\">\n<figure class=\"aligncenter size-full is-resized\"><img loading=\"lazy\" decoding=\"async\" src=\"https:\/\/www.manaus.am.gov.br\/semcom\/wp-content\/uploads\/sites\/5\/2023\/01\/matriculas-abertas-2023.jpg\" alt=\"\" class=\"wp-image-207553\" width=\"818\" height=\"464\" srcset=\"https:\/\/www.manaus.am.gov.br\/semcom\/wp-content\/uploads\/sites\/5\/2023\/01\/matriculas-abertas-2023.jpg 600w, https:\/\/www.manaus.am.gov.br\/semcom\/wp-content\/uploads\/sites\/5\/2023\/01\/matriculas-abertas-2023-300x170.jpg 300w\" sizes=\"(max-width: 818px) 100vw, 818px\" \/><\/figure><\/div>\n\n\n<p>Aten\u00e7\u00e3o pais que desejam matricular seus filhos na rede p\u00fablica municipal de ensino!<\/p>\n\n\n\n<p>De&nbsp;<strong>20 a 23 de janeiro<\/strong>, a Prefeitura de Manaus abre o&nbsp;<strong>per\u00edodo de matr\u00edcula para novas vagas e novos alunos.<\/strong>&nbsp;Fique atento para o processo, simples e r\u00e1pido, com condi\u00e7\u00f5es inclusive de ser feito pelo celular.<\/p>\n\n\n\n<p><strong>Veja as etapas:<\/strong><\/p>\n\n\n\n<p>&#8211; Para matricular o estudante pela 1\u00aa vez \u00e9 preciso, inicialmente, realizar o cadastro no site de matr\u00edculas, no endere\u00e7o&nbsp;<a href=\"https:\/\/comunicacao.manaus.am.gov.br\/go\/444776b-e86211-041d6fb5d74798ac40-4529ac4e-bb7170c53e2e6D83e12IOReDe8P\" target=\"_blank\" rel=\"noreferrer noopener\">https:\/\/reserva.matriculas.am.gov.br\/<\/a>. O cadastro \u00e9 voltado para respons\u00e1veis ou alunos maiores de 18 anos.<\/p>\n\n\n\n<p>&#8211; Com o cadastro feito, o respons\u00e1vel pela crian\u00e7a ou adolescente deve fazer a reserva da vaga, processo que acontece do dia 20 a 23 de janeiro. \u00c9 neste momento em que se escolhe a unidade de ensino na qual se deseja matricular o estudante. Esta etapa do processo pode ser tanto pelo site, quanto em qualquer unidade p\u00fablica de ensino.<\/p>\n\n\n\n<p>&#8211; Com a reserva da vaga feita, o 3\u00ba passo \u00e9 realizar a matr\u00edcula, de fato. Este passo precisa ser feito presencialmente, na unidade de ensino escolhida e deve ocorrer at\u00e9 3 dias \u00fateis ap\u00f3s a reserva da vaga (passo 2).<\/p>\n\n\n\n<p><strong>Para matricular o novo aluno, s\u00e3o necess\u00e1rios os seguintes documentos:<\/strong><\/p>\n\n\n\n<p>\u00fc&nbsp;&nbsp;Certid\u00e3o de nascimento e\/ou carteira de identidade;<\/p>\n\n\n\n<p>\u00fc&nbsp;&nbsp;Documento de identidade e CPF do respons\u00e1vel legal;<\/p>\n\n\n\n<p>\u00fc&nbsp;&nbsp;Guia de transfer\u00eancia do estudante (extra-rede\/particular);<\/p>\n\n\n\n<p>\u00fc&nbsp;&nbsp;Comprovante de resid\u00eancia com CEP;<\/p>\n\n\n\n<p>\u00fc&nbsp;&nbsp;03 fotos 3&#215;4;<\/p>\n\n\n\n<p>\u00fc&nbsp;&nbsp;Declara\u00e7\u00e3o de cart\u00e3o de vacina atualizado;<\/p>\n\n\n\n<p>\u00fc&nbsp;&nbsp;Cart\u00e3o de vacina\u00e7\u00e3o (c\u00f3pia);<\/p>\n\n\n\n<p>\u00fc&nbsp;&nbsp;N\u00famero de telefone atual do respons\u00e1vel;<\/p>\n\n\n\n<p>\u00fc&nbsp;&nbsp;Documento de autoriza\u00e7\u00e3o de ref\u00fagio (em caso de estrangeiro).<\/p>\n\n\n\n<p>D\u00favidas podem ser esclarecidas na pr\u00f3pria aba do site \u201cPerguntas Frequentes\u201d. Caso a resposta n\u00e3o seja encontrada, h\u00e1 o contato:&nbsp;<a href=\"https:\/\/comunicacao.manaus.am.gov.br\/go\/444776b-e86211-041d6fb5d74798ac40-4529ac4e-bb7170c53e2e6D83e12IOReDe8Q\" target=\"_blank\" rel=\"noreferrer noopener\">gmatricula@semed.manaus.am.gov.br<\/a>&nbsp;para os demais questionamentos.<\/p>\n\n\n\n<p><strong>Novo portal de matr\u00edculas<\/strong><\/p>\n\n\n\n<p>O calend\u00e1rio de matr\u00edculas na rede escolar \u00e9 um processo que ocorre em integra\u00e7\u00e3o com o calend\u00e1rio da rede estadual. Com a alta procura de pais e a maior oferta de vagas na rede municipal, optou-se por disponibilizar o processo este ano por 4 dias, a fim de se evitar sobrecarga no site e dificuldades no processo. O portal de matr\u00edculas tamb\u00e9m passou por remodelamento, tonando-se mais \u00e1gil e totalmente acess\u00edvel por smartphones.&nbsp;<\/p>\n\n\n\n<p><strong>Expans\u00e3o da rede<\/strong><\/p>\n\n\n\n<p>A abertura de novas vagas nas escolas do munic\u00edpio deve-se ao processo de melhoria e expans\u00e3o realizado nos dois \u00faltimos anos de gest\u00e3o na rede de ensino. Al\u00e9m de pr\u00e9dios que estavam com obras inacabadas, unidades escolares tamb\u00e9m foram constru\u00eddas e ampliadas, resultando na abertura de 68.950 mil novas vagas.<\/p>\n\n\n\n<p>Ent\u00e3o, n\u00e3o perca tempo!<br>Garanta a vaga do seu filho cumprindo todas as etapas do processo. Matr\u00edculas escolares 2023.<\/p>\n","protected":false},"excerpt":{"rendered":"","protected":false},"author":27,"featured_media":207553,"parent":0,"menu_order":0,"comment_status":"closed","ping_status":"closed","template":"","meta":{"footnotes":""},"acf":[],"yoast_head":"<!-- This site is optimized with the Yoast SEO plugin v23.0 - https:\/\/yoast.com\/wordpress\/plugins\/seo\/ -->\n<title>Matr\u00edculas 2023 para novos alunos - SEMCOM<\/title>\n<meta name=\"robots\" content=\"index, follow, max-snippet:-1, max-image-preview:large, max-video-preview:-1\" \/>\n<link rel=\"canonical\" href=\"https:\/\/www.manaus.am.gov.br\/semcom\/matriculas-2023-para-novos-alunos\/\" \/>\n<meta property=\"og:locale\" content=\"pt_BR\" \/>\n<meta property=\"og:type\" content=\"article\" \/>\n<meta property=\"og:title\" content=\"Matr\u00edculas 2023 para novos alunos - SEMCOM\" \/>\n<meta property=\"og:url\" content=\"https:\/\/www.manaus.am.gov.br\/semcom\/matriculas-2023-para-novos-alunos\/\" \/>\n<meta property=\"og:site_name\" content=\"SEMCOM\" \/>\n<meta property=\"article:modified_time\" content=\"2024-11-01T18:09:28+00:00\" \/>\n<meta property=\"og:image\" content=\"https:\/\/www.manaus.am.gov.br\/semcom\/wp-content\/uploads\/sites\/5\/2023\/01\/matriculas-abertas-2023.jpg\" \/>\n\t<meta property=\"og:image:width\" content=\"600\" \/>\n\t<meta property=\"og:image:height\" content=\"340\" \/>\n\t<meta property=\"og:image:type\" content=\"image\/jpeg\" \/>\n<meta name=\"twitter:card\" content=\"summary_large_image\" \/>\n<meta name=\"twitter:label1\" content=\"Est. reading time\" \/>\n\t<meta name=\"twitter:data1\" content=\"3 minutos\" \/>\n<script type=\"application\/ld+json\" class=\"yoast-schema-graph\">{\"@context\":\"https:\/\/schema.org\",\"@graph\":[{\"@type\":\"WebPage\",\"@id\":\"https:\/\/www.manaus.am.gov.br\/semcom\/matriculas-2023-para-novos-alunos\/\",\"url\":\"https:\/\/www.manaus.am.gov.br\/semcom\/matriculas-2023-para-novos-alunos\/\",\"name\":\"Matr\u00edculas 2023 para novos alunos - SEMCOM\",\"isPartOf\":{\"@id\":\"https:\/\/www.manaus.am.gov.br\/semcom\/#website\"},\"primaryImageOfPage\":{\"@id\":\"https:\/\/www.manaus.am.gov.br\/semcom\/matriculas-2023-para-novos-alunos\/#primaryimage\"},\"image\":{\"@id\":\"https:\/\/www.manaus.am.gov.br\/semcom\/matriculas-2023-para-novos-alunos\/#primaryimage\"},\"thumbnailUrl\":\"https:\/\/www.manaus.am.gov.br\/semcom\/wp-content\/uploads\/sites\/5\/2023\/01\/matriculas-abertas-2023.jpg\",\"datePublished\":\"2023-01-23T22:02:06+00:00\",\"dateModified\":\"2024-11-01T18:09:28+00:00\",\"inLanguage\":\"pt-BR\",\"potentialAction\":[{\"@type\":\"ReadAction\",\"target\":[\"https:\/\/www.manaus.am.gov.br\/semcom\/matriculas-2023-para-novos-alunos\/\"]}]},{\"@type\":\"ImageObject\",\"inLanguage\":\"pt-BR\",\"@id\":\"https:\/\/www.manaus.am.gov.br\/semcom\/matriculas-2023-para-novos-alunos\/#primaryimage\",\"url\":\"https:\/\/www.manaus.am.gov.br\/semcom\/wp-content\/uploads\/sites\/5\/2023\/01\/matriculas-abertas-2023.jpg\",\"contentUrl\":\"https:\/\/www.manaus.am.gov.br\/semcom\/wp-content\/uploads\/sites\/5\/2023\/01\/matriculas-abertas-2023.jpg\",\"width\":600,\"height\":340,\"caption\":\"Matr\u00edculas 2023 para novos alunos\"},{\"@type\":\"WebSite\",\"@id\":\"https:\/\/www.manaus.am.gov.br\/semcom\/#website\",\"url\":\"https:\/\/www.manaus.am.gov.br\/semcom\/\",\"name\":\"SEMCOM\",\"description\":\"Secretaria Municipal de Comunica\u00e7\u00e3o\",\"potentialAction\":[{\"@type\":\"SearchAction\",\"target\":{\"@type\":\"EntryPoint\",\"urlTemplate\":\"https:\/\/www.manaus.am.gov.br\/semcom\/?s={search_term_string}\"},\"query-input\":\"required name=search_term_string\"}],\"inLanguage\":\"pt-BR\"}]}<\/script>\n<!-- \/ Yoast SEO plugin. -->","yoast_head_json":{"title":"Matr\u00edculas 2023 para novos alunos - SEMCOM","robots":{"index":"index","follow":"follow","max-snippet":"max-snippet:-1","max-image-preview":"max-image-preview:large","max-video-preview":"max-video-preview:-1"},"canonical":"https:\/\/www.manaus.am.gov.br\/semcom\/matriculas-2023-para-novos-alunos\/","og_locale":"pt_BR","og_type":"article","og_title":"Matr\u00edculas 2023 para novos alunos - SEMCOM","og_url":"https:\/\/www.manaus.am.gov.br\/semcom\/matriculas-2023-para-novos-alunos\/","og_site_name":"SEMCOM","article_modified_time":"2024-11-01T18:09:28+00:00","og_image":[{"width":600,"height":340,"url":"https:\/\/www.manaus.am.gov.br\/semcom\/wp-content\/uploads\/sites\/5\/2023\/01\/matriculas-abertas-2023.jpg","type":"image\/jpeg"}],"twitter_card":"summary_large_image","twitter_misc":{"Est. reading time":"3 minutos"},"schema":{"@context":"https:\/\/schema.org","@graph":[{"@type":"WebPage","@id":"https:\/\/www.manaus.am.gov.br\/semcom\/matriculas-2023-para-novos-alunos\/","url":"https:\/\/www.manaus.am.gov.br\/semcom\/matriculas-2023-para-novos-alunos\/","name":"Matr\u00edculas 2023 para novos alunos - SEMCOM","isPartOf":{"@id":"https:\/\/www.manaus.am.gov.br\/semcom\/#website"},"primaryImageOfPage":{"@id":"https:\/\/www.manaus.am.gov.br\/semcom\/matriculas-2023-para-novos-alunos\/#primaryimage"},"image":{"@id":"https:\/\/www.manaus.am.gov.br\/semcom\/matriculas-2023-para-novos-alunos\/#primaryimage"},"thumbnailUrl":"https:\/\/www.manaus.am.gov.br\/semcom\/wp-content\/uploads\/sites\/5\/2023\/01\/matriculas-abertas-2023.jpg","datePublished":"2023-01-23T22:02:06+00:00","dateModified":"2024-11-01T18:09:28+00:00","inLanguage":"pt-BR","potentialAction":[{"@type":"ReadAction","target":["https:\/\/www.manaus.am.gov.br\/semcom\/matriculas-2023-para-novos-alunos\/"]}]},{"@type":"ImageObject","inLanguage":"pt-BR","@id":"https:\/\/www.manaus.am.gov.br\/semcom\/matriculas-2023-para-novos-alunos\/#primaryimage","url":"https:\/\/www.manaus.am.gov.br\/semcom\/wp-content\/uploads\/sites\/5\/2023\/01\/matriculas-abertas-2023.jpg","contentUrl":"https:\/\/www.manaus.am.gov.br\/semcom\/wp-content\/uploads\/sites\/5\/2023\/01\/matriculas-abertas-2023.jpg","width":600,"height":340,"caption":"Matr\u00edculas 2023 para novos alunos"},{"@type":"WebSite","@id":"https:\/\/www.manaus.am.gov.br\/semcom\/#website","url":"https:\/\/www.manaus.am.gov.br\/semcom\/","name":"SEMCOM","description":"Secretaria Municipal de Comunica\u00e7\u00e3o","potentialAction":[{"@type":"SearchAction","target":{"@type":"EntryPoint","urlTemplate":"https:\/\/www.manaus.am.gov.br\/semcom\/?s={search_term_string}"},"query-input":"required name=search_term_string"}],"inLanguage":"pt-BR"}]}},"_links":{"self":[{"href":"https:\/\/www.manaus.am.gov.br\/semcom\/wp-json\/wp\/v2\/pages\/207552"}],"collection":[{"href":"https:\/\/www.manaus.am.gov.br\/semcom\/wp-json\/wp\/v2\/pages"}],"about":[{"href":"https:\/\/www.manaus.am.gov.br\/semcom\/wp-json\/wp\/v2\/types\/page"}],"author":[{"embeddable":true,"href":"https:\/\/www.manaus.am.gov.br\/semcom\/wp-json\/wp\/v2\/users\/27"}],"replies":[{"embeddable":true,"href":"https:\/\/www.manaus.am.gov.br\/semcom\/wp-json\/wp\/v2\/comments?post=207552"}],"version-history":[{"count":3,"href":"https:\/\/www.manaus.am.gov.br\/semcom\/wp-json\/wp\/v2\/pages\/207552\/revisions"}],"predecessor-version":[{"id":207557,"href":"https:\/\/www.manaus.am.gov.br\/semcom\/wp-json\/wp\/v2\/pages\/207552\/revisions\/207557"}],"wp:featuredmedia":[{"embeddable":true,"href":"https:\/\/www.manaus.am.gov.br\/semcom\/wp-json\/wp\/v2\/media\/207553"}],"wp:attachment":[{"href":"https:\/\/www.manaus.am.gov.br\/semcom\/wp-json\/wp\/v2\/media?parent=207552"}],"curies":[{"name":"wp","href":"https:\/\/api.w.org\/{rel}","templated":true}]}}