{"id":211955,"date":"2026-01-06T15:39:13","date_gmt":"2026-01-06T19:39:13","guid":{"rendered":"https:\/\/www.manaus.am.gov.br\/semasc\/?page_id=211955"},"modified":"2026-01-06T15:39:14","modified_gmt":"2026-01-06T19:39:14","slug":"2025-2","status":"publish","type":"page","link":"https:\/\/www.manaus.am.gov.br\/semasc\/fomentos\/2025-2\/","title":{"rendered":"2025"},"content":{"rendered":"\n<h2 class=\"wp-block-heading\">CMDCA<\/h2>\n\n\n\n<div class=\"wp-block-file\"><a id=\"wp-block-file--media-77f1253c-f074-488d-ac14-58d8aa2dc0d7\" href=\"https:\/\/www.manaus.am.gov.br\/semasc\/wp-content\/uploads\/sites\/17\/2026\/01\/1.-TERMO-DE-FOMENTO-02-2025-ORGANIZACAO-DA-SOCIEDADE-C-I-V-I-L-GRUPO-DE-APOIO-A-CRIANCA-COM-C-A-NCER-DO-AMAZONAS-\u2013-GACC.pdf\">1. TERMO DE FOMENTO 02-2025 ORGANIZA\u00c7\u00c3O DA SOCIEDADE C I V I L GRUPO DE APOIO \u00c0 CRIAN\u00c7A COM C \u00c2 NCER DO AMAZONAS \u2013 GACC<\/a><\/div>\n\n\n\n<p><\/p>\n\n\n\n<h2 class=\"wp-block-heading\">DISPENSA DE CHAMAMENTO P\u00daBLICO<\/h2>\n\n\n\n<div class=\"wp-block-file\"><a id=\"wp-block-file--media-7bb656f3-5e14-4a93-b65a-5331cfdbbd32\" href=\"https:\/\/www.manaus.am.gov.br\/semasc\/wp-content\/uploads\/sites\/17\/2026\/01\/1.-TERMO-DE-FOMENTO-12-2025-Obra-Social-Nossa-Senhora-da-Gloria-Fazenda-da-Esperanca-Dom-Gino.pdf\">1. TERMO DE FOMENTO 12-2025 Obra Social Nossa Senhora da Gl\u00f3ria Fazenda da Esperan\u00e7a Dom Gino<\/a><\/div>\n\n\n\n<div class=\"wp-block-file\"><a id=\"wp-block-file--media-b9e8f6eb-66b7-4dde-ae03-1d14ea00554b\" href=\"https:\/\/www.manaus.am.gov.br\/semasc\/wp-content\/uploads\/sites\/17\/2026\/01\/2.-TERMO-DE-FOMENTO-11-2025-ORGANIZACAO-DA-SOCIEDADE-C-I-V-I-L-LAR-BATISTA-JANELL-DOYLE.pdf\">2. TERMO DE FOMENTO 11-2025 ORGANIZA\u00c7\u00c3O DA SOCIEDADE C I V I L LAR BATISTA JANELL DOYLE,<\/a><\/div>\n\n\n\n<div class=\"wp-block-file\"><a id=\"wp-block-file--media-4b602262-9bc1-4cf9-8239-2b2ad5a51ae8\" href=\"https:\/\/www.manaus.am.gov.br\/semasc\/wp-content\/uploads\/sites\/17\/2026\/01\/3.-TERMO-DE-FOMENTO-22-2025-Associacao-Educacional-e-Beneficente-Pao-da-Vida.pdf\">3. TERMO DE FOMENTO 22-2025 Associa\u00e7\u00e3o Educacional e Beneficente P\u00e3o da Vida<\/a><\/div>\n\n\n\n<div class=\"wp-block-file\"><a id=\"wp-block-file--media-5d760f70-7675-4d65-baa4-cfe0d56f23df\" href=\"https:\/\/www.manaus.am.gov.br\/semasc\/wp-content\/uploads\/sites\/17\/2026\/01\/4.-TERMO-DE-FOMENTO-08-2025-RGANIZACAO-DA-SOCIEDADE-CIVIL-ASSOCIACAO-DE-APOIO-LAR-DE-VITORIAS-AALLV.pdf\">4. TERMO DE FOMENTO 08-2025 RGANIZA\u00c7\u00c3O DA SOCIEDADE CIVIL ASSOCIA\u00c7\u00c3O DE APOIO LAR DE VIT\u00d3RIAS &#8211; AALLV<\/a><\/div>\n\n\n\n<div class=\"wp-block-file\"><a id=\"wp-block-file--media-e414f323-e6ec-412f-8c61-60ad2abe449f\" href=\"https:\/\/www.manaus.am.gov.br\/semasc\/wp-content\/uploads\/sites\/17\/2026\/01\/5-TERMO-DE-FOMENTO-09-2025-ASSOCIACAO-PESTALOZZI-DE-MANAUS.pdf\">5 TERMO DE FOMENTO 09-2025 ASSOCIA\u00c7\u00c3O PESTALOZZI DE MANAUS<\/a><\/div>\n\n\n\n<div class=\"wp-block-file\"><a id=\"wp-block-file--media-520d499c-5233-42f0-af09-4f9eb0e799dc\" href=\"https:\/\/www.manaus.am.gov.br\/semasc\/wp-content\/uploads\/sites\/17\/2026\/01\/6-.-TERMO-DE-FOMRNTO-10-2025-Instituo-Unidos-Pelo-Social-IUPS.pdf\">6 . TERMO DE FOMRNTO 10-2025 Instituo Unidos Pelo Social &#8211; IUPS<\/a><\/div>\n\n\n\n<div class=\"wp-block-file\"><a id=\"wp-block-file--media-b93974ea-d72c-4601-97a9-99f9c71b1e4f\" href=\"https:\/\/www.manaus.am.gov.br\/semasc\/wp-content\/uploads\/sites\/17\/2026\/01\/7.-TERMO-DE-FOMENTO-36-2025-Abrigo-o-Coracao-do-Pai.pdf\">7. TERMO DE FOMENTO 36-2025 Abrigo o Cora\u00e7\u00e3o do Pai<\/a><\/div>\n\n\n\n<p><\/p>\n\n\n\n<h2 class=\"wp-block-heading\">FMAD<\/h2>\n\n\n\n<div class=\"wp-block-file\"><a id=\"wp-block-file--media-c102fff1-505e-4647-967a-cb0d29063954\" href=\"https:\/\/www.manaus.am.gov.br\/semasc\/wp-content\/uploads\/sites\/17\/2026\/01\/1-.TERMO-DE-FOMENTO-01-2025-SSOCIACAO-AMIGOS-DO-PROERD-AMAZONAS-AAPAM.pdf\">1-.TERMO-DE-FOMENTO-01-2025-SSOCIACAO-AMIGOS-DO-PROERD-AMAZONAS-AAPAM<\/a><\/div>\n\n\n\n<p><\/p>\n\n\n\n<h2 class=\"wp-block-heading\">FMAPD<\/h2>\n\n\n\n<div class=\"wp-block-file\"><a id=\"wp-block-file--media-ab62c36e-a2f7-4929-9754-8e144e0e8a3d\" href=\"https:\/\/www.manaus.am.gov.br\/semasc\/wp-content\/uploads\/sites\/17\/2026\/01\/01.-TERMO-DE-FOMENTO-01-2025-Fundacao-de-Apoio-a-Pessoa-com-Deficiencia-\u2013-FADA.pdf\">01.-TERMO-DE-FOMENTO-01-2025-Fundacao-de-Apoio-a-Pessoa-com-Deficiencia-\u2013-FADA<\/a><\/div>\n\n\n\n<p><\/p>\n\n\n\n<h2 class=\"wp-block-heading\">FMAS<\/h2>\n\n\n\n<div class=\"wp-block-file\"><a id=\"wp-block-file--media-60c7a989-e296-4413-8b9f-7bed82d8d72d\" href=\"https:\/\/www.manaus.am.gov.br\/semasc\/wp-content\/uploads\/sites\/17\/2026\/01\/TERMO-DE-FOMENTO-02-2025-DESAFIO-JOVEM.pdf\">TERMO-DE-FOMENTO-02-2025-DESAFIO-JOVEM<\/a><\/div>\n\n\n\n<p><\/p>\n\n\n\n<h2 class=\"wp-block-heading\">FMDH<\/h2>\n\n\n\n<div class=\"wp-block-file\"><a id=\"wp-block-file--media-77281e3e-621d-4423-a5d5-958a954f1193\" href=\"https:\/\/www.manaus.am.gov.br\/semasc\/wp-content\/uploads\/sites\/17\/2026\/01\/1.-TERMO-DE-FOMENTO-02-2025-INSTITUTO-F3M-INSF3M.pdf\">1.-TERMO-DE-FOMENTO-02-2025-INSTITUTO-F3M-INSF3M<\/a><\/div>\n\n\n\n<div class=\"wp-block-file\"><a id=\"wp-block-file--media-3e20a32d-91fe-40b7-a4cd-11972dad9251\" href=\"https:\/\/www.manaus.am.gov.br\/semasc\/wp-content\/uploads\/sites\/17\/2026\/01\/2.-TERMO-DE-FOMENTO-01-2025-INSTITUTO-DE-INCLUSAO-SOCIAL-E-CIDADANIA.pdf\">2.-TERMO-DE-FOMENTO-01-2025-INSTITUTO-DE-INCLUSAO-SOCIAL-E-CIDADANIA<\/a><\/div>\n\n\n\n<p><\/p>\n\n\n\n<h2 class=\"wp-block-heading\">SEMASC<\/h2>\n\n\n\n<div class=\"wp-block-file\"><a id=\"wp-block-file--media-9447bfa9-6795-445a-ae6b-73a899daa8d7\" href=\"https:\/\/www.manaus.am.gov.br\/semasc\/wp-content\/uploads\/sites\/17\/2026\/01\/1.-TERMO-DE-FOMENTO-07-2025-INSTITUTO-NORTE-BRASIL.pdf\">1. TERMO DE FOMENTO 07-2025 INSTITUTO NORTE BRASIL<\/a><\/div>\n\n\n\n<div class=\"wp-block-file\"><a id=\"wp-block-file--media-854d17e0-7855-4a2a-bf4b-aaa5917abe45\" href=\"https:\/\/www.manaus.am.gov.br\/semasc\/wp-content\/uploads\/sites\/17\/2026\/01\/2.-TERMO-DE-FOMENTO-02-2025-INSTITUTO-AUTISMO-NO-AMAZONAS-IAAM.pdf\">2. TERMO DE FOMENTO 02-2025 INSTITUTO AUTISMO NO AMAZONAS &#8211; IAAM<\/a><\/div>\n\n\n\n<div class=\"wp-block-file\"><a id=\"wp-block-file--media-e0cfa9a7-b7fd-4756-9abb-39ec152c9388\" href=\"https:\/\/www.manaus.am.gov.br\/semasc\/wp-content\/uploads\/sites\/17\/2026\/01\/3.-TERMO-DE-FOMENTO-06-2025-Instituto-Transformando-Vidas-\u2013-ITV.pdf\">3. TERMO DE FOMENTO 06-2025 Instituto Transformando Vidas \u2013 ITV<\/a><\/div>\n\n\n\n<div class=\"wp-block-file\"><a id=\"wp-block-file--media-b5c04931-17c1-432a-a5be-87e74345fb46\" href=\"https:\/\/www.manaus.am.gov.br\/semasc\/wp-content\/uploads\/sites\/17\/2026\/01\/4.-TERMO-DE-FOMENTO-01-2025-Casa-do-Idoso-Sao-Vicente-de-Paulo.pdf\">4. TERMO DE FOMENTO 01-2025 Casa do Idoso S\u00e3o Vicente de Paulo<\/a><\/div>\n\n\n\n<div class=\"wp-block-file\"><a id=\"wp-block-file--media-53e20303-2f15-463e-bba5-b38a0603c08d\" href=\"https:\/\/www.manaus.am.gov.br\/semasc\/wp-content\/uploads\/sites\/17\/2026\/01\/5.-TERMO-DE-FOMENTO-20-2025-INSTITUTO-DE-ACOLHIMENTO-HAJA-LUZ.pdf\">5. TERMO DE FOMENTO 20-2025 INSTITUTO DE ACOLHIMENTO HAJA LUZ<\/a><\/div>\n\n\n\n<div class=\"wp-block-file\"><a id=\"wp-block-file--media-366a7667-2d08-443e-98cd-0d94e11b7808\" href=\"https:\/\/www.manaus.am.gov.br\/semasc\/wp-content\/uploads\/sites\/17\/2026\/01\/6.-TERMO-DE-FOMENTO-03-2025-Associacao-Educacional-e-Beneficente-Pao-da-Vida-NACER.pdf\">6. TERMO DE FOMENTO 03-2025 Associa\u00e7\u00e3o Educacional e Beneficente P\u00e3o da Vida &#8211; NACER<\/a><\/div>\n\n\n\n<div class=\"wp-block-file\"><a id=\"wp-block-file--media-6d678224-8001-430b-b41f-3fa970bde3cb\" href=\"https:\/\/www.manaus.am.gov.br\/semasc\/wp-content\/uploads\/sites\/17\/2026\/01\/7-TERMO-DE-FOMENTO-04-2024-ORGANIZACAO-DA-SOCIEDADE-CIVIL-CENTRO-DE-INTEGRACAO-SOCIAL-GERANDO-VIDAS.pdf\">7 TERMO DE FOMENTO 04-2024 ORGANIZA\u00c7\u00c3O DA SOCIEDADE CIVIL CENTRO DE INTEGRA\u00c7\u00c3O SOCIAL GERANDO VIDAS<\/a><\/div>\n\n\n\n<div class=\"wp-block-file\"><a id=\"wp-block-file--media-a81552a2-10d1-4622-99c8-e33ecff19884\" href=\"https:\/\/www.manaus.am.gov.br\/semasc\/wp-content\/uploads\/sites\/17\/2026\/01\/8.-TERMO-DE-FORMENTO-024-2024-ORGANIZACAO-DA-SOCIEDADE-CIVIL-ASSOCIACAO-ESPIRITA-E-BENEFICIENTE-JESUS-GONCALVES.pdf\">8. TERMO DE FORMENTO 024-2024 ORGANIZA\u00c7\u00c3O DA SOCIEDADE CIVIL ASSOCIA\u00c7\u00c3O ESP\u00cdRITA E BENEFICIENTE J\u00c9SUS GON\u00c7ALVES<\/a><\/div>\n\n\n\n<div class=\"wp-block-file\"><a id=\"wp-block-file--media-ecdb6e26-7cf8-4583-aa7e-dd49d27e2608\" href=\"https:\/\/www.manaus.am.gov.br\/semasc\/wp-content\/uploads\/sites\/17\/2026\/01\/9-.-TERMO-DE-FOMENTO-15-2025-ORGANIZACAO-DA-SOCIEDADE-C-I-V-I-L-SARCA-ARDENTE.pdf\">9 . TERMO DE FOMENTO 15-2025 ORGANIZA\u00c7\u00c3O DA SOCIEDADE C I V I L SAR\u00c7A ARDENTE<\/a><\/div>\n\n\n\n<div class=\"wp-block-file\"><a id=\"wp-block-file--media-e1fab8e0-0cc6-4c07-ac81-5dbcf84c4630\" href=\"https:\/\/www.manaus.am.gov.br\/semasc\/wp-content\/uploads\/sites\/17\/2026\/01\/10-TERMO-DE-FORMENTO-13-2025-ORGANIZACAO-DA-SOCIEDADE-C-I-V-I-L-ASSOCIACAO-DE-APOIO-AO-ALAR-DE-VITORIA.pdf\">10 TERMO DE FORMENTO 13-2025 ORGANIZA\u00c7\u00c3O DA SOCIEDADE C I V I L ASSOCIA\u00c7\u00c3O DE APOIO AO ALAR DE VIT\u00d3RIA<\/a><\/div>\n\n\n\n<div class=\"wp-block-file\"><a id=\"wp-block-file--media-199b1e8d-7df9-4139-a7f9-d0660022704a\" href=\"https:\/\/www.manaus.am.gov.br\/semasc\/wp-content\/uploads\/sites\/17\/2026\/01\/11.-TERMO-DE-FOMENTO-26-2025-INSTITUTO-SOCIAL-ATOS-IATOS.pdf\">11. TERMO DE FOMENTO 26-2025 INSTITUTO SOCIAL ATOS IATOS<\/a><\/div>\n\n\n\n<div class=\"wp-block-file\"><a id=\"wp-block-file--media-bfdf53ba-d57f-4a41-9392-af1f3e1db609\" href=\"https:\/\/www.manaus.am.gov.br\/semasc\/wp-content\/uploads\/sites\/17\/2026\/01\/12.-TERMO-DE-FORMENTO-14-2025-ORGANIZACAO-DA-SOCIEDADE-CIVIL-ASSOCIACAO-SEMEANDO-INTEGRACAO-A-CIDADANIA-ASIC.pdf\">12. TERMO DE FORMENTO 14-2025 ORGANIZA\u00c7\u00c3O DA SOCIEDADE CIVIL ASSOCIA\u00c7\u00c3O SEMEANDO INTEGRA\u00c7\u00c3O A CIDADANIA ASIC<\/a><\/div>\n\n\n\n<div class=\"wp-block-file\"><a id=\"wp-block-file--media-ce7935e3-d174-4e56-93d0-0e6a74ed684c\" href=\"https:\/\/www.manaus.am.gov.br\/semasc\/wp-content\/uploads\/sites\/17\/2026\/01\/13.-TERMO-DE-FOMENTO-05-2025-ASSOCIACAO-PESTALOZZI-DE-MANAUS.pdf\">13. TERMO DE FOMENTO 05-2025 ASSOCIA\u00c7\u00c3O PESTALOZZI DE MANAUS<\/a><\/div>\n\n\n\n<div class=\"wp-block-file\"><a id=\"wp-block-file--media-2926eee5-2106-4212-89fa-5549586ff197\" href=\"https:\/\/www.manaus.am.gov.br\/semasc\/wp-content\/uploads\/sites\/17\/2026\/01\/14.-TERMO-DE-FOMENTO-19-2025ASSOCIACAO-DE-AMIGOS-DO-AUTISTA-NO-AMAZONAS.pdf\">14. TERMO DE FOMENTO 19-2025ASSOCIA\u00c7\u00c3O DE AMIGOS DO AUTISTA NO AMAZONAS<\/a><\/div>\n\n\n\n<div class=\"wp-block-file\"><a id=\"wp-block-file--media-83b31c21-a600-48b4-a8f4-8521998ebb26\" href=\"https:\/\/www.manaus.am.gov.br\/semasc\/wp-content\/uploads\/sites\/17\/2026\/01\/15.-TERMO-DE-FOMENTO-29-2025-ORGANIZACAO-DA-SOCIEDADE-CIVIL-LAR-BATISTA-JANEL-DOYLE.pdf\">15. TERMO DE FOMENTO 29-2025 ORGANIZA\u00c7\u00c3O DA SOCIEDADE CIVIL LAR BATISTA JANEL DOYLE<\/a><\/div>\n\n\n\n<div class=\"wp-block-file\"><a id=\"wp-block-file--media-b98039cc-6def-4895-88a5-be50e436484c\" href=\"https:\/\/www.manaus.am.gov.br\/semasc\/wp-content\/uploads\/sites\/17\/2026\/01\/16.-TERMO-DE-FOMENTO-19-2025-ASSOCIACAO-DE-AMIGOS-DO-AUTISTA-NO-AMAZONAS.pdf\">16. TERMO DE FOMENTO 19-2025 ASSOCIA\u00c7\u00c3O DE AMIGOS DO AUTISTA NO AMAZONAS<\/a><\/div>\n\n\n\n<div class=\"wp-block-file\"><a id=\"wp-block-file--media-c1bbe8e8-a5b1-4ecc-b50f-97263735145f\" href=\"https:\/\/www.manaus.am.gov.br\/semasc\/wp-content\/uploads\/sites\/17\/2026\/01\/17.-TERMO-DE-FOMENTO-29-2025-Lar-Batista-Janell-Doyle.pdf\">17. TERMO DE FOMENTO 29-2025 Lar Batista Janell Doyle<\/a><\/div>\n\n\n\n<div class=\"wp-block-file\"><a id=\"wp-block-file--media-08149155-620d-4992-aefb-58adf76134e1\" href=\"https:\/\/www.manaus.am.gov.br\/semasc\/wp-content\/uploads\/sites\/17\/2026\/01\/18.-TERMO-DE-FOMENTO-27-2025-Lar-Batista-Janell-Doyle.pdf\">18. TERMO DE FOMENTO 27-2025 Lar Batista Janell Doyle<\/a><\/div>\n\n\n\n<div class=\"wp-block-file\"><a id=\"wp-block-file--media-9b1ae8f3-2cd5-453f-97de-1e3da1811c53\" href=\"https:\/\/www.manaus.am.gov.br\/semasc\/wp-content\/uploads\/sites\/17\/2026\/01\/19_-TERMO-FOMENTO-17-2025-Associacao-de-Apoio-a-Crianca-com-HIV-\u2013-CASA-VHIDA.pdf\">19_ TERMO FOMENTO 17-2025 Associa\u00e7\u00e3o de Apoio \u00e0 Crian\u00e7a com HIV \u2013 CASA VHIDA<\/a><\/div>\n\n\n\n<div class=\"wp-block-file\"><a id=\"wp-block-file--media-38fba816-f386-4984-a40e-db34e8c58318\" href=\"https:\/\/www.manaus.am.gov.br\/semasc\/wp-content\/uploads\/sites\/17\/2026\/01\/20.-TERMO-FOMENTO-25-2025-Associacao-de-Apoio-Lar-de-Vitorias.pdf\">20. TERMO FOMENTO 25-2025 Associa\u00e7\u00e3o de Apoio Lar de Vitorias<\/a><\/div>\n\n\n\n<div class=\"wp-block-file\"><a id=\"wp-block-file--media-b0af3cea-5307-49e8-9f88-e225ae463cd9\" href=\"https:\/\/www.manaus.am.gov.br\/semasc\/wp-content\/uploads\/sites\/17\/2026\/01\/21.-TERMO-DE-FOMENTO-18-2025-Instituto-Norte-Brasil-Social-e-Cultura.pdf\">21. TERMO DE FOMENTO 18-2025 Instituto Norte Brasil Social e Cultura<\/a><\/div>\n\n\n\n<div class=\"wp-block-file\"><a id=\"wp-block-file--media-f97708e4-aca9-41c3-a5e3-c0987a241b87\" href=\"https:\/\/www.manaus.am.gov.br\/semasc\/wp-content\/uploads\/sites\/17\/2026\/01\/22-TERMO-DE-FOMENTO-30-2025-Instituto-de-Maos-Dadas-com-o-Amazonas-IMDA.pdf\">22-TERMO DE FOMENTO 30-2025 Instituto de M\u00e3os Dadas com o Amazonas &#8211; IMDA<\/a><\/div>\n\n\n\n<div class=\"wp-block-file\"><a id=\"wp-block-file--media-739d6855-7aa7-422f-bb2b-0472fd829476\" href=\"https:\/\/www.manaus.am.gov.br\/semasc\/wp-content\/uploads\/sites\/17\/2026\/01\/23.-TERMO-DE-FOMENTO-23-2025-CONGREGACAO-DAS-IRMAS-SALESIANAS-DOS-SAGRADOS-INSTITUTO-FILIPPO-SMALDONE.pdf\">23. TERMO DE FOMENTO 23-2025 CONGREGA\u00c7\u00c3O DAS IRM\u00c3S SALESIANAS DOS SAGRADOS INSTITUTO FILIPPO SMALDONE<\/a><\/div>\n\n\n\n<div class=\"wp-block-file\"><a id=\"wp-block-file--media-449599ca-d0ea-4a5d-951e-7128eba306f8\" href=\"https:\/\/www.manaus.am.gov.br\/semasc\/wp-content\/uploads\/sites\/17\/2026\/01\/24.-TERMO-FOMENTO-31-2025-Instituto-Central-das-Entidades-Associativas-do-Brasil-ICEAB.pdf\">24. TERMO FOMENTO 31-2025 Instituto Central das Entidades Associativas do Brasil- ICEAB<\/a><\/div>\n\n\n\n<div class=\"wp-block-file\"><a id=\"wp-block-file--media-4f9ac2d1-3e8a-4ca7-8d73-0c51eb01c636\" href=\"https:\/\/www.manaus.am.gov.br\/semasc\/wp-content\/uploads\/sites\/17\/2026\/01\/25-.-TERMO-DE-FOMENTO-16-2025-ASSOCIACAO-PESTALOZZI-DE-MANAUS.pdf\">25 . TERMO DE FOMENTO 16-2025 ASSOCIA\u00c7\u00c3O PESTALOZZI DE MANAUS<\/a><\/div>\n\n\n\n<div class=\"wp-block-file\"><a id=\"wp-block-file--media-d94b1339-1795-4c6e-bf39-f566dc939dd8\" href=\"https:\/\/www.manaus.am.gov.br\/semasc\/wp-content\/uploads\/sites\/17\/2026\/01\/26.-TERMO-DE-FOMENTO-24-2025-Associacao-Semeando-Integracao-a-Cidadania-ASIC.pdf\">26. TERMO DE FOMENTO 24-2025 Associa\u00e7\u00e3o Semeando Integra\u00e7\u00e3o a Cidadania-ASIC<\/a><\/div>\n\n\n\n<div class=\"wp-block-file\"><a id=\"wp-block-file--media-4d2b6b91-d4e4-4104-8f38-6bcbf50cb12e\" href=\"https:\/\/www.manaus.am.gov.br\/semasc\/wp-content\/uploads\/sites\/17\/2026\/01\/27.-TERMO-FOMENTO-32-2025-INSTITUTO-DE-EDUCACAO-CIDADANIA-E-SAUDE-DO.pdf\">27. TERMO FOMENTO 32-2025 INSTITUTO DE EDUCA\u00c7\u00c3O, CIDADANIA E SA\u00daDE DO<\/a><\/div>\n\n\n\n<div class=\"wp-block-file\"><a id=\"wp-block-file--media-20b8cee5-801a-49b0-98aa-879c672921fb\" href=\"https:\/\/www.manaus.am.gov.br\/semasc\/wp-content\/uploads\/sites\/17\/2026\/01\/28-TERMO-FOMENTO-33-2025-INSTITUTO-F3M-INSF3M.pdf\">28- TERMO FOMENTO 33-2025 INSTITUTO F3M &#8211; INSF3M<\/a><\/div>\n\n\n\n<div class=\"wp-block-file\"><a id=\"wp-block-file--media-6b7fd4cd-bdf7-42ab-b9fa-eaef14318c45\" href=\"https:\/\/www.manaus.am.gov.br\/semasc\/wp-content\/uploads\/sites\/17\/2026\/01\/29.-TERMO-FOMENTO-35-2025-Instituto-Internacional-Alianca-da-Amazonia.pdf\">29. TERMO FOMENTO 35-2025 Instituto Internacional Alian\u00e7a da Amaz\u00f4nia<\/a><\/div>\n\n\n\n<div class=\"wp-block-file\"><a id=\"wp-block-file--media-9838e8e7-e968-402e-859c-f202d6716788\" href=\"https:\/\/www.manaus.am.gov.br\/semasc\/wp-content\/uploads\/sites\/17\/2026\/01\/30-TERMO-FOMENTO-34-2025-Grupo-de-Apoio-a-Crianca-com-Cancer-do-Amazonas-\u2013-GACC-AM.pdf\">30- TERMO FOMENTO 34-2025 Grupo de Apoio \u00e0 Crian\u00e7a com C\u00e2ncer do Amazonas \u2013 GACC-AM<\/a><\/div>\n\n\n\n<div class=\"wp-block-file\"><a id=\"wp-block-file--media-1ec630a2-ed57-414a-8e00-baf582e609d9\" href=\"https:\/\/www.manaus.am.gov.br\/semasc\/wp-content\/uploads\/sites\/17\/2026\/01\/31.-TERMO-DE-FOMENTO-28-2025-ASSOCIACAO-DE-APOIO-LAR-DE-VITORIAS.pdf\">31. TERMO DE FOMENTO 28-2025 ASSOCIA\u00c7\u00c3O DE APOIO LAR DE VITORIAS<\/a><\/div>\n\n\n\n<div class=\"wp-block-file\"><a id=\"wp-block-file--media-610f1bc3-d5aa-4155-9fd0-39c1ccef98dc\" href=\"https:\/\/www.manaus.am.gov.br\/semasc\/wp-content\/uploads\/sites\/17\/2026\/01\/32.-TERMO-DE-FOMENTO-38-2025-ORGANIZACAO-DA-SOCIEDADE-C-I-V-I-L-CENTRO-DE-SOLIDARIEDADE-SAO-JOSE.pdf\">32. TERMO DE FOMENTO 38-2025 ORGANIZA\u00c7\u00c3O DA SOCIEDADE C I V I L CENTRO DE SOLIDARIEDADE S\u00c3O JOS\u00c9<\/a><\/div>\n\n\n\n<div class=\"wp-block-file\"><a id=\"wp-block-file--media-fec5193f-2f88-4fe0-a40d-0632c1e8f4c4\" href=\"https:\/\/www.manaus.am.gov.br\/semasc\/wp-content\/uploads\/sites\/17\/2026\/01\/33.-TERMO-DE-FOMENTO-37-2025-Associacao-Semeando-Integracao-a-Cidadania-ASIC.pdf\">33. TERMO DE FOMENTO 37-2025 Associa\u00e7\u00e3o Semeando Integra\u00e7\u00e3o a Cidadania-ASIC<\/a><\/div>\n","protected":false},"excerpt":{"rendered":"","protected":false},"author":8,"featured_media":0,"parent":211954,"menu_order":0,"comment_status":"closed","ping_status":"closed","template":"","meta":{"footnotes":""},"acf":[],"yoast_head":"<!-- This site is optimized with the Yoast SEO plugin v23.0 - https:\/\/yoast.com\/wordpress\/plugins\/seo\/ -->\n<title>2025 - SEMASC<\/title>\n<meta name=\"robots\" content=\"noindex, follow\" \/>\n<meta property=\"og:locale\" content=\"pt_BR\" \/>\n<meta property=\"og:type\" content=\"article\" \/>\n<meta property=\"og:title\" content=\"2025 - SEMASC\" \/>\n<meta property=\"og:url\" content=\"https:\/\/www.manaus.am.gov.br\/semasc\/fomentos\/2025-2\/\" \/>\n<meta property=\"og:site_name\" content=\"SEMASC\" \/>\n<meta property=\"article:publisher\" content=\"https:\/\/www.facebook.com\/semascmanaus\" \/>\n<meta property=\"article:modified_time\" content=\"2026-01-06T19:39:14+00:00\" \/>\n<meta property=\"og:image\" content=\"https:\/\/www.manaus.am.gov.br\/semasc\/wp-content\/uploads\/sites\/17\/2024\/07\/thumb-default-2.png\" \/>\n\t<meta property=\"og:image:width\" content=\"966\" \/>\n\t<meta property=\"og:image:height\" content=\"520\" \/>\n\t<meta property=\"og:image:type\" content=\"image\/png\" \/>\n<meta name=\"twitter:card\" content=\"summary_large_image\" \/>\n<meta name=\"twitter:label1\" content=\"Est. reading time\" \/>\n\t<meta name=\"twitter:data1\" content=\"3 minutos\" \/>\n<script type=\"application\/ld+json\" class=\"yoast-schema-graph\">{\"@context\":\"https:\/\/schema.org\",\"@graph\":[{\"@type\":\"WebPage\",\"@id\":\"https:\/\/www.manaus.am.gov.br\/semasc\/fomentos\/2025-2\/\",\"url\":\"https:\/\/www.manaus.am.gov.br\/semasc\/fomentos\/2025-2\/\",\"name\":\"2025 - SEMASC\",\"isPartOf\":{\"@id\":\"https:\/\/www.manaus.am.gov.br\/semasc\/#website\"},\"datePublished\":\"2026-01-06T19:39:13+00:00\",\"dateModified\":\"2026-01-06T19:39:14+00:00\",\"breadcrumb\":{\"@id\":\"https:\/\/www.manaus.am.gov.br\/semasc\/fomentos\/2025-2\/#breadcrumb\"},\"inLanguage\":\"pt-BR\",\"potentialAction\":[{\"@type\":\"ReadAction\",\"target\":[\"https:\/\/www.manaus.am.gov.br\/semasc\/fomentos\/2025-2\/\"]}]},{\"@type\":\"BreadcrumbList\",\"@id\":\"https:\/\/www.manaus.am.gov.br\/semasc\/fomentos\/2025-2\/#breadcrumb\",\"itemListElement\":[{\"@type\":\"ListItem\",\"position\":1,\"name\":\"Home\",\"item\":\"https:\/\/www.manaus.am.gov.br\/semasc\/\"},{\"@type\":\"ListItem\",\"position\":2,\"name\":\"Fomentos\",\"item\":\"https:\/\/www.manaus.am.gov.br\/semasc\/fomentos\/\"},{\"@type\":\"ListItem\",\"position\":3,\"name\":\"2025\"}]},{\"@type\":\"WebSite\",\"@id\":\"https:\/\/www.manaus.am.gov.br\/semasc\/#website\",\"url\":\"https:\/\/www.manaus.am.gov.br\/semasc\/\",\"name\":\"SEMASC\",\"description\":\"Secretaria Municipal da Mulher, Assist\u00eancia Social e Cidadania.\",\"publisher\":{\"@id\":\"https:\/\/www.manaus.am.gov.br\/semasc\/#organization\"},\"alternateName\":\"Secretaria Municipal da Mulher, Assist\u00eancia Social e Cidadania\",\"potentialAction\":[{\"@type\":\"SearchAction\",\"target\":{\"@type\":\"EntryPoint\",\"urlTemplate\":\"https:\/\/www.manaus.am.gov.br\/semasc\/?s={search_term_string}\"},\"query-input\":\"required name=search_term_string\"}],\"inLanguage\":\"pt-BR\"},{\"@type\":\"Organization\",\"@id\":\"https:\/\/www.manaus.am.gov.br\/semasc\/#organization\",\"name\":\"Prefeitura de Manaus\",\"alternateName\":\"Prefeitura Municipal de Manaus\",\"url\":\"https:\/\/www.manaus.am.gov.br\/semasc\/\",\"logo\":{\"@type\":\"ImageObject\",\"inLanguage\":\"pt-BR\",\"@id\":\"https:\/\/www.manaus.am.gov.br\/semasc\/#\/schema\/logo\/image\/\",\"url\":\"https:\/\/www.manaus.am.gov.br\/semasc\/wp-content\/uploads\/sites\/17\/2024\/07\/favicon.png\",\"contentUrl\":\"https:\/\/www.manaus.am.gov.br\/semasc\/wp-content\/uploads\/sites\/17\/2024\/07\/favicon.png\",\"width\":300,\"height\":300,\"caption\":\"Prefeitura de Manaus\"},\"image\":{\"@id\":\"https:\/\/www.manaus.am.gov.br\/semasc\/#\/schema\/logo\/image\/\"},\"sameAs\":[\"https:\/\/www.facebook.com\/semascmanaus\",\"https:\/\/www.instagram.com\/semascmanaus\/\"]}]}<\/script>\n<!-- \/ Yoast SEO plugin. -->","yoast_head_json":{"title":"2025 - SEMASC","robots":{"index":"noindex","follow":"follow"},"og_locale":"pt_BR","og_type":"article","og_title":"2025 - SEMASC","og_url":"https:\/\/www.manaus.am.gov.br\/semasc\/fomentos\/2025-2\/","og_site_name":"SEMASC","article_publisher":"https:\/\/www.facebook.com\/semascmanaus","article_modified_time":"2026-01-06T19:39:14+00:00","og_image":[{"width":966,"height":520,"url":"https:\/\/www.manaus.am.gov.br\/semasc\/wp-content\/uploads\/sites\/17\/2024\/07\/thumb-default-2.png","type":"image\/png"}],"twitter_card":"summary_large_image","twitter_misc":{"Est. reading time":"3 minutos"},"schema":{"@context":"https:\/\/schema.org","@graph":[{"@type":"WebPage","@id":"https:\/\/www.manaus.am.gov.br\/semasc\/fomentos\/2025-2\/","url":"https:\/\/www.manaus.am.gov.br\/semasc\/fomentos\/2025-2\/","name":"2025 - SEMASC","isPartOf":{"@id":"https:\/\/www.manaus.am.gov.br\/semasc\/#website"},"datePublished":"2026-01-06T19:39:13+00:00","dateModified":"2026-01-06T19:39:14+00:00","breadcrumb":{"@id":"https:\/\/www.manaus.am.gov.br\/semasc\/fomentos\/2025-2\/#breadcrumb"},"inLanguage":"pt-BR","potentialAction":[{"@type":"ReadAction","target":["https:\/\/www.manaus.am.gov.br\/semasc\/fomentos\/2025-2\/"]}]},{"@type":"BreadcrumbList","@id":"https:\/\/www.manaus.am.gov.br\/semasc\/fomentos\/2025-2\/#breadcrumb","itemListElement":[{"@type":"ListItem","position":1,"name":"Home","item":"https:\/\/www.manaus.am.gov.br\/semasc\/"},{"@type":"ListItem","position":2,"name":"Fomentos","item":"https:\/\/www.manaus.am.gov.br\/semasc\/fomentos\/"},{"@type":"ListItem","position":3,"name":"2025"}]},{"@type":"WebSite","@id":"https:\/\/www.manaus.am.gov.br\/semasc\/#website","url":"https:\/\/www.manaus.am.gov.br\/semasc\/","name":"SEMASC","description":"Secretaria Municipal da Mulher, Assist\u00eancia Social e Cidadania.","publisher":{"@id":"https:\/\/www.manaus.am.gov.br\/semasc\/#organization"},"alternateName":"Secretaria Municipal da Mulher, Assist\u00eancia Social e Cidadania","potentialAction":[{"@type":"SearchAction","target":{"@type":"EntryPoint","urlTemplate":"https:\/\/www.manaus.am.gov.br\/semasc\/?s={search_term_string}"},"query-input":"required name=search_term_string"}],"inLanguage":"pt-BR"},{"@type":"Organization","@id":"https:\/\/www.manaus.am.gov.br\/semasc\/#organization","name":"Prefeitura de Manaus","alternateName":"Prefeitura Municipal de Manaus","url":"https:\/\/www.manaus.am.gov.br\/semasc\/","logo":{"@type":"ImageObject","inLanguage":"pt-BR","@id":"https:\/\/www.manaus.am.gov.br\/semasc\/#\/schema\/logo\/image\/","url":"https:\/\/www.manaus.am.gov.br\/semasc\/wp-content\/uploads\/sites\/17\/2024\/07\/favicon.png","contentUrl":"https:\/\/www.manaus.am.gov.br\/semasc\/wp-content\/uploads\/sites\/17\/2024\/07\/favicon.png","width":300,"height":300,"caption":"Prefeitura de Manaus"},"image":{"@id":"https:\/\/www.manaus.am.gov.br\/semasc\/#\/schema\/logo\/image\/"},"sameAs":["https:\/\/www.facebook.com\/semascmanaus","https:\/\/www.instagram.com\/semascmanaus\/"]}]}},"_links":{"self":[{"href":"https:\/\/www.manaus.am.gov.br\/semasc\/wp-json\/wp\/v2\/pages\/211955"}],"collection":[{"href":"https:\/\/www.manaus.am.gov.br\/semasc\/wp-json\/wp\/v2\/pages"}],"about":[{"href":"https:\/\/www.manaus.am.gov.br\/semasc\/wp-json\/wp\/v2\/types\/page"}],"author":[{"embeddable":true,"href":"https:\/\/www.manaus.am.gov.br\/semasc\/wp-json\/wp\/v2\/users\/8"}],"replies":[{"embeddable":true,"href":"https:\/\/www.manaus.am.gov.br\/semasc\/wp-json\/wp\/v2\/comments?post=211955"}],"version-history":[{"count":1,"href":"https:\/\/www.manaus.am.gov.br\/semasc\/wp-json\/wp\/v2\/pages\/211955\/revisions"}],"predecessor-version":[{"id":212003,"href":"https:\/\/www.manaus.am.gov.br\/semasc\/wp-json\/wp\/v2\/pages\/211955\/revisions\/212003"}],"up":[{"embeddable":true,"href":"https:\/\/www.manaus.am.gov.br\/semasc\/wp-json\/wp\/v2\/pages\/211954"}],"wp:attachment":[{"href":"https:\/\/www.manaus.am.gov.br\/semasc\/wp-json\/wp\/v2\/media?parent=211955"}],"curies":[{"name":"wp","href":"https:\/\/api.w.org\/{rel}","templated":true}]}}