{"id":208583,"date":"2023-08-02T07:42:59","date_gmt":"2023-08-02T11:42:59","guid":{"rendered":"https:\/\/www.manaus.am.gov.br\/semasc\/?page_id=208583"},"modified":"2023-08-02T09:17:08","modified_gmt":"2023-08-02T13:17:08","slug":"conselho-municipal-de-seguranca-alimentar-e-nutricional-comsean","status":"publish","type":"page","link":"https:\/\/www.manaus.am.gov.br\/semasc\/conselhos-de-direitos\/conselho-municipal-de-seguranca-alimentar-e-nutricional-comsean\/","title":{"rendered":"Conselho Municipal de Seguran\u00e7a Alimentar e Nutricional (COMSEAN)"},"content":{"rendered":"\n<p>A lei n\u00ba 2219, de 4 de maio de 2017, instituiu o Conselho Municipal de Seguran\u00e7a Alimentar e Nutricional (Comsean), com car\u00e1ter consultivo, deliberativo e fiscalizador, constituindo-se em um espa\u00e7o de articula\u00e7\u00e3o entre o munic\u00edpio e as organiza\u00e7\u00f5es sociais nele representadas com a finalidade de promover a alimenta\u00e7\u00e3o saud\u00e1vel e digna \u00e0 popula\u00e7\u00e3o local em situa\u00e7\u00e3o de vulnerabilidade pessoal e social.&nbsp;<\/p>\n\n\n\n<p><strong>Endere\u00e7o:<\/strong> Av. Perimetral, Conjunto Castelo Branco, 22, Parque 10 \u2013 CSU<br><strong>Email:<\/strong><br><strong>Telefone:<\/strong> 3214-5079<\/p>\n","protected":false},"excerpt":{"rendered":"","protected":false},"author":27,"featured_media":0,"parent":208556,"menu_order":0,"comment_status":"closed","ping_status":"closed","template":"templates\/turismo.php","meta":{"footnotes":""},"acf":[],"yoast_head":"<!-- This site is optimized with the Yoast SEO plugin v23.0 - https:\/\/yoast.com\/wordpress\/plugins\/seo\/ -->\n<title>Conselho Municipal de Seguran\u00e7a Alimentar e Nutricional (COMSEAN) - SEMASC<\/title>\n<meta name=\"robots\" content=\"noindex, follow\" \/>\n<meta property=\"og:locale\" content=\"pt_BR\" \/>\n<meta property=\"og:type\" content=\"article\" \/>\n<meta property=\"og:title\" content=\"Conselho Municipal de Seguran\u00e7a Alimentar e Nutricional (COMSEAN) - SEMASC\" \/>\n<meta property=\"og:url\" content=\"https:\/\/www.manaus.am.gov.br\/semasc\/conselhos-de-direitos\/conselho-municipal-de-seguranca-alimentar-e-nutricional-comsean\/\" \/>\n<meta property=\"og:site_name\" content=\"SEMASC\" \/>\n<meta property=\"article:publisher\" content=\"https:\/\/www.facebook.com\/semascmanaus\" \/>\n<meta property=\"article:modified_time\" content=\"2023-08-02T13:17:08+00:00\" \/>\n<meta property=\"og:image\" content=\"https:\/\/www.manaus.am.gov.br\/semasc\/wp-content\/uploads\/sites\/17\/2024\/07\/thumb-default-2.png\" \/>\n\t<meta property=\"og:image:width\" content=\"966\" \/>\n\t<meta property=\"og:image:height\" content=\"520\" \/>\n\t<meta property=\"og:image:type\" content=\"image\/png\" \/>\n<meta name=\"twitter:card\" content=\"summary_large_image\" \/>\n<meta name=\"twitter:label1\" content=\"Est. reading time\" \/>\n\t<meta name=\"twitter:data1\" content=\"1 minuto\" \/>\n<script type=\"application\/ld+json\" class=\"yoast-schema-graph\">{\"@context\":\"https:\/\/schema.org\",\"@graph\":[{\"@type\":\"WebPage\",\"@id\":\"https:\/\/www.manaus.am.gov.br\/semasc\/conselhos-de-direitos\/conselho-municipal-de-seguranca-alimentar-e-nutricional-comsean\/\",\"url\":\"https:\/\/www.manaus.am.gov.br\/semasc\/conselhos-de-direitos\/conselho-municipal-de-seguranca-alimentar-e-nutricional-comsean\/\",\"name\":\"Conselho Municipal de Seguran\u00e7a Alimentar e Nutricional (COMSEAN) - SEMASC\",\"isPartOf\":{\"@id\":\"https:\/\/www.manaus.am.gov.br\/semasc\/#website\"},\"datePublished\":\"2023-08-02T11:42:59+00:00\",\"dateModified\":\"2023-08-02T13:17:08+00:00\",\"breadcrumb\":{\"@id\":\"https:\/\/www.manaus.am.gov.br\/semasc\/conselhos-de-direitos\/conselho-municipal-de-seguranca-alimentar-e-nutricional-comsean\/#breadcrumb\"},\"inLanguage\":\"pt-BR\",\"potentialAction\":[{\"@type\":\"ReadAction\",\"target\":[\"https:\/\/www.manaus.am.gov.br\/semasc\/conselhos-de-direitos\/conselho-municipal-de-seguranca-alimentar-e-nutricional-comsean\/\"]}]},{\"@type\":\"BreadcrumbList\",\"@id\":\"https:\/\/www.manaus.am.gov.br\/semasc\/conselhos-de-direitos\/conselho-municipal-de-seguranca-alimentar-e-nutricional-comsean\/#breadcrumb\",\"itemListElement\":[{\"@type\":\"ListItem\",\"position\":1,\"name\":\"Home\",\"item\":\"https:\/\/www.manaus.am.gov.br\/semasc\/\"},{\"@type\":\"ListItem\",\"position\":2,\"name\":\"Conselhos de Direitos\",\"item\":\"https:\/\/www.manaus.am.gov.br\/semasc\/conselhos-de-direitos\/\"},{\"@type\":\"ListItem\",\"position\":3,\"name\":\"Conselho Municipal de Seguran\u00e7a Alimentar e Nutricional (COMSEAN)\"}]},{\"@type\":\"WebSite\",\"@id\":\"https:\/\/www.manaus.am.gov.br\/semasc\/#website\",\"url\":\"https:\/\/www.manaus.am.gov.br\/semasc\/\",\"name\":\"SEMASC\",\"description\":\"Secretaria Municipal da Mulher, Assist\u00eancia Social e Cidadania.\",\"publisher\":{\"@id\":\"https:\/\/www.manaus.am.gov.br\/semasc\/#organization\"},\"alternateName\":\"Secretaria Municipal da Mulher, Assist\u00eancia Social e Cidadania\",\"potentialAction\":[{\"@type\":\"SearchAction\",\"target\":{\"@type\":\"EntryPoint\",\"urlTemplate\":\"https:\/\/www.manaus.am.gov.br\/semasc\/?s={search_term_string}\"},\"query-input\":\"required name=search_term_string\"}],\"inLanguage\":\"pt-BR\"},{\"@type\":\"Organization\",\"@id\":\"https:\/\/www.manaus.am.gov.br\/semasc\/#organization\",\"name\":\"Prefeitura de Manaus\",\"alternateName\":\"Prefeitura Municipal de Manaus\",\"url\":\"https:\/\/www.manaus.am.gov.br\/semasc\/\",\"logo\":{\"@type\":\"ImageObject\",\"inLanguage\":\"pt-BR\",\"@id\":\"https:\/\/www.manaus.am.gov.br\/semasc\/#\/schema\/logo\/image\/\",\"url\":\"https:\/\/www.manaus.am.gov.br\/semasc\/wp-content\/uploads\/sites\/17\/2024\/07\/favicon.png\",\"contentUrl\":\"https:\/\/www.manaus.am.gov.br\/semasc\/wp-content\/uploads\/sites\/17\/2024\/07\/favicon.png\",\"width\":300,\"height\":300,\"caption\":\"Prefeitura de Manaus\"},\"image\":{\"@id\":\"https:\/\/www.manaus.am.gov.br\/semasc\/#\/schema\/logo\/image\/\"},\"sameAs\":[\"https:\/\/www.facebook.com\/semascmanaus\",\"https:\/\/www.instagram.com\/semascmanaus\/\"]}]}<\/script>\n<!-- \/ Yoast SEO plugin. -->","yoast_head_json":{"title":"Conselho Municipal de Seguran\u00e7a Alimentar e Nutricional (COMSEAN) - SEMASC","robots":{"index":"noindex","follow":"follow"},"og_locale":"pt_BR","og_type":"article","og_title":"Conselho Municipal de Seguran\u00e7a Alimentar e Nutricional (COMSEAN) - SEMASC","og_url":"https:\/\/www.manaus.am.gov.br\/semasc\/conselhos-de-direitos\/conselho-municipal-de-seguranca-alimentar-e-nutricional-comsean\/","og_site_name":"SEMASC","article_publisher":"https:\/\/www.facebook.com\/semascmanaus","article_modified_time":"2023-08-02T13:17:08+00:00","og_image":[{"width":966,"height":520,"url":"https:\/\/www.manaus.am.gov.br\/semasc\/wp-content\/uploads\/sites\/17\/2024\/07\/thumb-default-2.png","type":"image\/png"}],"twitter_card":"summary_large_image","twitter_misc":{"Est. reading time":"1 minuto"},"schema":{"@context":"https:\/\/schema.org","@graph":[{"@type":"WebPage","@id":"https:\/\/www.manaus.am.gov.br\/semasc\/conselhos-de-direitos\/conselho-municipal-de-seguranca-alimentar-e-nutricional-comsean\/","url":"https:\/\/www.manaus.am.gov.br\/semasc\/conselhos-de-direitos\/conselho-municipal-de-seguranca-alimentar-e-nutricional-comsean\/","name":"Conselho Municipal de Seguran\u00e7a Alimentar e Nutricional (COMSEAN) - SEMASC","isPartOf":{"@id":"https:\/\/www.manaus.am.gov.br\/semasc\/#website"},"datePublished":"2023-08-02T11:42:59+00:00","dateModified":"2023-08-02T13:17:08+00:00","breadcrumb":{"@id":"https:\/\/www.manaus.am.gov.br\/semasc\/conselhos-de-direitos\/conselho-municipal-de-seguranca-alimentar-e-nutricional-comsean\/#breadcrumb"},"inLanguage":"pt-BR","potentialAction":[{"@type":"ReadAction","target":["https:\/\/www.manaus.am.gov.br\/semasc\/conselhos-de-direitos\/conselho-municipal-de-seguranca-alimentar-e-nutricional-comsean\/"]}]},{"@type":"BreadcrumbList","@id":"https:\/\/www.manaus.am.gov.br\/semasc\/conselhos-de-direitos\/conselho-municipal-de-seguranca-alimentar-e-nutricional-comsean\/#breadcrumb","itemListElement":[{"@type":"ListItem","position":1,"name":"Home","item":"https:\/\/www.manaus.am.gov.br\/semasc\/"},{"@type":"ListItem","position":2,"name":"Conselhos de Direitos","item":"https:\/\/www.manaus.am.gov.br\/semasc\/conselhos-de-direitos\/"},{"@type":"ListItem","position":3,"name":"Conselho Municipal de Seguran\u00e7a Alimentar e Nutricional (COMSEAN)"}]},{"@type":"WebSite","@id":"https:\/\/www.manaus.am.gov.br\/semasc\/#website","url":"https:\/\/www.manaus.am.gov.br\/semasc\/","name":"SEMASC","description":"Secretaria Municipal da Mulher, Assist\u00eancia Social e Cidadania.","publisher":{"@id":"https:\/\/www.manaus.am.gov.br\/semasc\/#organization"},"alternateName":"Secretaria Municipal da Mulher, Assist\u00eancia Social e Cidadania","potentialAction":[{"@type":"SearchAction","target":{"@type":"EntryPoint","urlTemplate":"https:\/\/www.manaus.am.gov.br\/semasc\/?s={search_term_string}"},"query-input":"required name=search_term_string"}],"inLanguage":"pt-BR"},{"@type":"Organization","@id":"https:\/\/www.manaus.am.gov.br\/semasc\/#organization","name":"Prefeitura de Manaus","alternateName":"Prefeitura Municipal de Manaus","url":"https:\/\/www.manaus.am.gov.br\/semasc\/","logo":{"@type":"ImageObject","inLanguage":"pt-BR","@id":"https:\/\/www.manaus.am.gov.br\/semasc\/#\/schema\/logo\/image\/","url":"https:\/\/www.manaus.am.gov.br\/semasc\/wp-content\/uploads\/sites\/17\/2024\/07\/favicon.png","contentUrl":"https:\/\/www.manaus.am.gov.br\/semasc\/wp-content\/uploads\/sites\/17\/2024\/07\/favicon.png","width":300,"height":300,"caption":"Prefeitura de Manaus"},"image":{"@id":"https:\/\/www.manaus.am.gov.br\/semasc\/#\/schema\/logo\/image\/"},"sameAs":["https:\/\/www.facebook.com\/semascmanaus","https:\/\/www.instagram.com\/semascmanaus\/"]}]}},"_links":{"self":[{"href":"https:\/\/www.manaus.am.gov.br\/semasc\/wp-json\/wp\/v2\/pages\/208583"}],"collection":[{"href":"https:\/\/www.manaus.am.gov.br\/semasc\/wp-json\/wp\/v2\/pages"}],"about":[{"href":"https:\/\/www.manaus.am.gov.br\/semasc\/wp-json\/wp\/v2\/types\/page"}],"author":[{"embeddable":true,"href":"https:\/\/www.manaus.am.gov.br\/semasc\/wp-json\/wp\/v2\/users\/27"}],"replies":[{"embeddable":true,"href":"https:\/\/www.manaus.am.gov.br\/semasc\/wp-json\/wp\/v2\/comments?post=208583"}],"version-history":[{"count":4,"href":"https:\/\/www.manaus.am.gov.br\/semasc\/wp-json\/wp\/v2\/pages\/208583\/revisions"}],"predecessor-version":[{"id":208672,"href":"https:\/\/www.manaus.am.gov.br\/semasc\/wp-json\/wp\/v2\/pages\/208583\/revisions\/208672"}],"up":[{"embeddable":true,"href":"https:\/\/www.manaus.am.gov.br\/semasc\/wp-json\/wp\/v2\/pages\/208556"}],"wp:attachment":[{"href":"https:\/\/www.manaus.am.gov.br\/semasc\/wp-json\/wp\/v2\/media?parent=208583"}],"curies":[{"name":"wp","href":"https:\/\/api.w.org\/{rel}","templated":true}]}}